{"id":4549,"date":"2026-03-13T13:28:29","date_gmt":"2026-03-13T12:28:29","guid":{"rendered":"https:\/\/sunward.eu\/?post_type=product&#038;p=4549"},"modified":"2026-03-13T15:06:30","modified_gmt":"2026-03-13T14:06:30","slug":"swa-22je-p","status":"publish","type":"product","link":"https:\/\/sunward.eu\/it\/product\/swa-22je-p\/","title":{"rendered":"SWA 22JE-P"},"content":{"rendered":"<div class=\"wpb-content-wrapper\"><p>[vc_row][vc_column][vc_tta_accordion style=&#8221;flat&#8221; c_icon=&#8221;chevron&#8221; c_position=&#8221;right&#8221; active_section=&#8221;1&#8243; no_fill=&#8221;true&#8221; el_class=&#8221;custom-accordion&#8221;][vc_tta_section title=&#8221;SPECIFICHE&#8221; tab_id=&#8221;1623355628079-f58b5c44-7c4b&#8221;][vc_custom_heading text=&#8221;SUNWARD SWA 22JE-P&#8221; font_container=&#8221;tag:h3|text_align:left&#8221; use_theme_fonts=&#8221;yes&#8221; css=&#8221;&#8221;][vc_column_text css=&#8221;&#8221;]<\/p>\n<p data-start=\"0\" data-end=\"191\">La <strong data-start=\"3\" data-end=\"17\">SWA 22JE-P<\/strong> \u00e8 la piattaforma a braccio articolato elettrica di <strong data-start=\"69\" data-end=\"80\">Sunward<\/strong>, progettata per offrire prestazioni efficienti, sicurezza e rispetto per l\u2019ambiente durante i lavori in quota.<\/p>\n<p data-start=\"193\" data-end=\"572\">Con un\u2019<strong data-start=\"200\" data-end=\"233\">altezza di lavoro di 22 metri<\/strong> e un\u2019<strong data-start=\"239\" data-end=\"292\">impressionante portata orizzontale di 12,28 metri<\/strong>, la macchina garantisce un\u2019eccellente portata e grande flessibilit\u00e0 per un\u2019ampia gamma di applicazioni in altezza. Grazie alle <strong data-start=\"420\" data-end=\"472\">dimensioni compatte e alla manovrabilit\u00e0 precisa<\/strong>, \u00e8 ideale per operare in ambienti ristretti come magazzini, impianti industriali e cantieri urbani.<\/p>\n<p data-start=\"574\" data-end=\"809\">Alimentata da <strong data-start=\"588\" data-end=\"626\">batterie al litio ad alta capacit\u00e0<\/strong> e progettata per un funzionamento <strong data-start=\"661\" data-end=\"681\">a zero emissioni<\/strong>, la SWA 22JE-P consente un utilizzo silenzioso ed efficiente anche in ambienti sensibili come l\u2019industria alimentare o chimica.<\/p>\n<p data-start=\"811\" data-end=\"864\" data-is-last-node=\"\" data-is-only-node=\"\"><strong data-start=\"811\" data-end=\"864\" data-is-last-node=\"\">Scopri tutti i vantaggi della Sunward SWA 22JE-P.<\/strong><\/p>\n<p>[\/vc_column_text][vc_row_inner][vc_column_inner width=&#8221;1\/2&#8243;][vc_toggle title=&#8221;SPECIFICHE DI SBRACCIO&#8221; css=&#8221;&#8221;]<\/p>\n<table width=\"655\">\n<tbody>\n<tr>\n<td width=\"417\">Altezza max della piattaforma<\/td>\n<td width=\"238\">20 m<\/td>\n<\/tr>\n<tr>\n<td width=\"417\">Altezza max di lavoro<\/td>\n<td>22 m<\/td>\n<\/tr>\n<tr>\n<td width=\"417\">Sbraccio orizzontale massimo<\/td>\n<td>11.68 m<\/td>\n<\/tr>\n<tr>\n<td width=\"417\">Altezza massima dello sbraccio orizzontale<\/td>\n<td>8.95 m<\/td>\n<\/tr>\n<\/tbody>\n<\/table>\n<p>[\/vc_toggle][vc_toggle title=&#8221;DIMENSIONI&#8221; css=&#8221;&#8221;]<\/p>\n<table width=\"655\">\n<tbody>\n<tr>\n<td width=\"417\">Lunghezza &#8211; retratto<\/td>\n<td width=\"238\">9.07 m<\/td>\n<\/tr>\n<tr>\n<td>Altezza &#8211; retratto<\/td>\n<td>2.36 m<\/td>\n<\/tr>\n<tr>\n<td>Larghezza complessiva<\/td>\n<td>2.46 m<\/td>\n<\/tr>\n<tr>\n<td>Altezza da terra &#8211; intermedia<\/td>\n<td>0.37 m<\/td>\n<\/tr>\n<tr>\n<td>Lunghezza della piattaforma di lavoro<\/td>\n<td>2.44 x 0.91 m<\/td>\n<\/tr>\n<\/tbody>\n<\/table>\n<p>[\/vc_toggle][vc_toggle title=&#8221;PRESTAZIONI&#8221; css=&#8221;&#8221;]<\/p>\n<table width=\"655\">\n<tbody>\n<tr>\n<td width=\"417\">Rotazione della piattaforma<\/td>\n<td width=\"238\">180\u00b0<\/td>\n<\/tr>\n<tr>\n<td>Velocit\u00e0 di marcia (retratto)<\/td>\n<td>4.8 km\/h<\/td>\n<\/tr>\n<tr>\n<td>Velocit\u00e0 di marcia (estesa)<\/td>\n<td>0.8 km\/h<\/td>\n<\/tr>\n<tr>\n<td>Raggio di sterzata (interno\/esterno)<\/td>\n<td>2.45 m \/ 5.57 m<\/td>\n<\/tr>\n<tr>\n<td>Capacit\u00e0 di carico &#8211; quattro ruote motrici &#8211; retratto<\/td>\n<td>45%<\/td>\n<\/tr>\n<tr>\n<td>Angolo di lavoro massimo consentito<\/td>\n<td>3\/5\u00b0<\/td>\n<\/tr>\n<\/tbody>\n<\/table>\n<p>[\/vc_toggle][\/vc_column_inner][vc_column_inner width=&#8221;1\/2&#8243;][\/vc_column_inner][\/vc_row_inner][\/vc_tta_section][vc_tta_section title=&#8221;CARATTERISTICHE E VANTAGGI&#8221; tab_id=&#8221;1623355710952-d36b50a3-81ed&#8221;][vc_row_inner][vc_column_inner width=&#8221;1\/4&#8243;][vc_single_image image=&#8221;1070&#8243; img_size=&#8221;medium&#8221;][\/vc_column_inner][vc_column_inner width=&#8221;3\/4&#8243;][vc_custom_heading text=&#8221;MADE FOR EUROPE&#8221; font_container=&#8221;tag:h3|text_align:left&#8221; use_theme_fonts=&#8221;yes&#8221;][vc_column_text css=&#8221;&#8221;]Oltre alla certificazione UE, il Sunward SWA 22JE-P, come tutte le macchine Sunward presenti sul mercato europeo, \u00e8 progettato per soddisfare le esigenze dei clienti europei.[\/vc_column_text][\/vc_column_inner][\/vc_row_inner][vc_row_inner][vc_column_inner width=&#8221;1\/4&#8243;][vc_single_image image=&#8221;1205&#8243; img_size=&#8221;medium&#8221;][\/vc_column_inner][vc_column_inner width=&#8221;3\/4&#8243;][vc_custom_heading text=&#8221;LA SICUREZZA INNANZITUTTO&#8221; font_container=&#8221;tag:h3|text_align:left&#8221; use_theme_fonts=&#8221;yes&#8221;][vc_column_text css=&#8221;&#8221;]<\/p>\n<p data-start=\"0\" data-end=\"144\">La <strong data-start=\"3\" data-end=\"16\">sicurezza<\/strong> e la <strong data-start=\"22\" data-end=\"48\">fiducia dell\u2019operatore<\/strong> sono integrate in ogni dettaglio della <strong data-start=\"88\" data-end=\"102\">SWA 22JE-P<\/strong>. Le principali caratteristiche includono:<\/p>\n<ul>\n<li data-start=\"146\" data-end=\"258\"><strong data-start=\"146\" data-end=\"169\">Load Sensing System<\/strong> e <strong data-start=\"172\" data-end=\"191\">Dual Load Chart<\/strong> per garantire un funzionamento sicuro ed evitare il sovraccarico<\/li>\n<li data-start=\"260\" data-end=\"389\"><strong data-start=\"260\" data-end=\"286\">Tilt Protection System<\/strong> ed <strong data-start=\"290\" data-end=\"318\">Emergency Descent System<\/strong> per prestazioni affidabili anche in condizioni operative impegnative<\/li>\n<li data-start=\"391\" data-end=\"500\"><strong data-start=\"391\" data-end=\"435\">Rotazione continua della torretta a 360\u00b0<\/strong> per un posizionamento fluido e un accesso controllato in quota<\/li>\n<li data-start=\"502\" data-end=\"647\"><strong data-start=\"502\" data-end=\"580\">Lampeggiante, allarme di movimento, clacson e sistema diagnostico di bordo<\/strong>, che forniscono informazioni chiare in tempo reale all\u2019operatore<\/li>\n<li data-start=\"649\" data-end=\"800\"><strong data-start=\"649\" data-end=\"741\">Sistema di livellamento idraulico automatico, asse oscillante e trazione integrale (4WD)<\/strong> per mantenere stabilit\u00e0 e trazione su terreni irregolari<\/li>\n<li data-start=\"802\" data-end=\"921\"><strong data-start=\"802\" data-end=\"837\">Dispositivo anti-schiacciamento<\/strong> per una protezione aggiuntiva dell\u2019operatore durante il lavoro in spazi confinati<\/li>\n<\/ul>\n<p data-start=\"923\" data-end=\"1092\" data-is-last-node=\"\" data-is-only-node=\"\">Gli operatori possono lavorare con fiducia, sapendo che la piattaforma \u00e8 progettata per soddisfare elevati requisiti di <strong data-start=\"1043\" data-end=\"1070\">sicurezza e prestazioni<\/strong> nei moderni cantieri.<\/p>\n<p>[\/vc_column_text][\/vc_column_inner][\/vc_row_inner][vc_row_inner][vc_column_inner width=&#8221;1\/4&#8243;][vc_single_image image=&#8221;1071&#8243; img_size=&#8221;medium&#8221;][\/vc_column_inner][vc_column_inner width=&#8221;3\/4&#8243;][vc_custom_heading text=&#8221;MIGLIOR RAPPORTO QUALIT\u00c0\/PREZZO&#8221; font_container=&#8221;tag:h3|text_align:left&#8221; use_theme_fonts=&#8221;yes&#8221;][vc_column_text css=&#8221;&#8221;]Sunward \u00e8 il vostro investimento pi\u00f9 intelligente in termini di affidabilit\u00e0, prestazioni e ROI elevato. Infatti, il design esperto della SWA 22JE-P include una selezione accurata di componenti che semplificano il funzionamento e la manutenzione. Le nostre scelte di progettazione danno vita a una macchina che offre numerose caratteristiche standard, componenti chiave di marca premium e funzionalit\u00e0 al giusto prezzo.<\/p>\n<p>Inoltre, anche i ricambi originali Sunward sono economici e tutto questo ottimo rapporto qualit\u00e0-prezzo \u00e8 coronato da una garanzia fino a 2 anni, standard per tutte le piattaforme aeree Sunward.[\/vc_column_text][\/vc_column_inner][\/vc_row_inner][\/vc_tta_section][vc_tta_section title=&#8221;VIDEO&#8221; tab_id=&#8221;1623857706491-8aa3a03f-cca1&#8243;][vc_video link=&#8221;https:\/\/youtu.be\/uHnQiXTpL68&#8243; css=&#8221;&#8221;][\/vc_tta_section][vc_tta_section title=&#8221;BROCHURE&#8221; tab_id=&#8221;1623857795794-8fd5289e-c5a3&#8243;][vc_row_inner content_placement=&#8221;middle&#8221;][vc_column_inner width=&#8221;1\/4&#8243;][vc_single_image image=&#8221;4553&#8243; img_size=&#8221;large&#8221; css=&#8221;&#8221;][\/vc_column_inner][vc_column_inner width=&#8221;3\/4&#8243;][vc_custom_heading text=&#8221;Product brochure&#8221; font_container=&#8221;tag:h3|text_align:left&#8221; use_theme_fonts=&#8221;yes&#8221;][vc_btn title=&#8221;DOWNLOAD&#8221; color=&#8221;orange&#8221; size=&#8221;lg&#8221; css=&#8221;&#8221; link=&#8221;url:https%3A%2F%2Fsunward.eu%2Fwp-content%2Fuploads%2F2026%2F03%2FSUNWARD_SWA-22JE-P-10.2025_FINAL_HR_IT.pdf|title:Sunward%20SWA%2022JE-P%20Specifications|target:_blank&#8221;][\/vc_column_inner][\/vc_row_inner][\/vc_tta_section][\/vc_tta_accordion][\/vc_column][\/vc_row]<\/p>\n<\/div>","protected":false},"excerpt":{"rendered":"<article class=\"text-token-text-primary w-full focus:outline-none [--shadow-height:45px] has-data-writing-block:pointer-events-none has-data-writing-block:-mt-(--shadow-height) has-data-writing-block:pt-(--shadow-height) [&amp;:has([data-writing-block])&gt;*]:pointer-events-auto scroll-mt-(--header-height)\" dir=\"auto\" tabindex=\"-1\" data-turn-id=\"0f9a8f86-87ed-45ce-ac1f-7e9231148307\" data-testid=\"conversation-turn-25\" data-scroll-anchor=\"false\" data-turn=\"user\"><\/article>\n<article class=\"text-token-text-primary w-full focus:outline-none [--shadow-height:45px] has-data-writing-block:pointer-events-none has-data-writing-block:-mt-(--shadow-height) has-data-writing-block:pt-(--shadow-height) [&amp;:has([data-writing-block])&gt;*]:pointer-events-auto scroll-mt-[calc(var(--header-height)+min(200px,max(70px,20svh)))]\" dir=\"auto\" tabindex=\"-1\" data-turn-id=\"request-WEB:cfcff9b5-4cfe-46a5-80c2-89378f51e38f-12\" data-testid=\"conversation-turn-26\" data-scroll-anchor=\"true\" data-turn=\"assistant\">\n<div class=\"text-base my-auto mx-auto pb-10 [--thread-content-margin:var(--thread-content-margin-xs,calc(var(--spacing)*4))] @w-sm\/main:[--thread-content-margin:var(--thread-content-margin-sm,calc(var(--spacing)*6))] @w-lg\/main:[--thread-content-margin:var(--thread-content-margin-lg,calc(var(--spacing)*16))] px-(--thread-content-margin)\">\n<div class=\"[--thread-content-max-width:40rem] @w-lg\/main:[--thread-content-max-width:48rem] mx-auto max-w-(--thread-content-max-width) flex-1 group\/turn-messages focus-visible:outline-hidden relative flex w-full min-w-0 flex-col agent-turn\" tabindex=\"-1\">\n<div class=\"flex max-w-full flex-col gap-4 grow\">\n<div class=\"min-h-8 text-message relative flex w-full flex-col items-end gap-2 text-start break-words whitespace-normal [.text-message+&amp;]:mt-1\" dir=\"auto\" data-message-author-role=\"assistant\" data-message-id=\"c385a8d8-f756-4f90-9d18-72472cd741bd\" data-message-model-slug=\"gpt-5-3\">\n<div class=\"flex w-full flex-col gap-1 empty:hidden\">\n<div class=\"markdown prose dark:prose-invert w-full wrap-break-word dark markdown-new-styling\">\n<p data-start=\"0\" data-end=\"191\">La <strong data-start=\"3\" data-end=\"17\">SWA 22JE-P<\/strong> \u00e8 la piattaforma a braccio articolato elettrica avanzata di <strong data-start=\"78\" data-end=\"89\">Sunward<\/strong>, progettata per offrire <strong data-start=\"114\" data-end=\"164\">prestazioni elevate, sicurezza e sostenibilit\u00e0<\/strong> durante i lavori in quota.<\/p>\n<p data-start=\"193\" data-end=\"556\" data-is-last-node=\"\" data-is-only-node=\"\">Grazie al suo <strong data-start=\"207\" data-end=\"256\">ampio sbraccio e all\u2019eccellente manovrabilit\u00e0<\/strong>, \u00e8 ideale per cantieri urbani, lavori di manutenzione e applicazioni industriali. Dotata di <strong data-start=\"349\" data-end=\"386\">sistemi di sicurezza intelligenti<\/strong> e alimentata da <strong data-start=\"403\" data-end=\"462\">batterie al litio per un funzionamento a zero emissioni<\/strong>, rappresenta una soluzione <strong data-start=\"490\" data-end=\"517\">affidabile ed ecologica<\/strong> per i lavori in quota pi\u00f9 impegnativi.<\/p>\n<\/div>\n<\/div>\n<\/div>\n<\/div>\n<\/div>\n<\/div>\n<\/article>\n<p> [&#8230;]<\/p>\n<p><a class=\"btn btn-secondary understrap-read-more-link\" href=\"https:\/\/sunward.eu\/it\/product\/swa-22je-p\/\">Leggi tutto&#8230;<\/a><\/p>\n","protected":false},"featured_media":4550,"comment_status":"closed","ping_status":"closed","template":"","meta":{"_acf_changed":false,"inline_featured_image":false},"product_cat":[126],"product_tag":[],"class_list":{"0":"post-4549","1":"product","2":"type-product","3":"status-publish","4":"has-post-thumbnail","6":"product_cat-articulated-boom-lift","7":"pa_emission-rating-eu-stage-5","8":"pa_max-digging-depth-6-750-mm","9":"pa_max-working-height-22-m","10":"pa_operating-weight-7-750-kg","11":"pa_power-output-129-kw","12":"pa_width-2800-mm","14":"first","15":"instock","16":"shipping-taxable","17":"product-type-simple"},"translation":{"provider":"WPGlobus","version":"2.12.2","language":"it","enabled_languages":["en","de","fr","it"],"languages":{"en":{"title":true,"content":true,"excerpt":true},"de":{"title":true,"content":true,"excerpt":true},"fr":{"title":true,"content":true,"excerpt":true},"it":{"title":true,"content":true,"excerpt":true}}},"acf":[],"yoast_head":"<!-- This site is optimized with the Yoast SEO plugin v22.6 - https:\/\/yoast.com\/wordpress\/plugins\/seo\/ -->\n<title>SWA 22JE-P - Sunward Europe (Official Website for EU &amp; UK)<\/title>\n<meta name=\"robots\" content=\"index, follow, max-snippet:-1, max-image-preview:large, max-video-preview:-1\" \/>\n<link rel=\"canonical\" href=\"https:\/\/sunward.eu\/product\/swa-22je-p\/\" \/>\n<meta property=\"og:locale\" content=\"it_IT\" \/>\n<meta property=\"og:type\" content=\"article\" \/>\n<meta property=\"og:title\" content=\"SWA 22JE-P - Sunward Europe (Official Website for EU &amp; UK)\" \/>\n<meta property=\"og:url\" content=\"https:\/\/sunward.eu\/product\/swa-22je-p\/\" \/>\n<meta property=\"og:site_name\" content=\"Sunward Europe (Official Website for EU &amp; UK)\" \/>\n<meta property=\"article:modified_time\" content=\"2026-03-13T14:06:30+00:00\" \/>\n<meta property=\"og:image\" content=\"https:\/\/sunward.eu\/wp-content\/uploads\/2026\/03\/SWA-22JE-P-cut.png\" \/>\n\t<meta property=\"og:image:width\" content=\"1000\" \/>\n\t<meta property=\"og:image:height\" content=\"1000\" \/>\n\t<meta property=\"og:image:type\" content=\"image\/png\" \/>\n<meta name=\"twitter:card\" content=\"summary_large_image\" \/>\n<meta name=\"twitter:label1\" content=\"Est. reading time\" \/>\n\t<meta name=\"twitter:data1\" content=\"3 minutes\" \/>\n<script type=\"application\/ld+json\" class=\"yoast-schema-graph\">{\"@context\":\"https:\/\/schema.org\",\"@graph\":[{\"@type\":\"WebPage\",\"@id\":\"https:\/\/sunward.eu\/product\/swa-22je-p\/\",\"url\":\"https:\/\/sunward.eu\/product\/swa-22je-p\/\",\"name\":\"SWA 22JE-P - Sunward Europe (Official Website for EU &amp; UK)\",\"isPartOf\":{\"@id\":\"https:\/\/sunward.eu\/#website\"},\"primaryImageOfPage\":{\"@id\":\"https:\/\/sunward.eu\/product\/swa-22je-p\/#primaryimage\"},\"image\":{\"@id\":\"https:\/\/sunward.eu\/product\/swa-22je-p\/#primaryimage\"},\"thumbnailUrl\":\"https:\/\/sunward.eu\/wp-content\/uploads\/2026\/03\/SWA-22JE-P-cut.png\",\"datePublished\":\"2026-03-13T12:28:29+00:00\",\"dateModified\":\"2026-03-13T14:06:30+00:00\",\"breadcrumb\":{\"@id\":\"https:\/\/sunward.eu\/product\/swa-22je-p\/#breadcrumb\"},\"inLanguage\":\"it-IT\",\"potentialAction\":[{\"@type\":\"ReadAction\",\"target\":[\"https:\/\/sunward.eu\/product\/swa-22je-p\/\"]}]},{\"@type\":\"ImageObject\",\"inLanguage\":\"it-IT\",\"@id\":\"https:\/\/sunward.eu\/product\/swa-22je-p\/#primaryimage\",\"url\":\"https:\/\/sunward.eu\/wp-content\/uploads\/2026\/03\/SWA-22JE-P-cut.png\",\"contentUrl\":\"https:\/\/sunward.eu\/wp-content\/uploads\/2026\/03\/SWA-22JE-P-cut.png\",\"width\":1000,\"height\":1000},{\"@type\":\"BreadcrumbList\",\"@id\":\"https:\/\/sunward.eu\/product\/swa-22je-p\/#breadcrumb\",\"itemListElement\":[{\"@type\":\"ListItem\",\"position\":1,\"name\":\"Home\",\"item\":\"https:\/\/sunward.eu\/\"},{\"@type\":\"ListItem\",\"position\":2,\"name\":\"Products\",\"item\":\"https:\/\/sunward.eu\/shop\/\"},{\"@type\":\"ListItem\",\"position\":3,\"name\":\"{:en}Articulated Boom Lifts{:}{:de}Gelenkarbeitsbuehnen{:}{:fr}Nacelles articul\u00e9es{:}{:it}Piattaforme aeree articolate{:}\",\"item\":\"https:\/\/sunward.eu\/product-category\/articulated-boom-lift\/\"},{\"@type\":\"ListItem\",\"position\":4,\"name\":\"SWA 22JE-P\"}]},{\"@type\":\"WebSite\",\"@id\":\"https:\/\/sunward.eu\/#website\",\"url\":\"https:\/\/sunward.eu\/\",\"name\":\"Sunward Europe (Official Website for EU &amp; UK)\",\"description\":\"The smart choice\",\"publisher\":{\"@id\":\"https:\/\/sunward.eu\/#organization\"},\"potentialAction\":[{\"@type\":\"SearchAction\",\"target\":{\"@type\":\"EntryPoint\",\"urlTemplate\":\"https:\/\/sunward.eu\/?s={search_term_string}\"},\"query-input\":\"required name=search_term_string\"}],\"inLanguage\":\"it-IT\"},{\"@type\":\"Organization\",\"@id\":\"https:\/\/sunward.eu\/#organization\",\"name\":\"Sunward Europe (Official Website for EU &amp; UK)\",\"url\":\"https:\/\/sunward.eu\/\",\"logo\":{\"@type\":\"ImageObject\",\"inLanguage\":\"it-IT\",\"@id\":\"https:\/\/sunward.eu\/#\/schema\/logo\/image\/\",\"url\":\"https:\/\/sunward.eu\/wp-content\/uploads\/2022\/01\/Website_Sunward_logo_top_180x63px.png\",\"contentUrl\":\"https:\/\/sunward.eu\/wp-content\/uploads\/2022\/01\/Website_Sunward_logo_top_180x63px.png\",\"width\":180,\"height\":63,\"caption\":\"Sunward Europe (Official Website for EU &amp; UK)\"},\"image\":{\"@id\":\"https:\/\/sunward.eu\/#\/schema\/logo\/image\/\"}}]}<\/script>\n<!-- \/ Yoast SEO plugin. -->","yoast_head_json":{"title":"SWA 22JE-P - Sunward Europe (Official Website for EU &amp; UK)","robots":{"index":"index","follow":"follow","max-snippet":"max-snippet:-1","max-image-preview":"max-image-preview:large","max-video-preview":"max-video-preview:-1"},"canonical":"https:\/\/sunward.eu\/product\/swa-22je-p\/","og_locale":"it_IT","og_type":"article","og_title":"SWA 22JE-P - Sunward Europe (Official Website for EU &amp; UK)","og_url":"https:\/\/sunward.eu\/product\/swa-22je-p\/","og_site_name":"Sunward Europe (Official Website for EU &amp; UK)","article_modified_time":"2026-03-13T14:06:30+00:00","og_image":[{"width":1000,"height":1000,"url":"https:\/\/sunward.eu\/wp-content\/uploads\/2026\/03\/SWA-22JE-P-cut.png","type":"image\/png"}],"twitter_card":"summary_large_image","twitter_misc":{"Est. reading time":"3 minutes"},"schema":{"@context":"https:\/\/schema.org","@graph":[{"@type":"WebPage","@id":"https:\/\/sunward.eu\/product\/swa-22je-p\/","url":"https:\/\/sunward.eu\/product\/swa-22je-p\/","name":"SWA 22JE-P - Sunward Europe (Official Website for EU &amp; UK)","isPartOf":{"@id":"https:\/\/sunward.eu\/#website"},"primaryImageOfPage":{"@id":"https:\/\/sunward.eu\/product\/swa-22je-p\/#primaryimage"},"image":{"@id":"https:\/\/sunward.eu\/product\/swa-22je-p\/#primaryimage"},"thumbnailUrl":"https:\/\/sunward.eu\/wp-content\/uploads\/2026\/03\/SWA-22JE-P-cut.png","datePublished":"2026-03-13T12:28:29+00:00","dateModified":"2026-03-13T14:06:30+00:00","breadcrumb":{"@id":"https:\/\/sunward.eu\/product\/swa-22je-p\/#breadcrumb"},"inLanguage":"it-IT","potentialAction":[{"@type":"ReadAction","target":["https:\/\/sunward.eu\/product\/swa-22je-p\/"]}]},{"@type":"ImageObject","inLanguage":"it-IT","@id":"https:\/\/sunward.eu\/product\/swa-22je-p\/#primaryimage","url":"https:\/\/sunward.eu\/wp-content\/uploads\/2026\/03\/SWA-22JE-P-cut.png","contentUrl":"https:\/\/sunward.eu\/wp-content\/uploads\/2026\/03\/SWA-22JE-P-cut.png","width":1000,"height":1000},{"@type":"BreadcrumbList","@id":"https:\/\/sunward.eu\/product\/swa-22je-p\/#breadcrumb","itemListElement":[{"@type":"ListItem","position":1,"name":"Home","item":"https:\/\/sunward.eu\/"},{"@type":"ListItem","position":2,"name":"Products","item":"https:\/\/sunward.eu\/shop\/"},{"@type":"ListItem","position":3,"name":"{:en}Articulated Boom Lifts{:}{:de}Gelenkarbeitsbuehnen{:}{:fr}Nacelles articul\u00e9es{:}{:it}Piattaforme aeree articolate{:}","item":"https:\/\/sunward.eu\/product-category\/articulated-boom-lift\/"},{"@type":"ListItem","position":4,"name":"SWA 22JE-P"}]},{"@type":"WebSite","@id":"https:\/\/sunward.eu\/#website","url":"https:\/\/sunward.eu\/","name":"Sunward Europe (Official Website for EU &amp; UK)","description":"The smart choice","publisher":{"@id":"https:\/\/sunward.eu\/#organization"},"potentialAction":[{"@type":"SearchAction","target":{"@type":"EntryPoint","urlTemplate":"https:\/\/sunward.eu\/?s={search_term_string}"},"query-input":"required name=search_term_string"}],"inLanguage":"it-IT"},{"@type":"Organization","@id":"https:\/\/sunward.eu\/#organization","name":"Sunward Europe (Official Website for EU &amp; UK)","url":"https:\/\/sunward.eu\/","logo":{"@type":"ImageObject","inLanguage":"it-IT","@id":"https:\/\/sunward.eu\/#\/schema\/logo\/image\/","url":"https:\/\/sunward.eu\/wp-content\/uploads\/2022\/01\/Website_Sunward_logo_top_180x63px.png","contentUrl":"https:\/\/sunward.eu\/wp-content\/uploads\/2022\/01\/Website_Sunward_logo_top_180x63px.png","width":180,"height":63,"caption":"Sunward Europe (Official Website for EU &amp; UK)"},"image":{"@id":"https:\/\/sunward.eu\/#\/schema\/logo\/image\/"}}]}},"_links":{"self":[{"href":"https:\/\/sunward.eu\/it\/wp-json\/wp\/v2\/product\/4549","targetHints":{"allow":["GET"]}}],"collection":[{"href":"https:\/\/sunward.eu\/it\/wp-json\/wp\/v2\/product"}],"about":[{"href":"https:\/\/sunward.eu\/it\/wp-json\/wp\/v2\/types\/product"}],"replies":[{"embeddable":true,"href":"https:\/\/sunward.eu\/it\/wp-json\/wp\/v2\/comments?post=4549"}],"wp:featuredmedia":[{"embeddable":true,"href":"https:\/\/sunward.eu\/it\/wp-json\/wp\/v2\/media\/4550"}],"wp:attachment":[{"href":"https:\/\/sunward.eu\/it\/wp-json\/wp\/v2\/media?parent=4549"}],"wp:term":[{"taxonomy":"product_cat","embeddable":true,"href":"https:\/\/sunward.eu\/it\/wp-json\/wp\/v2\/product_cat?post=4549"},{"taxonomy":"product_tag","embeddable":true,"href":"https:\/\/sunward.eu\/it\/wp-json\/wp\/v2\/product_tag?post=4549"}],"curies":[{"name":"wp","href":"https:\/\/api.w.org\/{rel}","templated":true}]}}