{"id":4361,"date":"2025-09-10T15:47:06","date_gmt":"2025-09-10T13:47:06","guid":{"rendered":"https:\/\/sunward.eu\/?post_type=product&#038;p=4361"},"modified":"2025-09-11T17:09:32","modified_gmt":"2025-09-11T15:09:32","slug":"swe-155uf","status":"publish","type":"product","link":"https:\/\/sunward.eu\/it\/product\/swe-155uf\/","title":{"rendered":"SWE 155UF"},"content":{"rendered":"<div class=\"wpb-content-wrapper\"><p>[vc_row][vc_column][vc_tta_accordion style=&#8221;flat&#8221; c_icon=&#8221;chevron&#8221; c_position=&#8221;right&#8221; active_section=&#8221;1&#8243; no_fill=&#8221;true&#8221; el_class=&#8221;custom-accordion&#8221;][vc_tta_section title=&#8221;SPECIFICHE&#8221; tab_id=&#8221;1623355628079-f58b5c44-7c4b&#8221;][vc_custom_heading text=&#8221;SUNWARD SWE 155UF&#8221; font_container=&#8221;tag:h3|text_align:left&#8221; use_theme_fonts=&#8221;yes&#8221; css=&#8221;&#8221;][vc_column_text css=&#8221;&#8221;]Cerchi un escavatore potente e affidabile che unisca efficienza e versatilit\u00e0? L&#8217;escavatore medio Sunward SWE 155UF offre grande potenza, elevata affidabilit\u00e0, bassa rumorosit\u00e0 e prestazioni a risparmio energetico, rendendolo il partner perfetto per i lavori pi\u00f9 impegnativi.<\/p>\n<p>Il meccanismo di sollevamento ad arco sviluppato in modo indipendente dello SWE 155UF offre una struttura semplice con una forte capacit\u00e0 di carico e un&#8217;affidabilit\u00e0 eccezionale. In combinazione con la modalit\u00e0 di funzionamento pilota ISO, garantisce un controllo fluido e flessibile e eccellenti prestazioni di avanzamento graduale per un funzionamento preciso.<\/p>\n<p>Questo escavatore \u00e8 progettato per adattarsi alle vostre esigenze. Grazie al suo dispositivo di cambio rapido universale internazionale, \u00e8 possibile passare senza sforzo da accessori come pulizia, fresatura o spazzaneve. Le funzioni standard di galleggiamento della benna e livellamento automatico migliorano ulteriormente la produttivit\u00e0 e l&#8217;efficienza in qualsiasi cantiere.<\/p>\n<p>La manutenzione \u00e8 altrettanto comoda, con uno spazio di manutenzione a tutto tondo che offre un facile accesso ai componenti chiave per una rapida manutenzione.<\/p>\n<p>Nella tradizione Sunward di offrire sempre il miglior rapporto qualit\u00e0-prezzo, l&#8217;SWE 155UF non fa eccezione. Combina prestazioni, versatilit\u00e0 e convenienza, il tutto al giusto prezzo, con fino a 5 anni di garanzia inclusi di serie.<\/p>\n<p>Scoprite tutti gli altri vantaggi del Sunward SWE 155UF.[\/vc_column_text][vc_row_inner][vc_column_inner width=&#8221;1\/2&#8243;][vc_toggle title=&#8221;DIMENSIONI&#8221; css=&#8221;&#8221;]<\/p>\n<table width=\"1271\">\n<tbody>\n<tr>\n<td width=\"573\">Peso operativo<\/td>\n<td width=\"698\">16 500 kg<\/td>\n<\/tr>\n<tr>\n<td width=\"573\">Capacit\u00e0 benna standard<\/td>\n<td>0.61 m\u00b3<\/td>\n<\/tr>\n<tr>\n<td width=\"573\">Lunghezza di trasporto<\/td>\n<td>7 910 mm<\/td>\n<\/tr>\n<tr>\n<td width=\"573\">Larghezza di trasporto<\/td>\n<td>2 600 mm<\/td>\n<\/tr>\n<tr>\n<td width=\"573\">Altezza alla cabina<\/td>\n<td>2 945 mm<\/td>\n<\/tr>\n<\/tbody>\n<\/table>\n<p>[\/vc_toggle][vc_toggle title=&#8221;MOTORE&#8221; css=&#8221;&#8221;]<\/p>\n<table width=\"1271\">\n<tbody>\n<tr>\n<td width=\"573\">Modello<\/td>\n<td width=\"698\">Cummins QSF3 8<\/td>\n<\/tr>\n<tr>\n<td>Classe emissioni<\/td>\n<td>UE Stage V<\/td>\n<\/tr>\n<tr>\n<td>Cilindrata<\/td>\n<td>3.8 L<\/td>\n<\/tr>\n<tr>\n<td>Potenza nominale di uscita<\/td>\n<td>90 kW<\/td>\n<\/tr>\n<\/tbody>\n<\/table>\n<p>[\/vc_toggle][vc_toggle title=&#8221;IMPIANTO IDRAULICO&#8221; css=&#8221;&#8221;]<\/p>\n<table width=\"1271\">\n<tbody>\n<tr>\n<td width=\"573\">Tipo<\/td>\n<td width=\"698\">pompe a pistoni a cilindrata variabile<\/td>\n<\/tr>\n<tr>\n<td>Cilindrata<\/td>\n<td>165 * 2 + 44 L\/min<\/td>\n<\/tr>\n<tr>\n<td>Pressione idraulica<\/td>\n<td>34.3 \/ 31.4 Mpa<\/td>\n<\/tr>\n<\/tbody>\n<\/table>\n<p>[\/vc_toggle][vc_toggle title=&#8221;DIAGRAMMA DI LAVORO&#8221; css=&#8221;&#8221;]<\/p>\n<table width=\"1271\">\n<tbody>\n<tr>\n<td width=\"573\">Profondit\u00e0 di scavo max<\/td>\n<td width=\"698\">5 525 mm<\/td>\n<\/tr>\n<tr>\n<td>Sbraccio di scavo max<\/td>\n<td>8 370 mm<\/td>\n<\/tr>\n<tr>\n<td>Forza di scavo max &#8211; alla benna<\/td>\n<td>100 kN<\/td>\n<\/tr>\n<tr>\n<td>Forza di scavo max &#8211; al bilanciere<\/td>\n<td>76 kN<\/td>\n<\/tr>\n<\/tbody>\n<\/table>\n<p>[\/vc_toggle][\/vc_column_inner][vc_column_inner width=&#8221;1\/2&#8243;][\/vc_column_inner][\/vc_row_inner][\/vc_tta_section][vc_tta_section title=&#8221;CARATTERISTICHE E VANTAGGI&#8221; tab_id=&#8221;1623355710952-d36b50a3-81ed&#8221;][vc_row_inner][vc_column_inner width=&#8221;1\/4&#8243;][vc_single_image image=&#8221;1070&#8243; img_size=&#8221;medium&#8221;][\/vc_column_inner][vc_column_inner width=&#8221;3\/4&#8243;][vc_custom_heading text=&#8221;FATTO PER L&#8217;EUROPA&#8221; font_container=&#8221;tag:h3|text_align:left&#8221; use_theme_fonts=&#8221;yes&#8221;][vc_column_text css=&#8221;&#8221;]Come tutte le macchine Sunward vendute in Europa, anche il Sunward SWE 155UF non \u00e8 semplicemente certificato a norma UE, ma \u00e8 stato progettato per soddisfare le esigenze dei clienti europei.[\/vc_column_text][\/vc_column_inner][\/vc_row_inner][vc_separator][vc_row_inner][vc_column_inner width=&#8221;1\/4&#8243;][vc_single_image image=&#8221;1240&#8243; img_size=&#8221;medium&#8221;][\/vc_column_inner][vc_column_inner width=&#8221;3\/4&#8243;][vc_custom_heading text=&#8221;MOTORE POTENTE E AFFIDABILE&#8221; font_container=&#8221;tag:h3|text_align:left&#8221; use_theme_fonts=&#8221;yes&#8221;][vc_column_text css=&#8221;&#8221;]<\/p>\n<p class=\"\" data-start=\"0\" data-end=\"244\">Con una potenza fino a 90 kW, senza compromessi in termini di prestazioni, consumi o affidabilit\u00e0, il compatto motore Cummins QSF3.8 raggiunge con facilit\u00e0 livelli di emissioni prossimi allo zero. Ampiamente riconosciuto sul mercato e supportato da una vasta rete di assistenza, rappresenta la scelta ideale per equipaggiare il Sunward SWE 155UF. Naturalmente \u00e8 conforme agli standard sulle emissioni Stage V dell\u2019Unione Europea.<\/p>\n<p>[\/vc_column_text][\/vc_column_inner][\/vc_row_inner][vc_separator][vc_row_inner][vc_column_inner width=&#8221;1\/4&#8243;][vc_single_image image=&#8221;1091&#8243; img_size=&#8221;medium&#8221;][\/vc_column_inner][vc_column_inner width=&#8221;3\/4&#8243;][vc_custom_heading text=&#8221;COMPONENTI PREMIUM&#8221; font_container=&#8221;tag:h3|text_align:left&#8221; use_theme_fonts=&#8221;yes&#8221;][vc_column_text css=&#8221;&#8221;]<\/p>\n<p class=\"\" data-start=\"0\" data-end=\"316\">Ogni componente chiave degli escavatori Sunward \u00e8 selezionato con la massima attenzione, dal motore Cummins al sistema idraulico. Poich\u00e9 l\u2019impianto idraulico rappresenta il cuore della macchina, Sunward collabora esclusivamente con fornitori leader, riconosciuti per qualit\u00e0 e prestazioni. Per il modello SWE 155UF, produttori di comprovata affidabilit\u00e0 forniscono la pompa idraulica, il motore di rotazione e la valvola di controllo principale (MCV). Questi componenti, progettati per resistere alle sollecitazioni pi\u00f9 impegnative, garantiscono efficienza, durata e una lunga vita operativa.<\/p>\n<p>[\/vc_column_text][\/vc_column_inner][\/vc_row_inner][vc_separator][vc_row_inner][vc_column_inner width=&#8221;1\/4&#8243;][vc_single_image image=&#8221;1241&#8243; img_size=&#8221;medium&#8221;][\/vc_column_inner][vc_column_inner width=&#8221;3\/4&#8243;][vc_custom_heading text=&#8221;FATTO PER DURARE&#8221; font_container=&#8221;tag:h3|text_align:left&#8221; use_theme_fonts=&#8221;yes&#8221;][vc_column_text css=&#8221;&#8221;]<\/p>\n<p data-start=\"67\" data-end=\"552\">Il modello SWE 155UF \u00e8 stato progettato con particolare attenzione alla durabilit\u00e0. Il suo motore Cummins \u00e8 rinomato per l\u2019affidabilit\u00e0, anche nelle condizioni di lavoro pi\u00f9 estreme. Le parti strutturali principali, come il braccio e l\u2019avambraccio, sono realizzate con lamiere di maggiore spessore, mentre tutti gli elementi di supporto sono in acciaio forgiato ad alta resistenza e duttilit\u00e0, garantendo un\u2019eccellente resistenza all\u2019usura e una robustezza strutturale superiore.<\/p>\n<p data-start=\"554\" data-end=\"987\">Per incrementare ulteriormente l\u2019affidabilit\u00e0, i componenti per impieghi gravosi vengono sottoposti a un processo di ricottura accuratamente controllato a 600\u2013800 \u00b0C. Questo trattamento elimina le tensioni residue nelle saldature, previene difetti e prolunga significativamente la vita utile. A differenza dei pi\u00f9 rapidi metodi di raffreddamento naturale, il processo Sunward assicura qualit\u00e0 costante e durabilit\u00e0 a lungo termine.<\/p>\n<p data-start=\"989\" data-end=\"1201\">Infine, il telaio a X rinforzato garantisce un\u2019eccezionale resistenza alla deformazione, conferendo all\u2019SWE 155UF la forza e la stabilit\u00e0 necessarie per affrontare lavori gravosi negli ambienti pi\u00f9 impegnativi.<\/p>\n<p>[\/vc_column_text][\/vc_column_inner][\/vc_row_inner][vc_separator][vc_row_inner][vc_column_inner width=&#8221;1\/4&#8243;][vc_single_image image=&#8221;1242&#8243; img_size=&#8221;medium&#8221;][\/vc_column_inner][vc_column_inner width=&#8221;3\/4&#8243;][vc_custom_heading text=&#8221;CONSUMI RIDOTTI&#8221; font_container=&#8221;tag:h3|text_align:left&#8221; use_theme_fonts=&#8221;yes&#8221;][vc_column_text css=&#8221;&#8221;]<\/p>\n<p data-start=\"67\" data-end=\"327\">Il compatto motore Cummins QSF3.8 a quattro cilindri in linea dello SWE 155UF assicura un minor consumo di carburante e un miglioramento fino al 3% dell\u2019efficienza complessiva dei fluidi (sia diesel che AdBlue), senza compromettere potenza o prestazioni.<\/p>\n<p data-start=\"329\" data-end=\"496\">In aggiunta, l\u2019avanzato sistema idraulico Sunward garantisce un\u2019efficienza straordinaria, contribuendo ulteriormente al ridotto consumo di carburante della macchina.<\/p>\n<p>[\/vc_column_text][\/vc_column_inner][\/vc_row_inner][vc_separator][vc_row_inner][vc_column_inner width=&#8221;1\/4&#8243;][vc_single_image image=&#8221;1243&#8243; img_size=&#8221;medium&#8221;][\/vc_column_inner][vc_column_inner width=&#8221;3\/4&#8243;][vc_custom_heading text=&#8221;VERSATILE PER PROGETTO&#8221; font_container=&#8221;tag:h3|text_align:left&#8221; use_theme_fonts=&#8221;yes&#8221;][vc_column_text css=&#8221;&#8221;]Nello spirito del motto Sunward, \u201cInnovation Leads to Value\u201d, il modello SWE 155UF \u00e8 progettato per garantire il massimo valore ai proprietari e una versatilit\u00e0 senza pari agli operatori. Si adatta facilmente a un\u2019ampia gamma di condizioni di lavoro e applicazioni. Grazie a tre linee ausiliarie separate \u2013 due delle quali dotate di valvole di intercettazione per un\u2019installazione rapida e senza perdite \u2013 e a tre modalit\u00e0 di lavoro della benna, gli operatori possono sfruttarne appieno il potenziale in pochi minuti.[\/vc_column_text][\/vc_column_inner][\/vc_row_inner][vc_separator][vc_row_inner][vc_column_inner width=&#8221;1\/4&#8243;][vc_single_image image=&#8221;1146&#8243; img_size=&#8221;medium&#8221;][\/vc_column_inner][vc_column_inner width=&#8221;3\/4&#8243;][vc_custom_heading text=&#8221;FACILE DA MANUTENERE&#8221; font_container=&#8221;tag:h3|text_align:left&#8221; use_theme_fonts=&#8221;yes&#8221;][vc_column_text css=&#8221;&#8221;]Per ridurre i tempi di manutenzione e contenere i costi, il modello SWE 155UF \u00e8 dotato di coperture posteriori e laterali ad apertura completa, che consentono un accesso diretto a tutti i principali punti di manutenzione. I tecnici possono cos\u00ec raggiungere facilmente il serbatoio del carburante, i raccordi di lubrificazione centralizzati e l\u2019ampio vano di lavoro, rendendo la manutenzione semplice e immediata quanto l\u2019utilizzo della macchina.[\/vc_column_text][\/vc_column_inner][\/vc_row_inner][vc_separator][vc_row_inner][vc_column_inner width=&#8221;1\/4&#8243;][vc_single_image image=&#8221;1205&#8243; img_size=&#8221;medium&#8221;][\/vc_column_inner][vc_column_inner width=&#8221;3\/4&#8243;][vc_custom_heading text=&#8221;CABINA SICURA&#8221; font_container=&#8221;tag:h3|text_align:left&#8221; use_theme_fonts=&#8221;yes&#8221;][vc_column_text css=&#8221;&#8221;]La cabina dello SWE 155UF \u00e8 conforme agli standard FOPS, TOPS e ROPS certificati dall\u2019UE, garantendo uno spazio di lavoro sicuro e protetto in qualsiasi ambiente, proprio come il modello SWE 155F. Sebbene compatta all\u2019esterno, la cabina \u00e8 sorprendentemente spaziosa e adatta a operatori di tutte le stature. Le ampie superfici vetrate assicurano un\u2019eccellente visibilit\u00e0, mentre gli interni ergonomici e ben organizzati consentono di lavorare in modo confortevole e concentrato, anche durante le giornate pi\u00f9 lunghe.[\/vc_column_text][\/vc_column_inner][\/vc_row_inner][vc_separator][vc_row_inner][vc_column_inner width=&#8221;1\/4&#8243;][vc_single_image image=&#8221;1071&#8243; img_size=&#8221;medium&#8221;][\/vc_column_inner][vc_column_inner width=&#8221;3\/4&#8243;][vc_custom_heading text=&#8221;MIGLIOR RAPPORTO QUALIT\u00c0\/PREZZO&#8221; font_container=&#8221;tag:h3|text_align:left&#8221; use_theme_fonts=&#8221;yes&#8221;][vc_column_text css=&#8221;&#8221;]<\/p>\n<p data-start=\"67\" data-end=\"523\">Sunward \u00e8 il vostro investimento pi\u00f9 intelligente in termini di affidabilit\u00e0, prestazioni e valore a lungo termine. Il modello SWE 155UF \u00e8 realizzato con componenti di alta qualit\u00e0 accuratamente selezionati, che semplificano l\u2019utilizzo e la manutenzione, garantendo al tempo stesso una durata prolungata. Con una ricca dotazione di caratteristiche standard e il giusto equilibrio tra prestazioni e costi, offre un eccezionale rapporto qualit\u00e0-prezzo.<\/p>\n<p data-start=\"525\" data-end=\"740\">Per proteggere il vostro investimento, i ricambi originali Sunward sono sia economici che affidabili. E, come tutte le macchine Sunward, anche il modello SWE 155UF \u00e8 coperto da una garanzia standard fino a 5 anni.<\/p>\n<p>[\/vc_column_text][\/vc_column_inner][\/vc_row_inner][\/vc_tta_section][vc_tta_section title=&#8221;VIDEO&#8221; tab_id=&#8221;1623857706491-8aa3a03f-cca1&#8243;][vc_video link=&#8221;https:\/\/youtu.be\/1Ll8m9Y9d8Q&#8221;][\/vc_tta_section][vc_tta_section title=&#8221;BROCHURE&#8221; tab_id=&#8221;1623857795794-8fd5289e-c5a3&#8243;][vc_row_inner content_placement=&#8221;middle&#8221;][vc_column_inner width=&#8221;1\/4&#8243;][vc_single_image image=&#8221;4367&#8243; img_size=&#8221;large&#8221; css=&#8221;&#8221;][\/vc_column_inner][vc_column_inner width=&#8221;3\/4&#8243;][vc_custom_heading text=&#8221;BROCHURE PRODOTTO&#8221; font_container=&#8221;tag:h3|text_align:left&#8221; use_theme_fonts=&#8221;yes&#8221;][vc_btn title=&#8221;SCARICA&#8221; color=&#8221;orange&#8221; size=&#8221;lg&#8221; css=&#8221;&#8221; link=&#8221;url:https%3A%2F%2Fsunward.eu%2Fwp-content%2Fuploads%2F2025%2F05%2FSUNWARD_SWE-155UF-2PB_05.2025_FINAL_HR_IT.pdf|title:Sunward%20SWE%20155F%20Product%20Brochure|target:_blank&#8221;][\/vc_column_inner][\/vc_row_inner][\/vc_tta_section][\/vc_tta_accordion][\/vc_column][\/vc_row]<\/p>\n<\/div>","protected":false},"excerpt":{"rendered":"<p>Cerchi un escavatore che unisca potenza e precisione senza rinunciare a efficienza e affidabilit\u00e0?<br data-start=\"181\" data-end=\"184\" \/>L\u2019escavatore medio Sunward SWE 155UF \u00e8 equipaggiato con un robusto meccanismo di sollevamento ad arco e comandi pilota ISO flessibili, che lo rendono ideale per un\u2019ampia gamma di applicazioni. Progettato per garantire versatilit\u00e0 e resistenza, offre bassa rumorosit\u00e0, prestazioni a risparmio energetico e una manutenzione semplificata, assicurando cos\u00ec una lunga durata operativa. [&#8230;]<\/p>\n<p><a class=\"btn btn-secondary understrap-read-more-link\" href=\"https:\/\/sunward.eu\/it\/product\/swe-155uf\/\">Leggi tutto&#8230;<\/a><\/p>\n","protected":false},"featured_media":4363,"comment_status":"closed","ping_status":"closed","template":"","meta":{"_acf_changed":false,"inline_featured_image":false},"product_cat":[26,35],"product_tag":[],"class_list":{"0":"post-4361","1":"product","2":"type-product","3":"status-publish","4":"has-post-thumbnail","6":"product_cat-excavators","7":"product_cat-medium-excavators","8":"pa_emission-rating-eu-stage-5","9":"pa_max-digging-depth-5-525-mm","10":"pa_operating-weight-16-500-kg","11":"pa_power-output-90-kw","12":"pa_width-2600-mm","14":"first","15":"instock","16":"shipping-taxable","17":"product-type-simple"},"translation":{"provider":"WPGlobus","version":"2.12.2","language":"it","enabled_languages":["en","de","fr","it"],"languages":{"en":{"title":true,"content":true,"excerpt":true},"de":{"title":true,"content":true,"excerpt":true},"fr":{"title":true,"content":true,"excerpt":true},"it":{"title":true,"content":true,"excerpt":true}}},"acf":[],"yoast_head":"<!-- This site is optimized with the Yoast SEO plugin v22.6 - https:\/\/yoast.com\/wordpress\/plugins\/seo\/ -->\n<title>SWE 155UF - Sunward Europe (Official Website for EU &amp; UK)<\/title>\n<meta name=\"robots\" content=\"index, follow, max-snippet:-1, max-image-preview:large, max-video-preview:-1\" \/>\n<link rel=\"canonical\" href=\"https:\/\/sunward.eu\/product\/swe-155uf\/\" \/>\n<meta property=\"og:locale\" content=\"it_IT\" \/>\n<meta property=\"og:type\" content=\"article\" \/>\n<meta property=\"og:title\" content=\"SWE 155UF - Sunward Europe (Official Website for EU &amp; UK)\" \/>\n<meta property=\"og:url\" content=\"https:\/\/sunward.eu\/product\/swe-155uf\/\" \/>\n<meta property=\"og:site_name\" content=\"Sunward Europe (Official Website for EU &amp; UK)\" \/>\n<meta property=\"article:modified_time\" content=\"2025-09-11T15:09:32+00:00\" \/>\n<meta property=\"og:image\" content=\"https:\/\/sunward.eu\/wp-content\/uploads\/2025\/09\/SWE-155UF-main.png\" \/>\n\t<meta property=\"og:image:width\" content=\"1000\" \/>\n\t<meta property=\"og:image:height\" content=\"1000\" \/>\n\t<meta property=\"og:image:type\" content=\"image\/png\" \/>\n<meta name=\"twitter:card\" content=\"summary_large_image\" \/>\n<meta name=\"twitter:label1\" content=\"Est. reading time\" \/>\n\t<meta name=\"twitter:data1\" content=\"5 minutes\" \/>\n<script type=\"application\/ld+json\" class=\"yoast-schema-graph\">{\"@context\":\"https:\/\/schema.org\",\"@graph\":[{\"@type\":\"WebPage\",\"@id\":\"https:\/\/sunward.eu\/product\/swe-155uf\/\",\"url\":\"https:\/\/sunward.eu\/product\/swe-155uf\/\",\"name\":\"SWE 155UF - Sunward Europe (Official Website for EU &amp; UK)\",\"isPartOf\":{\"@id\":\"https:\/\/sunward.eu\/#website\"},\"primaryImageOfPage\":{\"@id\":\"https:\/\/sunward.eu\/product\/swe-155uf\/#primaryimage\"},\"image\":{\"@id\":\"https:\/\/sunward.eu\/product\/swe-155uf\/#primaryimage\"},\"thumbnailUrl\":\"https:\/\/sunward.eu\/wp-content\/uploads\/2025\/09\/SWE-155UF-main.png\",\"datePublished\":\"2025-09-10T13:47:06+00:00\",\"dateModified\":\"2025-09-11T15:09:32+00:00\",\"breadcrumb\":{\"@id\":\"https:\/\/sunward.eu\/product\/swe-155uf\/#breadcrumb\"},\"inLanguage\":\"it-IT\",\"potentialAction\":[{\"@type\":\"ReadAction\",\"target\":[\"https:\/\/sunward.eu\/product\/swe-155uf\/\"]}]},{\"@type\":\"ImageObject\",\"inLanguage\":\"it-IT\",\"@id\":\"https:\/\/sunward.eu\/product\/swe-155uf\/#primaryimage\",\"url\":\"https:\/\/sunward.eu\/wp-content\/uploads\/2025\/09\/SWE-155UF-main.png\",\"contentUrl\":\"https:\/\/sunward.eu\/wp-content\/uploads\/2025\/09\/SWE-155UF-main.png\",\"width\":1000,\"height\":1000},{\"@type\":\"BreadcrumbList\",\"@id\":\"https:\/\/sunward.eu\/product\/swe-155uf\/#breadcrumb\",\"itemListElement\":[{\"@type\":\"ListItem\",\"position\":1,\"name\":\"Home\",\"item\":\"https:\/\/sunward.eu\/\"},{\"@type\":\"ListItem\",\"position\":2,\"name\":\"Products\",\"item\":\"https:\/\/sunward.eu\/shop\/\"},{\"@type\":\"ListItem\",\"position\":3,\"name\":\"Excavators\",\"item\":\"https:\/\/sunward.eu\/product-category\/excavators\/\"},{\"@type\":\"ListItem\",\"position\":4,\"name\":\"SWE 155UF\"}]},{\"@type\":\"WebSite\",\"@id\":\"https:\/\/sunward.eu\/#website\",\"url\":\"https:\/\/sunward.eu\/\",\"name\":\"Sunward Europe (Official Website for EU &amp; UK)\",\"description\":\"The smart choice\",\"publisher\":{\"@id\":\"https:\/\/sunward.eu\/#organization\"},\"potentialAction\":[{\"@type\":\"SearchAction\",\"target\":{\"@type\":\"EntryPoint\",\"urlTemplate\":\"https:\/\/sunward.eu\/?s={search_term_string}\"},\"query-input\":\"required name=search_term_string\"}],\"inLanguage\":\"it-IT\"},{\"@type\":\"Organization\",\"@id\":\"https:\/\/sunward.eu\/#organization\",\"name\":\"Sunward Europe (Official Website for EU &amp; UK)\",\"url\":\"https:\/\/sunward.eu\/\",\"logo\":{\"@type\":\"ImageObject\",\"inLanguage\":\"it-IT\",\"@id\":\"https:\/\/sunward.eu\/#\/schema\/logo\/image\/\",\"url\":\"https:\/\/sunward.eu\/wp-content\/uploads\/2022\/01\/Website_Sunward_logo_top_180x63px.png\",\"contentUrl\":\"https:\/\/sunward.eu\/wp-content\/uploads\/2022\/01\/Website_Sunward_logo_top_180x63px.png\",\"width\":180,\"height\":63,\"caption\":\"Sunward Europe (Official Website for EU &amp; UK)\"},\"image\":{\"@id\":\"https:\/\/sunward.eu\/#\/schema\/logo\/image\/\"}}]}<\/script>\n<!-- \/ Yoast SEO plugin. -->","yoast_head_json":{"title":"SWE 155UF - Sunward Europe (Official Website for EU &amp; UK)","robots":{"index":"index","follow":"follow","max-snippet":"max-snippet:-1","max-image-preview":"max-image-preview:large","max-video-preview":"max-video-preview:-1"},"canonical":"https:\/\/sunward.eu\/product\/swe-155uf\/","og_locale":"it_IT","og_type":"article","og_title":"SWE 155UF - Sunward Europe (Official Website for EU &amp; UK)","og_url":"https:\/\/sunward.eu\/product\/swe-155uf\/","og_site_name":"Sunward Europe (Official Website for EU &amp; UK)","article_modified_time":"2025-09-11T15:09:32+00:00","og_image":[{"width":1000,"height":1000,"url":"https:\/\/sunward.eu\/wp-content\/uploads\/2025\/09\/SWE-155UF-main.png","type":"image\/png"}],"twitter_card":"summary_large_image","twitter_misc":{"Est. reading time":"5 minutes"},"schema":{"@context":"https:\/\/schema.org","@graph":[{"@type":"WebPage","@id":"https:\/\/sunward.eu\/product\/swe-155uf\/","url":"https:\/\/sunward.eu\/product\/swe-155uf\/","name":"SWE 155UF - Sunward Europe (Official Website for EU &amp; UK)","isPartOf":{"@id":"https:\/\/sunward.eu\/#website"},"primaryImageOfPage":{"@id":"https:\/\/sunward.eu\/product\/swe-155uf\/#primaryimage"},"image":{"@id":"https:\/\/sunward.eu\/product\/swe-155uf\/#primaryimage"},"thumbnailUrl":"https:\/\/sunward.eu\/wp-content\/uploads\/2025\/09\/SWE-155UF-main.png","datePublished":"2025-09-10T13:47:06+00:00","dateModified":"2025-09-11T15:09:32+00:00","breadcrumb":{"@id":"https:\/\/sunward.eu\/product\/swe-155uf\/#breadcrumb"},"inLanguage":"it-IT","potentialAction":[{"@type":"ReadAction","target":["https:\/\/sunward.eu\/product\/swe-155uf\/"]}]},{"@type":"ImageObject","inLanguage":"it-IT","@id":"https:\/\/sunward.eu\/product\/swe-155uf\/#primaryimage","url":"https:\/\/sunward.eu\/wp-content\/uploads\/2025\/09\/SWE-155UF-main.png","contentUrl":"https:\/\/sunward.eu\/wp-content\/uploads\/2025\/09\/SWE-155UF-main.png","width":1000,"height":1000},{"@type":"BreadcrumbList","@id":"https:\/\/sunward.eu\/product\/swe-155uf\/#breadcrumb","itemListElement":[{"@type":"ListItem","position":1,"name":"Home","item":"https:\/\/sunward.eu\/"},{"@type":"ListItem","position":2,"name":"Products","item":"https:\/\/sunward.eu\/shop\/"},{"@type":"ListItem","position":3,"name":"Excavators","item":"https:\/\/sunward.eu\/product-category\/excavators\/"},{"@type":"ListItem","position":4,"name":"SWE 155UF"}]},{"@type":"WebSite","@id":"https:\/\/sunward.eu\/#website","url":"https:\/\/sunward.eu\/","name":"Sunward Europe (Official Website for EU &amp; UK)","description":"The smart choice","publisher":{"@id":"https:\/\/sunward.eu\/#organization"},"potentialAction":[{"@type":"SearchAction","target":{"@type":"EntryPoint","urlTemplate":"https:\/\/sunward.eu\/?s={search_term_string}"},"query-input":"required name=search_term_string"}],"inLanguage":"it-IT"},{"@type":"Organization","@id":"https:\/\/sunward.eu\/#organization","name":"Sunward Europe (Official Website for EU &amp; UK)","url":"https:\/\/sunward.eu\/","logo":{"@type":"ImageObject","inLanguage":"it-IT","@id":"https:\/\/sunward.eu\/#\/schema\/logo\/image\/","url":"https:\/\/sunward.eu\/wp-content\/uploads\/2022\/01\/Website_Sunward_logo_top_180x63px.png","contentUrl":"https:\/\/sunward.eu\/wp-content\/uploads\/2022\/01\/Website_Sunward_logo_top_180x63px.png","width":180,"height":63,"caption":"Sunward Europe (Official Website for EU &amp; UK)"},"image":{"@id":"https:\/\/sunward.eu\/#\/schema\/logo\/image\/"}}]}},"_links":{"self":[{"href":"https:\/\/sunward.eu\/it\/wp-json\/wp\/v2\/product\/4361","targetHints":{"allow":["GET"]}}],"collection":[{"href":"https:\/\/sunward.eu\/it\/wp-json\/wp\/v2\/product"}],"about":[{"href":"https:\/\/sunward.eu\/it\/wp-json\/wp\/v2\/types\/product"}],"replies":[{"embeddable":true,"href":"https:\/\/sunward.eu\/it\/wp-json\/wp\/v2\/comments?post=4361"}],"wp:featuredmedia":[{"embeddable":true,"href":"https:\/\/sunward.eu\/it\/wp-json\/wp\/v2\/media\/4363"}],"wp:attachment":[{"href":"https:\/\/sunward.eu\/it\/wp-json\/wp\/v2\/media?parent=4361"}],"wp:term":[{"taxonomy":"product_cat","embeddable":true,"href":"https:\/\/sunward.eu\/it\/wp-json\/wp\/v2\/product_cat?post=4361"},{"taxonomy":"product_tag","embeddable":true,"href":"https:\/\/sunward.eu\/it\/wp-json\/wp\/v2\/product_tag?post=4361"}],"curies":[{"name":"wp","href":"https:\/\/api.w.org\/{rel}","templated":true}]}}