{"id":3978,"date":"2025-03-26T17:06:15","date_gmt":"2025-03-26T16:06:15","guid":{"rendered":"https:\/\/sunward.eu\/?post_type=product&#038;p=3978"},"modified":"2025-10-13T13:01:42","modified_gmt":"2025-10-13T11:01:42","slug":"swa-18je-p","status":"publish","type":"product","link":"https:\/\/sunward.eu\/it\/product\/swa-18je-p\/","title":{"rendered":"SWA 18JE-P"},"content":{"rendered":"<div class=\"wpb-content-wrapper\"><p>[vc_row][vc_column][vc_tta_accordion style=&#8221;flat&#8221; c_icon=&#8221;chevron&#8221; c_position=&#8221;right&#8221; active_section=&#8221;1&#8243; no_fill=&#8221;true&#8221; el_class=&#8221;custom-accordion&#8221;][vc_tta_section title=&#8221;SPECIFICHE&#8221; tab_id=&#8221;1623355628079-f58b5c44-7c4b&#8221;][vc_custom_heading text=&#8221;SUNWARD SWA 18JE-P&#8221; font_container=&#8221;tag:h3|text_align:left&#8221; use_theme_fonts=&#8221;yes&#8221; css=&#8221;&#8221;][vc_column_text css=&#8221;&#8221;]<\/p>\n<p>La SWA 18JE-P \u00e8 la piattaforma aerea elettrica articolata di Sunward, progettata per offrire le massime prestazioni, sicurezza e sostenibilit\u00e0 nei cantieri in quota.<\/p>\n<p>Con un&#8217;impressionante altezza di lavoro di 18 metri, un raggio di lavoro di 9,6 metri e uno sbalzo posteriore pari a zero, questa piattaforma offre una manovrabilit\u00e0 e una precisione superiori, perfette per l&#8217;edilizia urbana, la manutenzione e le applicazioni industriali.<\/p>\n<p>Alimentata da una batteria al litio ad alta capacit\u00e0 e dotata di funzioni di sicurezza intelligenti, definisce un nuovo standard per le piattaforme di lavoro aeree ecologiche e ad alta efficienza.<\/p>\n<p>Scopri tutti gli altri vantaggi della Sunward SWA 18JE-P.<\/p>\n<p>[\/vc_column_text][vc_row_inner][vc_column_inner width=&#8221;1\/2&#8243;][vc_toggle title=&#8221;REACH SPECIFICATIONS&#8221; css=&#8221;&#8221;]<\/p>\n<table width=\"655\">\n<tbody>\n<tr>\n<td width=\"417\">Altezza max della piattaforma<\/td>\n<td width=\"238\">16 m<\/td>\n<\/tr>\n<tr>\n<td width=\"417\">Altezza max di lavoro<\/td>\n<td>18 m<\/td>\n<\/tr>\n<tr>\n<td width=\"417\">Sbraccio orizzontale massimo<\/td>\n<td>9 m<\/td>\n<\/tr>\n<tr>\n<td width=\"417\">Altezza massima dello sbraccio orizzontale<\/td>\n<td>7.8 m<\/td>\n<\/tr>\n<\/tbody>\n<\/table>\n<p>[\/vc_toggle][vc_toggle title=&#8221;DIMENSIONI&#8221; css=&#8221;&#8221;]<\/p>\n<table width=\"655\">\n<tbody>\n<tr>\n<td width=\"417\">Lunghezza &#8211; retratto<\/td>\n<td width=\"238\">7.5 m<\/td>\n<\/tr>\n<tr>\n<td>Altezza &#8211; retratto<\/td>\n<td>2.24 m<\/td>\n<\/tr>\n<tr>\n<td>Larghezza complessiva<\/td>\n<td>2.3 m<\/td>\n<\/tr>\n<tr>\n<td>Altezza da terra &#8211; intermedia<\/td>\n<td>0.37 m<\/td>\n<\/tr>\n<tr>\n<td>Lunghezza della piattaforma di lavoro<\/td>\n<td>1.83 m<\/td>\n<\/tr>\n<\/tbody>\n<\/table>\n<p>[\/vc_toggle][vc_toggle title=&#8221;PRESTAZIONI&#8221; css=&#8221;&#8221;]<\/p>\n<table width=\"655\">\n<tbody>\n<tr>\n<td width=\"417\">Rotazione della piattaforma<\/td>\n<td width=\"238\">180\u00b0<\/td>\n<\/tr>\n<tr>\n<td>Velocit\u00e0 di marcia (retratto)<\/td>\n<td>5.8 km\/h<\/td>\n<\/tr>\n<tr>\n<td>Velocit\u00e0 di marcia (estesa)<\/td>\n<td>0.8 km\/h<\/td>\n<\/tr>\n<tr>\n<td>Raggio di sterzata (interno\/esterno)<\/td>\n<td>2.06 m \/ 4.74 m<\/td>\n<\/tr>\n<tr>\n<td>Capacit\u00e0 di carico &#8211; quattro ruote motrici &#8211; retratto<\/td>\n<td>40%<\/td>\n<\/tr>\n<tr>\n<td>Angolo di lavoro massimo consentito<\/td>\n<td>5\u00b0<\/td>\n<\/tr>\n<\/tbody>\n<\/table>\n<p>[\/vc_toggle][\/vc_column_inner][vc_column_inner width=&#8221;1\/2&#8243;][\/vc_column_inner][\/vc_row_inner][\/vc_tta_section][vc_tta_section title=&#8221;CARATTERISTICHE E VANTAGGI&#8221; tab_id=&#8221;1623355710952-d36b50a3-81ed&#8221;][vc_row_inner][vc_column_inner width=&#8221;1\/4&#8243;][vc_single_image image=&#8221;1070&#8243; img_size=&#8221;medium&#8221;][\/vc_column_inner][vc_column_inner width=&#8221;3\/4&#8243;][vc_custom_heading text=&#8221;MADE FOR EUROPE&#8221; font_container=&#8221;tag:h3|text_align:left&#8221; use_theme_fonts=&#8221;yes&#8221;][vc_column_text css=&#8221;&#8221;]Oltre alla certificazione UE, il Sunward SWA 18JE-P, come tutte le macchine Sunward presenti sul mercato europeo, \u00e8 progettato per soddisfare le esigenze dei clienti europei.[\/vc_column_text][\/vc_column_inner][\/vc_row_inner][vc_row_inner][vc_column_inner width=&#8221;1\/4&#8243;][vc_single_image image=&#8221;1205&#8243; img_size=&#8221;medium&#8221;][\/vc_column_inner][vc_column_inner width=&#8221;3\/4&#8243;][vc_custom_heading text=&#8221;LA SICUREZZA INNANZITUTTO&#8221; font_container=&#8221;tag:h3|text_align:left&#8221; use_theme_fonts=&#8221;yes&#8221;][vc_column_text css=&#8221;&#8221;]<\/p>\n<p>La sicurezza \u00e8 integrata in ogni dettaglio dell&#8217;SWA 18JE-P. Le caratteristiche principali includono:<\/p>\n<ul>\n<li>Sistema di rilevamento del carico per prevenire il sovraccarico<\/li>\n<li>Sistema di protezione dall&#8217;inclinazione e di discesa di emergenza per un funzionamento sicuro<\/li>\n<li>Rotazione continua della piattaforma girevole a 360\u00b0 per un accesso fluido e controllato<\/li>\n<li>Segnalatore lampeggiante, cicalino e sistema di diagnosi dei guasti per un feedback in tempo reale all&#8217;operatore<\/li>\n<li>Livellamento automatico idrostatico e tecnologia anti-estrusione per una maggiore protezione in spazi ristretti o irregolari<\/li>\n<\/ul>\n<p>Gli operatori possono lavorare in tutta sicurezza, sapendo che il sollevatore \u00e8 progettato per soddisfare i pi\u00f9 severi requisiti di sicurezza.<\/p>\n<p>[\/vc_column_text][\/vc_column_inner][\/vc_row_inner][vc_row_inner][vc_column_inner width=&#8221;1\/4&#8243;][vc_single_image image=&#8221;1071&#8243; img_size=&#8221;medium&#8221;][\/vc_column_inner][vc_column_inner width=&#8221;3\/4&#8243;][vc_custom_heading text=&#8221;MIGLIOR RAPPORTO QUALIT\u00c0\/PREZZO&#8221; font_container=&#8221;tag:h3|text_align:left&#8221; use_theme_fonts=&#8221;yes&#8221;][vc_column_text css=&#8221;&#8221;]<\/p>\n<p>Sunward \u00e8 il vostro investimento pi\u00f9 intelligente in termini di affidabilit\u00e0, prestazioni e ROI elevato. Infatti, il design esperto della SWA 18JE-P include una selezione accurata di componenti che semplificano il funzionamento e la manutenzione. Le nostre scelte di progettazione danno vita a una macchina che offre numerose caratteristiche standard, componenti chiave di marca premium e funzionalit\u00e0 al giusto prezzo.<\/p>\n<p>Inoltre, anche i ricambi originali Sunward sono economici e tutto questo ottimo rapporto qualit\u00e0-prezzo \u00e8 coronato da una garanzia fino a 2 anni, standard per tutte le piattaforme aeree Sunward.<\/p>\n<p>[\/vc_column_text][\/vc_column_inner][\/vc_row_inner][\/vc_tta_section][vc_tta_section title=&#8221;VIDEO&#8221; tab_id=&#8221;1623857706491-8aa3a03f-cca1&#8243;][vc_video link=&#8221;https:\/\/youtu.be\/uHnQiXTpL68&#8243; css=&#8221;&#8221;][\/vc_tta_section][vc_tta_section title=&#8221;BROCHURE&#8221; tab_id=&#8221;1623857795794-8fd5289e-c5a3&#8243;][vc_row_inner content_placement=&#8221;middle&#8221;][vc_column_inner width=&#8221;1\/4&#8243;][vc_single_image image=&#8221;3983&#8243; img_size=&#8221;large&#8221; css=&#8221;&#8221;][\/vc_column_inner][vc_column_inner width=&#8221;3\/4&#8243;][vc_custom_heading text=&#8221;Product brochure&#8221; font_container=&#8221;tag:h3|text_align:left&#8221; use_theme_fonts=&#8221;yes&#8221;][vc_btn title=&#8221;DOWNLOAD&#8221; color=&#8221;orange&#8221; size=&#8221;lg&#8221; css=&#8221;&#8221; link=&#8221;url:https%3A%2F%2Fsunward.eu%2Fwp-content%2Fuploads%2F2025%2F10%2FSUNWARD_SWA-18JE-P-10.2025_FINAL_HR_IT.pdf|title:Sunward%20SWA%2018JE-P%20Specifications|target:_blank&#8221;][\/vc_column_inner][\/vc_row_inner][\/vc_tta_section][\/vc_tta_accordion][\/vc_column][\/vc_row]<\/p>\n<\/div>","protected":false},"excerpt":{"rendered":"<p>La SWA 18JE-P \u00e8 la piattaforma aerea elettrica articolata avanzata di Sunward, progettata per garantire prestazioni elevate, sicurezza e sostenibilit\u00e0. Offre eccellenti manovrabilit\u00e0 e precisione, rendendola ideale per l&#8217;edilizia urbana, la manutenzione e l&#8217;uso industriale. Dotata di funzioni di sicurezza intelligenti, \u00e8 una scelta affidabile ed ecologica per lavorare in quota. [&#8230;]<\/p>\n<p><a class=\"btn btn-secondary understrap-read-more-link\" href=\"https:\/\/sunward.eu\/it\/product\/swa-18je-p\/\">Leggi tutto&#8230;<\/a><\/p>\n","protected":false},"featured_media":3985,"comment_status":"closed","ping_status":"closed","template":"","meta":{"_acf_changed":false,"inline_featured_image":false},"product_cat":[126],"product_tag":[],"class_list":{"0":"post-3978","1":"product","2":"type-product","3":"status-publish","4":"has-post-thumbnail","6":"product_cat-articulated-boom-lift","7":"pa_emission-rating-eu-stage-5","8":"pa_max-digging-depth-6-750-mm","9":"pa_max-working-height-18-m","10":"pa_operating-weight-7-750-kg","11":"pa_power-output-129-kw","12":"pa_width-2800-mm","14":"first","15":"instock","16":"shipping-taxable","17":"product-type-simple"},"translation":{"provider":"WPGlobus","version":"2.12.2","language":"it","enabled_languages":["en","de","fr","it"],"languages":{"en":{"title":true,"content":true,"excerpt":true},"de":{"title":true,"content":true,"excerpt":true},"fr":{"title":true,"content":true,"excerpt":true},"it":{"title":true,"content":true,"excerpt":true}}},"acf":[],"yoast_head":"<!-- This site is optimized with the Yoast SEO plugin v22.6 - https:\/\/yoast.com\/wordpress\/plugins\/seo\/ -->\n<title>SWA 18JE-P - Sunward Europe (Official Website for EU &amp; UK)<\/title>\n<meta name=\"robots\" content=\"index, follow, max-snippet:-1, max-image-preview:large, max-video-preview:-1\" \/>\n<link rel=\"canonical\" href=\"https:\/\/sunward.eu\/product\/swa-18je-p\/\" \/>\n<meta property=\"og:locale\" content=\"it_IT\" \/>\n<meta property=\"og:type\" content=\"article\" \/>\n<meta property=\"og:title\" content=\"SWA 18JE-P - Sunward Europe (Official Website for EU &amp; UK)\" \/>\n<meta property=\"og:url\" content=\"https:\/\/sunward.eu\/product\/swa-18je-p\/\" \/>\n<meta property=\"og:site_name\" content=\"Sunward Europe (Official Website for EU &amp; UK)\" \/>\n<meta property=\"article:modified_time\" content=\"2025-10-13T11:01:42+00:00\" \/>\n<meta property=\"og:image\" content=\"https:\/\/sunward.eu\/wp-content\/uploads\/2025\/03\/SWA-18JE-P-cut.png\" \/>\n\t<meta property=\"og:image:width\" content=\"1000\" \/>\n\t<meta property=\"og:image:height\" content=\"1000\" \/>\n\t<meta property=\"og:image:type\" content=\"image\/png\" \/>\n<meta name=\"twitter:card\" content=\"summary_large_image\" \/>\n<meta name=\"twitter:label1\" content=\"Est. reading time\" \/>\n\t<meta name=\"twitter:data1\" content=\"4 minutes\" \/>\n<script type=\"application\/ld+json\" class=\"yoast-schema-graph\">{\"@context\":\"https:\/\/schema.org\",\"@graph\":[{\"@type\":\"WebPage\",\"@id\":\"https:\/\/sunward.eu\/product\/swa-18je-p\/\",\"url\":\"https:\/\/sunward.eu\/product\/swa-18je-p\/\",\"name\":\"SWA 18JE-P - Sunward Europe (Official Website for EU &amp; UK)\",\"isPartOf\":{\"@id\":\"https:\/\/sunward.eu\/#website\"},\"primaryImageOfPage\":{\"@id\":\"https:\/\/sunward.eu\/product\/swa-18je-p\/#primaryimage\"},\"image\":{\"@id\":\"https:\/\/sunward.eu\/product\/swa-18je-p\/#primaryimage\"},\"thumbnailUrl\":\"https:\/\/sunward.eu\/wp-content\/uploads\/2025\/03\/SWA-18JE-P-cut.png\",\"datePublished\":\"2025-03-26T16:06:15+00:00\",\"dateModified\":\"2025-10-13T11:01:42+00:00\",\"breadcrumb\":{\"@id\":\"https:\/\/sunward.eu\/product\/swa-18je-p\/#breadcrumb\"},\"inLanguage\":\"it-IT\",\"potentialAction\":[{\"@type\":\"ReadAction\",\"target\":[\"https:\/\/sunward.eu\/product\/swa-18je-p\/\"]}]},{\"@type\":\"ImageObject\",\"inLanguage\":\"it-IT\",\"@id\":\"https:\/\/sunward.eu\/product\/swa-18je-p\/#primaryimage\",\"url\":\"https:\/\/sunward.eu\/wp-content\/uploads\/2025\/03\/SWA-18JE-P-cut.png\",\"contentUrl\":\"https:\/\/sunward.eu\/wp-content\/uploads\/2025\/03\/SWA-18JE-P-cut.png\",\"width\":1000,\"height\":1000},{\"@type\":\"BreadcrumbList\",\"@id\":\"https:\/\/sunward.eu\/product\/swa-18je-p\/#breadcrumb\",\"itemListElement\":[{\"@type\":\"ListItem\",\"position\":1,\"name\":\"Home\",\"item\":\"https:\/\/sunward.eu\/\"},{\"@type\":\"ListItem\",\"position\":2,\"name\":\"Products\",\"item\":\"https:\/\/sunward.eu\/shop\/\"},{\"@type\":\"ListItem\",\"position\":3,\"name\":\"{:en}Articulated Boom Lifts{:}{:de}Gelenkarbeitsbuehnen{:}{:fr}Nacelles articul\u00e9es{:}{:it}Piattaforme aeree articolate{:}\",\"item\":\"https:\/\/sunward.eu\/product-category\/articulated-boom-lift\/\"},{\"@type\":\"ListItem\",\"position\":4,\"name\":\"SWA 18JE-P\"}]},{\"@type\":\"WebSite\",\"@id\":\"https:\/\/sunward.eu\/#website\",\"url\":\"https:\/\/sunward.eu\/\",\"name\":\"Sunward Europe (Official Website for EU &amp; UK)\",\"description\":\"The smart choice\",\"publisher\":{\"@id\":\"https:\/\/sunward.eu\/#organization\"},\"potentialAction\":[{\"@type\":\"SearchAction\",\"target\":{\"@type\":\"EntryPoint\",\"urlTemplate\":\"https:\/\/sunward.eu\/?s={search_term_string}\"},\"query-input\":\"required name=search_term_string\"}],\"inLanguage\":\"it-IT\"},{\"@type\":\"Organization\",\"@id\":\"https:\/\/sunward.eu\/#organization\",\"name\":\"Sunward Europe (Official Website for EU &amp; UK)\",\"url\":\"https:\/\/sunward.eu\/\",\"logo\":{\"@type\":\"ImageObject\",\"inLanguage\":\"it-IT\",\"@id\":\"https:\/\/sunward.eu\/#\/schema\/logo\/image\/\",\"url\":\"https:\/\/sunward.eu\/wp-content\/uploads\/2022\/01\/Website_Sunward_logo_top_180x63px.png\",\"contentUrl\":\"https:\/\/sunward.eu\/wp-content\/uploads\/2022\/01\/Website_Sunward_logo_top_180x63px.png\",\"width\":180,\"height\":63,\"caption\":\"Sunward Europe (Official Website for EU &amp; UK)\"},\"image\":{\"@id\":\"https:\/\/sunward.eu\/#\/schema\/logo\/image\/\"}}]}<\/script>\n<!-- \/ Yoast SEO plugin. -->","yoast_head_json":{"title":"SWA 18JE-P - Sunward Europe (Official Website for EU &amp; UK)","robots":{"index":"index","follow":"follow","max-snippet":"max-snippet:-1","max-image-preview":"max-image-preview:large","max-video-preview":"max-video-preview:-1"},"canonical":"https:\/\/sunward.eu\/product\/swa-18je-p\/","og_locale":"it_IT","og_type":"article","og_title":"SWA 18JE-P - Sunward Europe (Official Website for EU &amp; UK)","og_url":"https:\/\/sunward.eu\/product\/swa-18je-p\/","og_site_name":"Sunward Europe (Official Website for EU &amp; UK)","article_modified_time":"2025-10-13T11:01:42+00:00","og_image":[{"width":1000,"height":1000,"url":"https:\/\/sunward.eu\/wp-content\/uploads\/2025\/03\/SWA-18JE-P-cut.png","type":"image\/png"}],"twitter_card":"summary_large_image","twitter_misc":{"Est. reading time":"4 minutes"},"schema":{"@context":"https:\/\/schema.org","@graph":[{"@type":"WebPage","@id":"https:\/\/sunward.eu\/product\/swa-18je-p\/","url":"https:\/\/sunward.eu\/product\/swa-18je-p\/","name":"SWA 18JE-P - Sunward Europe (Official Website for EU &amp; UK)","isPartOf":{"@id":"https:\/\/sunward.eu\/#website"},"primaryImageOfPage":{"@id":"https:\/\/sunward.eu\/product\/swa-18je-p\/#primaryimage"},"image":{"@id":"https:\/\/sunward.eu\/product\/swa-18je-p\/#primaryimage"},"thumbnailUrl":"https:\/\/sunward.eu\/wp-content\/uploads\/2025\/03\/SWA-18JE-P-cut.png","datePublished":"2025-03-26T16:06:15+00:00","dateModified":"2025-10-13T11:01:42+00:00","breadcrumb":{"@id":"https:\/\/sunward.eu\/product\/swa-18je-p\/#breadcrumb"},"inLanguage":"it-IT","potentialAction":[{"@type":"ReadAction","target":["https:\/\/sunward.eu\/product\/swa-18je-p\/"]}]},{"@type":"ImageObject","inLanguage":"it-IT","@id":"https:\/\/sunward.eu\/product\/swa-18je-p\/#primaryimage","url":"https:\/\/sunward.eu\/wp-content\/uploads\/2025\/03\/SWA-18JE-P-cut.png","contentUrl":"https:\/\/sunward.eu\/wp-content\/uploads\/2025\/03\/SWA-18JE-P-cut.png","width":1000,"height":1000},{"@type":"BreadcrumbList","@id":"https:\/\/sunward.eu\/product\/swa-18je-p\/#breadcrumb","itemListElement":[{"@type":"ListItem","position":1,"name":"Home","item":"https:\/\/sunward.eu\/"},{"@type":"ListItem","position":2,"name":"Products","item":"https:\/\/sunward.eu\/shop\/"},{"@type":"ListItem","position":3,"name":"{:en}Articulated Boom Lifts{:}{:de}Gelenkarbeitsbuehnen{:}{:fr}Nacelles articul\u00e9es{:}{:it}Piattaforme aeree articolate{:}","item":"https:\/\/sunward.eu\/product-category\/articulated-boom-lift\/"},{"@type":"ListItem","position":4,"name":"SWA 18JE-P"}]},{"@type":"WebSite","@id":"https:\/\/sunward.eu\/#website","url":"https:\/\/sunward.eu\/","name":"Sunward Europe (Official Website for EU &amp; UK)","description":"The smart choice","publisher":{"@id":"https:\/\/sunward.eu\/#organization"},"potentialAction":[{"@type":"SearchAction","target":{"@type":"EntryPoint","urlTemplate":"https:\/\/sunward.eu\/?s={search_term_string}"},"query-input":"required name=search_term_string"}],"inLanguage":"it-IT"},{"@type":"Organization","@id":"https:\/\/sunward.eu\/#organization","name":"Sunward Europe (Official Website for EU &amp; UK)","url":"https:\/\/sunward.eu\/","logo":{"@type":"ImageObject","inLanguage":"it-IT","@id":"https:\/\/sunward.eu\/#\/schema\/logo\/image\/","url":"https:\/\/sunward.eu\/wp-content\/uploads\/2022\/01\/Website_Sunward_logo_top_180x63px.png","contentUrl":"https:\/\/sunward.eu\/wp-content\/uploads\/2022\/01\/Website_Sunward_logo_top_180x63px.png","width":180,"height":63,"caption":"Sunward Europe (Official Website for EU &amp; UK)"},"image":{"@id":"https:\/\/sunward.eu\/#\/schema\/logo\/image\/"}}]}},"_links":{"self":[{"href":"https:\/\/sunward.eu\/it\/wp-json\/wp\/v2\/product\/3978","targetHints":{"allow":["GET"]}}],"collection":[{"href":"https:\/\/sunward.eu\/it\/wp-json\/wp\/v2\/product"}],"about":[{"href":"https:\/\/sunward.eu\/it\/wp-json\/wp\/v2\/types\/product"}],"replies":[{"embeddable":true,"href":"https:\/\/sunward.eu\/it\/wp-json\/wp\/v2\/comments?post=3978"}],"wp:featuredmedia":[{"embeddable":true,"href":"https:\/\/sunward.eu\/it\/wp-json\/wp\/v2\/media\/3985"}],"wp:attachment":[{"href":"https:\/\/sunward.eu\/it\/wp-json\/wp\/v2\/media?parent=3978"}],"wp:term":[{"taxonomy":"product_cat","embeddable":true,"href":"https:\/\/sunward.eu\/it\/wp-json\/wp\/v2\/product_cat?post=3978"},{"taxonomy":"product_tag","embeddable":true,"href":"https:\/\/sunward.eu\/it\/wp-json\/wp\/v2\/product_tag?post=3978"}],"curies":[{"name":"wp","href":"https:\/\/api.w.org\/{rel}","templated":true}]}}