{"id":3894,"date":"2025-03-21T11:22:35","date_gmt":"2025-03-21T10:22:35","guid":{"rendered":"https:\/\/sunward.eu\/?post_type=product&#038;p=3894"},"modified":"2025-07-10T15:25:47","modified_gmt":"2025-07-10T13:25:47","slug":"swth3507","status":"publish","type":"product","link":"https:\/\/sunward.eu\/it\/product\/swth3507\/","title":{"rendered":"SWTH 3507"},"content":{"rendered":"<div class=\"wpb-content-wrapper\"><p>[vc_row][vc_column][vc_tta_accordion style=&#8221;flat&#8221; c_icon=&#8221;chevron&#8221; c_position=&#8221;right&#8221; active_section=&#8221;1&#8243; no_fill=&#8221;true&#8221; el_class=&#8221;custom-accordion&#8221;][vc_tta_section title=&#8221;SPECIFICHE&#8221; tab_id=&#8221;1623355628079-f58b5c44-7c4b&#8221;][vc_custom_heading text=&#8221;SUNWARD SWTH 3507&#8243; font_container=&#8221;tag:h3|text_align:left&#8221; use_theme_fonts=&#8221;yes&#8221; css=&#8221;&#8221;][vc_column_text css=&#8221;&#8221;]Il sollevatore telescopico Sunward SWTH 3507 \u00e8 una potente macchina per il sollevamento su tutti i terreni costruita per affrontare con facilit\u00e0 la movimentazione di materiali pesanti. Con una capacit\u00e0 di carico nominale di 3 500 kg e un&#8217;altezza massima di sollevamento di 7.43 metri, questo robusto sollevatore telescopico a braccio a 2 sezioni offre prestazioni di alto livello in dimensioni compatte, rendendolo un cavallo di battaglia versatile in qualsiasi cantiere. Che si tratti di spostare pallet, sollevare balle o affrontare compiti di supporto alla costruzione, l&#8217;SWTH 3507 offre la stabilit\u00e0, la visibilit\u00e0 e la manovrabilit\u00e0 necessarie per portare a termine il lavoro.<\/p>\n<p>Progettato pensando al comfort dell&#8217;operatore e all&#8217;efficienza del cantiere, \u00e8 dotato di tre modalit\u00e0 di sterzata, di una cabina completamente certificata ROPS\/FOPS e di tecnologie chiave come la protezione antiribaltamento, la ventola reversibile e le forche per pallet a livellamento automatico, tutte di serie. Se a ci\u00f2 si aggiungono i comandi intuitivi, l&#8217;impianto HVAC completo e il robusto sistema di cambio rapido, si ottiene un sollevatore telescopico pronto per il lavoro serio fin dall&#8217;inizio.<\/p>\n<p>Scoprite tutti gli altri vantaggi del Sunward SWTH 3507.[\/vc_column_text][vc_row_inner][vc_column_inner width=&#8221;1\/2&#8243;][vc_toggle title=&#8221;DIMENSIONS&#8221; css=&#8221;&#8221;]<\/p>\n<table width=\"655\">\n<tbody>\n<tr>\n<td width=\"417\">Peso operativo<\/td>\n<td width=\"238\">8 300 kg<\/td>\n<\/tr>\n<tr>\n<td width=\"417\">Lunghezza alle forche per pallet<\/td>\n<td>5 090 mm<\/td>\n<\/tr>\n<tr>\n<td width=\"417\">Larghezza<\/td>\n<td>2 410 mm<\/td>\n<\/tr>\n<tr>\n<td width=\"417\">Altezza<\/td>\n<td>2 390 mm<\/td>\n<\/tr>\n<tr>\n<td width=\"417\">Distanza da terra<\/td>\n<td>440 mm<\/td>\n<\/tr>\n<\/tbody>\n<\/table>\n<p>[\/vc_toggle][vc_toggle title=&#8221;MOTORE&#8221; css=&#8221;&#8221;]<\/p>\n<table width=\"655\">\n<tbody>\n<tr>\n<td width=\"417\">Modello<\/td>\n<td width=\"238\">Cummins F3.8<\/td>\n<\/tr>\n<tr>\n<td>Classe emissioni<\/td>\n<td>EU Stage V<\/td>\n<\/tr>\n<tr>\n<td>Gruppo<\/td>\n<td>55 kW<\/td>\n<\/tr>\n<\/tbody>\n<\/table>\n<p>[\/vc_toggle][vc_toggle title=&#8221;RAGGIO D&#8217;AZIONE E PRESTAZIONI&#8221; css=&#8221;&#8221;]<\/p>\n<table width=\"655\">\n<tbody>\n<tr>\n<td width=\"417\">Capacit\u00e0 portante nominale<\/td>\n<td width=\"238\">3 500 kg<\/td>\n<\/tr>\n<tr>\n<td>Altezza massima di sollevamento<\/td>\n<td>7.43 m<\/td>\n<\/tr>\n<tr>\n<td>Lunghezza massima di estensione<\/td>\n<td>3.83 m<\/td>\n<\/tr>\n<tr>\n<td>Velocit\u00e0 massima di traslazione<\/td>\n<td>30 km\/h<\/td>\n<\/tr>\n<\/tbody>\n<\/table>\n<p>[\/vc_toggle][\/vc_column_inner][vc_column_inner width=&#8221;1\/2&#8243;][\/vc_column_inner][\/vc_row_inner][\/vc_tta_section][vc_tta_section title=&#8221;CARATTERISTICHE E VANTAGGI&#8221; tab_id=&#8221;1623355710952-d36b50a3-81ed&#8221;][vc_row_inner][vc_column_inner width=&#8221;1\/4&#8243;][vc_single_image image=&#8221;1070&#8243; img_size=&#8221;medium&#8221;][\/vc_column_inner][vc_column_inner width=&#8221;3\/4&#8243;][vc_custom_heading text=&#8221;FATTO PER L&#8217;EUROPA&#8221; font_container=&#8221;tag:h3|text_align:left&#8221; use_theme_fonts=&#8221;yes&#8221;][vc_column_text css=&#8221;&#8221;]Il sollevatore telescopico Sunward SWTH 3507, come tutte le macchine Sunward presenti sul mercato europeo, \u00e8 pienamente conforme alle norme UE ed \u00e8 stato specificamente adattato al mercato europeo. Dotato di assali DANA, pneumatici 400\/80-24 e un sistema di attacco rapido compatibile con Manitou e JCB, garantisce una perfetta integrazione nelle flotte esistenti.[\/vc_column_text][\/vc_column_inner][\/vc_row_inner][vc_separator][vc_row_inner][vc_column_inner width=&#8221;1\/4&#8243;][vc_single_image image=&#8221;1240&#8243; img_size=&#8221;medium&#8221;][\/vc_column_inner][vc_column_inner width=&#8221;3\/4&#8243;][vc_custom_heading text=&#8221;PRESTAZIONI POTENTI E AFFIDABILI&#8221; font_container=&#8221;tag:h3|text_align:left&#8221; use_theme_fonts=&#8221;yes&#8221; css=&#8221;&#8221;][vc_column_text css=&#8221;&#8221;]L&#8217;SWTH 3507 \u00e8 progettato per le applicazioni pi\u00f9 impegnative, con un robusto gruppo propulsore e un convertitore di coppia che garantiscono prestazioni fluide ed efficienti. I pneumatici off-road garantiscono una trazione e una stabilit\u00e0 eccezionali sui terreni accidentati, rendendolo un vero e proprio fuoristrada.[\/vc_column_text][\/vc_column_inner][\/vc_row_inner][vc_separator][vc_row_inner][vc_column_inner width=&#8221;1\/4&#8243;][vc_single_image image=&#8221;1091&#8243; img_size=&#8221;medium&#8221;][\/vc_column_inner][vc_column_inner width=&#8221;3\/4&#8243;][vc_custom_heading text=&#8221;COMPONENTI PREMIUM&#8221; font_container=&#8221;tag:h3|text_align:left&#8221; use_theme_fonts=&#8221;yes&#8221;][vc_column_text css=&#8221;&#8221;]Costruito con un design industriale di alto livello, l&#8217;SWTH 3507 \u00e8 dotato di un sistema idraulico avanzato, di un sistema di protezione antiribaltamento e di un sistema antibruciatura dei tubi dell&#8217;olio per una durata superiore. Le funzioni di rallentamento e di inching del braccio consentono un controllo preciso e una maggiore sicurezza durante il funzionamento.[\/vc_column_text][\/vc_column_inner][\/vc_row_inner][vc_separator][vc_row_inner][vc_column_inner width=&#8221;1\/4&#8243;][vc_single_image image=&#8221;1071&#8243; img_size=&#8221;medium&#8221;][\/vc_column_inner][vc_column_inner width=&#8221;3\/4&#8243;][vc_custom_heading text=&#8221;MIGLIOR RAPPORTO QUALIT\u00c0\/PREZZO&#8221; font_container=&#8221;tag:h3|text_align:left&#8221; use_theme_fonts=&#8221;yes&#8221; css=&#8221;&#8221;][vc_column_text css=&#8221;&#8221;]Il Sunward SWTH 3507 combina prestazioni elevate, componenti di prima qualit\u00e0 e caratteristiche di sicurezza all&#8217;avanguardia a un prezzo competitivo. Si tratta di una soluzione conveniente e ad alto ROI per le aziende che cercano un sollevatore telescopico durevole e affidabile.[\/vc_column_text][\/vc_column_inner][\/vc_row_inner][\/vc_tta_section][vc_tta_section title=&#8221;VIDEO&#8221; tab_id=&#8221;1623857706491-8aa3a03f-cca1&#8243;][vc_video link=&#8221;https:\/\/youtu.be\/KmIIRRfEKTA&#8221; css=&#8221;&#8221;][\/vc_tta_section][vc_tta_section title=&#8221;BROCHURE&#8221; tab_id=&#8221;1623857795794-8fd5289e-c5a3&#8243;][vc_row_inner content_placement=&#8221;middle&#8221;][vc_column_inner width=&#8221;1\/4&#8243;][vc_single_image image=&#8221;3923&#8243; img_size=&#8221;large&#8221; css=&#8221;&#8221;][\/vc_column_inner][vc_column_inner width=&#8221;3\/4&#8243;][vc_custom_heading text=&#8221;SPEC SHEET&#8221; font_container=&#8221;tag:h3|text_align:left&#8221; use_theme_fonts=&#8221;yes&#8221;][vc_btn title=&#8221;DOWNLOAD&#8221; color=&#8221;orange&#8221; size=&#8221;lg&#8221; css=&#8221;&#8221; link=&#8221;url:https%3A%2F%2Fsunward.eu%2Fwp-content%2Fuploads%2F2025%2F03%2FSPECS-SUNWARD_SWtH-3507_FINAL_HR_IT.pdf|title:Sunward%20SWTH%203507%20Specifications%20Sheet|target:_blank&#8221;][\/vc_column_inner][\/vc_row_inner][\/vc_tta_section][\/vc_tta_accordion][\/vc_column][\/vc_row]<\/p>\n<\/div>","protected":false},"excerpt":{"rendered":"<p>Il Sunward SWTH 3507 \u00e8 un sollevatore telescopico compatto ma potente, con una capacit\u00e0 di sollevamento di 3 500 kg e un&#8217;altezza massima di sollevamento di 7.43 metri. Progettato per i cantieri pi\u00f9 impegnativi, offre stabilit\u00e0, visibilit\u00e0 e agilit\u00e0, ideali per il sollevamento di pallet, balle o per la movimentazione di materiali in cantiere. Le caratteristiche standard includono tre modalit\u00e0 di sterzata, protezione antiribaltamento, forche autolivellanti e una cabina certificata ROPS\/FOPS con sistema HVAC completo. Costruito per garantire prestazioni e comfort all&#8217;operatore, l&#8217;SWTH 3507 \u00e8 pronto a lavorare fin dall&#8217;inizio. [&#8230;]<\/p>\n<p><a class=\"btn btn-secondary understrap-read-more-link\" href=\"https:\/\/sunward.eu\/it\/product\/swth3507\/\">Leggi tutto&#8230;<\/a><\/p>\n","protected":false},"featured_media":3922,"comment_status":"closed","ping_status":"closed","template":"","meta":{"_acf_changed":false,"inline_featured_image":false},"product_cat":[319],"product_tag":[],"class_list":{"0":"post-3894","1":"product","2":"type-product","3":"status-publish","4":"has-post-thumbnail","6":"product_cat-telehandlers","7":"pa_emission-rating-eu-stage-5","8":"pa_operating-weight-8-300-kg","9":"pa_power-output-55-kw","11":"first","12":"instock","13":"shipping-taxable","14":"product-type-simple"},"translation":{"provider":"WPGlobus","version":"2.12.2","language":"it","enabled_languages":["en","de","fr","it"],"languages":{"en":{"title":true,"content":true,"excerpt":true},"de":{"title":true,"content":true,"excerpt":true},"fr":{"title":true,"content":true,"excerpt":true},"it":{"title":true,"content":true,"excerpt":true}}},"acf":[],"yoast_head":"<!-- This site is optimized with the Yoast SEO plugin v22.6 - https:\/\/yoast.com\/wordpress\/plugins\/seo\/ -->\n<title>SWTH 3507 - Sunward Europe (Official Website for EU &amp; UK)<\/title>\n<meta name=\"robots\" content=\"index, follow, max-snippet:-1, max-image-preview:large, max-video-preview:-1\" \/>\n<link rel=\"canonical\" href=\"https:\/\/sunward.eu\/product\/swth3507\/\" \/>\n<meta property=\"og:locale\" content=\"it_IT\" \/>\n<meta property=\"og:type\" content=\"article\" \/>\n<meta property=\"og:title\" content=\"SWTH 3507 - Sunward Europe (Official Website for EU &amp; UK)\" \/>\n<meta property=\"og:url\" content=\"https:\/\/sunward.eu\/product\/swth3507\/\" \/>\n<meta property=\"og:site_name\" content=\"Sunward Europe (Official Website for EU &amp; UK)\" \/>\n<meta property=\"article:modified_time\" content=\"2025-07-10T13:25:47+00:00\" \/>\n<meta property=\"og:image\" content=\"https:\/\/sunward.eu\/wp-content\/uploads\/2025\/03\/Sunward-SWTH3507-MAIN.png\" \/>\n\t<meta property=\"og:image:width\" content=\"1000\" \/>\n\t<meta property=\"og:image:height\" content=\"1000\" \/>\n\t<meta property=\"og:image:type\" content=\"image\/png\" \/>\n<meta name=\"twitter:card\" content=\"summary_large_image\" \/>\n<meta name=\"twitter:label1\" content=\"Est. reading time\" \/>\n\t<meta name=\"twitter:data1\" content=\"4 minutes\" \/>\n<script type=\"application\/ld+json\" class=\"yoast-schema-graph\">{\"@context\":\"https:\/\/schema.org\",\"@graph\":[{\"@type\":\"WebPage\",\"@id\":\"https:\/\/sunward.eu\/product\/swth3507\/\",\"url\":\"https:\/\/sunward.eu\/product\/swth3507\/\",\"name\":\"SWTH 3507 - Sunward Europe (Official Website for EU &amp; UK)\",\"isPartOf\":{\"@id\":\"https:\/\/sunward.eu\/#website\"},\"primaryImageOfPage\":{\"@id\":\"https:\/\/sunward.eu\/product\/swth3507\/#primaryimage\"},\"image\":{\"@id\":\"https:\/\/sunward.eu\/product\/swth3507\/#primaryimage\"},\"thumbnailUrl\":\"https:\/\/sunward.eu\/wp-content\/uploads\/2025\/03\/Sunward-SWTH3507-MAIN.png\",\"datePublished\":\"2025-03-21T10:22:35+00:00\",\"dateModified\":\"2025-07-10T13:25:47+00:00\",\"description\":\"Discover the Sunward SWTH 3507 telehandler \u2013 a compact, all-terrain lifting solution with 3,500 kg capacity, 7.43 m lift height, and advanced safety and comfort features for tough jobsites.\",\"breadcrumb\":{\"@id\":\"https:\/\/sunward.eu\/product\/swth3507\/#breadcrumb\"},\"inLanguage\":\"it-IT\",\"potentialAction\":[{\"@type\":\"ReadAction\",\"target\":[\"https:\/\/sunward.eu\/product\/swth3507\/\"]}]},{\"@type\":\"ImageObject\",\"inLanguage\":\"it-IT\",\"@id\":\"https:\/\/sunward.eu\/product\/swth3507\/#primaryimage\",\"url\":\"https:\/\/sunward.eu\/wp-content\/uploads\/2025\/03\/Sunward-SWTH3507-MAIN.png\",\"contentUrl\":\"https:\/\/sunward.eu\/wp-content\/uploads\/2025\/03\/Sunward-SWTH3507-MAIN.png\",\"width\":1000,\"height\":1000,\"caption\":\"Sunward SWTH3507\"},{\"@type\":\"BreadcrumbList\",\"@id\":\"https:\/\/sunward.eu\/product\/swth3507\/#breadcrumb\",\"itemListElement\":[{\"@type\":\"ListItem\",\"position\":1,\"name\":\"Home\",\"item\":\"https:\/\/sunward.eu\/\"},{\"@type\":\"ListItem\",\"position\":2,\"name\":\"Products\",\"item\":\"https:\/\/sunward.eu\/shop\/\"},{\"@type\":\"ListItem\",\"position\":3,\"name\":\"{:en}Telehandlers{:}{:de}Teleskoplader{:}{:fr}Chariots t\u00e9lescopiques{:}{:it}Sollevatori telescopici{:}\",\"item\":\"https:\/\/sunward.eu\/product-category\/telehandlers\/\"},{\"@type\":\"ListItem\",\"position\":4,\"name\":\"SWTH 3507\"}]},{\"@type\":\"WebSite\",\"@id\":\"https:\/\/sunward.eu\/#website\",\"url\":\"https:\/\/sunward.eu\/\",\"name\":\"Sunward Europe (Official Website for EU &amp; UK)\",\"description\":\"The smart choice\",\"publisher\":{\"@id\":\"https:\/\/sunward.eu\/#organization\"},\"potentialAction\":[{\"@type\":\"SearchAction\",\"target\":{\"@type\":\"EntryPoint\",\"urlTemplate\":\"https:\/\/sunward.eu\/?s={search_term_string}\"},\"query-input\":\"required name=search_term_string\"}],\"inLanguage\":\"it-IT\"},{\"@type\":\"Organization\",\"@id\":\"https:\/\/sunward.eu\/#organization\",\"name\":\"Sunward Europe (Official Website for EU &amp; UK)\",\"url\":\"https:\/\/sunward.eu\/\",\"logo\":{\"@type\":\"ImageObject\",\"inLanguage\":\"it-IT\",\"@id\":\"https:\/\/sunward.eu\/#\/schema\/logo\/image\/\",\"url\":\"https:\/\/sunward.eu\/wp-content\/uploads\/2022\/01\/Website_Sunward_logo_top_180x63px.png\",\"contentUrl\":\"https:\/\/sunward.eu\/wp-content\/uploads\/2022\/01\/Website_Sunward_logo_top_180x63px.png\",\"width\":180,\"height\":63,\"caption\":\"Sunward Europe (Official Website for EU &amp; UK)\"},\"image\":{\"@id\":\"https:\/\/sunward.eu\/#\/schema\/logo\/image\/\"}}]}<\/script>\n<!-- \/ Yoast SEO plugin. -->","yoast_head_json":{"title":"SWTH 3507 - Sunward Europe (Official Website for EU &amp; UK)","robots":{"index":"index","follow":"follow","max-snippet":"max-snippet:-1","max-image-preview":"max-image-preview:large","max-video-preview":"max-video-preview:-1"},"canonical":"https:\/\/sunward.eu\/product\/swth3507\/","og_locale":"it_IT","og_type":"article","og_title":"SWTH 3507 - Sunward Europe (Official Website for EU &amp; UK)","og_url":"https:\/\/sunward.eu\/product\/swth3507\/","og_site_name":"Sunward Europe (Official Website for EU &amp; UK)","article_modified_time":"2025-07-10T13:25:47+00:00","og_image":[{"width":1000,"height":1000,"url":"https:\/\/sunward.eu\/wp-content\/uploads\/2025\/03\/Sunward-SWTH3507-MAIN.png","type":"image\/png"}],"twitter_card":"summary_large_image","twitter_misc":{"Est. reading time":"4 minutes"},"schema":{"@context":"https:\/\/schema.org","@graph":[{"@type":"WebPage","@id":"https:\/\/sunward.eu\/product\/swth3507\/","url":"https:\/\/sunward.eu\/product\/swth3507\/","name":"SWTH 3507 - Sunward Europe (Official Website for EU &amp; UK)","isPartOf":{"@id":"https:\/\/sunward.eu\/#website"},"primaryImageOfPage":{"@id":"https:\/\/sunward.eu\/product\/swth3507\/#primaryimage"},"image":{"@id":"https:\/\/sunward.eu\/product\/swth3507\/#primaryimage"},"thumbnailUrl":"https:\/\/sunward.eu\/wp-content\/uploads\/2025\/03\/Sunward-SWTH3507-MAIN.png","datePublished":"2025-03-21T10:22:35+00:00","dateModified":"2025-07-10T13:25:47+00:00","description":"Discover the Sunward SWTH 3507 telehandler \u2013 a compact, all-terrain lifting solution with 3,500 kg capacity, 7.43 m lift height, and advanced safety and comfort features for tough jobsites.","breadcrumb":{"@id":"https:\/\/sunward.eu\/product\/swth3507\/#breadcrumb"},"inLanguage":"it-IT","potentialAction":[{"@type":"ReadAction","target":["https:\/\/sunward.eu\/product\/swth3507\/"]}]},{"@type":"ImageObject","inLanguage":"it-IT","@id":"https:\/\/sunward.eu\/product\/swth3507\/#primaryimage","url":"https:\/\/sunward.eu\/wp-content\/uploads\/2025\/03\/Sunward-SWTH3507-MAIN.png","contentUrl":"https:\/\/sunward.eu\/wp-content\/uploads\/2025\/03\/Sunward-SWTH3507-MAIN.png","width":1000,"height":1000,"caption":"Sunward SWTH3507"},{"@type":"BreadcrumbList","@id":"https:\/\/sunward.eu\/product\/swth3507\/#breadcrumb","itemListElement":[{"@type":"ListItem","position":1,"name":"Home","item":"https:\/\/sunward.eu\/"},{"@type":"ListItem","position":2,"name":"Products","item":"https:\/\/sunward.eu\/shop\/"},{"@type":"ListItem","position":3,"name":"{:en}Telehandlers{:}{:de}Teleskoplader{:}{:fr}Chariots t\u00e9lescopiques{:}{:it}Sollevatori telescopici{:}","item":"https:\/\/sunward.eu\/product-category\/telehandlers\/"},{"@type":"ListItem","position":4,"name":"SWTH 3507"}]},{"@type":"WebSite","@id":"https:\/\/sunward.eu\/#website","url":"https:\/\/sunward.eu\/","name":"Sunward Europe (Official Website for EU &amp; UK)","description":"The smart choice","publisher":{"@id":"https:\/\/sunward.eu\/#organization"},"potentialAction":[{"@type":"SearchAction","target":{"@type":"EntryPoint","urlTemplate":"https:\/\/sunward.eu\/?s={search_term_string}"},"query-input":"required name=search_term_string"}],"inLanguage":"it-IT"},{"@type":"Organization","@id":"https:\/\/sunward.eu\/#organization","name":"Sunward Europe (Official Website for EU &amp; UK)","url":"https:\/\/sunward.eu\/","logo":{"@type":"ImageObject","inLanguage":"it-IT","@id":"https:\/\/sunward.eu\/#\/schema\/logo\/image\/","url":"https:\/\/sunward.eu\/wp-content\/uploads\/2022\/01\/Website_Sunward_logo_top_180x63px.png","contentUrl":"https:\/\/sunward.eu\/wp-content\/uploads\/2022\/01\/Website_Sunward_logo_top_180x63px.png","width":180,"height":63,"caption":"Sunward Europe (Official Website for EU &amp; UK)"},"image":{"@id":"https:\/\/sunward.eu\/#\/schema\/logo\/image\/"}}]}},"_links":{"self":[{"href":"https:\/\/sunward.eu\/it\/wp-json\/wp\/v2\/product\/3894","targetHints":{"allow":["GET"]}}],"collection":[{"href":"https:\/\/sunward.eu\/it\/wp-json\/wp\/v2\/product"}],"about":[{"href":"https:\/\/sunward.eu\/it\/wp-json\/wp\/v2\/types\/product"}],"replies":[{"embeddable":true,"href":"https:\/\/sunward.eu\/it\/wp-json\/wp\/v2\/comments?post=3894"}],"wp:featuredmedia":[{"embeddable":true,"href":"https:\/\/sunward.eu\/it\/wp-json\/wp\/v2\/media\/3922"}],"wp:attachment":[{"href":"https:\/\/sunward.eu\/it\/wp-json\/wp\/v2\/media?parent=3894"}],"wp:term":[{"taxonomy":"product_cat","embeddable":true,"href":"https:\/\/sunward.eu\/it\/wp-json\/wp\/v2\/product_cat?post=3894"},{"taxonomy":"product_tag","embeddable":true,"href":"https:\/\/sunward.eu\/it\/wp-json\/wp\/v2\/product_tag?post=3894"}],"curies":[{"name":"wp","href":"https:\/\/api.w.org\/{rel}","templated":true}]}}