{"id":3838,"date":"2025-03-17T16:46:18","date_gmt":"2025-03-17T15:46:18","guid":{"rendered":"https:\/\/sunward.eu\/?post_type=product&#038;p=3838"},"modified":"2026-03-20T17:08:07","modified_gmt":"2026-03-20T16:08:07","slug":"swe-20f-1","status":"publish","type":"product","link":"https:\/\/sunward.eu\/it\/product\/swe-20f-1\/","title":{"rendered":"SWE 20F"},"content":{"rendered":"<div class=\"wpb-content-wrapper\"><p>[vc_row][vc_column][vc_tta_accordion style=&#8221;flat&#8221; c_icon=&#8221;chevron&#8221; c_position=&#8221;right&#8221; active_section=&#8221;1&#8243; no_fill=&#8221;true&#8221; el_class=&#8221;custom-accordion&#8221;][vc_tta_section title=&#8221;SPECIFICHE&#8221; tab_id=&#8221;1623355628079-f58b5c44-7c4b&#8221;][vc_custom_heading text=&#8221;SUNWARD SWE 20F&#8221; font_container=&#8221;tag:h3|text_align:left&#8221; use_theme_fonts=&#8221;yes&#8221; css=&#8221;&#8221;][vc_column_text css=&#8221;&#8221;]<\/p>\n<p data-start=\"0\" data-end=\"345\">Il Sunward SWE 20F \u00e8 un mini escavatore di nuova generazione da 2 tonnellate, progettato per offrire maggiore comfort, prestazioni ed efficienza in ogni cantiere. Sviluppato per rispondere alle esigenze delle applicazioni moderne, combina un design compatto con funzionalit\u00e0 avanzate per supportare la produttivit\u00e0 in un\u2019ampia gamma di attivit\u00e0.<\/p>\n<p data-start=\"347\" data-end=\"688\">Una cabina completamente riprogettata e pi\u00f9 spaziosa offre una migliore visibilit\u00e0, livelli di rumorosit\u00e0 ridotti e un ambiente di lavoro pi\u00f9 confortevole. Il sedile a sospensione migliorato e il moderno display digitale aumentano ulteriormente il comfort dell\u2019operatore, rendendo le lunghe giornate di lavoro pi\u00f9 efficienti e meno faticose.<\/p>\n<p data-start=\"690\" data-end=\"959\">Il SWE 20F rimane facile da trasportare ed \u00e8 pienamente conforme ai requisiti dell\u2019UE. Il suo sottocarro estensibile (da 990 mm a 1.320 mm) garantisce un\u2019eccellente stabilit\u00e0, consentendo alla macchina di operare con sicurezza anche su terreni irregolari o impegnativi.<\/p>\n<p data-start=\"961\" data-end=\"1141\">In linea con la filosofia Sunward di offrire il massimo rapporto qualit\u00e0-prezzo, il SWE 20F \u00e8 ben equipaggiato di serie, offrendo un alto livello di funzionalit\u00e0 senza compromessi.<\/p>\n<p data-start=\"1143\" data-end=\"1485\">Progettata con un approccio pratico, la macchina garantisce un facile accesso per la manutenzione ed \u00e8 compatibile con un\u2019ampia gamma di attrezzature per adattarsi a diverse applicazioni. Che si tratti di paesaggistica, edilizia urbana o lavori di utilit\u00e0, il SWE 20F offre precisione, affidabilit\u00e0 e comfort per l\u2019operatore in ogni attivit\u00e0.<\/p>\n<p data-start=\"1487\" data-end=\"1513\" data-is-last-node=\"\" data-is-only-node=\"\">Scopri di pi\u00f9 sul SWE 20F.<\/p>\n<p>[\/vc_column_text][vc_row_inner][vc_column_inner width=&#8221;1\/2&#8243;][vc_toggle title=&#8221;TIPO DI CABINA&#8221;]<\/p>\n<table width=\"1271\">\n<tbody>\n<tr>\n<td width=\"573\">Tipo di cabina<\/td>\n<td width=\"698\">Cabina o tettuccio<\/td>\n<\/tr>\n<\/tbody>\n<\/table>\n<p>[\/vc_toggle][vc_toggle title=&#8221;DIMENSIONI&#8221; css=&#8221;&#8221;]<\/p>\n<table width=\"1271\">\n<tbody>\n<tr>\n<td width=\"573\">Peso operativo<\/td>\n<td width=\"698\">1 910 kg<\/td>\n<\/tr>\n<tr>\n<td width=\"573\">Capacit\u00e0 benna standard<\/td>\n<td>0.035 m\u00b3<\/td>\n<\/tr>\n<tr>\n<td width=\"573\">Lunghezza di trasporto<\/td>\n<td>3 840 mm<\/td>\n<\/tr>\n<tr>\n<td width=\"573\">Larghezza di trasporto<\/td>\n<td>990 mm<\/td>\n<\/tr>\n<tr>\n<td width=\"573\">Altezza alla cabina<\/td>\n<td>2 360 mm<\/td>\n<\/tr>\n<\/tbody>\n<\/table>\n<p>[\/vc_toggle][vc_toggle title=&#8221;MOTORE&#8221; css=&#8221;&#8221;]<\/p>\n<table width=\"1271\">\n<tbody>\n<tr>\n<td width=\"573\">Modello<\/td>\n<td width=\"698\">Yanmar 3TNV80F-SSU<\/td>\n<\/tr>\n<tr>\n<td>Classe emissioni<\/td>\n<td>UE Stage V<\/td>\n<\/tr>\n<tr>\n<td>Cilindrata<\/td>\n<td>1.267 L<\/td>\n<\/tr>\n<tr>\n<td>Potenza nominale di uscita<\/td>\n<td>13.4 kW<\/td>\n<\/tr>\n<\/tbody>\n<\/table>\n<p>[\/vc_toggle][vc_toggle title=&#8221;IMPIANTO IDRAULICO&#8221; css=&#8221;&#8221;]<\/p>\n<table width=\"1271\">\n<tbody>\n<tr>\n<td width=\"573\">Tipo<\/td>\n<td width=\"698\">2 pompe a pistoni a cilindrata variabile + 1 pompa a ingranaggi + 1 pompa di pilotaggio a ingranaggi<\/td>\n<\/tr>\n<tr>\n<td>Cilindrata<\/td>\n<td>2*21+13+6 L\/min<\/td>\n<\/tr>\n<tr>\n<td>Pressione idraulica<\/td>\n<td>21 \/ 19 Mpa<\/td>\n<\/tr>\n<\/tbody>\n<\/table>\n<p>[\/vc_toggle][vc_toggle title=&#8221;DIAGRAMMA DI LAVORO&#8221; css=&#8221;&#8221;]<\/p>\n<table width=\"1271\">\n<tbody>\n<tr>\n<td width=\"573\">Profondit\u00e0 di scavo max<\/td>\n<td width=\"698\">2 260 mm<\/td>\n<\/tr>\n<tr>\n<td>Sbraccio di scavo max<\/td>\n<td>4 075 mm<\/td>\n<\/tr>\n<tr>\n<td>Forza di scavo max &#8211; alla benna<\/td>\n<td>21 kN<\/td>\n<\/tr>\n<tr>\n<td>Forza di scavo max &#8211; al bilanciere<\/td>\n<td>9.8 kN<\/td>\n<\/tr>\n<\/tbody>\n<\/table>\n<p>[\/vc_toggle][\/vc_column_inner][vc_column_inner width=&#8221;1\/2&#8243;][\/vc_column_inner][\/vc_row_inner][\/vc_tta_section][vc_tta_section title=&#8221;CARATTERISTICHE E VANTAGGI&#8221; tab_id=&#8221;1623355710952-d36b50a3-81ed&#8221;][vc_row_inner][vc_column_inner width=&#8221;1\/4&#8243;][vc_single_image image=&#8221;1070&#8243; img_size=&#8221;medium&#8221;][\/vc_column_inner][vc_column_inner width=&#8221;3\/4&#8243;][vc_custom_heading text=&#8221;FATTO PER L&#8217;EUROPA&#8221; font_container=&#8221;tag:h3|text_align:left&#8221; use_theme_fonts=&#8221;yes&#8221;][vc_column_text]Come tutte le macchine Sunward vendute in Europa, anche il Sunward SWE 20F non \u00e8 semplicemente certificato a norma UE, ma \u00e8 stato progettato per soddisfare le esigenze dei clienti europei.[\/vc_column_text][\/vc_column_inner][\/vc_row_inner][vc_separator][vc_row_inner][vc_column_inner width=&#8221;1\/4&#8243;][vc_single_image image=&#8221;1080&#8243; img_size=&#8221;medium&#8221;][\/vc_column_inner][vc_column_inner width=&#8221;3\/4&#8243;][vc_custom_heading text=&#8221;MOTORE POTENTE E AFFIDABILE&#8221; font_container=&#8221;tag:h3|text_align:left&#8221; use_theme_fonts=&#8221;yes&#8221;][vc_column_text css=&#8221;&#8221;]Per il nuovo SWE 20F-1 abbiamo scelto il potente motore Yanmar 3TNV80F-SSU, noto per i suoi bassi consumi, la silenziosit\u00e0 e le prestazioni costanti, anche in alta quota o in ambienti difficili. Con una potenza di 13.4 kW, questo compatto motore diesel industriale soddisfa gli standard EU Stage V ed EPA Final Tier 4. Perfettamente abbinato all&#8217;avanzato sistema idraulico Sunward, garantisce un funzionamento fluido e reattivo in tutte le applicazioni, rendendolo il propulsore ideale per questo miniescavatore di nuova generazione ad alte prestazioni.[\/vc_column_text][\/vc_column_inner][\/vc_row_inner][vc_separator][vc_row_inner][vc_column_inner width=&#8221;1\/4&#8243;][vc_single_image image=&#8221;1091&#8243; img_size=&#8221;medium&#8221;][\/vc_column_inner][vc_column_inner width=&#8221;3\/4&#8243;][vc_custom_heading text=&#8221;COMPONENTI PREMIUM&#8221; font_container=&#8221;tag:h3|text_align:left&#8221; use_theme_fonts=&#8221;yes&#8221;][vc_column_text css=&#8221;&#8221;]Tous les composants cl\u00e9s du nouveau Sunward SWE 20F-1 sont soigneusement s\u00e9lectionn\u00e9s afin de garantir des performances maximales et une durabilit\u00e9 optimale &#8211; du moteur fiable au syst\u00e8me hydraulique \u00e0 haut rendement. Puisque l\u2019hydraulique est le c\u0153ur de toute pelle, Sunward fait appel \u00e0 des fabricants haut de gamme pour la pompe hydraulique, le moteur de rotation et le moteur de translation. Reconnus pour leur conception compacte, leur fiabilit\u00e9 et leur efficacit\u00e9, ces composants assurent un contr\u00f4le fluide et r\u00e9actif, et jouent un r\u00f4le essentiel dans les performances exceptionnelles et la fiabilit\u00e9 \u00e0 long terme du SWE 20F-1.[\/vc_column_text][\/vc_column_inner][\/vc_row_inner][vc_separator][vc_row_inner][vc_column_inner width=&#8221;1\/4&#8243;][vc_single_image image=&#8221;1132&#8243; img_size=&#8221;medium&#8221;][\/vc_column_inner][vc_column_inner width=&#8221;3\/4&#8243;][vc_custom_heading text=&#8221;FLESSIBILE E STABILE&#8221; font_container=&#8221;tag:h3|text_align:left&#8221; use_theme_fonts=&#8221;yes&#8221;][vc_column_text css=&#8221;&#8221;]Il carro allargabile dello SWE 20F-1 &#8211; la carreggiata pu\u00f2 essere allargata da 990 a 1 360 mm &#8211; fornisce solida stabilit\u00e0 che assicura sicurezza e comodit\u00e0 in tutte le applicazioni. La carreggiata allargabile \u00e8 ideale negli spazi angusti o quando \u00e8 richiesta una maggiore stabilit\u00e0.[\/vc_column_text][\/vc_column_inner][\/vc_row_inner][vc_separator][vc_row_inner][vc_column_inner width=&#8221;1\/4&#8243;][vc_single_image image=&#8221;1076&#8243; img_size=&#8221;medium&#8221;][\/vc_column_inner][vc_column_inner width=&#8221;3\/4&#8243;][vc_custom_heading text=&#8221;AMPIO DIAGRAMMA DI LAVORO&#8221; font_container=&#8221;tag:h3|text_align:left&#8221; use_theme_fonts=&#8221;yes&#8221;][vc_column_text css=&#8221;&#8221;]Il miniescavatore SWE 20F-1 offre eccezionali forze di scavo di oltre 22.7 kN alla benna e 9.8 kN al bilanciere, che gli consentono di rivaleggiare facilmente con i concorrenti di mercato. Per quanto riguarda invece la capacit\u00e0 di scavo a sbraccio lungo, la configurazione del cilindro del braccio dello SWE 20F-1 gli consente uno sbraccio di oltre 1 metro (1 150 mm).[\/vc_column_text][\/vc_column_inner][\/vc_row_inner][vc_separator][vc_row_inner][vc_column_inner width=&#8221;1\/4&#8243;][vc_single_image image=&#8221;1079&#8243; img_size=&#8221;medium&#8221;][\/vc_column_inner][vc_column_inner width=&#8221;3\/4&#8243;][vc_custom_heading text=&#8221;PRONTO PER LE PI\u00d9 DIVERSE APPLICAZIONI&#8221; font_container=&#8221;tag:h3|text_align:left&#8221; use_theme_fonts=&#8221;yes&#8221;][vc_column_text css=&#8221;&#8221;]La versatilit\u00e0 di un miniescavatore inizia dalla sua facilit\u00e0 di trasporto, e il nuovo SWE 20F-1 va oltre i requisiti di conformit\u00e0 UE per il trasporto. Con una larghezza compatta di soli 990 mm e un peso di trasporto a partire da 1 910 kg, \u00e8 ideale per il carico su un piccolo rimorchio insieme a un massimo di 3 benne e un martello demolitore idraulico, mantenendo il peso totale di trasporto vicino alle 2 tonnellate. Dotato di un blocco automatico della rotazione e di 4 punti di ancoraggio facilmente accessibili integrati nel sottocarro, garantisce un trasporto sicuro e protetto. In cantiere, lo SWE 20F-1 si adatta senza sforzo a molteplici attivit\u00e0, grazie a 3 linee idrauliche ausiliarie di serie \u2013 una caratteristica rara in questa categoria \u2013 complete di impostazioni di pressione e portata regolabili. Questo lo rende compatibile con un&#8217;ampia gamma di accessori, da martelli demolitori e trivelle a benne inclinabili e pinze, direttamente dalla fabbrica.[\/vc_column_text][\/vc_column_inner][\/vc_row_inner][vc_separator][vc_row_inner][vc_column_inner width=&#8221;1\/4&#8243;][vc_single_image image=&#8221;1071&#8243; img_size=&#8221;medium&#8221;][\/vc_column_inner][vc_column_inner width=&#8221;3\/4&#8243;][vc_custom_heading text=&#8221;MIGLIOR RAPPORTO QUALIT\u00c0\/PREZZO&#8221; font_container=&#8221;tag:h3|text_align:left&#8221; use_theme_fonts=&#8221;yes&#8221;][vc_column_text css=&#8221;&#8221;]Sunward: l&#8217;investimento perfetto in affidabilit\u00e0, prestazioni e ritorno sull&#8217;investimento. Nel progettare lo SWE 20F-1, particolare cura \u00e8 stata data alla scelta dei componenti al fine di semplificarne uso e manutenzione. Dalle nostre scelte progettuali nascono macchine che offrono moltissime caratteristiche di serie, componenti chiave di primissima qualit\u00e0 e grandi capacit\u00e0&#8230; il tutto a un prezzo pi\u00f9 che ragionevole.<br \/>\nInoltre, anche i ricambi originali Sunward sono economici e quest&#8217;ottimo rapporto qualit\u00e0-prezzo \u00e8 coronato dalla garanzia di 5 anni, di serie su tutti i prodotti Sunward.[\/vc_column_text][\/vc_column_inner][\/vc_row_inner][\/vc_tta_section][vc_tta_section title=&#8221;VIDEO&#8221; tab_id=&#8221;1623857706491-8aa3a03f-cca1&#8243;][vc_video link=&#8221;https:\/\/youtu.be\/WGf3YOsSiAs&#8221;][\/vc_tta_section][vc_tta_section title=&#8221;BROCHURE&#8221; tab_id=&#8221;1623857795794-8fd5289e-c5a3&#8243;][vc_row_inner content_placement=&#8221;middle&#8221;][vc_column_inner width=&#8221;1\/4&#8243;][vc_single_image image=&#8221;4585&#8243; img_size=&#8221;large&#8221; css=&#8221;&#8221;][\/vc_column_inner][vc_column_inner width=&#8221;3\/4&#8243;][vc_custom_heading text=&#8221;BROCHURE PRODOTTO&#8221; font_container=&#8221;tag:h3|text_align:left&#8221; use_theme_fonts=&#8221;yes&#8221;][vc_btn title=&#8221;SCARICA&#8221; color=&#8221;orange&#8221; size=&#8221;lg&#8221; css=&#8221;&#8221; link=&#8221;url:https%3A%2F%2Fsunward.eu%2Fwp-content%2Fuploads%2F2026%2F03%2FSUNWARD_SWE-20F_03.2026_FINAL_HR_IT.pdf|title:Sunward%20SWE%2020F%20Product%20Brochure|target:_blank&#8221;][\/vc_column_inner][\/vc_row_inner][\/vc_tta_section][\/vc_tta_accordion][\/vc_column][\/vc_row]<\/p>\n<\/div>","protected":false},"excerpt":{"rendered":"<p>Il Sunward SWE 20F \u00e8 dotato di una cabina completamente riprogettata e pi\u00f9 spaziosa, che garantisce maggiore comfort e controllo. Compatto, potente e facile da trasportare, offre prestazioni affidabili, stabilit\u00e0 e sicurezza per l\u2019operatore in tutte le condizioni di lavoro. [&#8230;]<\/p>\n<p><a class=\"btn btn-secondary understrap-read-more-link\" href=\"https:\/\/sunward.eu\/it\/product\/swe-20f-1\/\">Leggi tutto&#8230;<\/a><\/p>\n","protected":false},"featured_media":4049,"comment_status":"closed","ping_status":"closed","template":"","meta":{"_acf_changed":false,"inline_featured_image":false},"product_cat":[26,37],"product_tag":[],"class_list":{"0":"post-3838","1":"product","2":"type-product","3":"status-publish","4":"has-post-thumbnail","6":"product_cat-excavators","7":"product_cat-mini-excavators","8":"pa_emission-rating-eu-stage-5","9":"pa_max-digging-depth-2-260-mm","10":"pa_operating-weight-1910-kg","11":"pa_power-output-13-4-kw","12":"pa_width-123-321-mm","14":"first","15":"instock","16":"shipping-taxable","17":"product-type-simple"},"translation":{"provider":"WPGlobus","version":"2.12.2","language":"it","enabled_languages":["en","de","fr","it"],"languages":{"en":{"title":true,"content":true,"excerpt":true},"de":{"title":true,"content":true,"excerpt":true},"fr":{"title":true,"content":true,"excerpt":true},"it":{"title":true,"content":true,"excerpt":true}}},"acf":[],"yoast_head":"<!-- This site is optimized with the Yoast SEO plugin v22.6 - https:\/\/yoast.com\/wordpress\/plugins\/seo\/ -->\n<title>SWE 20F - Sunward Europe (Official Website for EU &amp; UK)<\/title>\n<meta name=\"robots\" content=\"index, follow, max-snippet:-1, max-image-preview:large, max-video-preview:-1\" \/>\n<link rel=\"canonical\" href=\"https:\/\/sunward.eu\/product\/swe-20f-1\/\" \/>\n<meta property=\"og:locale\" content=\"it_IT\" \/>\n<meta property=\"og:type\" content=\"article\" \/>\n<meta property=\"og:title\" content=\"SWE 20F - Sunward Europe (Official Website for EU &amp; UK)\" \/>\n<meta property=\"og:url\" content=\"https:\/\/sunward.eu\/product\/swe-20f-1\/\" \/>\n<meta property=\"og:site_name\" content=\"Sunward Europe (Official Website for EU &amp; UK)\" \/>\n<meta property=\"article:modified_time\" content=\"2026-03-20T16:08:07+00:00\" \/>\n<meta property=\"og:image\" content=\"https:\/\/sunward.eu\/wp-content\/uploads\/2025\/03\/SWE-20F-1-MAIN.png\" \/>\n\t<meta property=\"og:image:width\" content=\"1000\" \/>\n\t<meta property=\"og:image:height\" content=\"1000\" \/>\n\t<meta property=\"og:image:type\" content=\"image\/png\" \/>\n<meta name=\"twitter:card\" content=\"summary_large_image\" \/>\n<meta name=\"twitter:label1\" content=\"Est. reading time\" \/>\n\t<meta name=\"twitter:data1\" content=\"5 minutes\" \/>\n<script type=\"application\/ld+json\" class=\"yoast-schema-graph\">{\"@context\":\"https:\/\/schema.org\",\"@graph\":[{\"@type\":\"WebPage\",\"@id\":\"https:\/\/sunward.eu\/product\/swe-20f-1\/\",\"url\":\"https:\/\/sunward.eu\/product\/swe-20f-1\/\",\"name\":\"SWE 20F - Sunward Europe (Official Website for EU &amp; UK)\",\"isPartOf\":{\"@id\":\"https:\/\/sunward.eu\/#website\"},\"primaryImageOfPage\":{\"@id\":\"https:\/\/sunward.eu\/product\/swe-20f-1\/#primaryimage\"},\"image\":{\"@id\":\"https:\/\/sunward.eu\/product\/swe-20f-1\/#primaryimage\"},\"thumbnailUrl\":\"https:\/\/sunward.eu\/wp-content\/uploads\/2025\/03\/SWE-20F-1-MAIN.png\",\"datePublished\":\"2025-03-17T15:46:18+00:00\",\"dateModified\":\"2026-03-20T16:08:07+00:00\",\"breadcrumb\":{\"@id\":\"https:\/\/sunward.eu\/product\/swe-20f-1\/#breadcrumb\"},\"inLanguage\":\"it-IT\",\"potentialAction\":[{\"@type\":\"ReadAction\",\"target\":[\"https:\/\/sunward.eu\/product\/swe-20f-1\/\"]}]},{\"@type\":\"ImageObject\",\"inLanguage\":\"it-IT\",\"@id\":\"https:\/\/sunward.eu\/product\/swe-20f-1\/#primaryimage\",\"url\":\"https:\/\/sunward.eu\/wp-content\/uploads\/2025\/03\/SWE-20F-1-MAIN.png\",\"contentUrl\":\"https:\/\/sunward.eu\/wp-content\/uploads\/2025\/03\/SWE-20F-1-MAIN.png\",\"width\":1000,\"height\":1000,\"caption\":\"Sunward SWE 20F-1\"},{\"@type\":\"BreadcrumbList\",\"@id\":\"https:\/\/sunward.eu\/product\/swe-20f-1\/#breadcrumb\",\"itemListElement\":[{\"@type\":\"ListItem\",\"position\":1,\"name\":\"Home\",\"item\":\"https:\/\/sunward.eu\/\"},{\"@type\":\"ListItem\",\"position\":2,\"name\":\"Products\",\"item\":\"https:\/\/sunward.eu\/shop\/\"},{\"@type\":\"ListItem\",\"position\":3,\"name\":\"Excavators\",\"item\":\"https:\/\/sunward.eu\/product-category\/excavators\/\"},{\"@type\":\"ListItem\",\"position\":4,\"name\":\"SWE 20F\"}]},{\"@type\":\"WebSite\",\"@id\":\"https:\/\/sunward.eu\/#website\",\"url\":\"https:\/\/sunward.eu\/\",\"name\":\"Sunward Europe (Official Website for EU &amp; UK)\",\"description\":\"The smart choice\",\"publisher\":{\"@id\":\"https:\/\/sunward.eu\/#organization\"},\"potentialAction\":[{\"@type\":\"SearchAction\",\"target\":{\"@type\":\"EntryPoint\",\"urlTemplate\":\"https:\/\/sunward.eu\/?s={search_term_string}\"},\"query-input\":\"required name=search_term_string\"}],\"inLanguage\":\"it-IT\"},{\"@type\":\"Organization\",\"@id\":\"https:\/\/sunward.eu\/#organization\",\"name\":\"Sunward Europe (Official Website for EU &amp; UK)\",\"url\":\"https:\/\/sunward.eu\/\",\"logo\":{\"@type\":\"ImageObject\",\"inLanguage\":\"it-IT\",\"@id\":\"https:\/\/sunward.eu\/#\/schema\/logo\/image\/\",\"url\":\"https:\/\/sunward.eu\/wp-content\/uploads\/2022\/01\/Website_Sunward_logo_top_180x63px.png\",\"contentUrl\":\"https:\/\/sunward.eu\/wp-content\/uploads\/2022\/01\/Website_Sunward_logo_top_180x63px.png\",\"width\":180,\"height\":63,\"caption\":\"Sunward Europe (Official Website for EU &amp; UK)\"},\"image\":{\"@id\":\"https:\/\/sunward.eu\/#\/schema\/logo\/image\/\"}}]}<\/script>\n<!-- \/ Yoast SEO plugin. -->","yoast_head_json":{"title":"SWE 20F - Sunward Europe (Official Website for EU &amp; UK)","robots":{"index":"index","follow":"follow","max-snippet":"max-snippet:-1","max-image-preview":"max-image-preview:large","max-video-preview":"max-video-preview:-1"},"canonical":"https:\/\/sunward.eu\/product\/swe-20f-1\/","og_locale":"it_IT","og_type":"article","og_title":"SWE 20F - Sunward Europe (Official Website for EU &amp; UK)","og_url":"https:\/\/sunward.eu\/product\/swe-20f-1\/","og_site_name":"Sunward Europe (Official Website for EU &amp; UK)","article_modified_time":"2026-03-20T16:08:07+00:00","og_image":[{"width":1000,"height":1000,"url":"https:\/\/sunward.eu\/wp-content\/uploads\/2025\/03\/SWE-20F-1-MAIN.png","type":"image\/png"}],"twitter_card":"summary_large_image","twitter_misc":{"Est. reading time":"5 minutes"},"schema":{"@context":"https:\/\/schema.org","@graph":[{"@type":"WebPage","@id":"https:\/\/sunward.eu\/product\/swe-20f-1\/","url":"https:\/\/sunward.eu\/product\/swe-20f-1\/","name":"SWE 20F - Sunward Europe (Official Website for EU &amp; UK)","isPartOf":{"@id":"https:\/\/sunward.eu\/#website"},"primaryImageOfPage":{"@id":"https:\/\/sunward.eu\/product\/swe-20f-1\/#primaryimage"},"image":{"@id":"https:\/\/sunward.eu\/product\/swe-20f-1\/#primaryimage"},"thumbnailUrl":"https:\/\/sunward.eu\/wp-content\/uploads\/2025\/03\/SWE-20F-1-MAIN.png","datePublished":"2025-03-17T15:46:18+00:00","dateModified":"2026-03-20T16:08:07+00:00","breadcrumb":{"@id":"https:\/\/sunward.eu\/product\/swe-20f-1\/#breadcrumb"},"inLanguage":"it-IT","potentialAction":[{"@type":"ReadAction","target":["https:\/\/sunward.eu\/product\/swe-20f-1\/"]}]},{"@type":"ImageObject","inLanguage":"it-IT","@id":"https:\/\/sunward.eu\/product\/swe-20f-1\/#primaryimage","url":"https:\/\/sunward.eu\/wp-content\/uploads\/2025\/03\/SWE-20F-1-MAIN.png","contentUrl":"https:\/\/sunward.eu\/wp-content\/uploads\/2025\/03\/SWE-20F-1-MAIN.png","width":1000,"height":1000,"caption":"Sunward SWE 20F-1"},{"@type":"BreadcrumbList","@id":"https:\/\/sunward.eu\/product\/swe-20f-1\/#breadcrumb","itemListElement":[{"@type":"ListItem","position":1,"name":"Home","item":"https:\/\/sunward.eu\/"},{"@type":"ListItem","position":2,"name":"Products","item":"https:\/\/sunward.eu\/shop\/"},{"@type":"ListItem","position":3,"name":"Excavators","item":"https:\/\/sunward.eu\/product-category\/excavators\/"},{"@type":"ListItem","position":4,"name":"SWE 20F"}]},{"@type":"WebSite","@id":"https:\/\/sunward.eu\/#website","url":"https:\/\/sunward.eu\/","name":"Sunward Europe (Official Website for EU &amp; UK)","description":"The smart choice","publisher":{"@id":"https:\/\/sunward.eu\/#organization"},"potentialAction":[{"@type":"SearchAction","target":{"@type":"EntryPoint","urlTemplate":"https:\/\/sunward.eu\/?s={search_term_string}"},"query-input":"required name=search_term_string"}],"inLanguage":"it-IT"},{"@type":"Organization","@id":"https:\/\/sunward.eu\/#organization","name":"Sunward Europe (Official Website for EU &amp; UK)","url":"https:\/\/sunward.eu\/","logo":{"@type":"ImageObject","inLanguage":"it-IT","@id":"https:\/\/sunward.eu\/#\/schema\/logo\/image\/","url":"https:\/\/sunward.eu\/wp-content\/uploads\/2022\/01\/Website_Sunward_logo_top_180x63px.png","contentUrl":"https:\/\/sunward.eu\/wp-content\/uploads\/2022\/01\/Website_Sunward_logo_top_180x63px.png","width":180,"height":63,"caption":"Sunward Europe (Official Website for EU &amp; UK)"},"image":{"@id":"https:\/\/sunward.eu\/#\/schema\/logo\/image\/"}}]}},"_links":{"self":[{"href":"https:\/\/sunward.eu\/it\/wp-json\/wp\/v2\/product\/3838","targetHints":{"allow":["GET"]}}],"collection":[{"href":"https:\/\/sunward.eu\/it\/wp-json\/wp\/v2\/product"}],"about":[{"href":"https:\/\/sunward.eu\/it\/wp-json\/wp\/v2\/types\/product"}],"replies":[{"embeddable":true,"href":"https:\/\/sunward.eu\/it\/wp-json\/wp\/v2\/comments?post=3838"}],"wp:featuredmedia":[{"embeddable":true,"href":"https:\/\/sunward.eu\/it\/wp-json\/wp\/v2\/media\/4049"}],"wp:attachment":[{"href":"https:\/\/sunward.eu\/it\/wp-json\/wp\/v2\/media?parent=3838"}],"wp:term":[{"taxonomy":"product_cat","embeddable":true,"href":"https:\/\/sunward.eu\/it\/wp-json\/wp\/v2\/product_cat?post=3838"},{"taxonomy":"product_tag","embeddable":true,"href":"https:\/\/sunward.eu\/it\/wp-json\/wp\/v2\/product_tag?post=3838"}],"curies":[{"name":"wp","href":"https:\/\/api.w.org\/{rel}","templated":true}]}}