{"id":3523,"date":"2024-04-02T15:22:44","date_gmt":"2024-04-02T13:22:44","guid":{"rendered":"https:\/\/sunward.eu\/?post_type=product&#038;p=3523"},"modified":"2025-09-22T15:58:50","modified_gmt":"2025-09-22T13:58:50","slug":"sl-12w","status":"publish","type":"product","link":"https:\/\/sunward.eu\/it\/product\/sl-12w\/","title":{"rendered":"SL 12W"},"content":{"rendered":"<div class=\"wpb-content-wrapper\"><p>[vc_row][vc_column][vc_tta_accordion style=&#8221;flat&#8221; c_icon=&#8221;chevron&#8221; c_position=&#8221;right&#8221; active_section=&#8221;1&#8243; no_fill=&#8221;true&#8221; el_class=&#8221;custom-accordion&#8221;][vc_tta_section title=&#8221;SPECIFICHE&#8221; tab_id=&#8221;1623355628079-f58b5c44-7c4b&#8221;][vc_custom_heading text=&#8221;SUNWARD SL 12W&#8221; font_container=&#8221;tag:h3|text_align:left&#8221; use_theme_fonts=&#8221;yes&#8221; css=&#8221;&#8221;][vc_column_text css=&#8221;&#8221;]La pala gommata SL 12W \u00e8 una testimonianza dell&#8217;abilit\u00e0 ingegneristica di Sunward.<\/p>\n<p>Alimentato da un robusto motore Kubota, offre prestazioni eccezionali e conformit\u00e0 ambientale.<\/p>\n<p>Questa pala compatta, con un peso operativo di 2 500 kg, \u00e8 progettata per garantire stabilit\u00e0 e potenza, rendendola adatta a una variet\u00e0 di compiti.<\/p>\n<p>La capacit\u00e0 della benna di 0.38 m3 con una capacit\u00e0 di carico di 1 000 kg e il sistema di attacco rapido idraulico sono ottimizzati per un&#8217;efficace movimentazione dei materiali.<\/p>\n<p>Il design di questo modello si concentra sull&#8217;efficienza senza sacrificare la potenza, grazie alla tecnologia avanzata del motore e al design ergonomico.<\/p>\n<p>Le dimensioni compatte dell&#8217;SL 12W consentono una facile manovrabilit\u00e0 in spazi ristretti, rendendolo una scelta versatile per progetti di costruzione urbana e paesaggistica.<\/p>\n<p>Il motore EU Stage V della pala non \u00e8 solo ecologico ma anche parsimonioso nel consumo di carburante, riducendo significativamente i costi operativi.[\/vc_column_text][vc_separator color=&#8221;white&#8221;][vc_row_inner][vc_column_inner width=&#8221;1\/2&#8243;][vc_toggle title=&#8221;DIMENSIONI E PESI&#8221; css=&#8221;&#8221;]<\/p>\n<table width=\"655\">\n<tbody>\n<tr>\n<td width=\"417\">Peso operativo<\/td>\n<td width=\"238\">2 500 kg<\/td>\n<\/tr>\n<tr>\n<td>Lunghezza con benna standard<\/td>\n<td>4 210 mm<\/td>\n<\/tr>\n<tr>\n<td>Larghezza senza benna<\/td>\n<td>1 310 mm<\/td>\n<\/tr>\n<tr>\n<td>Altezza fino alla sommit\u00e0 della cabina ROPS<\/td>\n<td>2 316 mm<\/td>\n<\/tr>\n<\/tbody>\n<\/table>\n<p>[\/vc_toggle][vc_toggle title=&#8221;MOTORE&#8221; css=&#8221;&#8221;]<\/p>\n<table width=\"655\">\n<tbody>\n<tr>\n<td width=\"417\">Modello<\/td>\n<td width=\"238\">KUBOTA D1703<\/td>\n<\/tr>\n<tr>\n<td>Classe emissioni<\/td>\n<td>EU Stage V<\/td>\n<\/tr>\n<tr>\n<td>Potenza nominale di uscita<\/td>\n<td>18.5 kW<\/td>\n<\/tr>\n<\/tbody>\n<\/table>\n<p>[\/vc_toggle][vc_toggle title=&#8221;PRESTAZIONI&#8221; css=&#8221;&#8221;]<\/p>\n<table width=\"655\">\n<tbody>\n<tr>\n<td width=\"417\">Carico nominale<\/td>\n<td width=\"238\">1 000 kg<\/td>\n<\/tr>\n<tr>\n<td>Capacit\u00e0 della benna<\/td>\n<td>0.38 m\u00b3<\/td>\n<\/tr>\n<tr>\n<td>Forza max di strappo<\/td>\n<td>19 kN<\/td>\n<\/tr>\n<tr>\n<td>Velocit\u00e0 di traslazione<\/td>\n<td>7\/18 km\/h<\/td>\n<\/tr>\n<\/tbody>\n<\/table>\n<p>[\/vc_toggle][\/vc_column_inner][vc_column_inner width=&#8221;1\/2&#8243;][\/vc_column_inner][\/vc_row_inner][\/vc_tta_section][vc_tta_section title=&#8221;CARATTERISTICHE E VANTAGGI&#8221; tab_id=&#8221;1623355710952-d36b50a3-81ed&#8221;][vc_row_inner][vc_column_inner width=&#8221;1\/4&#8243;][vc_single_image image=&#8221;1070&#8243; img_size=&#8221;medium&#8221;][\/vc_column_inner][vc_column_inner width=&#8221;3\/4&#8243;][vc_custom_heading text=&#8221;FATTA PER L&#8217;EUROPA&#8221; font_container=&#8221;tag:h3|text_align:left&#8221; use_theme_fonts=&#8221;yes&#8221;][vc_column_text css=&#8221;&#8221;]Come tutte le altre macchine Sunward sul mercato europeo, la SL 12W \u00e8 progettata per soddisfare le esigenze dei clienti europei e ha tutte le certificazioni UE.[\/vc_column_text][\/vc_column_inner][\/vc_row_inner][vc_separator][vc_row_inner][vc_column_inner width=&#8221;1\/4&#8243;][vc_single_image image=&#8221;1456&#8243; img_size=&#8221;medium&#8221;][\/vc_column_inner][vc_column_inner width=&#8221;3\/4&#8243;][vc_custom_heading text=&#8221;COSTRUITA PER IL MULTITASKING&#8221; font_container=&#8221;tag:h3|text_align:left&#8221; use_theme_fonts=&#8221;yes&#8221;][vc_column_text css=&#8221;&#8221;]Realizzato per essere flessibile, SL 12W \u00e8 in grado di gestire le esigenze di varie applicazioni, dall&#8217;edilizia all&#8217;agricoltura. \u00c8 compatto e manovrabile, il che lo rende ideale per spazi ristretti.<\/p>\n<p>La versatilit\u00e0 di una minipala inizia da quanto \u00e8 progettata per il trasporto. L&#8217;SL 12W fa molto di pi\u00f9 che semplicemente allinearsi alle normative sui trasporti dell&#8217;UE: veramente compatto (1 310 mm di larghezza) e leggero (2 500 kg), il suo telaio piccolo consente un trasporto facile, sicuro e protetto dietro un camioncino.[\/vc_column_text][\/vc_column_inner][\/vc_row_inner][vc_separator][vc_row_inner][vc_column_inner width=&#8221;1\/4&#8243;][vc_single_image image=&#8221;1457&#8243; img_size=&#8221;medium&#8221;][\/vc_column_inner][vc_column_inner width=&#8221;3\/4&#8243;][vc_custom_heading text=&#8221;PRESTAZIONI AFFIDABILI&#8221; font_container=&#8221;tag:h3|text_align:left&#8221; use_theme_fonts=&#8221;yes&#8221;][vc_column_text css=&#8221;&#8221;]Nonostante le sue dimensioni compatte, l&#8217;SL 12W ha una forza di strappo impressionante, un&#8217;enorme capacit\u00e0 di sollevamento e tempi di ciclo rapidi.<\/p>\n<p>Il potente motore KUBOTA D1703 eroga una potenza di 18.5 kW (@2 200 giri\/min) e offre un&#8217;affidabilit\u00e0 eccezionale anche in condizioni di carico severe ed elevate, una lunga durata ed \u00e8 conforme ai requisiti sulle emissioni Stage V dell&#8217;Unione Europea.[\/vc_column_text][\/vc_column_inner][\/vc_row_inner][vc_separator][vc_row_inner][vc_column_inner width=&#8221;1\/4&#8243;][vc_single_image image=&#8221;1458&#8243; img_size=&#8221;medium&#8221;][\/vc_column_inner][vc_column_inner width=&#8221;3\/4&#8243;][vc_custom_heading text=&#8221;COMFORT DI SERIE&#8221; font_container=&#8221;tag:h3|text_align:left&#8221; use_theme_fonts=&#8221;yes&#8221;][vc_column_text css=&#8221;&#8221;]Il comfort della Sunward SL 12W inizia dalla facilit\u00e0 di accesso alla cabina. Una volta seduti, la SL 12W offre un abitacolo spazioso, aria condizionata, un comodo sedile e comandi ergonomici per il massimo comfort al lavoro.<\/p>\n<p>Gli operatori saranno immediatamente colpiti anche dall&#8217;eccellente visibilit\u00e0 a tutto campo. Lavorare con una minipala gommata Sunward \u00e8 un vero piacere.[\/vc_column_text][\/vc_column_inner][\/vc_row_inner][vc_separator][vc_row_inner][vc_column_inner width=&#8221;1\/4&#8243;][vc_single_image image=&#8221;1459&#8243; img_size=&#8221;medium&#8221;][\/vc_column_inner][vc_column_inner width=&#8221;3\/4&#8243;][vc_custom_heading text=&#8221;ASSISTENZA RESA FACILE&#8221; font_container=&#8221;tag:h3|text_align:left&#8221; use_theme_fonts=&#8221;yes&#8221;][vc_column_text]Siamo molto attenti ai vostri costi operativi e per questo abbiamo reso estremamente semplici la manutenzione e l&#8217;assistenza delle nostre macchine. La manutenzione preventiva giornaliera \u00e8 molto facile, poich\u00e9 i punti di controllo e i componenti dell&#8217;impianto di raffreddamento sono accessibili dalla porta posteriore restando a terra. Quando si tratta di manutenzione, i componenti principali sono facilmente e rapidamente accessibili inclinando la cabina ROPS\/FOPS.[\/vc_column_text][\/vc_column_inner][\/vc_row_inner][vc_separator][vc_row_inner][vc_column_inner width=&#8221;1\/4&#8243;][vc_single_image image=&#8221;1460&#8243; img_size=&#8221;medium&#8221;][\/vc_column_inner][vc_column_inner width=&#8221;3\/4&#8243;][vc_custom_heading text=&#8221;LA SICUREZZA NON \u00c8 UN&#8217;OPZIONE&#8221; font_container=&#8221;tag:h3|text_align:left&#8221; use_theme_fonts=&#8221;yes&#8221;][vc_column_text css=&#8221;&#8221;]La sicurezza \u00e8 e sar\u00e0 sempre una priorit\u00e0 per Sunward. La SL 12W \u00e8 stata progettata per la sicurezza dell&#8217;operatore.<\/p>\n<p>La cabina ROPS\/FOPS e l&#8217;uscita dal finestrino posteriore, insieme all&#8217;eccellente visibilit\u00e0 e alla grande stabilit\u00e0 della macchina, sono garanzia della massima sicurezza.<\/p>\n<p>Sistemi di sicurezza sul sedile e sul bracciolo del sedile impediscono alla macchina di avviarsi se l&#8217;operatore non \u00e8 seduto al posto di guida.<\/p>\n<p>Per quanto riguarda i sistemi, il braccio caricatore della minipala SL 12W \u00e8 equipaggiato con un sistema di discesa di emergenza che permette di abbassare in sicurezza il braccio in caso di spegnimento improvviso del motore.[\/vc_column_text][\/vc_column_inner][\/vc_row_inner][\/vc_tta_section][vc_tta_section title=&#8221;VIDEO&#8221; tab_id=&#8221;1623857706491-8aa3a03f-cca1&#8243;][vc_video link=&#8221;https:\/\/youtu.be\/tmwhSLx2cE4&#8243;][\/vc_tta_section][vc_tta_section title=&#8221;BROCHURE&#8221; tab_id=&#8221;1623857795794-8fd5289e-c5a3&#8243;][vc_row_inner content_placement=&#8221;middle&#8221;][vc_column_inner width=&#8221;1\/4&#8243;][vc_single_image image=&#8221;3629&#8243; img_size=&#8221;large&#8221; css=&#8221;&#8221;][\/vc_column_inner][vc_column_inner width=&#8221;3\/4&#8243;][vc_custom_heading text=&#8221;SUNWARD SL 12W Spec sheet&#8221; font_container=&#8221;tag:h3|text_align:left&#8221; use_theme_fonts=&#8221;yes&#8221; css=&#8221;&#8221;][vc_btn title=&#8221;DOWNLOAD&#8221; color=&#8221;orange&#8221; size=&#8221;lg&#8221; css=&#8221;&#8221; link=&#8221;url:https%3A%2F%2Fsunward.eu%2Fwp-content%2Fuploads%2F2025%2F09%2FSUNWARD_SL12W_09.2025_FINAL_HR_IT.pdf|title:Sunward%20SL%2012W%20Spec%20Sheet|target:_blank&#8221;][\/vc_column_inner][\/vc_row_inner][\/vc_tta_section][\/vc_tta_accordion][\/vc_column][\/vc_row]<\/p>\n<\/div>","protected":false},"excerpt":{"rendered":"<p>La pala gommata SL 12W \u00e8 una testimonianza dell&#8217;abilit\u00e0 ingegneristica di Sunward.<\/p>\n<p>Alimentato da un robusto motore Kubota, che gli conferisce prestazioni eccezionali pur essendo rispettoso dell&#8217;ambiente. [&#8230;]<\/p>\n<p><a class=\"btn btn-secondary understrap-read-more-link\" href=\"https:\/\/sunward.eu\/it\/product\/sl-12w\/\">Leggi tutto&#8230;<\/a><\/p>\n","protected":false},"featured_media":3623,"comment_status":"closed","ping_status":"closed","template":"","meta":{"_acf_changed":false,"inline_featured_image":false},"product_cat":[327],"product_tag":[],"class_list":{"0":"post-3523","1":"product","2":"type-product","3":"status-publish","4":"has-post-thumbnail","6":"product_cat-articulated-wheel-loaders","7":"pa_operating-weight-2-500-kg","8":"pa_power-output-18-5-kw","10":"first","11":"instock","12":"shipping-taxable","13":"product-type-simple"},"translation":{"provider":"WPGlobus","version":"2.12.2","language":"it","enabled_languages":["en","de","fr","it"],"languages":{"en":{"title":true,"content":true,"excerpt":true},"de":{"title":true,"content":true,"excerpt":true},"fr":{"title":true,"content":true,"excerpt":true},"it":{"title":true,"content":true,"excerpt":true}}},"acf":[],"yoast_head":"<!-- This site is optimized with the Yoast SEO plugin v22.6 - https:\/\/yoast.com\/wordpress\/plugins\/seo\/ -->\n<title>SL 12W - Sunward Europe (Official Website for EU &amp; UK)<\/title>\n<meta name=\"robots\" content=\"index, follow, max-snippet:-1, max-image-preview:large, max-video-preview:-1\" \/>\n<link rel=\"canonical\" href=\"https:\/\/sunward.eu\/product\/sl-12w\/\" \/>\n<meta property=\"og:locale\" content=\"it_IT\" \/>\n<meta property=\"og:type\" content=\"article\" \/>\n<meta property=\"og:title\" content=\"SL 12W - Sunward Europe (Official Website for EU &amp; UK)\" \/>\n<meta property=\"og:url\" content=\"https:\/\/sunward.eu\/product\/sl-12w\/\" \/>\n<meta property=\"og:site_name\" content=\"Sunward Europe (Official Website for EU &amp; UK)\" \/>\n<meta property=\"article:modified_time\" content=\"2025-09-22T13:58:50+00:00\" \/>\n<meta property=\"og:image\" content=\"https:\/\/sunward.eu\/wp-content\/uploads\/2024\/04\/Sunward-SL-12W.png\" \/>\n\t<meta property=\"og:image:width\" content=\"1000\" \/>\n\t<meta property=\"og:image:height\" content=\"1000\" \/>\n\t<meta property=\"og:image:type\" content=\"image\/png\" \/>\n<meta name=\"twitter:card\" content=\"summary_large_image\" \/>\n<meta name=\"twitter:label1\" content=\"Est. reading time\" \/>\n\t<meta name=\"twitter:data1\" content=\"4 minutes\" \/>\n<script type=\"application\/ld+json\" class=\"yoast-schema-graph\">{\"@context\":\"https:\/\/schema.org\",\"@graph\":[{\"@type\":\"WebPage\",\"@id\":\"https:\/\/sunward.eu\/product\/sl-12w\/\",\"url\":\"https:\/\/sunward.eu\/product\/sl-12w\/\",\"name\":\"SL 12W - Sunward Europe (Official Website for EU &amp; UK)\",\"isPartOf\":{\"@id\":\"https:\/\/sunward.eu\/#website\"},\"primaryImageOfPage\":{\"@id\":\"https:\/\/sunward.eu\/product\/sl-12w\/#primaryimage\"},\"image\":{\"@id\":\"https:\/\/sunward.eu\/product\/sl-12w\/#primaryimage\"},\"thumbnailUrl\":\"https:\/\/sunward.eu\/wp-content\/uploads\/2024\/04\/Sunward-SL-12W.png\",\"datePublished\":\"2024-04-02T13:22:44+00:00\",\"dateModified\":\"2025-09-22T13:58:50+00:00\",\"breadcrumb\":{\"@id\":\"https:\/\/sunward.eu\/product\/sl-12w\/#breadcrumb\"},\"inLanguage\":\"it-IT\",\"potentialAction\":[{\"@type\":\"ReadAction\",\"target\":[\"https:\/\/sunward.eu\/product\/sl-12w\/\"]}]},{\"@type\":\"ImageObject\",\"inLanguage\":\"it-IT\",\"@id\":\"https:\/\/sunward.eu\/product\/sl-12w\/#primaryimage\",\"url\":\"https:\/\/sunward.eu\/wp-content\/uploads\/2024\/04\/Sunward-SL-12W.png\",\"contentUrl\":\"https:\/\/sunward.eu\/wp-content\/uploads\/2024\/04\/Sunward-SL-12W.png\",\"width\":1000,\"height\":1000},{\"@type\":\"BreadcrumbList\",\"@id\":\"https:\/\/sunward.eu\/product\/sl-12w\/#breadcrumb\",\"itemListElement\":[{\"@type\":\"ListItem\",\"position\":1,\"name\":\"Home\",\"item\":\"https:\/\/sunward.eu\/\"},{\"@type\":\"ListItem\",\"position\":2,\"name\":\"Products\",\"item\":\"https:\/\/sunward.eu\/shop\/\"},{\"@type\":\"ListItem\",\"position\":3,\"name\":\"{:en}Articulated wheel loaders{:}{:de}Knickgelenkte Radlader{:}{:fr}Chargeuses sur pneus articul\u00e9es{:}{:it}Pale gommate articolate{:}\",\"item\":\"https:\/\/sunward.eu\/product-category\/articulated-wheel-loaders\/\"},{\"@type\":\"ListItem\",\"position\":4,\"name\":\"SL 12W\"}]},{\"@type\":\"WebSite\",\"@id\":\"https:\/\/sunward.eu\/#website\",\"url\":\"https:\/\/sunward.eu\/\",\"name\":\"Sunward Europe (Official Website for EU &amp; UK)\",\"description\":\"The smart choice\",\"publisher\":{\"@id\":\"https:\/\/sunward.eu\/#organization\"},\"potentialAction\":[{\"@type\":\"SearchAction\",\"target\":{\"@type\":\"EntryPoint\",\"urlTemplate\":\"https:\/\/sunward.eu\/?s={search_term_string}\"},\"query-input\":\"required name=search_term_string\"}],\"inLanguage\":\"it-IT\"},{\"@type\":\"Organization\",\"@id\":\"https:\/\/sunward.eu\/#organization\",\"name\":\"Sunward Europe (Official Website for EU &amp; UK)\",\"url\":\"https:\/\/sunward.eu\/\",\"logo\":{\"@type\":\"ImageObject\",\"inLanguage\":\"it-IT\",\"@id\":\"https:\/\/sunward.eu\/#\/schema\/logo\/image\/\",\"url\":\"https:\/\/sunward.eu\/wp-content\/uploads\/2022\/01\/Website_Sunward_logo_top_180x63px.png\",\"contentUrl\":\"https:\/\/sunward.eu\/wp-content\/uploads\/2022\/01\/Website_Sunward_logo_top_180x63px.png\",\"width\":180,\"height\":63,\"caption\":\"Sunward Europe (Official Website for EU &amp; UK)\"},\"image\":{\"@id\":\"https:\/\/sunward.eu\/#\/schema\/logo\/image\/\"}}]}<\/script>\n<!-- \/ Yoast SEO plugin. -->","yoast_head_json":{"title":"SL 12W - Sunward Europe (Official Website for EU &amp; UK)","robots":{"index":"index","follow":"follow","max-snippet":"max-snippet:-1","max-image-preview":"max-image-preview:large","max-video-preview":"max-video-preview:-1"},"canonical":"https:\/\/sunward.eu\/product\/sl-12w\/","og_locale":"it_IT","og_type":"article","og_title":"SL 12W - Sunward Europe (Official Website for EU &amp; UK)","og_url":"https:\/\/sunward.eu\/product\/sl-12w\/","og_site_name":"Sunward Europe (Official Website for EU &amp; UK)","article_modified_time":"2025-09-22T13:58:50+00:00","og_image":[{"width":1000,"height":1000,"url":"https:\/\/sunward.eu\/wp-content\/uploads\/2024\/04\/Sunward-SL-12W.png","type":"image\/png"}],"twitter_card":"summary_large_image","twitter_misc":{"Est. reading time":"4 minutes"},"schema":{"@context":"https:\/\/schema.org","@graph":[{"@type":"WebPage","@id":"https:\/\/sunward.eu\/product\/sl-12w\/","url":"https:\/\/sunward.eu\/product\/sl-12w\/","name":"SL 12W - Sunward Europe (Official Website for EU &amp; UK)","isPartOf":{"@id":"https:\/\/sunward.eu\/#website"},"primaryImageOfPage":{"@id":"https:\/\/sunward.eu\/product\/sl-12w\/#primaryimage"},"image":{"@id":"https:\/\/sunward.eu\/product\/sl-12w\/#primaryimage"},"thumbnailUrl":"https:\/\/sunward.eu\/wp-content\/uploads\/2024\/04\/Sunward-SL-12W.png","datePublished":"2024-04-02T13:22:44+00:00","dateModified":"2025-09-22T13:58:50+00:00","breadcrumb":{"@id":"https:\/\/sunward.eu\/product\/sl-12w\/#breadcrumb"},"inLanguage":"it-IT","potentialAction":[{"@type":"ReadAction","target":["https:\/\/sunward.eu\/product\/sl-12w\/"]}]},{"@type":"ImageObject","inLanguage":"it-IT","@id":"https:\/\/sunward.eu\/product\/sl-12w\/#primaryimage","url":"https:\/\/sunward.eu\/wp-content\/uploads\/2024\/04\/Sunward-SL-12W.png","contentUrl":"https:\/\/sunward.eu\/wp-content\/uploads\/2024\/04\/Sunward-SL-12W.png","width":1000,"height":1000},{"@type":"BreadcrumbList","@id":"https:\/\/sunward.eu\/product\/sl-12w\/#breadcrumb","itemListElement":[{"@type":"ListItem","position":1,"name":"Home","item":"https:\/\/sunward.eu\/"},{"@type":"ListItem","position":2,"name":"Products","item":"https:\/\/sunward.eu\/shop\/"},{"@type":"ListItem","position":3,"name":"{:en}Articulated wheel loaders{:}{:de}Knickgelenkte Radlader{:}{:fr}Chargeuses sur pneus articul\u00e9es{:}{:it}Pale gommate articolate{:}","item":"https:\/\/sunward.eu\/product-category\/articulated-wheel-loaders\/"},{"@type":"ListItem","position":4,"name":"SL 12W"}]},{"@type":"WebSite","@id":"https:\/\/sunward.eu\/#website","url":"https:\/\/sunward.eu\/","name":"Sunward Europe (Official Website for EU &amp; UK)","description":"The smart choice","publisher":{"@id":"https:\/\/sunward.eu\/#organization"},"potentialAction":[{"@type":"SearchAction","target":{"@type":"EntryPoint","urlTemplate":"https:\/\/sunward.eu\/?s={search_term_string}"},"query-input":"required name=search_term_string"}],"inLanguage":"it-IT"},{"@type":"Organization","@id":"https:\/\/sunward.eu\/#organization","name":"Sunward Europe (Official Website for EU &amp; UK)","url":"https:\/\/sunward.eu\/","logo":{"@type":"ImageObject","inLanguage":"it-IT","@id":"https:\/\/sunward.eu\/#\/schema\/logo\/image\/","url":"https:\/\/sunward.eu\/wp-content\/uploads\/2022\/01\/Website_Sunward_logo_top_180x63px.png","contentUrl":"https:\/\/sunward.eu\/wp-content\/uploads\/2022\/01\/Website_Sunward_logo_top_180x63px.png","width":180,"height":63,"caption":"Sunward Europe (Official Website for EU &amp; UK)"},"image":{"@id":"https:\/\/sunward.eu\/#\/schema\/logo\/image\/"}}]}},"_links":{"self":[{"href":"https:\/\/sunward.eu\/it\/wp-json\/wp\/v2\/product\/3523","targetHints":{"allow":["GET"]}}],"collection":[{"href":"https:\/\/sunward.eu\/it\/wp-json\/wp\/v2\/product"}],"about":[{"href":"https:\/\/sunward.eu\/it\/wp-json\/wp\/v2\/types\/product"}],"replies":[{"embeddable":true,"href":"https:\/\/sunward.eu\/it\/wp-json\/wp\/v2\/comments?post=3523"}],"wp:featuredmedia":[{"embeddable":true,"href":"https:\/\/sunward.eu\/it\/wp-json\/wp\/v2\/media\/3623"}],"wp:attachment":[{"href":"https:\/\/sunward.eu\/it\/wp-json\/wp\/v2\/media?parent=3523"}],"wp:term":[{"taxonomy":"product_cat","embeddable":true,"href":"https:\/\/sunward.eu\/it\/wp-json\/wp\/v2\/product_cat?post=3523"},{"taxonomy":"product_tag","embeddable":true,"href":"https:\/\/sunward.eu\/it\/wp-json\/wp\/v2\/product_tag?post=3523"}],"curies":[{"name":"wp","href":"https:\/\/api.w.org\/{rel}","templated":true}]}}