{"id":3508,"date":"2024-03-27T15:14:53","date_gmt":"2024-03-27T14:14:53","guid":{"rendered":"https:\/\/sunward.eu\/?post_type=product&#038;p=3508"},"modified":"2026-03-27T17:52:01","modified_gmt":"2026-03-27T16:52:01","slug":"swe-50uf","status":"publish","type":"product","link":"https:\/\/sunward.eu\/it\/product\/swe-50uf\/","title":{"rendered":"SWE 50UF"},"content":{"rendered":"<div class=\"wpb-content-wrapper\"><p>[vc_row][vc_column][vc_tta_accordion style=&#8221;flat&#8221; c_icon=&#8221;chevron&#8221; c_position=&#8221;right&#8221; active_section=&#8221;1&#8243; no_fill=&#8221;true&#8221; el_class=&#8221;custom-accordion&#8221;][vc_tta_section title=&#8221;SPECIFICHE&#8221; tab_id=&#8221;1623355628079-f58b5c44-7c4b&#8221;][vc_custom_heading text=&#8221;SUNWARD SWE 50UF&#8221; font_container=&#8221;tag:h3|text_align:left&#8221; use_theme_fonts=&#8221;yes&#8221;][vc_column_text css=&#8221;&#8221;]Sunward \u00e8 orgogliosa di annunciare il lancio del suo ultimo miniescavatore, lo SWE 50UF.<\/p>\n<p>Questo nuovo modello, sapientemente progettato per colmare il divario tra SWE 35UF e SWE 60UF, vanta una funzione di rotazione a coda zero, che lo rende perfetto per le operazioni in spazi ristretti.<\/p>\n<p>Lo SWE 50UF \u00e8 dotato di un potente motore Kubota D1803-T, che garantisce prestazioni robuste con una coppia significativa di 150 N\u00b7m\/rpm. Con una massa operativa di 5.3 tonnellate e una capacit\u00e0 della benna di 0.14 m\u00b3, offre efficienza e precisione in vari ambienti di costruzione.<\/p>\n<p>Lo SWE 50UF si distingue per il design della cabina confortevole e intelligente, dotato di sedili ammortizzati e un touchscreen a colori da 7 pollici per una regolazione e un controllo continui del flusso. L&#8217;ampio sottocarro migliora la stabilit\u00e0, soprattutto su terreni impegnativi, mentre il motore di traslazione ad elevata cilindrata garantisce una facile mobilit\u00e0. La manutenzione \u00e8 facilitata dal coperchio completamente aperto che consente un facile accesso a tutte le parti.<\/p>\n<p>Inoltre, l\u2019impegno di Sunward per il design innovativo, come evidenziato dalla vincita di un iF Design Award per la sua gamma zero-tail, continua anche nel SWE 50UF. Questo nuovo modello non \u00e8 solo una testimonianza dell\u2019eccellenza ingegneristica di Sunward, ma anche della sua dedizione al design all\u2019avanguardia nei macchinari pesanti.[\/vc_column_text][vc_row_inner][vc_column_inner width=&#8221;1\/2&#8243;][vc_toggle title=&#8221;DIMENSIONI&#8221; css=&#8221;&#8221;]<\/p>\n<table width=\"1271\">\n<tbody>\n<tr>\n<td width=\"573\">Peso operativo<\/td>\n<td width=\"698\">5 480 kg<\/td>\n<\/tr>\n<tr>\n<td width=\"573\">Capacit\u00e0 benna standard<\/td>\n<td>0.14 m\u00b3<\/td>\n<\/tr>\n<tr>\n<td width=\"573\">Lunghezza di trasporto<\/td>\n<td>5 435 mm<\/td>\n<\/tr>\n<tr>\n<td width=\"573\">Larghezza di trasporto<\/td>\n<td>2 000 mm<\/td>\n<\/tr>\n<tr>\n<td width=\"573\">Altezza alla cabina<\/td>\n<td>2 570 mm<\/td>\n<\/tr>\n<\/tbody>\n<\/table>\n<p>[\/vc_toggle][vc_toggle title=&#8221;MOTORE&#8221; css=&#8221;&#8221;]<\/p>\n<table width=\"1271\">\n<tbody>\n<tr>\n<td width=\"573\">Modello<\/td>\n<td width=\"698\">Kubota\u00a0 D1803-T<\/td>\n<\/tr>\n<tr>\n<td>Classe emissioni<\/td>\n<td>UE Stage V<\/td>\n<\/tr>\n<tr>\n<td>Cilindrata<\/td>\n<td>1.8 L<\/td>\n<\/tr>\n<tr>\n<td>Potenza nominale di uscita<\/td>\n<td>29.7 kW<\/td>\n<\/tr>\n<\/tbody>\n<\/table>\n<p>[\/vc_toggle][vc_toggle title=&#8221;IMPIANTO IDRAULICO&#8221; css=&#8221;&#8221;]<\/p>\n<table width=\"1271\">\n<tbody>\n<tr>\n<td width=\"573\">Tipo<\/td>\n<td width=\"698\">1 pompa a pistoni variabili<\/td>\n<\/tr>\n<tr>\n<td>Cilindrata<\/td>\n<td>1.8 L<\/td>\n<\/tr>\n<tr>\n<td>Pressione idraulica<\/td>\n<td>25 Mpa<\/td>\n<\/tr>\n<\/tbody>\n<\/table>\n<p>[\/vc_toggle][vc_toggle title=&#8221;DIAGRAMMA DI LAVORO&#8221; css=&#8221;&#8221;]<\/p>\n<table width=\"1271\">\n<tbody>\n<tr>\n<td width=\"573\">Profondit\u00e0 di scavo max<\/td>\n<td width=\"698\">3 375 mm<\/td>\n<\/tr>\n<tr>\n<td>Sbraccio di scavo max<\/td>\n<td>5 940 mm<\/td>\n<\/tr>\n<tr>\n<td>Forza di scavo max &#8211; alla benna<\/td>\n<td>34 kN<\/td>\n<\/tr>\n<tr>\n<td>Forza di scavo max &#8211; al bilanciere<\/td>\n<td>23 kN<\/td>\n<\/tr>\n<\/tbody>\n<\/table>\n<p>[\/vc_toggle][\/vc_column_inner][vc_column_inner width=&#8221;1\/2&#8243;][\/vc_column_inner][\/vc_row_inner][\/vc_tta_section][vc_tta_section title=&#8221;CARATTERISTICHE E VANTAGGI&#8221; tab_id=&#8221;1623355710952-d36b50a3-81ed&#8221;][vc_row_inner][vc_column_inner width=&#8221;1\/4&#8243;][vc_single_image image=&#8221;1070&#8243; img_size=&#8221;medium&#8221;][\/vc_column_inner][vc_column_inner width=&#8221;3\/4&#8243;][vc_custom_heading text=&#8221;FATTO PER L&#8217;EUROPA&#8221; font_container=&#8221;tag:h3|text_align:left&#8221; use_theme_fonts=&#8221;yes&#8221;][vc_column_text]Come tutte le macchine Sunward vendute in Europa, anche il Sunward SWE 50UF non \u00e8 semplicemente certificato a norma UE, ma \u00e8 stato progettato per soddisfare le esigenze dei clienti europei.[\/vc_column_text][\/vc_column_inner][\/vc_row_inner][vc_separator][vc_row_inner][vc_column_inner width=&#8221;1\/4&#8243;][vc_single_image image=&#8221;1182&#8243; img_size=&#8221;medium&#8221;][\/vc_column_inner][vc_column_inner width=&#8221;3\/4&#8243;][vc_custom_heading text=&#8221;MOTORE POTENTE E AFFIDABILE&#8221; font_container=&#8221;tag:h3|text_align:left&#8221; use_theme_fonts=&#8221;yes&#8221;][vc_column_text css=&#8221;&#8221;]Abbiamo scelto il potente motore Kubota D1703 per diversi buoni motivi. Si tratta di un motore diesel verticale a 4 tempi, raffreddato ad acqua, con una potenza di 29.7 kW a 2200 giri\/min. Dotato di solenoide integrato, posizione bassa della ventola e facilit\u00e0 di manutenzione da un solo lato, Kubota D1703 offre prestazioni potenti, affidabilit\u00e0 eccezionale e lunga durata per soddisfare un&#8217;ampia gamma di applicazioni. La soluzione perfetta per il nostro affidabile e versatile SWE 50UF.[\/vc_column_text][\/vc_column_inner][\/vc_row_inner][vc_separator][vc_row_inner][vc_column_inner width=&#8221;1\/4&#8243;][vc_single_image image=&#8221;1091&#8243; img_size=&#8221;medium&#8221;][\/vc_column_inner][vc_column_inner width=&#8221;3\/4&#8243;][vc_custom_heading text=&#8221;COMPONENTI PREMIUM&#8221; font_container=&#8221;tag:h3|text_align:left&#8221; use_theme_fonts=&#8221;yes&#8221;][vc_column_text css=&#8221;&#8221;]Tutti i componenti chiave degli escavatori Sunward sono selezionati con la massima attenzione &#8211; dal motore Kubota al sistema idraulico. Poich\u00e9 l\u2019impianto idraulico \u00e8 spesso considerato il cuore della macchina, Sunward collabora esclusivamente con fornitori di primo livello, noti per la loro qualit\u00e0 e le loro prestazioni. Per il modello Sunward SWE 50UF, abbiamo scelto produttori affidabili per la fornitura della pompa idraulica, del motore di traslazione e del motore di rotazione. Questi componenti sono efficienti, affidabili e compatti &#8211; qualit\u00e0 che contribuiscono in modo significativo all\u2019affidabilit\u00e0 complessiva e alle prestazioni a lungo termine del SWE 50UF.[\/vc_column_text][\/vc_column_inner][\/vc_row_inner][vc_separator][vc_row_inner][vc_column_inner width=&#8221;1\/4&#8243;][vc_single_image image=&#8221;1076&#8243; img_size=&#8221;medium&#8221;][\/vc_column_inner][vc_column_inner width=&#8221;3\/4&#8243;][vc_custom_heading text=&#8221;AMPIO DIAGRAMMA DI LAVORO&#8221; font_container=&#8221;tag:h3|text_align:left&#8221; use_theme_fonts=&#8221;yes&#8221;][vc_column_text]Lo SWE 50UF ha forze di scavo eccezionali \u2013 34 kN (benna) e 23 kN (braccio) \u2013 rivaleggiando facilmente con tutti gli escavatori concorrenti da 5,5 t presenti sul mercato. E quando si tratta della sua capacit\u00e0 a lungo sbraccio, il design del cilindro del braccio dell&#8217;SWE 50UF fornisce uno sbraccio al suolo di oltre 5,8 metri (5.845 mm) e uno sbraccio di scavo di oltre 5,9 metri (5.940 mm) di lunghezza, rendendo questo mini escavatore il punto di riferimento della sua gamma.[\/vc_column_text][\/vc_column_inner][\/vc_row_inner][vc_separator][vc_row_inner][vc_column_inner width=&#8221;1\/4&#8243;][vc_single_image image=&#8221;1079&#8243; img_size=&#8221;medium&#8221;][\/vc_column_inner][vc_column_inner width=&#8221;3\/4&#8243;][vc_custom_heading text=&#8221;PRONTO PER LE PI\u00d9 DIVERSE APPLICAZIONI&#8221; font_container=&#8221;tag:h3|text_align:left&#8221; use_theme_fonts=&#8221;yes&#8221;][vc_column_text css=&#8221;&#8221;]La versatilit\u00e0 di un miniescavatore inizia dalla sua progettazione. Lo SWE 50UF \u00e8 un miniescavatore zero tail dalle dimensioni davvero compatte (larghezza 2 000 mm), che consentono di portare potenza e facilit\u00e0 di lavoro anche in spazi molto ristretti, senza alcun compromesso in termini di sicurezza. Inoltre, SWE 50UF pu\u00f2 adattarsi a qualsiasi cantiere, grazie alle impostazioni ausiliarie complete integrate di serie, fornendo un monitoraggio della pressione e del flusso completamente regolabile. Ci\u00f2 si traduce in ben 3 linee ausiliarie separate di serie (mentre il mercato fornisce da 1 a 2 linee di serie). Pertanto, \u00e8 possibile montare facilmente un&#8217;ampia gamma di accessori per rispondere a una variet\u00e0 di applicazioni.[\/vc_column_text][\/vc_column_inner][\/vc_row_inner][vc_separator][vc_row_inner][vc_column_inner width=&#8221;1\/4&#8243;][vc_single_image image=&#8221;1183&#8243; img_size=&#8221;medium&#8221;][\/vc_column_inner][vc_column_inner width=&#8221;3\/4&#8243;][vc_custom_heading text=&#8221;DOTAZIONI DA SUBITO COMPLETE&#8221; font_container=&#8221;tag:h3|text_align:left&#8221; use_theme_fonts=&#8221;yes&#8221;][vc_column_text]Il miniescavatore Sunward SWE 50UF offre tutto quello che serve praticamente cos\u00ec come esce della linea di montaggio:<br \/>\n\u2013 Minimo automatico per risparmiare carburante e ridurre i consumi. \u2013 Mentre gli altri costruttori di solito usano un controllo portata pi\u00f9 semplice (e pi\u00f9 economico), Sunward preferisce l&#8217;architettura (idraulica) Load Sensing, per i vantaggi che offre in termini di consumi.<br \/>\n\u2013 Valvole di sicurezza sul cilindro del braccio per un utilizzo pi\u00f9 sicuro.<br \/>\n\u2013 Motore di traslazione con cambio automatico per una marcia pi\u00f9 comoda e dolce.<br \/>\n\u2013 Cabina TOPS e FOPS.<br \/>\n\u2013 Sezionatore della batteria per una maggiore sicurezza e per prolungare durata e capacit\u00e0 della batteria &#8211; caratteristica particolarmente apprezzata nel freddo dei paesi scandinavi.<br \/>\n\u2013 Circuito idraulico a doppio effetto<br \/>\n\u2013 Attacco rapido idraulico montato in fabbrica<br \/>\n\u2013 Linee idrauliche per rotazione e demolitore montate in fabbrica<br \/>\n\u2013 Linea di scarico della carcassa montata in fabbrica<br \/>\n\u2013 Servocomando idraulico montato in fabbrica con interruttore a due contatti<br \/>\n\u2013 Comandi a joystick configurati in fabbrica per il rotatore inclinabile (rotatore di propria scelta)<br \/>\n\u2013 4 luci di lavoro a LED di serie: 2 sulla parte anteriore della cabina, 1 sul lato sinistro del braccio e 1 sul retro[\/vc_column_text][\/vc_column_inner][\/vc_row_inner][vc_separator][vc_row_inner][vc_column_inner width=&#8221;1\/4&#8243;][vc_single_image image=&#8221;1146&#8243; img_size=&#8221;medium&#8221;][\/vc_column_inner][vc_column_inner width=&#8221;3\/4&#8243;][vc_custom_heading text=&#8221;FACILE DA MANUTENERE&#8221; font_container=&#8221;tag:h3|text_align:left&#8221; use_theme_fonts=&#8221;yes&#8221;][vc_column_text]Per ridurre i tempi e i costi di manutenzione dello SWE 50UF, coperchi e carenature posteriori e laterali forniscono accesso diretto ai punti di servizio. I punti di servizio standard per i filtri carburante, aria e olio sono direttamente accessibili attraverso il coperchio sul retro. Il facile accesso al serbatoio del carburante e ai punti di ingrassaggio centralizzati fanno di questi miniescavatori macchine tanto facili da manutenere quanto da usare.[\/vc_column_text][\/vc_column_inner][\/vc_row_inner][vc_separator][vc_row_inner][vc_column_inner width=&#8221;1\/4&#8243;][vc_single_image image=&#8221;1071&#8243; img_size=&#8221;medium&#8221;][\/vc_column_inner][vc_column_inner width=&#8221;3\/4&#8243;][vc_custom_heading text=&#8221;MIGLIOR RAPPORTO QUALIT\u00c0\/PREZZO&#8221; font_container=&#8221;tag:h3|text_align:left&#8221; use_theme_fonts=&#8221;yes&#8221;][vc_column_text]Sunward: l&#8217;investimento perfetto in affidabilit\u00e0, prestazioni e ritorno sull&#8217;investimento. Nel progettare lo SWE 50UF, particolare cura \u00e8 stata data alla scelta dei componenti al fine di semplificarne uso e manutenzione. Dalle nostre scelte progettuali nascono macchine che offrono moltissime caratteristiche di serie, componenti chiave di primissima qualit\u00e0 e grandi capacit\u00e0&#8230; il tutto a un prezzo pi\u00f9 che ragionevole.<br \/>\nInoltre, anche i ricambi originali Sunward sono economici e quest&#8217;ottimo rapporto qualit\u00e0-prezzo \u00e8 coronato dalla garanzia di 5 anni, di serie su tutti i prodotti Sunward.[\/vc_column_text][\/vc_column_inner][\/vc_row_inner][\/vc_tta_section][vc_tta_section title=&#8221;VIDEO&#8221; tab_id=&#8221;1623857706491-8aa3a03f-cca1&#8243;][vc_video link=&#8221;https:\/\/youtu.be\/15YpbXIwtdc?si=Cwa2BFfp-gYM9I8C&#8221; css=&#8221;&#8221;][\/vc_tta_section][vc_tta_section title=&#8221;BROCHURE&#8221; tab_id=&#8221;1623857795794-8fd5289e-c5a3&#8243;][vc_row_inner content_placement=&#8221;middle&#8221;][vc_column_inner width=&#8221;1\/4&#8243;][vc_single_image image=&#8221;3514&#8243; img_size=&#8221;large&#8221;][\/vc_column_inner][vc_column_inner width=&#8221;3\/4&#8243;][vc_custom_heading text=&#8221;BROCHURE PRODOTTO&#8221; font_container=&#8221;tag:h3|text_align:left&#8221; use_theme_fonts=&#8221;yes&#8221;][vc_btn title=&#8221;SCARICA&#8221; color=&#8221;orange&#8221; size=&#8221;lg&#8221; css=&#8221;&#8221; link=&#8221;url:https%3A%2F%2Fsunward.eu%2Fwp-content%2Fuploads%2F2026%2F03%2FSUNWARD_SWE-50UF_03.2026_FINAL_HR_IT.pdf|title:Sunward%20SWE%2050UF%20Product%20Brochure|target:_blank&#8221;][\/vc_column_inner][\/vc_row_inner][\/vc_tta_section][\/vc_tta_accordion][\/vc_column][\/vc_row]<\/p>\n<\/div>","protected":false},"excerpt":{"rendered":"<p>Sunward \u00e8 entusiasta di presentare il miniescavatore SWE 50UF. Questo modello da 5 tonnellate, posizionato tra SWE 35UF e SWE 60UF, \u00e8 dotato di rotazione a coda zero, ideale per spazi ristretti. Vanta un motore Kubota D1803-T, una capacit\u00e0 della benna di 0.14 m\u00b3 e un peso di 5.3 tonnellate. Con un design intuitivo che comprende sedili comodi e un touchscreen a colori da 7 pollici, garantisce un controllo efficiente e una facile manutenzione.<\/p>\n<p>Basandosi sul successo della gamma zero tail di Sunward, che ha ottenuto un iF Design Award, SWE 50UF continua l&#8217;eredit\u00e0 di combinare il miglior rapporto qualit\u00e0-prezzo con un design pluripremiato. Questo escavatore \u00e8 destinato a rivoluzionare il settore delle costruzioni. [&#8230;]<\/p>\n<p><a class=\"btn btn-secondary understrap-read-more-link\" href=\"https:\/\/sunward.eu\/it\/product\/swe-50uf\/\">Leggi tutto&#8230;<\/a><\/p>\n","protected":false},"featured_media":3645,"comment_status":"closed","ping_status":"closed","template":"","meta":{"_acf_changed":false,"inline_featured_image":false},"product_cat":[26,37],"product_tag":[],"class_list":{"0":"post-3508","1":"product","2":"type-product","3":"status-publish","4":"has-post-thumbnail","6":"product_cat-excavators","7":"product_cat-mini-excavators","8":"pa_emission-rating-eu-stage-5","9":"pa_max-digging-depth-3-375-mm","10":"pa_operating-weight-5-480-kg","11":"pa_power-output-29-7-kw","12":"pa_width-2-000-mm","14":"first","15":"instock","16":"shipping-taxable","17":"product-type-simple"},"translation":{"provider":"WPGlobus","version":"2.12.2","language":"it","enabled_languages":["en","de","fr","it"],"languages":{"en":{"title":true,"content":true,"excerpt":true},"de":{"title":true,"content":true,"excerpt":true},"fr":{"title":true,"content":true,"excerpt":true},"it":{"title":true,"content":true,"excerpt":true}}},"acf":[],"yoast_head":"<!-- This site is optimized with the Yoast SEO plugin v22.6 - https:\/\/yoast.com\/wordpress\/plugins\/seo\/ -->\n<title>SWE 50UF - Sunward Europe (Official Website for EU &amp; UK)<\/title>\n<meta name=\"robots\" content=\"index, follow, max-snippet:-1, max-image-preview:large, max-video-preview:-1\" \/>\n<link rel=\"canonical\" href=\"https:\/\/sunward.eu\/product\/swe-50uf\/\" \/>\n<meta property=\"og:locale\" content=\"it_IT\" \/>\n<meta property=\"og:type\" content=\"article\" \/>\n<meta property=\"og:title\" content=\"SWE 50UF - Sunward Europe (Official Website for EU &amp; UK)\" \/>\n<meta property=\"og:url\" content=\"https:\/\/sunward.eu\/product\/swe-50uf\/\" \/>\n<meta property=\"og:site_name\" content=\"Sunward Europe (Official Website for EU &amp; UK)\" \/>\n<meta property=\"article:modified_time\" content=\"2026-03-27T16:52:01+00:00\" \/>\n<meta property=\"og:image\" content=\"https:\/\/sunward.eu\/wp-content\/uploads\/2024\/08\/SWE_50UF_CUT_OUT_MAIN.png\" \/>\n\t<meta property=\"og:image:width\" content=\"1000\" \/>\n\t<meta property=\"og:image:height\" content=\"1000\" \/>\n\t<meta property=\"og:image:type\" content=\"image\/png\" \/>\n<meta name=\"twitter:card\" content=\"summary_large_image\" \/>\n<meta name=\"twitter:label1\" content=\"Est. reading time\" \/>\n\t<meta name=\"twitter:data1\" content=\"6 minutes\" \/>\n<script type=\"application\/ld+json\" class=\"yoast-schema-graph\">{\"@context\":\"https:\/\/schema.org\",\"@graph\":[{\"@type\":\"WebPage\",\"@id\":\"https:\/\/sunward.eu\/product\/swe-50uf\/\",\"url\":\"https:\/\/sunward.eu\/product\/swe-50uf\/\",\"name\":\"SWE 50UF - Sunward Europe (Official Website for EU &amp; UK)\",\"isPartOf\":{\"@id\":\"https:\/\/sunward.eu\/#website\"},\"primaryImageOfPage\":{\"@id\":\"https:\/\/sunward.eu\/product\/swe-50uf\/#primaryimage\"},\"image\":{\"@id\":\"https:\/\/sunward.eu\/product\/swe-50uf\/#primaryimage\"},\"thumbnailUrl\":\"https:\/\/sunward.eu\/wp-content\/uploads\/2024\/08\/SWE_50UF_CUT_OUT_MAIN.png\",\"datePublished\":\"2024-03-27T14:14:53+00:00\",\"dateModified\":\"2026-03-27T16:52:01+00:00\",\"breadcrumb\":{\"@id\":\"https:\/\/sunward.eu\/product\/swe-50uf\/#breadcrumb\"},\"inLanguage\":\"it-IT\",\"potentialAction\":[{\"@type\":\"ReadAction\",\"target\":[\"https:\/\/sunward.eu\/product\/swe-50uf\/\"]}]},{\"@type\":\"ImageObject\",\"inLanguage\":\"it-IT\",\"@id\":\"https:\/\/sunward.eu\/product\/swe-50uf\/#primaryimage\",\"url\":\"https:\/\/sunward.eu\/wp-content\/uploads\/2024\/08\/SWE_50UF_CUT_OUT_MAIN.png\",\"contentUrl\":\"https:\/\/sunward.eu\/wp-content\/uploads\/2024\/08\/SWE_50UF_CUT_OUT_MAIN.png\",\"width\":1000,\"height\":1000,\"caption\":\"SWE 50UF\"},{\"@type\":\"BreadcrumbList\",\"@id\":\"https:\/\/sunward.eu\/product\/swe-50uf\/#breadcrumb\",\"itemListElement\":[{\"@type\":\"ListItem\",\"position\":1,\"name\":\"Home\",\"item\":\"https:\/\/sunward.eu\/\"},{\"@type\":\"ListItem\",\"position\":2,\"name\":\"Products\",\"item\":\"https:\/\/sunward.eu\/shop\/\"},{\"@type\":\"ListItem\",\"position\":3,\"name\":\"Excavators\",\"item\":\"https:\/\/sunward.eu\/product-category\/excavators\/\"},{\"@type\":\"ListItem\",\"position\":4,\"name\":\"SWE 50UF\"}]},{\"@type\":\"WebSite\",\"@id\":\"https:\/\/sunward.eu\/#website\",\"url\":\"https:\/\/sunward.eu\/\",\"name\":\"Sunward Europe (Official Website for EU &amp; UK)\",\"description\":\"The smart choice\",\"publisher\":{\"@id\":\"https:\/\/sunward.eu\/#organization\"},\"potentialAction\":[{\"@type\":\"SearchAction\",\"target\":{\"@type\":\"EntryPoint\",\"urlTemplate\":\"https:\/\/sunward.eu\/?s={search_term_string}\"},\"query-input\":\"required name=search_term_string\"}],\"inLanguage\":\"it-IT\"},{\"@type\":\"Organization\",\"@id\":\"https:\/\/sunward.eu\/#organization\",\"name\":\"Sunward Europe (Official Website for EU &amp; UK)\",\"url\":\"https:\/\/sunward.eu\/\",\"logo\":{\"@type\":\"ImageObject\",\"inLanguage\":\"it-IT\",\"@id\":\"https:\/\/sunward.eu\/#\/schema\/logo\/image\/\",\"url\":\"https:\/\/sunward.eu\/wp-content\/uploads\/2022\/01\/Website_Sunward_logo_top_180x63px.png\",\"contentUrl\":\"https:\/\/sunward.eu\/wp-content\/uploads\/2022\/01\/Website_Sunward_logo_top_180x63px.png\",\"width\":180,\"height\":63,\"caption\":\"Sunward Europe (Official Website for EU &amp; UK)\"},\"image\":{\"@id\":\"https:\/\/sunward.eu\/#\/schema\/logo\/image\/\"}}]}<\/script>\n<!-- \/ Yoast SEO plugin. -->","yoast_head_json":{"title":"SWE 50UF - Sunward Europe (Official Website for EU &amp; UK)","robots":{"index":"index","follow":"follow","max-snippet":"max-snippet:-1","max-image-preview":"max-image-preview:large","max-video-preview":"max-video-preview:-1"},"canonical":"https:\/\/sunward.eu\/product\/swe-50uf\/","og_locale":"it_IT","og_type":"article","og_title":"SWE 50UF - Sunward Europe (Official Website for EU &amp; UK)","og_url":"https:\/\/sunward.eu\/product\/swe-50uf\/","og_site_name":"Sunward Europe (Official Website for EU &amp; UK)","article_modified_time":"2026-03-27T16:52:01+00:00","og_image":[{"width":1000,"height":1000,"url":"https:\/\/sunward.eu\/wp-content\/uploads\/2024\/08\/SWE_50UF_CUT_OUT_MAIN.png","type":"image\/png"}],"twitter_card":"summary_large_image","twitter_misc":{"Est. reading time":"6 minutes"},"schema":{"@context":"https:\/\/schema.org","@graph":[{"@type":"WebPage","@id":"https:\/\/sunward.eu\/product\/swe-50uf\/","url":"https:\/\/sunward.eu\/product\/swe-50uf\/","name":"SWE 50UF - Sunward Europe (Official Website for EU &amp; UK)","isPartOf":{"@id":"https:\/\/sunward.eu\/#website"},"primaryImageOfPage":{"@id":"https:\/\/sunward.eu\/product\/swe-50uf\/#primaryimage"},"image":{"@id":"https:\/\/sunward.eu\/product\/swe-50uf\/#primaryimage"},"thumbnailUrl":"https:\/\/sunward.eu\/wp-content\/uploads\/2024\/08\/SWE_50UF_CUT_OUT_MAIN.png","datePublished":"2024-03-27T14:14:53+00:00","dateModified":"2026-03-27T16:52:01+00:00","breadcrumb":{"@id":"https:\/\/sunward.eu\/product\/swe-50uf\/#breadcrumb"},"inLanguage":"it-IT","potentialAction":[{"@type":"ReadAction","target":["https:\/\/sunward.eu\/product\/swe-50uf\/"]}]},{"@type":"ImageObject","inLanguage":"it-IT","@id":"https:\/\/sunward.eu\/product\/swe-50uf\/#primaryimage","url":"https:\/\/sunward.eu\/wp-content\/uploads\/2024\/08\/SWE_50UF_CUT_OUT_MAIN.png","contentUrl":"https:\/\/sunward.eu\/wp-content\/uploads\/2024\/08\/SWE_50UF_CUT_OUT_MAIN.png","width":1000,"height":1000,"caption":"SWE 50UF"},{"@type":"BreadcrumbList","@id":"https:\/\/sunward.eu\/product\/swe-50uf\/#breadcrumb","itemListElement":[{"@type":"ListItem","position":1,"name":"Home","item":"https:\/\/sunward.eu\/"},{"@type":"ListItem","position":2,"name":"Products","item":"https:\/\/sunward.eu\/shop\/"},{"@type":"ListItem","position":3,"name":"Excavators","item":"https:\/\/sunward.eu\/product-category\/excavators\/"},{"@type":"ListItem","position":4,"name":"SWE 50UF"}]},{"@type":"WebSite","@id":"https:\/\/sunward.eu\/#website","url":"https:\/\/sunward.eu\/","name":"Sunward Europe (Official Website for EU &amp; UK)","description":"The smart choice","publisher":{"@id":"https:\/\/sunward.eu\/#organization"},"potentialAction":[{"@type":"SearchAction","target":{"@type":"EntryPoint","urlTemplate":"https:\/\/sunward.eu\/?s={search_term_string}"},"query-input":"required name=search_term_string"}],"inLanguage":"it-IT"},{"@type":"Organization","@id":"https:\/\/sunward.eu\/#organization","name":"Sunward Europe (Official Website for EU &amp; UK)","url":"https:\/\/sunward.eu\/","logo":{"@type":"ImageObject","inLanguage":"it-IT","@id":"https:\/\/sunward.eu\/#\/schema\/logo\/image\/","url":"https:\/\/sunward.eu\/wp-content\/uploads\/2022\/01\/Website_Sunward_logo_top_180x63px.png","contentUrl":"https:\/\/sunward.eu\/wp-content\/uploads\/2022\/01\/Website_Sunward_logo_top_180x63px.png","width":180,"height":63,"caption":"Sunward Europe (Official Website for EU &amp; UK)"},"image":{"@id":"https:\/\/sunward.eu\/#\/schema\/logo\/image\/"}}]}},"_links":{"self":[{"href":"https:\/\/sunward.eu\/it\/wp-json\/wp\/v2\/product\/3508","targetHints":{"allow":["GET"]}}],"collection":[{"href":"https:\/\/sunward.eu\/it\/wp-json\/wp\/v2\/product"}],"about":[{"href":"https:\/\/sunward.eu\/it\/wp-json\/wp\/v2\/types\/product"}],"replies":[{"embeddable":true,"href":"https:\/\/sunward.eu\/it\/wp-json\/wp\/v2\/comments?post=3508"}],"wp:featuredmedia":[{"embeddable":true,"href":"https:\/\/sunward.eu\/it\/wp-json\/wp\/v2\/media\/3645"}],"wp:attachment":[{"href":"https:\/\/sunward.eu\/it\/wp-json\/wp\/v2\/media?parent=3508"}],"wp:term":[{"taxonomy":"product_cat","embeddable":true,"href":"https:\/\/sunward.eu\/it\/wp-json\/wp\/v2\/product_cat?post=3508"},{"taxonomy":"product_tag","embeddable":true,"href":"https:\/\/sunward.eu\/it\/wp-json\/wp\/v2\/product_tag?post=3508"}],"curies":[{"name":"wp","href":"https:\/\/api.w.org\/{rel}","templated":true}]}}