{"id":3205,"date":"2023-09-08T09:27:29","date_gmt":"2023-09-08T07:27:29","guid":{"rendered":"https:\/\/sunward.eu\/?post_type=product&#038;p=3205"},"modified":"2025-07-11T15:35:44","modified_gmt":"2025-07-11T13:35:44","slug":"swe-155fw","status":"publish","type":"product","link":"https:\/\/sunward.eu\/it\/product\/swe-155fw\/","title":{"rendered":"SWE 155FW-2PB"},"content":{"rendered":"<div class=\"wpb-content-wrapper\"><p>[vc_row][vc_column][vc_tta_accordion style=&#8221;flat&#8221; c_icon=&#8221;chevron&#8221; c_position=&#8221;right&#8221; active_section=&#8221;1&#8243; no_fill=&#8221;true&#8221; el_class=&#8221;custom-accordion&#8221;][vc_tta_section title=&#8221;SPECIFICHE&#8221; tab_id=&#8221;1623355628079-f58b5c44-7c4b&#8221;][vc_custom_heading text=&#8221;SUNWARD SWE 155F&#8221; font_container=&#8221;tag:h3|text_align:left&#8221; use_theme_fonts=&#8221;yes&#8221;][vc_column_text css=&#8221;&#8221;]<\/p>\n<p>Il Sunward SWE 155FW a ruote combina un design notevole, prestazioni robuste ed ecocompatibilit\u00e0.<\/p>\n<p>Sotto il cofano, un potente motore Cummins soddisfa gli standard di emissione Stage V, offrendo allo stesso tempo un&#8217;efficienza e una coppia eccezionali in vari intervalli di giri. Questa macchina ridefinisce l&#8217;efficienza dei consumi, grazie a sistemi idraulici di alto livello e a un generoso serbatoio da 300 litri.<\/p>\n<p>La durata \u00e8 una pietra miliare, con elementi strutturali costruiti per resistere alle condizioni pi\u00f9 difficili. La sicurezza \u00e8 fondamentale, con cabine certificate FOPS e ROPS e configurazioni di stabilit\u00e0 senza pari.<\/p>\n<p>L&#8217;adattabilit\u00e0 \u00e8 impareggiabile, con tre linee ausiliarie e cinque modalit\u00e0 di lavoro. Sunward garantisce affidabilit\u00e0, prestazioni e un elevato ritorno sull&#8217;investimento, rendendolo la scelta pi\u00f9 intelligente.<\/p>\n<p>[\/vc_column_text][vc_row_inner][vc_column_inner width=&#8221;1\/2&#8243;][vc_toggle title=&#8221;DIMENSIONI&#8221; css=&#8221;&#8221;]<\/p>\n<table width=\"655\">\n<tbody>\n<tr>\n<td width=\"417\">Peso operativo<\/td>\n<td width=\"238\">14 700 &#8211; 15 400 kg<\/td>\n<\/tr>\n<tr>\n<td width=\"417\">Capacit\u00e0 benna standard<\/td>\n<td>0.6 m\u00b3<\/td>\n<\/tr>\n<tr>\n<td width=\"417\">Lunghezza di trasporto<\/td>\n<td>8 585 mm<\/td>\n<\/tr>\n<tr>\n<td width=\"417\">Larghezza di trasporto<\/td>\n<td>2 515 mm<\/td>\n<\/tr>\n<tr>\n<td width=\"417\">Altezza alla cabina<\/td>\n<td>3 150 mm<\/td>\n<\/tr>\n<\/tbody>\n<\/table>\n<p>[\/vc_toggle][vc_toggle title=&#8221;MOTORE&#8221;]<\/p>\n<table width=\"655\">\n<tbody>\n<tr>\n<td width=\"417\">Modello<\/td>\n<td width=\"238\">Cummins QSF3. 8<\/td>\n<\/tr>\n<tr>\n<td>Classe emissioni<\/td>\n<td>EU Stage V<\/td>\n<\/tr>\n<tr>\n<td>Cilindrata<\/td>\n<td>3.8 L<\/td>\n<\/tr>\n<tr>\n<td>Potenza nominale di uscita<\/td>\n<td>115 kW<\/td>\n<\/tr>\n<\/tbody>\n<\/table>\n<p>[\/vc_toggle][vc_toggle title=&#8221;IMPIANTO IDRAULICO&#8221;&#8221;]<\/p>\n<table width=\"655\">\n<tbody>\n<tr>\n<td width=\"417\">Tipo<\/td>\n<td width=\"238\">2 pompe a pistoni a cilindrata variabile<\/td>\n<\/tr>\n<tr>\n<td>Cilindrata<\/td>\n<td>360 L\/min<\/td>\n<\/tr>\n<tr>\n<td>Pressione idraulica<\/td>\n<td>34.3 Mpa<\/td>\n<\/tr>\n<\/tbody>\n<\/table>\n<p>[\/vc_toggle][vc_toggle title=&#8221;DIAGRAMMA DI LAVORO&#8221; css=&#8221;&#8221;]<\/p>\n<table width=\"655\">\n<tbody>\n<tr>\n<td width=\"417\">Profondit\u00e0 di scavo max<\/td>\n<td width=\"238\">5 210 mm<\/td>\n<\/tr>\n<tr>\n<td>Sbraccio di scavo max<\/td>\n<td>8 610 mm<\/td>\n<\/tr>\n<tr>\n<td>Forza di scavo max &#8211; alla benna<\/td>\n<td>100 kN<\/td>\n<\/tr>\n<tr>\n<td>Forza di scavo max &#8211; al bilanciere<\/td>\n<td>84 kN<\/td>\n<\/tr>\n<\/tbody>\n<\/table>\n<p>[\/vc_toggle][\/vc_column_inner][vc_column_inner width=&#8221;1\/2&#8243;][\/vc_column_inner][\/vc_row_inner][\/vc_tta_section][vc_tta_section title=&#8221;CARATTERISTICHE E VANTAGGI&#8221; tab_id=&#8221;1623355710952-d36b50a3-81ed&#8221;][vc_row_inner][vc_column_inner width=&#8221;1\/4&#8243;][vc_single_image image=&#8221;1070&#8243; img_size=&#8221;medium&#8221;][\/vc_column_inner][vc_column_inner width=&#8221;3\/4&#8243;][vc_custom_heading text=&#8221;FATTO PER L&#8217;EUROPA&#8221; font_container=&#8221;tag:h3|text_align:left&#8221; use_theme_fonts=&#8221;yes&#8221;][vc_column_text]On top of its EU certification, the Sunward SWE 155F, like all Sunward machines on the European market, is designed to meet European customer needs.[\/vc_column_text][\/vc_column_inner][\/vc_row_inner][vc_separator][vc_row_inner][vc_column_inner width=&#8221;1\/4&#8243;][vc_single_image image=&#8221;1240&#8243; img_size=&#8221;medium&#8221;][\/vc_column_inner][vc_column_inner width=&#8221;3\/4&#8243;][vc_custom_heading text=&#8221;POWERFUL &amp; RELIABLE ENGINE&#8221; font_container=&#8221;tag:h3|text_align:left&#8221; use_theme_fonts=&#8221;yes&#8221;][vc_column_text]Achieving near\u2011zero emission levels, while delivering from 55 to 98 kW without compromising power, performance, or fuel economy, that\u2019s the challenge fully met by the compact and powerful Cummins QSF3.8 engine. This engine enjoys wide popularity in the market, and so it has an extensive service network. It\u2019s the engine Sunward required to power the SWE 155F \u2013 and the fact that it complies with the European Union\u2019s Stage V emission requirements goes without saying.[\/vc_column_text][\/vc_column_inner][\/vc_row_inner][vc_separator][vc_row_inner][vc_column_inner width=&#8221;1\/4&#8243;][vc_single_image image=&#8221;1091&#8243; img_size=&#8221;medium&#8221;][\/vc_column_inner][vc_column_inner width=&#8221;3\/4&#8243;][vc_custom_heading text=&#8221;PREMIUM COMPONENTS&#8221; font_container=&#8221;tag:h3|text_align:left&#8221; use_theme_fonts=&#8221;yes&#8221;][vc_column_text]All key components in Sunward excavators are carefully selected, from Cummins engine to hydraulics. Hydraulics are often regarded as the heart of the machine. That\u2019s why Sunward sources exclusively from the highest references in the market. For the SWE 155F, we selected Japanese premium brands KPM for the hydraulic pump and swing motor and KYB to be our main supplier for the Main Control Valve (MCV). Both highly reliable brands are known for their high efficiency and long\u2011life components, designing them specifically to meet the demands of hydraulic excavators.[\/vc_column_text][\/vc_column_inner][\/vc_row_inner][vc_separator][vc_row_inner][vc_column_inner width=&#8221;1\/4&#8243;][vc_single_image image=&#8221;1241&#8243; img_size=&#8221;medium&#8221;][\/vc_column_inner][vc_column_inner width=&#8221;3\/4&#8243;][vc_custom_heading text=&#8221;BUILT TO LAST&#8221; font_container=&#8221;tag:h3|text_align:left&#8221; use_theme_fonts=&#8221;yes&#8221;][vc_column_text]The SWE 155F has been designed with durability in mind. The Cummins engine has built a reputation for high durability, even in extreme working conditions. Also, special attention has been put into the key parts of the SWE 155F, such as the boom and the arm, which are designed with an increased sheet material thickness. All supporting elements are made of high\u2011strength, high\u2011ductility, and structural steel die\u2011forged pieces. This has the great advantage of providing elements with both high wear resistance and structural strength. This process delivers a massive increase in reliability operating under heavy\u2011duty work. For example, the swingarm and bucket rod are designed with the reliability standard of 20 000 hours.<br \/>\nAlso, the SWE 155F\u2019s heavy-duty implements are delicately annealed, which completely eliminates the residue stress in weld seams and increases the machine\u2019s reliability significantly. After welding, the natural cooling process (with the risk of uneven cooling) is prevented by heating the metal in an isolated chamber to 600 \u2013 800\u00b0C and then cooled down slowly (5 \u2013 8 hours), avoiding residual stress and defects. This kind of cooling process is usually not adopted by manufacturers who want to save time and money.<br \/>\nLast but not least, the X chassis has been reinforced, bringing excellent resistance to distortion.[\/vc_column_text][\/vc_column_inner][\/vc_row_inner][vc_separator][vc_row_inner][vc_column_inner width=&#8221;1\/4&#8243;][vc_single_image image=&#8221;1242&#8243; img_size=&#8221;medium&#8221;][\/vc_column_inner][vc_column_inner width=&#8221;3\/4&#8243;][vc_custom_heading text=&#8221;LOW CONSUMPTION&#8221; font_container=&#8221;tag:h3|text_align:left&#8221; use_theme_fonts=&#8221;yes&#8221;][vc_column_text]Thanks to the inline 4-cylinder Cummins QSF3.8 engine, the SWE 155F uses less fuel, with total fluid efficiency (includes both fuel and Diesel Exhaust Fluid) improved by up to 3 percent, with no compromise on performance (this engine has an even better performance compared to it previous version, delivering 10 percent more power and almost 20 percent more torque across the entire RPM range).<\/p>\n<p>Sunward\u2019s SWE 155F medium excavator also has the highest hydraulic efficiency, which results in low fuel consumption. With the new premium quality main pump from KPM, and the innovative thinking from Sunward, we increased the machine\u2019s displacement by 7%, power by 4%, and volume efficiency by 6% \u2013 making the entire excavator more energy efficient).<br \/>\nFinally, thanks to the 3 attachment work modes, operators can enjoy versatility, but also fuel consumption optimization.<\/p>\n<p>[\/vc_column_text][\/vc_column_inner][\/vc_row_inner][vc_separator][vc_row_inner][vc_column_inner width=&#8221;1\/4&#8243;][vc_single_image image=&#8221;1243&#8243; img_size=&#8221;medium&#8221;][\/vc_column_inner][vc_column_inner width=&#8221;3\/4&#8243;][vc_custom_heading text=&#8221;DESIGN FOR VERSATILITY&#8221; font_container=&#8221;tag:h3|text_align:left&#8221; use_theme_fonts=&#8221;yes&#8221;][vc_column_text]In the spirit of Sunward\u2019s motto \u2013 \u2018Innovation Leads to Value\u2019 \u2013 the design and engineering of the SWE 155F is focused on generating optimal value for the machine\u2019s owner while offering optimum versatility to the machine\u2019s operator. The SWE 155F can be used in a large variety of working conditions and applications. And thanks to the 3 separate auxiliary lines (2 of them are equipped with a shut-off valve for easy and oil leakage-free installation of attachments), the 3 bucket working modes, and the 3 attachment work modes, an operator needs only a few minutes to fully appreciate the possibilities offered.[\/vc_column_text][\/vc_column_inner][\/vc_row_inner][vc_separator][vc_row_inner][vc_column_inner width=&#8221;1\/4&#8243;][vc_single_image image=&#8221;1146&#8243; img_size=&#8221;medium&#8221;][\/vc_column_inner][vc_column_inner width=&#8221;3\/4&#8243;][vc_custom_heading text=&#8221;EASY TO MAINTAIN&#8221; font_container=&#8221;tag:h3|text_align:left&#8221; use_theme_fonts=&#8221;yes&#8221;][vc_column_text]To reduce maintenance time and cost, the covers at the rear and on the side open fully to provide direct access to the service points. With very easy access to the fuel tank and centralized grease fittings, the SWE 155F is as easy to maintain as it is to operate.[\/vc_column_text][\/vc_column_inner][\/vc_row_inner][vc_separator][vc_row_inner][vc_column_inner width=&#8221;1\/4&#8243;][vc_single_image image=&#8221;1205&#8243; img_size=&#8221;medium&#8221;][\/vc_column_inner][vc_column_inner width=&#8221;3\/4&#8243;][vc_custom_heading text=&#8221;SAFE CAB&#8221; font_container=&#8221;tag:h3|text_align:left&#8221; use_theme_fonts=&#8221;yes&#8221;][vc_column_text]The high\u2011strength SWE 155F cab meets no less than FOPS, TOPS, and ROPS requirements, which are standard and among the first features to ensure a safe and comfortable job in all application environments. Despite its compact size from the outside, the SWE 155F offers easy access to the roomy cab, welcoming operators of all sizes from everywhere in Europe. Thanks to the large windows and the well\u2011organized cab, everything is designed to keep operators comfortable and productive as well as safe.[\/vc_column_text][\/vc_column_inner][\/vc_row_inner][vc_separator][vc_row_inner][vc_column_inner width=&#8221;1\/4&#8243;][vc_single_image image=&#8221;1071&#8243; img_size=&#8221;medium&#8221;][\/vc_column_inner][vc_column_inner width=&#8221;3\/4&#8243;][vc_custom_heading text=&#8221;BEST VALUE FOR MONEY&#8221; font_container=&#8221;tag:h3|text_align:left&#8221; use_theme_fonts=&#8221;yes&#8221;][vc_column_text]Sunward is your smartest investment in reliability, performance, and high ROI. Indeed, the SWE 155F\u2019s expert design includes a well-thought-out selection of components that streamline operation and maintenance. Our design choices result in a machine that provides so many standard features, premium-brand key components, and capabilities at the right price.<br \/>\nAnd furthermore, Sunward\u2019s own genuine spare parts are economical as well \u2013 and all of this best value for money is crowned by up to 5 years of warranty, standard for all Sunward products.[\/vc_column_text][\/vc_column_inner][\/vc_row_inner][\/vc_tta_section][vc_tta_section title=&#8221;BROCHURE&#8221; tab_id=&#8221;1623857795794-8fd5289e-c5a3&#8243;][vc_row_inner content_placement=&#8221;middle&#8221;][vc_column_inner width=&#8221;1\/4&#8243;][vc_single_image image=&#8221;4279&#8243; img_size=&#8221;large&#8221; css=&#8221;&#8221;][\/vc_column_inner][vc_column_inner width=&#8221;3\/4&#8243;][vc_custom_heading text=&#8221;Spec Sheet&#8221; font_container=&#8221;tag:h3|text_align:left&#8221; use_theme_fonts=&#8221;yes&#8221;][vc_btn title=&#8221;DOWNLOAD&#8221; color=&#8221;orange&#8221; size=&#8221;lg&#8221; css=&#8221;&#8221; link=&#8221;url:https%3A%2F%2Fsunward.eu%2Fwp-content%2Fuploads%2F2025%2F05%2FSUNWARD_SWE-155FW_05.2025_FINAL_HR_IT.pdf|title:Sunward%20SWE%20155FW%20Spec%20Sheet|target:_blank&#8221;][\/vc_column_inner][\/vc_row_inner][\/vc_tta_section][\/vc_tta_accordion][\/vc_column][\/vc_row]<\/p>\n<\/div>","protected":false},"excerpt":{"rendered":"<p>The Sunward SWE 155FW wheeled excavator combines a sleek design, powerful Cummins engine meeting Stage V emissions, and unrivaled fuel efficiency. Its structural robustness ensures durability even in harsh conditions, while safety is a top priority with FOPS and ROPS-certified cabs and unmatched stability. Adaptability is key, with three auxiliary lines, and 5 working modes. Sunward promises reliability, performance, and a high return on investment, making the SWE 155FW the smart choice. It&#8217;s your partner for conquering challenges and achieving excellence. Discover the Sunward SWE 155FW wheeled excavator. [&#8230;]<\/p>\n<p><a class=\"btn btn-secondary understrap-read-more-link\" href=\"https:\/\/sunward.eu\/it\/product\/swe-155fw\/\">Leggi tutto&#8230;<\/a><\/p>\n","protected":false},"featured_media":3707,"comment_status":"closed","ping_status":"closed","template":"","meta":{"_acf_changed":false,"inline_featured_image":false},"product_cat":[26,132],"product_tag":[],"class_list":{"0":"post-3205","1":"product","2":"type-product","3":"status-publish","4":"has-post-thumbnail","6":"product_cat-excavators","7":"product_cat-wheeled-excavators","8":"pa_emission-rating-eu-stage-5","9":"pa_max-digging-depth-5-100-mm","10":"pa_operating-weight-14-700-15-400-kg","11":"pa_power-output-115-kw","12":"pa_width-2-515-mm","14":"first","15":"instock","16":"shipping-taxable","17":"product-type-simple"},"translation":{"provider":"WPGlobus","version":"2.12.2","language":"it","enabled_languages":["en","de","fr","it"],"languages":{"en":{"title":true,"content":true,"excerpt":true},"de":{"title":true,"content":true,"excerpt":true},"fr":{"title":true,"content":true,"excerpt":true},"it":{"title":true,"content":true,"excerpt":true}}},"acf":[],"yoast_head":"<!-- This site is optimized with the Yoast SEO plugin v22.6 - https:\/\/yoast.com\/wordpress\/plugins\/seo\/ -->\n<title>SWE 155FW-2PB - Sunward Europe (Official Website for EU &amp; UK)<\/title>\n<meta name=\"robots\" content=\"index, follow, max-snippet:-1, max-image-preview:large, max-video-preview:-1\" \/>\n<link rel=\"canonical\" href=\"https:\/\/sunward.eu\/product\/swe-155fw\/\" \/>\n<meta property=\"og:locale\" content=\"it_IT\" \/>\n<meta property=\"og:type\" content=\"article\" \/>\n<meta property=\"og:title\" content=\"SWE 155FW-2PB - Sunward Europe (Official Website for EU &amp; UK)\" \/>\n<meta property=\"og:url\" content=\"https:\/\/sunward.eu\/product\/swe-155fw\/\" \/>\n<meta property=\"og:site_name\" content=\"Sunward Europe (Official Website for EU &amp; UK)\" \/>\n<meta property=\"article:modified_time\" content=\"2025-07-11T13:35:44+00:00\" \/>\n<meta property=\"og:image\" content=\"https:\/\/sunward.eu\/wp-content\/uploads\/2024\/10\/Sunward-SWE-155FW.png\" \/>\n\t<meta property=\"og:image:width\" content=\"1000\" \/>\n\t<meta property=\"og:image:height\" content=\"1000\" \/>\n\t<meta property=\"og:image:type\" content=\"image\/png\" \/>\n<meta name=\"twitter:card\" content=\"summary_large_image\" \/>\n<meta name=\"twitter:label1\" content=\"Est. reading time\" \/>\n\t<meta name=\"twitter:data1\" content=\"8 minutes\" \/>\n<script type=\"application\/ld+json\" class=\"yoast-schema-graph\">{\"@context\":\"https:\/\/schema.org\",\"@graph\":[{\"@type\":\"WebPage\",\"@id\":\"https:\/\/sunward.eu\/product\/swe-155fw\/\",\"url\":\"https:\/\/sunward.eu\/product\/swe-155fw\/\",\"name\":\"SWE 155FW-2PB - Sunward Europe (Official Website for EU &amp; UK)\",\"isPartOf\":{\"@id\":\"https:\/\/sunward.eu\/#website\"},\"primaryImageOfPage\":{\"@id\":\"https:\/\/sunward.eu\/product\/swe-155fw\/#primaryimage\"},\"image\":{\"@id\":\"https:\/\/sunward.eu\/product\/swe-155fw\/#primaryimage\"},\"thumbnailUrl\":\"https:\/\/sunward.eu\/wp-content\/uploads\/2024\/10\/Sunward-SWE-155FW.png\",\"datePublished\":\"2023-09-08T07:27:29+00:00\",\"dateModified\":\"2025-07-11T13:35:44+00:00\",\"description\":\"The Sunward SWE 155FW wheeled excavator combines a sleek design, powerful Cummins engine meeting Stage V emissions, and unrivaled fuel efficiency. Its structural robustness ensures durability even in harsh conditions, while safety is a top priority with FOPS and ROPS-certified cabs and unmatched stability. Adaptability is key, with three auxiliary lines, and 5 working modes. Sunward promises reliability, performance, and a high return on investment, making the SWE 155FW the smart choice. It's your partner for conquering challenges and achieving excellence. Discover the Sunward SWE 155FW wheeled excavator.\",\"breadcrumb\":{\"@id\":\"https:\/\/sunward.eu\/product\/swe-155fw\/#breadcrumb\"},\"inLanguage\":\"it-IT\",\"potentialAction\":[{\"@type\":\"ReadAction\",\"target\":[\"https:\/\/sunward.eu\/product\/swe-155fw\/\"]}]},{\"@type\":\"ImageObject\",\"inLanguage\":\"it-IT\",\"@id\":\"https:\/\/sunward.eu\/product\/swe-155fw\/#primaryimage\",\"url\":\"https:\/\/sunward.eu\/wp-content\/uploads\/2024\/10\/Sunward-SWE-155FW.png\",\"contentUrl\":\"https:\/\/sunward.eu\/wp-content\/uploads\/2024\/10\/Sunward-SWE-155FW.png\",\"width\":1000,\"height\":1000},{\"@type\":\"BreadcrumbList\",\"@id\":\"https:\/\/sunward.eu\/product\/swe-155fw\/#breadcrumb\",\"itemListElement\":[{\"@type\":\"ListItem\",\"position\":1,\"name\":\"Home\",\"item\":\"https:\/\/sunward.eu\/\"},{\"@type\":\"ListItem\",\"position\":2,\"name\":\"Products\",\"item\":\"https:\/\/sunward.eu\/shop\/\"},{\"@type\":\"ListItem\",\"position\":3,\"name\":\"Excavators\",\"item\":\"https:\/\/sunward.eu\/product-category\/excavators\/\"},{\"@type\":\"ListItem\",\"position\":4,\"name\":\"SWE 155FW 2-PB\"}]},{\"@type\":\"WebSite\",\"@id\":\"https:\/\/sunward.eu\/#website\",\"url\":\"https:\/\/sunward.eu\/\",\"name\":\"Sunward Europe (Official Website for EU &amp; UK)\",\"description\":\"The smart choice\",\"publisher\":{\"@id\":\"https:\/\/sunward.eu\/#organization\"},\"potentialAction\":[{\"@type\":\"SearchAction\",\"target\":{\"@type\":\"EntryPoint\",\"urlTemplate\":\"https:\/\/sunward.eu\/?s={search_term_string}\"},\"query-input\":\"required name=search_term_string\"}],\"inLanguage\":\"it-IT\"},{\"@type\":\"Organization\",\"@id\":\"https:\/\/sunward.eu\/#organization\",\"name\":\"Sunward Europe (Official Website for EU &amp; UK)\",\"url\":\"https:\/\/sunward.eu\/\",\"logo\":{\"@type\":\"ImageObject\",\"inLanguage\":\"it-IT\",\"@id\":\"https:\/\/sunward.eu\/#\/schema\/logo\/image\/\",\"url\":\"https:\/\/sunward.eu\/wp-content\/uploads\/2022\/01\/Website_Sunward_logo_top_180x63px.png\",\"contentUrl\":\"https:\/\/sunward.eu\/wp-content\/uploads\/2022\/01\/Website_Sunward_logo_top_180x63px.png\",\"width\":180,\"height\":63,\"caption\":\"Sunward Europe (Official Website for EU &amp; UK)\"},\"image\":{\"@id\":\"https:\/\/sunward.eu\/#\/schema\/logo\/image\/\"}}]}<\/script>\n<!-- \/ Yoast SEO plugin. -->","yoast_head_json":{"title":"SWE 155FW-2PB - Sunward Europe (Official Website for EU &amp; UK)","robots":{"index":"index","follow":"follow","max-snippet":"max-snippet:-1","max-image-preview":"max-image-preview:large","max-video-preview":"max-video-preview:-1"},"canonical":"https:\/\/sunward.eu\/product\/swe-155fw\/","og_locale":"it_IT","og_type":"article","og_title":"SWE 155FW-2PB - Sunward Europe (Official Website for EU &amp; UK)","og_url":"https:\/\/sunward.eu\/product\/swe-155fw\/","og_site_name":"Sunward Europe (Official Website for EU &amp; UK)","article_modified_time":"2025-07-11T13:35:44+00:00","og_image":[{"width":1000,"height":1000,"url":"https:\/\/sunward.eu\/wp-content\/uploads\/2024\/10\/Sunward-SWE-155FW.png","type":"image\/png"}],"twitter_card":"summary_large_image","twitter_misc":{"Est. reading time":"8 minutes"},"schema":{"@context":"https:\/\/schema.org","@graph":[{"@type":"WebPage","@id":"https:\/\/sunward.eu\/product\/swe-155fw\/","url":"https:\/\/sunward.eu\/product\/swe-155fw\/","name":"SWE 155FW-2PB - Sunward Europe (Official Website for EU &amp; UK)","isPartOf":{"@id":"https:\/\/sunward.eu\/#website"},"primaryImageOfPage":{"@id":"https:\/\/sunward.eu\/product\/swe-155fw\/#primaryimage"},"image":{"@id":"https:\/\/sunward.eu\/product\/swe-155fw\/#primaryimage"},"thumbnailUrl":"https:\/\/sunward.eu\/wp-content\/uploads\/2024\/10\/Sunward-SWE-155FW.png","datePublished":"2023-09-08T07:27:29+00:00","dateModified":"2025-07-11T13:35:44+00:00","description":"The Sunward SWE 155FW wheeled excavator combines a sleek design, powerful Cummins engine meeting Stage V emissions, and unrivaled fuel efficiency. Its structural robustness ensures durability even in harsh conditions, while safety is a top priority with FOPS and ROPS-certified cabs and unmatched stability. Adaptability is key, with three auxiliary lines, and 5 working modes. Sunward promises reliability, performance, and a high return on investment, making the SWE 155FW the smart choice. It's your partner for conquering challenges and achieving excellence. Discover the Sunward SWE 155FW wheeled excavator.","breadcrumb":{"@id":"https:\/\/sunward.eu\/product\/swe-155fw\/#breadcrumb"},"inLanguage":"it-IT","potentialAction":[{"@type":"ReadAction","target":["https:\/\/sunward.eu\/product\/swe-155fw\/"]}]},{"@type":"ImageObject","inLanguage":"it-IT","@id":"https:\/\/sunward.eu\/product\/swe-155fw\/#primaryimage","url":"https:\/\/sunward.eu\/wp-content\/uploads\/2024\/10\/Sunward-SWE-155FW.png","contentUrl":"https:\/\/sunward.eu\/wp-content\/uploads\/2024\/10\/Sunward-SWE-155FW.png","width":1000,"height":1000},{"@type":"BreadcrumbList","@id":"https:\/\/sunward.eu\/product\/swe-155fw\/#breadcrumb","itemListElement":[{"@type":"ListItem","position":1,"name":"Home","item":"https:\/\/sunward.eu\/"},{"@type":"ListItem","position":2,"name":"Products","item":"https:\/\/sunward.eu\/shop\/"},{"@type":"ListItem","position":3,"name":"Excavators","item":"https:\/\/sunward.eu\/product-category\/excavators\/"},{"@type":"ListItem","position":4,"name":"SWE 155FW 2-PB"}]},{"@type":"WebSite","@id":"https:\/\/sunward.eu\/#website","url":"https:\/\/sunward.eu\/","name":"Sunward Europe (Official Website for EU &amp; UK)","description":"The smart choice","publisher":{"@id":"https:\/\/sunward.eu\/#organization"},"potentialAction":[{"@type":"SearchAction","target":{"@type":"EntryPoint","urlTemplate":"https:\/\/sunward.eu\/?s={search_term_string}"},"query-input":"required name=search_term_string"}],"inLanguage":"it-IT"},{"@type":"Organization","@id":"https:\/\/sunward.eu\/#organization","name":"Sunward Europe (Official Website for EU &amp; UK)","url":"https:\/\/sunward.eu\/","logo":{"@type":"ImageObject","inLanguage":"it-IT","@id":"https:\/\/sunward.eu\/#\/schema\/logo\/image\/","url":"https:\/\/sunward.eu\/wp-content\/uploads\/2022\/01\/Website_Sunward_logo_top_180x63px.png","contentUrl":"https:\/\/sunward.eu\/wp-content\/uploads\/2022\/01\/Website_Sunward_logo_top_180x63px.png","width":180,"height":63,"caption":"Sunward Europe (Official Website for EU &amp; UK)"},"image":{"@id":"https:\/\/sunward.eu\/#\/schema\/logo\/image\/"}}]}},"_links":{"self":[{"href":"https:\/\/sunward.eu\/it\/wp-json\/wp\/v2\/product\/3205","targetHints":{"allow":["GET"]}}],"collection":[{"href":"https:\/\/sunward.eu\/it\/wp-json\/wp\/v2\/product"}],"about":[{"href":"https:\/\/sunward.eu\/it\/wp-json\/wp\/v2\/types\/product"}],"replies":[{"embeddable":true,"href":"https:\/\/sunward.eu\/it\/wp-json\/wp\/v2\/comments?post=3205"}],"wp:featuredmedia":[{"embeddable":true,"href":"https:\/\/sunward.eu\/it\/wp-json\/wp\/v2\/media\/3707"}],"wp:attachment":[{"href":"https:\/\/sunward.eu\/it\/wp-json\/wp\/v2\/media?parent=3205"}],"wp:term":[{"taxonomy":"product_cat","embeddable":true,"href":"https:\/\/sunward.eu\/it\/wp-json\/wp\/v2\/product_cat?post=3205"},{"taxonomy":"product_tag","embeddable":true,"href":"https:\/\/sunward.eu\/it\/wp-json\/wp\/v2\/product_tag?post=3205"}],"curies":[{"name":"wp","href":"https:\/\/api.w.org\/{rel}","templated":true}]}}