{"id":3068,"date":"2023-04-20T23:22:08","date_gmt":"2023-04-20T21:22:08","guid":{"rendered":"https:\/\/sunward.eu\/?post_type=product&#038;p=3068"},"modified":"2025-07-28T12:56:58","modified_gmt":"2025-07-28T10:56:58","slug":"swa-16je","status":"publish","type":"product","link":"https:\/\/sunward.eu\/it\/product\/swa-16je\/","title":{"rendered":"SWA 16JE"},"content":{"rendered":"<div class=\"wpb-content-wrapper\"><p>[vc_row][vc_column][vc_tta_accordion style=&#8221;flat&#8221; c_icon=&#8221;chevron&#8221; c_position=&#8221;right&#8221; active_section=&#8221;1&#8243; no_fill=&#8221;true&#8221; el_class=&#8221;custom-accordion&#8221;][vc_tta_section title=&#8221;SPECIFICHE&#8221; tab_id=&#8221;1623355628079-f58b5c44-7c4b&#8221;][vc_custom_heading text=&#8221;SUNWARD SWA 16JE&#8221; font_container=&#8221;tag:h3|text_align:left&#8221; use_theme_fonts=&#8221;yes&#8221;][vc_column_text css=&#8221;&#8221;]Quando si tratta di scegliere un sollevatore a braccio articolato, il Sunward SWA 16JE \u00e8 senza dubbio la scelta pi\u00f9 intelligente. Questa macchina versatile combina prestazioni eccezionali, caratteristiche di sicurezza superiori e sostenibilit\u00e0 eccezionale, rendendola lo strumento perfetto per un&#8217;ampia gamma di applicazioni.<\/p>\n<p>100% elettrica, la SWA16JE \u00e8 silenziosa e priva di emissioni. La sua eccellente manovrabilit\u00e0 le consente di lavorare all&#8217;esterno, intorno agli edifici, su terreni stabilizzati, e di affrontare i pendii con facilit\u00e0. Inoltre, le sue dimensioni compatte la rendono ideale per applicazioni interne, poich\u00e9 pu\u00f2 manovrare facilmente in spazi ristretti.<\/p>\n<p>Oltre alle sue straordinarie prestazioni, la SWA 16JE \u00e8 stata progettata con l&#8217;obiettivo di semplificare la manutenzione, riducendo i tempi di inattivit\u00e0 e garantendo la massima operativit\u00e0. Inoltre, grazie al suo basso costo totale di gestione, questa macchina \u00e8 un investimento conveniente che si ripagher\u00e0 negli anni a venire.<\/p>\n<p>Ma la cosa pi\u00f9 importante \u00e8 che la SWA 16JE mette la sicurezza al primo posto. Le sue caratteristiche di sicurezza avanzate, come il sistema antiribaltamento e la valvola di discesa di emergenza, garantiscono la tranquillit\u00e0 degli operatori e dei presenti. Con la SWA 16JE potete concentrarvi sul lavoro da svolgere, sapendo di avere a disposizione una macchina affidabile, sicura ed efficiente.<\/p>\n<p>E se si considera il basso costo totale di gestione, la scelta diventa ancora pi\u00f9 chiara.<\/p>\n<p>Quindi, se volete lavorare in modo pi\u00f9 intelligente, non pi\u00f9 difficile, scegliete l&#8217;elevatore a braccio articolato Sunward SWA 16JE: la scelta intelligente per qualsiasi lavoro.<\/p>\n<p>Scoprite tutti gli altri vantaggi del Sunward SWA 16JE.[\/vc_column_text][vc_row_inner][vc_column_inner width=&#8221;1\/2&#8243;][vc_toggle title=&#8221;SPECIFICHE DI SBRACCIO&#8221; css=&#8221;&#8221;]<\/p>\n<table width=\"655\">\n<tbody>\n<tr>\n<td width=\"417\">Altezza max della piattaforma<\/td>\n<td width=\"238\">13.8 m<\/td>\n<\/tr>\n<tr>\n<td width=\"417\">Altezza max di lavoro<\/td>\n<td>15.8 m<\/td>\n<\/tr>\n<tr>\n<td width=\"417\">Sbraccio orizzontale massimo<\/td>\n<td>7.74 m<\/td>\n<\/tr>\n<tr>\n<td width=\"417\">Altezza massima dello sbraccio orizzontale<\/td>\n<td>7.6 m<\/td>\n<\/tr>\n<\/tbody>\n<\/table>\n<p>[\/vc_toggle][vc_toggle title=&#8221;DIMENSIONI&#8221; css=&#8221;&#8221;]<\/p>\n<table width=\"655\">\n<tbody>\n<tr>\n<td width=\"417\">Lunghezza &#8211; retratto<\/td>\n<td width=\"238\">6.63 m<\/td>\n<\/tr>\n<tr>\n<td>Altezza &#8211; retratto<\/td>\n<td>2.13 m<\/td>\n<\/tr>\n<tr>\n<td>Larghezza complessiva<\/td>\n<td>1.75 m<\/td>\n<\/tr>\n<tr>\n<td>Altezza da terra &#8211; intermedia<\/td>\n<td>0.2 m<\/td>\n<\/tr>\n<tr>\n<td>Lunghezza della piattaforma di lavoro<\/td>\n<td>1.52 m<\/td>\n<\/tr>\n<\/tbody>\n<\/table>\n<p>[\/vc_toggle][vc_toggle title=&#8221;PRESTAZIONI&#8221; css=&#8221;&#8221;]<\/p>\n<table width=\"655\">\n<tbody>\n<tr>\n<td width=\"417\">Rotazione della piattaforma<\/td>\n<td width=\"238\">180\u00b0<\/td>\n<\/tr>\n<tr>\n<td>Velocit\u00e0 di marcia (retratto)<\/td>\n<td>5.2 km\/h<\/td>\n<\/tr>\n<tr>\n<td>Velocit\u00e0 di marcia (estesa)<\/td>\n<td>0.8 km\/h<\/td>\n<\/tr>\n<tr>\n<td>Raggio di sterzata (interno\/esterno)<\/td>\n<td>1.15 m \/ 3.58 m<\/td>\n<\/tr>\n<tr>\n<td>Capacit\u00e0 di carico &#8211; quattro ruote motrici &#8211; retratto<\/td>\n<td>30%<\/td>\n<\/tr>\n<tr>\n<td>Angolo di lavoro massimo consentito<\/td>\n<td>3\u00b0<\/td>\n<\/tr>\n<\/tbody>\n<\/table>\n<p>[\/vc_toggle][\/vc_column_inner][vc_column_inner width=&#8221;1\/2&#8243;][\/vc_column_inner][\/vc_row_inner][\/vc_tta_section][vc_tta_section title=&#8221;CARATTERISTICHE E VANTAGGI&#8221; tab_id=&#8221;1623355710952-d36b50a3-81ed&#8221;][vc_row_inner][vc_column_inner width=&#8221;1\/4&#8243;][vc_single_image image=&#8221;1070&#8243; img_size=&#8221;medium&#8221;][\/vc_column_inner][vc_column_inner width=&#8221;3\/4&#8243;][vc_custom_heading text=&#8221;FATTA PER L&#8217;EUROPA&#8221; font_container=&#8221;tag:h3|text_align:left&#8221; use_theme_fonts=&#8221;yes&#8221; css=&#8221;&#8221;][vc_column_text css=&#8221;&#8221;]Oltre alla certificazione UE, la Sunward SWA 16JE, come tutte le macchine Sunward presenti sul mercato europeo, \u00e8 progettata per soddisfare le esigenze dei clienti europei.[\/vc_column_text][\/vc_column_inner][\/vc_row_inner][vc_row_inner][vc_column_inner width=&#8221;1\/4&#8243;][vc_single_image image=&#8221;1205&#8243; img_size=&#8221;medium&#8221;][\/vc_column_inner][vc_column_inner width=&#8221;3\/4&#8243;][vc_custom_heading text=&#8221;LA SICUREZZA INNANZITUTTO&#8221; font_container=&#8221;tag:h3|text_align:left&#8221; use_theme_fonts=&#8221;yes&#8221; css=&#8221;&#8221;][vc_column_text css=&#8221;&#8221;]L&#8217;SWA 16JE mette la sicurezza al primo posto.<\/p>\n<p>Le sue caratteristiche di sicurezza avanzate, come il sistema antiribaltamento e la valvola di discesa di emergenza, garantiscono la tranquillit\u00e0 degli operatori e dei presenti. Con l&#8217;SWA 16JE potete concentrarvi sul lavoro da svolgere, sapendo di avere a disposizione una macchina affidabile, sicura ed efficiente.<\/p>\n<p>E se si considera il suo basso costo totale di gestione, la scelta diventa ancora pi\u00f9 chiara.[\/vc_column_text][\/vc_column_inner][\/vc_row_inner][vc_row_inner][vc_column_inner width=&#8221;1\/4&#8243;][vc_single_image image=&#8221;1071&#8243; img_size=&#8221;medium&#8221;][\/vc_column_inner][vc_column_inner width=&#8221;3\/4&#8243;][vc_custom_heading text=&#8221;MIGLIOR RAPPORTO QUALIT\u00c0\/PREZZO&#8221; font_container=&#8221;tag:h3|text_align:left&#8221; use_theme_fonts=&#8221;yes&#8221; css=&#8221;&#8221;][vc_column_text css=&#8221;&#8221;]Sunward \u00e8 il vostro investimento pi\u00f9 intelligente in termini di affidabilit\u00e0, prestazioni ed elevato ROI. Infatti, il design esperto della SWA 16JE comprende una selezione ben ponderata di componenti che semplificano il funzionamento e la manutenzione. Le nostre scelte progettuali si traducono in una macchina che offre un gran numero di funzioni standard, componenti chiave di marca premium e funzionalit\u00e0 al giusto prezzo.<\/p>\n<p>Inoltre, i pezzi di ricambio originali Sunward sono altrettanto economici. Tutto questo ottimo rapporto qualit\u00e0-prezzo \u00e8 coronato da una garanzia fino a 2 anni, standard per tutte le piattaforme aeree Sunward.[\/vc_column_text][\/vc_column_inner][\/vc_row_inner][\/vc_tta_section][vc_tta_section title=&#8221;VIDEO&#8221; tab_id=&#8221;1623857706491-8aa3a03f-cca1&#8243;][\/vc_tta_section][vc_tta_section title=&#8221;BROCHURE&#8221; tab_id=&#8221;1623857795794-8fd5289e-c5a3&#8243;][vc_row_inner content_placement=&#8221;middle&#8221;][vc_column_inner width=&#8221;1\/4&#8243;][vc_single_image image=&#8221;3151&#8243; img_size=&#8221;large&#8221;][\/vc_column_inner][vc_column_inner width=&#8221;3\/4&#8243;][vc_custom_heading text=&#8221;Product brochure&#8221; font_container=&#8221;tag:h3|text_align:left&#8221; use_theme_fonts=&#8221;yes&#8221;][vc_btn title=&#8221;DOWNLOAD&#8221; color=&#8221;orange&#8221; size=&#8221;lg&#8221; css=&#8221;&#8221; link=&#8221;url:https%3A%2F%2Fsunward.eu%2Fwp-content%2Fuploads%2F2025%2F03%2FSUNWARD_SWA_16JE_FINAL_HR_IT.pdf|title:Sunward%20SWA%2016JE%20Specifications|target:_blank&#8221;][\/vc_column_inner][\/vc_row_inner][\/vc_tta_section][\/vc_tta_accordion][\/vc_column][\/vc_row]<\/p>\n<\/div>","protected":false},"excerpt":{"rendered":"<p>Quando si tratta di scegliere un sollevatore a braccio articolato, il Sunward SWA 16JE \u00e8 senza dubbio la scelta pi\u00f9 intelligente. Questa macchina versatile combina prestazioni eccezionali, caratteristiche di sicurezza superiori e sostenibilit\u00e0 eccezionale, rendendola lo strumento perfetto per una vasta gamma di applicazioni. [&#8230;]<\/p>\n<p><a class=\"btn btn-secondary understrap-read-more-link\" href=\"https:\/\/sunward.eu\/it\/product\/swa-16je\/\">Leggi tutto&#8230;<\/a><\/p>\n","protected":false},"featured_media":3065,"comment_status":"closed","ping_status":"closed","template":"","meta":{"_acf_changed":false,"inline_featured_image":false},"product_cat":[126],"product_tag":[],"class_list":{"0":"post-3068","1":"product","2":"type-product","3":"status-publish","4":"has-post-thumbnail","6":"product_cat-articulated-boom-lift","7":"pa_emission-rating-eu-stage-5","8":"pa_max-digging-depth-6-750-mm","9":"pa_max-working-height-15-8-m","10":"pa_operating-weight-7-750-kg","11":"pa_power-output-129-kw","12":"pa_width-2800-mm","14":"first","15":"instock","16":"shipping-taxable","17":"product-type-simple"},"translation":{"provider":"WPGlobus","version":"2.12.2","language":"it","enabled_languages":["en","de","fr","it"],"languages":{"en":{"title":true,"content":true,"excerpt":true},"de":{"title":true,"content":true,"excerpt":true},"fr":{"title":true,"content":true,"excerpt":true},"it":{"title":true,"content":true,"excerpt":true}}},"acf":[],"yoast_head":"<!-- This site is optimized with the Yoast SEO plugin v22.6 - https:\/\/yoast.com\/wordpress\/plugins\/seo\/ -->\n<title>SWA 16JE - Sunward Europe (Official Website for EU &amp; UK)<\/title>\n<meta name=\"robots\" content=\"index, follow, max-snippet:-1, max-image-preview:large, max-video-preview:-1\" \/>\n<link rel=\"canonical\" href=\"https:\/\/sunward.eu\/product\/swa-16je\/\" \/>\n<meta property=\"og:locale\" content=\"it_IT\" \/>\n<meta property=\"og:type\" content=\"article\" \/>\n<meta property=\"og:title\" content=\"SWA 16JE - Sunward Europe (Official Website for EU &amp; UK)\" \/>\n<meta property=\"og:url\" content=\"https:\/\/sunward.eu\/product\/swa-16je\/\" \/>\n<meta property=\"og:site_name\" content=\"Sunward Europe (Official Website for EU &amp; UK)\" \/>\n<meta property=\"article:modified_time\" content=\"2025-07-28T10:56:58+00:00\" \/>\n<meta property=\"og:image\" content=\"https:\/\/sunward.eu\/wp-content\/uploads\/2023\/04\/WEBSITE-CATEGORY-ARTICULATED-BOOM-LIFT.png\" \/>\n\t<meta property=\"og:image:width\" content=\"319\" \/>\n\t<meta property=\"og:image:height\" content=\"318\" \/>\n\t<meta property=\"og:image:type\" content=\"image\/png\" \/>\n<meta name=\"twitter:card\" content=\"summary_large_image\" \/>\n<meta name=\"twitter:label1\" content=\"Est. reading time\" \/>\n\t<meta name=\"twitter:data1\" content=\"3 minutes\" \/>\n<script type=\"application\/ld+json\" class=\"yoast-schema-graph\">{\"@context\":\"https:\/\/schema.org\",\"@graph\":[{\"@type\":\"WebPage\",\"@id\":\"https:\/\/sunward.eu\/product\/swa-16je\/\",\"url\":\"https:\/\/sunward.eu\/product\/swa-16je\/\",\"name\":\"SWA 16JE - Sunward Europe (Official Website for EU &amp; UK)\",\"isPartOf\":{\"@id\":\"https:\/\/sunward.eu\/#website\"},\"primaryImageOfPage\":{\"@id\":\"https:\/\/sunward.eu\/product\/swa-16je\/#primaryimage\"},\"image\":{\"@id\":\"https:\/\/sunward.eu\/product\/swa-16je\/#primaryimage\"},\"thumbnailUrl\":\"https:\/\/sunward.eu\/wp-content\/uploads\/2023\/04\/WEBSITE-CATEGORY-ARTICULATED-BOOM-LIFT.png\",\"datePublished\":\"2023-04-20T21:22:08+00:00\",\"dateModified\":\"2025-07-28T10:56:58+00:00\",\"breadcrumb\":{\"@id\":\"https:\/\/sunward.eu\/product\/swa-16je\/#breadcrumb\"},\"inLanguage\":\"it-IT\",\"potentialAction\":[{\"@type\":\"ReadAction\",\"target\":[\"https:\/\/sunward.eu\/product\/swa-16je\/\"]}]},{\"@type\":\"ImageObject\",\"inLanguage\":\"it-IT\",\"@id\":\"https:\/\/sunward.eu\/product\/swa-16je\/#primaryimage\",\"url\":\"https:\/\/sunward.eu\/wp-content\/uploads\/2023\/04\/WEBSITE-CATEGORY-ARTICULATED-BOOM-LIFT.png\",\"contentUrl\":\"https:\/\/sunward.eu\/wp-content\/uploads\/2023\/04\/WEBSITE-CATEGORY-ARTICULATED-BOOM-LIFT.png\",\"width\":319,\"height\":318,\"caption\":\"Sunward Articulated Boom Lift\"},{\"@type\":\"BreadcrumbList\",\"@id\":\"https:\/\/sunward.eu\/product\/swa-16je\/#breadcrumb\",\"itemListElement\":[{\"@type\":\"ListItem\",\"position\":1,\"name\":\"Home\",\"item\":\"https:\/\/sunward.eu\/\"},{\"@type\":\"ListItem\",\"position\":2,\"name\":\"Products\",\"item\":\"https:\/\/sunward.eu\/shop\/\"},{\"@type\":\"ListItem\",\"position\":3,\"name\":\"{:en}Articulated Boom Lifts{:}{:de}Gelenkarbeitsbuehnen{:}{:fr}Nacelles articul\u00e9es{:}{:it}Piattaforme aeree articolate{:}\",\"item\":\"https:\/\/sunward.eu\/product-category\/articulated-boom-lift\/\"},{\"@type\":\"ListItem\",\"position\":4,\"name\":\"SWA 16JE\"}]},{\"@type\":\"WebSite\",\"@id\":\"https:\/\/sunward.eu\/#website\",\"url\":\"https:\/\/sunward.eu\/\",\"name\":\"Sunward Europe (Official Website for EU &amp; UK)\",\"description\":\"The smart choice\",\"publisher\":{\"@id\":\"https:\/\/sunward.eu\/#organization\"},\"potentialAction\":[{\"@type\":\"SearchAction\",\"target\":{\"@type\":\"EntryPoint\",\"urlTemplate\":\"https:\/\/sunward.eu\/?s={search_term_string}\"},\"query-input\":\"required name=search_term_string\"}],\"inLanguage\":\"it-IT\"},{\"@type\":\"Organization\",\"@id\":\"https:\/\/sunward.eu\/#organization\",\"name\":\"Sunward Europe (Official Website for EU &amp; UK)\",\"url\":\"https:\/\/sunward.eu\/\",\"logo\":{\"@type\":\"ImageObject\",\"inLanguage\":\"it-IT\",\"@id\":\"https:\/\/sunward.eu\/#\/schema\/logo\/image\/\",\"url\":\"https:\/\/sunward.eu\/wp-content\/uploads\/2022\/01\/Website_Sunward_logo_top_180x63px.png\",\"contentUrl\":\"https:\/\/sunward.eu\/wp-content\/uploads\/2022\/01\/Website_Sunward_logo_top_180x63px.png\",\"width\":180,\"height\":63,\"caption\":\"Sunward Europe (Official Website for EU &amp; UK)\"},\"image\":{\"@id\":\"https:\/\/sunward.eu\/#\/schema\/logo\/image\/\"}}]}<\/script>\n<!-- \/ Yoast SEO plugin. -->","yoast_head_json":{"title":"SWA 16JE - Sunward Europe (Official Website for EU &amp; UK)","robots":{"index":"index","follow":"follow","max-snippet":"max-snippet:-1","max-image-preview":"max-image-preview:large","max-video-preview":"max-video-preview:-1"},"canonical":"https:\/\/sunward.eu\/product\/swa-16je\/","og_locale":"it_IT","og_type":"article","og_title":"SWA 16JE - Sunward Europe (Official Website for EU &amp; UK)","og_url":"https:\/\/sunward.eu\/product\/swa-16je\/","og_site_name":"Sunward Europe (Official Website for EU &amp; UK)","article_modified_time":"2025-07-28T10:56:58+00:00","og_image":[{"width":319,"height":318,"url":"https:\/\/sunward.eu\/wp-content\/uploads\/2023\/04\/WEBSITE-CATEGORY-ARTICULATED-BOOM-LIFT.png","type":"image\/png"}],"twitter_card":"summary_large_image","twitter_misc":{"Est. reading time":"3 minutes"},"schema":{"@context":"https:\/\/schema.org","@graph":[{"@type":"WebPage","@id":"https:\/\/sunward.eu\/product\/swa-16je\/","url":"https:\/\/sunward.eu\/product\/swa-16je\/","name":"SWA 16JE - Sunward Europe (Official Website for EU &amp; UK)","isPartOf":{"@id":"https:\/\/sunward.eu\/#website"},"primaryImageOfPage":{"@id":"https:\/\/sunward.eu\/product\/swa-16je\/#primaryimage"},"image":{"@id":"https:\/\/sunward.eu\/product\/swa-16je\/#primaryimage"},"thumbnailUrl":"https:\/\/sunward.eu\/wp-content\/uploads\/2023\/04\/WEBSITE-CATEGORY-ARTICULATED-BOOM-LIFT.png","datePublished":"2023-04-20T21:22:08+00:00","dateModified":"2025-07-28T10:56:58+00:00","breadcrumb":{"@id":"https:\/\/sunward.eu\/product\/swa-16je\/#breadcrumb"},"inLanguage":"it-IT","potentialAction":[{"@type":"ReadAction","target":["https:\/\/sunward.eu\/product\/swa-16je\/"]}]},{"@type":"ImageObject","inLanguage":"it-IT","@id":"https:\/\/sunward.eu\/product\/swa-16je\/#primaryimage","url":"https:\/\/sunward.eu\/wp-content\/uploads\/2023\/04\/WEBSITE-CATEGORY-ARTICULATED-BOOM-LIFT.png","contentUrl":"https:\/\/sunward.eu\/wp-content\/uploads\/2023\/04\/WEBSITE-CATEGORY-ARTICULATED-BOOM-LIFT.png","width":319,"height":318,"caption":"Sunward Articulated Boom Lift"},{"@type":"BreadcrumbList","@id":"https:\/\/sunward.eu\/product\/swa-16je\/#breadcrumb","itemListElement":[{"@type":"ListItem","position":1,"name":"Home","item":"https:\/\/sunward.eu\/"},{"@type":"ListItem","position":2,"name":"Products","item":"https:\/\/sunward.eu\/shop\/"},{"@type":"ListItem","position":3,"name":"{:en}Articulated Boom Lifts{:}{:de}Gelenkarbeitsbuehnen{:}{:fr}Nacelles articul\u00e9es{:}{:it}Piattaforme aeree articolate{:}","item":"https:\/\/sunward.eu\/product-category\/articulated-boom-lift\/"},{"@type":"ListItem","position":4,"name":"SWA 16JE"}]},{"@type":"WebSite","@id":"https:\/\/sunward.eu\/#website","url":"https:\/\/sunward.eu\/","name":"Sunward Europe (Official Website for EU &amp; UK)","description":"The smart choice","publisher":{"@id":"https:\/\/sunward.eu\/#organization"},"potentialAction":[{"@type":"SearchAction","target":{"@type":"EntryPoint","urlTemplate":"https:\/\/sunward.eu\/?s={search_term_string}"},"query-input":"required name=search_term_string"}],"inLanguage":"it-IT"},{"@type":"Organization","@id":"https:\/\/sunward.eu\/#organization","name":"Sunward Europe (Official Website for EU &amp; UK)","url":"https:\/\/sunward.eu\/","logo":{"@type":"ImageObject","inLanguage":"it-IT","@id":"https:\/\/sunward.eu\/#\/schema\/logo\/image\/","url":"https:\/\/sunward.eu\/wp-content\/uploads\/2022\/01\/Website_Sunward_logo_top_180x63px.png","contentUrl":"https:\/\/sunward.eu\/wp-content\/uploads\/2022\/01\/Website_Sunward_logo_top_180x63px.png","width":180,"height":63,"caption":"Sunward Europe (Official Website for EU &amp; UK)"},"image":{"@id":"https:\/\/sunward.eu\/#\/schema\/logo\/image\/"}}]}},"_links":{"self":[{"href":"https:\/\/sunward.eu\/it\/wp-json\/wp\/v2\/product\/3068","targetHints":{"allow":["GET"]}}],"collection":[{"href":"https:\/\/sunward.eu\/it\/wp-json\/wp\/v2\/product"}],"about":[{"href":"https:\/\/sunward.eu\/it\/wp-json\/wp\/v2\/types\/product"}],"replies":[{"embeddable":true,"href":"https:\/\/sunward.eu\/it\/wp-json\/wp\/v2\/comments?post=3068"}],"wp:featuredmedia":[{"embeddable":true,"href":"https:\/\/sunward.eu\/it\/wp-json\/wp\/v2\/media\/3065"}],"wp:attachment":[{"href":"https:\/\/sunward.eu\/it\/wp-json\/wp\/v2\/media?parent=3068"}],"wp:term":[{"taxonomy":"product_cat","embeddable":true,"href":"https:\/\/sunward.eu\/it\/wp-json\/wp\/v2\/product_cat?post=3068"},{"taxonomy":"product_tag","embeddable":true,"href":"https:\/\/sunward.eu\/it\/wp-json\/wp\/v2\/product_tag?post=3068"}],"curies":[{"name":"wp","href":"https:\/\/api.w.org\/{rel}","templated":true}]}}