{"id":2906,"date":"2022-10-06T16:42:42","date_gmt":"2022-10-06T14:42:42","guid":{"rendered":"https:\/\/sunward.eu\/?post_type=product&#038;p=2906"},"modified":"2026-03-20T10:03:43","modified_gmt":"2026-03-20T09:03:43","slug":"swe-215f-2","status":"publish","type":"product","link":"https:\/\/sunward.eu\/it\/product\/swe-215f-2\/","title":{"rendered":"SWE 215F"},"content":{"rendered":"<div class=\"wpb-content-wrapper\"><p>[vc_row][vc_column][vc_tta_accordion style=&#8221;flat&#8221; c_icon=&#8221;chevron&#8221; c_position=&#8221;right&#8221; active_section=&#8221;1&#8243; no_fill=&#8221;true&#8221; el_class=&#8221;custom-accordion&#8221;][vc_tta_section title=&#8221;SPECIFICHE&#8221; tab_id=&#8221;1623355628079-f58b5c44-7c4b&#8221;][vc_custom_heading text=&#8221;SUNWARD SWE 215F&#8221; font_container=&#8221;tag:h3|text_align:left&#8221; use_theme_fonts=&#8221;yes&#8221; css=&#8221;&#8221;][vc_column_text css=&#8221;&#8221;]Cercate un escavatore medio robusto e potente intorno alle 21 tonnellate? L&#8217;escavatore medio Sunward SWE 215F \u00e8 l&#8217;ideale per le applicazioni di costruzione, estrazione o demolizione di grande entit\u00e0. \u00c8 una macchina creata per essere versatile e robusta e per durare a lungo. La cura progettuale, il motore Cummins B6.7 Stage V e l&#8217;impianto idraulico performante dello SWE 215F assicurano un funzionamento sempre regolare e grande produttivit\u00e0. Modello top di gamma, offre prestazioni eccellenti, manutenzione facile ed \u00e8 comodo e sicuro da usare.<\/p>\n<p>Nel metodico rispetto della tradizione Sunward che punta ad assicurare sempre il miglior rapporto qualit\u00e0-prezzo, lo SWE 215F offre al giusto prezzo e di serie molte dotazioni e fino a 5 anni di garanzia.<\/p>\n<p>Scoprite tutti gli altri vantaggi del Sunward SWE 215F.[\/vc_column_text][vc_row_inner][vc_column_inner width=&#8221;1\/2&#8243;][vc_toggle title=&#8221;DIMENSIONI&#8221; css=&#8221;&#8221;]<\/p>\n<table width=\"1271\">\n<tbody>\n<tr>\n<td width=\"573\">Peso operativo<\/td>\n<td width=\"698\">21.800 kg<\/td>\n<\/tr>\n<tr>\n<td width=\"573\">Capacit\u00e0 benna standard<\/td>\n<td>1.0 m\u00b3<\/td>\n<\/tr>\n<tr>\n<td width=\"573\">Lunghezza di trasporto<\/td>\n<td>9 560 mm<\/td>\n<\/tr>\n<tr>\n<td width=\"573\">Larghezza di trasporto<\/td>\n<td>2 800 mm<\/td>\n<\/tr>\n<tr>\n<td width=\"573\">Altezza alla cabina<\/td>\n<td>3 150 mm<\/td>\n<\/tr>\n<\/tbody>\n<\/table>\n<p>[\/vc_toggle][vc_toggle title=&#8221;MOTORE&#8221;]<\/p>\n<table width=\"1271\">\n<tbody>\n<tr>\n<td width=\"573\">Modello<\/td>\n<td width=\"698\">Cummins B6.7<\/td>\n<\/tr>\n<tr>\n<td>Classe emissioni<\/td>\n<td>UE Stage V<\/td>\n<\/tr>\n<tr>\n<td>Cilindrata<\/td>\n<td>6.7 L<\/td>\n<\/tr>\n<tr>\n<td>Potenza nominale di uscita<\/td>\n<td>129 kW<\/td>\n<\/tr>\n<\/tbody>\n<\/table>\n<p>[\/vc_toggle][vc_toggle title=&#8221;IMPIANTO IDRAULICO&#8221; css=&#8221;&#8221;]<\/p>\n<table width=\"1271\">\n<tbody>\n<tr>\n<td width=\"573\">Tipo<\/td>\n<td width=\"698\">2 pompe a pistoni a cilindrata variabile<\/td>\n<\/tr>\n<tr>\n<td>Cilindrata<\/td>\n<td>2\u00d7286 L\/min<\/td>\n<\/tr>\n<tr>\n<td>Pressione idraulica<\/td>\n<td>31.4\/34.3 Mpa<\/td>\n<\/tr>\n<\/tbody>\n<\/table>\n<p>[\/vc_toggle][vc_toggle title=&#8221;DIAGRAMMA DI LAVORO&#8221; css=&#8221;&#8221;]<\/p>\n<table width=\"1271\">\n<tbody>\n<tr>\n<td width=\"573\">Profondit\u00e0 di scavo max<\/td>\n<td width=\"698\">6 635 mm<\/td>\n<\/tr>\n<tr>\n<td>Sbraccio di scavo max<\/td>\n<td>9 915 mm<\/td>\n<\/tr>\n<tr>\n<td>Forza di scavo max &#8211; alla benna<\/td>\n<td>155 kN<\/td>\n<\/tr>\n<tr>\n<td>Forza di scavo max &#8211; al bilanciere<\/td>\n<td>110 kN<\/td>\n<\/tr>\n<\/tbody>\n<\/table>\n<p>[\/vc_toggle][\/vc_column_inner][vc_column_inner width=&#8221;1\/2&#8243;][\/vc_column_inner][\/vc_row_inner][\/vc_tta_section][vc_tta_section title=&#8221;CARATTERISTICHE E VANTAGGI&#8221; tab_id=&#8221;1623355710952-d36b50a3-81ed&#8221;][vc_row_inner][vc_column_inner width=&#8221;1\/4&#8243;][vc_single_image image=&#8221;1070&#8243; img_size=&#8221;medium&#8221;][\/vc_column_inner][vc_column_inner width=&#8221;3\/4&#8243;][vc_custom_heading text=&#8221;FATTO PER L&#8217;EUROPA&#8221; font_container=&#8221;tag:h3|text_align:left&#8221; use_theme_fonts=&#8221;yes&#8221;][vc_column_text]Come tutte le macchine Sunward vendute in Europa, anche il Sunward SWE 215F non \u00e8 semplicemente certificato a norma UE, ma \u00e8 stato progettato per soddisfare le esigenze dei clienti europei.[\/vc_column_text][\/vc_column_inner][\/vc_row_inner][vc_separator][vc_row_inner][vc_column_inner width=&#8221;1\/4&#8243;][vc_single_image image=&#8221;1240&#8243; img_size=&#8221;medium&#8221;][\/vc_column_inner][vc_column_inner width=&#8221;3\/4&#8243;][vc_custom_heading text=&#8221;MOTORE POTENTE E AFFIDABILE&#8221; font_container=&#8221;tag:h3|text_align:left&#8221; use_theme_fonts=&#8221;yes&#8221;][vc_column_text css=&#8221;&#8221;]Per il Sunward SWE 215F abbiamo scelto la pi\u00f9 recente versione del pluripremiato motore Cummins B6.7 conforme alla normative UE Stage V. Questo motore \u00e8 lo standard di riferimento industriale in termini di affidabilit\u00e0 e durata e gode di ampia popolarit\u00e0 sul mercato ed \u00e8 quindi supportato da una vasta rete di assistenza. L&#8217;efficienza dei consumi e gli intervalli di manutenzione pi\u00f9 lunghi contribuiscono a ridurre i costi operativi e il costo totale di possesso della macchina.<\/p>\n<p>Con livelli di emissioni prossimi allo zero, \u00e8 conforme ai pi\u00f9 recenti requisiti europei ed eroga da 129 kW, senza compromessi in termini di potenza, prestazioni o efficienza dei consumi.[\/vc_column_text][\/vc_column_inner][\/vc_row_inner][vc_separator][vc_row_inner][vc_column_inner width=&#8221;1\/4&#8243;][vc_single_image image=&#8221;1091&#8243; img_size=&#8221;medium&#8221;][\/vc_column_inner][vc_column_inner width=&#8221;3\/4&#8243;][vc_custom_heading text=&#8221;COMPONENTI PREMIUM&#8221; font_container=&#8221;tag:h3|text_align:left&#8221; use_theme_fonts=&#8221;yes&#8221;][vc_column_text]L&#8217;impianto idraulico \u00e8 spesso considerato come il vero cuore di un escavatore e per questo Sunward si avvale esclusivamente dei pi\u00f9 affidabili fornitori sul mercato. Per lo SWE 215F abbiamo scelto due marchi giapponesi premium, KPM per la pompa idraulica e il motore di rotazione e KYB per il distributore idraulico. Questi due marchi sono noti per la grande efficienza e lunga durata dei loro prodotti, specificamente progettati per i requisiti degli escavatori idraulici.[\/vc_column_text][\/vc_column_inner][\/vc_row_inner][vc_separator][vc_row_inner][vc_column_inner width=&#8221;1\/4&#8243;][vc_single_image image=&#8221;1241&#8243; img_size=&#8221;medium&#8221;][\/vc_column_inner][vc_column_inner width=&#8221;3\/4&#8243;][vc_custom_heading text=&#8221;FATTO PER DURARE&#8221; font_container=&#8221;tag:h3|text_align:left&#8221; use_theme_fonts=&#8221;yes&#8221;][vc_column_text]Lo SWE 215F \u00e8 stato progettato per assicurargli una lunga durata. Il motore Cummins \u00e8 famoso per la sua grande durata, anche in condizioni di lavoro estreme. Analoga cura \u00e8 stata data anche agli altri elementi chiave dello SWE 215F, come il braccio e il bilanciere, realizzati con lamiere a spessore maggiorato. Tutti gli elementi di supporto sono realizzati con pezzi forgiati in acciaio strutturale di elevata resistenza e duttilit\u00e0. Ci\u00f2 ha il grande vantaggio di fornire elementi estremamente resistenti all&#8217;usura e dalla grande robustezza strutturale. L&#8217;affidabilit\u00e0 negli impieghi gravosi ne risulta enormemente rafforzata. Per esempio, il forcellone e l&#8217;asta della benna sono stati progettati secondo standard di affidabilit\u00e0 di 20.000 ore.<\/p>\n<p>Gli elementi dello SWE 215F sottoposti a carichi gravosi sono trattati con un accurato processo di ricottura che elimina completamente lo stress residuo nei cordoni di saldatura e migliora notevolmente l&#8217;affidabilit\u00e0 della macchina. Dopo la saldatura, il metallo viene sottratto al naturale processo di raffreddamento (che comporta il rischio di un raffreddamento irregolare) e affidato a una camera isolata dove viene prima riscaldato a 600-800\u00b0C e poi fatto raffreddare gradualmente (per 5-8 ore), eliminando lo stress residuo e prevenendo difetti. Questo processo di raffreddamento non viene applicato dai costruttori che preferiscono risparmiare tempo e denaro.<\/p>\n<p>Da ultimo, ma non per importanza, il telaio X \u00e8 stato rinforzato, assicurando una resistenza eccellente alla distorsione.[\/vc_column_text][\/vc_column_inner][\/vc_row_inner][vc_separator][vc_row_inner][vc_column_inner width=&#8221;1\/4&#8243;][vc_single_image image=&#8221;1242&#8243; img_size=&#8221;medium&#8221;][\/vc_column_inner][vc_column_inner width=&#8221;3\/4&#8243;][vc_custom_heading text=&#8221;CONSUMI RIDOTTI&#8221; font_container=&#8221;tag:h3|text_align:left&#8221; use_theme_fonts=&#8221;yes&#8221;][vc_column_text]Grazie al 4 cilindri in linea Cummins B6.7.8 con turbocompressore, lo SWE 215F consuma meno carburante con una conseguente maggiore efficienza totale nell&#8217;utilizzo dei fluidi (cio\u00e8 carburante pi\u00f9 il fluido per il post-trattamento), senza compromessi sulle prestazioni (questo motore ha prestazioni ancora migliori rispetto alla versione precedente con il 10% di potenza in pi\u00f9 e quasi il 20% di coppia in pi\u00f9 sull&#8217;intero campo di variazione del regime motore).<\/p>\n<p>L&#8217;escavatore medio Sunward SWE 215F offre inoltre la migliore efficienza idraulica, che si traduce in bassi consumi. Con la nuova pompa di qualit\u00e0 superiore fornita da KPM e la capacit\u00e0 di innovazione progettuale propria di Sunward, abbiamo aumentato la cilindrata della macchina del 7%, la potenza del 4% e l&#8217;efficienza volumetrica del 6%, rendendo l&#8217;intero escavatore pi\u00f9 efficiente dal punto di vista energetico.<\/p>\n<p>Infine, con le 3 modalit\u00e0 di lavoro per gli accessori, gli operatori possono sfruttarne non solo la versatilit\u00e0, ma anche l&#8217;economia dei consumi.[\/vc_column_text][\/vc_column_inner][\/vc_row_inner][vc_separator][vc_row_inner][vc_column_inner width=&#8221;1\/4&#8243;][vc_single_image image=&#8221;1243&#8243; img_size=&#8221;medium&#8221;][\/vc_column_inner][vc_column_inner width=&#8221;3\/4&#8243;][vc_custom_heading text=&#8221;VERSATILE PER PROGETTO&#8221; font_container=&#8221;tag:h3|text_align:left&#8221; use_theme_fonts=&#8221;yes&#8221;][vc_column_text]Nello spirito del motto di Sunward, &#8220;Innovation Leads to Value&#8221; (l&#8217;innovazione porta al valore), la concezione tecnica e progettuale dello SWE 215F \u00e8 finalizzata a creare valore ottimale per il proprietario della macchina e la massima versatilit\u00e0 per l&#8217;operatore.<\/p>\n<p>Lo SWE 215F pu\u00f2 quindi essere utilizzato in una vasta gamma di applicazioni e condizioni operative. E grazie alle 3 linee ausiliarie separate (di cui 2 dotate di valvola di intercettazione per un&#8217;installazione facile e senza perdite d&#8217;olio degli accessori), alle 3 modalit\u00e0 di lavoro per la benna e alle 3 modalit\u00e0 di lavoro per gli altri accessori, all&#8217;operatore bastano pochi minuti per apprezzare appieno tutte le possibilit\u00e0 offerte.[\/vc_column_text][\/vc_column_inner][\/vc_row_inner][vc_separator][vc_row_inner][vc_column_inner width=&#8221;1\/4&#8243;][vc_single_image image=&#8221;1266&#8243; img_size=&#8221;medium&#8221;][\/vc_column_inner][vc_column_inner width=&#8221;3\/4&#8243;][vc_custom_heading text=&#8221;DOTAZIONI DA SUBITO COMPLETE&#8221; font_container=&#8221;tag:h3|text_align:left&#8221; use_theme_fonts=&#8221;yes&#8221;][vc_column_text]L&#8217;escavatore medio Sunward SWE 215F offre tutto quello che serve praticamente cos\u00ec come esce della linea di montaggio:<br \/>\n\u2013 Valvole di sicurezza sul cilindro del braccio per un utilizzo pi\u00f9 sicuro<br \/>\n\u2013 Motore di traslazione con cambio automatico per una marcia pi\u00f9 comoda e dolce<br \/>\n\u2013 Cabina TOPS, FOPS e ROPS<br \/>\n\u2013 Sezionatore della batteria per una maggiore sicurezza e per prolungare durata e capacit\u00e0 della batteria &#8211; caratteristica particolarmente apprezzata nel freddo dei paesi scandinavi<br \/>\n\u2013 Circuito idraulico a doppio effetto<br \/>\n\u2013 Attacco rapido idraulico montato in fabbrica<br \/>\n\u2013 Linee idrauliche per rotazione e demolitore montate in fabbrica<br \/>\n\u2013 Linea di scarico della carcassa montata in fabbrica<br \/>\n\u2013 Doppio joystick proporzionale montato in fabbrica<br \/>\n\u2013 Comandi a joystick configurati in fabbrica per il rotatore inclinabile (rotatore di propria scelta)<br \/>\n\u2013 3 luci di lavoro a LED di serie:\u2013 3 luci di lavoro a LED di serie: 1 sulla parte anteriore destra della cabina e 2 su entrambi i lati del braccio[\/vc_column_text][\/vc_column_inner][\/vc_row_inner][vc_separator][vc_row_inner][vc_column_inner width=&#8221;1\/4&#8243;][vc_single_image image=&#8221;1146&#8243; img_size=&#8221;medium&#8221;][\/vc_column_inner][vc_column_inner width=&#8221;3\/4&#8243;][vc_custom_heading text=&#8221;FACILE DA MANUTENERE&#8221; font_container=&#8221;tag:h3|text_align:left&#8221; use_theme_fonts=&#8221;yes&#8221;][vc_column_text]Lo SWE 215F \u00e8 tanto facile da manutenere quanto da usare. Per ridurre i tempi e i costi di manutenzione, coperchi e carenature laterali e superiori forniscono accesso diretto ai punti di servizio. L&#8217;accesso al serbatoio del carburante e agli ingrassatori centralizzati \u00e8 estremamente facile e dei corrimano sono stati aggiunti per facilitare il movimento attorno alla macchina.[\/vc_column_text][\/vc_column_inner][\/vc_row_inner][vc_separator][vc_row_inner][vc_column_inner width=&#8221;1\/4&#8243;][vc_single_image image=&#8221;1205&#8243; img_size=&#8221;medium&#8221;][\/vc_column_inner][vc_column_inner width=&#8221;3\/4&#8243;][vc_custom_heading text=&#8221;CABINA SICURA&#8221; font_container=&#8221;tag:h3|text_align:left&#8221; use_theme_fonts=&#8221;yes&#8221;][vc_column_text]La cabina estremamente robusta dello SWE 215F soddisfa di serie i requisiti ROPS, FOPS e TOPS, elemento fondamentale che contribuisce a garantire comodit\u00e0 e sicurezza in qualunque ambiente di lavoro. Salire e scendere dalla cabina \u00e8 facile e l&#8217;abitacolo spazioso fornisce un ambiente di lavoro comodo e accogliente anche per gli operatori pi\u00f9 alti. Tutto \u00e8 stato progettato per mantenere l&#8217;operatore comodo, sicuro e quindi produttivo.<\/p>\n<p>Il pacchetto sicurezza, che include estintore, martello e cintura di sicurezza, contribuisce ad assicurare la pi\u00f9 completa tranquillit\u00e0 ai comandi.<\/p>\n<p>Da ultimo, ma non per importanza, la pi\u00f9 recente tra le dotazioni di serie \u00e8 la telecamera posteriore che integra l&#8217;ampia finestratura e il tetto in vetro per fornire una visione completa a 360\u00b0 e assicurare un lavoro efficiente e sicuro, senza stress.[\/vc_column_text][\/vc_column_inner][\/vc_row_inner][vc_separator][vc_row_inner][vc_column_inner width=&#8221;1\/4&#8243;][vc_single_image image=&#8221;1071&#8243; img_size=&#8221;medium&#8221;][\/vc_column_inner][vc_column_inner width=&#8221;3\/4&#8243;][vc_custom_heading text=&#8221;MIGLIOR RAPPORTO QUALIT\u00c0\/PREZZO&#8221; font_container=&#8221;tag:h3|text_align:left&#8221; use_theme_fonts=&#8221;yes&#8221;][vc_column_text]Sunward: l&#8217;investimento perfetto in affidabilit\u00e0, prestazioni e ritorno sull&#8217;investimento. Nel progettare lo SWE 215F, particolare cura \u00e8 stata data alla scelta dei componenti al fine di semplificarne uso e manutenzione. Dalle nostre scelte progettuali nascono macchine che offrono moltissime caratteristiche di serie, componenti chiave di primissima qualit\u00e0 e grandi capacit\u00e0&#8230; il tutto a un prezzo pi\u00f9 che ragionevole.<\/p>\n<p>Inoltre, anche i ricambi originali Sunward sono economici e quest&#8217;ottimo rapporto qualit\u00e0-prezzo \u00e8 coronato dalla garanzia di 5 anni, di serie su tutti i prodotti Sunward.[\/vc_column_text][\/vc_column_inner][\/vc_row_inner][\/vc_tta_section][vc_tta_section title=&#8221;VIDEO&#8221; tab_id=&#8221;1623857706491-8aa3a03f-cca1&#8243;][vc_video link=&#8221;https:\/\/youtu.be\/AgzIUUtyEaE&#8221;][\/vc_tta_section][vc_tta_section title=&#8221;BROCHURE&#8221; tab_id=&#8221;1623857795794-8fd5289e-c5a3&#8243;][vc_row_inner content_placement=&#8221;middle&#8221;][vc_column_inner width=&#8221;1\/4&#8243;][vc_single_image image=&#8221;4263&#8243; img_size=&#8221;large&#8221; css=&#8221;&#8221;][\/vc_column_inner][vc_column_inner width=&#8221;3\/4&#8243;][vc_custom_heading text=&#8221;BROCHURE PRODOTTO&#8221; font_container=&#8221;tag:h3|text_align:left&#8221; use_theme_fonts=&#8221;yes&#8221;][vc_btn title=&#8221;SCARICA&#8221; color=&#8221;orange&#8221; size=&#8221;lg&#8221; css=&#8221;&#8221; link=&#8221;url:https%3A%2F%2Fsunward.eu%2Fwp-content%2Fuploads%2F2026%2F03%2FSUNWARD_SWE-215F_03.2026_FINAL_HR_IT.pdf|title:Sunward%20SWE%20215F%20Product%20Brochure|target:_blank&#8221;][\/vc_column_inner][\/vc_row_inner][\/vc_tta_section][\/vc_tta_accordion][\/vc_column][\/vc_row]<\/p>\n<\/div>","protected":false},"excerpt":{"rendered":"<p>Cercate un escavatore medio robusto e potente intorno alle 21 tonnellate? L&#8217;escavatore medio Sunward SWE 215F \u00e8 l&#8217;ideale per le applicazioni di costruzione, estrazione o demolizione di grande entit\u00e0. \u00c8 una macchina creata per essere versatile e robusta e per durare a lungo. La cura progettuale, il motore Cummins B6.7 Stage V e l&#8217;impianto idraulico performante dello SWE 215F assicurano un funzionamento sempre regolare e grande produttivit\u00e0. Modello top di gamma, offre prestazioni eccellenti, manutenzione facile ed \u00e8 comodo e sicuro da usare. [&#8230;]<\/p>\n<p><a class=\"btn btn-secondary understrap-read-more-link\" href=\"https:\/\/sunward.eu\/it\/product\/swe-215f-2\/\">Leggi tutto&#8230;<\/a><\/p>\n","protected":false},"featured_media":3358,"comment_status":"closed","ping_status":"closed","template":"","meta":{"_acf_changed":false,"inline_featured_image":false},"product_cat":[26,35],"product_tag":[],"class_list":{"0":"post-2906","1":"product","2":"type-product","3":"status-publish","4":"has-post-thumbnail","6":"product_cat-excavators","7":"product_cat-medium-excavators","8":"pa_emission-rating-eu-stage-5","9":"pa_max-digging-depth-6-635-mm","10":"pa_operating-weight-21800-kg","11":"pa_power-output-129-kw","12":"pa_width-2800-mm","14":"first","15":"instock","16":"shipping-taxable","17":"product-type-simple"},"translation":{"provider":"WPGlobus","version":"2.12.2","language":"it","enabled_languages":["en","de","fr","it"],"languages":{"en":{"title":true,"content":true,"excerpt":true},"de":{"title":true,"content":true,"excerpt":true},"fr":{"title":true,"content":true,"excerpt":true},"it":{"title":true,"content":true,"excerpt":true}}},"acf":[],"yoast_head":"<!-- This site is optimized with the Yoast SEO plugin v22.6 - https:\/\/yoast.com\/wordpress\/plugins\/seo\/ -->\n<title>SWE 215F - Sunward Europe (Official Website for EU &amp; UK)<\/title>\n<meta name=\"robots\" content=\"index, follow, max-snippet:-1, max-image-preview:large, max-video-preview:-1\" \/>\n<link rel=\"canonical\" href=\"https:\/\/sunward.eu\/product\/swe-215f-2\/\" \/>\n<meta property=\"og:locale\" content=\"it_IT\" \/>\n<meta property=\"og:type\" content=\"article\" \/>\n<meta property=\"og:title\" content=\"SWE 215F - Sunward Europe (Official Website for EU &amp; UK)\" \/>\n<meta property=\"og:url\" content=\"https:\/\/sunward.eu\/product\/swe-215f-2\/\" \/>\n<meta property=\"og:site_name\" content=\"Sunward Europe (Official Website for EU &amp; UK)\" \/>\n<meta property=\"article:modified_time\" content=\"2026-03-20T09:03:43+00:00\" \/>\n<meta property=\"og:image\" content=\"https:\/\/sunward.eu\/wp-content\/uploads\/2023\/11\/SSWE215F-5A_CUT-OUT4.png\" \/>\n\t<meta property=\"og:image:width\" content=\"1000\" \/>\n\t<meta property=\"og:image:height\" content=\"1000\" \/>\n\t<meta property=\"og:image:type\" content=\"image\/png\" \/>\n<meta name=\"twitter:card\" content=\"summary_large_image\" \/>\n<meta name=\"twitter:label1\" content=\"Est. reading time\" \/>\n\t<meta name=\"twitter:data1\" content=\"6 minutes\" \/>\n<script type=\"application\/ld+json\" class=\"yoast-schema-graph\">{\"@context\":\"https:\/\/schema.org\",\"@graph\":[{\"@type\":\"WebPage\",\"@id\":\"https:\/\/sunward.eu\/product\/swe-215f-2\/\",\"url\":\"https:\/\/sunward.eu\/product\/swe-215f-2\/\",\"name\":\"SWE 215F - Sunward Europe (Official Website for EU &amp; UK)\",\"isPartOf\":{\"@id\":\"https:\/\/sunward.eu\/#website\"},\"primaryImageOfPage\":{\"@id\":\"https:\/\/sunward.eu\/product\/swe-215f-2\/#primaryimage\"},\"image\":{\"@id\":\"https:\/\/sunward.eu\/product\/swe-215f-2\/#primaryimage\"},\"thumbnailUrl\":\"https:\/\/sunward.eu\/wp-content\/uploads\/2023\/11\/SSWE215F-5A_CUT-OUT4.png\",\"datePublished\":\"2022-10-06T14:42:42+00:00\",\"dateModified\":\"2026-03-20T09:03:43+00:00\",\"breadcrumb\":{\"@id\":\"https:\/\/sunward.eu\/product\/swe-215f-2\/#breadcrumb\"},\"inLanguage\":\"it-IT\",\"potentialAction\":[{\"@type\":\"ReadAction\",\"target\":[\"https:\/\/sunward.eu\/product\/swe-215f-2\/\"]}]},{\"@type\":\"ImageObject\",\"inLanguage\":\"it-IT\",\"@id\":\"https:\/\/sunward.eu\/product\/swe-215f-2\/#primaryimage\",\"url\":\"https:\/\/sunward.eu\/wp-content\/uploads\/2023\/11\/SSWE215F-5A_CUT-OUT4.png\",\"contentUrl\":\"https:\/\/sunward.eu\/wp-content\/uploads\/2023\/11\/SSWE215F-5A_CUT-OUT4.png\",\"width\":1000,\"height\":1000,\"caption\":\"SWE 215F-5A\"},{\"@type\":\"BreadcrumbList\",\"@id\":\"https:\/\/sunward.eu\/product\/swe-215f-2\/#breadcrumb\",\"itemListElement\":[{\"@type\":\"ListItem\",\"position\":1,\"name\":\"Home\",\"item\":\"https:\/\/sunward.eu\/\"},{\"@type\":\"ListItem\",\"position\":2,\"name\":\"Products\",\"item\":\"https:\/\/sunward.eu\/shop\/\"},{\"@type\":\"ListItem\",\"position\":3,\"name\":\"Excavators\",\"item\":\"https:\/\/sunward.eu\/product-category\/excavators\/\"},{\"@type\":\"ListItem\",\"position\":4,\"name\":\"SWE 215F-5A\"}]},{\"@type\":\"WebSite\",\"@id\":\"https:\/\/sunward.eu\/#website\",\"url\":\"https:\/\/sunward.eu\/\",\"name\":\"Sunward Europe (Official Website for EU &amp; UK)\",\"description\":\"The smart choice\",\"publisher\":{\"@id\":\"https:\/\/sunward.eu\/#organization\"},\"potentialAction\":[{\"@type\":\"SearchAction\",\"target\":{\"@type\":\"EntryPoint\",\"urlTemplate\":\"https:\/\/sunward.eu\/?s={search_term_string}\"},\"query-input\":\"required name=search_term_string\"}],\"inLanguage\":\"it-IT\"},{\"@type\":\"Organization\",\"@id\":\"https:\/\/sunward.eu\/#organization\",\"name\":\"Sunward Europe (Official Website for EU &amp; UK)\",\"url\":\"https:\/\/sunward.eu\/\",\"logo\":{\"@type\":\"ImageObject\",\"inLanguage\":\"it-IT\",\"@id\":\"https:\/\/sunward.eu\/#\/schema\/logo\/image\/\",\"url\":\"https:\/\/sunward.eu\/wp-content\/uploads\/2022\/01\/Website_Sunward_logo_top_180x63px.png\",\"contentUrl\":\"https:\/\/sunward.eu\/wp-content\/uploads\/2022\/01\/Website_Sunward_logo_top_180x63px.png\",\"width\":180,\"height\":63,\"caption\":\"Sunward Europe (Official Website for EU &amp; UK)\"},\"image\":{\"@id\":\"https:\/\/sunward.eu\/#\/schema\/logo\/image\/\"}}]}<\/script>\n<!-- \/ Yoast SEO plugin. -->","yoast_head_json":{"title":"SWE 215F - Sunward Europe (Official Website for EU &amp; UK)","robots":{"index":"index","follow":"follow","max-snippet":"max-snippet:-1","max-image-preview":"max-image-preview:large","max-video-preview":"max-video-preview:-1"},"canonical":"https:\/\/sunward.eu\/product\/swe-215f-2\/","og_locale":"it_IT","og_type":"article","og_title":"SWE 215F - Sunward Europe (Official Website for EU &amp; UK)","og_url":"https:\/\/sunward.eu\/product\/swe-215f-2\/","og_site_name":"Sunward Europe (Official Website for EU &amp; UK)","article_modified_time":"2026-03-20T09:03:43+00:00","og_image":[{"width":1000,"height":1000,"url":"https:\/\/sunward.eu\/wp-content\/uploads\/2023\/11\/SSWE215F-5A_CUT-OUT4.png","type":"image\/png"}],"twitter_card":"summary_large_image","twitter_misc":{"Est. reading time":"6 minutes"},"schema":{"@context":"https:\/\/schema.org","@graph":[{"@type":"WebPage","@id":"https:\/\/sunward.eu\/product\/swe-215f-2\/","url":"https:\/\/sunward.eu\/product\/swe-215f-2\/","name":"SWE 215F - Sunward Europe (Official Website for EU &amp; UK)","isPartOf":{"@id":"https:\/\/sunward.eu\/#website"},"primaryImageOfPage":{"@id":"https:\/\/sunward.eu\/product\/swe-215f-2\/#primaryimage"},"image":{"@id":"https:\/\/sunward.eu\/product\/swe-215f-2\/#primaryimage"},"thumbnailUrl":"https:\/\/sunward.eu\/wp-content\/uploads\/2023\/11\/SSWE215F-5A_CUT-OUT4.png","datePublished":"2022-10-06T14:42:42+00:00","dateModified":"2026-03-20T09:03:43+00:00","breadcrumb":{"@id":"https:\/\/sunward.eu\/product\/swe-215f-2\/#breadcrumb"},"inLanguage":"it-IT","potentialAction":[{"@type":"ReadAction","target":["https:\/\/sunward.eu\/product\/swe-215f-2\/"]}]},{"@type":"ImageObject","inLanguage":"it-IT","@id":"https:\/\/sunward.eu\/product\/swe-215f-2\/#primaryimage","url":"https:\/\/sunward.eu\/wp-content\/uploads\/2023\/11\/SSWE215F-5A_CUT-OUT4.png","contentUrl":"https:\/\/sunward.eu\/wp-content\/uploads\/2023\/11\/SSWE215F-5A_CUT-OUT4.png","width":1000,"height":1000,"caption":"SWE 215F-5A"},{"@type":"BreadcrumbList","@id":"https:\/\/sunward.eu\/product\/swe-215f-2\/#breadcrumb","itemListElement":[{"@type":"ListItem","position":1,"name":"Home","item":"https:\/\/sunward.eu\/"},{"@type":"ListItem","position":2,"name":"Products","item":"https:\/\/sunward.eu\/shop\/"},{"@type":"ListItem","position":3,"name":"Excavators","item":"https:\/\/sunward.eu\/product-category\/excavators\/"},{"@type":"ListItem","position":4,"name":"SWE 215F-5A"}]},{"@type":"WebSite","@id":"https:\/\/sunward.eu\/#website","url":"https:\/\/sunward.eu\/","name":"Sunward Europe (Official Website for EU &amp; UK)","description":"The smart choice","publisher":{"@id":"https:\/\/sunward.eu\/#organization"},"potentialAction":[{"@type":"SearchAction","target":{"@type":"EntryPoint","urlTemplate":"https:\/\/sunward.eu\/?s={search_term_string}"},"query-input":"required name=search_term_string"}],"inLanguage":"it-IT"},{"@type":"Organization","@id":"https:\/\/sunward.eu\/#organization","name":"Sunward Europe (Official Website for EU &amp; UK)","url":"https:\/\/sunward.eu\/","logo":{"@type":"ImageObject","inLanguage":"it-IT","@id":"https:\/\/sunward.eu\/#\/schema\/logo\/image\/","url":"https:\/\/sunward.eu\/wp-content\/uploads\/2022\/01\/Website_Sunward_logo_top_180x63px.png","contentUrl":"https:\/\/sunward.eu\/wp-content\/uploads\/2022\/01\/Website_Sunward_logo_top_180x63px.png","width":180,"height":63,"caption":"Sunward Europe (Official Website for EU &amp; UK)"},"image":{"@id":"https:\/\/sunward.eu\/#\/schema\/logo\/image\/"}}]}},"_links":{"self":[{"href":"https:\/\/sunward.eu\/it\/wp-json\/wp\/v2\/product\/2906","targetHints":{"allow":["GET"]}}],"collection":[{"href":"https:\/\/sunward.eu\/it\/wp-json\/wp\/v2\/product"}],"about":[{"href":"https:\/\/sunward.eu\/it\/wp-json\/wp\/v2\/types\/product"}],"replies":[{"embeddable":true,"href":"https:\/\/sunward.eu\/it\/wp-json\/wp\/v2\/comments?post=2906"}],"wp:featuredmedia":[{"embeddable":true,"href":"https:\/\/sunward.eu\/it\/wp-json\/wp\/v2\/media\/3358"}],"wp:attachment":[{"href":"https:\/\/sunward.eu\/it\/wp-json\/wp\/v2\/media?parent=2906"}],"wp:term":[{"taxonomy":"product_cat","embeddable":true,"href":"https:\/\/sunward.eu\/it\/wp-json\/wp\/v2\/product_cat?post=2906"},{"taxonomy":"product_tag","embeddable":true,"href":"https:\/\/sunward.eu\/it\/wp-json\/wp\/v2\/product_tag?post=2906"}],"curies":[{"name":"wp","href":"https:\/\/api.w.org\/{rel}","templated":true}]}}