{"id":2905,"date":"2022-10-06T16:32:30","date_gmt":"2022-10-06T14:32:30","guid":{"rendered":"https:\/\/sunward.eu\/?post_type=product&#038;p=2905"},"modified":"2025-09-11T10:53:56","modified_gmt":"2025-09-11T08:53:56","slug":"swe-155uf-2pb","status":"publish","type":"product","link":"https:\/\/sunward.eu\/it\/product\/swe-155uf-2pb\/","title":{"rendered":"SWE 155UF-2PB"},"content":{"rendered":"<div class=\"wpb-content-wrapper\"><p>[vc_row][vc_column][vc_tta_accordion style=&#8221;flat&#8221; c_icon=&#8221;chevron&#8221; c_position=&#8221;right&#8221; active_section=&#8221;1&#8243; no_fill=&#8221;true&#8221; el_class=&#8221;custom-accordion&#8221;][vc_tta_section title=&#8221;SPECIFICHE&#8221; tab_id=&#8221;1623355628079-f58b5c44-7c4b&#8221;][vc_custom_heading text=&#8221;SUNWARD SWE 155F&#8221; font_container=&#8221;tag:h3|text_align:left&#8221; use_theme_fonts=&#8221;yes&#8221;][vc_column_text css=&#8221;&#8221;]<\/p>\n<p class=\"\" data-start=\"0\" data-end=\"344\">Cerchi un escavatore capace di affrontare qualsiasi cantiere senza occupare troppo spazio? L\u2019escavatore medio Sunward SWE 155UF-2PB \u00e8 la soluzione ideale: grazie al suo raggio di rotazione posteriore ultra corto e al braccio articolato in due sezioni, pu\u00f2 operare in un\u2019ampia variet\u00e0 di contesti urbani, anche in spazi ristretti e lungo i muri.<\/p>\n<p class=\"\" data-start=\"346\" data-end=\"428\">Progettato per essere versatile e durevole, garantisce una lunga durata operativa.<\/p>\n<p class=\"\" data-start=\"430\" data-end=\"759\">Il design raffinato della SWE 155UF, il motore Cummins conforme alla normativa europea Stage V e il sistema idraulico potenziato offrono un funzionamento fluido e una produttivit\u00e0 elevata. Questo escavatore medio di fascia alta garantisce prestazioni eccellenti, un\u2019operativit\u00e0 sicura e confortevole, e una manutenzione semplice.<\/p>\n<p class=\"\" data-start=\"761\" data-end=\"980\">Nel rispetto della tradizione Sunward di offrire sempre il miglior rapporto qualit\u00e0\/prezzo, la SWE 155UF-2PB non fa eccezione: include numerose funzionalit\u00e0 e fino a 5 anni di garanzia di serie, a un prezzo competitivo.<\/p>\n<p class=\"\" data-start=\"982\" data-end=\"1042\">Scopri tutti gli altri vantaggi della Sunward SWE 155UF-2PB.<\/p>\n<p>[\/vc_column_text][vc_row_inner][vc_column_inner width=&#8221;1\/2&#8243;][vc_toggle title=&#8221;DIMENSIONI&#8221;]<\/p>\n<table width=\"1271\">\n<tbody>\n<tr>\n<td width=\"573\">Peso operativo<\/td>\n<td width=\"698\">17 000 kg<\/td>\n<\/tr>\n<tr>\n<td width=\"573\">Capacit\u00e0 benna standard<\/td>\n<td>0.61 m\u00b3<\/td>\n<\/tr>\n<tr>\n<td width=\"573\">Lunghezza di trasporto<\/td>\n<td>7 945 mm<\/td>\n<\/tr>\n<tr>\n<td width=\"573\">Larghezza di trasporto<\/td>\n<td>2 600 mm<\/td>\n<\/tr>\n<tr>\n<td width=\"573\">Altezza alla cabina<\/td>\n<td>2 945 mm<\/td>\n<\/tr>\n<\/tbody>\n<\/table>\n<p>[\/vc_toggle][vc_toggle title=&#8221;MOTORE&#8221;]<\/p>\n<table width=\"1271\">\n<tbody>\n<tr>\n<td width=\"573\">Modello<\/td>\n<td width=\"698\">Cummins QSF3 8<\/td>\n<\/tr>\n<tr>\n<td>Classe emissioni<\/td>\n<td>UE Stage V<\/td>\n<\/tr>\n<tr>\n<td>Cilindrata<\/td>\n<td>3.8 L<\/td>\n<\/tr>\n<tr>\n<td>Potenza nominale di uscita<\/td>\n<td>90 kW<\/td>\n<\/tr>\n<\/tbody>\n<\/table>\n<p>[\/vc_toggle][vc_toggle title=&#8221;IMPIANTO IDRAULICO&#8221;]<\/p>\n<table width=\"1271\">\n<tbody>\n<tr>\n<td width=\"573\">Tipo<\/td>\n<td width=\"698\">2 pompe a pistoni a cilindrata variabile<\/td>\n<\/tr>\n<tr>\n<td>Cilindrata<\/td>\n<td>2\u00d7165 + 44 L\/min<\/td>\n<\/tr>\n<tr>\n<td>Pressione idraulica<\/td>\n<td>31.4\/34.3 Mpa<\/td>\n<\/tr>\n<\/tbody>\n<\/table>\n<p>[\/vc_toggle][vc_toggle title=&#8221;DIAGRAMMA DI LAVORO&#8221;]<\/p>\n<table width=\"1271\">\n<tbody>\n<tr>\n<td width=\"573\">Profondit\u00e0 di scavo max<\/td>\n<td width=\"698\">5 600 mm<\/td>\n<\/tr>\n<tr>\n<td>Sbraccio di scavo max<\/td>\n<td>8 490 mm<\/td>\n<\/tr>\n<tr>\n<td>Forza di scavo max &#8211; alla benna<\/td>\n<td>100 kN<\/td>\n<\/tr>\n<tr>\n<td>Forza di scavo max &#8211; al bilanciere<\/td>\n<td>76 kN<\/td>\n<\/tr>\n<\/tbody>\n<\/table>\n<p>[\/vc_toggle][\/vc_column_inner][vc_column_inner width=&#8221;1\/2&#8243;][\/vc_column_inner][\/vc_row_inner][\/vc_tta_section][vc_tta_section title=&#8221;CARATTERISTICHE E VANTAGGI&#8221; tab_id=&#8221;1623355710952-d36b50a3-81ed&#8221;][vc_row_inner][vc_column_inner width=&#8221;1\/4&#8243;][vc_single_image image=&#8221;1070&#8243; img_size=&#8221;medium&#8221;][\/vc_column_inner][vc_column_inner width=&#8221;3\/4&#8243;][vc_custom_heading text=&#8221;FATTO PER L&#8217;EUROPA&#8221; font_container=&#8221;tag:h3|text_align:left&#8221; use_theme_fonts=&#8221;yes&#8221;][vc_column_text css=&#8221;&#8221;]Come tutte le macchine Sunward vendute in Europa, anche il Sunward SWE 155UF-2PB non \u00e8 semplicemente certificato a norma UE, ma \u00e8 stato progettato per soddisfare le esigenze dei clienti europei.[\/vc_column_text][\/vc_column_inner][\/vc_row_inner][vc_separator][vc_row_inner][vc_column_inner width=&#8221;1\/4&#8243;][vc_single_image image=&#8221;1240&#8243; img_size=&#8221;medium&#8221;][\/vc_column_inner][vc_column_inner width=&#8221;3\/4&#8243;][vc_custom_heading text=&#8221;MOTORE POTENTE E AFFIDABILE&#8221; font_container=&#8221;tag:h3|text_align:left&#8221; use_theme_fonts=&#8221;yes&#8221;][vc_column_text css=&#8221;&#8221;]<\/p>\n<p class=\"\" data-start=\"0\" data-end=\"244\">Raggiungere livelli di emissioni quasi pari a zero, erogando al contempo a partire da 90 kW senza compromettere potenza, prestazioni o efficienza nei consumi: questa \u00e8 la sfida pienamente superata dal compatto e potente motore Cummins QSF3.8.<\/p>\n<p class=\"\" data-start=\"246\" data-end=\"522\">Questo motore \u00e8 ampiamente apprezzato sul mercato e dispone di una rete di assistenza molto estesa. \u00c8 proprio il motore scelto da Sunward per alimentare la SWE 155UF-2PB \u2013 e la sua conformit\u00e0 agli standard sulle emissioni Stage V dell\u2019Unione Europea \u00e8, naturalmente, scontata.<\/p>\n<p>[\/vc_column_text][\/vc_column_inner][\/vc_row_inner][vc_separator][vc_row_inner][vc_column_inner width=&#8221;1\/4&#8243;][vc_single_image image=&#8221;1091&#8243; img_size=&#8221;medium&#8221;][\/vc_column_inner][vc_column_inner width=&#8221;3\/4&#8243;][vc_custom_heading text=&#8221;COMPONENTI PREMIUM&#8221; font_container=&#8221;tag:h3|text_align:left&#8221; use_theme_fonts=&#8221;yes&#8221;][vc_column_text css=&#8221;&#8221;]<\/p>\n<p class=\"\" data-start=\"0\" data-end=\"316\">Tutti i componenti chiave degli escavatori Sunward sono selezionati con grande attenzione, dal motore Cummins al sistema idraulico. Poich\u00e9 l\u2019impianto idraulico \u00e8 spesso considerato il cuore della macchina, Sunward si affida esclusivamente a fornitori di primo livello, riconosciuti per la loro qualit\u00e0 e prestazioni.<\/p>\n<p class=\"\" data-start=\"318\" data-end=\"691\">Per la SWE 155UF-2PB, abbiamo scelto produttori affidabili per fornire la pompa idraulica, il motore di rotazione e la valvola di controllo principale (MCV). Questi componenti, altamente affidabili, sono progettati appositamente per soddisfare le esigenze pi\u00f9 impegnative degli escavatori idraulici, offrendo efficienza eccellente, grande durata e una lunga vita operativa.<\/p>\n<p>[\/vc_column_text][\/vc_column_inner][\/vc_row_inner][vc_separator][vc_row_inner][vc_column_inner width=&#8221;1\/4&#8243;][vc_single_image image=&#8221;1241&#8243; img_size=&#8221;medium&#8221;][\/vc_column_inner][vc_column_inner width=&#8221;3\/4&#8243;][vc_custom_heading text=&#8221;FATTO PER DURARE&#8221; font_container=&#8221;tag:h3|text_align:left&#8221; use_theme_fonts=&#8221;yes&#8221;][vc_column_text css=&#8221;&#8221;]<\/p>\n<p class=\"\" data-start=\"0\" data-end=\"481\">La SWE 155UF-2PB \u00e8 stata progettata con la durabilit\u00e0 come priorit\u00e0. Il motore Cummins si \u00e8 guadagnato una solida reputazione per l\u2019elevata resistenza, anche nelle condizioni di lavoro pi\u00f9 estreme. Particolare attenzione \u00e8 stata inoltre dedicata ai componenti chiave della SWE 155UF-2PB, come il braccio e la benna, progettati con uno spessore maggiorato del materiale. Tutti gli elementi strutturali sono realizzati in acciaio strutturale forgiato, ad alta resistenza e duttilit\u00e0.<\/p>\n<p class=\"\" data-start=\"483\" data-end=\"807\">Questo approccio garantisce componenti con un\u2019elevata resistenza all\u2019usura e una grande robustezza strutturale. Il risultato \u00e8 un enorme aumento dell\u2019affidabilit\u00e0 della macchina in lavori gravosi. Ad esempio, il braccio di rotazione e la biella della benna sono progettati per uno standard di affidabilit\u00e0 pari a 20.000 ore.<\/p>\n<p class=\"\" data-start=\"809\" data-end=\"1424\">Anche i componenti rinforzati della SWE 155UF-2PB sono sottoposti a un delicato processo di ricottura, che elimina completamente le tensioni residue nelle saldature e incrementa in modo significativo l\u2019affidabilit\u00e0 della macchina. Dopo la saldatura, si evita il raffreddamento naturale (che pu\u00f2 causare raffreddamenti irregolari) riscaldando il metallo in una camera isolata a una temperatura di 600 \u2013 800\u202f\u00b0C, seguita da un raffreddamento lento (5 \u2013 8 ore), prevenendo cos\u00ec tensioni residue e difetti. Questo tipo di trattamento termico non \u00e8 generalmente adottato dai produttori che mirano a ridurre tempi e costi.<\/p>\n<p class=\"\" data-start=\"1426\" data-end=\"1522\">Infine, il telaio a X \u00e8 stato rinforzato, garantendo un\u2019eccellente resistenza alla deformazione.<\/p>\n<p>[\/vc_column_text][\/vc_column_inner][\/vc_row_inner][vc_separator][vc_row_inner][vc_column_inner width=&#8221;1\/4&#8243;][vc_single_image image=&#8221;1242&#8243; img_size=&#8221;medium&#8221;][\/vc_column_inner][vc_column_inner width=&#8221;3\/4&#8243;][vc_custom_heading text=&#8221;CONSUMI RIDOTTI&#8221; font_container=&#8221;tag:h3|text_align:left&#8221; use_theme_fonts=&#8221;yes&#8221;][vc_column_text css=&#8221;&#8221;]<\/p>\n<p class=\"\" data-start=\"0\" data-end=\"408\">Grazie al motore Cummins QSF3.8 a 4 cilindri in linea, la SWE 155UF-2PB consuma meno carburante, con un\u2019efficienza totale dei fluidi (che include carburante e AdBlue) migliorata fino al 3%, senza compromessi in termini di prestazioni. Questo motore, infatti, offre prestazioni superiori rispetto alla versione precedente, con il 10% di potenza in pi\u00f9 e quasi il 20% di coppia in pi\u00f9 su tutto l\u2019intervallo di giri.<\/p>\n<p class=\"\" data-start=\"410\" data-end=\"806\">L\u2019escavatore medio Sunward SWE 155UF-2PB vanta anche la massima efficienza idraulica, che si traduce in un consumo di carburante ridotto. Grazie alla nuova pompa principale di alta qualit\u00e0 e all\u2019innovazione progettuale di Sunward, abbiamo aumentato la cilindrata del 7%, la potenza del 4% e l\u2019efficienza volumetrica del 6%, rendendo l\u2019intera macchina pi\u00f9 efficiente dal punto di vista energetico.<\/p>\n<p class=\"\" data-start=\"808\" data-end=\"994\">Infine, grazie ai 3 modalit\u00e0 di lavoro per gli accessori, gli operatori possono beneficiare non solo di una maggiore versatilit\u00e0, ma anche di un\u2019ottimizzazione nei consumi di carburante.<\/p>\n<p>[\/vc_column_text][\/vc_column_inner][\/vc_row_inner][vc_separator][vc_row_inner][vc_column_inner width=&#8221;1\/4&#8243;][vc_single_image image=&#8221;1243&#8243; img_size=&#8221;medium&#8221;][\/vc_column_inner][vc_column_inner width=&#8221;3\/4&#8243;][vc_custom_heading text=&#8221;VERSATILE PER PROGETTO&#8221; font_container=&#8221;tag:h3|text_align:left&#8221; use_theme_fonts=&#8221;yes&#8221;][vc_column_text css=&#8221;&#8221;]Nello spirito del motto di Sunward, &#8220;Innovation Leads to Value&#8221; (l&#8217;innovazione porta al valore), la concezione tecnica e progettuale dello SWE 155F \u00e8 finalizzata a creare valore ottimale per il proprietario della macchina e la massima versatilit\u00e0 per l&#8217;operatore. Lo SWE 155UF-2PB pu\u00f2 quindi essere utilizzato in una vasta gamma di applicazioni e condizioni operative. E grazie alle 3 linee ausiliarie separate (di cui 2 dotate di valvola di intercettazione per un&#8217;installazione facile e senza perdite d&#8217;olio degli accessori), alle 3 modalit\u00e0 di lavoro per la benna e alle 3 modalit\u00e0 di lavoro per gli altri accessori, all&#8217;operatore bastano pochi minuti per apprezzare appieno tutte le possibilit\u00e0 offerte.[\/vc_column_text][\/vc_column_inner][\/vc_row_inner][vc_separator][vc_row_inner][vc_column_inner width=&#8221;1\/4&#8243;][vc_single_image image=&#8221;1146&#8243; img_size=&#8221;medium&#8221;][\/vc_column_inner][vc_column_inner width=&#8221;3\/4&#8243;][vc_custom_heading text=&#8221;FACILE DA MANUTENERE&#8221; font_container=&#8221;tag:h3|text_align:left&#8221; use_theme_fonts=&#8221;yes&#8221;][vc_column_text css=&#8221;&#8221;]Per ridurre i tempi e i costi di manutenzione, coperchi e carenature posteriori e laterali si aprono completamente per consentire l&#8217;accesso diretto ai punti di servizio. Il facile accesso al serbatoio del carburante e ai punti di ingrassaggio centralizzati fanno dello SWE 155UF-2PB una macchina tanto facile da manutenere quanto da usare.[\/vc_column_text][\/vc_column_inner][\/vc_row_inner][vc_separator][vc_row_inner][vc_column_inner width=&#8221;1\/4&#8243;][vc_single_image image=&#8221;1205&#8243; img_size=&#8221;medium&#8221;][\/vc_column_inner][vc_column_inner width=&#8221;3\/4&#8243;][vc_custom_heading text=&#8221;CABINA SICURA&#8221; font_container=&#8221;tag:h3|text_align:left&#8221; use_theme_fonts=&#8221;yes&#8221;][vc_column_text css=&#8221;&#8221;]La cabina estremamente robusta dello SWE 155UF-2PB soddisfa i requisiti FOPS, TOPS e ROPS, elemento fondamentale che contribuisce a garantire comodit\u00e0 e sicurezza in qualunque ambiente di lavoro. Nonostante le dimensioni esterne compatte, lo SWE 155F offre una cabina spaziosa con ingresso ampio e comodo per tutte le corporature. Grazie all&#8217;ampia finestratura e alla disposizione razionale dentro l&#8217;abitacolo, tutto \u00e8 progettato per garantire comfort, produttivit\u00e0 e sicurezza per l&#8217;operatore.[\/vc_column_text][\/vc_column_inner][\/vc_row_inner][vc_separator][vc_row_inner][vc_column_inner width=&#8221;1\/4&#8243;][vc_single_image image=&#8221;1071&#8243; img_size=&#8221;medium&#8221;][\/vc_column_inner][vc_column_inner width=&#8221;3\/4&#8243;][vc_custom_heading text=&#8221;MIGLIOR RAPPORTO QUALIT\u00c0\/PREZZO&#8221; font_container=&#8221;tag:h3|text_align:left&#8221; use_theme_fonts=&#8221;yes&#8221;][vc_column_text css=&#8221;&#8221;]Sunward: l&#8217;investimento perfetto in affidabilit\u00e0, prestazioni e ritorno sull&#8217;investimento. La progettazione accurata dello SWE 155UF-2PB include infatti una selezione ben ponderata di componenti che ne semplificano il funzionamento e la manutenzione. Dalle nostre scelte progettuali nascono macchine che offrono moltissime caratteristiche di serie, componenti chiave di primissima qualit\u00e0 e grandi capacit\u00e0&#8230; il tutto a un prezzo pi\u00f9 che ragionevole.<br \/>\nInoltre, anche i ricambi originali Sunward sono economici e quest&#8217;ottimo rapporto qualit\u00e0-prezzo \u00e8 coronato dalla garanzia di 5 anni, di serie su tutti i prodotti Sunward.[\/vc_column_text][\/vc_column_inner][\/vc_row_inner][\/vc_tta_section][vc_tta_section title=&#8221;VIDEO&#8221; tab_id=&#8221;1623857706491-8aa3a03f-cca1&#8243;][vc_video link=&#8221;https:\/\/youtu.be\/1Ll8m9Y9d8Q&#8221;][\/vc_tta_section][vc_tta_section title=&#8221;BROCHURE&#8221; tab_id=&#8221;1623857795794-8fd5289e-c5a3&#8243;][vc_row_inner content_placement=&#8221;middle&#8221;][vc_column_inner width=&#8221;1\/4&#8243;][vc_single_image image=&#8221;4280&#8243; img_size=&#8221;large&#8221; css=&#8221;&#8221;][\/vc_column_inner][vc_column_inner width=&#8221;3\/4&#8243;][vc_custom_heading text=&#8221;BROCHURE PRODOTTO&#8221; font_container=&#8221;tag:h3|text_align:left&#8221; use_theme_fonts=&#8221;yes&#8221;][vc_btn title=&#8221;SCARICA&#8221; color=&#8221;orange&#8221; size=&#8221;lg&#8221; css=&#8221;&#8221; link=&#8221;url:https%3A%2F%2Fsunward.eu%2Fwp-content%2Fuploads%2F2025%2F05%2FSUNWARD_SWE-155UF-2PB_05.2025_FINAL_HR_IT.pdf|title:Sunward%20SWE%20155F%20Product%20Brochure|target:_blank&#8221;][\/vc_column_inner][\/vc_row_inner][\/vc_tta_section][\/vc_tta_accordion][\/vc_column][\/vc_row]<\/p>\n<\/div>","protected":false},"excerpt":{"rendered":"<p>Cerchi un escavatore capace di affrontare qualsiasi cantiere senza occupare troppo spazio? L\u2019escavatore medio Sunward SWE 155UF-2PB \u00e8 dotato di un raggio di rotazione posteriore molto corto e di un braccio articolato in due parti, che gli consente di lavorare in una grande variet\u00e0 di contesti urbani, anche in spazi ristretti e lungo i muri. \u00c8 progettato per essere versatile e durevole, con una lunga durata operativa. [&#8230;]<\/p>\n<p><a class=\"btn btn-secondary understrap-read-more-link\" href=\"https:\/\/sunward.eu\/it\/product\/swe-155uf-2pb\/\">Leggi tutto&#8230;<\/a><\/p>\n","protected":false},"featured_media":3708,"comment_status":"closed","ping_status":"closed","template":"","meta":{"_acf_changed":false,"inline_featured_image":false},"product_cat":[26,35],"product_tag":[],"class_list":{"0":"post-2905","1":"product","2":"type-product","3":"status-publish","4":"has-post-thumbnail","6":"product_cat-excavators","7":"product_cat-medium-excavators","8":"pa_emission-rating-eu-stage-5","9":"pa_max-digging-depth-5-600-mm","10":"pa_operating-weight-17-000-kg","11":"pa_power-output-90-kw","12":"pa_width-2600-mm","14":"first","15":"instock","16":"shipping-taxable","17":"product-type-simple"},"translation":{"provider":"WPGlobus","version":"2.12.2","language":"it","enabled_languages":["en","de","fr","it"],"languages":{"en":{"title":true,"content":true,"excerpt":true},"de":{"title":true,"content":true,"excerpt":true},"fr":{"title":true,"content":true,"excerpt":true},"it":{"title":true,"content":true,"excerpt":true}}},"acf":[],"yoast_head":"<!-- This site is optimized with the Yoast SEO plugin v22.6 - https:\/\/yoast.com\/wordpress\/plugins\/seo\/ -->\n<title>SWE 155UF-2PB - Sunward Europe (Official Website for EU &amp; UK)<\/title>\n<meta name=\"robots\" content=\"index, follow, max-snippet:-1, max-image-preview:large, max-video-preview:-1\" \/>\n<link rel=\"canonical\" href=\"https:\/\/sunward.eu\/product\/swe-155uf-2pb\/\" \/>\n<meta property=\"og:locale\" content=\"it_IT\" \/>\n<meta property=\"og:type\" content=\"article\" \/>\n<meta property=\"og:title\" content=\"SWE 155UF-2PB - Sunward Europe (Official Website for EU &amp; UK)\" \/>\n<meta property=\"og:url\" content=\"https:\/\/sunward.eu\/product\/swe-155uf-2pb\/\" \/>\n<meta property=\"og:site_name\" content=\"Sunward Europe (Official Website for EU &amp; UK)\" \/>\n<meta property=\"article:modified_time\" content=\"2025-09-11T08:53:56+00:00\" \/>\n<meta property=\"og:image\" content=\"https:\/\/sunward.eu\/wp-content\/uploads\/2024\/10\/Sunward-SWE-155UF-2PB_MAIN-1.png\" \/>\n\t<meta property=\"og:image:width\" content=\"1000\" \/>\n\t<meta property=\"og:image:height\" content=\"1000\" \/>\n\t<meta property=\"og:image:type\" content=\"image\/png\" \/>\n<meta name=\"twitter:card\" content=\"summary_large_image\" \/>\n<meta name=\"twitter:label1\" content=\"Est. reading time\" \/>\n\t<meta name=\"twitter:data1\" content=\"6 minutes\" \/>\n<script type=\"application\/ld+json\" class=\"yoast-schema-graph\">{\"@context\":\"https:\/\/schema.org\",\"@graph\":[{\"@type\":\"WebPage\",\"@id\":\"https:\/\/sunward.eu\/product\/swe-155uf-2pb\/\",\"url\":\"https:\/\/sunward.eu\/product\/swe-155uf-2pb\/\",\"name\":\"SWE 155UF-2PB - Sunward Europe (Official Website for EU &amp; UK)\",\"isPartOf\":{\"@id\":\"https:\/\/sunward.eu\/#website\"},\"primaryImageOfPage\":{\"@id\":\"https:\/\/sunward.eu\/product\/swe-155uf-2pb\/#primaryimage\"},\"image\":{\"@id\":\"https:\/\/sunward.eu\/product\/swe-155uf-2pb\/#primaryimage\"},\"thumbnailUrl\":\"https:\/\/sunward.eu\/wp-content\/uploads\/2024\/10\/Sunward-SWE-155UF-2PB_MAIN-1.png\",\"datePublished\":\"2022-10-06T14:32:30+00:00\",\"dateModified\":\"2025-09-11T08:53:56+00:00\",\"breadcrumb\":{\"@id\":\"https:\/\/sunward.eu\/product\/swe-155uf-2pb\/#breadcrumb\"},\"inLanguage\":\"it-IT\",\"potentialAction\":[{\"@type\":\"ReadAction\",\"target\":[\"https:\/\/sunward.eu\/product\/swe-155uf-2pb\/\"]}]},{\"@type\":\"ImageObject\",\"inLanguage\":\"it-IT\",\"@id\":\"https:\/\/sunward.eu\/product\/swe-155uf-2pb\/#primaryimage\",\"url\":\"https:\/\/sunward.eu\/wp-content\/uploads\/2024\/10\/Sunward-SWE-155UF-2PB_MAIN-1.png\",\"contentUrl\":\"https:\/\/sunward.eu\/wp-content\/uploads\/2024\/10\/Sunward-SWE-155UF-2PB_MAIN-1.png\",\"width\":1000,\"height\":1000},{\"@type\":\"BreadcrumbList\",\"@id\":\"https:\/\/sunward.eu\/product\/swe-155uf-2pb\/#breadcrumb\",\"itemListElement\":[{\"@type\":\"ListItem\",\"position\":1,\"name\":\"Home\",\"item\":\"https:\/\/sunward.eu\/\"},{\"@type\":\"ListItem\",\"position\":2,\"name\":\"Products\",\"item\":\"https:\/\/sunward.eu\/shop\/\"},{\"@type\":\"ListItem\",\"position\":3,\"name\":\"Excavators\",\"item\":\"https:\/\/sunward.eu\/product-category\/excavators\/\"},{\"@type\":\"ListItem\",\"position\":4,\"name\":\"SWE 155UF-2PB\"}]},{\"@type\":\"WebSite\",\"@id\":\"https:\/\/sunward.eu\/#website\",\"url\":\"https:\/\/sunward.eu\/\",\"name\":\"Sunward Europe (Official Website for EU &amp; UK)\",\"description\":\"The smart choice\",\"publisher\":{\"@id\":\"https:\/\/sunward.eu\/#organization\"},\"potentialAction\":[{\"@type\":\"SearchAction\",\"target\":{\"@type\":\"EntryPoint\",\"urlTemplate\":\"https:\/\/sunward.eu\/?s={search_term_string}\"},\"query-input\":\"required name=search_term_string\"}],\"inLanguage\":\"it-IT\"},{\"@type\":\"Organization\",\"@id\":\"https:\/\/sunward.eu\/#organization\",\"name\":\"Sunward Europe (Official Website for EU &amp; UK)\",\"url\":\"https:\/\/sunward.eu\/\",\"logo\":{\"@type\":\"ImageObject\",\"inLanguage\":\"it-IT\",\"@id\":\"https:\/\/sunward.eu\/#\/schema\/logo\/image\/\",\"url\":\"https:\/\/sunward.eu\/wp-content\/uploads\/2022\/01\/Website_Sunward_logo_top_180x63px.png\",\"contentUrl\":\"https:\/\/sunward.eu\/wp-content\/uploads\/2022\/01\/Website_Sunward_logo_top_180x63px.png\",\"width\":180,\"height\":63,\"caption\":\"Sunward Europe (Official Website for EU &amp; UK)\"},\"image\":{\"@id\":\"https:\/\/sunward.eu\/#\/schema\/logo\/image\/\"}}]}<\/script>\n<!-- \/ Yoast SEO plugin. -->","yoast_head_json":{"title":"SWE 155UF-2PB - Sunward Europe (Official Website for EU &amp; UK)","robots":{"index":"index","follow":"follow","max-snippet":"max-snippet:-1","max-image-preview":"max-image-preview:large","max-video-preview":"max-video-preview:-1"},"canonical":"https:\/\/sunward.eu\/product\/swe-155uf-2pb\/","og_locale":"it_IT","og_type":"article","og_title":"SWE 155UF-2PB - Sunward Europe (Official Website for EU &amp; UK)","og_url":"https:\/\/sunward.eu\/product\/swe-155uf-2pb\/","og_site_name":"Sunward Europe (Official Website for EU &amp; UK)","article_modified_time":"2025-09-11T08:53:56+00:00","og_image":[{"width":1000,"height":1000,"url":"https:\/\/sunward.eu\/wp-content\/uploads\/2024\/10\/Sunward-SWE-155UF-2PB_MAIN-1.png","type":"image\/png"}],"twitter_card":"summary_large_image","twitter_misc":{"Est. reading time":"6 minutes"},"schema":{"@context":"https:\/\/schema.org","@graph":[{"@type":"WebPage","@id":"https:\/\/sunward.eu\/product\/swe-155uf-2pb\/","url":"https:\/\/sunward.eu\/product\/swe-155uf-2pb\/","name":"SWE 155UF-2PB - Sunward Europe (Official Website for EU &amp; UK)","isPartOf":{"@id":"https:\/\/sunward.eu\/#website"},"primaryImageOfPage":{"@id":"https:\/\/sunward.eu\/product\/swe-155uf-2pb\/#primaryimage"},"image":{"@id":"https:\/\/sunward.eu\/product\/swe-155uf-2pb\/#primaryimage"},"thumbnailUrl":"https:\/\/sunward.eu\/wp-content\/uploads\/2024\/10\/Sunward-SWE-155UF-2PB_MAIN-1.png","datePublished":"2022-10-06T14:32:30+00:00","dateModified":"2025-09-11T08:53:56+00:00","breadcrumb":{"@id":"https:\/\/sunward.eu\/product\/swe-155uf-2pb\/#breadcrumb"},"inLanguage":"it-IT","potentialAction":[{"@type":"ReadAction","target":["https:\/\/sunward.eu\/product\/swe-155uf-2pb\/"]}]},{"@type":"ImageObject","inLanguage":"it-IT","@id":"https:\/\/sunward.eu\/product\/swe-155uf-2pb\/#primaryimage","url":"https:\/\/sunward.eu\/wp-content\/uploads\/2024\/10\/Sunward-SWE-155UF-2PB_MAIN-1.png","contentUrl":"https:\/\/sunward.eu\/wp-content\/uploads\/2024\/10\/Sunward-SWE-155UF-2PB_MAIN-1.png","width":1000,"height":1000},{"@type":"BreadcrumbList","@id":"https:\/\/sunward.eu\/product\/swe-155uf-2pb\/#breadcrumb","itemListElement":[{"@type":"ListItem","position":1,"name":"Home","item":"https:\/\/sunward.eu\/"},{"@type":"ListItem","position":2,"name":"Products","item":"https:\/\/sunward.eu\/shop\/"},{"@type":"ListItem","position":3,"name":"Excavators","item":"https:\/\/sunward.eu\/product-category\/excavators\/"},{"@type":"ListItem","position":4,"name":"SWE 155UF-2PB"}]},{"@type":"WebSite","@id":"https:\/\/sunward.eu\/#website","url":"https:\/\/sunward.eu\/","name":"Sunward Europe (Official Website for EU &amp; UK)","description":"The smart choice","publisher":{"@id":"https:\/\/sunward.eu\/#organization"},"potentialAction":[{"@type":"SearchAction","target":{"@type":"EntryPoint","urlTemplate":"https:\/\/sunward.eu\/?s={search_term_string}"},"query-input":"required name=search_term_string"}],"inLanguage":"it-IT"},{"@type":"Organization","@id":"https:\/\/sunward.eu\/#organization","name":"Sunward Europe (Official Website for EU &amp; UK)","url":"https:\/\/sunward.eu\/","logo":{"@type":"ImageObject","inLanguage":"it-IT","@id":"https:\/\/sunward.eu\/#\/schema\/logo\/image\/","url":"https:\/\/sunward.eu\/wp-content\/uploads\/2022\/01\/Website_Sunward_logo_top_180x63px.png","contentUrl":"https:\/\/sunward.eu\/wp-content\/uploads\/2022\/01\/Website_Sunward_logo_top_180x63px.png","width":180,"height":63,"caption":"Sunward Europe (Official Website for EU &amp; UK)"},"image":{"@id":"https:\/\/sunward.eu\/#\/schema\/logo\/image\/"}}]}},"_links":{"self":[{"href":"https:\/\/sunward.eu\/it\/wp-json\/wp\/v2\/product\/2905","targetHints":{"allow":["GET"]}}],"collection":[{"href":"https:\/\/sunward.eu\/it\/wp-json\/wp\/v2\/product"}],"about":[{"href":"https:\/\/sunward.eu\/it\/wp-json\/wp\/v2\/types\/product"}],"replies":[{"embeddable":true,"href":"https:\/\/sunward.eu\/it\/wp-json\/wp\/v2\/comments?post=2905"}],"wp:featuredmedia":[{"embeddable":true,"href":"https:\/\/sunward.eu\/it\/wp-json\/wp\/v2\/media\/3708"}],"wp:attachment":[{"href":"https:\/\/sunward.eu\/it\/wp-json\/wp\/v2\/media?parent=2905"}],"wp:term":[{"taxonomy":"product_cat","embeddable":true,"href":"https:\/\/sunward.eu\/it\/wp-json\/wp\/v2\/product_cat?post=2905"},{"taxonomy":"product_tag","embeddable":true,"href":"https:\/\/sunward.eu\/it\/wp-json\/wp\/v2\/product_tag?post=2905"}],"curies":[{"name":"wp","href":"https:\/\/api.w.org\/{rel}","templated":true}]}}