{"id":1926,"date":"2022-01-25T14:57:12","date_gmt":"2022-01-25T13:57:12","guid":{"rendered":"https:\/\/sunward.eu\/?post_type=product&#038;p=1926"},"modified":"2024-01-26T15:44:33","modified_gmt":"2024-01-26T14:44:33","slug":"swtc-10","status":"publish","type":"product","link":"https:\/\/sunward.eu\/it\/product\/swtc-10\/","title":{"rendered":"SWTC 10"},"content":{"rendered":"<div class=\"wpb-content-wrapper\"><p>[vc_row][vc_column][vc_tta_accordion style=&#8221;flat&#8221; c_icon=&#8221;chevron&#8221; c_position=&#8221;right&#8221; active_section=&#8221;1&#8243; no_fill=&#8221;true&#8221; el_class=&#8221;custom-accordion&#8221;][vc_tta_section title=&#8221;SPECIFICHE&#8221; tab_id=&#8221;1623355628079-f58b5c44-7c4b&#8221;][vc_custom_heading text=&#8221;SUNWARD SWTC 10&#8243; font_container=&#8221;tag:h3|text_align:left&#8221; use_theme_fonts=&#8221;yes&#8221;][vc_column_text]La gru cingolata telescopica Sunward SWTC 10 offre la versatilit\u00e0 di un braccio telescopico per carichi pesanti montato su un carro cingolato di dimensioni compatte.<\/p>\n<p>Questa gru cingolata compatta \u00e8 perfetta per il sollevamento di carichi pesanti con poco allestimento e riesce a spostarsi in spazi molto angusti dove altre attrezzature di sollevamento analoghe non riescono ad arrivare.<\/p>\n<p>\u00c8 inoltre in grado di spostarsi trasportando carichi pesanti su qualsiasi terreno, anche i pi\u00f9 difficili.<\/p>\n<p>La SWTC 10 combina la potenza del motore Cummins QSB6.7 da 129 kW con la conformit\u00e0 alle normative UE sulle emissioni Stage V.<\/p>\n<p>Inoltre, sicurezza e comfort devono andare sempre di pari passo e la SWTC 10 tiene l&#8217;operatore al sicuro e nel pi\u00f9 completo comfort in qualunque condizione di lavoro.<\/p>\n<p>Nel metodico rispetto della tradizione Sunward che punta ad assicurare sempre il miglior rapporto qualit\u00e0\/prezzo, la SWTC 10 offre al giusto prezzo e di serie molte dotazioni e fino a 5 anni di garanzia.<\/p>\n<p>La gru cingolata telescopica compatta SWTC 10 \u00e8 l&#8217;ideale per chi cerca una gru cingolata compatta innovativa e versatile.<\/p>\n<p>Scoprite tutti gli altri vantaggi della Sunward SWTC 10.[\/vc_column_text][vc_separator color=&#8221;white&#8221;][vc_row_inner][vc_column_inner width=&#8221;1\/2&#8243;][vc_toggle title=&#8221;DIMENSIONI&#8221;]<\/p>\n<table width=\"655\">\n<tbody>\n<tr>\n<td width=\"417\">Peso operativo<\/td>\n<td width=\"238\">20 500 kg<\/td>\n<\/tr>\n<tr>\n<td width=\"417\">Lunghezza di trasporto<\/td>\n<td>9 073 mm<\/td>\n<\/tr>\n<tr>\n<td width=\"417\">Larghezza di trasporto<\/td>\n<td>2 800 mm<\/td>\n<\/tr>\n<tr>\n<td width=\"417\">Altezza alla cabina<\/td>\n<td>3 070 mm<\/td>\n<\/tr>\n<\/tbody>\n<\/table>\n<p>[\/vc_toggle][vc_toggle title=&#8221;MOTORE&#8221;]<\/p>\n<table width=\"655\">\n<tbody>\n<tr>\n<td width=\"417\">Modello<\/td>\n<td width=\"238\">Cummins QSB 6.7<\/td>\n<\/tr>\n<tr>\n<td>Classe emissioni<\/td>\n<td>EU Stage V<\/td>\n<\/tr>\n<tr>\n<td>Cilindrata<\/td>\n<td>6.7 L<\/td>\n<\/tr>\n<tr>\n<td>Potenza nominale di uscita<\/td>\n<td>129 kW<\/td>\n<\/tr>\n<\/tbody>\n<\/table>\n<p>[\/vc_toggle][vc_toggle title=&#8221;DIAGRAMMA DI LAVORO&#8221;]<\/p>\n<table width=\"655\">\n<tbody>\n<tr>\n<td width=\"417\">Capacit\u00e0 di carico nominale max<\/td>\n<td width=\"238\">10 000 kg<\/td>\n<\/tr>\n<tr>\n<td>Lunghezza del braccio base<\/td>\n<td>7 m<\/td>\n<\/tr>\n<tr>\n<td>Lunghezza del braccio a piena estensione<\/td>\n<td>21.2 m<\/td>\n<\/tr>\n<tr>\n<td>Altezza di sollevamento max con braccio base<\/td>\n<td>21.5 m<\/td>\n<\/tr>\n<tr>\n<td>Altezza di sollevamento max del braccio principale pi\u00f9 lungo<\/td>\n<td>26 m<\/td>\n<\/tr>\n<\/tbody>\n<\/table>\n<p>[\/vc_toggle][\/vc_column_inner][vc_column_inner width=&#8221;1\/2&#8243;][\/vc_column_inner][\/vc_row_inner][\/vc_tta_section][vc_tta_section title=&#8221;CARATTERISTICHE E VANTAGGI&#8221; tab_id=&#8221;1623355710952-d36b50a3-81ed&#8221;][vc_row_inner][vc_column_inner width=&#8221;1\/4&#8243;][vc_single_image image=&#8221;1070&#8243; img_size=&#8221;medium&#8221;][\/vc_column_inner][vc_column_inner width=&#8221;3\/4&#8243;][vc_custom_heading text=&#8221;FATTA PER L&#8217;EUROPA&#8221; font_container=&#8221;tag:h3|text_align:left&#8221; use_theme_fonts=&#8221;yes&#8221;][vc_column_text]La Sunward SWTC 10 non \u00e8 semplicemente certificata a norma UE, ma \u00e8 stata progettata per soddisfare le esigenze del mercato europeo. E ovviamente soddisfa le normative antiemissioni UE Stage V.[\/vc_column_text][\/vc_column_inner][\/vc_row_inner][vc_separator][vc_row_inner][vc_column_inner width=&#8221;1\/4&#8243;][vc_single_image image=&#8221;1911&#8243; img_size=&#8221;medium&#8221;][\/vc_column_inner][vc_column_inner width=&#8221;3\/4&#8243;][vc_custom_heading text=&#8221;MOBILIT\u00c0 ESTREMA&#8221; font_container=&#8221;tag:h3|text_align:left&#8221; use_theme_fonts=&#8221;yes&#8221;][vc_column_text]Grazie alle sue dimensioni compatte, la gru cingolata telescopica Sunward SWTC 10 \u00e8 pronta all&#8217;azione in tempo record.<\/p>\n<p>La macchina pu\u00f2 essere trasportata facilmente in cantiere con costi relativamente bassi.<\/p>\n<p>Una volta sul posto, i cingoli le consentono di muoversi in modo sicuro, indipendentemente dalle condizioni del terreno.<\/p>\n<p>Infine, ma non meno importante, le dimensioni compatte le consentono una manovrabilit\u00e0 eccellente e la rendono facile da usare negli spazi angusti.[\/vc_column_text][\/vc_column_inner][\/vc_row_inner][vc_separator][vc_row_inner][vc_column_inner width=&#8221;1\/4&#8243;][vc_single_image image=&#8221;1927&#8243; img_size=&#8221;medium&#8221;][\/vc_column_inner][vc_column_inner width=&#8221;3\/4&#8243;][vc_custom_heading text=&#8221;MOTORE POTENTE E AFFIDABILE&#8221; font_container=&#8221;tag:h3|text_align:left&#8221; use_theme_fonts=&#8221;yes&#8221;][vc_column_text]Come cuore della SWTC 10 abbiamo scelto il premiato motore Stage V Cummins QSB6.7.<\/p>\n<p>Questo motore \u00e8 lo standard di riferimento industriale in termini di affidabilit\u00e0 e durata e gode di ampia popolarit\u00e0 sul mercato ed \u00e8 quindi supportato da una vasta rete di assistenza. L&#8217;efficienza dei consumi e gli intervalli di manutenzione pi\u00f9 lunghi contribuiscono a ridurre i costi operativi e il costo totale di possesso della macchina.<\/p>\n<p>In termini di potenza, il motore Cummins QSB6.7 da 129 kW offre le grandi prestazioni necessarie per soddisfare una vasta gamma di applicazioni.[\/vc_column_text][\/vc_column_inner][\/vc_row_inner][vc_separator][vc_row_inner][vc_column_inner width=&#8221;1\/4&#8243;][vc_single_image image=&#8221;1913&#8243; img_size=&#8221;medium&#8221;][\/vc_column_inner][vc_column_inner width=&#8221;3\/4&#8243;][vc_custom_heading text=&#8221;COMPONENTI PREMIUM&#8221; font_container=&#8221;tag:h3|text_align:left&#8221; use_theme_fonts=&#8221;yes&#8221;][vc_column_text]Tutti i componenti chiave delle gru cingolate telescopiche Sunward sono accuratamente selezionati, dal motore Cummins all&#8217;impianto idraulico.<\/p>\n<p>L&#8217;impianto idraulico \u00e8 spesso considerato come il vero cuore di un escavatore e per questo Sunward si avvale esclusivamente dei pi\u00f9 affidabili fornitori sul mercato. Bosch Rexroth \u00e8 leader di mercato nell&#8217;innovazione, progettazione e costruzione di pompe idrauliche. \u00c8 stato quindi naturale per Sunward scegliere questo marchio come fornitore per pompa principale, joystick e valvole. Le pompe idrauliche Bosch Rexroth assicurano grande precisione e affidabilit\u00e0, fattori che si riflettono naturalmente sull&#8217;affidabilit\u00e0 di questa macchina.<\/p>\n<p>Per i motori di traslazione e di rotazione abbiamo invece scelto KYB o Flutek.[\/vc_column_text][\/vc_column_inner][\/vc_row_inner][vc_separator][vc_row_inner][vc_column_inner width=&#8221;1\/4&#8243;][vc_single_image image=&#8221;1918&#8243; img_size=&#8221;medium&#8221;][\/vc_column_inner][vc_column_inner width=&#8221;3\/4&#8243;][vc_custom_heading text=&#8221;CAPACIT\u00c0 AD ALTO SBRACCIO&#8221; font_container=&#8221;tag:h3|text_align:left&#8221; use_theme_fonts=&#8221;yes&#8221;][vc_column_text]La SWTC 10 ha capacit\u00e0 eccezionali in termini di sbraccio. Si posiziona molto bene sul mercato con il suo sbraccio di quasi 26 metri.[\/vc_column_text][\/vc_column_inner][\/vc_row_inner][vc_separator][vc_row_inner][vc_column_inner width=&#8221;1\/4&#8243;][vc_single_image image=&#8221;1914&#8243; img_size=&#8221;medium&#8221;][\/vc_column_inner][vc_column_inner width=&#8221;3\/4&#8243;][vc_custom_heading text=&#8221;SOLLEVATORE PESANTE&#8221; font_container=&#8221;tag:h3|text_align:left&#8221; use_theme_fonts=&#8221;yes&#8221;][vc_column_text]Nonostante le sue dimensioni compatte, la SWTC 10 \u00e8 estremamente potente e offre eccezionali capacit\u00e0 di sollevamento fino a 10.000 kg (max) che le permettono di rivaleggiare facilmente con gli altri modelli di gru cingolata compatta sul mercato.[\/vc_column_text][\/vc_column_inner][\/vc_row_inner][vc_row_inner][vc_column_inner width=&#8221;1\/4&#8243;][vc_single_image image=&#8221;1915&#8243; img_size=&#8221;medium&#8221;][\/vc_column_inner][vc_column_inner width=&#8221;3\/4&#8243;][vc_custom_heading text=&#8221;FACILE DA MANUTENERE&#8221; font_container=&#8221;tag:h3|text_align:left&#8221; use_theme_fonts=&#8221;yes&#8221;][vc_column_text]Per ridurre i tempi e i costi di manutenzione della SWTC 10, coperchi e carenature posteriori e laterali forniscono accesso diretto ai punti di servizio. I punti di servizio standard per i filtri carburante, aria e olio sono direttamente accessibili attraverso il coperchio sul retro.<\/p>\n<p>Il facile accesso al serbatoio del carburante e ai punti di ingrassaggio centralizzati fanno di queste gru cingolate telescopiche macchine tanto facili da manutenere quanto da usare.[\/vc_column_text][\/vc_column_inner][\/vc_row_inner][vc_row_inner][vc_column_inner width=&#8221;1\/4&#8243;][vc_single_image image=&#8221;1919&#8243; img_size=&#8221;medium&#8221;][\/vc_column_inner][vc_column_inner width=&#8221;3\/4&#8243;][vc_custom_heading text=&#8221;CABINA SICURA&#8221; font_container=&#8221;tag:h3|text_align:left&#8221; use_theme_fonts=&#8221;yes&#8221;][vc_column_text]La cabina estremamente robusta della SWTC 10 soddisfa i requisiti FOPS, TOPS e ROPS, elemento fondamentale che contribuisce a garantire comodit\u00e0 e sicurezza in qualunque ambiente di lavoro.<\/p>\n<p>Nonostante le dimensioni esterne compatte, la SWTC 10 offre una cabina spaziosa con ingresso ampio e comodo per tutte le corporature.<\/p>\n<p>Grazie all&#8217;ampia finestratura e alla disposizione razionale dentro l&#8217;abitacolo, tutto \u00e8 progettato per garantire comfort, produttivit\u00e0 e sicurezza per l&#8217;operatore.[\/vc_column_text][\/vc_column_inner][\/vc_row_inner][vc_row_inner][vc_column_inner width=&#8221;1\/4&#8243;][vc_single_image image=&#8221;1917&#8243; img_size=&#8221;medium&#8221;][\/vc_column_inner][vc_column_inner width=&#8221;3\/4&#8243;][vc_custom_heading text=&#8221;MIGLIOR RAPPORTO QUALIT\u00c0\/PREZZO&#8221; font_container=&#8221;tag:h3|text_align:left&#8221; use_theme_fonts=&#8221;yes&#8221;][vc_column_text]Sunward: l&#8217;investimento perfetto in affidabilit\u00e0, prestazioni e ritorno sull&#8217;investimento.<\/p>\n<p>Nel progettare la SWTC 10, particolare cura \u00e8 stata data alla scelta dei componenti al fine di semplificarne uso e manutenzione. Dalle nostre scelte progettuali nascono macchine che offrono moltissime caratteristiche di serie, componenti chiave di primissima qualit\u00e0 e grandi capacit\u00e0. Il tutto a un prezzo pi\u00f9 che ragionevole.<\/p>\n<p>Inoltre, anche i ricambi originali Sunward sono economici e quest&#8217;ottimo rapporto qualit\u00e0-prezzo \u00e8 coronato dalla garanzia di 5 anni, di serie su tutti i prodotti Sunward.[\/vc_column_text][\/vc_column_inner][\/vc_row_inner][\/vc_tta_section][vc_tta_section title=&#8221;VIDEO&#8221; tab_id=&#8221;1623857706491-8aa3a03f-cca1&#8243;][vc_row_inner][vc_column_inner][vc_column_text]<\/p>\n<h2><em>NOT AVAILABLE<\/em><\/h2>\n<p>[\/vc_column_text][\/vc_column_inner][\/vc_row_inner][vc_video link=&#8221;&#8221;][\/vc_tta_section][vc_tta_section title=&#8221;BROCHURE&#8221; tab_id=&#8221;1623857795794-8fd5289e-c5a3&#8243;][vc_row_inner content_placement=&#8221;middle&#8221;][vc_column_inner width=&#8221;1\/4&#8243;][vc_single_image image=&#8221;1928&#8243; img_size=&#8221;large&#8221;][\/vc_column_inner][vc_column_inner width=&#8221;3\/4&#8243;][vc_custom_heading text=&#8221;SUNWARD SWTC 10 SPEC SHEET&#8221; font_container=&#8221;tag:h3|text_align:left&#8221; use_theme_fonts=&#8221;yes&#8221;][vc_btn title=&#8221;DOWNLOAD&#8221; color=&#8221;orange&#8221; size=&#8221;lg&#8221; link=&#8221;url:http%3A%2F%2Fsunward.eu%2Fwp-content%2Fuploads%2F2022%2F01%2FSWTC10-Crawler-Crane-specs.pdf|title:Sunward%20SWTC%2010%20SPEC%20SHEET|target:%20_blank|&#8221;][\/vc_column_inner][\/vc_row_inner][\/vc_tta_section][\/vc_tta_accordion][\/vc_column][\/vc_row]<\/p>\n<\/div>","protected":false},"excerpt":{"rendered":"<p>La gru cingolata telescopica Sunward SWTC 10 offre la versatilit\u00e0 di un braccio telescopico per carichi pesanti montato su un carro cingolato di dimensioni compatte.<\/p>\n<p>Questa gru cingolata compatta \u00e8 perfetta per il sollevamento di carichi pesanti con poco allestimento e riesce a spostarsi in spazi molto angusti dove altre attrezzature di sollevamento analoghe non riescono ad arrivare.<\/p>\n<p>\u00c8 inoltre in grado di spostarsi trasportando carichi pesanti su qualsiasi terreno, anche i pi\u00f9 difficili.<\/p>\n<p>Equipaggiata con motore Cummins, la SWTC 10 soddisfa le normative UE emissioni Stage V. [&#8230;]<\/p>\n<p><a class=\"btn btn-secondary understrap-read-more-link\" href=\"https:\/\/sunward.eu\/it\/product\/swtc-10\/\">Leggi tutto&#8230;<\/a><\/p>\n","protected":false},"featured_media":2780,"comment_status":"closed","ping_status":"closed","template":"","meta":{"_acf_changed":false,"inline_featured_image":false},"product_cat":[28,39],"product_tag":[],"class_list":{"0":"post-1926","1":"product","2":"type-product","3":"status-publish","4":"has-post-thumbnail","6":"product_cat-telescopic-cranes","7":"product_cat-swtc5d","8":"pa_emission-rating-eu-stage-5","9":"pa_max-digging-depth-2-840-mm","10":"pa_operating-weight-20-500-kg","11":"pa_power-output-14-6-kw","13":"first","14":"instock","15":"shipping-taxable","16":"product-type-simple"},"translation":{"provider":"WPGlobus","version":"2.12.2","language":"it","enabled_languages":["en","de","fr","it"],"languages":{"en":{"title":true,"content":true,"excerpt":true},"de":{"title":true,"content":true,"excerpt":true},"fr":{"title":true,"content":true,"excerpt":true},"it":{"title":true,"content":true,"excerpt":true}}},"acf":[],"yoast_head":"<!-- This site is optimized with the Yoast SEO plugin v22.6 - https:\/\/yoast.com\/wordpress\/plugins\/seo\/ -->\n<title>SWTC 10 - Sunward Europe (Official Website for EU &amp; UK)<\/title>\n<meta name=\"robots\" content=\"index, follow, max-snippet:-1, max-image-preview:large, max-video-preview:-1\" \/>\n<link rel=\"canonical\" href=\"https:\/\/sunward.eu\/product\/swtc-10\/\" \/>\n<meta property=\"og:locale\" content=\"it_IT\" \/>\n<meta property=\"og:type\" content=\"article\" \/>\n<meta property=\"og:title\" content=\"SWTC 10 - Sunward Europe (Official Website for EU &amp; UK)\" \/>\n<meta property=\"og:url\" content=\"https:\/\/sunward.eu\/product\/swtc-10\/\" \/>\n<meta property=\"og:site_name\" content=\"Sunward Europe (Official Website for EU &amp; UK)\" \/>\n<meta property=\"article:modified_time\" content=\"2024-01-26T14:44:33+00:00\" \/>\n<meta property=\"og:image\" content=\"https:\/\/sunward.eu\/wp-content\/uploads\/2022\/01\/Sunward-SWTC-10_MAIN.png\" \/>\n\t<meta property=\"og:image:width\" content=\"1000\" \/>\n\t<meta property=\"og:image:height\" content=\"1000\" \/>\n\t<meta property=\"og:image:type\" content=\"image\/png\" \/>\n<meta name=\"twitter:card\" content=\"summary_large_image\" \/>\n<meta name=\"twitter:label1\" content=\"Est. reading time\" \/>\n\t<meta name=\"twitter:data1\" content=\"5 minutes\" \/>\n<script type=\"application\/ld+json\" class=\"yoast-schema-graph\">{\"@context\":\"https:\/\/schema.org\",\"@graph\":[{\"@type\":\"WebPage\",\"@id\":\"https:\/\/sunward.eu\/product\/swtc-10\/\",\"url\":\"https:\/\/sunward.eu\/product\/swtc-10\/\",\"name\":\"SWTC 10 - Sunward Europe (Official Website for EU &amp; UK)\",\"isPartOf\":{\"@id\":\"https:\/\/sunward.eu\/#website\"},\"primaryImageOfPage\":{\"@id\":\"https:\/\/sunward.eu\/product\/swtc-10\/#primaryimage\"},\"image\":{\"@id\":\"https:\/\/sunward.eu\/product\/swtc-10\/#primaryimage\"},\"thumbnailUrl\":\"https:\/\/sunward.eu\/wp-content\/uploads\/2022\/01\/Sunward-SWTC-10_MAIN.png\",\"datePublished\":\"2022-01-25T13:57:12+00:00\",\"dateModified\":\"2024-01-26T14:44:33+00:00\",\"breadcrumb\":{\"@id\":\"https:\/\/sunward.eu\/product\/swtc-10\/#breadcrumb\"},\"inLanguage\":\"it-IT\",\"potentialAction\":[{\"@type\":\"ReadAction\",\"target\":[\"https:\/\/sunward.eu\/product\/swtc-10\/\"]}]},{\"@type\":\"ImageObject\",\"inLanguage\":\"it-IT\",\"@id\":\"https:\/\/sunward.eu\/product\/swtc-10\/#primaryimage\",\"url\":\"https:\/\/sunward.eu\/wp-content\/uploads\/2022\/01\/Sunward-SWTC-10_MAIN.png\",\"contentUrl\":\"https:\/\/sunward.eu\/wp-content\/uploads\/2022\/01\/Sunward-SWTC-10_MAIN.png\",\"width\":1000,\"height\":1000,\"caption\":\"Sunward SWTC 10 Telescopic Crane\"},{\"@type\":\"BreadcrumbList\",\"@id\":\"https:\/\/sunward.eu\/product\/swtc-10\/#breadcrumb\",\"itemListElement\":[{\"@type\":\"ListItem\",\"position\":1,\"name\":\"Home\",\"item\":\"https:\/\/sunward.eu\/\"},{\"@type\":\"ListItem\",\"position\":2,\"name\":\"Products\",\"item\":\"https:\/\/sunward.eu\/shop\/\"},{\"@type\":\"ListItem\",\"position\":3,\"name\":\"Telescopic cranes\",\"item\":\"https:\/\/sunward.eu\/product-category\/telescopic-cranes\/\"},{\"@type\":\"ListItem\",\"position\":4,\"name\":\"SWTC 5D\",\"item\":\"https:\/\/sunward.eu\/product-category\/telescopic-cranes\/swtc5d\/\"},{\"@type\":\"ListItem\",\"position\":5,\"name\":\"SWTC 10\"}]},{\"@type\":\"WebSite\",\"@id\":\"https:\/\/sunward.eu\/#website\",\"url\":\"https:\/\/sunward.eu\/\",\"name\":\"Sunward Europe (Official Website for EU &amp; UK)\",\"description\":\"The smart choice\",\"publisher\":{\"@id\":\"https:\/\/sunward.eu\/#organization\"},\"potentialAction\":[{\"@type\":\"SearchAction\",\"target\":{\"@type\":\"EntryPoint\",\"urlTemplate\":\"https:\/\/sunward.eu\/?s={search_term_string}\"},\"query-input\":\"required name=search_term_string\"}],\"inLanguage\":\"it-IT\"},{\"@type\":\"Organization\",\"@id\":\"https:\/\/sunward.eu\/#organization\",\"name\":\"Sunward Europe (Official Website for EU &amp; UK)\",\"url\":\"https:\/\/sunward.eu\/\",\"logo\":{\"@type\":\"ImageObject\",\"inLanguage\":\"it-IT\",\"@id\":\"https:\/\/sunward.eu\/#\/schema\/logo\/image\/\",\"url\":\"https:\/\/sunward.eu\/wp-content\/uploads\/2022\/01\/Website_Sunward_logo_top_180x63px.png\",\"contentUrl\":\"https:\/\/sunward.eu\/wp-content\/uploads\/2022\/01\/Website_Sunward_logo_top_180x63px.png\",\"width\":180,\"height\":63,\"caption\":\"Sunward Europe (Official Website for EU &amp; UK)\"},\"image\":{\"@id\":\"https:\/\/sunward.eu\/#\/schema\/logo\/image\/\"}}]}<\/script>\n<!-- \/ Yoast SEO plugin. -->","yoast_head_json":{"title":"SWTC 10 - Sunward Europe (Official Website for EU &amp; UK)","robots":{"index":"index","follow":"follow","max-snippet":"max-snippet:-1","max-image-preview":"max-image-preview:large","max-video-preview":"max-video-preview:-1"},"canonical":"https:\/\/sunward.eu\/product\/swtc-10\/","og_locale":"it_IT","og_type":"article","og_title":"SWTC 10 - Sunward Europe (Official Website for EU &amp; UK)","og_url":"https:\/\/sunward.eu\/product\/swtc-10\/","og_site_name":"Sunward Europe (Official Website for EU &amp; UK)","article_modified_time":"2024-01-26T14:44:33+00:00","og_image":[{"width":1000,"height":1000,"url":"https:\/\/sunward.eu\/wp-content\/uploads\/2022\/01\/Sunward-SWTC-10_MAIN.png","type":"image\/png"}],"twitter_card":"summary_large_image","twitter_misc":{"Est. reading time":"5 minutes"},"schema":{"@context":"https:\/\/schema.org","@graph":[{"@type":"WebPage","@id":"https:\/\/sunward.eu\/product\/swtc-10\/","url":"https:\/\/sunward.eu\/product\/swtc-10\/","name":"SWTC 10 - Sunward Europe (Official Website for EU &amp; UK)","isPartOf":{"@id":"https:\/\/sunward.eu\/#website"},"primaryImageOfPage":{"@id":"https:\/\/sunward.eu\/product\/swtc-10\/#primaryimage"},"image":{"@id":"https:\/\/sunward.eu\/product\/swtc-10\/#primaryimage"},"thumbnailUrl":"https:\/\/sunward.eu\/wp-content\/uploads\/2022\/01\/Sunward-SWTC-10_MAIN.png","datePublished":"2022-01-25T13:57:12+00:00","dateModified":"2024-01-26T14:44:33+00:00","breadcrumb":{"@id":"https:\/\/sunward.eu\/product\/swtc-10\/#breadcrumb"},"inLanguage":"it-IT","potentialAction":[{"@type":"ReadAction","target":["https:\/\/sunward.eu\/product\/swtc-10\/"]}]},{"@type":"ImageObject","inLanguage":"it-IT","@id":"https:\/\/sunward.eu\/product\/swtc-10\/#primaryimage","url":"https:\/\/sunward.eu\/wp-content\/uploads\/2022\/01\/Sunward-SWTC-10_MAIN.png","contentUrl":"https:\/\/sunward.eu\/wp-content\/uploads\/2022\/01\/Sunward-SWTC-10_MAIN.png","width":1000,"height":1000,"caption":"Sunward SWTC 10 Telescopic Crane"},{"@type":"BreadcrumbList","@id":"https:\/\/sunward.eu\/product\/swtc-10\/#breadcrumb","itemListElement":[{"@type":"ListItem","position":1,"name":"Home","item":"https:\/\/sunward.eu\/"},{"@type":"ListItem","position":2,"name":"Products","item":"https:\/\/sunward.eu\/shop\/"},{"@type":"ListItem","position":3,"name":"Telescopic cranes","item":"https:\/\/sunward.eu\/product-category\/telescopic-cranes\/"},{"@type":"ListItem","position":4,"name":"SWTC 5D","item":"https:\/\/sunward.eu\/product-category\/telescopic-cranes\/swtc5d\/"},{"@type":"ListItem","position":5,"name":"SWTC 10"}]},{"@type":"WebSite","@id":"https:\/\/sunward.eu\/#website","url":"https:\/\/sunward.eu\/","name":"Sunward Europe (Official Website for EU &amp; UK)","description":"The smart choice","publisher":{"@id":"https:\/\/sunward.eu\/#organization"},"potentialAction":[{"@type":"SearchAction","target":{"@type":"EntryPoint","urlTemplate":"https:\/\/sunward.eu\/?s={search_term_string}"},"query-input":"required name=search_term_string"}],"inLanguage":"it-IT"},{"@type":"Organization","@id":"https:\/\/sunward.eu\/#organization","name":"Sunward Europe (Official Website for EU &amp; UK)","url":"https:\/\/sunward.eu\/","logo":{"@type":"ImageObject","inLanguage":"it-IT","@id":"https:\/\/sunward.eu\/#\/schema\/logo\/image\/","url":"https:\/\/sunward.eu\/wp-content\/uploads\/2022\/01\/Website_Sunward_logo_top_180x63px.png","contentUrl":"https:\/\/sunward.eu\/wp-content\/uploads\/2022\/01\/Website_Sunward_logo_top_180x63px.png","width":180,"height":63,"caption":"Sunward Europe (Official Website for EU &amp; UK)"},"image":{"@id":"https:\/\/sunward.eu\/#\/schema\/logo\/image\/"}}]}},"_links":{"self":[{"href":"https:\/\/sunward.eu\/it\/wp-json\/wp\/v2\/product\/1926","targetHints":{"allow":["GET"]}}],"collection":[{"href":"https:\/\/sunward.eu\/it\/wp-json\/wp\/v2\/product"}],"about":[{"href":"https:\/\/sunward.eu\/it\/wp-json\/wp\/v2\/types\/product"}],"replies":[{"embeddable":true,"href":"https:\/\/sunward.eu\/it\/wp-json\/wp\/v2\/comments?post=1926"}],"wp:featuredmedia":[{"embeddable":true,"href":"https:\/\/sunward.eu\/it\/wp-json\/wp\/v2\/media\/2780"}],"wp:attachment":[{"href":"https:\/\/sunward.eu\/it\/wp-json\/wp\/v2\/media?parent=1926"}],"wp:term":[{"taxonomy":"product_cat","embeddable":true,"href":"https:\/\/sunward.eu\/it\/wp-json\/wp\/v2\/product_cat?post=1926"},{"taxonomy":"product_tag","embeddable":true,"href":"https:\/\/sunward.eu\/it\/wp-json\/wp\/v2\/product_tag?post=1926"}],"curies":[{"name":"wp","href":"https:\/\/api.w.org\/{rel}","templated":true}]}}