{"id":1495,"date":"2022-01-21T14:31:50","date_gmt":"2022-01-21T13:31:50","guid":{"rendered":"https:\/\/sunward.eu\/?post_type=product&#038;p=1495"},"modified":"2025-12-05T17:57:22","modified_gmt":"2025-12-05T16:57:22","slug":"swtl-4538","status":"publish","type":"product","link":"https:\/\/sunward.eu\/it\/product\/swtl-4538\/","title":{"rendered":"SWTL 4538"},"content":{"rendered":"<div class=\"wpb-content-wrapper\"><p>[vc_row][vc_column][vc_tta_accordion style=&#8221;flat&#8221; c_icon=&#8221;chevron&#8221; c_position=&#8221;right&#8221; active_section=&#8221;1&#8243; no_fill=&#8221;true&#8221; el_class=&#8221;custom-accordion&#8221;][vc_tta_section title=&#8221;SPECIFICHE&#8221; tab_id=&#8221;1623355628079-f58b5c44-7c4b&#8221;][vc_custom_heading text=&#8221;SUNWARD SWTL 4538&#8243; font_container=&#8221;tag:h3|text_align:left&#8221; use_theme_fonts=&#8221;yes&#8221;][vc_column_text css=&#8221;&#8221;]Avete bisogno di una pala compatta e versatile con una buona capacit\u00e0 di sollevamento e molta potenza su qualsiasi terreno?<\/p>\n<p>La pala compatta cingolata Sunward SWTL 4538 offre prestazioni eccellenti con una potenza di trazione eccezionale su terreni accidentati come pacciame, roccia o terra.<\/p>\n<p>\u00c8 anche molto versatile e sufficientemente compatta da spostarsi facilmente negli spazi angusti. La grande forza di strappo e l&#8217;enorme capacit\u00e0 di sollevamento che questa macchina riesce a esprimere nonostante la sua compattezza vi sorprenderanno di sicuro.<\/p>\n<p>Il potente motore Kubota offre prestazioni, affidabilit\u00e0 eccezionale, lunga durata e soddisfa i requisiti delle normative UE sulle emissioni Stage V. L&#8217;accesso per gli interventi di manutenzione e servizio \u00e8 estremamente comodo.<\/p>\n<p>La manutenzione giornaliera \u00e8 molto facile, poich\u00e9 i punti di controllo e i componenti dell&#8217;impianto di raffreddamento sono accessibili dalla porta posteriore restando a terra. Quando si tratta di manutenzione, i componenti principali sono facilmente e rapidamente accessibili inclinando la cabina ROPS\/FOPS.<\/p>\n<p>Per quanto riguarda il comfort, la SWTL 4538 offre una cabina spaziosa con ampio ingresso, un comodo sedile, comandi ergonomici e visibilit\u00e0 eccellente a tutto campo.<\/p>\n<p>Infine, ma non meno importante, la sicurezza non sta certo a dormire, grazie alla cabina ROPS\/FOPS unita all&#8217;eccellente visibilit\u00e0 e alla grande stabilit\u00e0 della macchina.<\/p>\n<p>Scoprite tutti gli altri vantaggi della Sunward SWL 4538.[\/vc_column_text][vc_separator color=&#8221;white&#8221;][vc_row_inner][vc_column_inner width=&#8221;1\/2&#8243;][vc_toggle title=&#8221;DIMENSIONI E PESI&#8221;]<\/p>\n<table width=\"655\">\n<tbody>\n<tr>\n<td width=\"417\">Peso operativo<\/td>\n<td width=\"238\">4 400 kg<\/td>\n<\/tr>\n<tr>\n<td>Lunghezza senza benna<\/td>\n<td>2 969 mm<\/td>\n<\/tr>\n<tr>\n<td>Lunghezza con benna standard<\/td>\n<td>3 750 mm<\/td>\n<\/tr>\n<tr>\n<td>Larghezza senza benna<\/td>\n<td>1 950 mm<\/td>\n<\/tr>\n<tr>\n<td>Altezza fino alla sommit\u00e0 della cabina ROPS<\/td>\n<td>2 071 mm<\/td>\n<\/tr>\n<tr>\n<td>Distanza da terra<\/td>\n<td>228 mm<\/td>\n<\/tr>\n<tr>\n<td>Raggio di sterzata dal centro (benna standard)<\/td>\n<td>2 253 mm<\/td>\n<\/tr>\n<\/tbody>\n<\/table>\n<p>[\/vc_toggle][vc_toggle title=&#8221;MOTORE&#8221;]<\/p>\n<table width=\"655\">\n<tbody>\n<tr>\n<td width=\"417\">Modello<\/td>\n<td width=\"238\">Kubota V3307-CR-TE5B<\/td>\n<\/tr>\n<tr>\n<td>Classe emissioni<\/td>\n<td>EU Stage V<\/td>\n<\/tr>\n<tr>\n<td>Potenza nominale di uscita<\/td>\n<td>55.4 kW<\/td>\n<\/tr>\n<\/tbody>\n<\/table>\n<p>[\/vc_toggle][vc_toggle title=&#8221;PRESTAZIONI&#8221;]<\/p>\n<table width=\"655\">\n<tbody>\n<tr>\n<td width=\"417\">Capacit\u00e0 operativa nominale<\/td>\n<td width=\"238\">1200 kg<\/td>\n<\/tr>\n<tr>\n<td>Carico di ribaltamento<\/td>\n<td>3 430 kg<\/td>\n<\/tr>\n<tr>\n<td>Forza di strappo della benna (benna standard)<\/td>\n<td>3 385 kg<\/td>\n<\/tr>\n<tr>\n<td>Forza di strappo al braccio<\/td>\n<td>2 600 kg<\/td>\n<\/tr>\n<tr>\n<td>Velocit\u00e0 di traslazione<\/td>\n<td>13 km\/h<\/td>\n<\/tr>\n<\/tbody>\n<\/table>\n<p>[\/vc_toggle][\/vc_column_inner][vc_column_inner width=&#8221;1\/2&#8243;][\/vc_column_inner][\/vc_row_inner][\/vc_tta_section][vc_tta_section title=&#8221;CARATTERISTICHE E VANTAGGI&#8221; tab_id=&#8221;1623355710952-d36b50a3-81ed&#8221;][vc_row_inner][vc_column_inner width=&#8221;1\/4&#8243;][vc_single_image image=&#8221;1070&#8243; img_size=&#8221;medium&#8221;][\/vc_column_inner][vc_column_inner width=&#8221;3\/4&#8243;][vc_custom_heading text=&#8221;FATTA PER L&#8217;EUROPA&#8221; font_container=&#8221;tag:h3|text_align:left&#8221; use_theme_fonts=&#8221;yes&#8221;][vc_column_text]Come tutte le altre macchine Sunward sul mercato europeo, la SWSL 4538 \u00e8 progettata per soddisfare le esigenze dei clienti europei e ha tutte le certificazioni UE.[\/vc_column_text][\/vc_column_inner][\/vc_row_inner][vc_separator][vc_row_inner][vc_column_inner width=&#8221;1\/4&#8243;][vc_single_image image=&#8221;1456&#8243; img_size=&#8221;medium&#8221;][\/vc_column_inner][vc_column_inner width=&#8221;3\/4&#8243;][vc_custom_heading text=&#8221;COSTRUITA PER IL MULTITASKING&#8221; font_container=&#8221;tag:h3|text_align:left&#8221; use_theme_fonts=&#8221;yes&#8221;][vc_column_text css=&#8221;&#8221;]La minipala cingolata Sunward SWL 4538 \u00e8 stata creata per esprimere la versatilit\u00e0, la compattezza e la robustezza necessarie per spostarsi facilmente negli spazi angusti.<\/p>\n<p>La versatilit\u00e0 di una pala compatta nasce dalla cura con cui \u00e8 stata progettata per il trasporto. La SWTL 4538 fa molto di pi\u00f9 che semplicemente allinearsi alle norme di trasporto UE: estremamente compatta (950\u00a0mm di larghezza) e leggera (4.400\u00a0kg), assicura un trasporto facile e sicuro.<\/p>\n<p>La SWTL 4538 pu\u00f2 essere facilmente equipaggiata con una vasta gamma di accessori per rispondere a una variet\u00e0 di applicazioni, con un controllo perfetto di tutte le funzioni grazie ai joystick e al comando a doppio acceleratore (manuale o a pedale).[\/vc_column_text][\/vc_column_inner][\/vc_row_inner][vc_separator][vc_row_inner][vc_column_inner width=&#8221;1\/4&#8243;][vc_single_image image=&#8221;1457&#8243; img_size=&#8221;medium&#8221;][\/vc_column_inner][vc_column_inner width=&#8221;3\/4&#8243;][vc_custom_heading text=&#8221;PRESTAZIONI AFFIDABILI&#8221; font_container=&#8221;tag:h3|text_align:left&#8221; use_theme_fonts=&#8221;yes&#8221;][vc_column_text]Nonostante le dimensioni compatte, la SWTL 4538 offre forze di strappo impressionanti, capacit\u00e0 di sollevamento eccezionali e tempi di ciclo rapidi.<\/p>\n<p>Il potente motore Kubota V3307 eroga 55,4 kW (a 2.600 giri\/min), offre lunga durata e affidabilit\u00e0 eccezionale anche in condizioni di carico elevato e soddisfa i requisiti delle normative UE sulle emissioni Stage V.[\/vc_column_text][\/vc_column_inner][\/vc_row_inner][vc_separator][vc_row_inner][vc_column_inner width=&#8221;1\/4&#8243;][vc_single_image image=&#8221;1458&#8243; img_size=&#8221;medium&#8221;][\/vc_column_inner][vc_column_inner width=&#8221;3\/4&#8243;][vc_custom_heading text=&#8221;COMFORT DI SERIE&#8221; font_container=&#8221;tag:h3|text_align:left&#8221; use_theme_fonts=&#8221;yes&#8221;][vc_column_text]Il comfort della Sunward SWTL 4538 inizia dalla facilit\u00e0 di accesso alla cabina. Una volta seduti, la SWTL 4538 offre un abitacolo spazioso, aria condizionata, un comodo sedile e comandi ergonomici per il massimo comfort al lavoro.<\/p>\n<p>Gli operatori saranno immediatamente colpiti anche dall&#8217;eccellente visibilit\u00e0 a tutto campo. Lavorare con una minipala gommata Sunward \u00e8 un vero piacere.[\/vc_column_text][\/vc_column_inner][\/vc_row_inner][vc_separator][vc_row_inner][vc_column_inner width=&#8221;1\/4&#8243;][vc_single_image image=&#8221;1459&#8243; img_size=&#8221;medium&#8221;][\/vc_column_inner][vc_column_inner width=&#8221;3\/4&#8243;][vc_custom_heading text=&#8221;ASSISTENZA RESA FACILE&#8221; font_container=&#8221;tag:h3|text_align:left&#8221; use_theme_fonts=&#8221;yes&#8221;][vc_column_text]Siamo molto attenti ai vostri costi operativi e per questo abbiamo reso estremamente semplici la manutenzione e l&#8217;assistenza delle nostre macchine. La manutenzione preventiva giornaliera \u00e8 molto facile, poich\u00e9 i punti di controllo e i componenti dell&#8217;impianto di raffreddamento sono accessibili dalla porta posteriore restando a terra.<\/p>\n<p>Quando si tratta di manutenzione, i componenti principali sono facilmente e rapidamente accessibili inclinando la cabina ROPS\/FOPS.[\/vc_column_text][\/vc_column_inner][\/vc_row_inner][vc_separator][vc_row_inner][vc_column_inner width=&#8221;1\/4&#8243;][vc_single_image image=&#8221;1460&#8243; img_size=&#8221;medium&#8221;][\/vc_column_inner][vc_column_inner width=&#8221;3\/4&#8243;][vc_custom_heading text=&#8221;LA SICUREZZA NON \u00c8 UN&#8217;OPZIONE&#8221; font_container=&#8221;tag:h3|text_align:left&#8221; use_theme_fonts=&#8221;yes&#8221;][vc_column_text]La sicurezza \u00e8 e sar\u00e0 sempre una priorit\u00e0 per Sunward.<\/p>\n<p>La SWTL 4538 \u00e8 stata progettata per la sicurezza dell&#8217;operatore. La cabina ROPS\/FOPS e l&#8217;uscita dal finestrino posteriore, insieme all&#8217;eccellente visibilit\u00e0 e alla grande stabilit\u00e0 della macchina, sono garanzia della massima sicurezza.<\/p>\n<p>Sistemi di sicurezza sul sedile e sul bracciolo del sedile impediscono alla macchina di avviarsi se l&#8217;operatore non \u00e8 seduto al posto di guida.<\/p>\n<p>Per quanto riguarda i sistemi, il braccio caricatore della minipala SWTL 4538 \u00e8 equipaggiato con un sistema di discesa di emergenza che permette di abbassare in sicurezza il braccio in caso di spegnimento improvviso del motore.[\/vc_column_text][\/vc_column_inner][\/vc_row_inner][\/vc_tta_section][vc_tta_section title=&#8221;VIDEO&#8221; tab_id=&#8221;1623857706491-8aa3a03f-cca1&#8243;][vc_row_inner][vc_column_inner][vc_column_text]<\/p>\n<h2><em>NOT AVAILABLE<\/em><\/h2>\n<p>[\/vc_column_text][\/vc_column_inner][\/vc_row_inner][vc_video link=&#8221;&#8221;][\/vc_tta_section][vc_tta_section title=&#8221;BROCHURE&#8221; tab_id=&#8221;1623857795794-8fd5289e-c5a3&#8243;][vc_row_inner content_placement=&#8221;middle&#8221;][vc_column_inner width=&#8221;1\/4&#8243;][vc_single_image image=&#8221;3612&#8243; img_size=&#8221;large&#8221; css=&#8221;&#8221;][\/vc_column_inner][vc_column_inner width=&#8221;3\/4&#8243;][vc_custom_heading text=&#8221;SUNWARD SWTL 4538 Product brochure&#8221; font_container=&#8221;tag:h3|text_align:left&#8221; use_theme_fonts=&#8221;yes&#8221;][vc_btn title=&#8221;DOWNLOAD&#8221; color=&#8221;orange&#8221; size=&#8221;lg&#8221; css=&#8221;&#8221; link=&#8221;url:https%3A%2F%2Fsunward.eu%2Fwp-content%2Fuploads%2F2024%2F07%2FSunward_Skid_Steer_Brochure_EN.pdf|title:Sunward%20SWTL%204538%20Product%20Brochure|target:_blank&#8221;][\/vc_column_inner][\/vc_row_inner][\/vc_tta_section][\/vc_tta_accordion][\/vc_column][\/vc_row]<\/p>\n<\/div>","protected":false},"excerpt":{"rendered":"<p>Cerchi una pala compatta e versatile con un&#8217;ottima capacit\u00e0 di sollevamento e una potenza eccezionale su qualsiasi terreno?<\/p>\n<p>La pala compatta cingolata Sunward SWTL 4538 offre prestazioni eccellenti con una straordinaria potenza di trazione per l&#8217;utilizzo su terreni accidentati come pacciame, roccia o terra. \u00c8 anche estremamente versatile e sufficientemente compatta da essere facilmente manovrabile in spazi ristretti. Nonostante le dimensioni compatte, rimarrai colpito dall&#8217;elevata forza di strappo e dall&#8217;enorme capacit\u00e0 di sollevamento. Il potente motore Kubota offre prestazioni, affidabilit\u00e0 eccezionale, lunga durata e conformit\u00e0 ai requisiti sulle emissioni Stage V dell&#8217;Unione Europea. [&#8230;]<\/p>\n<p><a class=\"btn btn-secondary understrap-read-more-link\" href=\"https:\/\/sunward.eu\/it\/product\/swtl-4538\/\">Leggi tutto&#8230;<\/a><\/p>\n","protected":false},"featured_media":4448,"comment_status":"closed","ping_status":"closed","template":"","meta":{"_acf_changed":false,"inline_featured_image":false},"product_cat":[27,57],"product_tag":[],"class_list":{"0":"post-1495","1":"product","2":"type-product","3":"status-publish","4":"has-post-thumbnail","6":"product_cat-compact-loaders","7":"product_cat-compact-track-loaders","8":"pa_breakout-force-bucket-3-385-kg","9":"pa_lift-height-2-467-mm","10":"pa_max-digging-depth-2-840-mm","11":"pa_operating-weight-4-400-kg","12":"pa_power-output-14-6-kw","13":"pa_rated-operating-capacity-1-200-kg","14":"pa_rated-power-output-55-4-kw","15":"pa_tipping-load-3-430-kg","17":"first","18":"instock","19":"shipping-taxable","20":"product-type-simple"},"translation":{"provider":"WPGlobus","version":"2.12.2","language":"it","enabled_languages":["en","de","fr","it"],"languages":{"en":{"title":true,"content":true,"excerpt":true},"de":{"title":true,"content":true,"excerpt":true},"fr":{"title":true,"content":true,"excerpt":true},"it":{"title":true,"content":true,"excerpt":true}}},"acf":[],"yoast_head":"<!-- This site is optimized with the Yoast SEO plugin v22.6 - https:\/\/yoast.com\/wordpress\/plugins\/seo\/ -->\n<title>SWTL 4538 - Sunward Europe (Official Website for EU &amp; UK)<\/title>\n<meta name=\"robots\" content=\"index, follow, max-snippet:-1, max-image-preview:large, max-video-preview:-1\" \/>\n<link rel=\"canonical\" href=\"https:\/\/sunward.eu\/product\/swtl-4538\/\" \/>\n<meta property=\"og:locale\" content=\"it_IT\" \/>\n<meta property=\"og:type\" content=\"article\" \/>\n<meta property=\"og:title\" content=\"SWTL 4538 - Sunward Europe (Official Website for EU &amp; UK)\" \/>\n<meta property=\"og:url\" content=\"https:\/\/sunward.eu\/product\/swtl-4538\/\" \/>\n<meta property=\"og:site_name\" content=\"Sunward Europe (Official Website for EU &amp; UK)\" \/>\n<meta property=\"article:modified_time\" content=\"2025-12-05T16:57:22+00:00\" \/>\n<meta property=\"og:image\" content=\"https:\/\/sunward.eu\/wp-content\/uploads\/2022\/01\/SWTL-4538.png\" \/>\n\t<meta property=\"og:image:width\" content=\"1000\" \/>\n\t<meta property=\"og:image:height\" content=\"1000\" \/>\n\t<meta property=\"og:image:type\" content=\"image\/png\" \/>\n<meta name=\"twitter:card\" content=\"summary_large_image\" \/>\n<meta name=\"twitter:label1\" content=\"Est. reading time\" \/>\n\t<meta name=\"twitter:data1\" content=\"5 minutes\" \/>\n<script type=\"application\/ld+json\" class=\"yoast-schema-graph\">{\"@context\":\"https:\/\/schema.org\",\"@graph\":[{\"@type\":\"WebPage\",\"@id\":\"https:\/\/sunward.eu\/product\/swtl-4538\/\",\"url\":\"https:\/\/sunward.eu\/product\/swtl-4538\/\",\"name\":\"SWTL 4538 - Sunward Europe (Official Website for EU &amp; UK)\",\"isPartOf\":{\"@id\":\"https:\/\/sunward.eu\/#website\"},\"primaryImageOfPage\":{\"@id\":\"https:\/\/sunward.eu\/product\/swtl-4538\/#primaryimage\"},\"image\":{\"@id\":\"https:\/\/sunward.eu\/product\/swtl-4538\/#primaryimage\"},\"thumbnailUrl\":\"https:\/\/sunward.eu\/wp-content\/uploads\/2022\/01\/SWTL-4538.png\",\"datePublished\":\"2022-01-21T13:31:50+00:00\",\"dateModified\":\"2025-12-05T16:57:22+00:00\",\"breadcrumb\":{\"@id\":\"https:\/\/sunward.eu\/product\/swtl-4538\/#breadcrumb\"},\"inLanguage\":\"it-IT\",\"potentialAction\":[{\"@type\":\"ReadAction\",\"target\":[\"https:\/\/sunward.eu\/product\/swtl-4538\/\"]}]},{\"@type\":\"ImageObject\",\"inLanguage\":\"it-IT\",\"@id\":\"https:\/\/sunward.eu\/product\/swtl-4538\/#primaryimage\",\"url\":\"https:\/\/sunward.eu\/wp-content\/uploads\/2022\/01\/SWTL-4538.png\",\"contentUrl\":\"https:\/\/sunward.eu\/wp-content\/uploads\/2022\/01\/SWTL-4538.png\",\"width\":1000,\"height\":1000},{\"@type\":\"BreadcrumbList\",\"@id\":\"https:\/\/sunward.eu\/product\/swtl-4538\/#breadcrumb\",\"itemListElement\":[{\"@type\":\"ListItem\",\"position\":1,\"name\":\"Home\",\"item\":\"https:\/\/sunward.eu\/\"},{\"@type\":\"ListItem\",\"position\":2,\"name\":\"Products\",\"item\":\"https:\/\/sunward.eu\/shop\/\"},{\"@type\":\"ListItem\",\"position\":3,\"name\":\"{:en}Compact loaders{:}{:de}Kompaktlader{:}{:fr}Chargeuses compactes{:}{:it}Pale compatte{:}\",\"item\":\"https:\/\/sunward.eu\/product-category\/compact-loaders\/\"},{\"@type\":\"ListItem\",\"position\":4,\"name\":\"Compact track loaders\",\"item\":\"https:\/\/sunward.eu\/product-category\/compact-loaders\/compact-track-loaders\/\"},{\"@type\":\"ListItem\",\"position\":5,\"name\":\"SWTL 4538\"}]},{\"@type\":\"WebSite\",\"@id\":\"https:\/\/sunward.eu\/#website\",\"url\":\"https:\/\/sunward.eu\/\",\"name\":\"Sunward Europe (Official Website for EU &amp; UK)\",\"description\":\"The smart choice\",\"publisher\":{\"@id\":\"https:\/\/sunward.eu\/#organization\"},\"potentialAction\":[{\"@type\":\"SearchAction\",\"target\":{\"@type\":\"EntryPoint\",\"urlTemplate\":\"https:\/\/sunward.eu\/?s={search_term_string}\"},\"query-input\":\"required name=search_term_string\"}],\"inLanguage\":\"it-IT\"},{\"@type\":\"Organization\",\"@id\":\"https:\/\/sunward.eu\/#organization\",\"name\":\"Sunward Europe (Official Website for EU &amp; UK)\",\"url\":\"https:\/\/sunward.eu\/\",\"logo\":{\"@type\":\"ImageObject\",\"inLanguage\":\"it-IT\",\"@id\":\"https:\/\/sunward.eu\/#\/schema\/logo\/image\/\",\"url\":\"https:\/\/sunward.eu\/wp-content\/uploads\/2022\/01\/Website_Sunward_logo_top_180x63px.png\",\"contentUrl\":\"https:\/\/sunward.eu\/wp-content\/uploads\/2022\/01\/Website_Sunward_logo_top_180x63px.png\",\"width\":180,\"height\":63,\"caption\":\"Sunward Europe (Official Website for EU &amp; UK)\"},\"image\":{\"@id\":\"https:\/\/sunward.eu\/#\/schema\/logo\/image\/\"}}]}<\/script>\n<!-- \/ Yoast SEO plugin. -->","yoast_head_json":{"title":"SWTL 4538 - Sunward Europe (Official Website for EU &amp; UK)","robots":{"index":"index","follow":"follow","max-snippet":"max-snippet:-1","max-image-preview":"max-image-preview:large","max-video-preview":"max-video-preview:-1"},"canonical":"https:\/\/sunward.eu\/product\/swtl-4538\/","og_locale":"it_IT","og_type":"article","og_title":"SWTL 4538 - Sunward Europe (Official Website for EU &amp; UK)","og_url":"https:\/\/sunward.eu\/product\/swtl-4538\/","og_site_name":"Sunward Europe (Official Website for EU &amp; UK)","article_modified_time":"2025-12-05T16:57:22+00:00","og_image":[{"width":1000,"height":1000,"url":"https:\/\/sunward.eu\/wp-content\/uploads\/2022\/01\/SWTL-4538.png","type":"image\/png"}],"twitter_card":"summary_large_image","twitter_misc":{"Est. reading time":"5 minutes"},"schema":{"@context":"https:\/\/schema.org","@graph":[{"@type":"WebPage","@id":"https:\/\/sunward.eu\/product\/swtl-4538\/","url":"https:\/\/sunward.eu\/product\/swtl-4538\/","name":"SWTL 4538 - Sunward Europe (Official Website for EU &amp; UK)","isPartOf":{"@id":"https:\/\/sunward.eu\/#website"},"primaryImageOfPage":{"@id":"https:\/\/sunward.eu\/product\/swtl-4538\/#primaryimage"},"image":{"@id":"https:\/\/sunward.eu\/product\/swtl-4538\/#primaryimage"},"thumbnailUrl":"https:\/\/sunward.eu\/wp-content\/uploads\/2022\/01\/SWTL-4538.png","datePublished":"2022-01-21T13:31:50+00:00","dateModified":"2025-12-05T16:57:22+00:00","breadcrumb":{"@id":"https:\/\/sunward.eu\/product\/swtl-4538\/#breadcrumb"},"inLanguage":"it-IT","potentialAction":[{"@type":"ReadAction","target":["https:\/\/sunward.eu\/product\/swtl-4538\/"]}]},{"@type":"ImageObject","inLanguage":"it-IT","@id":"https:\/\/sunward.eu\/product\/swtl-4538\/#primaryimage","url":"https:\/\/sunward.eu\/wp-content\/uploads\/2022\/01\/SWTL-4538.png","contentUrl":"https:\/\/sunward.eu\/wp-content\/uploads\/2022\/01\/SWTL-4538.png","width":1000,"height":1000},{"@type":"BreadcrumbList","@id":"https:\/\/sunward.eu\/product\/swtl-4538\/#breadcrumb","itemListElement":[{"@type":"ListItem","position":1,"name":"Home","item":"https:\/\/sunward.eu\/"},{"@type":"ListItem","position":2,"name":"Products","item":"https:\/\/sunward.eu\/shop\/"},{"@type":"ListItem","position":3,"name":"{:en}Compact loaders{:}{:de}Kompaktlader{:}{:fr}Chargeuses compactes{:}{:it}Pale compatte{:}","item":"https:\/\/sunward.eu\/product-category\/compact-loaders\/"},{"@type":"ListItem","position":4,"name":"Compact track loaders","item":"https:\/\/sunward.eu\/product-category\/compact-loaders\/compact-track-loaders\/"},{"@type":"ListItem","position":5,"name":"SWTL 4538"}]},{"@type":"WebSite","@id":"https:\/\/sunward.eu\/#website","url":"https:\/\/sunward.eu\/","name":"Sunward Europe (Official Website for EU &amp; UK)","description":"The smart choice","publisher":{"@id":"https:\/\/sunward.eu\/#organization"},"potentialAction":[{"@type":"SearchAction","target":{"@type":"EntryPoint","urlTemplate":"https:\/\/sunward.eu\/?s={search_term_string}"},"query-input":"required name=search_term_string"}],"inLanguage":"it-IT"},{"@type":"Organization","@id":"https:\/\/sunward.eu\/#organization","name":"Sunward Europe (Official Website for EU &amp; UK)","url":"https:\/\/sunward.eu\/","logo":{"@type":"ImageObject","inLanguage":"it-IT","@id":"https:\/\/sunward.eu\/#\/schema\/logo\/image\/","url":"https:\/\/sunward.eu\/wp-content\/uploads\/2022\/01\/Website_Sunward_logo_top_180x63px.png","contentUrl":"https:\/\/sunward.eu\/wp-content\/uploads\/2022\/01\/Website_Sunward_logo_top_180x63px.png","width":180,"height":63,"caption":"Sunward Europe (Official Website for EU &amp; UK)"},"image":{"@id":"https:\/\/sunward.eu\/#\/schema\/logo\/image\/"}}]}},"_links":{"self":[{"href":"https:\/\/sunward.eu\/it\/wp-json\/wp\/v2\/product\/1495","targetHints":{"allow":["GET"]}}],"collection":[{"href":"https:\/\/sunward.eu\/it\/wp-json\/wp\/v2\/product"}],"about":[{"href":"https:\/\/sunward.eu\/it\/wp-json\/wp\/v2\/types\/product"}],"replies":[{"embeddable":true,"href":"https:\/\/sunward.eu\/it\/wp-json\/wp\/v2\/comments?post=1495"}],"wp:featuredmedia":[{"embeddable":true,"href":"https:\/\/sunward.eu\/it\/wp-json\/wp\/v2\/media\/4448"}],"wp:attachment":[{"href":"https:\/\/sunward.eu\/it\/wp-json\/wp\/v2\/media?parent=1495"}],"wp:term":[{"taxonomy":"product_cat","embeddable":true,"href":"https:\/\/sunward.eu\/it\/wp-json\/wp\/v2\/product_cat?post=1495"},{"taxonomy":"product_tag","embeddable":true,"href":"https:\/\/sunward.eu\/it\/wp-json\/wp\/v2\/product_tag?post=1495"}],"curies":[{"name":"wp","href":"https:\/\/api.w.org\/{rel}","templated":true}]}}