{"id":1391,"date":"2022-01-20T16:44:53","date_gmt":"2022-01-20T15:44:53","guid":{"rendered":"https:\/\/sunward.eu\/?post_type=product&#038;p=1391"},"modified":"2025-08-01T09:06:55","modified_gmt":"2025-08-01T07:06:55","slug":"swsl-1623rt","status":"publish","type":"product","link":"https:\/\/sunward.eu\/it\/product\/swsl-1623rt\/","title":{"rendered":"SWSL 1623RT"},"content":{"rendered":"<div class=\"wpb-content-wrapper\"><p>[vc_row][vc_column][vc_tta_accordion style=&#8221;flat&#8221; c_icon=&#8221;chevron&#8221; c_position=&#8221;right&#8221; active_section=&#8221;1&#8243; no_fill=&#8221;true&#8221; el_class=&#8221;custom-accordion&#8221;][vc_tta_section title=&#8221;SPECIFICHE&#8221; tab_id=&#8221;1623355628079-f58b5c44-7c4b&#8221;][vc_custom_heading text=&#8221;SUNWARD SWSL 1623RT&#8221; font_container=&#8221;tag:h3|text_align:left&#8221; use_theme_fonts=&#8221;yes&#8221;][vc_column_text css=&#8221;&#8221;]La Sunward SWSL 1623RT \u00e8 una piattaforma aerea a pantografo diesel off-road progettata per affrontare i terreni difficili con facilit\u00e0. Come cuore di questa macchina abbiamo scelto il motore Kubota V2403 nella sua pi\u00f9 recente versione, conforme alle normative antiemissioni UE Stage V. Questo potente motore (36,5 kW) con componenti e prestazioni per impieghi gravosi stabilisce lo standard industriale di riferimento in termini di affidabilit\u00e0, durata ed efficienza dei consumi.<br \/>\nLa piattaforma aerea a pantografo SWSL 1623RT offre eccellenti prestazioni off-road, dimostrando adattabilit\u00e0 e stabilit\u00e0 perfetta, qualunque siano le condizioni del terreno, anche le pi\u00f9 difficili. Di facile manutenzione e servizio, la piattaforma \u00e8 sicura e spaziosa, anche grazie alle estensioni bidirezionali di cui \u00e8 dotata.[\/vc_column_text][vc_row_inner][vc_column_inner][vc_separator color=&#8221;white&#8221;][\/vc_column_inner][\/vc_row_inner][vc_row_inner][vc_column_inner width=&#8221;1\/2&#8243;][vc_toggle title=&#8221;SPECIFICHE GENERALI&#8221; css=&#8221;&#8221;]<\/p>\n<table width=\"655\">\n<tbody>\n<tr>\n<td width=\"417\">Propulsione<\/td>\n<td width=\"238\">Motore diesel<\/td>\n<\/tr>\n<tr>\n<td>Azionamento<\/td>\n<td>Idraulico<\/td>\n<\/tr>\n<tr>\n<td>Peso operativo<\/td>\n<td>9 200 kg<\/td>\n<\/tr>\n<\/tbody>\n<\/table>\n<p>[\/vc_toggle][vc_toggle title=&#8221;MOTORE&#8221; css=&#8221;&#8221;]<\/p>\n<table width=\"655\">\n<tbody>\n<tr>\n<td width=\"417\">Modello<\/td>\n<td width=\"238\">Kubota V2403-CR-T-E5<\/td>\n<\/tr>\n<tr>\n<td>Classe emissioni<\/td>\n<td>UE Stage V<\/td>\n<\/tr>\n<tr>\n<td>Potenza nominale di uscita<\/td>\n<td>36.5 kW<\/td>\n<\/tr>\n<\/tbody>\n<\/table>\n<p>[\/vc_toggle][vc_toggle title=&#8221;SPECIFICHE DI SBRACCIO&#8221; css=&#8221;&#8221;]<\/p>\n<table width=\"655\">\n<tbody>\n<tr>\n<td width=\"417\">Altezza max di lavoro<\/td>\n<td width=\"238\">16.5 m<\/td>\n<\/tr>\n<tr>\n<td width=\"417\">Altezza max della piattaforma<\/td>\n<td>14.5 m<\/td>\n<\/tr>\n<\/tbody>\n<\/table>\n<p>[\/vc_toggle][vc_toggle title=&#8221;DIMENSIONI&#8221; css=&#8221;&#8221;]<\/p>\n<table width=\"655\">\n<tbody>\n<tr>\n<td width=\"417\">Distanza da terra<\/td>\n<td width=\"238\">27 mm<\/td>\n<\/tr>\n<tr>\n<td width=\"417\">Altezza della macchina &#8211; Abbassata, parapetto sollevato \/ ripiegato<\/td>\n<td>2.27 \/ 3.1 m<\/td>\n<\/tr>\n<tr>\n<td width=\"417\">Altezza piattaforma &#8211; abbassata<\/td>\n<td>1.93 m<\/td>\n<\/tr>\n<tr>\n<td width=\"417\">Lunghezza complessiva<\/td>\n<td>5.33 m<\/td>\n<\/tr>\n<tr>\n<td width=\"417\">Larghezza complessiva<\/td>\n<td>2.39 m<\/td>\n<\/tr>\n<tr>\n<td width=\"417\">Lunghezza piattaforma<\/td>\n<td>5.33 m<\/td>\n<\/tr>\n<tr>\n<td width=\"417\">Larghezza piattaforma<\/td>\n<td>1.9 m<\/td>\n<\/tr>\n<tr>\n<td width=\"417\">Lunghezza estensione piattaforma<\/td>\n<td>1.2 m<\/td>\n<\/tr>\n<\/tbody>\n<\/table>\n<p>[\/vc_toggle][vc_toggle title=&#8221;PRESTAZIONI&#8221; css=&#8221;&#8221;]<\/p>\n<table width=\"655\">\n<tbody>\n<tr>\n<td width=\"417\">Velocit\u00e0 di traslazione &#8211; Piattaforma elevata \/ abbassata<\/td>\n<td width=\"238\">0.6 \/ 7.2 km\/h<\/td>\n<\/tr>\n<tr>\n<td width=\"417\">Pendenza max<\/td>\n<td>40%<\/td>\n<\/tr>\n<tr>\n<td>Capacit\u00e0 piattaforma<\/td>\n<td>780 kg<\/td>\n<\/tr>\n<tr>\n<td>Capacit\u00e0 estensione<\/td>\n<td>227 kg<\/td>\n<\/tr>\n<tr>\n<td>Angolo di lavoro max<\/td>\n<td>2\u02da \/ 3\u02da<\/td>\n<\/tr>\n<\/tbody>\n<\/table>\n<p>[\/vc_toggle][\/vc_column_inner][vc_column_inner width=&#8221;1\/2&#8243;][\/vc_column_inner][\/vc_row_inner][\/vc_tta_section][vc_tta_section title=&#8221;CARATTERISTICHE E VANTAGGI&#8221; tab_id=&#8221;1623355710952-d36b50a3-81ed&#8221;][vc_row_inner][vc_column_inner width=&#8221;1\/4&#8243;][vc_single_image image=&#8221;1070&#8243; img_size=&#8221;medium&#8221;][\/vc_column_inner][vc_column_inner width=&#8221;3\/4&#8243;][vc_custom_heading text=&#8221;FATTA PER L&#8217;EUROPA&#8221; font_container=&#8221;tag:h3|text_align:left&#8221; use_theme_fonts=&#8221;yes&#8221; css=&#8221;&#8221;][vc_column_text css=&#8221;&#8221;]Come tutte le macchine Sunward sul mercato europeo, la Sunward SWSL 1623RT non \u00e8 semplicemente certificata a norma UE e conforme alle normative UE sulle emissioni inquinanti Stage V, ma \u00e8 stata espressamente progettata per soddisfare le esigenze dei clienti europei.[\/vc_column_text][\/vc_column_inner][\/vc_row_inner][vc_separator][vc_row_inner][vc_column_inner width=&#8221;1\/4&#8243;][vc_single_image image=&#8221;1295&#8243; img_size=&#8221;medium&#8221;][\/vc_column_inner][vc_column_inner width=&#8221;3\/4&#8243;][vc_custom_heading text=&#8221;LA SICUREZZA INNANZITUTTO&#8221; font_container=&#8221;tag:h3|text_align:left&#8221; use_theme_fonts=&#8221;yes&#8221; css=&#8221;&#8221;][vc_column_text css=&#8221;&#8221;]Quando si lavora in quota la sicurezza \u00e8 una priorit\u00e0. Potersi fidare ciecamente delle proprie macchine \u00e8 indispensabile. Le piattaforme aeree a pantografo Sunward RT sono progettate pensando alla sicurezza.<\/p>\n<p>La sicurezza delle nostre piattaforme aeree a pantografo off-road inizia dalla stabilit\u00e0. Capace di affrontare pendenze massime del 40% (con sistema di protezione integrato) ed equipaggiata con stabilizzatori automatici autolivellanti, la Sunward SWSL 1623RT offre una stabilit\u00e0 superiore.<\/p>\n<p>Inoltre, questa piattaforma aerea a pantografo \u00e8 dotata anche di tutte le tecnologie necessarie per garantirne l&#8217;uso nella pi\u00f9 completa sicurezza: sistema di protezione dal sovraccarico, sistema di discesa di emergenza, sistema di autodiagnosi dei guasti, allarme anti schiacciamento.<\/p>\n<p>Infine, ma non per importanza, la struttura di questa piattaforma a pantografo \u00e8 stata progettata per assicurare un lavoro condotto sempre nella massima sicurezza.<\/p>\n<p>Cos\u00ec, le curvatrici specializzate di Sunward producono parapetti sicuri che offrono la migliore protezione del mercato.[\/vc_column_text][\/vc_column_inner][\/vc_row_inner][vc_separator][vc_row_inner][vc_column_inner width=&#8221;1\/4&#8243;][vc_single_image image=&#8221;1370&#8243; img_size=&#8221;medium&#8221;][\/vc_column_inner][vc_column_inner width=&#8221;3\/4&#8243;][vc_custom_heading text=&#8221;PER AFFRONTARE CON FACILIT\u00c0 I TERRENI DIFFICILI&#8221; font_container=&#8221;tag:h3|text_align:left&#8221; use_theme_fonts=&#8221;yes&#8221; css=&#8221;&#8221;][vc_column_text css=&#8221;&#8221;]La Sunward SWSL 1623RT \u00e8 stato progettata per affrontare i terreni sconnessi con facilit\u00e0, fornendo la robustezza necessaria per operare in condizioni difficili all&#8217;aperto.<\/p>\n<p>Con trazione a quattro ruote motrici (4WD) e pneumatici pieni per terreni difficili, questa robusta piattaforma a pantografo \u00e8 perfetta per il lavoro off-road e riesce a spostarsi su suoli inclinati e pendii con pendenze fino al 40%.<\/p>\n<p>Grazie alla bassa altezza della piattaforma ripiegata, l&#8217;assale posteriore oscillante pu\u00f2 sempre mantenere tutte e quattro le ruote a terra, a tutto vantaggio della manovrabilit\u00e0 e dell&#8217;aderenza al suolo.[\/vc_column_text][\/vc_column_inner][\/vc_row_inner][vc_separator][vc_row_inner][vc_column_inner width=&#8221;1\/4&#8243;][vc_single_image image=&#8221;1369&#8243; img_size=&#8221;medium&#8221;][\/vc_column_inner][vc_column_inner width=&#8221;3\/4&#8243;][vc_custom_heading text=&#8221;PER PORTARE DI PI\u00d9&#8221; font_container=&#8221;tag:h3|text_align:left&#8221; use_theme_fonts=&#8221;yes&#8221; css=&#8221;&#8221;][vc_column_text css=&#8221;&#8221;]Il modello SWSL 1623RT ha una piattaforma ampia e spaziosa che permette di ospitare pi\u00f9 operatori e attrezzi al lavoro.<\/p>\n<p>Le estensioni bidirezionali della piattaforma permettono di ampliare lo spazio di lavoro aumentando lo sbraccio.<\/p>\n<p>Questa piattaforma aerea a pantografo \u00e8 inoltre equipaggiata con scale di salita e cancelli di accesso su entrambi i lati, il che \u00e8 molto comodo per il carico del materiale.[\/vc_column_text][\/vc_column_inner][\/vc_row_inner][vc_separator][vc_separator][vc_row_inner][vc_column_inner width=&#8221;1\/4&#8243;][vc_single_image image=&#8221;1298&#8243; img_size=&#8221;medium&#8221;][\/vc_column_inner][vc_column_inner width=&#8221;3\/4&#8243;][vc_custom_heading text=&#8221;BASSO COSTO DI POSSESSO &#8221; font_container=&#8221;tag:h3|text_align:left&#8221; use_theme_fonts=&#8221;yes&#8221; css=&#8221;&#8221;][vc_column_text css=&#8221;&#8221;]Le nostre piattaforme aeree a pantografo sono progettate con cura e tutti i componenti chiave provengono da fornitori leader di livello mondiale. La disposizione razionale dei componenti semplifica l&#8217;accesso per la manutenzione. La manutenzione \u00e8 un gioco da ragazzi e contribuisce a ridurre i costi di possesso. Robuste, affidabili e con basse esigenze manutentive, le piattaforme aeree a pantografo Sunward sono progettate per fornire prestazioni per lunghi anni.[\/vc_column_text][\/vc_column_inner][\/vc_row_inner][\/vc_tta_section][vc_tta_section title=&#8221;VIDEO&#8221; tab_id=&#8221;1623857706491-8aa3a03f-cca1&#8243;][vc_column_text]<\/p>\n<h2><em>NOT AVAILABLE<\/em><\/h2>\n<p>[\/vc_column_text][vc_video link=&#8221;&#8221;][\/vc_tta_section][vc_tta_section title=&#8221;BROCHURE&#8221; tab_id=&#8221;1623857795794-8fd5289e-c5a3&#8243;][vc_row_inner content_placement=&#8221;middle&#8221;][vc_column_inner width=&#8221;1\/4&#8243;][vc_single_image image=&#8221;1392&#8243; img_size=&#8221;large&#8221;][\/vc_column_inner][vc_column_inner width=&#8221;3\/4&#8243;][vc_custom_heading text=&#8221;SWSL 1623RT SPEC SHEET&#8221; font_container=&#8221;tag:h3|text_align:left&#8221; use_theme_fonts=&#8221;yes&#8221;][vc_btn title=&#8221;DOWNLOAD&#8221; color=&#8221;orange&#8221; size=&#8221;lg&#8221; link=&#8221;url:http%3A%2F%2Fsunward.eu%2Fwp-content%2Fuploads%2F2022%2F01%2FSUNWARD-SWSL1623RT-ENG.pdf|title:Sunward%20Scissor%20Lifts%20SWSL%201623RT%20Spec%20sheet|target:%20_blank|&#8221;][\/vc_column_inner][\/vc_row_inner][\/vc_tta_section][\/vc_tta_accordion][\/vc_column][\/vc_row]<\/p>\n<\/div>","protected":false},"excerpt":{"rendered":"<p>La Sunward SWSL 1623RT \u00e8 una piattaforma aerea a pantografo diesel off-road progettata per affrontare i terreni difficili con facilit\u00e0. Come cuore di questa macchina abbiamo scelto il motore Kubota V2403 nella sua pi\u00f9 recente versione, conforme alle normative antiemissioni UE Stage V. La piattaforma aerea a pantografo SWSL 1623RT offre eccellenti prestazioni off-road, dimostrando adattabilit\u00e0 e stabilit\u00e0 perfetta, qualunque siano le condizioni del terreno, anche le pi\u00f9 difficili. Di facile manutenzione e servizio, la piattaforma \u00e8 sicura e spaziosa.<\/p>\n<p>Scoprite tutti gli altri vantaggi della Sunward SWSL 1623RT. [&#8230;]<\/p>\n<p><a class=\"btn btn-secondary understrap-read-more-link\" href=\"https:\/\/sunward.eu\/it\/product\/swsl-1623rt\/\">Leggi tutto&#8230;<\/a><\/p>\n","protected":false},"featured_media":1393,"comment_status":"closed","ping_status":"closed","template":"","meta":{"_acf_changed":false,"inline_featured_image":false},"product_cat":[29,60],"product_tag":[],"class_list":{"0":"post-1391","1":"product","2":"type-product","3":"status-publish","4":"has-post-thumbnail","6":"product_cat-scissor-lifts","7":"product_cat-rough-terrain-scissor-lifts","8":"pa_capacity-780-kg","9":"pa_drive-type-hydraulic","10":"pa_machine-width-2-39-m","11":"pa_max-working-height-16-5-m","12":"pa_operating-weight-9-200-kg","13":"pa_propulsion-diesel-engine","15":"first","16":"instock","17":"shipping-taxable","18":"product-type-simple"},"translation":{"provider":"WPGlobus","version":"2.12.2","language":"it","enabled_languages":["en","de","fr","it"],"languages":{"en":{"title":true,"content":true,"excerpt":true},"de":{"title":true,"content":true,"excerpt":true},"fr":{"title":true,"content":true,"excerpt":true},"it":{"title":true,"content":true,"excerpt":true}}},"acf":[],"yoast_head":"<!-- This site is optimized with the Yoast SEO plugin v22.6 - https:\/\/yoast.com\/wordpress\/plugins\/seo\/ -->\n<title>SWSL 1623RT - Sunward Europe (Official Website for EU &amp; UK)<\/title>\n<meta name=\"robots\" content=\"index, follow, max-snippet:-1, max-image-preview:large, max-video-preview:-1\" \/>\n<link rel=\"canonical\" href=\"https:\/\/sunward.eu\/product\/swsl-1623rt\/\" \/>\n<meta property=\"og:locale\" content=\"it_IT\" \/>\n<meta property=\"og:type\" content=\"article\" \/>\n<meta property=\"og:title\" content=\"SWSL 1623RT - Sunward Europe (Official Website for EU &amp; UK)\" \/>\n<meta property=\"og:url\" content=\"https:\/\/sunward.eu\/product\/swsl-1623rt\/\" \/>\n<meta property=\"og:site_name\" content=\"Sunward Europe (Official Website for EU &amp; UK)\" \/>\n<meta property=\"article:modified_time\" content=\"2025-08-01T07:06:55+00:00\" \/>\n<meta property=\"og:image\" content=\"https:\/\/sunward.eu\/wp-content\/uploads\/2022\/01\/Sunward_SWSL-1623RT_MAIN.png\" \/>\n\t<meta property=\"og:image:width\" content=\"1000\" \/>\n\t<meta property=\"og:image:height\" content=\"1000\" \/>\n\t<meta property=\"og:image:type\" content=\"image\/png\" \/>\n<meta name=\"twitter:card\" content=\"summary_large_image\" \/>\n<meta name=\"twitter:label1\" content=\"Est. reading time\" \/>\n\t<meta name=\"twitter:data1\" content=\"4 minutes\" \/>\n<script type=\"application\/ld+json\" class=\"yoast-schema-graph\">{\"@context\":\"https:\/\/schema.org\",\"@graph\":[{\"@type\":\"WebPage\",\"@id\":\"https:\/\/sunward.eu\/product\/swsl-1623rt\/\",\"url\":\"https:\/\/sunward.eu\/product\/swsl-1623rt\/\",\"name\":\"SWSL 1623RT - Sunward Europe (Official Website for EU &amp; UK)\",\"isPartOf\":{\"@id\":\"https:\/\/sunward.eu\/#website\"},\"primaryImageOfPage\":{\"@id\":\"https:\/\/sunward.eu\/product\/swsl-1623rt\/#primaryimage\"},\"image\":{\"@id\":\"https:\/\/sunward.eu\/product\/swsl-1623rt\/#primaryimage\"},\"thumbnailUrl\":\"https:\/\/sunward.eu\/wp-content\/uploads\/2022\/01\/Sunward_SWSL-1623RT_MAIN.png\",\"datePublished\":\"2022-01-20T15:44:53+00:00\",\"dateModified\":\"2025-08-01T07:06:55+00:00\",\"breadcrumb\":{\"@id\":\"https:\/\/sunward.eu\/product\/swsl-1623rt\/#breadcrumb\"},\"inLanguage\":\"it-IT\",\"potentialAction\":[{\"@type\":\"ReadAction\",\"target\":[\"https:\/\/sunward.eu\/product\/swsl-1623rt\/\"]}]},{\"@type\":\"ImageObject\",\"inLanguage\":\"it-IT\",\"@id\":\"https:\/\/sunward.eu\/product\/swsl-1623rt\/#primaryimage\",\"url\":\"https:\/\/sunward.eu\/wp-content\/uploads\/2022\/01\/Sunward_SWSL-1623RT_MAIN.png\",\"contentUrl\":\"https:\/\/sunward.eu\/wp-content\/uploads\/2022\/01\/Sunward_SWSL-1623RT_MAIN.png\",\"width\":1000,\"height\":1000},{\"@type\":\"BreadcrumbList\",\"@id\":\"https:\/\/sunward.eu\/product\/swsl-1623rt\/#breadcrumb\",\"itemListElement\":[{\"@type\":\"ListItem\",\"position\":1,\"name\":\"Home\",\"item\":\"https:\/\/sunward.eu\/\"},{\"@type\":\"ListItem\",\"position\":2,\"name\":\"Products\",\"item\":\"https:\/\/sunward.eu\/shop\/\"},{\"@type\":\"ListItem\",\"position\":3,\"name\":\"Scissor lifts\",\"item\":\"https:\/\/sunward.eu\/product-category\/scissor-lifts\/\"},{\"@type\":\"ListItem\",\"position\":4,\"name\":\"Rough terrain scissor lifts\",\"item\":\"https:\/\/sunward.eu\/product-category\/scissor-lifts\/rough-terrain-scissor-lifts\/\"},{\"@type\":\"ListItem\",\"position\":5,\"name\":\"SWSL 1623RT\"}]},{\"@type\":\"WebSite\",\"@id\":\"https:\/\/sunward.eu\/#website\",\"url\":\"https:\/\/sunward.eu\/\",\"name\":\"Sunward Europe (Official Website for EU &amp; UK)\",\"description\":\"The smart choice\",\"publisher\":{\"@id\":\"https:\/\/sunward.eu\/#organization\"},\"potentialAction\":[{\"@type\":\"SearchAction\",\"target\":{\"@type\":\"EntryPoint\",\"urlTemplate\":\"https:\/\/sunward.eu\/?s={search_term_string}\"},\"query-input\":\"required name=search_term_string\"}],\"inLanguage\":\"it-IT\"},{\"@type\":\"Organization\",\"@id\":\"https:\/\/sunward.eu\/#organization\",\"name\":\"Sunward Europe (Official Website for EU &amp; UK)\",\"url\":\"https:\/\/sunward.eu\/\",\"logo\":{\"@type\":\"ImageObject\",\"inLanguage\":\"it-IT\",\"@id\":\"https:\/\/sunward.eu\/#\/schema\/logo\/image\/\",\"url\":\"https:\/\/sunward.eu\/wp-content\/uploads\/2022\/01\/Website_Sunward_logo_top_180x63px.png\",\"contentUrl\":\"https:\/\/sunward.eu\/wp-content\/uploads\/2022\/01\/Website_Sunward_logo_top_180x63px.png\",\"width\":180,\"height\":63,\"caption\":\"Sunward Europe (Official Website for EU &amp; UK)\"},\"image\":{\"@id\":\"https:\/\/sunward.eu\/#\/schema\/logo\/image\/\"}}]}<\/script>\n<!-- \/ Yoast SEO plugin. -->","yoast_head_json":{"title":"SWSL 1623RT - Sunward Europe (Official Website for EU &amp; UK)","robots":{"index":"index","follow":"follow","max-snippet":"max-snippet:-1","max-image-preview":"max-image-preview:large","max-video-preview":"max-video-preview:-1"},"canonical":"https:\/\/sunward.eu\/product\/swsl-1623rt\/","og_locale":"it_IT","og_type":"article","og_title":"SWSL 1623RT - Sunward Europe (Official Website for EU &amp; UK)","og_url":"https:\/\/sunward.eu\/product\/swsl-1623rt\/","og_site_name":"Sunward Europe (Official Website for EU &amp; UK)","article_modified_time":"2025-08-01T07:06:55+00:00","og_image":[{"width":1000,"height":1000,"url":"https:\/\/sunward.eu\/wp-content\/uploads\/2022\/01\/Sunward_SWSL-1623RT_MAIN.png","type":"image\/png"}],"twitter_card":"summary_large_image","twitter_misc":{"Est. reading time":"4 minutes"},"schema":{"@context":"https:\/\/schema.org","@graph":[{"@type":"WebPage","@id":"https:\/\/sunward.eu\/product\/swsl-1623rt\/","url":"https:\/\/sunward.eu\/product\/swsl-1623rt\/","name":"SWSL 1623RT - Sunward Europe (Official Website for EU &amp; UK)","isPartOf":{"@id":"https:\/\/sunward.eu\/#website"},"primaryImageOfPage":{"@id":"https:\/\/sunward.eu\/product\/swsl-1623rt\/#primaryimage"},"image":{"@id":"https:\/\/sunward.eu\/product\/swsl-1623rt\/#primaryimage"},"thumbnailUrl":"https:\/\/sunward.eu\/wp-content\/uploads\/2022\/01\/Sunward_SWSL-1623RT_MAIN.png","datePublished":"2022-01-20T15:44:53+00:00","dateModified":"2025-08-01T07:06:55+00:00","breadcrumb":{"@id":"https:\/\/sunward.eu\/product\/swsl-1623rt\/#breadcrumb"},"inLanguage":"it-IT","potentialAction":[{"@type":"ReadAction","target":["https:\/\/sunward.eu\/product\/swsl-1623rt\/"]}]},{"@type":"ImageObject","inLanguage":"it-IT","@id":"https:\/\/sunward.eu\/product\/swsl-1623rt\/#primaryimage","url":"https:\/\/sunward.eu\/wp-content\/uploads\/2022\/01\/Sunward_SWSL-1623RT_MAIN.png","contentUrl":"https:\/\/sunward.eu\/wp-content\/uploads\/2022\/01\/Sunward_SWSL-1623RT_MAIN.png","width":1000,"height":1000},{"@type":"BreadcrumbList","@id":"https:\/\/sunward.eu\/product\/swsl-1623rt\/#breadcrumb","itemListElement":[{"@type":"ListItem","position":1,"name":"Home","item":"https:\/\/sunward.eu\/"},{"@type":"ListItem","position":2,"name":"Products","item":"https:\/\/sunward.eu\/shop\/"},{"@type":"ListItem","position":3,"name":"Scissor lifts","item":"https:\/\/sunward.eu\/product-category\/scissor-lifts\/"},{"@type":"ListItem","position":4,"name":"Rough terrain scissor lifts","item":"https:\/\/sunward.eu\/product-category\/scissor-lifts\/rough-terrain-scissor-lifts\/"},{"@type":"ListItem","position":5,"name":"SWSL 1623RT"}]},{"@type":"WebSite","@id":"https:\/\/sunward.eu\/#website","url":"https:\/\/sunward.eu\/","name":"Sunward Europe (Official Website for EU &amp; UK)","description":"The smart choice","publisher":{"@id":"https:\/\/sunward.eu\/#organization"},"potentialAction":[{"@type":"SearchAction","target":{"@type":"EntryPoint","urlTemplate":"https:\/\/sunward.eu\/?s={search_term_string}"},"query-input":"required name=search_term_string"}],"inLanguage":"it-IT"},{"@type":"Organization","@id":"https:\/\/sunward.eu\/#organization","name":"Sunward Europe (Official Website for EU &amp; UK)","url":"https:\/\/sunward.eu\/","logo":{"@type":"ImageObject","inLanguage":"it-IT","@id":"https:\/\/sunward.eu\/#\/schema\/logo\/image\/","url":"https:\/\/sunward.eu\/wp-content\/uploads\/2022\/01\/Website_Sunward_logo_top_180x63px.png","contentUrl":"https:\/\/sunward.eu\/wp-content\/uploads\/2022\/01\/Website_Sunward_logo_top_180x63px.png","width":180,"height":63,"caption":"Sunward Europe (Official Website for EU &amp; UK)"},"image":{"@id":"https:\/\/sunward.eu\/#\/schema\/logo\/image\/"}}]}},"_links":{"self":[{"href":"https:\/\/sunward.eu\/it\/wp-json\/wp\/v2\/product\/1391","targetHints":{"allow":["GET"]}}],"collection":[{"href":"https:\/\/sunward.eu\/it\/wp-json\/wp\/v2\/product"}],"about":[{"href":"https:\/\/sunward.eu\/it\/wp-json\/wp\/v2\/types\/product"}],"replies":[{"embeddable":true,"href":"https:\/\/sunward.eu\/it\/wp-json\/wp\/v2\/comments?post=1391"}],"wp:featuredmedia":[{"embeddable":true,"href":"https:\/\/sunward.eu\/it\/wp-json\/wp\/v2\/media\/1393"}],"wp:attachment":[{"href":"https:\/\/sunward.eu\/it\/wp-json\/wp\/v2\/media?parent=1391"}],"wp:term":[{"taxonomy":"product_cat","embeddable":true,"href":"https:\/\/sunward.eu\/it\/wp-json\/wp\/v2\/product_cat?post=1391"},{"taxonomy":"product_tag","embeddable":true,"href":"https:\/\/sunward.eu\/it\/wp-json\/wp\/v2\/product_tag?post=1391"}],"curies":[{"name":"wp","href":"https:\/\/api.w.org\/{rel}","templated":true}]}}