{"id":1352,"date":"2022-01-20T13:08:27","date_gmt":"2022-01-20T12:08:27","guid":{"rendered":"https:\/\/sunward.eu\/?post_type=product&#038;p=1352"},"modified":"2026-02-03T15:58:11","modified_gmt":"2026-02-03T14:58:11","slug":"swsl-1008dc","status":"publish","type":"product","link":"https:\/\/sunward.eu\/it\/product\/swsl-1008dc\/","title":{"rendered":"SWSL 1008DC"},"content":{"rendered":"<div class=\"wpb-content-wrapper\"><p>[vc_row][vc_column][vc_tta_accordion style=&#8221;flat&#8221; c_icon=&#8221;chevron&#8221; c_position=&#8221;right&#8221; active_section=&#8221;1&#8243; no_fill=&#8221;true&#8221; el_class=&#8221;custom-accordion&#8221;][vc_tta_section title=&#8221;SPECIFICHE&#8221; tab_id=&#8221;1623355628079-f58b5c44-7c4b&#8221;][vc_custom_heading text=&#8221;SUNWARD SWSL 1008DC&#8221; font_container=&#8221;tag:h3|text_align:left&#8221; use_theme_fonts=&#8221;yes&#8221;][vc_column_text css=&#8221;&#8221;]La piattaforma aerea a pantografo Sunward SWSL 1008DC \u00e8 una macchina d azionamento elettrico a zero emissioni che la rende robusta e conveniente. Nonostante le dimensioni estremamente compatte, \u00e8 una macchina molto robusta. Come tutti i modelli di piattaforme aeree a pantografo Sunward, offre prestazioni eccellenti, un funzionamento comodo e sicuro ed \u00e8 quasi esente da manutenzione. Le dimensioni la rendono molto facile da trasportare in cantiere e le emissioni zero ne permettono l&#8217;uso sia in interni che in esterni.[\/vc_column_text][vc_row_inner][vc_column_inner][vc_separator color=&#8221;white&#8221;][\/vc_column_inner][\/vc_row_inner][vc_row_inner][vc_column_inner width=&#8221;1\/2&#8243;][vc_toggle title=&#8221;SPECIFICHE GENERALI&#8221; css=&#8221;&#8221;]<\/p>\n<table width=\"655\">\n<tbody>\n<tr>\n<td width=\"417\">Propulsione<\/td>\n<td width=\"238\">Elettrica<\/td>\n<\/tr>\n<tr>\n<td>Azionamento<\/td>\n<td>Elettrico<\/td>\n<\/tr>\n<tr>\n<td>Peso operativo<\/td>\n<td>2 100 kg<\/td>\n<\/tr>\n<tr>\n<td width=\"417\">Freni<\/td>\n<td>Frizione multidisco<\/td>\n<\/tr>\n<\/tbody>\n<\/table>\n<p>[\/vc_toggle][vc_toggle title=&#8221;SPECIFICHE DI SBRACCIO&#8221; css=&#8221;&#8221;]<\/p>\n<table width=\"655\">\n<tbody>\n<tr>\n<td width=\"417\">Altezza max di lavoro<\/td>\n<td width=\"238\">10 m<\/td>\n<\/tr>\n<tr>\n<td width=\"417\">Altezza max della piattaforma<\/td>\n<td>8 m<\/td>\n<\/tr>\n<\/tbody>\n<\/table>\n<p>[\/vc_toggle][vc_toggle title=&#8221;DIMENSIONI&#8221; css=&#8221;&#8221;]<\/p>\n<table width=\"655\">\n<tbody>\n<tr>\n<td width=\"417\">Altezza da terra &#8211; Piattaforma elevata \/ abbassata<\/td>\n<td width=\"238\">110 \/ 20 mm<\/td>\n<\/tr>\n<tr>\n<td width=\"417\">Altezza della macchina &#8211; Abbassata, parapetto sollevato \/ ripiegato<\/td>\n<td>2.36 \/ 1.86 m<\/td>\n<\/tr>\n<tr>\n<td width=\"417\">Altezza piattaforma &#8211; abbassata<\/td>\n<td>1.26 m<\/td>\n<\/tr>\n<tr>\n<td width=\"417\">Lunghezza complessiva<\/td>\n<td>2.46 m<\/td>\n<\/tr>\n<tr>\n<td width=\"417\">Larghezza complessiva<\/td>\n<td>0.83 m<\/td>\n<\/tr>\n<tr>\n<td width=\"417\">Lunghezza piattaforma<\/td>\n<td>2.27 m<\/td>\n<\/tr>\n<tr>\n<td width=\"417\">Larghezza piattaforma<\/td>\n<td>0.81 m<\/td>\n<\/tr>\n<tr>\n<td width=\"417\">Lunghezza estensione piattaforma<\/td>\n<td>0.9 m<\/td>\n<\/tr>\n<\/tbody>\n<\/table>\n<p>[\/vc_toggle][vc_toggle title=&#8221;PRESTAZIONI&#8221; css=&#8221;&#8221;]<\/p>\n<table width=\"655\">\n<tbody>\n<tr>\n<td width=\"417\">Velocit\u00e0 di traslazione &#8211; Piattaforma elevata \/ abbassata<\/td>\n<td width=\"238\">0.8 \/ 4.5 km\/h<\/td>\n<\/tr>\n<tr>\n<td width=\"417\">Pendenza max<\/td>\n<td>25%<\/td>\n<\/tr>\n<tr>\n<td>Capacit\u00e0 piattaforma<\/td>\n<td>230 kg<\/td>\n<\/tr>\n<tr>\n<td>Capacit\u00e0 estensione<\/td>\n<td>113 kg<\/td>\n<\/tr>\n<tr>\n<td>Angolo di lavoro max<\/td>\n<td>1.5\u02da \/ 3\u02da<\/td>\n<\/tr>\n<tr>\n<td>Raggio di sterzata &#8211; interno \/ esterno<\/td>\n<td>0 \/ 2.1 m<\/td>\n<\/tr>\n<\/tbody>\n<\/table>\n<p>[\/vc_toggle][\/vc_column_inner][vc_column_inner width=&#8221;1\/2&#8243;][\/vc_column_inner][\/vc_row_inner][\/vc_tta_section][vc_tta_section title=&#8221;CARATTERISTICHE E VANTAGGI&#8221; tab_id=&#8221;1623355710952-d36b50a3-81ed&#8221;][vc_row_inner][vc_column_inner width=&#8221;1\/4&#8243;][vc_single_image image=&#8221;1070&#8243; img_size=&#8221;medium&#8221;][\/vc_column_inner][vc_column_inner width=&#8221;3\/4&#8243;][vc_custom_heading text=&#8221;FATTA PER L&#8217;EUROPA&#8221; font_container=&#8221;tag:h3|text_align:left&#8221; use_theme_fonts=&#8221;yes&#8221; css=&#8221;&#8221;][vc_column_text css=&#8221;&#8221;]Come tutte le altre macchine Sunward sul mercato europeo, la SWSL 1008DC \u00e8 progettata per soddisfare le esigenze dei clienti europei e ha tutte le certificazioni UE.[\/vc_column_text][\/vc_column_inner][\/vc_row_inner][vc_separator][vc_row_inner][vc_column_inner width=&#8221;1\/4&#8243;][vc_single_image image=&#8221;1295&#8243; img_size=&#8221;medium&#8221;][\/vc_column_inner][vc_column_inner width=&#8221;3\/4&#8243;][vc_custom_heading text=&#8221;LA SICUREZZA INNANZITUTTO&#8221; font_container=&#8221;tag:h3|text_align:left&#8221; use_theme_fonts=&#8221;yes&#8221; css=&#8221;&#8221;][vc_column_text css=&#8221;&#8221;]Quando si lavora in quota la sicurezza \u00e8 una priorit\u00e0. Potersi fidare ciecamente delle proprie macchine \u00e8 indispensabile. Quello che serve \u00e8 quindi la stabilit\u00e0 di una macchina sicura e intelligente. Le piattaforme aeree a pantografo Sunward sono progettate pensando alla sicurezza.<\/p>\n<p>Le curvatrici specializzate di Sunward producono parapetti sicuri che offrono la migliore longevit\u00e0 e protezione del mercato.<\/p>\n<p>Le piastre stabilizzatrici automatiche laterali assicurano la piena stabilit\u00e0 durante le operazioni di sollevamento. La piastra stabilizzatrice laterale si apre automaticamente per ridurre l&#8217;altezza minima da terra e migliorare la stabilit\u00e0.[\/vc_column_text][\/vc_column_inner][\/vc_row_inner][vc_separator][vc_row_inner][vc_column_inner width=&#8221;1\/4&#8243;][vc_single_image image=&#8221;1297&#8243; img_size=&#8221;medium&#8221;][\/vc_column_inner][vc_column_inner width=&#8221;3\/4&#8243;][vc_custom_heading text=&#8221;BATTERIE A DURATA EXTRA&#8221; font_container=&#8221;tag:h3|text_align:left&#8221; use_theme_fonts=&#8221;yes&#8221; css=&#8221;&#8221;][vc_column_text css=&#8221;&#8221;]Le piattaforme aeree a pantografo elettriche Sunward si affidano alle migliori batterie elettriche disponibili sul mercato. Montano batterie Trojan di alta qualit\u00e0 e a lunga durata che assicurano lunga autonomia prima della ricarica. Offrono inoltre zero emissioni e azionamento silenzioso in luoghi con requisiti specifici.[\/vc_column_text][\/vc_column_inner][\/vc_row_inner][vc_separator][vc_row_inner][vc_column_inner width=&#8221;1\/4&#8243;][vc_single_image image=&#8221;1299&#8243; img_size=&#8221;medium&#8221;][\/vc_column_inner][vc_column_inner width=&#8221;3\/4&#8243;][vc_custom_heading text=&#8221;RICARICA SMART&#8221; font_container=&#8221;tag:h3|text_align:left&#8221; use_theme_fonts=&#8221;yes&#8221; css=&#8221;&#8221;][vc_column_text css=&#8221;&#8221;]Le piattaforme aeree a pantografo Sunward sono equipaggiate con batterie a carica rapida. Il caricabatterie integrato previene i picchi di tensione offrendo una maggiore protezione. La funzione di memoria permette di verificare il livello di carica in tempo reale.[\/vc_column_text][\/vc_column_inner][\/vc_row_inner][vc_separator][vc_row_inner][vc_column_inner width=&#8221;1\/4&#8243;][vc_single_image image=&#8221;1296&#8243; img_size=&#8221;medium&#8221;][\/vc_column_inner][vc_column_inner width=&#8221;3\/4&#8243;][vc_custom_heading text=&#8221;MANUTENZIONE E ASSISTENZA FACILI&#8221; font_container=&#8221;tag:h3|text_align:left&#8221; use_theme_fonts=&#8221;yes&#8221; css=&#8221;&#8221;][vc_column_text css=&#8221;&#8221;]Per facilitare la manutenzione, il codice &#8220;to be serviced&#8221; viene visualizzato automaticamente. La porta USB permette l&#8217;esecuzione della diagnostica tramite un semplice smartphone. Il serbatoio dell&#8217;olio idraulico e il cassetto dei moduli di alimentazione estraibili facilitano l&#8217;accesso per la manutenzione.[\/vc_column_text][\/vc_column_inner][\/vc_row_inner][vc_separator][vc_row_inner][vc_column_inner width=&#8221;1\/4&#8243;][vc_single_image image=&#8221;1298&#8243; img_size=&#8221;medium&#8221;][\/vc_column_inner][vc_column_inner width=&#8221;3\/4&#8243;][vc_custom_heading text=&#8221;BASSO COSTO DI POSSESSO&#8221; font_container=&#8221;tag:h3|text_align:left&#8221; use_theme_fonts=&#8221;yes&#8221; css=&#8221;&#8221;][vc_column_text css=&#8221;&#8221;]Le nostre piattaforme aeree a pantografo sono progettate con cura e tutti i componenti chiave provengono da fornitori leader di livello mondiale. La disposizione razionale dei componenti semplifica l&#8217;accesso per la manutenzione. La manutenzione \u00e8 un gioco da ragazzi e contribuisce a ridurre i costi di possesso. Robuste, affidabili e quasi esenti da manutenzione, le piattaforme aeree a pantografo Sunward sono progettate per fornire prestazioni per lunghi anni.[\/vc_column_text][\/vc_column_inner][\/vc_row_inner][\/vc_tta_section][vc_tta_section title=&#8221;VIDEO&#8221; tab_id=&#8221;1623857706491-8aa3a03f-cca1&#8243;][vc_column_text]<\/p>\n<h2><em>NOT AVAILABLE<\/em><\/h2>\n<p>[\/vc_column_text][vc_video link=&#8221;&#8221;][\/vc_tta_section][vc_tta_section title=&#8221;BROCHURE&#8221; tab_id=&#8221;1623857795794-8fd5289e-c5a3&#8243;][vc_row_inner content_placement=&#8221;middle&#8221;][vc_column_inner width=&#8221;1\/4&#8243;][vc_single_image image=&#8221;4477&#8243; img_size=&#8221;large&#8221; css=&#8221;&#8221;][\/vc_column_inner][vc_column_inner width=&#8221;3\/4&#8243;][vc_custom_heading text=&#8221;BROCHURE GAMMA SERIE DC&#8221; font_container=&#8221;tag:h3|text_align:left&#8221; use_theme_fonts=&#8221;yes&#8221; css=&#8221;&#8221;][vc_btn title=&#8221;DOWNLOAD&#8221; color=&#8221;orange&#8221; size=&#8221;lg&#8221; css=&#8221;&#8221; link=&#8221;url:https%3A%2F%2Fsunward.eu%2Fwp-content%2Fuploads%2F2026%2F02%2FSUNWARD_SWSL-1008DC-01.2026_FINAL_HR_IT.pdf|title:BROCHURE%20GAMMA%20SERIE%20DC|target:_blank&#8221;][\/vc_column_inner][\/vc_row_inner][\/vc_tta_section][\/vc_tta_accordion][\/vc_column][\/vc_row]<\/p>\n<\/div>","protected":false},"excerpt":{"rendered":"<p>La piattaforma aerea a pantografo Sunward SWSL 1008DC \u00e8 una macchina d azionamento elettrico a zero emissioni che la rende robusta e conveniente. Nonostante sia molto compatta, \u00e8 una macchina molto robusta, dalle prestazioni eccellenti, comoda, sicura e quasi esente da manutenzione. Utilizzabile in applicazioni sia in interni che in esterni. Scoprite tutti gli altri vantaggi della Sunward SWSL 1008DC. [&#8230;]<\/p>\n<p><a class=\"btn btn-secondary understrap-read-more-link\" href=\"https:\/\/sunward.eu\/it\/product\/swsl-1008dc\/\">Leggi tutto&#8230;<\/a><\/p>\n","protected":false},"featured_media":1353,"comment_status":"closed","ping_status":"closed","template":"","meta":{"_acf_changed":false,"inline_featured_image":false},"product_cat":[29,59],"product_tag":[],"class_list":{"0":"post-1352","1":"product","2":"type-product","3":"status-publish","4":"has-post-thumbnail","6":"product_cat-scissor-lifts","7":"product_cat-electric-driven-scissor-lifts","8":"pa_capacity-230-kg","9":"pa_drive-type-electric","10":"pa_machine-width-0-83-m","11":"pa_max-working-height-10-m","12":"pa_operating-weight-2-100-kg","13":"pa_propulsion-electric","15":"first","16":"instock","17":"shipping-taxable","18":"product-type-simple"},"translation":{"provider":"WPGlobus","version":"2.12.2","language":"it","enabled_languages":["en","de","fr","it"],"languages":{"en":{"title":true,"content":true,"excerpt":true},"de":{"title":true,"content":true,"excerpt":true},"fr":{"title":true,"content":true,"excerpt":true},"it":{"title":true,"content":true,"excerpt":true}}},"acf":[],"yoast_head":"<!-- This site is optimized with the Yoast SEO plugin v22.6 - https:\/\/yoast.com\/wordpress\/plugins\/seo\/ -->\n<title>SWSL 1008DC - Sunward Europe (Official Website for EU &amp; UK)<\/title>\n<meta name=\"robots\" content=\"index, follow, max-snippet:-1, max-image-preview:large, max-video-preview:-1\" \/>\n<link rel=\"canonical\" href=\"https:\/\/sunward.eu\/product\/swsl-1008dc\/\" \/>\n<meta property=\"og:locale\" content=\"it_IT\" \/>\n<meta property=\"og:type\" content=\"article\" \/>\n<meta property=\"og:title\" content=\"SWSL 1008DC - Sunward Europe (Official Website for EU &amp; UK)\" \/>\n<meta property=\"og:url\" content=\"https:\/\/sunward.eu\/product\/swsl-1008dc\/\" \/>\n<meta property=\"og:site_name\" content=\"Sunward Europe (Official Website for EU &amp; UK)\" \/>\n<meta property=\"article:modified_time\" content=\"2026-02-03T14:58:11+00:00\" \/>\n<meta property=\"og:image\" content=\"https:\/\/sunward.eu\/wp-content\/uploads\/2022\/01\/Sunward_SWSL-1008DC_MAIN.png\" \/>\n\t<meta property=\"og:image:width\" content=\"1000\" \/>\n\t<meta property=\"og:image:height\" content=\"1000\" \/>\n\t<meta property=\"og:image:type\" content=\"image\/png\" \/>\n<meta name=\"twitter:card\" content=\"summary_large_image\" \/>\n<meta name=\"twitter:label1\" content=\"Est. reading time\" \/>\n\t<meta name=\"twitter:data1\" content=\"5 minutes\" \/>\n<script type=\"application\/ld+json\" class=\"yoast-schema-graph\">{\"@context\":\"https:\/\/schema.org\",\"@graph\":[{\"@type\":\"WebPage\",\"@id\":\"https:\/\/sunward.eu\/product\/swsl-1008dc\/\",\"url\":\"https:\/\/sunward.eu\/product\/swsl-1008dc\/\",\"name\":\"SWSL 1008DC - Sunward Europe (Official Website for EU &amp; UK)\",\"isPartOf\":{\"@id\":\"https:\/\/sunward.eu\/#website\"},\"primaryImageOfPage\":{\"@id\":\"https:\/\/sunward.eu\/product\/swsl-1008dc\/#primaryimage\"},\"image\":{\"@id\":\"https:\/\/sunward.eu\/product\/swsl-1008dc\/#primaryimage\"},\"thumbnailUrl\":\"https:\/\/sunward.eu\/wp-content\/uploads\/2022\/01\/Sunward_SWSL-1008DC_MAIN.png\",\"datePublished\":\"2022-01-20T12:08:27+00:00\",\"dateModified\":\"2026-02-03T14:58:11+00:00\",\"breadcrumb\":{\"@id\":\"https:\/\/sunward.eu\/product\/swsl-1008dc\/#breadcrumb\"},\"inLanguage\":\"it-IT\",\"potentialAction\":[{\"@type\":\"ReadAction\",\"target\":[\"https:\/\/sunward.eu\/product\/swsl-1008dc\/\"]}]},{\"@type\":\"ImageObject\",\"inLanguage\":\"it-IT\",\"@id\":\"https:\/\/sunward.eu\/product\/swsl-1008dc\/#primaryimage\",\"url\":\"https:\/\/sunward.eu\/wp-content\/uploads\/2022\/01\/Sunward_SWSL-1008DC_MAIN.png\",\"contentUrl\":\"https:\/\/sunward.eu\/wp-content\/uploads\/2022\/01\/Sunward_SWSL-1008DC_MAIN.png\",\"width\":1000,\"height\":1000},{\"@type\":\"BreadcrumbList\",\"@id\":\"https:\/\/sunward.eu\/product\/swsl-1008dc\/#breadcrumb\",\"itemListElement\":[{\"@type\":\"ListItem\",\"position\":1,\"name\":\"Home\",\"item\":\"https:\/\/sunward.eu\/\"},{\"@type\":\"ListItem\",\"position\":2,\"name\":\"Products\",\"item\":\"https:\/\/sunward.eu\/shop\/\"},{\"@type\":\"ListItem\",\"position\":3,\"name\":\"Scissor lifts\",\"item\":\"https:\/\/sunward.eu\/product-category\/scissor-lifts\/\"},{\"@type\":\"ListItem\",\"position\":4,\"name\":\"{:en}Electric driven scissor lifts{:}{:de}Scherenhebebuhnen mit elektroantrieb{:}{:fr}Nacelles ciseaux \u00e9lectriques{:}{:it}Piattaforme aeree a pantografo ad azionamento elettrico{:}\",\"item\":\"https:\/\/sunward.eu\/product-category\/scissor-lifts\/electric-driven-scissor-lifts\/\"},{\"@type\":\"ListItem\",\"position\":5,\"name\":\"SWSL 1008DC\"}]},{\"@type\":\"WebSite\",\"@id\":\"https:\/\/sunward.eu\/#website\",\"url\":\"https:\/\/sunward.eu\/\",\"name\":\"Sunward Europe (Official Website for EU &amp; UK)\",\"description\":\"The smart choice\",\"publisher\":{\"@id\":\"https:\/\/sunward.eu\/#organization\"},\"potentialAction\":[{\"@type\":\"SearchAction\",\"target\":{\"@type\":\"EntryPoint\",\"urlTemplate\":\"https:\/\/sunward.eu\/?s={search_term_string}\"},\"query-input\":\"required name=search_term_string\"}],\"inLanguage\":\"it-IT\"},{\"@type\":\"Organization\",\"@id\":\"https:\/\/sunward.eu\/#organization\",\"name\":\"Sunward Europe (Official Website for EU &amp; UK)\",\"url\":\"https:\/\/sunward.eu\/\",\"logo\":{\"@type\":\"ImageObject\",\"inLanguage\":\"it-IT\",\"@id\":\"https:\/\/sunward.eu\/#\/schema\/logo\/image\/\",\"url\":\"https:\/\/sunward.eu\/wp-content\/uploads\/2022\/01\/Website_Sunward_logo_top_180x63px.png\",\"contentUrl\":\"https:\/\/sunward.eu\/wp-content\/uploads\/2022\/01\/Website_Sunward_logo_top_180x63px.png\",\"width\":180,\"height\":63,\"caption\":\"Sunward Europe (Official Website for EU &amp; UK)\"},\"image\":{\"@id\":\"https:\/\/sunward.eu\/#\/schema\/logo\/image\/\"}}]}<\/script>\n<!-- \/ Yoast SEO plugin. -->","yoast_head_json":{"title":"SWSL 1008DC - Sunward Europe (Official Website for EU &amp; UK)","robots":{"index":"index","follow":"follow","max-snippet":"max-snippet:-1","max-image-preview":"max-image-preview:large","max-video-preview":"max-video-preview:-1"},"canonical":"https:\/\/sunward.eu\/product\/swsl-1008dc\/","og_locale":"it_IT","og_type":"article","og_title":"SWSL 1008DC - Sunward Europe (Official Website for EU &amp; UK)","og_url":"https:\/\/sunward.eu\/product\/swsl-1008dc\/","og_site_name":"Sunward Europe (Official Website for EU &amp; UK)","article_modified_time":"2026-02-03T14:58:11+00:00","og_image":[{"width":1000,"height":1000,"url":"https:\/\/sunward.eu\/wp-content\/uploads\/2022\/01\/Sunward_SWSL-1008DC_MAIN.png","type":"image\/png"}],"twitter_card":"summary_large_image","twitter_misc":{"Est. reading time":"5 minutes"},"schema":{"@context":"https:\/\/schema.org","@graph":[{"@type":"WebPage","@id":"https:\/\/sunward.eu\/product\/swsl-1008dc\/","url":"https:\/\/sunward.eu\/product\/swsl-1008dc\/","name":"SWSL 1008DC - Sunward Europe (Official Website for EU &amp; UK)","isPartOf":{"@id":"https:\/\/sunward.eu\/#website"},"primaryImageOfPage":{"@id":"https:\/\/sunward.eu\/product\/swsl-1008dc\/#primaryimage"},"image":{"@id":"https:\/\/sunward.eu\/product\/swsl-1008dc\/#primaryimage"},"thumbnailUrl":"https:\/\/sunward.eu\/wp-content\/uploads\/2022\/01\/Sunward_SWSL-1008DC_MAIN.png","datePublished":"2022-01-20T12:08:27+00:00","dateModified":"2026-02-03T14:58:11+00:00","breadcrumb":{"@id":"https:\/\/sunward.eu\/product\/swsl-1008dc\/#breadcrumb"},"inLanguage":"it-IT","potentialAction":[{"@type":"ReadAction","target":["https:\/\/sunward.eu\/product\/swsl-1008dc\/"]}]},{"@type":"ImageObject","inLanguage":"it-IT","@id":"https:\/\/sunward.eu\/product\/swsl-1008dc\/#primaryimage","url":"https:\/\/sunward.eu\/wp-content\/uploads\/2022\/01\/Sunward_SWSL-1008DC_MAIN.png","contentUrl":"https:\/\/sunward.eu\/wp-content\/uploads\/2022\/01\/Sunward_SWSL-1008DC_MAIN.png","width":1000,"height":1000},{"@type":"BreadcrumbList","@id":"https:\/\/sunward.eu\/product\/swsl-1008dc\/#breadcrumb","itemListElement":[{"@type":"ListItem","position":1,"name":"Home","item":"https:\/\/sunward.eu\/"},{"@type":"ListItem","position":2,"name":"Products","item":"https:\/\/sunward.eu\/shop\/"},{"@type":"ListItem","position":3,"name":"Scissor lifts","item":"https:\/\/sunward.eu\/product-category\/scissor-lifts\/"},{"@type":"ListItem","position":4,"name":"{:en}Electric driven scissor lifts{:}{:de}Scherenhebebuhnen mit elektroantrieb{:}{:fr}Nacelles ciseaux \u00e9lectriques{:}{:it}Piattaforme aeree a pantografo ad azionamento elettrico{:}","item":"https:\/\/sunward.eu\/product-category\/scissor-lifts\/electric-driven-scissor-lifts\/"},{"@type":"ListItem","position":5,"name":"SWSL 1008DC"}]},{"@type":"WebSite","@id":"https:\/\/sunward.eu\/#website","url":"https:\/\/sunward.eu\/","name":"Sunward Europe (Official Website for EU &amp; UK)","description":"The smart choice","publisher":{"@id":"https:\/\/sunward.eu\/#organization"},"potentialAction":[{"@type":"SearchAction","target":{"@type":"EntryPoint","urlTemplate":"https:\/\/sunward.eu\/?s={search_term_string}"},"query-input":"required name=search_term_string"}],"inLanguage":"it-IT"},{"@type":"Organization","@id":"https:\/\/sunward.eu\/#organization","name":"Sunward Europe (Official Website for EU &amp; UK)","url":"https:\/\/sunward.eu\/","logo":{"@type":"ImageObject","inLanguage":"it-IT","@id":"https:\/\/sunward.eu\/#\/schema\/logo\/image\/","url":"https:\/\/sunward.eu\/wp-content\/uploads\/2022\/01\/Website_Sunward_logo_top_180x63px.png","contentUrl":"https:\/\/sunward.eu\/wp-content\/uploads\/2022\/01\/Website_Sunward_logo_top_180x63px.png","width":180,"height":63,"caption":"Sunward Europe (Official Website for EU &amp; UK)"},"image":{"@id":"https:\/\/sunward.eu\/#\/schema\/logo\/image\/"}}]}},"_links":{"self":[{"href":"https:\/\/sunward.eu\/it\/wp-json\/wp\/v2\/product\/1352","targetHints":{"allow":["GET"]}}],"collection":[{"href":"https:\/\/sunward.eu\/it\/wp-json\/wp\/v2\/product"}],"about":[{"href":"https:\/\/sunward.eu\/it\/wp-json\/wp\/v2\/types\/product"}],"replies":[{"embeddable":true,"href":"https:\/\/sunward.eu\/it\/wp-json\/wp\/v2\/comments?post=1352"}],"wp:featuredmedia":[{"embeddable":true,"href":"https:\/\/sunward.eu\/it\/wp-json\/wp\/v2\/media\/1353"}],"wp:attachment":[{"href":"https:\/\/sunward.eu\/it\/wp-json\/wp\/v2\/media?parent=1352"}],"wp:term":[{"taxonomy":"product_cat","embeddable":true,"href":"https:\/\/sunward.eu\/it\/wp-json\/wp\/v2\/product_cat?post=1352"},{"taxonomy":"product_tag","embeddable":true,"href":"https:\/\/sunward.eu\/it\/wp-json\/wp\/v2\/product_tag?post=1352"}],"curies":[{"name":"wp","href":"https:\/\/api.w.org\/{rel}","templated":true}]}}