{"id":1187,"date":"2022-01-18T12:13:12","date_gmt":"2022-01-18T11:13:12","guid":{"rendered":"https:\/\/sunward.eu\/?post_type=product&#038;p=1187"},"modified":"2025-07-11T15:51:19","modified_gmt":"2025-07-11T13:51:19","slug":"swe-60uf","status":"publish","type":"product","link":"https:\/\/sunward.eu\/it\/product\/swe-60uf\/","title":{"rendered":"SWE 60UF"},"content":{"rendered":"<div class=\"wpb-content-wrapper\"><p>[vc_row][vc_column][vc_tta_accordion style=&#8221;flat&#8221; c_icon=&#8221;chevron&#8221; c_position=&#8221;right&#8221; active_section=&#8221;1&#8243; no_fill=&#8221;true&#8221; el_class=&#8221;custom-accordion&#8221;][vc_tta_section title=&#8221;SPECIFICHE&#8221; tab_id=&#8221;1623355628079-f58b5c44-7c4b&#8221;][vc_custom_heading text=&#8221;SUNWARD SWE 60UF&#8221; font_container=&#8221;tag:h3|text_align:left&#8221; use_theme_fonts=&#8221;yes&#8221;][vc_column_text css=&#8221;&#8221;]Il Sunward SWE 60UF \u00e8 un escavatore compatto con profilo girosagoma. La configurazione dello SWE 60UF gli consente di offrire una grande potenza con un ingombro ridotto e raggiungere spazi angusti che sono preclusi ad altre macchine della sua categoria. Combina la potenza del motore Kubota V2607-DI-T da 35 kW con un&#8217;incredibile precisione grazie ai doppi joystick proporzionali e alla portata idraulica perfettamente calibrata. L&#8217;eccezionale sbraccio di scavo significa che per questa macchina nessun cantiere \u00e8 off-limits. Inoltre, sicurezza e comfort devono andare sempre di pari passo e lo SWE 60UF tiene l&#8217;operatore al sicuro e nel pi\u00f9 completo comfort in qualunque condizione di lavoro. Da ultimo, ma non per importanza, nel metodico rispetto della tradizione Sunward che punta ad assicurare sempre il miglior rapporto qualit\u00e0-prezzo, lo SWE 60UF offre al giusto prezzo e di serie molte dotazioni e fino a 5 anni di garanzia.<br \/>\nScoprite tutti gli altri vantaggi del Sunward SWE 60UF.[\/vc_column_text][vc_row_inner][vc_column_inner width=&#8221;1\/2&#8243;][vc_toggle title=&#8221;DIMENSIONI&#8221; css=&#8221;&#8221;]<\/p>\n<table width=\"1271\">\n<tbody>\n<tr>\n<td width=\"573\">Peso operativo<\/td>\n<td width=\"698\">6 000 kg<\/td>\n<\/tr>\n<tr>\n<td width=\"573\">Capacit\u00e0 benna standard<\/td>\n<td>0.18 m\u00b3<\/td>\n<\/tr>\n<tr>\n<td width=\"573\">Lunghezza di trasporto<\/td>\n<td>5 680 mm<\/td>\n<\/tr>\n<tr>\n<td width=\"573\">Larghezza di trasporto<\/td>\n<td>2 000 mm<\/td>\n<\/tr>\n<tr>\n<td width=\"573\">Altezza alla cabina<\/td>\n<td>2 570 mm<\/td>\n<\/tr>\n<\/tbody>\n<\/table>\n<p>[\/vc_toggle][vc_toggle title=&#8221;MOTORE&#8221; css=&#8221;&#8221;]<\/p>\n<table width=\"1271\">\n<tbody>\n<tr>\n<td width=\"573\">Modello<\/td>\n<td width=\"698\">Kubota V2607-DI-T<\/td>\n<\/tr>\n<tr>\n<td>Classe emissioni<\/td>\n<td>UE Stage V<\/td>\n<\/tr>\n<tr>\n<td>Cilindrata<\/td>\n<td>2.6 L<\/td>\n<\/tr>\n<tr>\n<td>Potenza nominale di uscita<\/td>\n<td>35 kW<\/td>\n<\/tr>\n<\/tbody>\n<\/table>\n<p>[\/vc_toggle][vc_toggle title=&#8221;IMPIANTO IDRAULICO&#8221; css=&#8221;&#8221;]<\/p>\n<table width=\"1271\">\n<tbody>\n<tr>\n<td width=\"573\">Tipo<\/td>\n<td width=\"698\">1 pompa a pistone variabile<\/td>\n<\/tr>\n<tr>\n<td>Cilindrata<\/td>\n<td>158.4 L\/min<\/td>\n<\/tr>\n<tr>\n<td>Pressione idraulica<\/td>\n<td>25 Mpa<\/td>\n<\/tr>\n<\/tbody>\n<\/table>\n<p>[\/vc_toggle][vc_toggle title=&#8221;DIAGRAMMA DI LAVORO&#8221; css=&#8221;&#8221;]<\/p>\n<table width=\"1271\">\n<tbody>\n<tr>\n<td width=\"573\">Profondit\u00e0 di scavo max<\/td>\n<td width=\"698\">3 700 mm<\/td>\n<\/tr>\n<tr>\n<td>Sbraccio di scavo max<\/td>\n<td>6 260 mm<\/td>\n<\/tr>\n<tr>\n<td>Forza di scavo max &#8211; alla benna<\/td>\n<td>47 kN<\/td>\n<\/tr>\n<tr>\n<td>Forza di scavo max &#8211; al bilanciere<\/td>\n<td>31 kN<\/td>\n<\/tr>\n<\/tbody>\n<\/table>\n<p>[\/vc_toggle][\/vc_column_inner][vc_column_inner width=&#8221;1\/2&#8243;][\/vc_column_inner][\/vc_row_inner][\/vc_tta_section][vc_tta_section title=&#8221;CARATTERISTICHE E VANTAGGI&#8221; tab_id=&#8221;1623355710952-d36b50a3-81ed&#8221;][vc_row_inner][vc_column_inner width=&#8221;1\/4&#8243;][vc_single_image image=&#8221;1070&#8243; img_size=&#8221;medium&#8221;][\/vc_column_inner][vc_column_inner width=&#8221;3\/4&#8243;][vc_custom_heading text=&#8221;FATTO PER L&#8217;EUROPA&#8221; font_container=&#8221;tag:h3|text_align:left&#8221; use_theme_fonts=&#8221;yes&#8221;][vc_column_text]Come tutte le macchine Sunward vendute in Europa, anche il Sunward SWE 60UF non \u00e8 semplicemente certificato a norma UE, ma \u00e8 stato progettato per soddisfare le esigenze dei clienti europei.[\/vc_column_text][\/vc_column_inner][\/vc_row_inner][vc_separator][vc_row_inner][vc_column_inner width=&#8221;1\/4&#8243;][vc_single_image image=&#8221;1182&#8243; img_size=&#8221;medium&#8221;][\/vc_column_inner][vc_column_inner width=&#8221;3\/4&#8243;][vc_custom_heading text=&#8221;MOTORE POTENTE E AFFIDABILE&#8221; font_container=&#8221;tag:h3|text_align:left&#8221; use_theme_fonts=&#8221;yes&#8221;][vc_column_text css=&#8221;&#8221;]Abbiamo scelto il potente motore Kubota V2607-DI-T per diverse buone ragioni. Questo diesel verticale a 4 tempi, raffreddato ad acqua, eroga 35 kW. Il Kubota V2607 offre grandi prestazioni, affidabilit\u00e0 eccezionale e lunga durata per una vasta gamma di applicazioni. Soddisfa inoltre le normative europee sulle emissioni Stage V. \u00c8 praticamente il complemento perfetto per il nostro affidabile e versatile SWE 60UF.[\/vc_column_text][\/vc_column_inner][\/vc_row_inner][vc_separator][vc_row_inner][vc_column_inner width=&#8221;1\/4&#8243;][vc_single_image image=&#8221;1091&#8243; img_size=&#8221;medium&#8221;][\/vc_column_inner][vc_column_inner width=&#8221;3\/4&#8243;][vc_custom_heading text=&#8221;COMPONENTI PREMIUM&#8221; font_container=&#8221;tag:h3|text_align:left&#8221; use_theme_fonts=&#8221;yes&#8221;][vc_column_text css=&#8221;&#8221;]Tutti i componenti chiave degli escavatori Sunward sono selezionati con grande attenzione \u2014 dal motore Kubota al sistema idraulico. Poich\u00e9 l\u2019impianto idraulico \u00e8 spesso considerato il cuore della macchina, Sunward collabora esclusivamente con fornitori di primo livello, noti per la loro qualit\u00e0 e prestazioni. Per il modello Sunward SWE 60UF, abbiamo scelto produttori affidabili per la fornitura della pompa idraulica, del motore di traslazione e del motore di rotazione. Questi componenti sono efficienti, affidabili e compatti &#8211; qualit\u00e0 fondamentali che contribuiscono direttamente all\u2019affidabilit\u00e0 complessiva e alle prestazioni a lungo termine della SWE 60UF.[\/vc_column_text][\/vc_column_inner][\/vc_row_inner][vc_separator][vc_row_inner][vc_column_inner width=&#8221;1\/4&#8243;][vc_single_image image=&#8221;1076&#8243; img_size=&#8221;medium&#8221;][\/vc_column_inner][vc_column_inner width=&#8221;3\/4&#8243;][vc_custom_heading text=&#8221;AMPIO DIAGRAMMA DI LAVORO&#8221; font_container=&#8221;tag:h3|text_align:left&#8221; use_theme_fonts=&#8221;yes&#8221;][vc_column_text css=&#8221;&#8221;]Lo SWE 60UF offre forze di scavo eccezionali &#8211; 47 kN (alla benna) e 31 kN (al bilanciere), che gli consentono di rivaleggiare facilmente con gli altri escavatori da 6 t sul mercato. E per quanto riguarda invece lo sbraccio, il cilindro del braccio dello SWE 60UF \u00e8 stato progettato per offrire uno sbraccio al suolo di oltre 6.1 metri (6 140 mm) e uno sbraccio di scavo che supera i 6.2 metri (6 260 mm), cosa che fa di questo escavatore compatto il punto di riferimento nella sua classe.[\/vc_column_text][\/vc_column_inner][\/vc_row_inner][vc_separator][vc_row_inner][vc_column_inner width=&#8221;1\/4&#8243;][vc_single_image image=&#8221;1079&#8243; img_size=&#8221;medium&#8221;][\/vc_column_inner][vc_column_inner width=&#8221;3\/4&#8243;][vc_custom_heading text=&#8221;PRONTO PER LE PI\u00d9 DIVERSE APPLICAZIONI&#8221; font_container=&#8221;tag:h3|text_align:left&#8221; use_theme_fonts=&#8221;yes&#8221;][vc_column_text css=&#8221;&#8221;]La versatilit\u00e0 di un escavatore compatto nasce dalla cura con cui viene progettato. E in termini di progettazione, lo SWE 60UF \u00e8 un escavatore davvero ben fatto. Questo escavatore girosagoma ha dimensioni davvero compatte (2 000 mm di larghezza) ed \u00e8 leggero (6 000 kg), elementi che gli permettono di portare potenza e facilit\u00e0 di lavoro anche in spazi molto angusti, senza alcun compromesso sulla sicurezza. Inoltre, lo SWE 60UF \u00e8 pronto per qualunque cantiere, grazie alle linee idrauliche ausiliarie di serie che permettono regolazione e monitoraggio della portata per tutti i tipi di accessori. Questo si traduce in non meno di 3 linee ausiliarie separate e una linea per il ritorno idraulico tutte di serie. L&#8217;escavatore pu\u00f2 quindi essere facilmente equipaggiato con una vasta gamma di accessori pronti a rispondere alle pi\u00f9 diverse applicazioni.[\/vc_column_text][\/vc_column_inner][\/vc_row_inner][vc_separator][vc_row_inner][vc_column_inner width=&#8221;1\/4&#8243;][vc_single_image image=&#8221;1183&#8243; img_size=&#8221;medium&#8221;][\/vc_column_inner][vc_column_inner width=&#8221;3\/4&#8243;][vc_custom_heading text=&#8221;DOTAZIONI DA SUBITO COMPLETE&#8221; font_container=&#8221;tag:h3|text_align:left&#8221; use_theme_fonts=&#8221;yes&#8221;][vc_column_text]Il Sunward SWE 60UF offre tutto quello che serve praticamente cos\u00ec come esce della linea di montaggio:<br \/>\n\u2013 Minimo automatico per risparmiare carburante e ridurre i consumi. \u2013 Mentre gli altri costruttori di solito usano un controllo portata pi\u00f9 semplice (e pi\u00f9 economico), Sunward preferisce l&#8217;architettura (idraulica) Load Sensing, per i vantaggi che offre in termini di consumi.<br \/>\n\u2013 Valvole di sicurezza sul cilindro del braccio per un utilizzo pi\u00f9 sicuro.<br \/>\n\u2013 Motore di traslazione con cambio automatico per una marcia pi\u00f9 comoda e dolce.<br \/>\n\u2013 Cabina TOPS, FOPS e ROPS.<br \/>\n\u2013 Sezionatore della batteria per una maggiore sicurezza e per prolungare durata e capacit\u00e0 della batteria &#8211; caratteristica particolarmente apprezzata nel freddo dei paesi scandinavi.<br \/>\n\u2013 Circuito idraulico a doppio effetto<br \/>\n\u2013 Attacco rapido idraulico montato in fabbrica<br \/>\n\u2013 Linee idrauliche per rotazione e demolitore montate in fabbrica<br \/>\n\u2013 Linea di scarico della carcassa montata in fabbrica<br \/>\n\u2013 Doppio joystick proporzionale montato in fabbrica<br \/>\n\u2013 Comandi a joystick configurati in fabbrica per il rotatore inclinabile (rotatore di propria scelta)<br \/>\n\u2013 3 luci di lavoro a LED di serie: 2 sulla parte anteriore della cabina e 1 sul lato sinistro del braccio[\/vc_column_text][\/vc_column_inner][\/vc_row_inner][vc_separator][vc_row_inner][vc_column_inner width=&#8221;1\/4&#8243;][vc_single_image image=&#8221;1146&#8243; img_size=&#8221;medium&#8221;][\/vc_column_inner][vc_column_inner width=&#8221;3\/4&#8243;][vc_custom_heading text=&#8221;FACILE DA MANUTENERE&#8221; font_container=&#8221;tag:h3|text_align:left&#8221; use_theme_fonts=&#8221;yes&#8221;][vc_column_text]La cabina estremamente robusta dello SWE 60UF soddisfa i requisiti FOPS, TOPS e ROPS, elemento fondamentale che contribuisce a garantire comodit\u00e0 e sicurezza in qualunque ambiente di lavoro. Nonostante le dimensioni esterne compatte, lo SWE 60UF offre una cabina spaziosa con ingresso ampio e comodo per tutte le corporature. Grazie all&#8217;ampia finestratura e alla disposizione razionale dentro l&#8217;abitacolo, tutto \u00e8 progettato per garantire comfort, produttivit\u00e0 e sicurezza per l&#8217;operatore.[\/vc_column_text][\/vc_column_inner][\/vc_row_inner][vc_separator][vc_row_inner][vc_column_inner width=&#8221;1\/4&#8243;][vc_single_image image=&#8221;1205&#8243; img_size=&#8221;medium&#8221;][\/vc_column_inner][vc_column_inner width=&#8221;3\/4&#8243;][vc_custom_heading text=&#8221;CABINA SICURA&#8221; font_container=&#8221;tag:h3|text_align:left&#8221; use_theme_fonts=&#8221;yes&#8221;][vc_column_text]La cabina estremamente robusta dello SWE 60UF soddisfa i requisiti FOPS, TOPS e ROPS, elemento fondamentale che contribuisce a garantire comodit\u00e0 e sicurezza in qualunque ambiente di lavoro. Nonostante le dimensioni esterne compatte, lo SWE 60UF offre una cabina spaziosa con ingresso ampio e comodo per tutte le corporature. Grazie all&#8217;ampia finestratura e alla disposizione razionale dentro l&#8217;abitacolo, tutto \u00e8 progettato per garantire comfort, produttivit\u00e0 e sicurezza per l&#8217;operatore.[\/vc_column_text][\/vc_column_inner][\/vc_row_inner][vc_separator][vc_row_inner][vc_column_inner width=&#8221;1\/4&#8243;][vc_single_image image=&#8221;1071&#8243; img_size=&#8221;medium&#8221;][\/vc_column_inner][vc_column_inner width=&#8221;3\/4&#8243;][vc_custom_heading text=&#8221;MIGLIOR RAPPORTO QUALIT\u00c0\/PREZZO&#8221; font_container=&#8221;tag:h3|text_align:left&#8221; use_theme_fonts=&#8221;yes&#8221;][vc_column_text]Sunward: l&#8217;investimento perfetto in affidabilit\u00e0, prestazioni e ritorno sull&#8217;investimento. Nel progettare lo SWE 60UF, particolare cura \u00e8 stata data alla scelta dei componenti al fine di semplificarne uso e manutenzione. Dalle nostre scelte progettuali nascono macchine che offrono moltissime caratteristiche di serie, componenti chiave di primissima qualit\u00e0 e grandi capacit\u00e0&#8230; il tutto a un prezzo pi\u00f9 che ragionevole.<br \/>\nInoltre, anche i ricambi originali Sunward sono economici e quest&#8217;ottimo rapporto qualit\u00e0-prezzo \u00e8 coronato dalla garanzia di 5 anni, di serie su tutti i prodotti Sunward.[\/vc_column_text][\/vc_column_inner][\/vc_row_inner][\/vc_tta_section][vc_tta_section title=&#8221;VIDEO&#8221; tab_id=&#8221;1623857706491-8aa3a03f-cca1&#8243;][vc_video link=&#8221;https:\/\/youtu.be\/ZQVT7VS9UVQ&#8221;][\/vc_tta_section][vc_tta_section title=&#8221;BROCHURE&#8221; tab_id=&#8221;1623857795794-8fd5289e-c5a3&#8243;][vc_row_inner content_placement=&#8221;middle&#8221;][vc_column_inner width=&#8221;1\/4&#8243;][vc_single_image image=&#8221;4275&#8243; img_size=&#8221;large&#8221; css=&#8221;&#8221;][\/vc_column_inner][vc_column_inner width=&#8221;3\/4&#8243;][vc_custom_heading text=&#8221;BROCHURE PRODOTTO&#8221; font_container=&#8221;tag:h3|text_align:left&#8221; use_theme_fonts=&#8221;yes&#8221;][vc_btn title=&#8221;SCARICA&#8221; color=&#8221;orange&#8221; size=&#8221;lg&#8221; css=&#8221;&#8221; link=&#8221;url:https%3A%2F%2Fsunward.eu%2Fwp-content%2Fuploads%2F2025%2F05%2FSUNWARD_SWE-60UF_05.2025_FINAL_HR_IT.pdf|title:Sunward%20SWE%2060UF%20Product%20Brochure|target:_blank&#8221;][\/vc_column_inner][\/vc_row_inner][\/vc_tta_section][\/vc_tta_accordion][\/vc_column][\/vc_row]<\/p>\n<\/div>","protected":false},"excerpt":{"rendered":"<p>Il Sunward SWE 60UF \u00e8 un escavatore compatto con profilo girosagoma. La configurazione dello SWE 60UF gli consente di offrire una grande potenza con un ingombro ridotto e raggiungere spazi angusti che sono preclusi ad altre macchine della sua categoria. Combinando potenza e precisione, lo SWE 60UF offre anche una cabina confortevole e sicura. Infine, ma non meno importante, l&#8217;eccezionale sbraccio di scavo significa che per questa macchina nessun cantiere \u00e8 off-limits. [&#8230;]<\/p>\n<p><a class=\"btn btn-secondary understrap-read-more-link\" href=\"https:\/\/sunward.eu\/it\/product\/swe-60uf\/\">Leggi tutto&#8230;<\/a><\/p>\n","protected":false},"featured_media":2703,"comment_status":"closed","ping_status":"closed","template":"","meta":{"_acf_changed":false,"inline_featured_image":false},"product_cat":[26,36],"product_tag":[],"class_list":{"0":"post-1187","1":"product","2":"type-product","3":"status-publish","4":"has-post-thumbnail","6":"product_cat-excavators","7":"product_cat-compact-excavators","8":"pa_emission-rating-eu-stage-5","9":"pa_max-digging-depth-3-700-mm","10":"pa_operating-weight-6-000-kg","11":"pa_power-output-35-kw","12":"pa_width-2-000-mm","14":"first","15":"instock","16":"shipping-taxable","17":"product-type-simple"},"translation":{"provider":"WPGlobus","version":"2.12.2","language":"it","enabled_languages":["en","de","fr","it"],"languages":{"en":{"title":true,"content":true,"excerpt":true},"de":{"title":true,"content":true,"excerpt":true},"fr":{"title":true,"content":true,"excerpt":true},"it":{"title":true,"content":true,"excerpt":true}}},"acf":[],"yoast_head":"<!-- This site is optimized with the Yoast SEO plugin v22.6 - https:\/\/yoast.com\/wordpress\/plugins\/seo\/ -->\n<title>SWE 60UF - Sunward Europe (Official Website for EU &amp; UK)<\/title>\n<meta name=\"robots\" content=\"index, follow, max-snippet:-1, max-image-preview:large, max-video-preview:-1\" \/>\n<link rel=\"canonical\" href=\"https:\/\/sunward.eu\/product\/swe-60uf\/\" \/>\n<meta property=\"og:locale\" content=\"it_IT\" \/>\n<meta property=\"og:type\" content=\"article\" \/>\n<meta property=\"og:title\" content=\"SWE 60UF - Sunward Europe (Official Website for EU &amp; UK)\" \/>\n<meta property=\"og:url\" content=\"https:\/\/sunward.eu\/product\/swe-60uf\/\" \/>\n<meta property=\"og:site_name\" content=\"Sunward Europe (Official Website for EU &amp; UK)\" \/>\n<meta property=\"article:modified_time\" content=\"2025-07-11T13:51:19+00:00\" \/>\n<meta property=\"og:image\" content=\"https:\/\/sunward.eu\/wp-content\/uploads\/2022\/01\/Sunward-SWE-60UF_MAIN.png\" \/>\n\t<meta property=\"og:image:width\" content=\"1000\" \/>\n\t<meta property=\"og:image:height\" content=\"1000\" \/>\n\t<meta property=\"og:image:type\" content=\"image\/png\" \/>\n<meta name=\"twitter:card\" content=\"summary_large_image\" \/>\n<meta name=\"twitter:label1\" content=\"Est. reading time\" \/>\n\t<meta name=\"twitter:data1\" content=\"6 minutes\" \/>\n<script type=\"application\/ld+json\" class=\"yoast-schema-graph\">{\"@context\":\"https:\/\/schema.org\",\"@graph\":[{\"@type\":\"WebPage\",\"@id\":\"https:\/\/sunward.eu\/product\/swe-60uf\/\",\"url\":\"https:\/\/sunward.eu\/product\/swe-60uf\/\",\"name\":\"SWE 60UF - Sunward Europe (Official Website for EU &amp; UK)\",\"isPartOf\":{\"@id\":\"https:\/\/sunward.eu\/#website\"},\"primaryImageOfPage\":{\"@id\":\"https:\/\/sunward.eu\/product\/swe-60uf\/#primaryimage\"},\"image\":{\"@id\":\"https:\/\/sunward.eu\/product\/swe-60uf\/#primaryimage\"},\"thumbnailUrl\":\"https:\/\/sunward.eu\/wp-content\/uploads\/2022\/01\/Sunward-SWE-60UF_MAIN.png\",\"datePublished\":\"2022-01-18T11:13:12+00:00\",\"dateModified\":\"2025-07-11T13:51:19+00:00\",\"breadcrumb\":{\"@id\":\"https:\/\/sunward.eu\/product\/swe-60uf\/#breadcrumb\"},\"inLanguage\":\"it-IT\",\"potentialAction\":[{\"@type\":\"ReadAction\",\"target\":[\"https:\/\/sunward.eu\/product\/swe-60uf\/\"]}]},{\"@type\":\"ImageObject\",\"inLanguage\":\"it-IT\",\"@id\":\"https:\/\/sunward.eu\/product\/swe-60uf\/#primaryimage\",\"url\":\"https:\/\/sunward.eu\/wp-content\/uploads\/2022\/01\/Sunward-SWE-60UF_MAIN.png\",\"contentUrl\":\"https:\/\/sunward.eu\/wp-content\/uploads\/2022\/01\/Sunward-SWE-60UF_MAIN.png\",\"width\":1000,\"height\":1000,\"caption\":\"Sunward SWE 60UF\"},{\"@type\":\"BreadcrumbList\",\"@id\":\"https:\/\/sunward.eu\/product\/swe-60uf\/#breadcrumb\",\"itemListElement\":[{\"@type\":\"ListItem\",\"position\":1,\"name\":\"Home\",\"item\":\"https:\/\/sunward.eu\/\"},{\"@type\":\"ListItem\",\"position\":2,\"name\":\"Products\",\"item\":\"https:\/\/sunward.eu\/shop\/\"},{\"@type\":\"ListItem\",\"position\":3,\"name\":\"Excavators\",\"item\":\"https:\/\/sunward.eu\/product-category\/excavators\/\"},{\"@type\":\"ListItem\",\"position\":4,\"name\":\"SWE 60UF\"}]},{\"@type\":\"WebSite\",\"@id\":\"https:\/\/sunward.eu\/#website\",\"url\":\"https:\/\/sunward.eu\/\",\"name\":\"Sunward Europe (Official Website for EU &amp; UK)\",\"description\":\"The smart choice\",\"publisher\":{\"@id\":\"https:\/\/sunward.eu\/#organization\"},\"potentialAction\":[{\"@type\":\"SearchAction\",\"target\":{\"@type\":\"EntryPoint\",\"urlTemplate\":\"https:\/\/sunward.eu\/?s={search_term_string}\"},\"query-input\":\"required name=search_term_string\"}],\"inLanguage\":\"it-IT\"},{\"@type\":\"Organization\",\"@id\":\"https:\/\/sunward.eu\/#organization\",\"name\":\"Sunward Europe (Official Website for EU &amp; UK)\",\"url\":\"https:\/\/sunward.eu\/\",\"logo\":{\"@type\":\"ImageObject\",\"inLanguage\":\"it-IT\",\"@id\":\"https:\/\/sunward.eu\/#\/schema\/logo\/image\/\",\"url\":\"https:\/\/sunward.eu\/wp-content\/uploads\/2022\/01\/Website_Sunward_logo_top_180x63px.png\",\"contentUrl\":\"https:\/\/sunward.eu\/wp-content\/uploads\/2022\/01\/Website_Sunward_logo_top_180x63px.png\",\"width\":180,\"height\":63,\"caption\":\"Sunward Europe (Official Website for EU &amp; UK)\"},\"image\":{\"@id\":\"https:\/\/sunward.eu\/#\/schema\/logo\/image\/\"}}]}<\/script>\n<!-- \/ Yoast SEO plugin. -->","yoast_head_json":{"title":"SWE 60UF - Sunward Europe (Official Website for EU &amp; UK)","robots":{"index":"index","follow":"follow","max-snippet":"max-snippet:-1","max-image-preview":"max-image-preview:large","max-video-preview":"max-video-preview:-1"},"canonical":"https:\/\/sunward.eu\/product\/swe-60uf\/","og_locale":"it_IT","og_type":"article","og_title":"SWE 60UF - Sunward Europe (Official Website for EU &amp; UK)","og_url":"https:\/\/sunward.eu\/product\/swe-60uf\/","og_site_name":"Sunward Europe (Official Website for EU &amp; UK)","article_modified_time":"2025-07-11T13:51:19+00:00","og_image":[{"width":1000,"height":1000,"url":"https:\/\/sunward.eu\/wp-content\/uploads\/2022\/01\/Sunward-SWE-60UF_MAIN.png","type":"image\/png"}],"twitter_card":"summary_large_image","twitter_misc":{"Est. reading time":"6 minutes"},"schema":{"@context":"https:\/\/schema.org","@graph":[{"@type":"WebPage","@id":"https:\/\/sunward.eu\/product\/swe-60uf\/","url":"https:\/\/sunward.eu\/product\/swe-60uf\/","name":"SWE 60UF - Sunward Europe (Official Website for EU &amp; UK)","isPartOf":{"@id":"https:\/\/sunward.eu\/#website"},"primaryImageOfPage":{"@id":"https:\/\/sunward.eu\/product\/swe-60uf\/#primaryimage"},"image":{"@id":"https:\/\/sunward.eu\/product\/swe-60uf\/#primaryimage"},"thumbnailUrl":"https:\/\/sunward.eu\/wp-content\/uploads\/2022\/01\/Sunward-SWE-60UF_MAIN.png","datePublished":"2022-01-18T11:13:12+00:00","dateModified":"2025-07-11T13:51:19+00:00","breadcrumb":{"@id":"https:\/\/sunward.eu\/product\/swe-60uf\/#breadcrumb"},"inLanguage":"it-IT","potentialAction":[{"@type":"ReadAction","target":["https:\/\/sunward.eu\/product\/swe-60uf\/"]}]},{"@type":"ImageObject","inLanguage":"it-IT","@id":"https:\/\/sunward.eu\/product\/swe-60uf\/#primaryimage","url":"https:\/\/sunward.eu\/wp-content\/uploads\/2022\/01\/Sunward-SWE-60UF_MAIN.png","contentUrl":"https:\/\/sunward.eu\/wp-content\/uploads\/2022\/01\/Sunward-SWE-60UF_MAIN.png","width":1000,"height":1000,"caption":"Sunward SWE 60UF"},{"@type":"BreadcrumbList","@id":"https:\/\/sunward.eu\/product\/swe-60uf\/#breadcrumb","itemListElement":[{"@type":"ListItem","position":1,"name":"Home","item":"https:\/\/sunward.eu\/"},{"@type":"ListItem","position":2,"name":"Products","item":"https:\/\/sunward.eu\/shop\/"},{"@type":"ListItem","position":3,"name":"Excavators","item":"https:\/\/sunward.eu\/product-category\/excavators\/"},{"@type":"ListItem","position":4,"name":"SWE 60UF"}]},{"@type":"WebSite","@id":"https:\/\/sunward.eu\/#website","url":"https:\/\/sunward.eu\/","name":"Sunward Europe (Official Website for EU &amp; UK)","description":"The smart choice","publisher":{"@id":"https:\/\/sunward.eu\/#organization"},"potentialAction":[{"@type":"SearchAction","target":{"@type":"EntryPoint","urlTemplate":"https:\/\/sunward.eu\/?s={search_term_string}"},"query-input":"required name=search_term_string"}],"inLanguage":"it-IT"},{"@type":"Organization","@id":"https:\/\/sunward.eu\/#organization","name":"Sunward Europe (Official Website for EU &amp; UK)","url":"https:\/\/sunward.eu\/","logo":{"@type":"ImageObject","inLanguage":"it-IT","@id":"https:\/\/sunward.eu\/#\/schema\/logo\/image\/","url":"https:\/\/sunward.eu\/wp-content\/uploads\/2022\/01\/Website_Sunward_logo_top_180x63px.png","contentUrl":"https:\/\/sunward.eu\/wp-content\/uploads\/2022\/01\/Website_Sunward_logo_top_180x63px.png","width":180,"height":63,"caption":"Sunward Europe (Official Website for EU &amp; UK)"},"image":{"@id":"https:\/\/sunward.eu\/#\/schema\/logo\/image\/"}}]}},"_links":{"self":[{"href":"https:\/\/sunward.eu\/it\/wp-json\/wp\/v2\/product\/1187","targetHints":{"allow":["GET"]}}],"collection":[{"href":"https:\/\/sunward.eu\/it\/wp-json\/wp\/v2\/product"}],"about":[{"href":"https:\/\/sunward.eu\/it\/wp-json\/wp\/v2\/types\/product"}],"replies":[{"embeddable":true,"href":"https:\/\/sunward.eu\/it\/wp-json\/wp\/v2\/comments?post=1187"}],"wp:featuredmedia":[{"embeddable":true,"href":"https:\/\/sunward.eu\/it\/wp-json\/wp\/v2\/media\/2703"}],"wp:attachment":[{"href":"https:\/\/sunward.eu\/it\/wp-json\/wp\/v2\/media?parent=1187"}],"wp:term":[{"taxonomy":"product_cat","embeddable":true,"href":"https:\/\/sunward.eu\/it\/wp-json\/wp\/v2\/product_cat?post=1187"},{"taxonomy":"product_tag","embeddable":true,"href":"https:\/\/sunward.eu\/it\/wp-json\/wp\/v2\/product_tag?post=1187"}],"curies":[{"name":"wp","href":"https:\/\/api.w.org\/{rel}","templated":true}]}}