{"id":537,"date":"2021-06-30T09:06:32","date_gmt":"2021-06-30T07:06:32","guid":{"rendered":"https:\/\/sunward.eu\/?page_id=537"},"modified":"2024-02-01T11:15:42","modified_gmt":"2024-02-01T10:15:42","slug":"spare-parts-2","status":"publish","type":"page","link":"https:\/\/sunward.eu\/it\/service-parts\/spare-parts-2\/","title":{"rendered":"Garanzia"},"content":{"rendered":"<div class=\"wpb-content-wrapper\"><p>[vc_row full_width=&#8221;stretch_row&#8221; content_placement=&#8221;middle&#8221; css_animation=&#8221;fadeIn&#8221; css=&#8221;.vc_custom_1624962250059{background-color: #f8fbfb !important;}&#8221; el_id=&#8221;europe&#8221;][vc_column offset=&#8221;vc_col-lg-5 vc_col-md-5&#8243;][vc_single_image image=&#8221;3415&#8243; img_size=&#8221;full&#8221; style=&#8221;vc_box_rounded&#8221; el_class=&#8221;img-styled bottom left&#8221;][\/vc_column][vc_column offset=&#8221;vc_col-lg-7 vc_col-md-7&#8243; el_class=&#8221;text-col-right&#8221;][vc_custom_heading text=&#8221;ZERO<br \/>\n<b>PENSIERI<\/b>&#8221; font_container=&#8221;tag:h2|font_size:44|text_align:left|color:%23008d84|line_height:53px&#8221; use_theme_fonts=&#8221;yes&#8221; css_animation=&#8221;fadeInUp&#8221; el_class=&#8221;text-uppercase&#8221;][vc_column_text css_animation=&#8221;fadeInUp&#8221;]Tutte le nostre macchine sono coperte da garanzia fino a 5 anni per una sicurezza a zero pensieri.[\/vc_column_text][\/vc_column][\/vc_row][vc_section full_width=&#8221;stretch_row&#8221; el_id=&#8221;section-1&#8243; el_class=&#8221;page-section&#8221; css=&#8221;.vc_custom_1625225596385{background-color: #f8fbfb !important;}&#8221;][vc_row full_width=&#8221;stretch_row&#8221; rtl_reverse=&#8221;yes&#8221; content_placement=&#8221;middle&#8221; css_animation=&#8221;fadeIn&#8221;][vc_column offset=&#8221;vc_col-lg-6 vc_col-md-6&#8243; el_class=&#8221;text-col-left&#8221;][vc_custom_heading text=&#8221;<b>COMPONENTI<\/b><br \/>\nPREMIUM&#8221; font_container=&#8221;tag:h2|font_size:48|text_align:left|color:%23008d84|line_height:58px&#8221; use_theme_fonts=&#8221;yes&#8221; css_animation=&#8221;fadeInUp&#8221; el_class=&#8221;text-uppercase&#8221;][vc_column_text css_animation=&#8221;fadeInUp&#8221;]Sunward \u00e8 il tuo investimento pi\u00f9 intelligente in termini di affidabilit\u00e0, prestazioni e ROI elevato. In effetti, il design esperto di Sunward include un&#8217;accurata selezione di componenti premium che ottimizzano il funzionamento, la manutenzione e soprattutto la durata, oltre a 5 anni di garanzia, standard per tutti i prodotti Sunward.[\/vc_column_text][\/vc_column][vc_column offset=&#8221;vc_col-lg-6 vc_col-md-6&#8243;][vc_single_image image=&#8221;2443&#8243; img_size=&#8221;full&#8221; alignment=&#8221;right&#8221; style=&#8221;vc_box_rounded&#8221; el_class=&#8221;img-styled bottom right&#8221;][\/vc_column][\/vc_row][vc_row full_width=&#8221;stretch_row&#8221; rtl_reverse=&#8221;yes&#8221; content_placement=&#8221;middle&#8221; css_animation=&#8221;fadeIn&#8221;][vc_column offset=&#8221;vc_col-lg-6 vc_col-md-6&#8243; el_class=&#8221;text-col-left&#8221;][vc_single_image image=&#8221;2444&#8243; img_size=&#8221;full&#8221; alignment=&#8221;right&#8221; style=&#8221;vc_box_rounded&#8221; el_class=&#8221;img-styled bottom right&#8221;][\/vc_column][vc_column offset=&#8221;vc_col-lg-6 vc_col-md-6&#8243;][vc_custom_heading text=&#8221;<b>CONTROLLO QUALIT\u00c0<\/b><br \/>\nIN CIMA&#8221; font_container=&#8221;tag:h2|font_size:48|text_align:left|color:%23008d84|line_height:58px&#8221; use_theme_fonts=&#8221;yes&#8221; css_animation=&#8221;fadeInUp&#8221; el_class=&#8221;text-uppercase&#8221;][vc_column_text css_animation=&#8221;fadeInUp&#8221;]Il controllo della qualit\u00e0 delle nostre macchine \u00e8 al centro della strategia di Sunward. Pertanto, per mantenere una qualit\u00e0 costante, tutte le nostre apparecchiature vengono sottoposte a un&#8217;ispezione di consegna del prodotto (PDI) presso la nostra sede europea a Tessenderlo, in Belgio.[\/vc_column_text][\/vc_column][\/vc_row][\/vc_section]<\/p>\n<\/div>","protected":false},"excerpt":{"rendered":"<p>[vc_row full_width=&#8221;stretch_row&#8221; content_placement=&#8221;middle&#8221; css_animation=&#8221;fadeIn&#8221; css=&#8221;.vc_custom_1624962250059{background-color: #f8fbfb !important;}&#8221; el_id=&#8221;europe&#8221;][vc_column offset=&#8221;vc_col-lg-5 vc_col-md-5&#8243;][vc_single_image image=&#8221;3415&#8243; img_size=&#8221;full&#8221; style=&#8221;vc_box_rounded&#8221; el_class=&#8221;img-styled bottom left&#8221;][\/vc_column][vc_column offset=&#8221;vc_col-lg-7 vc_col-md-7&#8243; el_class=&#8221;text-col-right&#8221;][vc_custom_heading text=&#8221;ZERO PENSIERI&#8221; font_container=&#8221;tag:h2|font_size:44|text_align:left|color:%23008d84|line_height:53px&#8221; use_theme_fonts=&#8221;yes&#8221; css_animation=&#8221;fadeInUp&#8221; el_class=&#8221;text-uppercase&#8221;][vc_column_text css_animation=&#8221;fadeInUp&#8221;]Tutte le nostre macchine sono coperte da garanzia fino a 5 anni per una sicurezza a zero pensieri.[\/vc_column_text][\/vc_column][\/vc_row][vc_section full_width=&#8221;stretch_row&#8221; el_id=&#8221;section-1&#8243; el_class=&#8221;page-section&#8221; css=&#8221;.vc_custom_1625225596385{background-color: #f8fbfb !important;}&#8221;][vc_row full_width=&#8221;stretch_row&#8221; rtl_reverse=&#8221;yes&#8221; content_placement=&#8221;middle&#8221; css_animation=&#8221;fadeIn&#8221;][vc_column offset=&#8221;vc_col-lg-6 vc_col-md-6&#8243; [&#8230;]<\/p>\n<p><a class=\"btn btn-secondary understrap-read-more-link\" href=\"https:\/\/sunward.eu\/it\/service-parts\/spare-parts-2\/\">Leggi tutto&#8230;<\/a><\/p>\n","protected":false},"author":1,"featured_media":0,"parent":535,"menu_order":0,"comment_status":"closed","ping_status":"closed","template":"","meta":{"_acf_changed":false,"inline_featured_image":false,"footnotes":""},"class_list":["post-537","page","type-page","status-publish","hentry"],"translation":{"provider":"WPGlobus","version":"2.12.2","language":"it","enabled_languages":["en","de","fr","it"],"languages":{"en":{"title":true,"content":true,"excerpt":false},"de":{"title":true,"content":true,"excerpt":false},"fr":{"title":true,"content":true,"excerpt":false},"it":{"title":true,"content":true,"excerpt":false}}},"acf":[],"yoast_head":"<!-- This site is optimized with the Yoast SEO plugin v22.6 - https:\/\/yoast.com\/wordpress\/plugins\/seo\/ -->\n<title>Garanzia - Sunward Europe (Official Website for EU &amp; UK)<\/title>\n<meta name=\"robots\" content=\"index, follow, max-snippet:-1, max-image-preview:large, max-video-preview:-1\" \/>\n<link rel=\"canonical\" href=\"https:\/\/sunward.eu\/service-parts\/spare-parts-2\/\" \/>\n<meta property=\"og:locale\" content=\"it_IT\" \/>\n<meta property=\"og:type\" content=\"article\" \/>\n<meta property=\"og:title\" content=\"Garanzia - Sunward Europe (Official Website for EU &amp; UK)\" \/>\n<meta property=\"og:url\" content=\"https:\/\/sunward.eu\/service-parts\/spare-parts-2\/\" \/>\n<meta property=\"og:site_name\" content=\"Sunward Europe (Official Website for EU &amp; UK)\" \/>\n<meta property=\"article:modified_time\" content=\"2024-02-01T10:15:42+00:00\" \/>\n<meta name=\"twitter:card\" content=\"summary_large_image\" \/>\n<meta name=\"twitter:label1\" content=\"Est. reading time\" \/>\n\t<meta name=\"twitter:data1\" content=\"1 minute\" \/>\n<script type=\"application\/ld+json\" class=\"yoast-schema-graph\">{\"@context\":\"https:\/\/schema.org\",\"@graph\":[{\"@type\":\"WebPage\",\"@id\":\"https:\/\/sunward.eu\/service-parts\/spare-parts-2\/\",\"url\":\"https:\/\/sunward.eu\/service-parts\/spare-parts-2\/\",\"name\":\"Garanzia - Sunward Europe (Official Website for EU &amp; UK)\",\"isPartOf\":{\"@id\":\"https:\/\/sunward.eu\/#website\"},\"datePublished\":\"2021-06-30T07:06:32+00:00\",\"dateModified\":\"2024-02-01T10:15:42+00:00\",\"breadcrumb\":{\"@id\":\"https:\/\/sunward.eu\/service-parts\/spare-parts-2\/#breadcrumb\"},\"inLanguage\":\"it-IT\",\"potentialAction\":[{\"@type\":\"ReadAction\",\"target\":[\"https:\/\/sunward.eu\/service-parts\/spare-parts-2\/\"]}]},{\"@type\":\"BreadcrumbList\",\"@id\":\"https:\/\/sunward.eu\/service-parts\/spare-parts-2\/#breadcrumb\",\"itemListElement\":[{\"@type\":\"ListItem\",\"position\":1,\"name\":\"Home\",\"item\":\"https:\/\/sunward.eu\/\"},{\"@type\":\"ListItem\",\"position\":2,\"name\":\"Service &#038; Parts\",\"item\":\"https:\/\/sunward.eu\/service-parts\/\"},{\"@type\":\"ListItem\",\"position\":3,\"name\":\"Warranty\"}]},{\"@type\":\"WebSite\",\"@id\":\"https:\/\/sunward.eu\/#website\",\"url\":\"https:\/\/sunward.eu\/\",\"name\":\"Sunward Europe (Official Website for EU &amp; UK)\",\"description\":\"The smart choice\",\"publisher\":{\"@id\":\"https:\/\/sunward.eu\/#organization\"},\"potentialAction\":[{\"@type\":\"SearchAction\",\"target\":{\"@type\":\"EntryPoint\",\"urlTemplate\":\"https:\/\/sunward.eu\/?s={search_term_string}\"},\"query-input\":\"required name=search_term_string\"}],\"inLanguage\":\"it-IT\"},{\"@type\":\"Organization\",\"@id\":\"https:\/\/sunward.eu\/#organization\",\"name\":\"Sunward Europe (Official Website for EU &amp; UK)\",\"url\":\"https:\/\/sunward.eu\/\",\"logo\":{\"@type\":\"ImageObject\",\"inLanguage\":\"it-IT\",\"@id\":\"https:\/\/sunward.eu\/#\/schema\/logo\/image\/\",\"url\":\"https:\/\/sunward.eu\/wp-content\/uploads\/2022\/01\/Website_Sunward_logo_top_180x63px.png\",\"contentUrl\":\"https:\/\/sunward.eu\/wp-content\/uploads\/2022\/01\/Website_Sunward_logo_top_180x63px.png\",\"width\":180,\"height\":63,\"caption\":\"Sunward Europe (Official Website for EU &amp; UK)\"},\"image\":{\"@id\":\"https:\/\/sunward.eu\/#\/schema\/logo\/image\/\"}}]}<\/script>\n<!-- \/ Yoast SEO plugin. -->","yoast_head_json":{"title":"Garanzia - Sunward Europe (Official Website for EU &amp; UK)","robots":{"index":"index","follow":"follow","max-snippet":"max-snippet:-1","max-image-preview":"max-image-preview:large","max-video-preview":"max-video-preview:-1"},"canonical":"https:\/\/sunward.eu\/service-parts\/spare-parts-2\/","og_locale":"it_IT","og_type":"article","og_title":"Garanzia - Sunward Europe (Official Website for EU &amp; UK)","og_url":"https:\/\/sunward.eu\/service-parts\/spare-parts-2\/","og_site_name":"Sunward Europe (Official Website for EU &amp; UK)","article_modified_time":"2024-02-01T10:15:42+00:00","twitter_card":"summary_large_image","twitter_misc":{"Est. reading time":"1 minute"},"schema":{"@context":"https:\/\/schema.org","@graph":[{"@type":"WebPage","@id":"https:\/\/sunward.eu\/service-parts\/spare-parts-2\/","url":"https:\/\/sunward.eu\/service-parts\/spare-parts-2\/","name":"Garanzia - Sunward Europe (Official Website for EU &amp; UK)","isPartOf":{"@id":"https:\/\/sunward.eu\/#website"},"datePublished":"2021-06-30T07:06:32+00:00","dateModified":"2024-02-01T10:15:42+00:00","breadcrumb":{"@id":"https:\/\/sunward.eu\/service-parts\/spare-parts-2\/#breadcrumb"},"inLanguage":"it-IT","potentialAction":[{"@type":"ReadAction","target":["https:\/\/sunward.eu\/service-parts\/spare-parts-2\/"]}]},{"@type":"BreadcrumbList","@id":"https:\/\/sunward.eu\/service-parts\/spare-parts-2\/#breadcrumb","itemListElement":[{"@type":"ListItem","position":1,"name":"Home","item":"https:\/\/sunward.eu\/"},{"@type":"ListItem","position":2,"name":"Service &#038; Parts","item":"https:\/\/sunward.eu\/service-parts\/"},{"@type":"ListItem","position":3,"name":"Warranty"}]},{"@type":"WebSite","@id":"https:\/\/sunward.eu\/#website","url":"https:\/\/sunward.eu\/","name":"Sunward Europe (Official Website for EU &amp; UK)","description":"The smart choice","publisher":{"@id":"https:\/\/sunward.eu\/#organization"},"potentialAction":[{"@type":"SearchAction","target":{"@type":"EntryPoint","urlTemplate":"https:\/\/sunward.eu\/?s={search_term_string}"},"query-input":"required name=search_term_string"}],"inLanguage":"it-IT"},{"@type":"Organization","@id":"https:\/\/sunward.eu\/#organization","name":"Sunward Europe (Official Website for EU &amp; UK)","url":"https:\/\/sunward.eu\/","logo":{"@type":"ImageObject","inLanguage":"it-IT","@id":"https:\/\/sunward.eu\/#\/schema\/logo\/image\/","url":"https:\/\/sunward.eu\/wp-content\/uploads\/2022\/01\/Website_Sunward_logo_top_180x63px.png","contentUrl":"https:\/\/sunward.eu\/wp-content\/uploads\/2022\/01\/Website_Sunward_logo_top_180x63px.png","width":180,"height":63,"caption":"Sunward Europe (Official Website for EU &amp; UK)"},"image":{"@id":"https:\/\/sunward.eu\/#\/schema\/logo\/image\/"}}]}},"_links":{"self":[{"href":"https:\/\/sunward.eu\/it\/wp-json\/wp\/v2\/pages\/537","targetHints":{"allow":["GET"]}}],"collection":[{"href":"https:\/\/sunward.eu\/it\/wp-json\/wp\/v2\/pages"}],"about":[{"href":"https:\/\/sunward.eu\/it\/wp-json\/wp\/v2\/types\/page"}],"author":[{"embeddable":true,"href":"https:\/\/sunward.eu\/it\/wp-json\/wp\/v2\/users\/1"}],"replies":[{"embeddable":true,"href":"https:\/\/sunward.eu\/it\/wp-json\/wp\/v2\/comments?post=537"}],"version-history":[{"count":16,"href":"https:\/\/sunward.eu\/it\/wp-json\/wp\/v2\/pages\/537\/revisions"}],"predecessor-version":[{"id":3416,"href":"https:\/\/sunward.eu\/it\/wp-json\/wp\/v2\/pages\/537\/revisions\/3416"}],"up":[{"embeddable":true,"href":"https:\/\/sunward.eu\/it\/wp-json\/wp\/v2\/pages\/535"}],"wp:attachment":[{"href":"https:\/\/sunward.eu\/it\/wp-json\/wp\/v2\/media?parent=537"}],"curies":[{"name":"wp","href":"https:\/\/api.w.org\/{rel}","templated":true}]}}