{"id":472,"date":"2021-06-29T11:43:35","date_gmt":"2021-06-29T09:43:35","guid":{"rendered":"https:\/\/sunward.eu\/?page_id=472"},"modified":"2023-01-17T15:39:26","modified_gmt":"2023-01-17T14:39:26","slug":"sunward-europe","status":"publish","type":"page","link":"https:\/\/sunward.eu\/it\/company\/sunward-europe\/","title":{"rendered":"Sunward Europe"},"content":{"rendered":"<div class=\"wpb-content-wrapper\"><p>[vc_row full_width=&#8221;stretch_row&#8221; content_placement=&#8221;middle&#8221; css_animation=&#8221;fadeIn&#8221; css=&#8221;.vc_custom_1624962250059{background-color: #f8fbfb !important;}&#8221; el_id=&#8221;europe&#8221;][vc_column offset=&#8221;vc_col-lg-5 vc_col-md-5&#8243;][vc_single_image image=&#8221;909&#8243; img_size=&#8221;full&#8221; el_class=&#8221;img-styled bottom left&#8221;][\/vc_column][vc_column offset=&#8221;vc_col-lg-7 vc_col-md-7&#8243; el_class=&#8221;text-col-right&#8221;][vc_custom_heading text=&#8221;NEL CUORE DELL&#8217;EUROPA<br \/>\n<b>PER OFFRIRE UNA COPERTURA ECCELLENTE<\/b>&#8221; font_container=&#8221;tag:h2|font_size:44|text_align:left|color:%23008d84|line_height:53px&#8221; use_theme_fonts=&#8221;yes&#8221; css_animation=&#8221;fadeInUp&#8221; el_class=&#8221;text-uppercase&#8221;][vc_column_text css_animation=&#8221;fadeInUp&#8221;]Sunward Europe Heavy Industry (Sunward Europe) \u00e8 stata fondata in Belgio nel 2015. Situata in una posizione ideale in Belgio, nel cuore dell&#8217;Europa, Sunward Europe \u00e8 a soli 45\u00a0minuti dall&#8217;aeroporto di Bruxelles e a 60\u00a0minuti dal porto di Anversa. Ci\u00f2 ci permette di spedire macchine e ricambi in Europa e in Medio Oriente in 24 ore.[\/vc_column_text][\/vc_column][\/vc_row][vc_row el_id=&#8221;our-mission&#8221; css=&#8221;.vc_custom_1643105292210{margin-top: 0px !important;margin-bottom: 0px !important;border-top-width: 0px !important;border-bottom-width: 0px !important;background-image: url(https:\/\/sunward.eu\/wp-content\/uploads\/2022\/01\/Website-Sunward-Europe-HQ-Tessenderlo-720x467px.png?id=1875) !important;background-position: center !important;background-repeat: no-repeat !important;background-size: contain !important;}&#8221;][vc_column][vc_custom_heading text=&#8221;VISITA LA NOSTRA AZIENDA&#8221; font_container=&#8221;tag:h2|font_size:48|text_align:center|color:%23008d84|line_height:47px&#8221; use_theme_fonts=&#8221;yes&#8221; css_animation=&#8221;fadeInUp&#8221; el_class=&#8221;text-uppercase&#8221;][vc_column_text css_animation=&#8221;fadeInUp&#8221; el_class=&#8221;text-center&#8221;]Per assicurare il miglior supporto alla nostra crescente rete di concessionarie e rispondere all&#8217;espansione della domanda di macchine, nel 2021 abbiamo investito in una nuova sede da 25.600 m\u00b2 a Tessenderlo, in Belgio. Saremmo lieti di accompagnarvi in una visita guidata delle nostre sedi.<br \/>\n<strong>Scoprite Sunward Europe e la nostra nuova sede, per servirvi meglio.<\/strong>[\/vc_column_text][\/vc_column][\/vc_row][vc_section full_width=&#8221;stretch_row&#8221; el_id=&#8221;section-1&#8243; el_class=&#8221;page-section&#8221; css=&#8221;.vc_custom_1625225596385{background-color: #f8fbfb !important;}&#8221;][vc_row full_width=&#8221;stretch_row&#8221; content_placement=&#8221;middle&#8221; css_animation=&#8221;fadeIn&#8221;][vc_column offset=&#8221;vc_col-lg-6 vc_col-md-6&#8243;][vc_single_image image=&#8221;2410&#8243; img_size=&#8221;full&#8221; el_class=&#8221;img-styled bottom left&#8221;][\/vc_column][vc_column offset=&#8221;vc_col-lg-6 vc_col-md-6&#8243; el_class=&#8221;text-col-right&#8221;][vc_custom_heading text=&#8221;<b>STOCK<\/b><br \/>\nDI MACCHINE&#8221; font_container=&#8221;tag:h2|font_size:48|text_align:left|color:%23008d84|line_height:58px&#8221; use_theme_fonts=&#8221;yes&#8221; css_animation=&#8221;fadeInUp&#8221; el_class=&#8221;text-uppercase&#8221;][vc_column_text css_animation=&#8221;fadeInUp&#8221;]Su 25.600 m\u00b2, 13.000 m\u00b2 sono coperti. La met\u00e0 di queste superfici \u00e8 dedicata allo stock di attrezzature e 3.000 m\u00b2 sono dedicati agli accessori.<\/p>\n<p>La capacit\u00e0 dei nostri magazzini di stoccaggio ci permette di offrire livelli di disponibilit\u00e0 eccezionali e quindi una consegna rapida delle macchine e delle attrezzature in tutta Europa.[\/vc_column_text][\/vc_column][\/vc_row][vc_row full_width=&#8221;stretch_row&#8221; rtl_reverse=&#8221;yes&#8221; content_placement=&#8221;middle&#8221; css_animation=&#8221;fadeIn&#8221;][vc_column offset=&#8221;vc_col-lg-6 vc_col-md-6&#8243; el_class=&#8221;text-col-left&#8221;][vc_custom_heading text=&#8221;<b>MAGAZZINO RICAMBI ORIGINALI<\/b><br \/>\nSUNWARD&#8221; font_container=&#8221;tag:h2|font_size:48|text_align:left|color:%23008d84|line_height:58px&#8221; use_theme_fonts=&#8221;yes&#8221; css_animation=&#8221;fadeInUp&#8221; el_class=&#8221;text-uppercase&#8221;][vc_column_text css_animation=&#8221;fadeInUp&#8221;]La disponibilit\u00e0 dei ricambi e la logistica sono fondamentali e quindi una priorit\u00e0 per Sunward. Sunward Europe garantisce la disponibilit\u00e0 del 95% dei suoi ricambi con consegna entro 24 ore.<br \/>\nPer garantire una logistica dei ricambi cos\u00ec eccellente con una popolazione di macchine che aumenta drasticamente anno dopo anno, la superficie del nostro magazzino ricambi si \u00e8 dovuta adeguare di pari passo.<br \/>\nI nostri ampi stock europei &#8211; prontamente disponibili e regolarmente riforniti &#8211; di Tessenderlo, in Belgio, occupano al momento una superficie di 2.600 m\u00b2, pari a oltre 3.000 pallet.[\/vc_column_text][\/vc_column][vc_column offset=&#8221;vc_col-lg-6 vc_col-md-6&#8243;][vc_single_image image=&#8221;2411&#8243; img_size=&#8221;full&#8221; alignment=&#8221;right&#8221; el_class=&#8221;img-styled bottom right&#8221;][\/vc_column][\/vc_row][\/vc_section][vc_section el_id=&#8221;section-2&#8243; el_class=&#8221;page-section&#8221;][vc_row full_width=&#8221;stretch_row&#8221; content_placement=&#8221;middle&#8221; css_animation=&#8221;fadeIn&#8221;][vc_column offset=&#8221;vc_col-lg-6 vc_col-md-6&#8243;][vc_single_image image=&#8221;930&#8243; img_size=&#8221;full&#8221; el_class=&#8221;img-styled bottom left&#8221;][\/vc_column][vc_column offset=&#8221;vc_col-lg-6 vc_col-md-6&#8243; el_class=&#8221;text-col-right&#8221;][vc_custom_heading text=&#8221;SU MISURA<br \/>\n<b>PER LE ESIGENZE EUROPEE<\/b>&#8221; font_container=&#8221;tag:h2|font_size:48|text_align:left|color:%23008d84|line_height:58px&#8221; use_theme_fonts=&#8221;yes&#8221; css_animation=&#8221;fadeInUp&#8221; el_class=&#8221;text-uppercase&#8221;][vc_column_text css_animation=&#8221;fadeInUp&#8221;]Le macchine di Sunward Europe sono progettate e riprogettate per soddisfare le esigenze dei nostri clienti regionali. Sappiamo ascoltare e migliorare.<br \/>\nLe strutture tecniche della nostra nuova sede europea ci permettono di personalizzare le macchine secondo le esigenze del mercato europeo: equipaggiandole con gli accessori e le opzioni necessarie come rotatori inclinabili, sistemi di lubrificazione, sistemi telematici, ecc.<br \/>\nLe nostre officine da 1.500 m\u00b2 sono dotate di 3 gru a ponte. Disponiamo anche di un reparto di verniciatura (500 m\u00b2) con 2 gru a ponte e cabina di sabbiatura.[\/vc_column_text][\/vc_column][\/vc_row][vc_row full_width=&#8221;stretch_row&#8221; rtl_reverse=&#8221;yes&#8221; content_placement=&#8221;middle&#8221; css_animation=&#8221;fadeIn&#8221;][vc_column offset=&#8221;vc_col-lg-6 vc_col-md-6&#8243; el_class=&#8221;text-col-left&#8221;][vc_custom_heading text=&#8221;TEAM INTERNAZIONALE<br \/>\n<b>DI ESPERTI<\/b>&#8221; font_container=&#8221;tag:h2|font_size:48|text_align:left|color:%23008d84|line_height:58px&#8221; use_theme_fonts=&#8221;yes&#8221; css_animation=&#8221;fadeInUp&#8221; el_class=&#8221;text-uppercase&#8221;][vc_column_text css_animation=&#8221;fadeInUp&#8221;]Parli inglese, tedesco, francese, italiano, olandese, spagnolo o portoghese? Non importa quale sia la tua lingua, i team di supporto alle vendite, dell&#8217;assistenza tecnica con il relativo l&#8217;help desk e della formazione sono qui per ascoltarti.[\/vc_column_text][\/vc_column][vc_column offset=&#8221;vc_col-lg-6 vc_col-md-6&#8243;][vc_single_image image=&#8221;2422&#8243; img_size=&#8221;full&#8221; alignment=&#8221;right&#8221; el_class=&#8221;img-styled bottom right&#8221;][\/vc_column][\/vc_row][\/vc_section][vc_row full_width=&#8221;stretch_row&#8221; content_placement=&#8221;middle&#8221; css_animation=&#8221;fadeIn&#8221;][vc_column offset=&#8221;vc_col-lg-6 vc_col-md-6&#8243;][vc_single_image image=&#8221;2424&#8243; img_size=&#8221;full&#8221; el_class=&#8221;img-styled bottom left&#8221;][\/vc_column][vc_column offset=&#8221;vc_col-lg-6 vc_col-md-6&#8243; el_class=&#8221;text-col-right&#8221;][vc_custom_heading text=&#8221;SUNWARD<br \/>\n<b>AREA DEMO<\/b>&#8221; font_container=&#8221;tag:h2|font_size:48|text_align:left|color:%23008d84|line_height:58px&#8221; use_theme_fonts=&#8221;yes&#8221; css_animation=&#8221;fadeInUp&#8221; el_class=&#8221;text-uppercase&#8221;][vc_column_text css_animation=&#8221;fadeInUp&#8221;]Il sito di Tessenderlo dispone anche di un&#8217;area demo di 2.000 m\u00b2 per le dimostrazioni dal vivo delle nostre macchine.<\/p>\n<p><strong>Provare per credere!<\/strong><\/p>\n<p>Siete sempre i benvenuti.[\/vc_column_text][\/vc_column][\/vc_row][vc_row full_width=&#8221;stretch_row&#8221; rtl_reverse=&#8221;yes&#8221; content_placement=&#8221;middle&#8221; css_animation=&#8221;fadeIn&#8221;][vc_column offset=&#8221;vc_col-lg-6 vc_col-md-6&#8243; el_class=&#8221;text-col-left&#8221;][vc_custom_heading text=&#8221;SUNWARD<br \/>\n<b>CENTRO FORMAZIONE<\/b>&#8221; font_container=&#8221;tag:h2|font_size:48|text_align:left|color:%23008d84|line_height:58px&#8221; use_theme_fonts=&#8221;yes&#8221; css_animation=&#8221;fadeInUp&#8221; el_class=&#8221;text-uppercase&#8221;][vc_column_text css_animation=&#8221;fadeInUp&#8221;]\u00c8 fondamentale per noi assicurarci che i nostri clienti ricevano informazioni e servizi accurati dalle nostre concessionarie. Per essere sicuri che le loro conoscenze siano sempre al top, la formazione \u00e8 una priorit\u00e0. I nostri formatori e i nostri commerciali sono regolarmente in contatto. Ma abbiamo anche creato la <strong>Sunward Academy<\/strong>, il nostro centro di formazione e apprendimento dedicato.[\/vc_column_text][\/vc_column][vc_column offset=&#8221;vc_col-lg-6 vc_col-md-6&#8243;][vc_single_image image=&#8221;2415&#8243; img_size=&#8221;full&#8221; alignment=&#8221;right&#8221; el_class=&#8221;img-styled bottom right&#8221;][\/vc_column][\/vc_row][vc_section full_width=&#8221;stretch_row&#8221; css=&#8221;.vc_custom_1641900120452{background-position: 0 0 !important;background-repeat: no-repeat !important;}&#8221; el_id=&#8221;know-more-section&#8221;][vc_row el_id=&#8221;know-more&#8221; css=&#8221;.vc_custom_1641899831723{background-image: url(https:\/\/sunward.eu\/wp-content\/uploads\/2022\/01\/Website-Watch-the-movie-SUNWARD-EUROPE-1408x550px-2.png?id=936) !important;background-position: center !important;background-repeat: no-repeat !important;background-size: cover !important;}&#8221;][vc_column][vc_custom_heading text=&#8221;SCOPRI<br \/>\n<b>SUNWARD EUROPE<\/b>&#8221; font_container=&#8221;tag:h2|font_size:48|text_align:center|color:%23ffffff|line_height:53px&#8221; use_theme_fonts=&#8221;yes&#8221; css_animation=&#8221;fadeInUp&#8221; el_class=&#8221;text-uppercase&#8221;][vc_row_inner][vc_column_inner width=&#8221;1\/2&#8243;][vc_btn title=&#8221;Guarda il video&#8221; style=&#8221;flat&#8221; color=&#8221;orange&#8221; size=&#8221;lg&#8221; align=&#8221;right&#8221; i_icon_fontawesome=&#8221;fas fa-ticket-alt&#8221; css_animation=&#8221;fadeIn&#8221; add_icon=&#8221;true&#8221; link=&#8221;url:http%3A%2F%2Fsunward.eu%2Fwp-content%2Fuploads%2F2022%2F08%2FSUNWARD-Europe-Corporate-Movie_SMALL.mp4|title:Discover%20Sunward%20Europe|target:%20_blank|&#8221;][\/vc_column_inner][vc_column_inner width=&#8221;1\/2&#8243;][vc_btn title=&#8221;Incontra il team&#8221; style=&#8221;flat&#8221; color=&#8221;green&#8221; size=&#8221;lg&#8221; align=&#8221;left&#8221; i_icon_fontawesome=&#8221;fas fa-play&#8221; css_animation=&#8221;fadeIn&#8221; add_icon=&#8221;true&#8221; el_class=&#8221;btn-play&#8221; link=&#8221;url:http%3A%2F%2Fsunward.eu%2Fcompany%2Four-team-2%2F|title:Our%20team||&#8221;][\/vc_column_inner][\/vc_row_inner][\/vc_column][\/vc_row][\/vc_section]<\/p>\n<\/div>","protected":false},"excerpt":{"rendered":"<p>[vc_row full_width=&#8221;stretch_row&#8221; content_placement=&#8221;middle&#8221; css_animation=&#8221;fadeIn&#8221; css=&#8221;.vc_custom_1624962250059{background-color: #f8fbfb !important;}&#8221; el_id=&#8221;europe&#8221;][vc_column offset=&#8221;vc_col-lg-5 vc_col-md-5&#8243;][vc_single_image image=&#8221;909&#8243; img_size=&#8221;full&#8221; el_class=&#8221;img-styled bottom left&#8221;][\/vc_column][vc_column offset=&#8221;vc_col-lg-7 vc_col-md-7&#8243; el_class=&#8221;text-col-right&#8221;][vc_custom_heading text=&#8221;NEL CUORE DELL&#8217;EUROPA PER OFFRIRE UNA COPERTURA ECCELLENTE&#8221; font_container=&#8221;tag:h2|font_size:44|text_align:left|color:%23008d84|line_height:53px&#8221; use_theme_fonts=&#8221;yes&#8221; css_animation=&#8221;fadeInUp&#8221; el_class=&#8221;text-uppercase&#8221;][vc_column_text css_animation=&#8221;fadeInUp&#8221;]Sunward Europe Heavy Industry (Sunward Europe) \u00e8 stata fondata in Belgio nel 2015. Situata in una posizione ideale in Belgio, nel cuore dell&#8217;Europa, Sunward Europe [&#8230;]<\/p>\n<p><a class=\"btn btn-secondary understrap-read-more-link\" href=\"https:\/\/sunward.eu\/it\/company\/sunward-europe\/\">Leggi tutto&#8230;<\/a><\/p>\n","protected":false},"author":1,"featured_media":908,"parent":543,"menu_order":0,"comment_status":"closed","ping_status":"closed","template":"","meta":{"_acf_changed":false,"inline_featured_image":false,"footnotes":""},"class_list":["post-472","page","type-page","status-publish","has-post-thumbnail","hentry"],"translation":{"provider":"WPGlobus","version":"2.12.2","language":"it","enabled_languages":["en","de","fr","it"],"languages":{"en":{"title":true,"content":true,"excerpt":false},"de":{"title":true,"content":true,"excerpt":false},"fr":{"title":true,"content":true,"excerpt":false},"it":{"title":true,"content":true,"excerpt":false}}},"acf":[],"yoast_head":"<!-- This site is optimized with the Yoast SEO plugin v22.6 - https:\/\/yoast.com\/wordpress\/plugins\/seo\/ -->\n<title>Sunward Europe - Sunward Europe (Official Website for EU &amp; UK)<\/title>\n<meta name=\"robots\" content=\"index, follow, max-snippet:-1, max-image-preview:large, max-video-preview:-1\" \/>\n<link rel=\"canonical\" href=\"https:\/\/sunward.eu\/company\/sunward-europe\/\" \/>\n<meta property=\"og:locale\" content=\"it_IT\" \/>\n<meta property=\"og:type\" content=\"article\" \/>\n<meta property=\"og:title\" content=\"Sunward Europe - Sunward Europe (Official Website for EU &amp; UK)\" \/>\n<meta property=\"og:url\" content=\"https:\/\/sunward.eu\/company\/sunward-europe\/\" \/>\n<meta property=\"og:site_name\" content=\"Sunward Europe (Official Website for EU &amp; UK)\" \/>\n<meta property=\"article:modified_time\" content=\"2023-01-17T14:39:26+00:00\" \/>\n<meta property=\"og:image\" content=\"https:\/\/sunward.eu\/wp-content\/uploads\/2022\/01\/SUNWARD_SUNWARD-EUROPE_Website-Top-Banner-2560x534px-1024x214.png\" \/>\n\t<meta property=\"og:image:width\" content=\"1024\" \/>\n\t<meta property=\"og:image:height\" content=\"214\" \/>\n\t<meta property=\"og:image:type\" content=\"image\/png\" \/>\n<meta name=\"twitter:card\" content=\"summary_large_image\" \/>\n<meta name=\"twitter:label1\" content=\"Est. reading time\" \/>\n\t<meta name=\"twitter:data1\" content=\"4 minutes\" \/>\n<script type=\"application\/ld+json\" class=\"yoast-schema-graph\">{\"@context\":\"https:\/\/schema.org\",\"@graph\":[{\"@type\":\"WebPage\",\"@id\":\"https:\/\/sunward.eu\/company\/sunward-europe\/\",\"url\":\"https:\/\/sunward.eu\/company\/sunward-europe\/\",\"name\":\"Sunward Europe - Sunward Europe (Official Website for EU &amp; UK)\",\"isPartOf\":{\"@id\":\"https:\/\/sunward.eu\/#website\"},\"primaryImageOfPage\":{\"@id\":\"https:\/\/sunward.eu\/company\/sunward-europe\/#primaryimage\"},\"image\":{\"@id\":\"https:\/\/sunward.eu\/company\/sunward-europe\/#primaryimage\"},\"thumbnailUrl\":\"https:\/\/sunward.eu\/wp-content\/uploads\/2022\/01\/SUNWARD_SUNWARD-EUROPE_Website-Top-Banner-2560x534px.png\",\"datePublished\":\"2021-06-29T09:43:35+00:00\",\"dateModified\":\"2023-01-17T14:39:26+00:00\",\"breadcrumb\":{\"@id\":\"https:\/\/sunward.eu\/company\/sunward-europe\/#breadcrumb\"},\"inLanguage\":\"it-IT\",\"potentialAction\":[{\"@type\":\"ReadAction\",\"target\":[\"https:\/\/sunward.eu\/company\/sunward-europe\/\"]}]},{\"@type\":\"ImageObject\",\"inLanguage\":\"it-IT\",\"@id\":\"https:\/\/sunward.eu\/company\/sunward-europe\/#primaryimage\",\"url\":\"https:\/\/sunward.eu\/wp-content\/uploads\/2022\/01\/SUNWARD_SUNWARD-EUROPE_Website-Top-Banner-2560x534px.png\",\"contentUrl\":\"https:\/\/sunward.eu\/wp-content\/uploads\/2022\/01\/SUNWARD_SUNWARD-EUROPE_Website-Top-Banner-2560x534px.png\",\"width\":3840,\"height\":801},{\"@type\":\"BreadcrumbList\",\"@id\":\"https:\/\/sunward.eu\/company\/sunward-europe\/#breadcrumb\",\"itemListElement\":[{\"@type\":\"ListItem\",\"position\":1,\"name\":\"Home\",\"item\":\"https:\/\/sunward.eu\/\"},{\"@type\":\"ListItem\",\"position\":2,\"name\":\"Company\",\"item\":\"https:\/\/sunward.eu\/company\/\"},{\"@type\":\"ListItem\",\"position\":3,\"name\":\"Sunward Europe\"}]},{\"@type\":\"WebSite\",\"@id\":\"https:\/\/sunward.eu\/#website\",\"url\":\"https:\/\/sunward.eu\/\",\"name\":\"Sunward Europe (Official Website for EU &amp; UK)\",\"description\":\"The smart choice\",\"publisher\":{\"@id\":\"https:\/\/sunward.eu\/#organization\"},\"potentialAction\":[{\"@type\":\"SearchAction\",\"target\":{\"@type\":\"EntryPoint\",\"urlTemplate\":\"https:\/\/sunward.eu\/?s={search_term_string}\"},\"query-input\":\"required name=search_term_string\"}],\"inLanguage\":\"it-IT\"},{\"@type\":\"Organization\",\"@id\":\"https:\/\/sunward.eu\/#organization\",\"name\":\"Sunward Europe (Official Website for EU &amp; UK)\",\"url\":\"https:\/\/sunward.eu\/\",\"logo\":{\"@type\":\"ImageObject\",\"inLanguage\":\"it-IT\",\"@id\":\"https:\/\/sunward.eu\/#\/schema\/logo\/image\/\",\"url\":\"https:\/\/sunward.eu\/wp-content\/uploads\/2022\/01\/Website_Sunward_logo_top_180x63px.png\",\"contentUrl\":\"https:\/\/sunward.eu\/wp-content\/uploads\/2022\/01\/Website_Sunward_logo_top_180x63px.png\",\"width\":180,\"height\":63,\"caption\":\"Sunward Europe (Official Website for EU &amp; UK)\"},\"image\":{\"@id\":\"https:\/\/sunward.eu\/#\/schema\/logo\/image\/\"}}]}<\/script>\n<!-- \/ Yoast SEO plugin. -->","yoast_head_json":{"title":"Sunward Europe - Sunward Europe (Official Website for EU &amp; UK)","robots":{"index":"index","follow":"follow","max-snippet":"max-snippet:-1","max-image-preview":"max-image-preview:large","max-video-preview":"max-video-preview:-1"},"canonical":"https:\/\/sunward.eu\/company\/sunward-europe\/","og_locale":"it_IT","og_type":"article","og_title":"Sunward Europe - Sunward Europe (Official Website for EU &amp; UK)","og_url":"https:\/\/sunward.eu\/company\/sunward-europe\/","og_site_name":"Sunward Europe (Official Website for EU &amp; UK)","article_modified_time":"2023-01-17T14:39:26+00:00","og_image":[{"width":1024,"height":214,"url":"https:\/\/sunward.eu\/wp-content\/uploads\/2022\/01\/SUNWARD_SUNWARD-EUROPE_Website-Top-Banner-2560x534px-1024x214.png","type":"image\/png"}],"twitter_card":"summary_large_image","twitter_misc":{"Est. reading time":"4 minutes"},"schema":{"@context":"https:\/\/schema.org","@graph":[{"@type":"WebPage","@id":"https:\/\/sunward.eu\/company\/sunward-europe\/","url":"https:\/\/sunward.eu\/company\/sunward-europe\/","name":"Sunward Europe - Sunward Europe (Official Website for EU &amp; UK)","isPartOf":{"@id":"https:\/\/sunward.eu\/#website"},"primaryImageOfPage":{"@id":"https:\/\/sunward.eu\/company\/sunward-europe\/#primaryimage"},"image":{"@id":"https:\/\/sunward.eu\/company\/sunward-europe\/#primaryimage"},"thumbnailUrl":"https:\/\/sunward.eu\/wp-content\/uploads\/2022\/01\/SUNWARD_SUNWARD-EUROPE_Website-Top-Banner-2560x534px.png","datePublished":"2021-06-29T09:43:35+00:00","dateModified":"2023-01-17T14:39:26+00:00","breadcrumb":{"@id":"https:\/\/sunward.eu\/company\/sunward-europe\/#breadcrumb"},"inLanguage":"it-IT","potentialAction":[{"@type":"ReadAction","target":["https:\/\/sunward.eu\/company\/sunward-europe\/"]}]},{"@type":"ImageObject","inLanguage":"it-IT","@id":"https:\/\/sunward.eu\/company\/sunward-europe\/#primaryimage","url":"https:\/\/sunward.eu\/wp-content\/uploads\/2022\/01\/SUNWARD_SUNWARD-EUROPE_Website-Top-Banner-2560x534px.png","contentUrl":"https:\/\/sunward.eu\/wp-content\/uploads\/2022\/01\/SUNWARD_SUNWARD-EUROPE_Website-Top-Banner-2560x534px.png","width":3840,"height":801},{"@type":"BreadcrumbList","@id":"https:\/\/sunward.eu\/company\/sunward-europe\/#breadcrumb","itemListElement":[{"@type":"ListItem","position":1,"name":"Home","item":"https:\/\/sunward.eu\/"},{"@type":"ListItem","position":2,"name":"Company","item":"https:\/\/sunward.eu\/company\/"},{"@type":"ListItem","position":3,"name":"Sunward Europe"}]},{"@type":"WebSite","@id":"https:\/\/sunward.eu\/#website","url":"https:\/\/sunward.eu\/","name":"Sunward Europe (Official Website for EU &amp; UK)","description":"The smart choice","publisher":{"@id":"https:\/\/sunward.eu\/#organization"},"potentialAction":[{"@type":"SearchAction","target":{"@type":"EntryPoint","urlTemplate":"https:\/\/sunward.eu\/?s={search_term_string}"},"query-input":"required name=search_term_string"}],"inLanguage":"it-IT"},{"@type":"Organization","@id":"https:\/\/sunward.eu\/#organization","name":"Sunward Europe (Official Website for EU &amp; UK)","url":"https:\/\/sunward.eu\/","logo":{"@type":"ImageObject","inLanguage":"it-IT","@id":"https:\/\/sunward.eu\/#\/schema\/logo\/image\/","url":"https:\/\/sunward.eu\/wp-content\/uploads\/2022\/01\/Website_Sunward_logo_top_180x63px.png","contentUrl":"https:\/\/sunward.eu\/wp-content\/uploads\/2022\/01\/Website_Sunward_logo_top_180x63px.png","width":180,"height":63,"caption":"Sunward Europe (Official Website for EU &amp; UK)"},"image":{"@id":"https:\/\/sunward.eu\/#\/schema\/logo\/image\/"}}]}},"_links":{"self":[{"href":"https:\/\/sunward.eu\/it\/wp-json\/wp\/v2\/pages\/472","targetHints":{"allow":["GET"]}}],"collection":[{"href":"https:\/\/sunward.eu\/it\/wp-json\/wp\/v2\/pages"}],"about":[{"href":"https:\/\/sunward.eu\/it\/wp-json\/wp\/v2\/types\/page"}],"author":[{"embeddable":true,"href":"https:\/\/sunward.eu\/it\/wp-json\/wp\/v2\/users\/1"}],"replies":[{"embeddable":true,"href":"https:\/\/sunward.eu\/it\/wp-json\/wp\/v2\/comments?post=472"}],"version-history":[{"count":63,"href":"https:\/\/sunward.eu\/it\/wp-json\/wp\/v2\/pages\/472\/revisions"}],"predecessor-version":[{"id":2970,"href":"https:\/\/sunward.eu\/it\/wp-json\/wp\/v2\/pages\/472\/revisions\/2970"}],"up":[{"embeddable":true,"href":"https:\/\/sunward.eu\/it\/wp-json\/wp\/v2\/pages\/543"}],"wp:featuredmedia":[{"embeddable":true,"href":"https:\/\/sunward.eu\/it\/wp-json\/wp\/v2\/media\/908"}],"wp:attachment":[{"href":"https:\/\/sunward.eu\/it\/wp-json\/wp\/v2\/media?parent=472"}],"curies":[{"name":"wp","href":"https:\/\/api.w.org\/{rel}","templated":true}]}}