{"id":450,"date":"2021-06-26T10:53:04","date_gmt":"2021-06-26T08:53:04","guid":{"rendered":"https:\/\/sunward.eu\/?page_id=450"},"modified":"2025-11-24T09:16:28","modified_gmt":"2025-11-24T08:16:28","slug":"contact","status":"publish","type":"page","link":"https:\/\/sunward.eu\/it\/contact\/","title":{"rendered":"CONTATTACI"},"content":{"rendered":"<div class=\"wpb-content-wrapper\"><p>[vc_row el_id=&#8221;contact&#8221;][vc_column el_class=&#8221;text-col&#8221; offset=&#8221;vc_col-lg-4 vc_col-md-5&#8243;][vc_custom_heading text=&#8221;TENIAMOCI<br \/>\nIN CONTATTO&#8221; font_container=&#8221;tag:h2|font_size:45|text_align:left|color:%23008d84|line_height:44px&#8221; use_theme_fonts=&#8221;yes&#8221; css_animation=&#8221;fadeInUp&#8221; el_class=&#8221;text-uppercase&#8221;][vc_column_text css_animation=&#8221;fadeInUp&#8221; css=&#8221;&#8221;]Se hai una domanda, una richiesta, un&#8217;idea, o semplicemente per dire &#8220;Ciao&#8221;, non esitare a contattarci direttamente per telefono o compilando il modulo.[\/vc_column_text][vc_custom_heading text=&#8221;CHIAMACI &#8221; font_container=&#8221;tag:h3|font_size:20|text_align:left|color:%23008d84|line_height:30px&#8221; use_theme_fonts=&#8221;yes&#8221; css_animation=&#8221;fadeInUp&#8221; css=&#8221;&#8221; el_class=&#8221;text-uppercase&#8221;][vc_column_text css_animation=&#8221;fadeInUp&#8221; css=&#8221;&#8221;]<\/p>\n<ul class=\"contact-info-list\">\n<li><img loading=\"lazy\" decoding=\"async\" class=\"alignnone wp-image-455 size-full\" src=\"https:\/\/sunward.eu\/wp-content\/uploads\/2021\/06\/icon-phone.svg\" alt=\"\" width=\"17\" height=\"17\" \/>+32 (0) 11 43 46 66<\/li>\n<\/ul>\n<p>[\/vc_column_text][\/vc_column][vc_column offset=&#8221;vc_col-lg-8 vc_col-md-7&#8243;]\n<div class=\"wpcf7 no-js\" id=\"wpcf7-f2805-o1\" lang=\"en-US\" dir=\"ltr\">\n<div class=\"screen-reader-response\"><p role=\"status\" aria-live=\"polite\" aria-atomic=\"true\"><\/p> <ul><\/ul><\/div>\n<form action=\"\/it\/wp-json\/wp\/v2\/pages\/450#wpcf7-f2805-o1\" method=\"post\" class=\"wpcf7-form init\" aria-label=\"Contact form\" novalidate=\"novalidate\" data-status=\"init\">\n<div style=\"display: none;\">\n<input type=\"hidden\" name=\"_wpcf7\" value=\"2805\" \/>\n<input type=\"hidden\" name=\"_wpcf7_version\" value=\"5.9.3\" \/>\n<input type=\"hidden\" name=\"_wpcf7_locale\" value=\"en_US\" \/>\n<input type=\"hidden\" name=\"_wpcf7_unit_tag\" value=\"wpcf7-f2805-o1\" \/>\n<input type=\"hidden\" name=\"_wpcf7_container_post\" value=\"0\" \/>\n<input type=\"hidden\" name=\"_wpcf7_posted_data_hash\" value=\"\" \/>\n<input type=\"hidden\" name=\"_wpcf7_recaptcha_response\" value=\"\" \/>\n<\/div>\n<div class=\"row contact-form\">\n\t<div class=\"col-sm-12\">\n\t\t<p><span class=\"wpcf7-form-control-wrap\" data-name=\"first_name\"><input size=\"40\" class=\"wpcf7-form-control wpcf7-text wpcf7-validates-as-required\" aria-required=\"true\" aria-invalid=\"false\" placeholder=\"Nome *\" value=\"\" type=\"text\" name=\"first_name\" \/><\/span>\n\t\t<\/p>\n\t<\/div>\n\t<div class=\"col-sm-6\">\n\t\t<p><span class=\"wpcf7-form-control-wrap\" data-name=\"email\"><input size=\"40\" class=\"wpcf7-form-control wpcf7-email wpcf7-validates-as-required wpcf7-text wpcf7-validates-as-email\" aria-required=\"true\" aria-invalid=\"false\" placeholder=\"Email *\" value=\"\" type=\"email\" name=\"email\" \/><\/span>\n\t\t<\/p>\n\t<\/div>\n\t<div class=\"col-sm-6\">\n\t\t<p><span class=\"wpcf7-form-control-wrap\" data-name=\"mobile_phone\"><input size=\"40\" class=\"wpcf7-form-control wpcf7-tel wpcf7-text wpcf7-validates-as-tel\" aria-invalid=\"false\" placeholder=\"Telefono cellulare\" value=\"\" type=\"tel\" name=\"mobile_phone\" \/><\/span>\n\t\t<\/p>\n\t<\/div>\n\t<div class=\"col-sm-6\">\n\t\t<p><span class=\"wpcf7-form-control-wrap\" data-name=\"postcode\"><input size=\"40\" class=\"wpcf7-form-control wpcf7-text wpcf7-validates-as-required\" aria-required=\"true\" aria-invalid=\"false\" placeholder=\"Codice postale *\" value=\"\" type=\"text\" name=\"postcode\" \/><\/span>\n\t\t<\/p>\n\t<\/div>\n\t<div class=\"col-sm-6\">\n\t\t<p><span class=\"wpcf7-form-control-wrap\" data-name=\"country\"><select class=\"wpcf7-form-control wpcf7-select wpcf7-validates-as-required\" aria-required=\"true\" aria-invalid=\"false\" name=\"country\"><option value=\"\">Seleziona il tuo paese *<\/option><option value=\"Afghanistan\">Afghanistan<\/option><option value=\"Albania\">Albania<\/option><option value=\"Algeria\">Algeria<\/option><option value=\"Andorra\">Andorra<\/option><option value=\"Angola\">Angola<\/option><option value=\"Antigua e Barbuda\">Antigua e Barbuda<\/option><option value=\"Arabia Saudita\">Arabia Saudita<\/option><option value=\"Argentina\">Argentina<\/option><option value=\"Armenia\">Armenia<\/option><option value=\"Australia\">Australia<\/option><option value=\"Austria\">Austria<\/option><option value=\"Azerbaigian\">Azerbaigian<\/option><option value=\"Bahamas\">Bahamas<\/option><option value=\"Bahrein\">Bahrein<\/option><option value=\"Bangladesh\">Bangladesh<\/option><option value=\"Barbados\">Barbados<\/option><option value=\"Belgio\">Belgio<\/option><option value=\"Belize\">Belize<\/option><option value=\"Benin\">Benin<\/option><option value=\"Bhutan\">Bhutan<\/option><option value=\"Bielorussia\">Bielorussia<\/option><option value=\"Bolivia\">Bolivia<\/option><option value=\"Bosnia ed Erzegovina\">Bosnia ed Erzegovina<\/option><option value=\"Botswana\">Botswana<\/option><option value=\"Brasile\">Brasile<\/option><option value=\"Brunei\">Brunei<\/option><option value=\"Bulgaria\">Bulgaria<\/option><option value=\"Burkina Faso\">Burkina Faso<\/option><option value=\"Burundi\">Burundi<\/option><option value=\"Cambogia\">Cambogia<\/option><option value=\"Camerun\">Camerun<\/option><option value=\"Canada\">Canada<\/option><option value=\"Capo Verde\">Capo Verde<\/option><option value=\"Ciad\">Ciad<\/option><option value=\"Cile\">Cile<\/option><option value=\"Cina\">Cina<\/option><option value=\"Cipro\">Cipro<\/option><option value=\"Citt\u00e0 del Vaticano\">Citt\u00e0 del Vaticano<\/option><option value=\"Colombia\">Colombia<\/option><option value=\"Comore\">Comore<\/option><option value=\"Congo\">Congo<\/option><option value=\"Corea del Nord\">Corea del Nord<\/option><option value=\"Corea del Sud\">Corea del Sud<\/option><option value=\"Costa d&#039;Avorio\">Costa d&#039;Avorio<\/option><option value=\"Costa Rica\">Costa Rica<\/option><option value=\"Croazia\">Croazia<\/option><option value=\"Cuba\">Cuba<\/option><option value=\"Danimarca\">Danimarca<\/option><option value=\"Dominica\">Dominica<\/option><option value=\"Ecuador\">Ecuador<\/option><option value=\"Egitto\">Egitto<\/option><option value=\"El Salvador\">El Salvador<\/option><option value=\"Emirati Arabi Uniti\">Emirati Arabi Uniti<\/option><option value=\"Eritrea\">Eritrea<\/option><option value=\"Estonia\">Estonia<\/option><option value=\"Etiopia\">Etiopia<\/option><option value=\"Figi\">Figi<\/option><option value=\"Filippine\">Filippine<\/option><option value=\"Finlandia\">Finlandia<\/option><option value=\"Francia\">Francia<\/option><option value=\"Gabon\">Gabon<\/option><option value=\"Gambia\">Gambia<\/option><option value=\"Georgia\">Georgia<\/option><option value=\"Germania\">Germania<\/option><option value=\"Ghana\">Ghana<\/option><option value=\"Giamaica\">Giamaica<\/option><option value=\"Giappone\">Giappone<\/option><option value=\"Gibuti\">Gibuti<\/option><option value=\"Giordania\">Giordania<\/option><option value=\"Grecia\">Grecia<\/option><option value=\"Grenada\">Grenada<\/option><option value=\"Guatemala\">Guatemala<\/option><option value=\"Guinea\">Guinea<\/option><option value=\"Guinea Equatoriale\">Guinea Equatoriale<\/option><option value=\"Guinea-Bissau\">Guinea-Bissau<\/option><option value=\"Guyana\">Guyana<\/option><option value=\"Haiti\">Haiti<\/option><option value=\"Honduras\">Honduras<\/option><option value=\"India\">India<\/option><option value=\"Indonesia\">Indonesia<\/option><option value=\"Iran\">Iran<\/option><option value=\"Iraq\">Iraq<\/option><option value=\"Irlanda\">Irlanda<\/option><option value=\"Islanda\">Islanda<\/option><option value=\"Isole Marshall\">Isole Marshall<\/option><option value=\"Israele\">Israele<\/option><option value=\"Italia\">Italia<\/option><option value=\"Kazakistan\">Kazakistan<\/option><option value=\"Kenya\">Kenya<\/option><option value=\"Kirghizistan\">Kirghizistan<\/option><option value=\"Kiribati\">Kiribati<\/option><option value=\"Kosovo\">Kosovo<\/option><option value=\"Kuwait\">Kuwait<\/option><option value=\"Laos\">Laos<\/option><option value=\"Lesotho\">Lesotho<\/option><option value=\"Lettonia\">Lettonia<\/option><option value=\"Libano\">Libano<\/option><option value=\"Liberia\">Liberia<\/option><option value=\"Libia\">Libia<\/option><option value=\"Liechtenstein\">Liechtenstein<\/option><option value=\"Lituania\">Lituania<\/option><option value=\"Lussemburgo\">Lussemburgo<\/option><option value=\"Macedonia\">Macedonia<\/option><option value=\"Madagascar\">Madagascar<\/option><option value=\"Malawi\">Malawi<\/option><option value=\"Malaysia\">Malaysia<\/option><option value=\"Maldive\">Maldive<\/option><option value=\"Mali\">Mali<\/option><option value=\"Malta\">Malta<\/option><option value=\"Marocco\">Marocco<\/option><option value=\"Mauritania\">Mauritania<\/option><option value=\"Mauritius\">Mauritius<\/option><option value=\"Messico\">Messico<\/option><option value=\"Micronesia\">Micronesia<\/option><option value=\"Moldavia\">Moldavia<\/option><option value=\"Monaco\">Monaco<\/option><option value=\"Mongolia\">Mongolia<\/option><option value=\"Montenegro\">Montenegro<\/option><option value=\"Mozambico\">Mozambico<\/option><option value=\"Myanmar\">Myanmar<\/option><option value=\"Namibia\">Namibia<\/option><option value=\"Nauru\">Nauru<\/option><option value=\"Nepal\">Nepal<\/option><option value=\"Nicaragua\">Nicaragua<\/option><option value=\"Niger\">Niger<\/option><option value=\"Nigeria\">Nigeria<\/option><option value=\"Norvegia\">Norvegia<\/option><option value=\"Nuova Zelanda\">Nuova Zelanda<\/option><option value=\"Oman\">Oman<\/option><option value=\"Paesi Bassi\">Paesi Bassi<\/option><option value=\"Pakistan\">Pakistan<\/option><option value=\"Palau\">Palau<\/option><option value=\"Palestina\">Palestina<\/option><option value=\"Panama\">Panama<\/option><option value=\"Papua Nuova Guinea\">Papua Nuova Guinea<\/option><option value=\"Paraguay\">Paraguay<\/option><option value=\"Per\u00f9\">Per\u00f9<\/option><option value=\"Polonia\">Polonia<\/option><option value=\"Portogallo\">Portogallo<\/option><option value=\"Qatar\">Qatar<\/option><option value=\"Regno Unito\">Regno Unito<\/option><option value=\"Repubblica Ceca\">Repubblica Ceca<\/option><option value=\"Repubblica Centrafricana\">Repubblica Centrafricana<\/option><option value=\"Repubblica Dominicana\">Repubblica Dominicana<\/option><option value=\"Romania\">Romania<\/option><option value=\"Ruanda\">Ruanda<\/option><option value=\"Russia\">Russia<\/option><option value=\"Saint Kitts e Nevis\">Saint Kitts e Nevis<\/option><option value=\"Saint Lucia\">Saint Lucia<\/option><option value=\"Saint Vincent e Grenadine\">Saint Vincent e Grenadine<\/option><option value=\"Samoa\">Samoa<\/option><option value=\"San Marino\">San Marino<\/option><option value=\"S\u00e3o Tom\u00e9 e Pr\u00edncipe\">S\u00e3o Tom\u00e9 e Pr\u00edncipe<\/option><option value=\"Senegal\">Senegal<\/option><option value=\"Serbia\">Serbia<\/option><option value=\"Seychelles\">Seychelles<\/option><option value=\"Sierra Leone\">Sierra Leone<\/option><option value=\"Singapore\">Singapore<\/option><option value=\"Siria\">Siria<\/option><option value=\"Slovacchia\">Slovacchia<\/option><option value=\"Slovenia\">Slovenia<\/option><option value=\"Somalia\">Somalia<\/option><option value=\"Spagna\">Spagna<\/option><option value=\"Sri Lanka\">Sri Lanka<\/option><option value=\"Stati Uniti\">Stati Uniti<\/option><option value=\"Sudafrica\">Sudafrica<\/option><option value=\"Sudan\">Sudan<\/option><option value=\"Sudan del Sud\">Sudan del Sud<\/option><option value=\"Suriname\">Suriname<\/option><option value=\"Svezia\">Svezia<\/option><option value=\"Svizzera\">Svizzera<\/option><option value=\"Swaziland\">Swaziland<\/option><option value=\"Tagikistan\">Tagikistan<\/option><option value=\"Taiwan\">Taiwan<\/option><option value=\"Tanzania\">Tanzania<\/option><option value=\"Thailandia\">Thailandia<\/option><option value=\"Timor Est\">Timor Est<\/option><option value=\"Togo\">Togo<\/option><option value=\"Tonga\">Tonga<\/option><option value=\"Trinidad e Tobago\">Trinidad e Tobago<\/option><option value=\"Tunisia\">Tunisia<\/option><option value=\"Turchia\">Turchia<\/option><option value=\"Turkmenistan\">Turkmenistan<\/option><option value=\"Tuvalu\">Tuvalu<\/option><option value=\"Ucraina\">Ucraina<\/option><option value=\"Uganda\">Uganda<\/option><option value=\"Ungheria\">Ungheria<\/option><option value=\"Uruguay\">Uruguay<\/option><option value=\"Uzbekistan\">Uzbekistan<\/option><option value=\"Vanuatu\">Vanuatu<\/option><option value=\"Venezuela\">Venezuela<\/option><option value=\"Vietnam\">Vietnam<\/option><option value=\"Yemen\">Yemen<\/option><option value=\"Zambia\">Zambia<\/option><option value=\"Zimbabwe\">Zimbabwe<\/option><\/select><\/span>\n\t\t<\/p>\n\t<\/div>\n\t<div class=\"col-sm-12\">\n\t\t<p><span class=\"wpcf7-form-control-wrap\" data-name=\"message\"><textarea cols=\"40\" rows=\"10\" class=\"wpcf7-form-control wpcf7-textarea wpcf7-validates-as-required\" aria-required=\"true\" aria-invalid=\"false\" placeholder=\"Messaggio *\" name=\"message\"><\/textarea><\/span>\n\t\t<\/p>\n\t<\/div>\n<\/div>\n<p><input class=\"wpcf7-form-control wpcf7-submit has-spinner btn btn-secondary\" type=\"submit\" value=\"Invia\" \/>\n<\/p>\n<p style=\"color: #f39c12; font-size: 14px; margin-top: 10px;\">* campo obbligatorio\n<\/p><div class=\"wpcf7-response-output\" aria-hidden=\"true\"><\/div>\n<\/form>\n<\/div>\n[\/vc_column][\/vc_row]<\/p>\n<\/div>","protected":false},"excerpt":{"rendered":"<p>[vc_row el_id=&#8221;contact&#8221;][vc_column el_class=&#8221;text-col&#8221; offset=&#8221;vc_col-lg-4 vc_col-md-5&#8243;][vc_custom_heading text=&#8221;TENIAMOCI IN CONTATTO&#8221; font_container=&#8221;tag:h2|font_size:45|text_align:left|color:%23008d84|line_height:44px&#8221; use_theme_fonts=&#8221;yes&#8221; css_animation=&#8221;fadeInUp&#8221; el_class=&#8221;text-uppercase&#8221;][vc_column_text css_animation=&#8221;fadeInUp&#8221; css=&#8221;&#8221;]Se hai una domanda, una richiesta, un&#8217;idea, o semplicemente per dire &#8220;Ciao&#8221;, non esitare a contattarci direttamente per telefono o compilando il modulo.[\/vc_column_text][vc_custom_heading text=&#8221;CHIAMACI &#8221; font_container=&#8221;tag:h3|font_size:20|text_align:left|color:%23008d84|line_height:30px&#8221; use_theme_fonts=&#8221;yes&#8221; css_animation=&#8221;fadeInUp&#8221; css=&#8221;&#8221; el_class=&#8221;text-uppercase&#8221;][vc_column_text css_animation=&#8221;fadeInUp&#8221; css=&#8221;&#8221;] +32 (0) 11 43 46 66 [\/vc_column_text][\/vc_column][vc_column offset=&#8221;vc_col-lg-8 vc_col-md-7&#8243;][\/vc_column][\/vc_row] [&#8230;]<\/p>\n<p><a class=\"btn btn-secondary understrap-read-more-link\" href=\"https:\/\/sunward.eu\/it\/contact\/\">Leggi tutto&#8230;<\/a><\/p>\n","protected":false},"author":1,"featured_media":1857,"parent":0,"menu_order":0,"comment_status":"closed","ping_status":"closed","template":"","meta":{"_acf_changed":false,"inline_featured_image":false,"footnotes":""},"class_list":["post-450","page","type-page","status-publish","has-post-thumbnail","hentry"],"translation":{"provider":"WPGlobus","version":"2.12.2","language":"it","enabled_languages":["en","de","fr","it"],"languages":{"en":{"title":true,"content":true,"excerpt":false},"de":{"title":true,"content":true,"excerpt":false},"fr":{"title":true,"content":true,"excerpt":false},"it":{"title":true,"content":true,"excerpt":false}}},"acf":[],"yoast_head":"<!-- This site is optimized with the Yoast SEO plugin v22.6 - https:\/\/yoast.com\/wordpress\/plugins\/seo\/ -->\n<title>CONTATTACI - Sunward Europe (Official Website for EU &amp; UK)<\/title>\n<meta name=\"robots\" content=\"index, follow, max-snippet:-1, max-image-preview:large, max-video-preview:-1\" \/>\n<link rel=\"canonical\" href=\"https:\/\/sunward.eu\/contact\/\" \/>\n<meta property=\"og:locale\" content=\"it_IT\" \/>\n<meta property=\"og:type\" content=\"article\" \/>\n<meta property=\"og:title\" content=\"CONTATTACI - Sunward Europe (Official Website for EU &amp; UK)\" \/>\n<meta property=\"og:url\" content=\"https:\/\/sunward.eu\/contact\/\" \/>\n<meta property=\"og:site_name\" content=\"Sunward Europe (Official Website for EU &amp; UK)\" \/>\n<meta property=\"article:modified_time\" content=\"2025-11-24T08:16:28+00:00\" \/>\n<meta property=\"og:image\" content=\"https:\/\/sunward.eu\/wp-content\/uploads\/2022\/01\/Website-Top-Banner-Contact-Sunward-2560x534px.png\" \/>\n\t<meta property=\"og:image:width\" content=\"2560\" \/>\n\t<meta property=\"og:image:height\" content=\"534\" \/>\n\t<meta property=\"og:image:type\" content=\"image\/png\" \/>\n<meta name=\"twitter:card\" content=\"summary_large_image\" \/>\n<meta name=\"twitter:label1\" content=\"Est. reading time\" \/>\n\t<meta name=\"twitter:data1\" content=\"1 minute\" \/>\n<script type=\"application\/ld+json\" class=\"yoast-schema-graph\">{\"@context\":\"https:\/\/schema.org\",\"@graph\":[{\"@type\":\"WebPage\",\"@id\":\"https:\/\/sunward.eu\/contact\/\",\"url\":\"https:\/\/sunward.eu\/contact\/\",\"name\":\"CONTATTACI - Sunward Europe (Official Website for EU &amp; UK)\",\"isPartOf\":{\"@id\":\"https:\/\/sunward.eu\/#website\"},\"primaryImageOfPage\":{\"@id\":\"https:\/\/sunward.eu\/contact\/#primaryimage\"},\"image\":{\"@id\":\"https:\/\/sunward.eu\/contact\/#primaryimage\"},\"thumbnailUrl\":\"https:\/\/sunward.eu\/wp-content\/uploads\/2022\/01\/Website-Top-Banner-Contact-Sunward-2560x534px.png\",\"datePublished\":\"2021-06-26T08:53:04+00:00\",\"dateModified\":\"2025-11-24T08:16:28+00:00\",\"breadcrumb\":{\"@id\":\"https:\/\/sunward.eu\/contact\/#breadcrumb\"},\"inLanguage\":\"it-IT\",\"potentialAction\":[{\"@type\":\"ReadAction\",\"target\":[\"https:\/\/sunward.eu\/contact\/\"]}]},{\"@type\":\"ImageObject\",\"inLanguage\":\"it-IT\",\"@id\":\"https:\/\/sunward.eu\/contact\/#primaryimage\",\"url\":\"https:\/\/sunward.eu\/wp-content\/uploads\/2022\/01\/Website-Top-Banner-Contact-Sunward-2560x534px.png\",\"contentUrl\":\"https:\/\/sunward.eu\/wp-content\/uploads\/2022\/01\/Website-Top-Banner-Contact-Sunward-2560x534px.png\",\"width\":2560,\"height\":534},{\"@type\":\"BreadcrumbList\",\"@id\":\"https:\/\/sunward.eu\/contact\/#breadcrumb\",\"itemListElement\":[{\"@type\":\"ListItem\",\"position\":1,\"name\":\"Home\",\"item\":\"https:\/\/sunward.eu\/\"},{\"@type\":\"ListItem\",\"position\":2,\"name\":\"Contact us\"}]},{\"@type\":\"WebSite\",\"@id\":\"https:\/\/sunward.eu\/#website\",\"url\":\"https:\/\/sunward.eu\/\",\"name\":\"Sunward Europe (Official Website for EU &amp; UK)\",\"description\":\"The smart choice\",\"publisher\":{\"@id\":\"https:\/\/sunward.eu\/#organization\"},\"potentialAction\":[{\"@type\":\"SearchAction\",\"target\":{\"@type\":\"EntryPoint\",\"urlTemplate\":\"https:\/\/sunward.eu\/?s={search_term_string}\"},\"query-input\":\"required name=search_term_string\"}],\"inLanguage\":\"it-IT\"},{\"@type\":\"Organization\",\"@id\":\"https:\/\/sunward.eu\/#organization\",\"name\":\"Sunward Europe (Official Website for EU &amp; UK)\",\"url\":\"https:\/\/sunward.eu\/\",\"logo\":{\"@type\":\"ImageObject\",\"inLanguage\":\"it-IT\",\"@id\":\"https:\/\/sunward.eu\/#\/schema\/logo\/image\/\",\"url\":\"https:\/\/sunward.eu\/wp-content\/uploads\/2022\/01\/Website_Sunward_logo_top_180x63px.png\",\"contentUrl\":\"https:\/\/sunward.eu\/wp-content\/uploads\/2022\/01\/Website_Sunward_logo_top_180x63px.png\",\"width\":180,\"height\":63,\"caption\":\"Sunward Europe (Official Website for EU &amp; UK)\"},\"image\":{\"@id\":\"https:\/\/sunward.eu\/#\/schema\/logo\/image\/\"}}]}<\/script>\n<!-- \/ Yoast SEO plugin. -->","yoast_head_json":{"title":"CONTATTACI - Sunward Europe (Official Website for EU &amp; UK)","robots":{"index":"index","follow":"follow","max-snippet":"max-snippet:-1","max-image-preview":"max-image-preview:large","max-video-preview":"max-video-preview:-1"},"canonical":"https:\/\/sunward.eu\/contact\/","og_locale":"it_IT","og_type":"article","og_title":"CONTATTACI - Sunward Europe (Official Website for EU &amp; UK)","og_url":"https:\/\/sunward.eu\/contact\/","og_site_name":"Sunward Europe (Official Website for EU &amp; UK)","article_modified_time":"2025-11-24T08:16:28+00:00","og_image":[{"width":2560,"height":534,"url":"https:\/\/sunward.eu\/wp-content\/uploads\/2022\/01\/Website-Top-Banner-Contact-Sunward-2560x534px.png","type":"image\/png"}],"twitter_card":"summary_large_image","twitter_misc":{"Est. reading time":"1 minute"},"schema":{"@context":"https:\/\/schema.org","@graph":[{"@type":"WebPage","@id":"https:\/\/sunward.eu\/contact\/","url":"https:\/\/sunward.eu\/contact\/","name":"CONTATTACI - Sunward Europe (Official Website for EU &amp; UK)","isPartOf":{"@id":"https:\/\/sunward.eu\/#website"},"primaryImageOfPage":{"@id":"https:\/\/sunward.eu\/contact\/#primaryimage"},"image":{"@id":"https:\/\/sunward.eu\/contact\/#primaryimage"},"thumbnailUrl":"https:\/\/sunward.eu\/wp-content\/uploads\/2022\/01\/Website-Top-Banner-Contact-Sunward-2560x534px.png","datePublished":"2021-06-26T08:53:04+00:00","dateModified":"2025-11-24T08:16:28+00:00","breadcrumb":{"@id":"https:\/\/sunward.eu\/contact\/#breadcrumb"},"inLanguage":"it-IT","potentialAction":[{"@type":"ReadAction","target":["https:\/\/sunward.eu\/contact\/"]}]},{"@type":"ImageObject","inLanguage":"it-IT","@id":"https:\/\/sunward.eu\/contact\/#primaryimage","url":"https:\/\/sunward.eu\/wp-content\/uploads\/2022\/01\/Website-Top-Banner-Contact-Sunward-2560x534px.png","contentUrl":"https:\/\/sunward.eu\/wp-content\/uploads\/2022\/01\/Website-Top-Banner-Contact-Sunward-2560x534px.png","width":2560,"height":534},{"@type":"BreadcrumbList","@id":"https:\/\/sunward.eu\/contact\/#breadcrumb","itemListElement":[{"@type":"ListItem","position":1,"name":"Home","item":"https:\/\/sunward.eu\/"},{"@type":"ListItem","position":2,"name":"Contact us"}]},{"@type":"WebSite","@id":"https:\/\/sunward.eu\/#website","url":"https:\/\/sunward.eu\/","name":"Sunward Europe (Official Website for EU &amp; UK)","description":"The smart choice","publisher":{"@id":"https:\/\/sunward.eu\/#organization"},"potentialAction":[{"@type":"SearchAction","target":{"@type":"EntryPoint","urlTemplate":"https:\/\/sunward.eu\/?s={search_term_string}"},"query-input":"required name=search_term_string"}],"inLanguage":"it-IT"},{"@type":"Organization","@id":"https:\/\/sunward.eu\/#organization","name":"Sunward Europe (Official Website for EU &amp; UK)","url":"https:\/\/sunward.eu\/","logo":{"@type":"ImageObject","inLanguage":"it-IT","@id":"https:\/\/sunward.eu\/#\/schema\/logo\/image\/","url":"https:\/\/sunward.eu\/wp-content\/uploads\/2022\/01\/Website_Sunward_logo_top_180x63px.png","contentUrl":"https:\/\/sunward.eu\/wp-content\/uploads\/2022\/01\/Website_Sunward_logo_top_180x63px.png","width":180,"height":63,"caption":"Sunward Europe (Official Website for EU &amp; UK)"},"image":{"@id":"https:\/\/sunward.eu\/#\/schema\/logo\/image\/"}}]}},"_links":{"self":[{"href":"https:\/\/sunward.eu\/it\/wp-json\/wp\/v2\/pages\/450","targetHints":{"allow":["GET"]}}],"collection":[{"href":"https:\/\/sunward.eu\/it\/wp-json\/wp\/v2\/pages"}],"about":[{"href":"https:\/\/sunward.eu\/it\/wp-json\/wp\/v2\/types\/page"}],"author":[{"embeddable":true,"href":"https:\/\/sunward.eu\/it\/wp-json\/wp\/v2\/users\/1"}],"replies":[{"embeddable":true,"href":"https:\/\/sunward.eu\/it\/wp-json\/wp\/v2\/comments?post=450"}],"version-history":[{"count":22,"href":"https:\/\/sunward.eu\/it\/wp-json\/wp\/v2\/pages\/450\/revisions"}],"predecessor-version":[{"id":4428,"href":"https:\/\/sunward.eu\/it\/wp-json\/wp\/v2\/pages\/450\/revisions\/4428"}],"wp:featuredmedia":[{"embeddable":true,"href":"https:\/\/sunward.eu\/it\/wp-json\/wp\/v2\/media\/1857"}],"wp:attachment":[{"href":"https:\/\/sunward.eu\/it\/wp-json\/wp\/v2\/media?parent=450"}],"curies":[{"name":"wp","href":"https:\/\/api.w.org\/{rel}","templated":true}]}}