{"id":4560,"date":"2026-03-18T14:37:55","date_gmt":"2026-03-18T13:37:55","guid":{"rendered":"https:\/\/sunward.eu\/?post_type=product&#038;p=4560"},"modified":"2026-03-18T16:50:42","modified_gmt":"2026-03-18T15:50:42","slug":"swtl-5238","status":"publish","type":"product","link":"https:\/\/sunward.eu\/fr\/produit\/swtl-5238\/","title":{"rendered":"SWTL 5238"},"content":{"rendered":"<div class=\"wpb-content-wrapper\"><p>[vc_row][vc_column][vc_tta_accordion style=&#8221;flat&#8221; c_icon=&#8221;chevron&#8221; c_position=&#8221;right&#8221; active_section=&#8221;1&#8243; no_fill=&#8221;true&#8221; el_class=&#8221;custom-accordion&#8221;][vc_tta_section title=&#8221;SP\u00c9CIFICATIONS&#8221; tab_id=&#8221;1623355628079-f58b5c44-7c4b&#8221;][vc_custom_heading text=&#8221;SUNWARD SWTL 5238&#8243; font_container=&#8221;tag:h3|text_align:left&#8221; use_theme_fonts=&#8221;yes&#8221; css=&#8221;&#8221;][vc_column_text css=&#8221;&#8221;]<\/p>\n<p data-start=\"60\" data-end=\"156\"><strong data-start=\"60\" data-end=\"156\">Vous recherchez plus de puissance et de performance pour un chargeur compact sur chenilles ?<\/strong><\/p>\n<p data-start=\"158\" data-end=\"340\">Le Sunward <strong data-start=\"169\" data-end=\"182\">SWTL 5238<\/strong> est con\u00e7u pour les applications exigeantes, offrant une capacit\u00e9 de levage accrue et une forte traction pour un travail efficace sur des terrains difficiles.<\/p>\n<p data-start=\"342\" data-end=\"499\">Sa conception compacte garantit une excellente maniabilit\u00e9, ce qui le rend adapt\u00e9 aussi bien aux chantiers confin\u00e9s qu\u2019aux travaux ext\u00e9rieurs plus exigeants.<\/p>\n<p data-start=\"501\" data-end=\"678\">La machine est \u00e9quip\u00e9e d\u2019un syst\u00e8me hydraulique optimis\u00e9 avec assistance \u00e0 commande \u00e9lectronique, assurant un fonctionnement fluide, r\u00e9actif et une grande pr\u00e9cision de conduite.<\/p>\n<p data-start=\"680\" data-end=\"854\">Le confort de l\u2019op\u00e9rateur est renforc\u00e9 par une cabine spacieuse, des commandes intuitives et une excellente visibilit\u00e9, favorisant la productivit\u00e9 tout au long de la journ\u00e9e.<\/p>\n<p data-start=\"856\" data-end=\"1002\">L\u2019entretien et la maintenance sont simplifi\u00e9s gr\u00e2ce \u00e0 une disposition claire des composants et un acc\u00e8s facile via la cabine ROPS\/FOPS basculante.<\/p>\n<p data-start=\"1004\" data-end=\"1151\">Sa construction robuste, sa stabilit\u00e9 et sa conception ax\u00e9e sur la s\u00e9curit\u00e9 permettent de travailler en toute confiance dans toutes les conditions.<\/p>\n<p data-start=\"1153\" data-end=\"1205\" data-is-last-node=\"\" data-is-only-node=\"\"><strong data-start=\"1153\" data-end=\"1205\" data-is-last-node=\"\">D\u00e9couvrez les performances du Sunward SWTL 5238.<\/strong><\/p>\n<p>[\/vc_column_text][vc_separator color=&#8221;white&#8221;][vc_row_inner][vc_column_inner width=&#8221;1\/2&#8243;][vc_toggle title=&#8221;DIMENSIONS ET POIDS&#8221; css=&#8221;&#8221;]<\/p>\n<table width=\"655\">\n<tbody>\n<tr>\n<td width=\"417\">Poids op\u00e9rationnel<\/td>\n<td width=\"238\">5 375 kg<\/td>\n<\/tr>\n<tr>\n<td>Longueur hors godet<\/td>\n<td>3 130 mm<\/td>\n<\/tr>\n<tr>\n<td>Longueur avec godet standard<\/td>\n<td>3 930 mm<\/td>\n<\/tr>\n<tr>\n<td>Hauteur jusqu&#8217;au sommet du cadre ROPS<\/td>\n<td>2 110 mm<\/td>\n<\/tr>\n<tr>\n<td>Garde au sol<\/td>\n<td>277 mm<\/td>\n<\/tr>\n<tr>\n<td>Rayon de braquage \u00e0 partir du centre (godet standard)<\/td>\n<td>2 385 mm<\/td>\n<\/tr>\n<\/tbody>\n<\/table>\n<p>[\/vc_toggle][vc_toggle title=&#8221;MOTEUR&#8221; css=&#8221;&#8221;]<\/p>\n<table width=\"655\">\n<tbody>\n<tr>\n<td width=\"417\">Mod\u00e8le<\/td>\n<td width=\"238\">Kubota V3307-CR-TE5B<\/td>\n<\/tr>\n<tr>\n<td>Norme antipollution<\/td>\n<td>EU Stage V<\/td>\n<\/tr>\n<tr>\n<td>Puissance de sortie nominale<\/td>\n<td>85.1 kW<\/td>\n<\/tr>\n<\/tbody>\n<\/table>\n<p>[\/vc_toggle][vc_toggle title=&#8221;PERFORMANCES&#8221; css=&#8221;&#8221;]<\/p>\n<table width=\"655\">\n<tbody>\n<tr>\n<td width=\"417\">Capacit\u00e9 op\u00e9rationnelle nominale<\/td>\n<td width=\"238\">1 500 kg<\/td>\n<\/tr>\n<tr>\n<td>Charge de d\u00e9versement statique<\/td>\n<td>4 286 kg<\/td>\n<\/tr>\n<tr>\n<td>Force d&#8217;arrachement du godet (godet standard)<\/td>\n<td>3 900 kg<\/td>\n<\/tr>\n<tr>\n<td>Force d\u2019arrachement de la fl\u00e8che<\/td>\n<td>\u00a03 000 kg<\/td>\n<\/tr>\n<tr>\n<td>Vitesse de d\u00e9placement<\/td>\n<td>8\/12 mph<\/td>\n<\/tr>\n<\/tbody>\n<\/table>\n<p>[\/vc_toggle][\/vc_column_inner][vc_column_inner width=&#8221;1\/2&#8243;][\/vc_column_inner][\/vc_row_inner][\/vc_tta_section][vc_tta_section title=&#8221;FONCTIONNALIT\u00c9S ET ATOUTS&#8221; tab_id=&#8221;1623355710952-d36b50a3-81ed&#8221;][vc_row_inner][vc_column_inner width=&#8221;1\/4&#8243;][vc_single_image image=&#8221;1070&#8243; img_size=&#8221;medium&#8221;][\/vc_column_inner][vc_column_inner width=&#8221;3\/4&#8243;][vc_custom_heading text=&#8221;CONSTRUITE POUR L\u2019EUROPE&#8221; font_container=&#8221;tag:h3|text_align:left&#8221; use_theme_fonts=&#8221;yes&#8221;][vc_column_text css=&#8221;&#8221;]Comme toutes les machines Sunward du march\u00e9 europ\u00e9en, la SWTL 5238 a \u00e9t\u00e9 con\u00e7ue pour r\u00e9pondre aux besoins des clients europ\u00e9ens et d\u00e9tient toutes les certifications de l\u2019UE.[\/vc_column_text][\/vc_column_inner][\/vc_row_inner][vc_separator][vc_row_inner][vc_column_inner width=&#8221;1\/4&#8243;][vc_single_image image=&#8221;1456&#8243; img_size=&#8221;medium&#8221;][\/vc_column_inner][vc_column_inner width=&#8221;3\/4&#8243;][vc_custom_heading text=&#8221;CONSTRUITE POUR \u00caTRE POLYVALENTE&#8221; font_container=&#8221;tag:h3|text_align:left&#8221; use_theme_fonts=&#8221;yes&#8221;][vc_column_text css=&#8221;&#8221;]<\/p>\n<p data-start=\"64\" data-end=\"329\">Le chargeur compact sur chenilles Sunward <strong data-start=\"106\" data-end=\"119\">SWTL 5238<\/strong> a \u00e9t\u00e9 con\u00e7u en tenant compte de la polyvalence, de la puissance et des conditions de travail exigeantes, offrant d\u2019excellentes performances aussi bien dans des espaces confin\u00e9s que sur des terrains difficiles.<\/p>\n<p data-start=\"331\" data-end=\"602\">Un chargeur compact commence par une conception optimis\u00e9e pour le transport. Le SWTL 5238 pr\u00e9sente un profil bien \u00e9quilibr\u00e9 \u2013 avec une largeur de 2 015 mm et un poids op\u00e9rationnel de 5 375 kg \u2013 facilitant son transport tout en respectant les normes d\u2019\u00e9mission EU Stage V.<\/p>\n<p data-start=\"604\" data-end=\"905\" data-is-last-node=\"\" data-is-only-node=\"\">Le SWTL 5238 peut \u00eatre facilement \u00e9quip\u00e9 d\u2019une large gamme d\u2019accessoires pour r\u00e9pondre \u00e0 de nombreuses applications. Le syst\u00e8me de commande hydraulique pilot\u00e9e, associ\u00e9 \u00e0 une assistance \u00e0 commande \u00e9lectronique int\u00e9gr\u00e9e directement dans les leviers, garantit un contr\u00f4le pr\u00e9cis de toutes les fonctions.<\/p>\n<p>[\/vc_column_text][\/vc_column_inner][\/vc_row_inner][vc_separator][vc_row_inner][vc_column_inner width=&#8221;1\/4&#8243;][vc_single_image image=&#8221;1457&#8243; img_size=&#8221;medium&#8221;][\/vc_column_inner][vc_column_inner width=&#8221;3\/4&#8243;][vc_custom_heading text=&#8221;UNE PERFORMANCE FIABLE&#8221; font_container=&#8221;tag:h3|text_align:left&#8221; use_theme_fonts=&#8221;yes&#8221;][vc_column_text css=&#8221;&#8221;]<\/p>\n<p data-start=\"62\" data-end=\"233\">Malgr\u00e9 sa taille compacte, le SWTL 5238 offre une force d\u2019arrachement impressionnante, une capacit\u00e9 de charge nominale de 1 500 kg ainsi que des cycles de travail rapides.<\/p>\n<p data-start=\"235\" data-end=\"467\" data-is-last-node=\"\" data-is-only-node=\"\">Le puissant moteur Kubota V3800-TIE5B d\u00e9veloppe 85,1 kW \u00e0 2 600 tr\/min avec un couple maximal de 386 Nm, garantissant une fiabilit\u00e9 exceptionnelle m\u00eame dans des conditions s\u00e9v\u00e8res et \u00e0 forte charge, ainsi qu\u2019une longue dur\u00e9e de vie.<\/p>\n<p>[\/vc_column_text][\/vc_column_inner][\/vc_row_inner][vc_separator][vc_row_inner][vc_column_inner width=&#8221;1\/4&#8243;][vc_single_image image=&#8221;1458&#8243; img_size=&#8221;medium&#8221;][\/vc_column_inner][vc_column_inner width=&#8221;3\/4&#8243;][vc_custom_heading text=&#8221;LE CONFORT DE S\u00c9RIE&#8221; font_container=&#8221;tag:h3|text_align:left&#8221; use_theme_fonts=&#8221;yes&#8221;][vc_column_text css=&#8221;&#8221;]Le confort de la Sunward SWTL 5238 commence par un acc\u00e8s facile \u00e0 la cabine. Une fois \u00e0 l\u2019int\u00e9rieur, la SWTL 5238 offre \u00e0 l\u2019op\u00e9rateur une cabine spacieuse, la climatisation, un si\u00e8ge confortable et des commandes ergonomiques pour un confort d\u2019utilisation maximal.<\/p>\n<p>Les op\u00e9rateurs appr\u00e9cieront \u00e9galement l\u2019excellente visibilit\u00e9 panoramique. Utiliser la chargeuse compacte Sunward est un vrai plaisir.[\/vc_column_text][\/vc_column_inner][\/vc_row_inner][vc_separator][vc_row_inner][vc_column_inner width=&#8221;1\/4&#8243;][vc_single_image image=&#8221;1459&#8243; img_size=&#8221;medium&#8221;][\/vc_column_inner][vc_column_inner width=&#8221;3\/4&#8243;][vc_custom_heading text=&#8221;FACILIT\u00c9 D\u2019ENTRETIEN&#8221; font_container=&#8221;tag:h3|text_align:left&#8221; use_theme_fonts=&#8221;yes&#8221;][vc_column_text]Le co\u00fbt d\u2019exploitation \u00e9tant un crit\u00e8re important pour nous. C\u2019est pourquoi la maintenance et l&#8217;entretien ont \u00e9t\u00e9 simplifi\u00e9s. La maintenance pr\u00e9ventive quotidienne est particuli\u00e8rement simple, les points d\u2019entretien et les composants du syst\u00e8me de refroidissement \u00e9tant accessibles depuis le sol, \u00e0 partir de la porte arri\u00e8re. Concernant l\u2019entretien, les principaux composants sont \u00e9galement facilement et rapidement accessibles en basculant la cabine ROPS\/FOPS.[\/vc_column_text][\/vc_column_inner][\/vc_row_inner][vc_separator][vc_row_inner][vc_column_inner width=&#8221;1\/4&#8243;][vc_single_image image=&#8221;1460&#8243; img_size=&#8221;medium&#8221;][\/vc_column_inner][vc_column_inner width=&#8221;3\/4&#8243;][vc_custom_heading text=&#8221;LA S\u00c9CURIT\u00c9 N\u2019EST PAS UNE OPTION&#8221; font_container=&#8221;tag:h3|text_align:left&#8221; use_theme_fonts=&#8221;yes&#8221;][vc_column_text css=&#8221;&#8221;]La s\u00e9curit\u00e9 est et restera toujours une priorit\u00e9 pour Sunward. La SWTL 5238 a \u00e9t\u00e9 con\u00e7ue pour assurer la s\u00e9curit\u00e9 de l\u2019op\u00e9rateur.<\/p>\n<p>Ainsi, la cabine ROPS\/FOPS et la sortie par la fen\u00eatre arri\u00e8re, associ\u00e9es \u00e0 l&#8217;excellente visibilit\u00e9 et \u00e0 une grande stabilit\u00e9 de la machine, garantissent une s\u00e9curit\u00e9 maximale.<\/p>\n<p>Un contacteur de si\u00e8ge et un contacteur d\u2019accoudoir \u00e9vitent \u00e9galement tout d\u00e9marrage involontaire de la machine, sans la pr\u00e9sence d\u2019un op\u00e9rateur.<\/p>\n<p>En termes de syst\u00e8mes, la chargeuse compacte SWTL 5238 est dot\u00e9e d\u2019une fonction d\u2019abaissement d\u2019urgence, afin que la fl\u00e8che puisse s\u2019abaisser en urgence en toute s\u00e9curit\u00e9 en cas d\u2019arr\u00eat inattendu du moteur.[\/vc_column_text][\/vc_column_inner][\/vc_row_inner][\/vc_tta_section][vc_tta_section title=&#8221;VIDEO&#8221; tab_id=&#8221;1623857706491-8aa3a03f-cca1&#8243;][vc_row_inner][vc_column_inner][vc_column_text]<\/p>\n<h2><em>NOT AVAILABLE<\/em><\/h2>\n<p>[\/vc_column_text][\/vc_column_inner][\/vc_row_inner][vc_video link=&#8221;&#8221;][\/vc_tta_section][vc_tta_section title=&#8221;BROCHURE&#8221; tab_id=&#8221;1623857795794-8fd5289e-c5a3&#8243;][vc_row_inner content_placement=&#8221;middle&#8221;][vc_column_inner width=&#8221;1\/4&#8243;][vc_single_image image=&#8221;4565&#8243; img_size=&#8221;large&#8221; css=&#8221;&#8221;][\/vc_column_inner][vc_column_inner width=&#8221;3\/4&#8243;][vc_custom_heading text=&#8221;SUNWARD SWTL 5238 Product brochure&#8221; font_container=&#8221;tag:h3|text_align:left&#8221; use_theme_fonts=&#8221;yes&#8221; css=&#8221;&#8221;][vc_btn title=&#8221;DOWNLOAD&#8221; color=&#8221;orange&#8221; size=&#8221;lg&#8221; css=&#8221;&#8221; link=&#8221;url:https%3A%2F%2Fsunward.eu%2Fwp-content%2Fuploads%2F2026%2F03%2FSUNWARD_SWTL_5238_03.2026_HR_EN.pdf|title:Sunward%20SWTL%205238%20Product%20Brochure|target:_blank&#8221;][\/vc_column_inner][\/vc_row_inner][\/vc_tta_section][\/vc_tta_accordion][\/vc_column][\/vc_row]<\/p>\n<\/div>","protected":false},"excerpt":{"rendered":"<p data-start=\"77\" data-end=\"180\"><strong data-start=\"77\" data-end=\"180\">Vous recherchez plus de puissance et de capacit\u00e9 de levage pour un chargeur compact et polyvalent ?<\/strong><\/p>\n<p data-start=\"182\" data-end=\"405\">Le chargeur compact sur chenilles Sunward <strong data-start=\"224\" data-end=\"237\">SWTL 5238<\/strong> offre de hautes performances, une excellente traction et une grande efficacit\u00e9 lors de travaux sur des terrains exigeants tels que la roche, la terre ou les chantiers.<\/p>\n<p data-start=\"407\" data-end=\"640\">Malgr\u00e9 sa puissance, il reste compact et polyvalent, garantissant une excellente maniabilit\u00e9 dans les espaces restreints tout en offrant une force d\u2019arrachement et une capacit\u00e9 de levage accrues pour des applications plus exigeantes.<\/p>\n<p data-start=\"642\" data-end=\"779\" data-is-last-node=\"\" data-is-only-node=\"\">\u00c9quip\u00e9 d\u2019un moteur fiable conforme aux normes d\u2019\u00e9mission EU Stage V, le SWTL 5238 combine performance, durabilit\u00e9 et longue dur\u00e9e de vie.<\/p>\n<p> [&#8230;]<\/p>\n<p><a class=\"btn btn-secondary understrap-read-more-link\" href=\"https:\/\/sunward.eu\/fr\/produit\/swtl-5238\/\">Lire la suite&#8230;<\/a><\/p>\n","protected":false},"featured_media":4561,"comment_status":"closed","ping_status":"closed","template":"","meta":{"_acf_changed":false,"inline_featured_image":false},"product_cat":[27,57],"product_tag":[],"class_list":{"0":"post-4560","1":"product","2":"type-product","3":"status-publish","4":"has-post-thumbnail","6":"product_cat-compact-loaders","7":"product_cat-compact-track-loaders","8":"pa_breakout-force-bucket-3-900-kg","9":"pa_lift-height-2-467-mm","10":"pa_max-digging-depth-2-840-mm","11":"pa_operating-weight-5-375-kg","12":"pa_power-output-14-6-kw","13":"pa_rated-operating-capacity-1-500-kg","14":"pa_rated-power-output-85-1-kw","15":"pa_tipping-load-4-286-kg","17":"first","18":"instock","19":"shipping-taxable","20":"product-type-simple"},"translation":{"provider":"WPGlobus","version":"2.12.2","language":"fr","enabled_languages":["en","de","fr","it"],"languages":{"en":{"title":true,"content":true,"excerpt":true},"de":{"title":true,"content":true,"excerpt":true},"fr":{"title":true,"content":true,"excerpt":true},"it":{"title":true,"content":true,"excerpt":true}}},"acf":[],"yoast_head":"<!-- This site is optimized with the Yoast SEO plugin v22.6 - https:\/\/yoast.com\/wordpress\/plugins\/seo\/ -->\n<title>SWTL 5238 - Sunward Europe (Official Website for EU &amp; UK)<\/title>\n<meta name=\"robots\" content=\"index, follow, max-snippet:-1, max-image-preview:large, max-video-preview:-1\" \/>\n<link rel=\"canonical\" href=\"https:\/\/sunward.eu\/product\/swtl-5238\/\" \/>\n<meta property=\"og:locale\" content=\"fr_FR\" \/>\n<meta property=\"og:type\" content=\"article\" \/>\n<meta property=\"og:title\" content=\"SWTL 5238 - Sunward Europe (Official Website for EU &amp; UK)\" \/>\n<meta property=\"og:url\" content=\"https:\/\/sunward.eu\/product\/swtl-5238\/\" \/>\n<meta property=\"og:site_name\" content=\"Sunward Europe (Official Website for EU &amp; UK)\" \/>\n<meta property=\"article:modified_time\" content=\"2026-03-18T15:50:42+00:00\" \/>\n<meta property=\"og:image\" content=\"https:\/\/sunward.eu\/wp-content\/uploads\/2026\/03\/SWTL-5238-web.png\" \/>\n\t<meta property=\"og:image:width\" content=\"1000\" \/>\n\t<meta property=\"og:image:height\" content=\"1000\" \/>\n\t<meta property=\"og:image:type\" content=\"image\/png\" \/>\n<meta name=\"twitter:card\" content=\"summary_large_image\" \/>\n<meta name=\"twitter:label1\" content=\"Est. reading time\" \/>\n\t<meta name=\"twitter:data1\" content=\"4 minutes\" \/>\n<script type=\"application\/ld+json\" class=\"yoast-schema-graph\">{\"@context\":\"https:\/\/schema.org\",\"@graph\":[{\"@type\":\"WebPage\",\"@id\":\"https:\/\/sunward.eu\/product\/swtl-5238\/\",\"url\":\"https:\/\/sunward.eu\/product\/swtl-5238\/\",\"name\":\"SWTL 5238 - Sunward Europe (Official Website for EU &amp; UK)\",\"isPartOf\":{\"@id\":\"https:\/\/sunward.eu\/#website\"},\"primaryImageOfPage\":{\"@id\":\"https:\/\/sunward.eu\/product\/swtl-5238\/#primaryimage\"},\"image\":{\"@id\":\"https:\/\/sunward.eu\/product\/swtl-5238\/#primaryimage\"},\"thumbnailUrl\":\"https:\/\/sunward.eu\/wp-content\/uploads\/2026\/03\/SWTL-5238-web.png\",\"datePublished\":\"2026-03-18T13:37:55+00:00\",\"dateModified\":\"2026-03-18T15:50:42+00:00\",\"breadcrumb\":{\"@id\":\"https:\/\/sunward.eu\/product\/swtl-5238\/#breadcrumb\"},\"inLanguage\":\"fr-FR\",\"potentialAction\":[{\"@type\":\"ReadAction\",\"target\":[\"https:\/\/sunward.eu\/product\/swtl-5238\/\"]}]},{\"@type\":\"ImageObject\",\"inLanguage\":\"fr-FR\",\"@id\":\"https:\/\/sunward.eu\/product\/swtl-5238\/#primaryimage\",\"url\":\"https:\/\/sunward.eu\/wp-content\/uploads\/2026\/03\/SWTL-5238-web.png\",\"contentUrl\":\"https:\/\/sunward.eu\/wp-content\/uploads\/2026\/03\/SWTL-5238-web.png\",\"width\":1000,\"height\":1000},{\"@type\":\"BreadcrumbList\",\"@id\":\"https:\/\/sunward.eu\/product\/swtl-5238\/#breadcrumb\",\"itemListElement\":[{\"@type\":\"ListItem\",\"position\":1,\"name\":\"Home\",\"item\":\"https:\/\/sunward.eu\/\"},{\"@type\":\"ListItem\",\"position\":2,\"name\":\"Products\",\"item\":\"https:\/\/sunward.eu\/shop\/\"},{\"@type\":\"ListItem\",\"position\":3,\"name\":\"{:en}Compact loaders{:}{:de}Kompaktlader{:}{:fr}Chargeuses compactes{:}{:it}Pale compatte{:}\",\"item\":\"https:\/\/sunward.eu\/product-category\/compact-loaders\/\"},{\"@type\":\"ListItem\",\"position\":4,\"name\":\"Compact track loaders\",\"item\":\"https:\/\/sunward.eu\/product-category\/compact-loaders\/compact-track-loaders\/\"},{\"@type\":\"ListItem\",\"position\":5,\"name\":\"SWTL 5238\"}]},{\"@type\":\"WebSite\",\"@id\":\"https:\/\/sunward.eu\/#website\",\"url\":\"https:\/\/sunward.eu\/\",\"name\":\"Sunward Europe (Official Website for EU &amp; UK)\",\"description\":\"The smart choice\",\"publisher\":{\"@id\":\"https:\/\/sunward.eu\/#organization\"},\"potentialAction\":[{\"@type\":\"SearchAction\",\"target\":{\"@type\":\"EntryPoint\",\"urlTemplate\":\"https:\/\/sunward.eu\/?s={search_term_string}\"},\"query-input\":\"required name=search_term_string\"}],\"inLanguage\":\"fr-FR\"},{\"@type\":\"Organization\",\"@id\":\"https:\/\/sunward.eu\/#organization\",\"name\":\"Sunward Europe (Official Website for EU &amp; UK)\",\"url\":\"https:\/\/sunward.eu\/\",\"logo\":{\"@type\":\"ImageObject\",\"inLanguage\":\"fr-FR\",\"@id\":\"https:\/\/sunward.eu\/#\/schema\/logo\/image\/\",\"url\":\"https:\/\/sunward.eu\/wp-content\/uploads\/2022\/01\/Website_Sunward_logo_top_180x63px.png\",\"contentUrl\":\"https:\/\/sunward.eu\/wp-content\/uploads\/2022\/01\/Website_Sunward_logo_top_180x63px.png\",\"width\":180,\"height\":63,\"caption\":\"Sunward Europe (Official Website for EU &amp; UK)\"},\"image\":{\"@id\":\"https:\/\/sunward.eu\/#\/schema\/logo\/image\/\"}}]}<\/script>\n<!-- \/ Yoast SEO plugin. -->","yoast_head_json":{"title":"SWTL 5238 - Sunward Europe (Official Website for EU &amp; UK)","robots":{"index":"index","follow":"follow","max-snippet":"max-snippet:-1","max-image-preview":"max-image-preview:large","max-video-preview":"max-video-preview:-1"},"canonical":"https:\/\/sunward.eu\/product\/swtl-5238\/","og_locale":"fr_FR","og_type":"article","og_title":"SWTL 5238 - Sunward Europe (Official Website for EU &amp; UK)","og_url":"https:\/\/sunward.eu\/product\/swtl-5238\/","og_site_name":"Sunward Europe (Official Website for EU &amp; UK)","article_modified_time":"2026-03-18T15:50:42+00:00","og_image":[{"width":1000,"height":1000,"url":"https:\/\/sunward.eu\/wp-content\/uploads\/2026\/03\/SWTL-5238-web.png","type":"image\/png"}],"twitter_card":"summary_large_image","twitter_misc":{"Est. reading time":"4 minutes"},"schema":{"@context":"https:\/\/schema.org","@graph":[{"@type":"WebPage","@id":"https:\/\/sunward.eu\/product\/swtl-5238\/","url":"https:\/\/sunward.eu\/product\/swtl-5238\/","name":"SWTL 5238 - Sunward Europe (Official Website for EU &amp; UK)","isPartOf":{"@id":"https:\/\/sunward.eu\/#website"},"primaryImageOfPage":{"@id":"https:\/\/sunward.eu\/product\/swtl-5238\/#primaryimage"},"image":{"@id":"https:\/\/sunward.eu\/product\/swtl-5238\/#primaryimage"},"thumbnailUrl":"https:\/\/sunward.eu\/wp-content\/uploads\/2026\/03\/SWTL-5238-web.png","datePublished":"2026-03-18T13:37:55+00:00","dateModified":"2026-03-18T15:50:42+00:00","breadcrumb":{"@id":"https:\/\/sunward.eu\/product\/swtl-5238\/#breadcrumb"},"inLanguage":"fr-FR","potentialAction":[{"@type":"ReadAction","target":["https:\/\/sunward.eu\/product\/swtl-5238\/"]}]},{"@type":"ImageObject","inLanguage":"fr-FR","@id":"https:\/\/sunward.eu\/product\/swtl-5238\/#primaryimage","url":"https:\/\/sunward.eu\/wp-content\/uploads\/2026\/03\/SWTL-5238-web.png","contentUrl":"https:\/\/sunward.eu\/wp-content\/uploads\/2026\/03\/SWTL-5238-web.png","width":1000,"height":1000},{"@type":"BreadcrumbList","@id":"https:\/\/sunward.eu\/product\/swtl-5238\/#breadcrumb","itemListElement":[{"@type":"ListItem","position":1,"name":"Home","item":"https:\/\/sunward.eu\/"},{"@type":"ListItem","position":2,"name":"Products","item":"https:\/\/sunward.eu\/shop\/"},{"@type":"ListItem","position":3,"name":"{:en}Compact loaders{:}{:de}Kompaktlader{:}{:fr}Chargeuses compactes{:}{:it}Pale compatte{:}","item":"https:\/\/sunward.eu\/product-category\/compact-loaders\/"},{"@type":"ListItem","position":4,"name":"Compact track loaders","item":"https:\/\/sunward.eu\/product-category\/compact-loaders\/compact-track-loaders\/"},{"@type":"ListItem","position":5,"name":"SWTL 5238"}]},{"@type":"WebSite","@id":"https:\/\/sunward.eu\/#website","url":"https:\/\/sunward.eu\/","name":"Sunward Europe (Official Website for EU &amp; UK)","description":"The smart choice","publisher":{"@id":"https:\/\/sunward.eu\/#organization"},"potentialAction":[{"@type":"SearchAction","target":{"@type":"EntryPoint","urlTemplate":"https:\/\/sunward.eu\/?s={search_term_string}"},"query-input":"required name=search_term_string"}],"inLanguage":"fr-FR"},{"@type":"Organization","@id":"https:\/\/sunward.eu\/#organization","name":"Sunward Europe (Official Website for EU &amp; UK)","url":"https:\/\/sunward.eu\/","logo":{"@type":"ImageObject","inLanguage":"fr-FR","@id":"https:\/\/sunward.eu\/#\/schema\/logo\/image\/","url":"https:\/\/sunward.eu\/wp-content\/uploads\/2022\/01\/Website_Sunward_logo_top_180x63px.png","contentUrl":"https:\/\/sunward.eu\/wp-content\/uploads\/2022\/01\/Website_Sunward_logo_top_180x63px.png","width":180,"height":63,"caption":"Sunward Europe (Official Website for EU &amp; UK)"},"image":{"@id":"https:\/\/sunward.eu\/#\/schema\/logo\/image\/"}}]}},"_links":{"self":[{"href":"https:\/\/sunward.eu\/fr\/wp-json\/wp\/v2\/product\/4560","targetHints":{"allow":["GET"]}}],"collection":[{"href":"https:\/\/sunward.eu\/fr\/wp-json\/wp\/v2\/product"}],"about":[{"href":"https:\/\/sunward.eu\/fr\/wp-json\/wp\/v2\/types\/product"}],"replies":[{"embeddable":true,"href":"https:\/\/sunward.eu\/fr\/wp-json\/wp\/v2\/comments?post=4560"}],"wp:featuredmedia":[{"embeddable":true,"href":"https:\/\/sunward.eu\/fr\/wp-json\/wp\/v2\/media\/4561"}],"wp:attachment":[{"href":"https:\/\/sunward.eu\/fr\/wp-json\/wp\/v2\/media?parent=4560"}],"wp:term":[{"taxonomy":"product_cat","embeddable":true,"href":"https:\/\/sunward.eu\/fr\/wp-json\/wp\/v2\/product_cat?post=4560"},{"taxonomy":"product_tag","embeddable":true,"href":"https:\/\/sunward.eu\/fr\/wp-json\/wp\/v2\/product_tag?post=4560"}],"curies":[{"name":"wp","href":"https:\/\/api.w.org\/{rel}","templated":true}]}}