{"id":4549,"date":"2026-03-13T13:28:29","date_gmt":"2026-03-13T12:28:29","guid":{"rendered":"https:\/\/sunward.eu\/?post_type=product&#038;p=4549"},"modified":"2026-03-13T15:06:30","modified_gmt":"2026-03-13T14:06:30","slug":"swa-22je-p","status":"publish","type":"product","link":"https:\/\/sunward.eu\/fr\/produit\/swa-22je-p\/","title":{"rendered":"SWA 22JE-P"},"content":{"rendered":"<div class=\"wpb-content-wrapper\"><p>[vc_row][vc_column][vc_tta_accordion style=&#8221;flat&#8221; c_icon=&#8221;chevron&#8221; c_position=&#8221;right&#8221; active_section=&#8221;1&#8243; no_fill=&#8221;true&#8221; el_class=&#8221;custom-accordion&#8221;][vc_tta_section title=&#8221;SP\u00c9CIFICATIONS G\u00c9N\u00c9RALES&#8221; tab_id=&#8221;1623355628079-f58b5c44-7c4b&#8221;][vc_custom_heading text=&#8221;SUNWARD SWA 22JE-P&#8221; font_container=&#8221;tag:h3|text_align:left&#8221; use_theme_fonts=&#8221;yes&#8221; css=&#8221;&#8221;][vc_column_text css=&#8221;&#8221;]<\/p>\n<p data-start=\"0\" data-end=\"187\">La <strong data-start=\"3\" data-end=\"17\">SWA 22JE-P<\/strong> est la nacelle articul\u00e9e \u00e9lectrique de <strong data-start=\"57\" data-end=\"68\">Sunward<\/strong>, con\u00e7ue pour offrir des performances efficaces, s\u00fbres et respectueuses de l\u2019environnement lors des travaux en hauteur.<\/p>\n<p data-start=\"189\" data-end=\"624\">Avec une <strong data-start=\"198\" data-end=\"233\">hauteur de travail de 22 m\u00e8tres<\/strong> et une <strong data-start=\"241\" data-end=\"295\">port\u00e9e horizontale impressionnante de 12,28 m\u00e8tres<\/strong>, la machine offre une excellente port\u00e9e et une grande flexibilit\u00e9 pour un large \u00e9ventail d\u2019applications en hauteur. Gr\u00e2ce \u00e0 ses <strong data-start=\"424\" data-end=\"476\">dimensions compactes et \u00e0 sa maniabilit\u00e9 pr\u00e9cise<\/strong>, elle est id\u00e9ale pour travailler dans des environnements confin\u00e9s tels que les entrep\u00f4ts, les installations industrielles et les chantiers urbains.<\/p>\n<p data-start=\"626\" data-end=\"884\">Aliment\u00e9e par des <strong data-start=\"644\" data-end=\"680\">batteries lithium haute capacit\u00e9<\/strong> et con\u00e7ue pour un fonctionnement <strong data-start=\"714\" data-end=\"732\">sans \u00e9missions<\/strong>, la SWA 22JE-P permet une utilisation silencieuse et efficace, m\u00eame dans des environnements sensibles tels que l\u2019industrie agroalimentaire ou chimique.<\/p>\n<p data-start=\"886\" data-end=\"944\" data-is-last-node=\"\" data-is-only-node=\"\"><strong data-start=\"886\" data-end=\"944\" data-is-last-node=\"\">D\u00e9couvrez tous les avantages de la Sunward SWA 22JE-P.<\/strong><\/p>\n<p>[\/vc_column_text][vc_row_inner][vc_column_inner width=&#8221;1\/2&#8243;][vc_toggle title=&#8221;SP\u00c9CIFICATIONS RELATIVES \u00c0 LA PORT\u00c9E&#8221; css=&#8221;&#8221;]<\/p>\n<table width=\"655\">\n<tbody>\n<tr>\n<td width=\"417\">Hauteur max. de la nacelle<\/td>\n<td width=\"238\">20 m<\/td>\n<\/tr>\n<tr>\n<td width=\"417\">Hauteur de travail max.<\/td>\n<td>22 m<\/td>\n<\/tr>\n<tr>\n<td width=\"417\">D\u00e9port de travail max.<\/td>\n<td>11.68 m<\/td>\n<\/tr>\n<tr>\n<td width=\"417\">Hauteur \u00e0 d\u00e9port de travail max.<\/td>\n<td>8.95 m<\/td>\n<\/tr>\n<\/tbody>\n<\/table>\n<p>[\/vc_toggle][vc_toggle title=&#8221;DIMENSIONS&#8221; css=&#8221;&#8221;]<\/p>\n<table width=\"655\">\n<tbody>\n<tr>\n<td width=\"417\">Longueur &#8211; repli\u00e9e<\/td>\n<td width=\"238\">9.07 m<\/td>\n<\/tr>\n<tr>\n<td>Hauteur &#8211; r\u00e9tract\u00e9<\/td>\n<td>2.36 m<\/td>\n<\/tr>\n<tr>\n<td>Largeur hors tout<\/td>\n<td>2.46 m<\/td>\n<\/tr>\n<tr>\n<td>Garde au sol &#8211; milieu<\/td>\n<td>0.37 m<\/td>\n<\/tr>\n<tr>\n<td>Longueur du panier<\/td>\n<td>2.44 x 0.91 m<\/td>\n<\/tr>\n<\/tbody>\n<\/table>\n<p>[\/vc_toggle][vc_toggle title=&#8221;PERFORMANCES&#8221; css=&#8221;&#8221;]<\/p>\n<table width=\"655\">\n<tbody>\n<tr>\n<td width=\"417\">Rotation de la plateforme<\/td>\n<td width=\"238\">180\u00b0<\/td>\n<\/tr>\n<tr>\n<td>Vitesse de translation (repli\u00e9e)<\/td>\n<td>4.8 km\/h<\/td>\n<\/tr>\n<tr>\n<td>Vitesse de translation (d\u00e9ploy\u00e9e)<\/td>\n<td>0.8 km\/h<\/td>\n<\/tr>\n<tr>\n<td>Rayon de giration (int\u00e9rieur\/ext\u00e9rieur)<\/td>\n<td>2.45 m \/ 5.57 m<\/td>\n<\/tr>\n<tr>\n<td>Franchissement de pente &#8211; 4 roues motrices &#8211; repli\u00e9e<\/td>\n<td>45%<\/td>\n<\/tr>\n<tr>\n<td>Angle de travail max.<\/td>\n<td>3\/5\u00b0<\/td>\n<\/tr>\n<\/tbody>\n<\/table>\n<p>[\/vc_toggle][\/vc_column_inner][vc_column_inner width=&#8221;1\/2&#8243;][\/vc_column_inner][\/vc_row_inner][\/vc_tta_section][vc_tta_section title=&#8221;FONCTIONNALIT\u00c9S ET ATOUTS&#8221; tab_id=&#8221;1623355710952-d36b50a3-81ed&#8221;][vc_row_inner][vc_column_inner width=&#8221;1\/4&#8243;][vc_single_image image=&#8221;1070&#8243; img_size=&#8221;medium&#8221;][\/vc_column_inner][vc_column_inner width=&#8221;3\/4&#8243;][vc_custom_heading text=&#8221;CONSTRUITE POUR L\u2019EUROPE&#8221; font_container=&#8221;tag:h3|text_align:left&#8221; use_theme_fonts=&#8221;yes&#8221;][vc_column_text css=&#8221;&#8221;]En plus de sa certification europ\u00e9enne, le Sunward SWA 22JE-P, comme toutes les machines Sunward sur le march\u00e9 europ\u00e9en, est con\u00e7u pour r\u00e9pondre aux besoins des clients europ\u00e9ens.[\/vc_column_text][\/vc_column_inner][\/vc_row_inner][vc_row_inner][vc_column_inner width=&#8221;1\/4&#8243;][vc_single_image image=&#8221;1205&#8243; img_size=&#8221;medium&#8221;][\/vc_column_inner][vc_column_inner width=&#8221;3\/4&#8243;][vc_custom_heading text=&#8221;LA S\u00c9CURIT\u00c9 AVANT TOUT&#8221; font_container=&#8221;tag:h3|text_align:left&#8221; use_theme_fonts=&#8221;yes&#8221;][vc_column_text css=&#8221;&#8221;]<\/p>\n<article class=\"text-token-text-primary w-full focus:outline-none [--shadow-height:45px] has-data-writing-block:pointer-events-none has-data-writing-block:-mt-(--shadow-height) has-data-writing-block:pt-(--shadow-height) [&amp;:has([data-writing-block])&gt;*]:pointer-events-auto scroll-mt-(--header-height)\" dir=\"auto\" tabindex=\"-1\" data-turn-id=\"12a1ce57-e2b7-4d60-8257-3280aad8fc99\" data-testid=\"conversation-turn-19\" data-scroll-anchor=\"false\" data-turn=\"user\"><\/article>\n<article class=\"text-token-text-primary w-full focus:outline-none [--shadow-height:45px] has-data-writing-block:pointer-events-none has-data-writing-block:-mt-(--shadow-height) has-data-writing-block:pt-(--shadow-height) [&amp;:has([data-writing-block])&gt;*]:pointer-events-auto scroll-mt-[calc(var(--header-height)+min(200px,max(70px,20svh)))]\" dir=\"auto\" tabindex=\"-1\" data-turn-id=\"request-WEB:cfcff9b5-4cfe-46a5-80c2-89378f51e38f-9\" data-testid=\"conversation-turn-20\" data-scroll-anchor=\"true\" data-turn=\"assistant\">\n<div class=\"text-base my-auto mx-auto pb-10 [--thread-content-margin:var(--thread-content-margin-xs,calc(var(--spacing)*4))] @w-sm\/main:[--thread-content-margin:var(--thread-content-margin-sm,calc(var(--spacing)*6))] @w-lg\/main:[--thread-content-margin:var(--thread-content-margin-lg,calc(var(--spacing)*16))] px-(--thread-content-margin)\">\n<div class=\"[--thread-content-max-width:40rem] @w-lg\/main:[--thread-content-max-width:48rem] mx-auto max-w-(--thread-content-max-width) flex-1 group\/turn-messages focus-visible:outline-hidden relative flex w-full min-w-0 flex-col agent-turn\" tabindex=\"-1\">\n<div class=\"flex max-w-full flex-col gap-4 grow\">\n<div class=\"min-h-8 text-message relative flex w-full flex-col items-end gap-2 text-start break-words whitespace-normal [.text-message+&amp;]:mt-1\" dir=\"auto\" data-message-author-role=\"assistant\" data-message-id=\"776f815d-e6c5-4f18-813a-8e9854a1ffc2\" data-message-model-slug=\"gpt-5-3\">\n<div class=\"flex w-full flex-col gap-1 empty:hidden\">\n<div class=\"markdown prose dark:prose-invert w-full wrap-break-word dark markdown-new-styling\">\n<p data-start=\"0\" data-end=\"153\">La <strong data-start=\"3\" data-end=\"15\">s\u00e9curit\u00e9<\/strong> et la <strong data-start=\"22\" data-end=\"50\">confiance de l\u2019op\u00e9rateur<\/strong> sont int\u00e9gr\u00e9es dans chaque d\u00e9tail de la <strong data-start=\"91\" data-end=\"105\">SWA 22JE-P<\/strong>. Les principales caract\u00e9ristiques comprennent :<\/p>\n<p data-start=\"155\" data-end=\"263\"><strong data-start=\"155\" data-end=\"178\">Load Sensing System<\/strong> et <strong data-start=\"182\" data-end=\"201\">Dual Load Chart<\/strong> pour garantir une utilisation s\u00fbre et \u00e9viter les surcharges<\/p>\n<p data-start=\"265\" data-end=\"392\"><strong data-start=\"265\" data-end=\"291\">Tilt Protection System<\/strong> et <strong data-start=\"295\" data-end=\"323\">Emergency Descent System<\/strong> pour des performances fiables, m\u00eame dans des conditions exigeantes<\/p>\n<p data-start=\"394\" data-end=\"501\"><strong data-start=\"394\" data-end=\"437\">Rotation continue de la tourelle \u00e0 360\u00b0<\/strong> pour un positionnement fluide et un acc\u00e8s contr\u00f4l\u00e9 en hauteur<\/p>\n<p data-start=\"503\" data-end=\"647\"><strong data-start=\"503\" data-end=\"579\">Gyrophare, alarme de mouvement, klaxon et syst\u00e8me de diagnostic embarqu\u00e9<\/strong>, fournissant des informations claires en temps r\u00e9el \u00e0 l\u2019op\u00e9rateur<\/p>\n<p data-start=\"649\" data-end=\"824\"><strong data-start=\"649\" data-end=\"750\">Syst\u00e8me de nivellement hydraulique automatique, essieu oscillant et transmission 4 roues motrices<\/strong> pour maintenir la stabilit\u00e9 et la traction sur des terrains irr\u00e9guliers<\/p>\n<p data-start=\"826\" data-end=\"951\"><strong data-start=\"826\" data-end=\"856\">Dispositif anti-\u00e9crasement<\/strong> pour une protection suppl\u00e9mentaire de l\u2019op\u00e9rateur lors des travaux dans des espaces confin\u00e9s<\/p>\n<p data-start=\"953\" data-end=\"1143\" data-is-last-node=\"\" data-is-only-node=\"\">Les op\u00e9rateurs peuvent ainsi travailler en toute confiance, sachant que cette nacelle est con\u00e7ue pour r\u00e9pondre aux exigences \u00e9lev\u00e9es de s\u00e9curit\u00e9 et de performance sur les chantiers modernes.<\/p>\n<\/div>\n<\/div>\n<\/div>\n<\/div>\n<\/div>\n<\/div>\n<\/article>\n<p>[\/vc_column_text][\/vc_column_inner][\/vc_row_inner][vc_row_inner][vc_column_inner width=&#8221;1\/4&#8243;][vc_single_image image=&#8221;1071&#8243; img_size=&#8221;medium&#8221;][\/vc_column_inner][vc_column_inner width=&#8221;3\/4&#8243;][vc_custom_heading text=&#8221;LE MEILLEUR RAPPORT QUALIT\u00c9-PRIX&#8221; font_container=&#8221;tag:h3|text_align:left&#8221; use_theme_fonts=&#8221;yes&#8221;][vc_column_text css=&#8221;&#8221;]Sunward est votre investissement le plus judicieux en termes de fiabilit\u00e9, de performances et de retour sur investissement \u00e9lev\u00e9. En effet, la conception experte de la SWA 22JE-P comprend une s\u00e9lection judicieuse de composants qui rationalisent le fonctionnement et la maintenance. Nos choix de conception se traduisent par une machine qui offre de nombreuses fonctionnalit\u00e9s standard, des composants cl\u00e9s de marque haut de gamme et des capacit\u00e9s \u00e0 un prix raisonnable.<\/p>\n<p>De plus, les pi\u00e8ces de rechange d&#8217;origine Sunward sont \u00e9galement \u00e9conomiques, et tout cela est couronn\u00e9 par une garantie pouvant aller jusqu&#8217;\u00e0 2 ans, standard pour toutes les nacelles \u00e9l\u00e9vatrices Sunward.[\/vc_column_text][\/vc_column_inner][\/vc_row_inner][\/vc_tta_section][vc_tta_section title=&#8221;VIDEO&#8221; tab_id=&#8221;1623857706491-8aa3a03f-cca1&#8243;][vc_video link=&#8221;https:\/\/youtu.be\/uHnQiXTpL68&#8243; css=&#8221;&#8221;][\/vc_tta_section][vc_tta_section title=&#8221;BROCHURE&#8221; tab_id=&#8221;1623857795794-8fd5289e-c5a3&#8243;][vc_row_inner content_placement=&#8221;middle&#8221;][vc_column_inner width=&#8221;1\/4&#8243;][vc_single_image image=&#8221;4553&#8243; img_size=&#8221;large&#8221; css=&#8221;&#8221;][\/vc_column_inner][vc_column_inner width=&#8221;3\/4&#8243;][vc_custom_heading text=&#8221;Product brochure&#8221; font_container=&#8221;tag:h3|text_align:left&#8221; use_theme_fonts=&#8221;yes&#8221;][vc_btn title=&#8221;DOWNLOAD&#8221; color=&#8221;orange&#8221; size=&#8221;lg&#8221; css=&#8221;&#8221; link=&#8221;url:https%3A%2F%2Fsunward.eu%2Fwp-content%2Fuploads%2F2026%2F03%2FSUNWARD_SWA-22JE-P-10.2025_FINAL_HR_FR.pdf|title:Sunward%20SWA%2022JE-P%20Specifications|target:_blank&#8221;][\/vc_column_inner][\/vc_row_inner][\/vc_tta_section][\/vc_tta_accordion][\/vc_column][\/vc_row]<\/p>\n<\/div>","protected":false},"excerpt":{"rendered":"<p data-start=\"0\" data-end=\"198\">La <strong data-start=\"3\" data-end=\"17\">SWA 22JE-P<\/strong> est la nacelle articul\u00e9e \u00e9lectrique avanc\u00e9e de <strong data-start=\"65\" data-end=\"76\">Sunward<\/strong>, con\u00e7ue pour offrir des performances \u00e9lev\u00e9es, une s\u00e9curit\u00e9 optimale et une grande durabilit\u00e9 lors des travaux en hauteur.<\/p>\n<p data-start=\"200\" data-end=\"631\" data-is-last-node=\"\" data-is-only-node=\"\">Gr\u00e2ce \u00e0 sa <strong data-start=\"211\" data-end=\"261\">port\u00e9e \u00e9tendue et \u00e0 son excellente maniabilit\u00e9<\/strong>, elle est id\u00e9ale pour les travaux de construction urbaine, de maintenance et pour diverses applications industrielles. \u00c9quip\u00e9e de <strong data-start=\"392\" data-end=\"431\">fonctions de s\u00e9curit\u00e9 intelligentes<\/strong> et aliment\u00e9e par des <strong data-start=\"453\" data-end=\"512\">batteries lithium pour un fonctionnement sans \u00e9missions<\/strong>, elle constitue une solution fiable et respectueuse de l\u2019environnement pour les travaux en hauteur les plus exigeants.<\/p>\n<p> [&#8230;]<\/p>\n<p><a class=\"btn btn-secondary understrap-read-more-link\" href=\"https:\/\/sunward.eu\/fr\/produit\/swa-22je-p\/\">Lire la suite&#8230;<\/a><\/p>\n","protected":false},"featured_media":4550,"comment_status":"closed","ping_status":"closed","template":"","meta":{"_acf_changed":false,"inline_featured_image":false},"product_cat":[126],"product_tag":[],"class_list":{"0":"post-4549","1":"product","2":"type-product","3":"status-publish","4":"has-post-thumbnail","6":"product_cat-articulated-boom-lift","7":"pa_emission-rating-eu-stage-5","8":"pa_max-digging-depth-6-750-mm","9":"pa_max-working-height-22-m","10":"pa_operating-weight-7-750-kg","11":"pa_power-output-129-kw","12":"pa_width-2800-mm","14":"first","15":"instock","16":"shipping-taxable","17":"product-type-simple"},"translation":{"provider":"WPGlobus","version":"2.12.2","language":"fr","enabled_languages":["en","de","fr","it"],"languages":{"en":{"title":true,"content":true,"excerpt":true},"de":{"title":true,"content":true,"excerpt":true},"fr":{"title":true,"content":true,"excerpt":true},"it":{"title":true,"content":true,"excerpt":true}}},"acf":[],"yoast_head":"<!-- This site is optimized with the Yoast SEO plugin v22.6 - https:\/\/yoast.com\/wordpress\/plugins\/seo\/ -->\n<title>SWA 22JE-P - Sunward Europe (Official Website for EU &amp; UK)<\/title>\n<meta name=\"robots\" content=\"index, follow, max-snippet:-1, max-image-preview:large, max-video-preview:-1\" \/>\n<link rel=\"canonical\" href=\"https:\/\/sunward.eu\/product\/swa-22je-p\/\" \/>\n<meta property=\"og:locale\" content=\"fr_FR\" \/>\n<meta property=\"og:type\" content=\"article\" \/>\n<meta property=\"og:title\" content=\"SWA 22JE-P - Sunward Europe (Official Website for EU &amp; UK)\" \/>\n<meta property=\"og:url\" content=\"https:\/\/sunward.eu\/product\/swa-22je-p\/\" \/>\n<meta property=\"og:site_name\" content=\"Sunward Europe (Official Website for EU &amp; UK)\" \/>\n<meta property=\"article:modified_time\" content=\"2026-03-13T14:06:30+00:00\" \/>\n<meta property=\"og:image\" content=\"https:\/\/sunward.eu\/wp-content\/uploads\/2026\/03\/SWA-22JE-P-cut.png\" \/>\n\t<meta property=\"og:image:width\" content=\"1000\" \/>\n\t<meta property=\"og:image:height\" content=\"1000\" \/>\n\t<meta property=\"og:image:type\" content=\"image\/png\" \/>\n<meta name=\"twitter:card\" content=\"summary_large_image\" \/>\n<meta name=\"twitter:label1\" content=\"Est. reading time\" \/>\n\t<meta name=\"twitter:data1\" content=\"3 minutes\" \/>\n<script type=\"application\/ld+json\" class=\"yoast-schema-graph\">{\"@context\":\"https:\/\/schema.org\",\"@graph\":[{\"@type\":\"WebPage\",\"@id\":\"https:\/\/sunward.eu\/product\/swa-22je-p\/\",\"url\":\"https:\/\/sunward.eu\/product\/swa-22je-p\/\",\"name\":\"SWA 22JE-P - Sunward Europe (Official Website for EU &amp; UK)\",\"isPartOf\":{\"@id\":\"https:\/\/sunward.eu\/#website\"},\"primaryImageOfPage\":{\"@id\":\"https:\/\/sunward.eu\/product\/swa-22je-p\/#primaryimage\"},\"image\":{\"@id\":\"https:\/\/sunward.eu\/product\/swa-22je-p\/#primaryimage\"},\"thumbnailUrl\":\"https:\/\/sunward.eu\/wp-content\/uploads\/2026\/03\/SWA-22JE-P-cut.png\",\"datePublished\":\"2026-03-13T12:28:29+00:00\",\"dateModified\":\"2026-03-13T14:06:30+00:00\",\"breadcrumb\":{\"@id\":\"https:\/\/sunward.eu\/product\/swa-22je-p\/#breadcrumb\"},\"inLanguage\":\"fr-FR\",\"potentialAction\":[{\"@type\":\"ReadAction\",\"target\":[\"https:\/\/sunward.eu\/product\/swa-22je-p\/\"]}]},{\"@type\":\"ImageObject\",\"inLanguage\":\"fr-FR\",\"@id\":\"https:\/\/sunward.eu\/product\/swa-22je-p\/#primaryimage\",\"url\":\"https:\/\/sunward.eu\/wp-content\/uploads\/2026\/03\/SWA-22JE-P-cut.png\",\"contentUrl\":\"https:\/\/sunward.eu\/wp-content\/uploads\/2026\/03\/SWA-22JE-P-cut.png\",\"width\":1000,\"height\":1000},{\"@type\":\"BreadcrumbList\",\"@id\":\"https:\/\/sunward.eu\/product\/swa-22je-p\/#breadcrumb\",\"itemListElement\":[{\"@type\":\"ListItem\",\"position\":1,\"name\":\"Home\",\"item\":\"https:\/\/sunward.eu\/\"},{\"@type\":\"ListItem\",\"position\":2,\"name\":\"Products\",\"item\":\"https:\/\/sunward.eu\/shop\/\"},{\"@type\":\"ListItem\",\"position\":3,\"name\":\"{:en}Articulated Boom Lifts{:}{:de}Gelenkarbeitsbuehnen{:}{:fr}Nacelles articul\u00e9es{:}{:it}Piattaforme aeree articolate{:}\",\"item\":\"https:\/\/sunward.eu\/product-category\/articulated-boom-lift\/\"},{\"@type\":\"ListItem\",\"position\":4,\"name\":\"SWA 22JE-P\"}]},{\"@type\":\"WebSite\",\"@id\":\"https:\/\/sunward.eu\/#website\",\"url\":\"https:\/\/sunward.eu\/\",\"name\":\"Sunward Europe (Official Website for EU &amp; UK)\",\"description\":\"The smart choice\",\"publisher\":{\"@id\":\"https:\/\/sunward.eu\/#organization\"},\"potentialAction\":[{\"@type\":\"SearchAction\",\"target\":{\"@type\":\"EntryPoint\",\"urlTemplate\":\"https:\/\/sunward.eu\/?s={search_term_string}\"},\"query-input\":\"required name=search_term_string\"}],\"inLanguage\":\"fr-FR\"},{\"@type\":\"Organization\",\"@id\":\"https:\/\/sunward.eu\/#organization\",\"name\":\"Sunward Europe (Official Website for EU &amp; UK)\",\"url\":\"https:\/\/sunward.eu\/\",\"logo\":{\"@type\":\"ImageObject\",\"inLanguage\":\"fr-FR\",\"@id\":\"https:\/\/sunward.eu\/#\/schema\/logo\/image\/\",\"url\":\"https:\/\/sunward.eu\/wp-content\/uploads\/2022\/01\/Website_Sunward_logo_top_180x63px.png\",\"contentUrl\":\"https:\/\/sunward.eu\/wp-content\/uploads\/2022\/01\/Website_Sunward_logo_top_180x63px.png\",\"width\":180,\"height\":63,\"caption\":\"Sunward Europe (Official Website for EU &amp; UK)\"},\"image\":{\"@id\":\"https:\/\/sunward.eu\/#\/schema\/logo\/image\/\"}}]}<\/script>\n<!-- \/ Yoast SEO plugin. -->","yoast_head_json":{"title":"SWA 22JE-P - Sunward Europe (Official Website for EU &amp; UK)","robots":{"index":"index","follow":"follow","max-snippet":"max-snippet:-1","max-image-preview":"max-image-preview:large","max-video-preview":"max-video-preview:-1"},"canonical":"https:\/\/sunward.eu\/product\/swa-22je-p\/","og_locale":"fr_FR","og_type":"article","og_title":"SWA 22JE-P - Sunward Europe (Official Website for EU &amp; UK)","og_url":"https:\/\/sunward.eu\/product\/swa-22je-p\/","og_site_name":"Sunward Europe (Official Website for EU &amp; UK)","article_modified_time":"2026-03-13T14:06:30+00:00","og_image":[{"width":1000,"height":1000,"url":"https:\/\/sunward.eu\/wp-content\/uploads\/2026\/03\/SWA-22JE-P-cut.png","type":"image\/png"}],"twitter_card":"summary_large_image","twitter_misc":{"Est. reading time":"3 minutes"},"schema":{"@context":"https:\/\/schema.org","@graph":[{"@type":"WebPage","@id":"https:\/\/sunward.eu\/product\/swa-22je-p\/","url":"https:\/\/sunward.eu\/product\/swa-22je-p\/","name":"SWA 22JE-P - Sunward Europe (Official Website for EU &amp; UK)","isPartOf":{"@id":"https:\/\/sunward.eu\/#website"},"primaryImageOfPage":{"@id":"https:\/\/sunward.eu\/product\/swa-22je-p\/#primaryimage"},"image":{"@id":"https:\/\/sunward.eu\/product\/swa-22je-p\/#primaryimage"},"thumbnailUrl":"https:\/\/sunward.eu\/wp-content\/uploads\/2026\/03\/SWA-22JE-P-cut.png","datePublished":"2026-03-13T12:28:29+00:00","dateModified":"2026-03-13T14:06:30+00:00","breadcrumb":{"@id":"https:\/\/sunward.eu\/product\/swa-22je-p\/#breadcrumb"},"inLanguage":"fr-FR","potentialAction":[{"@type":"ReadAction","target":["https:\/\/sunward.eu\/product\/swa-22je-p\/"]}]},{"@type":"ImageObject","inLanguage":"fr-FR","@id":"https:\/\/sunward.eu\/product\/swa-22je-p\/#primaryimage","url":"https:\/\/sunward.eu\/wp-content\/uploads\/2026\/03\/SWA-22JE-P-cut.png","contentUrl":"https:\/\/sunward.eu\/wp-content\/uploads\/2026\/03\/SWA-22JE-P-cut.png","width":1000,"height":1000},{"@type":"BreadcrumbList","@id":"https:\/\/sunward.eu\/product\/swa-22je-p\/#breadcrumb","itemListElement":[{"@type":"ListItem","position":1,"name":"Home","item":"https:\/\/sunward.eu\/"},{"@type":"ListItem","position":2,"name":"Products","item":"https:\/\/sunward.eu\/shop\/"},{"@type":"ListItem","position":3,"name":"{:en}Articulated Boom Lifts{:}{:de}Gelenkarbeitsbuehnen{:}{:fr}Nacelles articul\u00e9es{:}{:it}Piattaforme aeree articolate{:}","item":"https:\/\/sunward.eu\/product-category\/articulated-boom-lift\/"},{"@type":"ListItem","position":4,"name":"SWA 22JE-P"}]},{"@type":"WebSite","@id":"https:\/\/sunward.eu\/#website","url":"https:\/\/sunward.eu\/","name":"Sunward Europe (Official Website for EU &amp; UK)","description":"The smart choice","publisher":{"@id":"https:\/\/sunward.eu\/#organization"},"potentialAction":[{"@type":"SearchAction","target":{"@type":"EntryPoint","urlTemplate":"https:\/\/sunward.eu\/?s={search_term_string}"},"query-input":"required name=search_term_string"}],"inLanguage":"fr-FR"},{"@type":"Organization","@id":"https:\/\/sunward.eu\/#organization","name":"Sunward Europe (Official Website for EU &amp; UK)","url":"https:\/\/sunward.eu\/","logo":{"@type":"ImageObject","inLanguage":"fr-FR","@id":"https:\/\/sunward.eu\/#\/schema\/logo\/image\/","url":"https:\/\/sunward.eu\/wp-content\/uploads\/2022\/01\/Website_Sunward_logo_top_180x63px.png","contentUrl":"https:\/\/sunward.eu\/wp-content\/uploads\/2022\/01\/Website_Sunward_logo_top_180x63px.png","width":180,"height":63,"caption":"Sunward Europe (Official Website for EU &amp; UK)"},"image":{"@id":"https:\/\/sunward.eu\/#\/schema\/logo\/image\/"}}]}},"_links":{"self":[{"href":"https:\/\/sunward.eu\/fr\/wp-json\/wp\/v2\/product\/4549","targetHints":{"allow":["GET"]}}],"collection":[{"href":"https:\/\/sunward.eu\/fr\/wp-json\/wp\/v2\/product"}],"about":[{"href":"https:\/\/sunward.eu\/fr\/wp-json\/wp\/v2\/types\/product"}],"replies":[{"embeddable":true,"href":"https:\/\/sunward.eu\/fr\/wp-json\/wp\/v2\/comments?post=4549"}],"wp:featuredmedia":[{"embeddable":true,"href":"https:\/\/sunward.eu\/fr\/wp-json\/wp\/v2\/media\/4550"}],"wp:attachment":[{"href":"https:\/\/sunward.eu\/fr\/wp-json\/wp\/v2\/media?parent=4549"}],"wp:term":[{"taxonomy":"product_cat","embeddable":true,"href":"https:\/\/sunward.eu\/fr\/wp-json\/wp\/v2\/product_cat?post=4549"},{"taxonomy":"product_tag","embeddable":true,"href":"https:\/\/sunward.eu\/fr\/wp-json\/wp\/v2\/product_tag?post=4549"}],"curies":[{"name":"wp","href":"https:\/\/api.w.org\/{rel}","templated":true}]}}