{"id":4361,"date":"2025-09-10T15:47:06","date_gmt":"2025-09-10T13:47:06","guid":{"rendered":"https:\/\/sunward.eu\/?post_type=product&#038;p=4361"},"modified":"2025-09-11T17:09:32","modified_gmt":"2025-09-11T15:09:32","slug":"swe-155uf","status":"publish","type":"product","link":"https:\/\/sunward.eu\/fr\/produit\/swe-155uf\/","title":{"rendered":"SWE 155UF"},"content":{"rendered":"<div class=\"wpb-content-wrapper\"><p>[vc_row][vc_column][vc_tta_accordion style=&#8221;flat&#8221; c_icon=&#8221;chevron&#8221; c_position=&#8221;right&#8221; active_section=&#8221;1&#8243; no_fill=&#8221;true&#8221; el_class=&#8221;custom-accordion&#8221;][vc_tta_section title=&#8221;SP\u00c9CIFICATIONS&#8221; tab_id=&#8221;1623355628079-f58b5c44-7c4b&#8221;][vc_custom_heading text=&#8221;SUNWARD SWE 155F&#8221; font_container=&#8221;tag:h3|text_align:left&#8221; use_theme_fonts=&#8221;yes&#8221;][vc_column_text css=&#8221;&#8221;]<\/p>\n<p data-start=\"77\" data-end=\"394\">Vous recherchez une pelle puissante et fiable, alliant efficacit\u00e9 et polyvalence ?<\/p>\n<p data-start=\"77\" data-end=\"394\">La pelle de taille moyenne Sunward SWE 155UF offre une puissance \u00e9lev\u00e9e, une fiabilit\u00e9 remarquable, un faible niveau sonore et une consommation optimis\u00e9e, faisant d\u2019elle le partenaire id\u00e9al pour les travaux les plus exigeants.<\/p>\n<p data-start=\"396\" data-end=\"749\">Le m\u00e9canisme de levage en arc, d\u00e9velopp\u00e9 sp\u00e9cifiquement pour la SWE 155UF, se distingue par une conception simple, une grande capacit\u00e9 de charge et une fiabilit\u00e9 exceptionnelle. Associ\u00e9 au mode de commande pilote ISO, il assure un contr\u00f4le fluide et pr\u00e9cis ainsi qu\u2019excellentes performances de micro-d\u00e9placement pour un travail d\u2019une grande pr\u00e9cision.<\/p>\n<p data-start=\"751\" data-end=\"1124\">Con\u00e7ue pour s\u2019adapter \u00e0 vos besoins, cette pelle est \u00e9quip\u00e9e d\u2019un dispositif de changement rapide universel, facilitant l\u2019utilisation d\u2019accessoires vari\u00e9s comme les godets de curage, fraises ou lames de d\u00e9neigement. Les fonctions standard de flottement et de nivellement automatique du godet accroissent encore la productivit\u00e9 et l\u2019efficacit\u00e9 sur tous types de chantiers.<\/p>\n<p data-start=\"1126\" data-end=\"1295\">L\u2019entretien est tout aussi simple : l\u2019espace de maintenance enti\u00e8rement accessible offre un acc\u00e8s direct aux composants essentiels, garantissant rapidit\u00e9 et praticit\u00e9.<\/p>\n<p data-start=\"1297\" data-end=\"1535\">Fid\u00e8le \u00e0 la tradition Sunward d\u2019offrir le meilleur rapport qualit\u00e9-prix, la SWE 155UF ne fait pas exception. Elle allie performance, polyvalence et confort \u2013 le tout \u00e0 un prix comp\u00e9titif, avec une garantie standard allant jusqu\u2019\u00e0 5 ans.<\/p>\n<p data-start=\"1537\" data-end=\"1611\">D\u00e9couvrez d\u00e8s maintenant tous les avantages de la Sunward SWE 155UF.<\/p>\n<p>[\/vc_column_text][vc_row_inner][vc_column_inner width=&#8221;1\/2&#8243;][vc_toggle title=&#8221;DIMENSIONS&#8221; css=&#8221;&#8221;]<\/p>\n<table width=\"1274\">\n<tbody>\n<tr>\n<td width=\"631\">Poids op\u00e9rationnel<\/td>\n<td width=\"643\">16 500 kg<\/td>\n<\/tr>\n<tr>\n<td width=\"631\">Capacit\u00e9 du godet standard<\/td>\n<td>0.61 m\u00b3<\/td>\n<\/tr>\n<tr>\n<td width=\"631\">Longueur de transport<\/td>\n<td>7 910 mm<\/td>\n<\/tr>\n<tr>\n<td width=\"631\">Largeur de transport<\/td>\n<td>2 600 mm<\/td>\n<\/tr>\n<tr>\n<td width=\"631\">Hauteur au-dessus du toit de la cabine<\/td>\n<td>2\u2009945 mm<\/td>\n<\/tr>\n<\/tbody>\n<\/table>\n<p>[\/vc_toggle][vc_toggle title=&#8221;MOTEUR&#8221; css=&#8221;&#8221;]<\/p>\n<table width=\"1274\">\n<tbody>\n<tr>\n<td width=\"631\">Mod\u00e8le<\/td>\n<td width=\"643\">Cummins QSF3. 8<\/td>\n<\/tr>\n<tr>\n<td>Norme antipollution<\/td>\n<td>UE Phase V (EU Stage V)<\/td>\n<\/tr>\n<tr>\n<td>Cylindr\u00e9e<\/td>\n<td>3.8 L<\/td>\n<\/tr>\n<tr>\n<td>Puissance de sortie nominale<\/td>\n<td>90 kW<\/td>\n<\/tr>\n<\/tbody>\n<\/table>\n<p>[\/vc_toggle][vc_toggle title=&#8221;SYST\u00c8ME HYDRAULIQUE&#8221; css=&#8221;&#8221;]<\/p>\n<table width=\"1274\">\n<tbody>\n<tr>\n<td width=\"631\">Type<\/td>\n<td width=\"643\">pompe \u00e0 pistons, \u00e0 d\u00e9bit variable<\/td>\n<\/tr>\n<tr>\n<td>Cylindr\u00e9e<\/td>\n<td>165 * 2 + 44 l\/min<\/td>\n<\/tr>\n<tr>\n<td>Pression hydraulique<\/td>\n<td>34.3 \/ 31.4 Mpa<\/td>\n<\/tr>\n<\/tbody>\n<\/table>\n<p>[\/vc_toggle][vc_toggle title=&#8221;ENVELOPPE DE TRAVAIL&#8221; css=&#8221;&#8221;]<\/p>\n<table width=\"1274\">\n<tbody>\n<tr>\n<td width=\"631\">Profondeur de fouille max.<\/td>\n<td width=\"643\">5\u2009525 mm<\/td>\n<\/tr>\n<tr>\n<td>Port\u00e9e de fouille max.<\/td>\n<td>8\u2009370 mm<\/td>\n<\/tr>\n<tr>\n<td>Force de fouille max. du godet<\/td>\n<td>100 kN<\/td>\n<\/tr>\n<tr>\n<td>Force de fouille max. du balancier<\/td>\n<td>76 kN<\/td>\n<\/tr>\n<\/tbody>\n<\/table>\n<p>[\/vc_toggle][\/vc_column_inner][vc_column_inner width=&#8221;1\/2&#8243;][\/vc_column_inner][\/vc_row_inner][\/vc_tta_section][vc_tta_section title=&#8221;FONCTIONNALIT\u00c9S ET ATOUTS&#8221; tab_id=&#8221;1623355710952-d36b50a3-81ed&#8221;][vc_row_inner][vc_column_inner width=&#8221;1\/4&#8243;][vc_single_image image=&#8221;1070&#8243; img_size=&#8221;medium&#8221;][\/vc_column_inner][vc_column_inner width=&#8221;3\/4&#8243;][vc_custom_heading text=&#8221;CON\u00c7UE POUR L\u2019EUROPE&#8221; font_container=&#8221;tag:h3|text_align:left&#8221; use_theme_fonts=&#8221;yes&#8221;][vc_column_text css=&#8221;&#8221;]En plus de sa certification europ\u00e9enne, la Sunward SWE 155UF, comme toutes les machines Sunward sur le march\u00e9 europ\u00e9en, est con\u00e7ue pour r\u00e9pondre aux besoins des clients europ\u00e9ens.[\/vc_column_text][\/vc_column_inner][\/vc_row_inner][vc_separator][vc_row_inner][vc_column_inner width=&#8221;1\/4&#8243;][vc_single_image image=&#8221;1240&#8243; img_size=&#8221;medium&#8221;][\/vc_column_inner][vc_column_inner width=&#8221;3\/4&#8243;][vc_custom_heading text=&#8221;UN MOTEUR PUISSANT ET FIABLE&#8221; font_container=&#8221;tag:h3|text_align:left&#8221; use_theme_fonts=&#8221;yes&#8221;][vc_column_text css=&#8221;&#8221;]Avec une puissance pouvant atteindre 90 kW, sans compromis sur les performances, la consommation de carburant ou la fiabilit\u00e9, le moteur compact Cummins QSF3.8 atteint ais\u00e9ment des niveaux d\u2019\u00e9missions quasi nuls. Largement reconnu sur le march\u00e9 et soutenu par un vaste r\u00e9seau de service apr\u00e8s-vente, il constitue le choix id\u00e9al pour \u00e9quiper la pelle Sunward SWE 155UF. Bien entendu, il est conforme aux normes d\u2019\u00e9missions Stage V de l\u2019Union europ\u00e9enne.[\/vc_column_text][\/vc_column_inner][\/vc_row_inner][vc_separator][vc_row_inner][vc_column_inner width=&#8221;1\/4&#8243;][vc_single_image image=&#8221;1091&#8243; img_size=&#8221;medium&#8221;][\/vc_column_inner][vc_column_inner width=&#8221;3\/4&#8243;][vc_custom_heading text=&#8221;DES COMPOSANTS HAUT DE GAMME&#8221; font_container=&#8221;tag:h3|text_align:left&#8221; use_theme_fonts=&#8221;yes&#8221;][vc_column_text css=&#8221;&#8221;]<\/p>\n<p class=\"\" data-start=\"0\" data-end=\"342\">Chaque composant cl\u00e9 des pelles hydrauliques Sunward est soigneusement s\u00e9lectionn\u00e9, du moteur Cummins au syst\u00e8me hydraulique. L&#8217;hydraulique \u00e9tant le c\u0153ur de la machine, Sunward s&#8217;associe uniquement \u00e0 des fournisseurs de premier plan reconnus pour leur qualit\u00e9 et leurs performances. Pour la SWE 155UF, des fabricants de confiance fournissent la pompe hydraulique, le moteur de rotation et la vanne de commande principale (MCV). Ces composants fiables sont con\u00e7us pour r\u00e9sister aux exigences de l&#8217;excavation, garantissant une efficacit\u00e9 \u00e9lev\u00e9e, une grande durabilit\u00e9 et une longue dur\u00e9e de vie.<\/p>\n<p>[\/vc_column_text][\/vc_column_inner][\/vc_row_inner][vc_separator][vc_row_inner][vc_column_inner width=&#8221;1\/4&#8243;][vc_single_image image=&#8221;1241&#8243; img_size=&#8221;medium&#8221;][\/vc_column_inner][vc_column_inner width=&#8221;3\/4&#8243;][vc_custom_heading text=&#8221;CONSTRUITE POUR DURER&#8221; font_container=&#8221;tag:h3|text_align:left&#8221; use_theme_fonts=&#8221;yes&#8221;][vc_column_text css=&#8221;&#8221;]<\/p>\n<p data-start=\"77\" data-end=\"536\">La SWE 155UF a \u00e9t\u00e9 con\u00e7ue pour durer. Son moteur Cummins est reconnu pour sa fiabilit\u00e9, m\u00eame dans les conditions de travail les plus exigeantes. Les composants structurels cl\u00e9s, tels que la fl\u00e8che et le bras, sont fabriqu\u00e9s avec une \u00e9paisseur de t\u00f4le renforc\u00e9e, tandis que tous les \u00e9l\u00e9ments de support sont con\u00e7us en acier forg\u00e9 \u00e0 haute r\u00e9sistance et \u00e0 haute ductilit\u00e9, garantissant une solidit\u00e9 structurelle et une r\u00e9sistance \u00e0 l\u2019usure exceptionnelles.<\/p>\n<p data-start=\"538\" data-end=\"999\">Afin de renforcer encore sa fiabilit\u00e9, les \u00e9quipements lourds sont soumis \u00e0 un processus de recuit rigoureusement contr\u00f4l\u00e9 entre 600 et 800 \u00b0C. Ce traitement permet d\u2019\u00e9liminer les contraintes r\u00e9siduelles dans les soudures, de pr\u00e9venir les d\u00e9fauts et de prolonger consid\u00e9rablement la dur\u00e9e de vie. Contrairement aux m\u00e9thodes de refroidissement naturel plus rapides utilis\u00e9es ailleurs, le proc\u00e9d\u00e9 Sunward assure une qualit\u00e9 constante et une durabilit\u00e9 optimale.<\/p>\n<p data-start=\"1001\" data-end=\"1223\">Enfin, le ch\u00e2ssis en X renforc\u00e9 offre une r\u00e9sistance exceptionnelle \u00e0 la d\u00e9formation, conf\u00e9rant \u00e0 la SWE 155UF la robustesse et la stabilit\u00e9 n\u00e9cessaires pour les travaux lourds dans les environnements les plus exigeants.<\/p>\n<p>[\/vc_column_text][\/vc_column_inner][\/vc_row_inner][vc_separator][vc_row_inner][vc_column_inner width=&#8221;1\/4&#8243;][vc_single_image image=&#8221;1242&#8243; img_size=&#8221;medium&#8221;][\/vc_column_inner][vc_column_inner width=&#8221;3\/4&#8243;][vc_custom_heading text=&#8221;UNE CONSOMMATION R\u00c9DUITE&#8221; font_container=&#8221;tag:h3|text_align:left&#8221; use_theme_fonts=&#8221;yes&#8221;][vc_column_text css=&#8221;&#8221;]Le moteur quatre cylindres en ligne Cummins QSF3.8 compact du SWE 155UF offre une consommation de carburant r\u00e9duite et une efficacit\u00e9 totale des fluides (diesel et fluide d&#8217;\u00e9chappement diesel) am\u00e9lior\u00e9e jusqu&#8217;\u00e0 3 %, sans compromettre la puissance ou les performances.<\/p>\n<p>De plus, le syst\u00e8me hydraulique avanc\u00e9 de Sunward garantit une efficacit\u00e9 exceptionnelle, contribuant \u00e0 la faible consommation de carburant de la machine.[\/vc_column_text][\/vc_column_inner][\/vc_row_inner][vc_separator][vc_row_inner][vc_column_inner width=&#8221;1\/4&#8243;][vc_single_image image=&#8221;1243&#8243; img_size=&#8221;medium&#8221;][\/vc_column_inner][vc_column_inner width=&#8221;3\/4&#8243;][vc_custom_heading text=&#8221;CON\u00c7UE POUR LA POLYVALENCE&#8221; font_container=&#8221;tag:h3|text_align:left&#8221; use_theme_fonts=&#8221;yes&#8221;][vc_column_text css=&#8221;&#8221;]<\/p>\n<p class=\"\" data-start=\"0\" data-end=\"373\">Dans l\u2019esprit du slogan de Sunward \u2013 \u00ab Innovation Leads to Value \u00bb \u2013 la conception et l\u2019ing\u00e9nierie de la SWE 155UF-2PB sont centr\u00e9es sur la cr\u00e9ation d\u2019une valeur optimale pour le propri\u00e9taire de la machine, tout en offrant une polyvalence maximale \u00e0 son op\u00e9rateur. La SWE 155UF peut \u00eatre utilis\u00e9e dans une grande vari\u00e9t\u00e9 de conditions de travail et d\u2019applications.<\/p>\n<p class=\"\" data-start=\"375\" data-end=\"732\">Gr\u00e2ce \u00e0 ses 3 lignes auxiliaires distinctes (dont 2 \u00e9quip\u00e9es d\u2019une vanne d\u2019arr\u00eat pour une installation facile et sans fuite d\u2019huile des accessoires), \u00e0 ses 3 modes de travail pour le godet et \u00e0 ses 3 modes de travail pour les \u00e9quipements, il ne faut que quelques minutes \u00e0 un op\u00e9rateur pour mesurer pleinement toutes les possibilit\u00e9s qu\u2019offre cette machine.<\/p>\n<p>[\/vc_column_text][\/vc_column_inner][\/vc_row_inner][vc_separator][vc_row_inner][vc_column_inner width=&#8221;1\/4&#8243;][vc_single_image image=&#8221;1146&#8243; img_size=&#8221;medium&#8221;][\/vc_column_inner][vc_column_inner width=&#8221;3\/4&#8243;][vc_custom_heading text=&#8221;ENTRETIEN FACILE&#8221; font_container=&#8221;tag:h3|text_align:left&#8221; use_theme_fonts=&#8221;yes&#8221;][vc_column_text css=&#8221;&#8221;]Afin de r\u00e9duire les temps d\u2019entretien et de limiter les co\u00fbts, le SWE 155UF est dot\u00e9 de capots arri\u00e8re et lat\u00e9raux \u00e0 ouverture compl\u00e8te, offrant un acc\u00e8s direct \u00e0 tous les points de maintenance essentiels. Les techniciens b\u00e9n\u00e9ficient ainsi d\u2019un acc\u00e8s facilit\u00e9 au r\u00e9servoir de carburant, aux graisseurs centralis\u00e9s et \u00e0 un espace de travail g\u00e9n\u00e9reux, rendant l\u2019entretien aussi simple que l\u2019utilisation.[\/vc_column_text][\/vc_column_inner][\/vc_row_inner][vc_separator][vc_row_inner][vc_column_inner width=&#8221;1\/4&#8243;][vc_single_image image=&#8221;1205&#8243; img_size=&#8221;medium&#8221;][\/vc_column_inner][vc_column_inner width=&#8221;3\/4&#8243;][vc_custom_heading text=&#8221;UNE CABINE S\u00dbRE&#8221; font_container=&#8221;tag:h3|text_align:left&#8221; use_theme_fonts=&#8221;yes&#8221;][vc_column_text css=&#8221;&#8221;]<\/p>\n<p class=\"\" data-start=\"0\" data-end=\"241\">La cabine du SWE 155UF est conforme aux normes FOPS, TOPS et ROPS certifi\u00e9es par l\u2019UE, garantissant un espace de travail s\u00fbr et prot\u00e9g\u00e9 dans tous les environnements, tout comme celle du mod\u00e8le SWE 155F. Compacte \u00e0 l\u2019ext\u00e9rieur mais spacieuse \u00e0 l\u2019int\u00e9rieur, elle accueille confortablement des op\u00e9rateurs de toutes tailles. Ses larges surfaces vitr\u00e9es offrent une excellente visibilit\u00e9, tandis que l\u2019am\u00e9nagement ergonomique de l\u2019habitacle permet de travailler dans les meilleures conditions de confort et de concentration, m\u00eame lors de longues journ\u00e9es.<\/p>\n<p>[\/vc_column_text][\/vc_column_inner][\/vc_row_inner][vc_separator][vc_row_inner][vc_column_inner width=&#8221;1\/4&#8243;][vc_single_image image=&#8221;1071&#8243; img_size=&#8221;medium&#8221;][\/vc_column_inner][vc_column_inner width=&#8221;3\/4&#8243;][vc_custom_heading text=&#8221;LE MEILLEUR RAPPORT QUALIT\u00c9-PRIX&#8221; font_container=&#8221;tag:h3|text_align:left&#8221; use_theme_fonts=&#8221;yes&#8221;][vc_column_text css=&#8221;&#8221;]<\/p>\n<p data-start=\"65\" data-end=\"514\">Sunward est votre investissement le plus s\u00fbr en mati\u00e8re de fiabilit\u00e9, de performance et de valeur \u00e0 long terme. Le SWE 155UF est fabriqu\u00e9 avec des composants haut de gamme soigneusement s\u00e9lectionn\u00e9s, qui facilitent son utilisation et son entretien tout en garantissant une durabilit\u00e9 exceptionnelle. Gr\u00e2ce \u00e0 de nombreuses fonctionnalit\u00e9s de s\u00e9rie et \u00e0 un \u00e9quilibre id\u00e9al entre performance et co\u00fbt, il offre un rapport qualit\u00e9-prix remarquable.<\/p>\n<p data-start=\"516\" data-end=\"747\">Pour prot\u00e9ger votre investissement, les pi\u00e8ces de rechange d\u2019origine Sunward sont \u00e0 la fois fiables et \u00e9conomiques. Et comme toutes les machines Sunward, le SWE 155UF b\u00e9n\u00e9ficie d\u2019une garantie standard pouvant aller jusqu\u2019\u00e0 5 ans.<\/p>\n<p>[\/vc_column_text][\/vc_column_inner][\/vc_row_inner][\/vc_tta_section][vc_tta_section title=&#8221;VID\u00c9O&#8221; tab_id=&#8221;1623857706491-8aa3a03f-cca1&#8243;][vc_video link=&#8221;https:\/\/youtu.be\/1Ll8m9Y9d8Q&#8221;][\/vc_tta_section][vc_tta_section title=&#8221;BROCHURE&#8221; tab_id=&#8221;1623857795794-8fd5289e-c5a3&#8243;][vc_row_inner content_placement=&#8221;middle&#8221;][vc_column_inner width=&#8221;1\/4&#8243;][vc_single_image image=&#8221;4367&#8243; img_size=&#8221;large&#8221; css=&#8221;&#8221;][\/vc_column_inner][vc_column_inner width=&#8221;3\/4&#8243;][vc_custom_heading text=&#8221;BROCHURE PRODUIT&#8221; font_container=&#8221;tag:h3|text_align:left&#8221; use_theme_fonts=&#8221;yes&#8221;][vc_btn title=&#8221;T\u00c9L\u00c9CHARGEMENT&#8221; color=&#8221;orange&#8221; size=&#8221;lg&#8221; css=&#8221;&#8221; link=&#8221;url:https%3A%2F%2Fsunward.eu%2Fwp-content%2Fuploads%2F2025%2F05%2FSUNWARD_SWE-155UF-2PB_05.2025_FINAL_HR_FR.pdf|title:Sunward%20SWE%20155F%20Product%20Brochure|target:_blank&#8221;][\/vc_column_inner][\/vc_row_inner][\/vc_tta_section][\/vc_tta_accordion][\/vc_column][\/vc_row]<\/p>\n<\/div>","protected":false},"excerpt":{"rendered":"<p>Vous recherchez une pelle hydraulique qui combine puissance et pr\u00e9cision tout en restant efficace et fiable ?<br data-start=\"178\" data-end=\"181\" \/>La pelle hydraulique de taille moyenne Sunward SWE 155UF est \u00e9quip\u00e9e d\u2019un m\u00e9canisme de levage robuste et de commandes pilotes ISO flexibles, ce qui la rend id\u00e9ale pour une large vari\u00e9t\u00e9 d\u2019applications. Con\u00e7ue pour \u00eatre polyvalente et durable, elle se distingue par son faible niveau sonore, ses performances \u00e9nerg\u00e9tiques optimis\u00e9es et sa grande facilit\u00e9 d\u2019entretien, garantissant ainsi une long\u00e9vit\u00e9 exceptionnelle. [&#8230;]<\/p>\n<p><a class=\"btn btn-secondary understrap-read-more-link\" href=\"https:\/\/sunward.eu\/fr\/produit\/swe-155uf\/\">Lire la suite&#8230;<\/a><\/p>\n","protected":false},"featured_media":4363,"comment_status":"closed","ping_status":"closed","template":"","meta":{"_acf_changed":false,"inline_featured_image":false},"product_cat":[26,35],"product_tag":[],"class_list":{"0":"post-4361","1":"product","2":"type-product","3":"status-publish","4":"has-post-thumbnail","6":"product_cat-excavators","7":"product_cat-medium-excavators","8":"pa_emission-rating-eu-stage-5","9":"pa_max-digging-depth-5-525-mm","10":"pa_operating-weight-16-500-kg","11":"pa_power-output-90-kw","12":"pa_width-2600-mm","14":"first","15":"instock","16":"shipping-taxable","17":"product-type-simple"},"translation":{"provider":"WPGlobus","version":"2.12.2","language":"fr","enabled_languages":["en","de","fr","it"],"languages":{"en":{"title":true,"content":true,"excerpt":true},"de":{"title":true,"content":true,"excerpt":true},"fr":{"title":true,"content":true,"excerpt":true},"it":{"title":true,"content":true,"excerpt":true}}},"acf":[],"yoast_head":"<!-- This site is optimized with the Yoast SEO plugin v22.6 - https:\/\/yoast.com\/wordpress\/plugins\/seo\/ -->\n<title>SWE 155UF - Sunward Europe (Official Website for EU &amp; UK)<\/title>\n<meta name=\"robots\" content=\"index, follow, max-snippet:-1, max-image-preview:large, max-video-preview:-1\" \/>\n<link rel=\"canonical\" href=\"https:\/\/sunward.eu\/product\/swe-155uf\/\" \/>\n<meta property=\"og:locale\" content=\"fr_FR\" \/>\n<meta property=\"og:type\" content=\"article\" \/>\n<meta property=\"og:title\" content=\"SWE 155UF - Sunward Europe (Official Website for EU &amp; UK)\" \/>\n<meta property=\"og:url\" content=\"https:\/\/sunward.eu\/product\/swe-155uf\/\" \/>\n<meta property=\"og:site_name\" content=\"Sunward Europe (Official Website for EU &amp; UK)\" \/>\n<meta property=\"article:modified_time\" content=\"2025-09-11T15:09:32+00:00\" \/>\n<meta property=\"og:image\" content=\"https:\/\/sunward.eu\/wp-content\/uploads\/2025\/09\/SWE-155UF-main.png\" \/>\n\t<meta property=\"og:image:width\" content=\"1000\" \/>\n\t<meta property=\"og:image:height\" content=\"1000\" \/>\n\t<meta property=\"og:image:type\" content=\"image\/png\" \/>\n<meta name=\"twitter:card\" content=\"summary_large_image\" \/>\n<meta name=\"twitter:label1\" content=\"Est. reading time\" \/>\n\t<meta name=\"twitter:data1\" content=\"5 minutes\" \/>\n<script type=\"application\/ld+json\" class=\"yoast-schema-graph\">{\"@context\":\"https:\/\/schema.org\",\"@graph\":[{\"@type\":\"WebPage\",\"@id\":\"https:\/\/sunward.eu\/product\/swe-155uf\/\",\"url\":\"https:\/\/sunward.eu\/product\/swe-155uf\/\",\"name\":\"SWE 155UF - Sunward Europe (Official Website for EU &amp; UK)\",\"isPartOf\":{\"@id\":\"https:\/\/sunward.eu\/#website\"},\"primaryImageOfPage\":{\"@id\":\"https:\/\/sunward.eu\/product\/swe-155uf\/#primaryimage\"},\"image\":{\"@id\":\"https:\/\/sunward.eu\/product\/swe-155uf\/#primaryimage\"},\"thumbnailUrl\":\"https:\/\/sunward.eu\/wp-content\/uploads\/2025\/09\/SWE-155UF-main.png\",\"datePublished\":\"2025-09-10T13:47:06+00:00\",\"dateModified\":\"2025-09-11T15:09:32+00:00\",\"breadcrumb\":{\"@id\":\"https:\/\/sunward.eu\/product\/swe-155uf\/#breadcrumb\"},\"inLanguage\":\"fr-FR\",\"potentialAction\":[{\"@type\":\"ReadAction\",\"target\":[\"https:\/\/sunward.eu\/product\/swe-155uf\/\"]}]},{\"@type\":\"ImageObject\",\"inLanguage\":\"fr-FR\",\"@id\":\"https:\/\/sunward.eu\/product\/swe-155uf\/#primaryimage\",\"url\":\"https:\/\/sunward.eu\/wp-content\/uploads\/2025\/09\/SWE-155UF-main.png\",\"contentUrl\":\"https:\/\/sunward.eu\/wp-content\/uploads\/2025\/09\/SWE-155UF-main.png\",\"width\":1000,\"height\":1000},{\"@type\":\"BreadcrumbList\",\"@id\":\"https:\/\/sunward.eu\/product\/swe-155uf\/#breadcrumb\",\"itemListElement\":[{\"@type\":\"ListItem\",\"position\":1,\"name\":\"Home\",\"item\":\"https:\/\/sunward.eu\/\"},{\"@type\":\"ListItem\",\"position\":2,\"name\":\"Products\",\"item\":\"https:\/\/sunward.eu\/shop\/\"},{\"@type\":\"ListItem\",\"position\":3,\"name\":\"Excavators\",\"item\":\"https:\/\/sunward.eu\/product-category\/excavators\/\"},{\"@type\":\"ListItem\",\"position\":4,\"name\":\"SWE 155UF\"}]},{\"@type\":\"WebSite\",\"@id\":\"https:\/\/sunward.eu\/#website\",\"url\":\"https:\/\/sunward.eu\/\",\"name\":\"Sunward Europe (Official Website for EU &amp; UK)\",\"description\":\"The smart choice\",\"publisher\":{\"@id\":\"https:\/\/sunward.eu\/#organization\"},\"potentialAction\":[{\"@type\":\"SearchAction\",\"target\":{\"@type\":\"EntryPoint\",\"urlTemplate\":\"https:\/\/sunward.eu\/?s={search_term_string}\"},\"query-input\":\"required name=search_term_string\"}],\"inLanguage\":\"fr-FR\"},{\"@type\":\"Organization\",\"@id\":\"https:\/\/sunward.eu\/#organization\",\"name\":\"Sunward Europe (Official Website for EU &amp; UK)\",\"url\":\"https:\/\/sunward.eu\/\",\"logo\":{\"@type\":\"ImageObject\",\"inLanguage\":\"fr-FR\",\"@id\":\"https:\/\/sunward.eu\/#\/schema\/logo\/image\/\",\"url\":\"https:\/\/sunward.eu\/wp-content\/uploads\/2022\/01\/Website_Sunward_logo_top_180x63px.png\",\"contentUrl\":\"https:\/\/sunward.eu\/wp-content\/uploads\/2022\/01\/Website_Sunward_logo_top_180x63px.png\",\"width\":180,\"height\":63,\"caption\":\"Sunward Europe (Official Website for EU &amp; UK)\"},\"image\":{\"@id\":\"https:\/\/sunward.eu\/#\/schema\/logo\/image\/\"}}]}<\/script>\n<!-- \/ Yoast SEO plugin. -->","yoast_head_json":{"title":"SWE 155UF - Sunward Europe (Official Website for EU &amp; UK)","robots":{"index":"index","follow":"follow","max-snippet":"max-snippet:-1","max-image-preview":"max-image-preview:large","max-video-preview":"max-video-preview:-1"},"canonical":"https:\/\/sunward.eu\/product\/swe-155uf\/","og_locale":"fr_FR","og_type":"article","og_title":"SWE 155UF - Sunward Europe (Official Website for EU &amp; UK)","og_url":"https:\/\/sunward.eu\/product\/swe-155uf\/","og_site_name":"Sunward Europe (Official Website for EU &amp; UK)","article_modified_time":"2025-09-11T15:09:32+00:00","og_image":[{"width":1000,"height":1000,"url":"https:\/\/sunward.eu\/wp-content\/uploads\/2025\/09\/SWE-155UF-main.png","type":"image\/png"}],"twitter_card":"summary_large_image","twitter_misc":{"Est. reading time":"5 minutes"},"schema":{"@context":"https:\/\/schema.org","@graph":[{"@type":"WebPage","@id":"https:\/\/sunward.eu\/product\/swe-155uf\/","url":"https:\/\/sunward.eu\/product\/swe-155uf\/","name":"SWE 155UF - Sunward Europe (Official Website for EU &amp; UK)","isPartOf":{"@id":"https:\/\/sunward.eu\/#website"},"primaryImageOfPage":{"@id":"https:\/\/sunward.eu\/product\/swe-155uf\/#primaryimage"},"image":{"@id":"https:\/\/sunward.eu\/product\/swe-155uf\/#primaryimage"},"thumbnailUrl":"https:\/\/sunward.eu\/wp-content\/uploads\/2025\/09\/SWE-155UF-main.png","datePublished":"2025-09-10T13:47:06+00:00","dateModified":"2025-09-11T15:09:32+00:00","breadcrumb":{"@id":"https:\/\/sunward.eu\/product\/swe-155uf\/#breadcrumb"},"inLanguage":"fr-FR","potentialAction":[{"@type":"ReadAction","target":["https:\/\/sunward.eu\/product\/swe-155uf\/"]}]},{"@type":"ImageObject","inLanguage":"fr-FR","@id":"https:\/\/sunward.eu\/product\/swe-155uf\/#primaryimage","url":"https:\/\/sunward.eu\/wp-content\/uploads\/2025\/09\/SWE-155UF-main.png","contentUrl":"https:\/\/sunward.eu\/wp-content\/uploads\/2025\/09\/SWE-155UF-main.png","width":1000,"height":1000},{"@type":"BreadcrumbList","@id":"https:\/\/sunward.eu\/product\/swe-155uf\/#breadcrumb","itemListElement":[{"@type":"ListItem","position":1,"name":"Home","item":"https:\/\/sunward.eu\/"},{"@type":"ListItem","position":2,"name":"Products","item":"https:\/\/sunward.eu\/shop\/"},{"@type":"ListItem","position":3,"name":"Excavators","item":"https:\/\/sunward.eu\/product-category\/excavators\/"},{"@type":"ListItem","position":4,"name":"SWE 155UF"}]},{"@type":"WebSite","@id":"https:\/\/sunward.eu\/#website","url":"https:\/\/sunward.eu\/","name":"Sunward Europe (Official Website for EU &amp; UK)","description":"The smart choice","publisher":{"@id":"https:\/\/sunward.eu\/#organization"},"potentialAction":[{"@type":"SearchAction","target":{"@type":"EntryPoint","urlTemplate":"https:\/\/sunward.eu\/?s={search_term_string}"},"query-input":"required name=search_term_string"}],"inLanguage":"fr-FR"},{"@type":"Organization","@id":"https:\/\/sunward.eu\/#organization","name":"Sunward Europe (Official Website for EU &amp; UK)","url":"https:\/\/sunward.eu\/","logo":{"@type":"ImageObject","inLanguage":"fr-FR","@id":"https:\/\/sunward.eu\/#\/schema\/logo\/image\/","url":"https:\/\/sunward.eu\/wp-content\/uploads\/2022\/01\/Website_Sunward_logo_top_180x63px.png","contentUrl":"https:\/\/sunward.eu\/wp-content\/uploads\/2022\/01\/Website_Sunward_logo_top_180x63px.png","width":180,"height":63,"caption":"Sunward Europe (Official Website for EU &amp; UK)"},"image":{"@id":"https:\/\/sunward.eu\/#\/schema\/logo\/image\/"}}]}},"_links":{"self":[{"href":"https:\/\/sunward.eu\/fr\/wp-json\/wp\/v2\/product\/4361","targetHints":{"allow":["GET"]}}],"collection":[{"href":"https:\/\/sunward.eu\/fr\/wp-json\/wp\/v2\/product"}],"about":[{"href":"https:\/\/sunward.eu\/fr\/wp-json\/wp\/v2\/types\/product"}],"replies":[{"embeddable":true,"href":"https:\/\/sunward.eu\/fr\/wp-json\/wp\/v2\/comments?post=4361"}],"wp:featuredmedia":[{"embeddable":true,"href":"https:\/\/sunward.eu\/fr\/wp-json\/wp\/v2\/media\/4363"}],"wp:attachment":[{"href":"https:\/\/sunward.eu\/fr\/wp-json\/wp\/v2\/media?parent=4361"}],"wp:term":[{"taxonomy":"product_cat","embeddable":true,"href":"https:\/\/sunward.eu\/fr\/wp-json\/wp\/v2\/product_cat?post=4361"},{"taxonomy":"product_tag","embeddable":true,"href":"https:\/\/sunward.eu\/fr\/wp-json\/wp\/v2\/product_tag?post=4361"}],"curies":[{"name":"wp","href":"https:\/\/api.w.org\/{rel}","templated":true}]}}