{"id":3978,"date":"2025-03-26T17:06:15","date_gmt":"2025-03-26T16:06:15","guid":{"rendered":"https:\/\/sunward.eu\/?post_type=product&#038;p=3978"},"modified":"2025-10-13T13:01:42","modified_gmt":"2025-10-13T11:01:42","slug":"swa-18je-p","status":"publish","type":"product","link":"https:\/\/sunward.eu\/fr\/produit\/swa-18je-p\/","title":{"rendered":"SWA 18JE-P"},"content":{"rendered":"<div class=\"wpb-content-wrapper\"><p>[vc_row][vc_column][vc_tta_accordion style=&#8221;flat&#8221; c_icon=&#8221;chevron&#8221; c_position=&#8221;right&#8221; active_section=&#8221;1&#8243; no_fill=&#8221;true&#8221; el_class=&#8221;custom-accordion&#8221;][vc_tta_section title=&#8221;SP\u00c9CIFICATIONS G\u00c9N\u00c9RALES&#8221; tab_id=&#8221;1623355628079-f58b5c44-7c4b&#8221;][vc_custom_heading text=&#8221;SUNWARD SWA 18JE-P&#8221; font_container=&#8221;tag:h3|text_align:left&#8221; use_theme_fonts=&#8221;yes&#8221; css=&#8221;&#8221;][vc_column_text css=&#8221;&#8221;]<\/p>\n<p>La SWA 18JE-P est la nacelle articul\u00e9e \u00e9lectrique de Sunward, con\u00e7ue pour offrir des performances, une s\u00e9curit\u00e9 et une durabilit\u00e9 maximales sur les chantiers en hauteur.<\/p>\n<p>Avec une hauteur de travail impressionnante de 18 m\u00e8tres, un rayon de travail de 9,6 m\u00e8tres et un d\u00e9port arri\u00e8re nul, cette nacelle offre une maniabilit\u00e9 et une pr\u00e9cision sup\u00e9rieures, ce qui la rend parfaite pour la construction urbaine, la maintenance et les applications industrielles.<\/p>\n<p>Aliment\u00e9e par une batterie au lithium haute capacit\u00e9 et \u00e9quip\u00e9e de fonctions de s\u00e9curit\u00e9 intelligentes, elle \u00e9tablit une nouvelle norme en mati\u00e8re de plates-formes \u00e9l\u00e9vatrices a\u00e9riennes \u00e9cologiques et hautement efficaces.<\/p>\n<p>D\u00e9couvrez tous les autres avantages de la Sunward SWA 18JE-P.<\/p>\n<p>[\/vc_column_text][vc_row_inner][vc_column_inner width=&#8221;1\/2&#8243;][vc_toggle title=&#8221;SP\u00c9CIFICATIONS RELATIVES \u00c0 LA PORT\u00c9E&#8221; css=&#8221;&#8221;]<\/p>\n<table width=\"655\">\n<tbody>\n<tr>\n<td width=\"417\">Hauteur max. de la nacelle<\/td>\n<td width=\"238\">16 m<\/td>\n<\/tr>\n<tr>\n<td width=\"417\">Hauteur de travail max.<\/td>\n<td>18 m<\/td>\n<\/tr>\n<tr>\n<td width=\"417\">D\u00e9port de travail max.<\/td>\n<td>9 m<\/td>\n<\/tr>\n<tr>\n<td width=\"417\">Hauteur \u00e0 d\u00e9port de travail max.<\/td>\n<td>7.8 m<\/td>\n<\/tr>\n<\/tbody>\n<\/table>\n<p>[\/vc_toggle][vc_toggle title=&#8221;DIMENSIONS&#8221; css=&#8221;&#8221;]<\/p>\n<table width=\"655\">\n<tbody>\n<tr>\n<td width=\"417\">Longueur &#8211; repli\u00e9e<\/td>\n<td width=\"238\">7.5 m<\/td>\n<\/tr>\n<tr>\n<td>Hauteur &#8211; r\u00e9tract\u00e9<\/td>\n<td>2.24 m<\/td>\n<\/tr>\n<tr>\n<td>Largeur hors tout<\/td>\n<td>2.3 m<\/td>\n<\/tr>\n<tr>\n<td>Garde au sol &#8211; milieu<\/td>\n<td>0.37 m<\/td>\n<\/tr>\n<tr>\n<td>Longueur du panier<\/td>\n<td>1.83 m<\/td>\n<\/tr>\n<\/tbody>\n<\/table>\n<p>[\/vc_toggle][vc_toggle title=&#8221;PERFORMANCES&#8221; css=&#8221;&#8221;]<\/p>\n<table width=\"655\">\n<tbody>\n<tr>\n<td width=\"417\">Rotation de la plateforme<\/td>\n<td width=\"238\">180\u00b0<\/td>\n<\/tr>\n<tr>\n<td>Vitesse de translation (repli\u00e9e)<\/td>\n<td>5.8 km\/h<\/td>\n<\/tr>\n<tr>\n<td>Vitesse de translation (d\u00e9ploy\u00e9e)<\/td>\n<td>0.8 km\/h<\/td>\n<\/tr>\n<tr>\n<td>Rayon de giration (int\u00e9rieur\/ext\u00e9rieur)<\/td>\n<td>2.06 m \/ 4.74 m<\/td>\n<\/tr>\n<tr>\n<td>Franchissement de pente &#8211; 4 roues motrices &#8211; repli\u00e9e<\/td>\n<td>40%<\/td>\n<\/tr>\n<tr>\n<td>Angle de travail max.<\/td>\n<td>5\u00b0<\/td>\n<\/tr>\n<\/tbody>\n<\/table>\n<p>[\/vc_toggle][\/vc_column_inner][vc_column_inner width=&#8221;1\/2&#8243;][\/vc_column_inner][\/vc_row_inner][\/vc_tta_section][vc_tta_section title=&#8221;FONCTIONNALIT\u00c9S ET ATOUTS&#8221; tab_id=&#8221;1623355710952-d36b50a3-81ed&#8221;][vc_row_inner][vc_column_inner width=&#8221;1\/4&#8243;][vc_single_image image=&#8221;1070&#8243; img_size=&#8221;medium&#8221;][\/vc_column_inner][vc_column_inner width=&#8221;3\/4&#8243;][vc_custom_heading text=&#8221;CONSTRUITE POUR L\u2019EUROPE&#8221; font_container=&#8221;tag:h3|text_align:left&#8221; use_theme_fonts=&#8221;yes&#8221;][vc_column_text css=&#8221;&#8221;]En plus de sa certification europ\u00e9enne, le Sunward SWA 18JE-P, comme toutes les machines Sunward sur le march\u00e9 europ\u00e9en, est con\u00e7u pour r\u00e9pondre aux besoins des clients europ\u00e9ens.[\/vc_column_text][\/vc_column_inner][\/vc_row_inner][vc_row_inner][vc_column_inner width=&#8221;1\/4&#8243;][vc_single_image image=&#8221;1205&#8243; img_size=&#8221;medium&#8221;][\/vc_column_inner][vc_column_inner width=&#8221;3\/4&#8243;][vc_custom_heading text=&#8221;LA S\u00c9CURIT\u00c9 AVANT TOUT&#8221; font_container=&#8221;tag:h3|text_align:left&#8221; use_theme_fonts=&#8221;yes&#8221;][vc_column_text css=&#8221;&#8221;]<\/p>\n<p>La s\u00e9curit\u00e9 est int\u00e9gr\u00e9e dans chaque d\u00e9tail du SWA 18JE-P. Ses principales caract\u00e9ristiques sont les suivantes :<\/p>\n<ul>\n<li>Syst\u00e8me de d\u00e9tection de charge pour \u00e9viter les surcharges<\/li>\n<li>Syst\u00e8me de protection contre le basculement et de descente d&#8217;urgence pour un fonctionnement s\u00e9curis\u00e9<\/li>\n<li>Rotation continue \u00e0 360\u00b0 de la plate-forme tournante pour un acc\u00e8s fluide et contr\u00f4l\u00e9<\/li>\n<li>Gyrophare, avertisseur sonore et syst\u00e8me de diagnostic des pannes pour un retour d&#8217;information en temps r\u00e9el \u00e0 l&#8217;op\u00e9rateur<\/li>\n<li>Nivellement automatique hydrostatique et technologie anti-extrusion pour une protection accrue dans les espaces confin\u00e9s ou irr\u00e9guliers<\/li>\n<\/ul>\n<p>Les op\u00e9rateurs peuvent travailler en toute confiance, sachant que l&#8217;\u00e9l\u00e9vateur est con\u00e7u pour r\u00e9pondre \u00e0 des exigences de s\u00e9curit\u00e9 rigoureuses.<\/p>\n<p>[\/vc_column_text][\/vc_column_inner][\/vc_row_inner][vc_row_inner][vc_column_inner width=&#8221;1\/4&#8243;][vc_single_image image=&#8221;1071&#8243; img_size=&#8221;medium&#8221;][\/vc_column_inner][vc_column_inner width=&#8221;3\/4&#8243;][vc_custom_heading text=&#8221;LE MEILLEUR RAPPORT QUALIT\u00c9-PRIX&#8221; font_container=&#8221;tag:h3|text_align:left&#8221; use_theme_fonts=&#8221;yes&#8221;][vc_column_text css=&#8221;&#8221;]<\/p>\n<p>Sunward est votre investissement le plus judicieux en termes de fiabilit\u00e9, de performances et de retour sur investissement \u00e9lev\u00e9. En effet, la conception experte de la SWA 18JE-P comprend une s\u00e9lection judicieuse de composants qui rationalisent le fonctionnement et la maintenance. Nos choix de conception se traduisent par une machine qui offre de nombreuses fonctionnalit\u00e9s standard, des composants cl\u00e9s de marque haut de gamme et des capacit\u00e9s \u00e0 un prix raisonnable.<\/p>\n<p>De plus, les pi\u00e8ces de rechange d&#8217;origine Sunward sont \u00e9galement \u00e9conomiques, et tout cela est couronn\u00e9 par une garantie pouvant aller jusqu&#8217;\u00e0 2 ans, standard pour toutes les nacelles \u00e9l\u00e9vatrices Sunward.<\/p>\n<p>[\/vc_column_text][\/vc_column_inner][\/vc_row_inner][\/vc_tta_section][vc_tta_section title=&#8221;VIDEO&#8221; tab_id=&#8221;1623857706491-8aa3a03f-cca1&#8243;][vc_video link=&#8221;https:\/\/youtu.be\/uHnQiXTpL68&#8243; css=&#8221;&#8221;][\/vc_tta_section][vc_tta_section title=&#8221;BROCHURE&#8221; tab_id=&#8221;1623857795794-8fd5289e-c5a3&#8243;][vc_row_inner content_placement=&#8221;middle&#8221;][vc_column_inner width=&#8221;1\/4&#8243;][vc_single_image image=&#8221;3983&#8243; img_size=&#8221;large&#8221; css=&#8221;&#8221;][\/vc_column_inner][vc_column_inner width=&#8221;3\/4&#8243;][vc_custom_heading text=&#8221;Product brochure&#8221; font_container=&#8221;tag:h3|text_align:left&#8221; use_theme_fonts=&#8221;yes&#8221;][vc_btn title=&#8221;DOWNLOAD&#8221; color=&#8221;orange&#8221; size=&#8221;lg&#8221; css=&#8221;&#8221; link=&#8221;url:https%3A%2F%2Fsunward.eu%2Fwp-content%2Fuploads%2F2025%2F10%2FSUNWARD_SWA-18JE-P-10.2025_FINAL_HR_FR.pdf|title:Sunward%20SWA%2018JE-P%20Specifications|target:_blank&#8221;][\/vc_column_inner][\/vc_row_inner][\/vc_tta_section][\/vc_tta_accordion][\/vc_column][\/vc_row]<\/p>\n<\/div>","protected":false},"excerpt":{"rendered":"<p>La SWA 18JE-P est la nacelle \u00e9l\u00e9vatrice articul\u00e9e \u00e9lectrique avanc\u00e9e de Sunward, con\u00e7ue pour offrir des performances, une s\u00e9curit\u00e9 et une durabilit\u00e9 \u00e9lev\u00e9es. Elle offre une excellente maniabilit\u00e9 et pr\u00e9cision, ce qui la rend id\u00e9ale pour la construction urbaine, la maintenance et l&#8217;utilisation industrielle. \u00c9quip\u00e9e de fonctions de s\u00e9curit\u00e9 intelligentes, elle constitue un choix fiable et \u00e9cologique pour les travaux en hauteur. [&#8230;]<\/p>\n<p><a class=\"btn btn-secondary understrap-read-more-link\" href=\"https:\/\/sunward.eu\/fr\/produit\/swa-18je-p\/\">Lire la suite&#8230;<\/a><\/p>\n","protected":false},"featured_media":3985,"comment_status":"closed","ping_status":"closed","template":"","meta":{"_acf_changed":false,"inline_featured_image":false},"product_cat":[126],"product_tag":[],"class_list":{"0":"post-3978","1":"product","2":"type-product","3":"status-publish","4":"has-post-thumbnail","6":"product_cat-articulated-boom-lift","7":"pa_emission-rating-eu-stage-5","8":"pa_max-digging-depth-6-750-mm","9":"pa_max-working-height-18-m","10":"pa_operating-weight-7-750-kg","11":"pa_power-output-129-kw","12":"pa_width-2800-mm","14":"first","15":"instock","16":"shipping-taxable","17":"product-type-simple"},"translation":{"provider":"WPGlobus","version":"2.12.2","language":"fr","enabled_languages":["en","de","fr","it"],"languages":{"en":{"title":true,"content":true,"excerpt":true},"de":{"title":true,"content":true,"excerpt":true},"fr":{"title":true,"content":true,"excerpt":true},"it":{"title":true,"content":true,"excerpt":true}}},"acf":[],"yoast_head":"<!-- This site is optimized with the Yoast SEO plugin v22.6 - https:\/\/yoast.com\/wordpress\/plugins\/seo\/ -->\n<title>SWA 18JE-P - Sunward Europe (Official Website for EU &amp; UK)<\/title>\n<meta name=\"robots\" content=\"index, follow, max-snippet:-1, max-image-preview:large, max-video-preview:-1\" \/>\n<link rel=\"canonical\" href=\"https:\/\/sunward.eu\/product\/swa-18je-p\/\" \/>\n<meta property=\"og:locale\" content=\"fr_FR\" \/>\n<meta property=\"og:type\" content=\"article\" \/>\n<meta property=\"og:title\" content=\"SWA 18JE-P - Sunward Europe (Official Website for EU &amp; UK)\" \/>\n<meta property=\"og:url\" content=\"https:\/\/sunward.eu\/product\/swa-18je-p\/\" \/>\n<meta property=\"og:site_name\" content=\"Sunward Europe (Official Website for EU &amp; UK)\" \/>\n<meta property=\"article:modified_time\" content=\"2025-10-13T11:01:42+00:00\" \/>\n<meta property=\"og:image\" content=\"https:\/\/sunward.eu\/wp-content\/uploads\/2025\/03\/SWA-18JE-P-cut.png\" \/>\n\t<meta property=\"og:image:width\" content=\"1000\" \/>\n\t<meta property=\"og:image:height\" content=\"1000\" \/>\n\t<meta property=\"og:image:type\" content=\"image\/png\" \/>\n<meta name=\"twitter:card\" content=\"summary_large_image\" \/>\n<meta name=\"twitter:label1\" content=\"Est. reading time\" \/>\n\t<meta name=\"twitter:data1\" content=\"4 minutes\" \/>\n<script type=\"application\/ld+json\" class=\"yoast-schema-graph\">{\"@context\":\"https:\/\/schema.org\",\"@graph\":[{\"@type\":\"WebPage\",\"@id\":\"https:\/\/sunward.eu\/product\/swa-18je-p\/\",\"url\":\"https:\/\/sunward.eu\/product\/swa-18je-p\/\",\"name\":\"SWA 18JE-P - Sunward Europe (Official Website for EU &amp; UK)\",\"isPartOf\":{\"@id\":\"https:\/\/sunward.eu\/#website\"},\"primaryImageOfPage\":{\"@id\":\"https:\/\/sunward.eu\/product\/swa-18je-p\/#primaryimage\"},\"image\":{\"@id\":\"https:\/\/sunward.eu\/product\/swa-18je-p\/#primaryimage\"},\"thumbnailUrl\":\"https:\/\/sunward.eu\/wp-content\/uploads\/2025\/03\/SWA-18JE-P-cut.png\",\"datePublished\":\"2025-03-26T16:06:15+00:00\",\"dateModified\":\"2025-10-13T11:01:42+00:00\",\"breadcrumb\":{\"@id\":\"https:\/\/sunward.eu\/product\/swa-18je-p\/#breadcrumb\"},\"inLanguage\":\"fr-FR\",\"potentialAction\":[{\"@type\":\"ReadAction\",\"target\":[\"https:\/\/sunward.eu\/product\/swa-18je-p\/\"]}]},{\"@type\":\"ImageObject\",\"inLanguage\":\"fr-FR\",\"@id\":\"https:\/\/sunward.eu\/product\/swa-18je-p\/#primaryimage\",\"url\":\"https:\/\/sunward.eu\/wp-content\/uploads\/2025\/03\/SWA-18JE-P-cut.png\",\"contentUrl\":\"https:\/\/sunward.eu\/wp-content\/uploads\/2025\/03\/SWA-18JE-P-cut.png\",\"width\":1000,\"height\":1000},{\"@type\":\"BreadcrumbList\",\"@id\":\"https:\/\/sunward.eu\/product\/swa-18je-p\/#breadcrumb\",\"itemListElement\":[{\"@type\":\"ListItem\",\"position\":1,\"name\":\"Home\",\"item\":\"https:\/\/sunward.eu\/\"},{\"@type\":\"ListItem\",\"position\":2,\"name\":\"Products\",\"item\":\"https:\/\/sunward.eu\/shop\/\"},{\"@type\":\"ListItem\",\"position\":3,\"name\":\"{:en}Articulated Boom Lifts{:}{:de}Gelenkarbeitsbuehnen{:}{:fr}Nacelles articul\u00e9es{:}{:it}Piattaforme aeree articolate{:}\",\"item\":\"https:\/\/sunward.eu\/product-category\/articulated-boom-lift\/\"},{\"@type\":\"ListItem\",\"position\":4,\"name\":\"SWA 18JE-P\"}]},{\"@type\":\"WebSite\",\"@id\":\"https:\/\/sunward.eu\/#website\",\"url\":\"https:\/\/sunward.eu\/\",\"name\":\"Sunward Europe (Official Website for EU &amp; UK)\",\"description\":\"The smart choice\",\"publisher\":{\"@id\":\"https:\/\/sunward.eu\/#organization\"},\"potentialAction\":[{\"@type\":\"SearchAction\",\"target\":{\"@type\":\"EntryPoint\",\"urlTemplate\":\"https:\/\/sunward.eu\/?s={search_term_string}\"},\"query-input\":\"required name=search_term_string\"}],\"inLanguage\":\"fr-FR\"},{\"@type\":\"Organization\",\"@id\":\"https:\/\/sunward.eu\/#organization\",\"name\":\"Sunward Europe (Official Website for EU &amp; UK)\",\"url\":\"https:\/\/sunward.eu\/\",\"logo\":{\"@type\":\"ImageObject\",\"inLanguage\":\"fr-FR\",\"@id\":\"https:\/\/sunward.eu\/#\/schema\/logo\/image\/\",\"url\":\"https:\/\/sunward.eu\/wp-content\/uploads\/2022\/01\/Website_Sunward_logo_top_180x63px.png\",\"contentUrl\":\"https:\/\/sunward.eu\/wp-content\/uploads\/2022\/01\/Website_Sunward_logo_top_180x63px.png\",\"width\":180,\"height\":63,\"caption\":\"Sunward Europe (Official Website for EU &amp; UK)\"},\"image\":{\"@id\":\"https:\/\/sunward.eu\/#\/schema\/logo\/image\/\"}}]}<\/script>\n<!-- \/ Yoast SEO plugin. -->","yoast_head_json":{"title":"SWA 18JE-P - Sunward Europe (Official Website for EU &amp; UK)","robots":{"index":"index","follow":"follow","max-snippet":"max-snippet:-1","max-image-preview":"max-image-preview:large","max-video-preview":"max-video-preview:-1"},"canonical":"https:\/\/sunward.eu\/product\/swa-18je-p\/","og_locale":"fr_FR","og_type":"article","og_title":"SWA 18JE-P - Sunward Europe (Official Website for EU &amp; UK)","og_url":"https:\/\/sunward.eu\/product\/swa-18je-p\/","og_site_name":"Sunward Europe (Official Website for EU &amp; UK)","article_modified_time":"2025-10-13T11:01:42+00:00","og_image":[{"width":1000,"height":1000,"url":"https:\/\/sunward.eu\/wp-content\/uploads\/2025\/03\/SWA-18JE-P-cut.png","type":"image\/png"}],"twitter_card":"summary_large_image","twitter_misc":{"Est. reading time":"4 minutes"},"schema":{"@context":"https:\/\/schema.org","@graph":[{"@type":"WebPage","@id":"https:\/\/sunward.eu\/product\/swa-18je-p\/","url":"https:\/\/sunward.eu\/product\/swa-18je-p\/","name":"SWA 18JE-P - Sunward Europe (Official Website for EU &amp; UK)","isPartOf":{"@id":"https:\/\/sunward.eu\/#website"},"primaryImageOfPage":{"@id":"https:\/\/sunward.eu\/product\/swa-18je-p\/#primaryimage"},"image":{"@id":"https:\/\/sunward.eu\/product\/swa-18je-p\/#primaryimage"},"thumbnailUrl":"https:\/\/sunward.eu\/wp-content\/uploads\/2025\/03\/SWA-18JE-P-cut.png","datePublished":"2025-03-26T16:06:15+00:00","dateModified":"2025-10-13T11:01:42+00:00","breadcrumb":{"@id":"https:\/\/sunward.eu\/product\/swa-18je-p\/#breadcrumb"},"inLanguage":"fr-FR","potentialAction":[{"@type":"ReadAction","target":["https:\/\/sunward.eu\/product\/swa-18je-p\/"]}]},{"@type":"ImageObject","inLanguage":"fr-FR","@id":"https:\/\/sunward.eu\/product\/swa-18je-p\/#primaryimage","url":"https:\/\/sunward.eu\/wp-content\/uploads\/2025\/03\/SWA-18JE-P-cut.png","contentUrl":"https:\/\/sunward.eu\/wp-content\/uploads\/2025\/03\/SWA-18JE-P-cut.png","width":1000,"height":1000},{"@type":"BreadcrumbList","@id":"https:\/\/sunward.eu\/product\/swa-18je-p\/#breadcrumb","itemListElement":[{"@type":"ListItem","position":1,"name":"Home","item":"https:\/\/sunward.eu\/"},{"@type":"ListItem","position":2,"name":"Products","item":"https:\/\/sunward.eu\/shop\/"},{"@type":"ListItem","position":3,"name":"{:en}Articulated Boom Lifts{:}{:de}Gelenkarbeitsbuehnen{:}{:fr}Nacelles articul\u00e9es{:}{:it}Piattaforme aeree articolate{:}","item":"https:\/\/sunward.eu\/product-category\/articulated-boom-lift\/"},{"@type":"ListItem","position":4,"name":"SWA 18JE-P"}]},{"@type":"WebSite","@id":"https:\/\/sunward.eu\/#website","url":"https:\/\/sunward.eu\/","name":"Sunward Europe (Official Website for EU &amp; UK)","description":"The smart choice","publisher":{"@id":"https:\/\/sunward.eu\/#organization"},"potentialAction":[{"@type":"SearchAction","target":{"@type":"EntryPoint","urlTemplate":"https:\/\/sunward.eu\/?s={search_term_string}"},"query-input":"required name=search_term_string"}],"inLanguage":"fr-FR"},{"@type":"Organization","@id":"https:\/\/sunward.eu\/#organization","name":"Sunward Europe (Official Website for EU &amp; UK)","url":"https:\/\/sunward.eu\/","logo":{"@type":"ImageObject","inLanguage":"fr-FR","@id":"https:\/\/sunward.eu\/#\/schema\/logo\/image\/","url":"https:\/\/sunward.eu\/wp-content\/uploads\/2022\/01\/Website_Sunward_logo_top_180x63px.png","contentUrl":"https:\/\/sunward.eu\/wp-content\/uploads\/2022\/01\/Website_Sunward_logo_top_180x63px.png","width":180,"height":63,"caption":"Sunward Europe (Official Website for EU &amp; UK)"},"image":{"@id":"https:\/\/sunward.eu\/#\/schema\/logo\/image\/"}}]}},"_links":{"self":[{"href":"https:\/\/sunward.eu\/fr\/wp-json\/wp\/v2\/product\/3978","targetHints":{"allow":["GET"]}}],"collection":[{"href":"https:\/\/sunward.eu\/fr\/wp-json\/wp\/v2\/product"}],"about":[{"href":"https:\/\/sunward.eu\/fr\/wp-json\/wp\/v2\/types\/product"}],"replies":[{"embeddable":true,"href":"https:\/\/sunward.eu\/fr\/wp-json\/wp\/v2\/comments?post=3978"}],"wp:featuredmedia":[{"embeddable":true,"href":"https:\/\/sunward.eu\/fr\/wp-json\/wp\/v2\/media\/3985"}],"wp:attachment":[{"href":"https:\/\/sunward.eu\/fr\/wp-json\/wp\/v2\/media?parent=3978"}],"wp:term":[{"taxonomy":"product_cat","embeddable":true,"href":"https:\/\/sunward.eu\/fr\/wp-json\/wp\/v2\/product_cat?post=3978"},{"taxonomy":"product_tag","embeddable":true,"href":"https:\/\/sunward.eu\/fr\/wp-json\/wp\/v2\/product_tag?post=3978"}],"curies":[{"name":"wp","href":"https:\/\/api.w.org\/{rel}","templated":true}]}}