{"id":3894,"date":"2025-03-21T11:22:35","date_gmt":"2025-03-21T10:22:35","guid":{"rendered":"https:\/\/sunward.eu\/?post_type=product&#038;p=3894"},"modified":"2025-07-10T15:25:47","modified_gmt":"2025-07-10T13:25:47","slug":"swth3507","status":"publish","type":"product","link":"https:\/\/sunward.eu\/fr\/produit\/swth3507\/","title":{"rendered":"SWTH 3507"},"content":{"rendered":"<div class=\"wpb-content-wrapper\"><p>[vc_row][vc_column][vc_tta_accordion style=&#8221;flat&#8221; c_icon=&#8221;chevron&#8221; c_position=&#8221;right&#8221; active_section=&#8221;1&#8243; no_fill=&#8221;true&#8221; el_class=&#8221;custom-accordion&#8221;][vc_tta_section title=&#8221;SP\u00c9CIFICATIONS&#8221; tab_id=&#8221;1623355628079-f58b5c44-7c4b&#8221;][vc_custom_heading text=&#8221;SUNWARD SWTH 3507&#8243; font_container=&#8221;tag:h3|text_align:left&#8221; use_theme_fonts=&#8221;yes&#8221; css=&#8221;&#8221;][vc_column_text css=&#8221;&#8221;]Le chariot t\u00e9lescopique SWTH 3507 de Sunward est une puissante machine de levage tout-terrain con\u00e7ue pour s&#8217;attaquer facilement \u00e0 la manutention de mat\u00e9riaux lourds. Avec une capacit\u00e9 de charge nominale de 3 500 kg et une hauteur de levage maximale de 7.43 m\u00e8tres, cet appareil de manutention t\u00e9lescopique robuste \u00e0 fl\u00e8che en deux sections offre des performances de premier ordre dans des dimensions compactes, ce qui en fait un outil de travail polyvalent sur n&#8217;importe quel chantier. Qu&#8217;il s&#8217;agisse de d\u00e9placer des palettes, de soulever des balles ou de s&#8217;attaquer \u00e0 des t\u00e2ches de soutien \u00e0 la construction, le SWTH 3507 offre la stabilit\u00e9, la visibilit\u00e9 et la maniabilit\u00e9 n\u00e9cessaires pour y parvenir.<\/p>\n<p>Con\u00e7u pour le confort de l&#8217;op\u00e9rateur et l&#8217;efficacit\u00e9 du chantier, il est dot\u00e9 de trois modes de direction, d&#8217;une cabine enti\u00e8rement certifi\u00e9e ROPS\/FOPS et de technologies cl\u00e9s telles que la protection anti-basculement, un ventilateur r\u00e9versible et des fourches \u00e0 palettes \u00e0 mise \u00e0 niveau automatique, le tout de s\u00e9rie. Ajoutez \u00e0 cela des commandes intuitives, un syst\u00e8me CVC complet et un syst\u00e8me de changement rapide robuste, et vous obtenez un appareil de manutention t\u00e9lescopique pr\u00eat \u00e0 travailler s\u00e9rieusement d\u00e8s le d\u00e9part.<\/p>\n<p>D\u00e9couvrez tous les autres avantages du Sunward SWTH 3507.[\/vc_column_text][vc_row_inner][vc_column_inner width=&#8221;1\/2&#8243;][vc_toggle title=&#8221;DIMENSIONS&#8221; css=&#8221;&#8221;]<\/p>\n<table width=\"655\">\n<tbody>\n<tr>\n<td width=\"417\">Poids op\u00e9rationnel<\/td>\n<td width=\"238\">8 300 kg<\/td>\n<\/tr>\n<tr>\n<td width=\"417\">Longueur jusqu\u2019\u00e0 la fourche \u00e0 palette<\/td>\n<td>5 090 mm<\/td>\n<\/tr>\n<tr>\n<td width=\"417\">Largeur<\/td>\n<td>2 410 mm<\/td>\n<\/tr>\n<tr>\n<td width=\"417\">Hauteur<\/td>\n<td>2 390 mm<\/td>\n<\/tr>\n<tr>\n<td width=\"417\">Garde au sol<\/td>\n<td>440 mm<\/td>\n<\/tr>\n<\/tbody>\n<\/table>\n<p>[\/vc_toggle][vc_toggle title=&#8221;MOTEUR&#8221; css=&#8221;&#8221;]<\/p>\n<table width=\"655\">\n<tbody>\n<tr>\n<td width=\"417\">Mod\u00e8le<\/td>\n<td width=\"238\">Cummins F3.8<\/td>\n<\/tr>\n<tr>\n<td>Norme antipollution<\/td>\n<td>UE Phase V (EU Stage V)<\/td>\n<\/tr>\n<tr>\n<td>Puissance<\/td>\n<td>55 kW<\/td>\n<\/tr>\n<\/tbody>\n<\/table>\n<p>[\/vc_toggle][vc_toggle title=&#8221;GAMME DE TRAVAIL ET PERFORMANCE&#8221; css=&#8221;&#8221;]<\/p>\n<table width=\"655\">\n<tbody>\n<tr>\n<td width=\"417\">Capacit\u00e9 de charge \u00e0 la longueur d\u2019extension max.<\/td>\n<td width=\"238\">1 500 kg<\/td>\n<\/tr>\n<tr>\n<td>Hauteur de levage max.<\/td>\n<td>7.43 m<\/td>\n<\/tr>\n<tr>\n<td>Longueur d\u2019extension max.<\/td>\n<td>3.83 m<\/td>\n<\/tr>\n<tr>\n<td>Vitesse de d\u00e9placement max.<\/td>\n<td>30 km\/h<\/td>\n<\/tr>\n<\/tbody>\n<\/table>\n<p>[\/vc_toggle][\/vc_column_inner][vc_column_inner width=&#8221;1\/2&#8243;][\/vc_column_inner][\/vc_row_inner][\/vc_tta_section][vc_tta_section title=&#8221;FONCTIONNALIT\u00c9S ET ATOUTS&#8221; tab_id=&#8221;1623355710952-d36b50a3-81ed&#8221;][vc_row_inner][vc_column_inner width=&#8221;1\/4&#8243;][vc_single_image image=&#8221;1070&#8243; img_size=&#8221;medium&#8221;][\/vc_column_inner][vc_column_inner width=&#8221;3\/4&#8243;][vc_custom_heading text=&#8221;CON\u00c7UE POUR L\u2019EUROPE&#8221; font_container=&#8221;tag:h3|text_align:left&#8221; use_theme_fonts=&#8221;yes&#8221;][vc_column_text css=&#8221;&#8221;]Le chariot t\u00e9lescopique Sunward SWTH 3507, comme toutes les machines Sunward sur le march\u00e9 europ\u00e9en, est enti\u00e8rement conforme aux normes de l&#8217;UE et a \u00e9t\u00e9 sp\u00e9cialement adapt\u00e9 au march\u00e9 europ\u00e9en. \u00c9quip\u00e9 d&#8217;essieux DANA, de pneus 400\/80-24 et d&#8217;un syst\u00e8me d&#8217;attache rapide compatible avec Manitou et JCB, il s&#8217;int\u00e8gre parfaitement dans les flottes existantes.[\/vc_column_text][\/vc_column_inner][\/vc_row_inner][vc_separator][vc_row_inner][vc_column_inner width=&#8221;1\/4&#8243;][vc_single_image image=&#8221;1240&#8243; img_size=&#8221;medium&#8221;][\/vc_column_inner][vc_column_inner width=&#8221;3\/4&#8243;][vc_custom_heading text=&#8221;PERFORMANCE PUISSANTE ET FIABLE&#8221; font_container=&#8221;tag:h3|text_align:left&#8221; use_theme_fonts=&#8221;yes&#8221; css=&#8221;&#8221;][vc_column_text css=&#8221;&#8221;]Le SWTH 3507 est con\u00e7u pour des applications exigeantes avec un groupe motopropulseur robuste et un convertisseur de couple qui offrent des performances souples et efficaces. Les pneus tout-terrain offrent une traction et une stabilit\u00e9 exceptionnelles sur les terrains accident\u00e9s, ce qui en fait une v\u00e9ritable machine tout-terrain.[\/vc_column_text][\/vc_column_inner][\/vc_row_inner][vc_separator][vc_row_inner][vc_column_inner width=&#8221;1\/4&#8243;][vc_single_image image=&#8221;1091&#8243; img_size=&#8221;medium&#8221;][\/vc_column_inner][vc_column_inner width=&#8221;3\/4&#8243;][vc_custom_heading text=&#8221;DES COMPOSANTS HAUT DE GAMME&#8221; font_container=&#8221;tag:h3|text_align:left&#8221; use_theme_fonts=&#8221;yes&#8221;][vc_column_text css=&#8221;&#8221;]De conception industrielle haut de gamme, le SWTH 3507 est dot\u00e9 d&#8217;un syst\u00e8me hydraulique avanc\u00e9, d&#8217;un syst\u00e8me de protection anti-basculement et d&#8217;un syst\u00e8me anti-d\u00e9capage des conduites d&#8217;huile pour une durabilit\u00e9 sup\u00e9rieure. Les fonctions de ralentissement et d&#8217;inclinaison de la fl\u00e8che permettent un contr\u00f4le pr\u00e9cis et une s\u00e9curit\u00e9 accrue pendant le travail.[\/vc_column_text][\/vc_column_inner][\/vc_row_inner][vc_separator][vc_row_inner][vc_column_inner width=&#8221;1\/4&#8243;][vc_single_image image=&#8221;1071&#8243; img_size=&#8221;medium&#8221;][\/vc_column_inner][vc_column_inner width=&#8221;3\/4&#8243;][vc_custom_heading text=&#8221;LE MEILLEUR RAPPORT QUALIT\u00c9-PRIX&#8221; font_container=&#8221;tag:h3|text_align:left&#8221; use_theme_fonts=&#8221;yes&#8221;][vc_column_text css=&#8221;&#8221;]Le Sunward SWTH 3507 combine des performances \u00e9lev\u00e9es, des composants de qualit\u00e9 sup\u00e9rieure et des fonctions de s\u00e9curit\u00e9 de pointe \u00e0 un prix comp\u00e9titif. Il s&#8217;agit d&#8217;une solution rentable et \u00e0 fort retour sur investissement pour les entreprises \u00e0 la recherche d&#8217;un chariot t\u00e9lescopique durable et fiable.[\/vc_column_text][\/vc_column_inner][\/vc_row_inner][\/vc_tta_section][vc_tta_section title=&#8221;VIDEO&#8221; tab_id=&#8221;1623857706491-8aa3a03f-cca1&#8243;][vc_video link=&#8221;https:\/\/youtu.be\/KmIIRRfEKTA&#8221; css=&#8221;&#8221;][\/vc_tta_section][vc_tta_section title=&#8221;BROCHURE&#8221; tab_id=&#8221;1623857795794-8fd5289e-c5a3&#8243;][vc_row_inner content_placement=&#8221;middle&#8221;][vc_column_inner width=&#8221;1\/4&#8243;][vc_single_image image=&#8221;3923&#8243; img_size=&#8221;large&#8221; css=&#8221;&#8221;][\/vc_column_inner][vc_column_inner width=&#8221;3\/4&#8243;][vc_custom_heading text=&#8221;SPEC SHEET&#8221; font_container=&#8221;tag:h3|text_align:left&#8221; use_theme_fonts=&#8221;yes&#8221;][vc_btn title=&#8221;DOWNLOAD&#8221; color=&#8221;orange&#8221; size=&#8221;lg&#8221; css=&#8221;&#8221; link=&#8221;url:https%3A%2F%2Fsunward.eu%2Fwp-content%2Fuploads%2F2025%2F03%2FSPECS_SUNWARD_SWtH-3507_FINAL_HR_FR.pdf|title:Sunward%20SWTH%203507%20Specifications%20Sheet|target:_blank&#8221;][\/vc_column_inner][\/vc_row_inner][\/vc_tta_section][\/vc_tta_accordion][\/vc_column][\/vc_row]<\/p>\n<\/div>","protected":false},"excerpt":{"rendered":"<p>Le Sunward SWTH 3507 est un chariot t\u00e9lescopique tout-terrain compact et puissant, dot\u00e9 d&#8217;une capacit\u00e9 de levage de 3 500 kg et d&#8217;une hauteur de levage maximale de 7.43 m. Il est con\u00e7u pour les chantiers exigeants et offre stabilit\u00e9, visibilit\u00e9 et agilit\u00e9. Con\u00e7u pour les chantiers exigeants, il offre stabilit\u00e9, visibilit\u00e9 et agilit\u00e9 &#8211; parfait pour soulever des palettes, des balles ou manipuler des mat\u00e9riaux de chantier. Les caract\u00e9ristiques standard comprennent trois modes de direction, une protection anti-basculement, des fourches \u00e0 mise \u00e0 niveau automatique et une cabine certifi\u00e9e ROPS\/FOPS avec chauffage, ventilation et climatisation. Construit pour la performance et le confort de l&#8217;op\u00e9rateur, le SWTH 3507 est pr\u00eat \u00e0 travailler d\u00e8s le d\u00e9part. [&#8230;]<\/p>\n<p><a class=\"btn btn-secondary understrap-read-more-link\" href=\"https:\/\/sunward.eu\/fr\/produit\/swth3507\/\">Lire la suite&#8230;<\/a><\/p>\n","protected":false},"featured_media":3922,"comment_status":"closed","ping_status":"closed","template":"","meta":{"_acf_changed":false,"inline_featured_image":false},"product_cat":[319],"product_tag":[],"class_list":{"0":"post-3894","1":"product","2":"type-product","3":"status-publish","4":"has-post-thumbnail","6":"product_cat-telehandlers","7":"pa_emission-rating-eu-stage-5","8":"pa_operating-weight-8-300-kg","9":"pa_power-output-55-kw","11":"first","12":"instock","13":"shipping-taxable","14":"product-type-simple"},"translation":{"provider":"WPGlobus","version":"2.12.2","language":"fr","enabled_languages":["en","de","fr","it"],"languages":{"en":{"title":true,"content":true,"excerpt":true},"de":{"title":true,"content":true,"excerpt":true},"fr":{"title":true,"content":true,"excerpt":true},"it":{"title":true,"content":true,"excerpt":true}}},"acf":[],"yoast_head":"<!-- This site is optimized with the Yoast SEO plugin v22.6 - https:\/\/yoast.com\/wordpress\/plugins\/seo\/ -->\n<title>SWTH 3507 - Sunward Europe (Official Website for EU &amp; UK)<\/title>\n<meta name=\"robots\" content=\"index, follow, max-snippet:-1, max-image-preview:large, max-video-preview:-1\" \/>\n<link rel=\"canonical\" href=\"https:\/\/sunward.eu\/product\/swth3507\/\" \/>\n<meta property=\"og:locale\" content=\"fr_FR\" \/>\n<meta property=\"og:type\" content=\"article\" \/>\n<meta property=\"og:title\" content=\"SWTH 3507 - Sunward Europe (Official Website for EU &amp; UK)\" \/>\n<meta property=\"og:url\" content=\"https:\/\/sunward.eu\/product\/swth3507\/\" \/>\n<meta property=\"og:site_name\" content=\"Sunward Europe (Official Website for EU &amp; UK)\" \/>\n<meta property=\"article:modified_time\" content=\"2025-07-10T13:25:47+00:00\" \/>\n<meta property=\"og:image\" content=\"https:\/\/sunward.eu\/wp-content\/uploads\/2025\/03\/Sunward-SWTH3507-MAIN.png\" \/>\n\t<meta property=\"og:image:width\" content=\"1000\" \/>\n\t<meta property=\"og:image:height\" content=\"1000\" \/>\n\t<meta property=\"og:image:type\" content=\"image\/png\" \/>\n<meta name=\"twitter:card\" content=\"summary_large_image\" \/>\n<meta name=\"twitter:label1\" content=\"Est. reading time\" \/>\n\t<meta name=\"twitter:data1\" content=\"4 minutes\" \/>\n<script type=\"application\/ld+json\" class=\"yoast-schema-graph\">{\"@context\":\"https:\/\/schema.org\",\"@graph\":[{\"@type\":\"WebPage\",\"@id\":\"https:\/\/sunward.eu\/product\/swth3507\/\",\"url\":\"https:\/\/sunward.eu\/product\/swth3507\/\",\"name\":\"SWTH 3507 - Sunward Europe (Official Website for EU &amp; UK)\",\"isPartOf\":{\"@id\":\"https:\/\/sunward.eu\/#website\"},\"primaryImageOfPage\":{\"@id\":\"https:\/\/sunward.eu\/product\/swth3507\/#primaryimage\"},\"image\":{\"@id\":\"https:\/\/sunward.eu\/product\/swth3507\/#primaryimage\"},\"thumbnailUrl\":\"https:\/\/sunward.eu\/wp-content\/uploads\/2025\/03\/Sunward-SWTH3507-MAIN.png\",\"datePublished\":\"2025-03-21T10:22:35+00:00\",\"dateModified\":\"2025-07-10T13:25:47+00:00\",\"description\":\"Discover the Sunward SWTH 3507 telehandler \u2013 a compact, all-terrain lifting solution with 3,500 kg capacity, 7.43 m lift height, and advanced safety and comfort features for tough jobsites.\",\"breadcrumb\":{\"@id\":\"https:\/\/sunward.eu\/product\/swth3507\/#breadcrumb\"},\"inLanguage\":\"fr-FR\",\"potentialAction\":[{\"@type\":\"ReadAction\",\"target\":[\"https:\/\/sunward.eu\/product\/swth3507\/\"]}]},{\"@type\":\"ImageObject\",\"inLanguage\":\"fr-FR\",\"@id\":\"https:\/\/sunward.eu\/product\/swth3507\/#primaryimage\",\"url\":\"https:\/\/sunward.eu\/wp-content\/uploads\/2025\/03\/Sunward-SWTH3507-MAIN.png\",\"contentUrl\":\"https:\/\/sunward.eu\/wp-content\/uploads\/2025\/03\/Sunward-SWTH3507-MAIN.png\",\"width\":1000,\"height\":1000,\"caption\":\"Sunward SWTH3507\"},{\"@type\":\"BreadcrumbList\",\"@id\":\"https:\/\/sunward.eu\/product\/swth3507\/#breadcrumb\",\"itemListElement\":[{\"@type\":\"ListItem\",\"position\":1,\"name\":\"Home\",\"item\":\"https:\/\/sunward.eu\/\"},{\"@type\":\"ListItem\",\"position\":2,\"name\":\"Products\",\"item\":\"https:\/\/sunward.eu\/shop\/\"},{\"@type\":\"ListItem\",\"position\":3,\"name\":\"{:en}Telehandlers{:}{:de}Teleskoplader{:}{:fr}Chariots t\u00e9lescopiques{:}{:it}Sollevatori telescopici{:}\",\"item\":\"https:\/\/sunward.eu\/product-category\/telehandlers\/\"},{\"@type\":\"ListItem\",\"position\":4,\"name\":\"SWTH 3507\"}]},{\"@type\":\"WebSite\",\"@id\":\"https:\/\/sunward.eu\/#website\",\"url\":\"https:\/\/sunward.eu\/\",\"name\":\"Sunward Europe (Official Website for EU &amp; UK)\",\"description\":\"The smart choice\",\"publisher\":{\"@id\":\"https:\/\/sunward.eu\/#organization\"},\"potentialAction\":[{\"@type\":\"SearchAction\",\"target\":{\"@type\":\"EntryPoint\",\"urlTemplate\":\"https:\/\/sunward.eu\/?s={search_term_string}\"},\"query-input\":\"required name=search_term_string\"}],\"inLanguage\":\"fr-FR\"},{\"@type\":\"Organization\",\"@id\":\"https:\/\/sunward.eu\/#organization\",\"name\":\"Sunward Europe (Official Website for EU &amp; UK)\",\"url\":\"https:\/\/sunward.eu\/\",\"logo\":{\"@type\":\"ImageObject\",\"inLanguage\":\"fr-FR\",\"@id\":\"https:\/\/sunward.eu\/#\/schema\/logo\/image\/\",\"url\":\"https:\/\/sunward.eu\/wp-content\/uploads\/2022\/01\/Website_Sunward_logo_top_180x63px.png\",\"contentUrl\":\"https:\/\/sunward.eu\/wp-content\/uploads\/2022\/01\/Website_Sunward_logo_top_180x63px.png\",\"width\":180,\"height\":63,\"caption\":\"Sunward Europe (Official Website for EU &amp; UK)\"},\"image\":{\"@id\":\"https:\/\/sunward.eu\/#\/schema\/logo\/image\/\"}}]}<\/script>\n<!-- \/ Yoast SEO plugin. -->","yoast_head_json":{"title":"SWTH 3507 - Sunward Europe (Official Website for EU &amp; UK)","robots":{"index":"index","follow":"follow","max-snippet":"max-snippet:-1","max-image-preview":"max-image-preview:large","max-video-preview":"max-video-preview:-1"},"canonical":"https:\/\/sunward.eu\/product\/swth3507\/","og_locale":"fr_FR","og_type":"article","og_title":"SWTH 3507 - Sunward Europe (Official Website for EU &amp; UK)","og_url":"https:\/\/sunward.eu\/product\/swth3507\/","og_site_name":"Sunward Europe (Official Website for EU &amp; UK)","article_modified_time":"2025-07-10T13:25:47+00:00","og_image":[{"width":1000,"height":1000,"url":"https:\/\/sunward.eu\/wp-content\/uploads\/2025\/03\/Sunward-SWTH3507-MAIN.png","type":"image\/png"}],"twitter_card":"summary_large_image","twitter_misc":{"Est. reading time":"4 minutes"},"schema":{"@context":"https:\/\/schema.org","@graph":[{"@type":"WebPage","@id":"https:\/\/sunward.eu\/product\/swth3507\/","url":"https:\/\/sunward.eu\/product\/swth3507\/","name":"SWTH 3507 - Sunward Europe (Official Website for EU &amp; UK)","isPartOf":{"@id":"https:\/\/sunward.eu\/#website"},"primaryImageOfPage":{"@id":"https:\/\/sunward.eu\/product\/swth3507\/#primaryimage"},"image":{"@id":"https:\/\/sunward.eu\/product\/swth3507\/#primaryimage"},"thumbnailUrl":"https:\/\/sunward.eu\/wp-content\/uploads\/2025\/03\/Sunward-SWTH3507-MAIN.png","datePublished":"2025-03-21T10:22:35+00:00","dateModified":"2025-07-10T13:25:47+00:00","description":"Discover the Sunward SWTH 3507 telehandler \u2013 a compact, all-terrain lifting solution with 3,500 kg capacity, 7.43 m lift height, and advanced safety and comfort features for tough jobsites.","breadcrumb":{"@id":"https:\/\/sunward.eu\/product\/swth3507\/#breadcrumb"},"inLanguage":"fr-FR","potentialAction":[{"@type":"ReadAction","target":["https:\/\/sunward.eu\/product\/swth3507\/"]}]},{"@type":"ImageObject","inLanguage":"fr-FR","@id":"https:\/\/sunward.eu\/product\/swth3507\/#primaryimage","url":"https:\/\/sunward.eu\/wp-content\/uploads\/2025\/03\/Sunward-SWTH3507-MAIN.png","contentUrl":"https:\/\/sunward.eu\/wp-content\/uploads\/2025\/03\/Sunward-SWTH3507-MAIN.png","width":1000,"height":1000,"caption":"Sunward SWTH3507"},{"@type":"BreadcrumbList","@id":"https:\/\/sunward.eu\/product\/swth3507\/#breadcrumb","itemListElement":[{"@type":"ListItem","position":1,"name":"Home","item":"https:\/\/sunward.eu\/"},{"@type":"ListItem","position":2,"name":"Products","item":"https:\/\/sunward.eu\/shop\/"},{"@type":"ListItem","position":3,"name":"{:en}Telehandlers{:}{:de}Teleskoplader{:}{:fr}Chariots t\u00e9lescopiques{:}{:it}Sollevatori telescopici{:}","item":"https:\/\/sunward.eu\/product-category\/telehandlers\/"},{"@type":"ListItem","position":4,"name":"SWTH 3507"}]},{"@type":"WebSite","@id":"https:\/\/sunward.eu\/#website","url":"https:\/\/sunward.eu\/","name":"Sunward Europe (Official Website for EU &amp; UK)","description":"The smart choice","publisher":{"@id":"https:\/\/sunward.eu\/#organization"},"potentialAction":[{"@type":"SearchAction","target":{"@type":"EntryPoint","urlTemplate":"https:\/\/sunward.eu\/?s={search_term_string}"},"query-input":"required name=search_term_string"}],"inLanguage":"fr-FR"},{"@type":"Organization","@id":"https:\/\/sunward.eu\/#organization","name":"Sunward Europe (Official Website for EU &amp; UK)","url":"https:\/\/sunward.eu\/","logo":{"@type":"ImageObject","inLanguage":"fr-FR","@id":"https:\/\/sunward.eu\/#\/schema\/logo\/image\/","url":"https:\/\/sunward.eu\/wp-content\/uploads\/2022\/01\/Website_Sunward_logo_top_180x63px.png","contentUrl":"https:\/\/sunward.eu\/wp-content\/uploads\/2022\/01\/Website_Sunward_logo_top_180x63px.png","width":180,"height":63,"caption":"Sunward Europe (Official Website for EU &amp; UK)"},"image":{"@id":"https:\/\/sunward.eu\/#\/schema\/logo\/image\/"}}]}},"_links":{"self":[{"href":"https:\/\/sunward.eu\/fr\/wp-json\/wp\/v2\/product\/3894","targetHints":{"allow":["GET"]}}],"collection":[{"href":"https:\/\/sunward.eu\/fr\/wp-json\/wp\/v2\/product"}],"about":[{"href":"https:\/\/sunward.eu\/fr\/wp-json\/wp\/v2\/types\/product"}],"replies":[{"embeddable":true,"href":"https:\/\/sunward.eu\/fr\/wp-json\/wp\/v2\/comments?post=3894"}],"wp:featuredmedia":[{"embeddable":true,"href":"https:\/\/sunward.eu\/fr\/wp-json\/wp\/v2\/media\/3922"}],"wp:attachment":[{"href":"https:\/\/sunward.eu\/fr\/wp-json\/wp\/v2\/media?parent=3894"}],"wp:term":[{"taxonomy":"product_cat","embeddable":true,"href":"https:\/\/sunward.eu\/fr\/wp-json\/wp\/v2\/product_cat?post=3894"},{"taxonomy":"product_tag","embeddable":true,"href":"https:\/\/sunward.eu\/fr\/wp-json\/wp\/v2\/product_tag?post=3894"}],"curies":[{"name":"wp","href":"https:\/\/api.w.org\/{rel}","templated":true}]}}