{"id":3838,"date":"2025-03-17T16:46:18","date_gmt":"2025-03-17T15:46:18","guid":{"rendered":"https:\/\/sunward.eu\/?post_type=product&#038;p=3838"},"modified":"2026-03-20T17:08:07","modified_gmt":"2026-03-20T16:08:07","slug":"swe-20f-1","status":"publish","type":"product","link":"https:\/\/sunward.eu\/fr\/produit\/swe-20f-1\/","title":{"rendered":"SWE 20F"},"content":{"rendered":"<div class=\"wpb-content-wrapper\"><p>[vc_row][vc_column][vc_tta_accordion style=&#8221;flat&#8221; c_icon=&#8221;chevron&#8221; c_position=&#8221;right&#8221; active_section=&#8221;1&#8243; no_fill=&#8221;true&#8221; el_class=&#8221;custom-accordion&#8221;][vc_tta_section title=&#8221;SP\u00c9CIFICATIONS&#8221; tab_id=&#8221;1623355628079-f58b5c44-7c4b&#8221;][vc_custom_heading text=&#8221;SUNWARD SWE 20F&#8221; font_container=&#8221;tag:h3|text_align:left&#8221; use_theme_fonts=&#8221;yes&#8221; css=&#8221;&#8221;][vc_column_text css=&#8221;&#8221;]<\/p>\n<p data-start=\"0\" data-end=\"363\">Le Sunward SWE 20F est une mini-pelle de nouvelle g\u00e9n\u00e9ration de 2 tonnes, con\u00e7ue pour offrir davantage de confort, de performance et d\u2019efficacit\u00e9 sur tous les chantiers. D\u00e9velopp\u00e9e pour r\u00e9pondre aux exigences des applications modernes, elle associe un design compact \u00e0 des fonctionnalit\u00e9s avanc\u00e9es afin de soutenir la productivit\u00e9 dans une large gamme de travaux.<\/p>\n<p data-start=\"365\" data-end=\"708\">Une cabine enti\u00e8rement repens\u00e9e et plus spacieuse offre une meilleure visibilit\u00e9, un niveau sonore r\u00e9duit et un environnement de travail plus confortable. Le si\u00e8ge \u00e0 suspension am\u00e9lior\u00e9 ainsi que l\u2019\u00e9cran num\u00e9rique moderne renforcent encore l\u2019exp\u00e9rience op\u00e9rateur, rendant les longues journ\u00e9es de travail plus efficaces et moins contraignantes.<\/p>\n<p data-start=\"710\" data-end=\"990\">La SWE 20F reste facile \u00e0 transporter et enti\u00e8rement conforme aux exigences de l\u2019UE. Son train de roulement extensible (de 990 mm \u00e0 1 320 mm) assure une excellente stabilit\u00e9, permettant \u00e0 la machine de travailler en toute confiance, m\u00eame sur des terrains irr\u00e9guliers ou exigeants.<\/p>\n<p data-start=\"992\" data-end=\"1185\">Conform\u00e9ment \u00e0 la philosophie de Sunward visant \u00e0 offrir un excellent rapport qualit\u00e9-prix, la SWE 20F est richement \u00e9quip\u00e9e de s\u00e9rie et propose un haut niveau de fonctionnalit\u00e9 sans compromis.<\/p>\n<p data-start=\"1187\" data-end=\"1559\">Con\u00e7ue dans un esprit de praticit\u00e9, la machine offre un acc\u00e8s facile pour la maintenance ainsi qu\u2019une compatibilit\u00e9 avec une large gamme d\u2019accessoires pour r\u00e9pondre \u00e0 diff\u00e9rentes applications. Qu\u2019elle soit utilis\u00e9e pour l\u2019am\u00e9nagement paysager, la construction urbaine ou les travaux de r\u00e9seaux, la SWE 20F garantit pr\u00e9cision, fiabilit\u00e9 et confort op\u00e9rateur \u00e0 chaque t\u00e2che.<\/p>\n<p data-start=\"1561\" data-end=\"1594\" data-is-last-node=\"\" data-is-only-node=\"\">D\u00e9couvrez-en plus sur la SWE 20F.<\/p>\n<p>[\/vc_column_text][vc_row_inner][vc_column_inner width=&#8221;1\/2&#8243;][vc_toggle title=&#8221;TYPE DE CABINE&#8221;]<\/p>\n<table width=\"1274\">\n<tbody>\n<tr>\n<td width=\"631\">Type de cabine<\/td>\n<td width=\"643\">Cabine ou canopy<\/td>\n<\/tr>\n<\/tbody>\n<\/table>\n<p>[\/vc_toggle][vc_toggle title=&#8221;DIMENSIONS&#8221; css=&#8221;&#8221;]<\/p>\n<table width=\"1274\">\n<tbody>\n<tr>\n<td width=\"631\">Poids op\u00e9rationnel<\/td>\n<td width=\"643\">1 910 kg<\/td>\n<\/tr>\n<tr>\n<td width=\"631\">Capacit\u00e9 du godet standard<\/td>\n<td>0.035 m\u00b3<\/td>\n<\/tr>\n<tr>\n<td width=\"631\">Longueur de transport<\/td>\n<td>3\u2009840 mm<\/td>\n<\/tr>\n<tr>\n<td width=\"631\">Largeur de transport<\/td>\n<td>990 mm<\/td>\n<\/tr>\n<tr>\n<td width=\"631\">Hauteur au-dessus du toit de la cabine<\/td>\n<td>2 360 mm<\/td>\n<\/tr>\n<\/tbody>\n<\/table>\n<p>[\/vc_toggle][vc_toggle title=&#8221;MOTEUR&#8221; css=&#8221;&#8221;]<\/p>\n<table width=\"1274\">\n<tbody>\n<tr>\n<td width=\"631\">Mod\u00e8le<\/td>\n<td width=\"643\">Yanmar 3TNV80F-SSU<\/td>\n<\/tr>\n<tr>\n<td>Norme antipollution<\/td>\n<td>UE Phase V (EU Stage V)<\/td>\n<\/tr>\n<tr>\n<td>Cylindr\u00e9e<\/td>\n<td>1.267 L<\/td>\n<\/tr>\n<tr>\n<td>Puissance de sortie nominale<\/td>\n<td>13.4 kW<\/td>\n<\/tr>\n<\/tbody>\n<\/table>\n<p>[\/vc_toggle][vc_toggle title=&#8221;SYST\u00c8ME HYDRAULIQUE&#8221; css=&#8221;&#8221;]<\/p>\n<table width=\"1274\">\n<tbody>\n<tr>\n<td width=\"631\">Type<\/td>\n<td width=\"643\">2 pompes \u00e0 d\u00e9bit variable \u00e0 pistons + 1 pompe \u00e0 engrenages + 1 pompe pilote \u00e0 engrenages<\/td>\n<\/tr>\n<tr>\n<td>Cylindr\u00e9e<\/td>\n<td>2 * 21 + +13 + +6 l\/min<\/td>\n<\/tr>\n<tr>\n<td>Pression hydraulique<\/td>\n<td>21 \/ 19 Mpa<\/td>\n<\/tr>\n<\/tbody>\n<\/table>\n<p>[\/vc_toggle][vc_toggle title=&#8221;ENVELOPPE DE TRAVAIL&#8221; css=&#8221;&#8221;]<\/p>\n<table width=\"1274\">\n<tbody>\n<tr>\n<td width=\"631\">Profondeur de fouille max.<\/td>\n<td width=\"643\">2 260 mm<\/td>\n<\/tr>\n<tr>\n<td>Port\u00e9e de fouille max.<\/td>\n<td>4 075 mm<\/td>\n<\/tr>\n<tr>\n<td>Force de fouille max. du godet<\/td>\n<td>21 kN<\/td>\n<\/tr>\n<tr>\n<td>Force de fouille max. du balancier<\/td>\n<td>9.8 kN<\/td>\n<\/tr>\n<\/tbody>\n<\/table>\n<p>[\/vc_toggle][\/vc_column_inner][vc_column_inner width=&#8221;1\/2&#8243;][\/vc_column_inner][\/vc_row_inner][\/vc_tta_section][vc_tta_section title=&#8221;FONCTIONNALIT\u00c9S ET ATOUTS&#8221; tab_id=&#8221;1623355710952-d36b50a3-81ed&#8221;][vc_row_inner][vc_column_inner width=&#8221;1\/4&#8243;][vc_single_image image=&#8221;1070&#8243; img_size=&#8221;medium&#8221;][\/vc_column_inner][vc_column_inner width=&#8221;3\/4&#8243;][vc_custom_heading text=&#8221;CON\u00c7UE POUR L\u2019EUROPE&#8221; font_container=&#8221;tag:h3|text_align:left&#8221; use_theme_fonts=&#8221;yes&#8221;][vc_column_text]Outre sa certification CE, la Sunward SWE\u00a020F, comme toutes les machines Sunward destin\u00e9es au march\u00e9 europ\u00e9en, est sp\u00e9cifiquement con\u00e7ue pour r\u00e9pondre aux besoins des clients europ\u00e9ens.[\/vc_column_text][\/vc_column_inner][\/vc_row_inner][vc_separator][vc_row_inner][vc_column_inner width=&#8221;1\/4&#8243;][vc_single_image image=&#8221;1080&#8243; img_size=&#8221;medium&#8221;][\/vc_column_inner][vc_column_inner width=&#8221;3\/4&#8243;][vc_custom_heading text=&#8221;UN MOTEUR PUISSANT ET FIABLE&#8221; font_container=&#8221;tag:h3|text_align:left&#8221; use_theme_fonts=&#8221;yes&#8221;][vc_column_text css=&#8221;&#8221;]Nous avons choisi le puissant moteur Yanmar 3TNV80F-SSU pour la nouvelle SWE 20F, r\u00e9put\u00e9 pour sa faible consommation de carburant, son fonctionnement silencieux et ses performances constantes, m\u00eame en haute altitude ou dans des environnements exigeants. D\u00e9veloppant 13.4 kW, ce moteur diesel industriel compact est conforme aux normes europ\u00e9ennes Stage V et EPA Final Tier 4. Parfaitement adapt\u00e9 au syst\u00e8me hydraulique avanc\u00e9 de Sunward, il assure un fonctionnement fluide et r\u00e9actif dans toutes les applications, ce qui en fait le moteur id\u00e9al pour cette mini-pelle hautes performances de nouvelle g\u00e9n\u00e9ration.[\/vc_column_text][\/vc_column_inner][\/vc_row_inner][vc_separator][vc_row_inner][vc_column_inner width=&#8221;1\/4&#8243;][vc_single_image image=&#8221;1091&#8243; img_size=&#8221;medium&#8221;][\/vc_column_inner][vc_column_inner width=&#8221;3\/4&#8243;][vc_custom_heading text=&#8221;DES COMPOSANTS HAUT DE GAMME&#8221; font_container=&#8221;tag:h3|text_align:left&#8221; use_theme_fonts=&#8221;yes&#8221;][vc_column_text css=&#8221;&#8221;]Tous les composants cl\u00e9s du nouveau Sunward SWE 20F sont soigneusement s\u00e9lectionn\u00e9s afin de garantir des performances maximales et une durabilit\u00e9 optimale \u2014 du moteur fiable au syst\u00e8me hydraulique \u00e0 haut rendement. Puisque l\u2019hydraulique est le c\u0153ur de toute pelle, Sunward fait appel \u00e0 des fabricants haut de gamme pour la pompe hydraulique, le moteur de rotation et le moteur de translation. Reconnus pour leur conception compacte, leur fiabilit\u00e9 et leur efficacit\u00e9, ces composants assurent un contr\u00f4le fluide et r\u00e9actif, et jouent un r\u00f4le essentiel dans les performances exceptionnelles et la fiabilit\u00e9 \u00e0 long terme du SWE 20F.[\/vc_column_text][\/vc_column_inner][\/vc_row_inner][vc_separator][vc_row_inner][vc_column_inner width=&#8221;1\/4&#8243;][vc_single_image image=&#8221;1132&#8243; img_size=&#8221;medium&#8221;][\/vc_column_inner][vc_column_inner width=&#8221;3\/4&#8243;][vc_custom_heading text=&#8221;STABLE ET ADAPTABLE&#8221; font_container=&#8221;tag:h3|text_align:left&#8221; use_theme_fonts=&#8221;yes&#8221;][vc_column_text css=&#8221;&#8221;]Avec son ch\u00e2ssis inf\u00e9rieur \u00e0 voie variable (990 mm \u00e0 1 360 mm), la SWE20F offre une excellente stabilit\u00e9 qui garantit un travail confortable et s\u00fbr en toutes conditions. Avec le ch\u00e2ssis r\u00e9tract\u00e9, elle peut franchir des passages \u00e9troits puis, avec le ch\u00e2ssis \u00e9tendu, offrir une stabilit\u00e9 maximale pour les op\u00e9rations de levage ou d&#8217;excavation.[\/vc_column_text][\/vc_column_inner][\/vc_row_inner][vc_separator][vc_row_inner][vc_column_inner width=&#8221;1\/4&#8243;][vc_single_image image=&#8221;1076&#8243; img_size=&#8221;medium&#8221;][\/vc_column_inner][vc_column_inner width=&#8221;3\/4&#8243;][vc_custom_heading text=&#8221;UNE ENVELOPPE DE TRAVAIL \u00c9TENDUE&#8221; font_container=&#8221;tag:h3|text_align:left&#8221; use_theme_fonts=&#8221;yes&#8221;][vc_column_text css=&#8221;&#8221;]Avec ses forces de fouille exceptionnelles (plus de 21 kN au godet et 9.8 kN au balancier), la SWE 20F concurrence ais\u00e9ment les autres pelles de 2 tonnes du march\u00e9. Et en mati\u00e8re de port\u00e9e d&#8217;excavation, la conception du v\u00e9rin de fl\u00e8che de la SWE 20F-1 lui permet d&#8217;offrir une port\u00e9e de plus de 1 m (1 150 mm).[\/vc_column_text][\/vc_column_inner][\/vc_row_inner][vc_separator][vc_row_inner][vc_column_inner width=&#8221;1\/4&#8243;][vc_single_image image=&#8221;1079&#8243; img_size=&#8221;medium&#8221;][\/vc_column_inner][vc_column_inner width=&#8221;3\/4&#8243;][vc_custom_heading text=&#8221;PR\u00caTE POUR DE MULTIPLES APPLICATIONS&#8221; font_container=&#8221;tag:h3|text_align:left&#8221; use_theme_fonts=&#8221;yes&#8221;][vc_column_text css=&#8221;&#8221;]La polyvalence d&#8217;une mini-pelle commence par sa facilit\u00e9 de transport, et la nouvelle SWE 20F va au-del\u00e0 des normes de transport europ\u00e9ennes. Avec une largeur compacte de seulement 990 mm et un poids de transport de 1 910 kg, elle est id\u00e9ale pour le chargement sur une petite remorque, avec jusqu&#8217;\u00e0 3 godets et un marteau hydraulique, pour un poids total de transport proche de 2 tonnes. \u00c9quip\u00e9e d&#8217;un verrouillage automatique de la rotation et de 4 points d&#8217;arrimage facilement accessibles int\u00e9gr\u00e9s au ch\u00e2ssis, elle garantit un transport s\u00fbr et s\u00e9curis\u00e9. Sur chantier, la SWE 20F s&#8217;adapte sans effort \u00e0 de multiples t\u00e2ches gr\u00e2ce \u00e0 ses 3 conduites hydrauliques auxiliaires de s\u00e9rie \u2013 une caract\u00e9ristique rare dans cette cat\u00e9gorie \u2013 avec r\u00e9glages de pression et de d\u00e9bit r\u00e9glables. Elle est ainsi compatible avec une large gamme d&#8217;accessoires, des marteaux-piqueurs aux tari\u00e8res en passant par les godets inclinables et les grappins, d\u00e8s la sortie d&#8217;usine.[\/vc_column_text][\/vc_column_inner][\/vc_row_inner][vc_separator][vc_row_inner][vc_column_inner width=&#8221;1\/4&#8243;][vc_single_image image=&#8221;1071&#8243; img_size=&#8221;medium&#8221;][\/vc_column_inner][vc_column_inner width=&#8221;3\/4&#8243;][vc_custom_heading text=&#8221;LE MEILLEUR RAPPORT QUALIT\u00c9-PRIX&#8221; font_container=&#8221;tag:h3|text_align:left&#8221; use_theme_fonts=&#8221;yes&#8221;][vc_column_text css=&#8221;&#8221;]Sunward est le meilleur investissement en termes de fiabilit\u00e9, de performances et un retour sur investissement \u00e9lev\u00e9. En effet, la conception soigneusement \u00e9tudi\u00e9e de la SWE 20F inclut une s\u00e9lection bien \u00e9tudi\u00e9e de composants qui facilitent l&#8217;utilisation et l&#8217;entretien de la machine. Les choix que nous avons faits nous permettent de vous offrir une machine \u00e0 l&#8217;\u00e9quipement standard sans \u00e9gal, avec des composants de premi\u00e8re qualit\u00e9 et des performances de haut niveau&#8230;. \u00e0 un prix tr\u00e8s abordable.<br \/>\nEn outre, les pi\u00e8ces d\u00e9tach\u00e9es Sunward sont, elles aussi, tr\u00e8s \u00e9conomiques, sans parler de la garantie standard de 5 ans accompagnant tous les produits Sunward, qui compl\u00e8te l&#8217;offre en beaut\u00e9.[\/vc_column_text][\/vc_column_inner][\/vc_row_inner][\/vc_tta_section][vc_tta_section title=&#8221;VID\u00c9O&#8221; tab_id=&#8221;1623857706491-8aa3a03f-cca1&#8243;][vc_video link=&#8221;https:\/\/youtu.be\/WGf3YOsSiAs&#8221;][\/vc_tta_section][vc_tta_section title=&#8221;BROCHURE&#8221; tab_id=&#8221;1623857795794-8fd5289e-c5a3&#8243;][vc_row_inner content_placement=&#8221;middle&#8221;][vc_column_inner width=&#8221;1\/4&#8243;][vc_single_image image=&#8221;4585&#8243; img_size=&#8221;large&#8221; css=&#8221;&#8221;][\/vc_column_inner][vc_column_inner width=&#8221;3\/4&#8243;][vc_custom_heading text=&#8221;BROCHURE PRODUIT&#8221; font_container=&#8221;tag:h3|text_align:left&#8221; use_theme_fonts=&#8221;yes&#8221;][vc_btn title=&#8221;T\u00c9L\u00c9CHARGEMENT&#8221; color=&#8221;orange&#8221; size=&#8221;lg&#8221; css=&#8221;&#8221; link=&#8221;url:https%3A%2F%2Fsunward.eu%2Fwp-content%2Fuploads%2F2026%2F03%2FSUNWARD_SWE-20F_03.2026_FINAL_HR_FR.pdf|title:Sunward%20SWE%2020F%20Product%20Brochure|target:_blank&#8221;][\/vc_column_inner][\/vc_row_inner][\/vc_tta_section][\/vc_tta_accordion][\/vc_column][\/vc_row]<\/p>\n<\/div>","protected":false},"excerpt":{"rendered":"<p>La Sunward SWE 20F est \u00e9quip\u00e9e d\u2019une cabine enti\u00e8rement repens\u00e9e et plus spacieuse, offrant un meilleur confort et un contr\u00f4le optimis\u00e9. Compacte, puissante et facile \u00e0 transporter, elle garantit des performances fiables, une excellente stabilit\u00e9 et la s\u00e9curit\u00e9 de l\u2019op\u00e9rateur dans toutes les conditions de travail. [&#8230;]<\/p>\n<p><a class=\"btn btn-secondary understrap-read-more-link\" href=\"https:\/\/sunward.eu\/fr\/produit\/swe-20f-1\/\">Lire la suite&#8230;<\/a><\/p>\n","protected":false},"featured_media":4049,"comment_status":"closed","ping_status":"closed","template":"","meta":{"_acf_changed":false,"inline_featured_image":false},"product_cat":[26,37],"product_tag":[],"class_list":{"0":"post-3838","1":"product","2":"type-product","3":"status-publish","4":"has-post-thumbnail","6":"product_cat-excavators","7":"product_cat-mini-excavators","8":"pa_emission-rating-eu-stage-5","9":"pa_max-digging-depth-2-260-mm","10":"pa_operating-weight-1910-kg","11":"pa_power-output-13-4-kw","12":"pa_width-123-321-mm","14":"first","15":"instock","16":"shipping-taxable","17":"product-type-simple"},"translation":{"provider":"WPGlobus","version":"2.12.2","language":"fr","enabled_languages":["en","de","fr","it"],"languages":{"en":{"title":true,"content":true,"excerpt":true},"de":{"title":true,"content":true,"excerpt":true},"fr":{"title":true,"content":true,"excerpt":true},"it":{"title":true,"content":true,"excerpt":true}}},"acf":[],"yoast_head":"<!-- This site is optimized with the Yoast SEO plugin v22.6 - https:\/\/yoast.com\/wordpress\/plugins\/seo\/ -->\n<title>SWE 20F - Sunward Europe (Official Website for EU &amp; UK)<\/title>\n<meta name=\"robots\" content=\"index, follow, max-snippet:-1, max-image-preview:large, max-video-preview:-1\" \/>\n<link rel=\"canonical\" href=\"https:\/\/sunward.eu\/product\/swe-20f-1\/\" \/>\n<meta property=\"og:locale\" content=\"fr_FR\" \/>\n<meta property=\"og:type\" content=\"article\" \/>\n<meta property=\"og:title\" content=\"SWE 20F - Sunward Europe (Official Website for EU &amp; UK)\" \/>\n<meta property=\"og:url\" content=\"https:\/\/sunward.eu\/product\/swe-20f-1\/\" \/>\n<meta property=\"og:site_name\" content=\"Sunward Europe (Official Website for EU &amp; UK)\" \/>\n<meta property=\"article:modified_time\" content=\"2026-03-20T16:08:07+00:00\" \/>\n<meta property=\"og:image\" content=\"https:\/\/sunward.eu\/wp-content\/uploads\/2025\/03\/SWE-20F-1-MAIN.png\" \/>\n\t<meta property=\"og:image:width\" content=\"1000\" \/>\n\t<meta property=\"og:image:height\" content=\"1000\" \/>\n\t<meta property=\"og:image:type\" content=\"image\/png\" \/>\n<meta name=\"twitter:card\" content=\"summary_large_image\" \/>\n<meta name=\"twitter:label1\" content=\"Est. reading time\" \/>\n\t<meta name=\"twitter:data1\" content=\"5 minutes\" \/>\n<script type=\"application\/ld+json\" class=\"yoast-schema-graph\">{\"@context\":\"https:\/\/schema.org\",\"@graph\":[{\"@type\":\"WebPage\",\"@id\":\"https:\/\/sunward.eu\/product\/swe-20f-1\/\",\"url\":\"https:\/\/sunward.eu\/product\/swe-20f-1\/\",\"name\":\"SWE 20F - Sunward Europe (Official Website for EU &amp; UK)\",\"isPartOf\":{\"@id\":\"https:\/\/sunward.eu\/#website\"},\"primaryImageOfPage\":{\"@id\":\"https:\/\/sunward.eu\/product\/swe-20f-1\/#primaryimage\"},\"image\":{\"@id\":\"https:\/\/sunward.eu\/product\/swe-20f-1\/#primaryimage\"},\"thumbnailUrl\":\"https:\/\/sunward.eu\/wp-content\/uploads\/2025\/03\/SWE-20F-1-MAIN.png\",\"datePublished\":\"2025-03-17T15:46:18+00:00\",\"dateModified\":\"2026-03-20T16:08:07+00:00\",\"breadcrumb\":{\"@id\":\"https:\/\/sunward.eu\/product\/swe-20f-1\/#breadcrumb\"},\"inLanguage\":\"fr-FR\",\"potentialAction\":[{\"@type\":\"ReadAction\",\"target\":[\"https:\/\/sunward.eu\/product\/swe-20f-1\/\"]}]},{\"@type\":\"ImageObject\",\"inLanguage\":\"fr-FR\",\"@id\":\"https:\/\/sunward.eu\/product\/swe-20f-1\/#primaryimage\",\"url\":\"https:\/\/sunward.eu\/wp-content\/uploads\/2025\/03\/SWE-20F-1-MAIN.png\",\"contentUrl\":\"https:\/\/sunward.eu\/wp-content\/uploads\/2025\/03\/SWE-20F-1-MAIN.png\",\"width\":1000,\"height\":1000,\"caption\":\"Sunward SWE 20F-1\"},{\"@type\":\"BreadcrumbList\",\"@id\":\"https:\/\/sunward.eu\/product\/swe-20f-1\/#breadcrumb\",\"itemListElement\":[{\"@type\":\"ListItem\",\"position\":1,\"name\":\"Home\",\"item\":\"https:\/\/sunward.eu\/\"},{\"@type\":\"ListItem\",\"position\":2,\"name\":\"Products\",\"item\":\"https:\/\/sunward.eu\/shop\/\"},{\"@type\":\"ListItem\",\"position\":3,\"name\":\"Excavators\",\"item\":\"https:\/\/sunward.eu\/product-category\/excavators\/\"},{\"@type\":\"ListItem\",\"position\":4,\"name\":\"SWE 20F\"}]},{\"@type\":\"WebSite\",\"@id\":\"https:\/\/sunward.eu\/#website\",\"url\":\"https:\/\/sunward.eu\/\",\"name\":\"Sunward Europe (Official Website for EU &amp; UK)\",\"description\":\"The smart choice\",\"publisher\":{\"@id\":\"https:\/\/sunward.eu\/#organization\"},\"potentialAction\":[{\"@type\":\"SearchAction\",\"target\":{\"@type\":\"EntryPoint\",\"urlTemplate\":\"https:\/\/sunward.eu\/?s={search_term_string}\"},\"query-input\":\"required name=search_term_string\"}],\"inLanguage\":\"fr-FR\"},{\"@type\":\"Organization\",\"@id\":\"https:\/\/sunward.eu\/#organization\",\"name\":\"Sunward Europe (Official Website for EU &amp; UK)\",\"url\":\"https:\/\/sunward.eu\/\",\"logo\":{\"@type\":\"ImageObject\",\"inLanguage\":\"fr-FR\",\"@id\":\"https:\/\/sunward.eu\/#\/schema\/logo\/image\/\",\"url\":\"https:\/\/sunward.eu\/wp-content\/uploads\/2022\/01\/Website_Sunward_logo_top_180x63px.png\",\"contentUrl\":\"https:\/\/sunward.eu\/wp-content\/uploads\/2022\/01\/Website_Sunward_logo_top_180x63px.png\",\"width\":180,\"height\":63,\"caption\":\"Sunward Europe (Official Website for EU &amp; UK)\"},\"image\":{\"@id\":\"https:\/\/sunward.eu\/#\/schema\/logo\/image\/\"}}]}<\/script>\n<!-- \/ Yoast SEO plugin. -->","yoast_head_json":{"title":"SWE 20F - Sunward Europe (Official Website for EU &amp; UK)","robots":{"index":"index","follow":"follow","max-snippet":"max-snippet:-1","max-image-preview":"max-image-preview:large","max-video-preview":"max-video-preview:-1"},"canonical":"https:\/\/sunward.eu\/product\/swe-20f-1\/","og_locale":"fr_FR","og_type":"article","og_title":"SWE 20F - Sunward Europe (Official Website for EU &amp; UK)","og_url":"https:\/\/sunward.eu\/product\/swe-20f-1\/","og_site_name":"Sunward Europe (Official Website for EU &amp; UK)","article_modified_time":"2026-03-20T16:08:07+00:00","og_image":[{"width":1000,"height":1000,"url":"https:\/\/sunward.eu\/wp-content\/uploads\/2025\/03\/SWE-20F-1-MAIN.png","type":"image\/png"}],"twitter_card":"summary_large_image","twitter_misc":{"Est. reading time":"5 minutes"},"schema":{"@context":"https:\/\/schema.org","@graph":[{"@type":"WebPage","@id":"https:\/\/sunward.eu\/product\/swe-20f-1\/","url":"https:\/\/sunward.eu\/product\/swe-20f-1\/","name":"SWE 20F - Sunward Europe (Official Website for EU &amp; UK)","isPartOf":{"@id":"https:\/\/sunward.eu\/#website"},"primaryImageOfPage":{"@id":"https:\/\/sunward.eu\/product\/swe-20f-1\/#primaryimage"},"image":{"@id":"https:\/\/sunward.eu\/product\/swe-20f-1\/#primaryimage"},"thumbnailUrl":"https:\/\/sunward.eu\/wp-content\/uploads\/2025\/03\/SWE-20F-1-MAIN.png","datePublished":"2025-03-17T15:46:18+00:00","dateModified":"2026-03-20T16:08:07+00:00","breadcrumb":{"@id":"https:\/\/sunward.eu\/product\/swe-20f-1\/#breadcrumb"},"inLanguage":"fr-FR","potentialAction":[{"@type":"ReadAction","target":["https:\/\/sunward.eu\/product\/swe-20f-1\/"]}]},{"@type":"ImageObject","inLanguage":"fr-FR","@id":"https:\/\/sunward.eu\/product\/swe-20f-1\/#primaryimage","url":"https:\/\/sunward.eu\/wp-content\/uploads\/2025\/03\/SWE-20F-1-MAIN.png","contentUrl":"https:\/\/sunward.eu\/wp-content\/uploads\/2025\/03\/SWE-20F-1-MAIN.png","width":1000,"height":1000,"caption":"Sunward SWE 20F-1"},{"@type":"BreadcrumbList","@id":"https:\/\/sunward.eu\/product\/swe-20f-1\/#breadcrumb","itemListElement":[{"@type":"ListItem","position":1,"name":"Home","item":"https:\/\/sunward.eu\/"},{"@type":"ListItem","position":2,"name":"Products","item":"https:\/\/sunward.eu\/shop\/"},{"@type":"ListItem","position":3,"name":"Excavators","item":"https:\/\/sunward.eu\/product-category\/excavators\/"},{"@type":"ListItem","position":4,"name":"SWE 20F"}]},{"@type":"WebSite","@id":"https:\/\/sunward.eu\/#website","url":"https:\/\/sunward.eu\/","name":"Sunward Europe (Official Website for EU &amp; UK)","description":"The smart choice","publisher":{"@id":"https:\/\/sunward.eu\/#organization"},"potentialAction":[{"@type":"SearchAction","target":{"@type":"EntryPoint","urlTemplate":"https:\/\/sunward.eu\/?s={search_term_string}"},"query-input":"required name=search_term_string"}],"inLanguage":"fr-FR"},{"@type":"Organization","@id":"https:\/\/sunward.eu\/#organization","name":"Sunward Europe (Official Website for EU &amp; UK)","url":"https:\/\/sunward.eu\/","logo":{"@type":"ImageObject","inLanguage":"fr-FR","@id":"https:\/\/sunward.eu\/#\/schema\/logo\/image\/","url":"https:\/\/sunward.eu\/wp-content\/uploads\/2022\/01\/Website_Sunward_logo_top_180x63px.png","contentUrl":"https:\/\/sunward.eu\/wp-content\/uploads\/2022\/01\/Website_Sunward_logo_top_180x63px.png","width":180,"height":63,"caption":"Sunward Europe (Official Website for EU &amp; UK)"},"image":{"@id":"https:\/\/sunward.eu\/#\/schema\/logo\/image\/"}}]}},"_links":{"self":[{"href":"https:\/\/sunward.eu\/fr\/wp-json\/wp\/v2\/product\/3838","targetHints":{"allow":["GET"]}}],"collection":[{"href":"https:\/\/sunward.eu\/fr\/wp-json\/wp\/v2\/product"}],"about":[{"href":"https:\/\/sunward.eu\/fr\/wp-json\/wp\/v2\/types\/product"}],"replies":[{"embeddable":true,"href":"https:\/\/sunward.eu\/fr\/wp-json\/wp\/v2\/comments?post=3838"}],"wp:featuredmedia":[{"embeddable":true,"href":"https:\/\/sunward.eu\/fr\/wp-json\/wp\/v2\/media\/4049"}],"wp:attachment":[{"href":"https:\/\/sunward.eu\/fr\/wp-json\/wp\/v2\/media?parent=3838"}],"wp:term":[{"taxonomy":"product_cat","embeddable":true,"href":"https:\/\/sunward.eu\/fr\/wp-json\/wp\/v2\/product_cat?post=3838"},{"taxonomy":"product_tag","embeddable":true,"href":"https:\/\/sunward.eu\/fr\/wp-json\/wp\/v2\/product_tag?post=3838"}],"curies":[{"name":"wp","href":"https:\/\/api.w.org\/{rel}","templated":true}]}}