{"id":3694,"date":"2024-10-08T11:47:33","date_gmt":"2024-10-08T09:47:33","guid":{"rendered":"https:\/\/sunward.eu\/?post_type=product&#038;p=3694"},"modified":"2025-03-25T10:46:28","modified_gmt":"2025-03-25T09:46:28","slug":"swa-16j","status":"publish","type":"product","link":"https:\/\/sunward.eu\/fr\/produit\/swa-16j\/","title":{"rendered":"SWA 16J"},"content":{"rendered":"<div class=\"wpb-content-wrapper\"><p>[vc_row][vc_column][vc_tta_accordion style=&#8221;flat&#8221; c_icon=&#8221;chevron&#8221; c_position=&#8221;right&#8221; active_section=&#8221;1&#8243; no_fill=&#8221;true&#8221; el_class=&#8221;custom-accordion&#8221;][vc_tta_section title=&#8221;SP\u00c9CIFICATIONS G\u00c9N\u00c9RALES&#8221; tab_id=&#8221;1623355628079-f58b5c44-7c4b&#8221;][vc_custom_heading text=&#8221;SUNWARD SWA 16J&#8221; font_container=&#8221;tag:h3|text_align:left&#8221; use_theme_fonts=&#8221;yes&#8221; css=&#8221;&#8221;][vc_column_text css=&#8221;&#8221;]Si vous \u00eates \u00e0 la recherche d&#8217;un nacelle articul\u00e9e \u00e0 bras t\u00e9l\u00e9scopique, la Sunward SWA 16J est un choix \u00e9vident. Cette machine polyvalente offre d&#8217;excellentes performances, des caract\u00e9ristiques de s\u00e9curit\u00e9 sup\u00e9rieures et une durabilit\u00e9 exceptionnelle, ce qui en fait la solution parfaite pour une large gamme d&#8217;applications.<\/p>\n<p>Les capacit\u00e9s tout-terrain de la SWA 16J lui permettent de travailler sur une grande vari\u00e9t\u00e9 de surfaces, du b\u00e9ton lisse aux terrains ext\u00e9rieurs accident\u00e9s, ce qui lui conf\u00e8re la polyvalence n\u00e9cessaire pour s&#8217;attaquer \u00e0 n&#8217;importe quel travail. En outre, sa conception compacte facilite les man\u0153uvres dans les espaces restreints, ce qui la rend id\u00e9ale pour les zones encombr\u00e9es.<\/p>\n<p>Outre ses performances exceptionnelles, la SWA 16J est con\u00e7ue pour faciliter l&#8217;entretien, minimiser les temps d&#8217;arr\u00eat et maximiser la productivit\u00e9. En outre, son faible co\u00fbt total de possession fait de cette machine un investissement intelligent et rentable qui vous apportera des avantages pendant de nombreuses ann\u00e9es.<\/p>\n<p>Plus important encore, la SWA 16J donne la priorit\u00e9 \u00e0 la s\u00e9curit\u00e9. Ses fonctions de s\u00e9curit\u00e9 avanc\u00e9es, notamment le syst\u00e8me anti-basculement et la soupape d&#8217;abaissement d&#8217;urgence, garantissent la tranquillit\u00e9 d&#8217;esprit des op\u00e9rateurs et des passants. Avec le SWA 16JE, vous pouvez vous concentrer sur la t\u00e2che \u00e0 accomplir, en sachant que vous disposez d&#8217;une machine fiable, s\u00fbre et efficace.<\/p>\n<p>Si vous cherchez \u00e0 travailler plus intelligemment et non plus durement, optez pour la nacelle articul\u00e9e SWA 16JE de Sunward &#8211; le choix intelligent pour n&#8217;importe quelle t\u00e2che.<\/p>\n<p>D\u00e9couvrez tous les autres avantages du Sunward SWA 16J.[\/vc_column_text][vc_row_inner][vc_column_inner width=&#8221;1\/2&#8243;][vc_toggle title=&#8221;SP\u00c9CIFICATIONS RELATIVES \u00c0 LA PORT\u00c9E&#8221; css=&#8221;&#8221;]<\/p>\n<table width=\"655\">\n<tbody>\n<tr>\n<td width=\"417\">Hauteur max. de la nacelle<\/td>\n<td width=\"238\">14 m<\/td>\n<\/tr>\n<tr>\n<td width=\"417\">Hauteur de travail max.<\/td>\n<td>16 m<\/td>\n<\/tr>\n<tr>\n<td width=\"417\">D\u00e9port de travail max.<\/td>\n<td>8.02 m<\/td>\n<\/tr>\n<tr>\n<td width=\"417\">Hauteur \u00e0 d\u00e9port de travail max.<\/td>\n<td>7.6 m<\/td>\n<\/tr>\n<\/tbody>\n<\/table>\n<p>[\/vc_toggle][vc_toggle title=&#8221;MOTEUR&#8221; css=&#8221;&#8221;]<\/p>\n<table width=\"655\">\n<tbody>\n<tr>\n<td width=\"417\">Mod\u00e8le<\/td>\n<td width=\"238\">Kubota v2403<\/td>\n<\/tr>\n<tr>\n<td width=\"417\">Puissance du moteur<\/td>\n<td>47.9 kW<\/td>\n<\/tr>\n<tr>\n<td width=\"417\">R\u00e9gime de puissance du moteur<\/td>\n<td>2 700 rpm<\/td>\n<\/tr>\n<tr>\n<td width=\"417\"><\/td>\n<td><\/td>\n<\/tr>\n<\/tbody>\n<\/table>\n<p>[\/vc_toggle][vc_toggle title=&#8221;DIMENSIONS&#8221; css=&#8221;&#8221;]<\/p>\n<table width=\"655\">\n<tbody>\n<tr>\n<td width=\"417\">Longueur &#8211; repli\u00e9e<\/td>\n<td width=\"238\">6.93 m<\/td>\n<\/tr>\n<tr>\n<td>Hauteur &#8211; r\u00e9tract\u00e9<\/td>\n<td>2.17 m<\/td>\n<\/tr>\n<tr>\n<td>Largeur hors tout<\/td>\n<td>2.3 m<\/td>\n<\/tr>\n<tr>\n<td>Garde au sol &#8211; milieu<\/td>\n<td>0.35 m<\/td>\n<\/tr>\n<tr>\n<td>Longueur du panier<\/td>\n<td>1.83 m<\/td>\n<\/tr>\n<\/tbody>\n<\/table>\n<p>[\/vc_toggle][vc_toggle title=&#8221;PERFORMANCES&#8221; css=&#8221;&#8221;]<\/p>\n<table width=\"655\">\n<tbody>\n<tr>\n<td width=\"417\">Rotation de la plateforme<\/td>\n<td width=\"238\">160\u00b0<\/td>\n<\/tr>\n<tr>\n<td>Vitesse de translation (repli\u00e9e)<\/td>\n<td>6.8 km\/h<\/td>\n<\/tr>\n<tr>\n<td>Vitesse de translation (d\u00e9ploy\u00e9e)<\/td>\n<td>0.8 km\/h<\/td>\n<\/tr>\n<tr>\n<td>Rayon de giration (int\u00e9rieur\/ext\u00e9rieur)<\/td>\n<td>2.09 m \/ 4.98 m<\/td>\n<\/tr>\n<tr>\n<td>Franchissement de pente &#8211; 4 roues motrices &#8211; repli\u00e9e<\/td>\n<td>45%<\/td>\n<\/tr>\n<tr>\n<td>Angle de travail max.<\/td>\n<td>5<\/td>\n<\/tr>\n<\/tbody>\n<\/table>\n<p>[\/vc_toggle][\/vc_column_inner][vc_column_inner width=&#8221;1\/2&#8243;][\/vc_column_inner][\/vc_row_inner][\/vc_tta_section][vc_tta_section title=&#8221;FONCTIONNALIT\u00c9S ET ATOUTS&#8221; tab_id=&#8221;1623355710952-d36b50a3-81ed&#8221;][vc_row_inner][vc_column_inner width=&#8221;1\/4&#8243;][vc_single_image image=&#8221;1070&#8243; img_size=&#8221;medium&#8221;][\/vc_column_inner][vc_column_inner width=&#8221;3\/4&#8243;][vc_custom_heading text=&#8221;CONSTRUITE POUR L\u2019EUROPE&#8221; font_container=&#8221;tag:h3|text_align:left&#8221; use_theme_fonts=&#8221;yes&#8221; css=&#8221;&#8221;][vc_column_text css=&#8221;&#8221;]Outre sa certification europ\u00e9enne, la Sunward SWA 16J, comme toutes les machines Sunward pr\u00e9sentes sur le march\u00e9 europ\u00e9en, est con\u00e7ue pour r\u00e9pondre aux besoins des clients europ\u00e9ens.[\/vc_column_text][\/vc_column_inner][\/vc_row_inner][vc_row_inner][vc_column_inner width=&#8221;1\/4&#8243;][vc_single_image image=&#8221;1205&#8243; img_size=&#8221;medium&#8221;][\/vc_column_inner][vc_column_inner width=&#8221;3\/4&#8243;][vc_custom_heading text=&#8221;LA S\u00c9CURIT\u00c9 AVANT TOUT&#8221; font_container=&#8221;tag:h3|text_align:left&#8221; use_theme_fonts=&#8221;yes&#8221; css=&#8221;&#8221;][vc_column_text css=&#8221;&#8221;]Le SWA 16J donne la priorit\u00e9 \u00e0 la s\u00e9curit\u00e9.<\/p>\n<p>\u00c9quip\u00e9e de dispositifs de s\u00e9curit\u00e9 avanc\u00e9s tels que le syst\u00e8me anti-basculement et la soupape d&#8217;abaissement d&#8217;urgence, elle garantit la tranquillit\u00e9 d&#8217;esprit des op\u00e9rateurs et des passants. Avec le SWA 16J, vous pouvez vous concentrer sur la t\u00e2che \u00e0 accomplir, sachant que vous disposez d&#8217;une machine fiable, s\u00fbre et efficace.<\/p>\n<p>De plus, son faible co\u00fbt total de possession rend ce choix encore plus convaincant.[\/vc_column_text][\/vc_column_inner][\/vc_row_inner][vc_row_inner][vc_column_inner width=&#8221;1\/4&#8243;][vc_single_image image=&#8221;1071&#8243; img_size=&#8221;medium&#8221;][\/vc_column_inner][vc_column_inner width=&#8221;3\/4&#8243;][vc_custom_heading text=&#8221;LE MEILLEUR RAPPORT QUALIT\u00c9-PRIX&#8221; font_container=&#8221;tag:h3|text_align:left&#8221; use_theme_fonts=&#8221;yes&#8221; css=&#8221;&#8221;][vc_column_text css=&#8221;&#8221;]Sunward repr\u00e9sente votre meilleur investissement en termes de fiabilit\u00e9, de performance et de retour sur investissement. La SWA 16J est con\u00e7ue par des experts et comprend des composants choisis avec soin pour am\u00e9liorer le fonctionnement et l&#8217;entretien. Cette approche se traduit par une machine qui offre de nombreuses caract\u00e9ristiques standard, des composants cl\u00e9s de haute qualit\u00e9 et des capacit\u00e9s impressionnantes, le tout \u00e0 un prix comp\u00e9titif.<\/p>\n<p>De plus, les pi\u00e8ces de rechange d&#8217;origine Sunward sont rentables, ce qui vous permet d&#8217;obtenir le meilleur rapport qualit\u00e9-prix.[\/vc_column_text][\/vc_column_inner][\/vc_row_inner][\/vc_tta_section][vc_tta_section title=&#8221;VIDEO&#8221; tab_id=&#8221;1623857706491-8aa3a03f-cca1&#8243;][\/vc_tta_section][vc_tta_section title=&#8221;BROCHURE&#8221; tab_id=&#8221;1623857795794-8fd5289e-c5a3&#8243;][vc_row_inner content_placement=&#8221;middle&#8221;][vc_column_inner width=&#8221;1\/4&#8243;][vc_single_image image=&#8221;3696&#8243; img_size=&#8221;large&#8221; css=&#8221;&#8221;][\/vc_column_inner][vc_column_inner width=&#8221;3\/4&#8243;][vc_custom_heading text=&#8221;Product brochure&#8221; font_container=&#8221;tag:h3|text_align:left&#8221; use_theme_fonts=&#8221;yes&#8221;][vc_btn title=&#8221;DOWNLOAD&#8221; color=&#8221;orange&#8221; size=&#8221;lg&#8221; css=&#8221;&#8221; link=&#8221;url:https%3A%2F%2Fsunward.eu%2Fwp-content%2Fuploads%2F2025%2F03%2FSUNWARD_SWA_16J_FINAL_HR_FR.pdf|title:Sunward%20SWA%2016J%20Specifications|target:_blank&#8221;][\/vc_column_inner][\/vc_row_inner][\/vc_tta_section][\/vc_tta_accordion][\/vc_column][\/vc_row]<\/p>\n<\/div>","protected":false},"excerpt":{"rendered":"<p>Si vous \u00eates \u00e0 la recherche d&#8217;un nacelle articul\u00e9e \u00e0 bras t\u00e9l\u00e9scopique, le Sunward SWA 16J est un choix \u00e9vident. Cette machine polyvalente offre d&#8217;excellentes performances, des caract\u00e9ristiques de s\u00e9curit\u00e9 sup\u00e9rieures et une durabilit\u00e9 exceptionnelle, ce qui en fait la solution parfaite pour une large gamme d&#8217;applications. [&#8230;]<\/p>\n<p><a class=\"btn btn-secondary understrap-read-more-link\" href=\"https:\/\/sunward.eu\/fr\/produit\/swa-16j\/\">Lire la suite&#8230;<\/a><\/p>\n","protected":false},"featured_media":3695,"comment_status":"closed","ping_status":"closed","template":"","meta":{"_acf_changed":false,"inline_featured_image":false},"product_cat":[126],"product_tag":[],"class_list":{"0":"post-3694","1":"product","2":"type-product","3":"status-publish","4":"has-post-thumbnail","6":"product_cat-articulated-boom-lift","7":"pa_max-working-height-16-m","9":"first","10":"instock","11":"shipping-taxable","12":"product-type-simple"},"translation":{"provider":"WPGlobus","version":"2.12.2","language":"fr","enabled_languages":["en","de","fr","it"],"languages":{"en":{"title":true,"content":true,"excerpt":true},"de":{"title":true,"content":true,"excerpt":true},"fr":{"title":true,"content":true,"excerpt":true},"it":{"title":true,"content":true,"excerpt":true}}},"acf":[],"yoast_head":"<!-- This site is optimized with the Yoast SEO plugin v22.6 - https:\/\/yoast.com\/wordpress\/plugins\/seo\/ -->\n<title>SWA 16J - Sunward Europe (Official Website for EU &amp; UK)<\/title>\n<meta name=\"robots\" content=\"index, follow, max-snippet:-1, max-image-preview:large, max-video-preview:-1\" \/>\n<link rel=\"canonical\" href=\"https:\/\/sunward.eu\/product\/swa-16j\/\" \/>\n<meta property=\"og:locale\" content=\"fr_FR\" \/>\n<meta property=\"og:type\" content=\"article\" \/>\n<meta property=\"og:title\" content=\"SWA 16J - Sunward Europe (Official Website for EU &amp; UK)\" \/>\n<meta property=\"og:url\" content=\"https:\/\/sunward.eu\/product\/swa-16j\/\" \/>\n<meta property=\"og:site_name\" content=\"Sunward Europe (Official Website for EU &amp; UK)\" \/>\n<meta property=\"article:modified_time\" content=\"2025-03-25T09:46:28+00:00\" \/>\n<meta property=\"og:image\" content=\"https:\/\/sunward.eu\/wp-content\/uploads\/2024\/10\/Sunward-SWA-16J_MAIN.png\" \/>\n\t<meta property=\"og:image:width\" content=\"1000\" \/>\n\t<meta property=\"og:image:height\" content=\"1000\" \/>\n\t<meta property=\"og:image:type\" content=\"image\/png\" \/>\n<meta name=\"twitter:card\" content=\"summary_large_image\" \/>\n<meta name=\"twitter:label1\" content=\"Est. reading time\" \/>\n\t<meta name=\"twitter:data1\" content=\"4 minutes\" \/>\n<script type=\"application\/ld+json\" class=\"yoast-schema-graph\">{\"@context\":\"https:\/\/schema.org\",\"@graph\":[{\"@type\":\"WebPage\",\"@id\":\"https:\/\/sunward.eu\/product\/swa-16j\/\",\"url\":\"https:\/\/sunward.eu\/product\/swa-16j\/\",\"name\":\"SWA 16J - Sunward Europe (Official Website for EU &amp; UK)\",\"isPartOf\":{\"@id\":\"https:\/\/sunward.eu\/#website\"},\"primaryImageOfPage\":{\"@id\":\"https:\/\/sunward.eu\/product\/swa-16j\/#primaryimage\"},\"image\":{\"@id\":\"https:\/\/sunward.eu\/product\/swa-16j\/#primaryimage\"},\"thumbnailUrl\":\"https:\/\/sunward.eu\/wp-content\/uploads\/2024\/10\/Sunward-SWA-16J_MAIN.png\",\"datePublished\":\"2024-10-08T09:47:33+00:00\",\"dateModified\":\"2025-03-25T09:46:28+00:00\",\"breadcrumb\":{\"@id\":\"https:\/\/sunward.eu\/product\/swa-16j\/#breadcrumb\"},\"inLanguage\":\"fr-FR\",\"potentialAction\":[{\"@type\":\"ReadAction\",\"target\":[\"https:\/\/sunward.eu\/product\/swa-16j\/\"]}]},{\"@type\":\"ImageObject\",\"inLanguage\":\"fr-FR\",\"@id\":\"https:\/\/sunward.eu\/product\/swa-16j\/#primaryimage\",\"url\":\"https:\/\/sunward.eu\/wp-content\/uploads\/2024\/10\/Sunward-SWA-16J_MAIN.png\",\"contentUrl\":\"https:\/\/sunward.eu\/wp-content\/uploads\/2024\/10\/Sunward-SWA-16J_MAIN.png\",\"width\":1000,\"height\":1000},{\"@type\":\"BreadcrumbList\",\"@id\":\"https:\/\/sunward.eu\/product\/swa-16j\/#breadcrumb\",\"itemListElement\":[{\"@type\":\"ListItem\",\"position\":1,\"name\":\"Home\",\"item\":\"https:\/\/sunward.eu\/\"},{\"@type\":\"ListItem\",\"position\":2,\"name\":\"Products\",\"item\":\"https:\/\/sunward.eu\/shop\/\"},{\"@type\":\"ListItem\",\"position\":3,\"name\":\"{:en}Articulated Boom Lifts{:}{:de}Gelenkarbeitsbuehnen{:}{:fr}Nacelles articul\u00e9es{:}{:it}Piattaforme aeree articolate{:}\",\"item\":\"https:\/\/sunward.eu\/product-category\/articulated-boom-lift\/\"},{\"@type\":\"ListItem\",\"position\":4,\"name\":\"SWA 16J\"}]},{\"@type\":\"WebSite\",\"@id\":\"https:\/\/sunward.eu\/#website\",\"url\":\"https:\/\/sunward.eu\/\",\"name\":\"Sunward Europe (Official Website for EU &amp; UK)\",\"description\":\"The smart choice\",\"publisher\":{\"@id\":\"https:\/\/sunward.eu\/#organization\"},\"potentialAction\":[{\"@type\":\"SearchAction\",\"target\":{\"@type\":\"EntryPoint\",\"urlTemplate\":\"https:\/\/sunward.eu\/?s={search_term_string}\"},\"query-input\":\"required name=search_term_string\"}],\"inLanguage\":\"fr-FR\"},{\"@type\":\"Organization\",\"@id\":\"https:\/\/sunward.eu\/#organization\",\"name\":\"Sunward Europe (Official Website for EU &amp; UK)\",\"url\":\"https:\/\/sunward.eu\/\",\"logo\":{\"@type\":\"ImageObject\",\"inLanguage\":\"fr-FR\",\"@id\":\"https:\/\/sunward.eu\/#\/schema\/logo\/image\/\",\"url\":\"https:\/\/sunward.eu\/wp-content\/uploads\/2022\/01\/Website_Sunward_logo_top_180x63px.png\",\"contentUrl\":\"https:\/\/sunward.eu\/wp-content\/uploads\/2022\/01\/Website_Sunward_logo_top_180x63px.png\",\"width\":180,\"height\":63,\"caption\":\"Sunward Europe (Official Website for EU &amp; UK)\"},\"image\":{\"@id\":\"https:\/\/sunward.eu\/#\/schema\/logo\/image\/\"}}]}<\/script>\n<!-- \/ Yoast SEO plugin. -->","yoast_head_json":{"title":"SWA 16J - Sunward Europe (Official Website for EU &amp; UK)","robots":{"index":"index","follow":"follow","max-snippet":"max-snippet:-1","max-image-preview":"max-image-preview:large","max-video-preview":"max-video-preview:-1"},"canonical":"https:\/\/sunward.eu\/product\/swa-16j\/","og_locale":"fr_FR","og_type":"article","og_title":"SWA 16J - Sunward Europe (Official Website for EU &amp; UK)","og_url":"https:\/\/sunward.eu\/product\/swa-16j\/","og_site_name":"Sunward Europe (Official Website for EU &amp; UK)","article_modified_time":"2025-03-25T09:46:28+00:00","og_image":[{"width":1000,"height":1000,"url":"https:\/\/sunward.eu\/wp-content\/uploads\/2024\/10\/Sunward-SWA-16J_MAIN.png","type":"image\/png"}],"twitter_card":"summary_large_image","twitter_misc":{"Est. reading time":"4 minutes"},"schema":{"@context":"https:\/\/schema.org","@graph":[{"@type":"WebPage","@id":"https:\/\/sunward.eu\/product\/swa-16j\/","url":"https:\/\/sunward.eu\/product\/swa-16j\/","name":"SWA 16J - Sunward Europe (Official Website for EU &amp; UK)","isPartOf":{"@id":"https:\/\/sunward.eu\/#website"},"primaryImageOfPage":{"@id":"https:\/\/sunward.eu\/product\/swa-16j\/#primaryimage"},"image":{"@id":"https:\/\/sunward.eu\/product\/swa-16j\/#primaryimage"},"thumbnailUrl":"https:\/\/sunward.eu\/wp-content\/uploads\/2024\/10\/Sunward-SWA-16J_MAIN.png","datePublished":"2024-10-08T09:47:33+00:00","dateModified":"2025-03-25T09:46:28+00:00","breadcrumb":{"@id":"https:\/\/sunward.eu\/product\/swa-16j\/#breadcrumb"},"inLanguage":"fr-FR","potentialAction":[{"@type":"ReadAction","target":["https:\/\/sunward.eu\/product\/swa-16j\/"]}]},{"@type":"ImageObject","inLanguage":"fr-FR","@id":"https:\/\/sunward.eu\/product\/swa-16j\/#primaryimage","url":"https:\/\/sunward.eu\/wp-content\/uploads\/2024\/10\/Sunward-SWA-16J_MAIN.png","contentUrl":"https:\/\/sunward.eu\/wp-content\/uploads\/2024\/10\/Sunward-SWA-16J_MAIN.png","width":1000,"height":1000},{"@type":"BreadcrumbList","@id":"https:\/\/sunward.eu\/product\/swa-16j\/#breadcrumb","itemListElement":[{"@type":"ListItem","position":1,"name":"Home","item":"https:\/\/sunward.eu\/"},{"@type":"ListItem","position":2,"name":"Products","item":"https:\/\/sunward.eu\/shop\/"},{"@type":"ListItem","position":3,"name":"{:en}Articulated Boom Lifts{:}{:de}Gelenkarbeitsbuehnen{:}{:fr}Nacelles articul\u00e9es{:}{:it}Piattaforme aeree articolate{:}","item":"https:\/\/sunward.eu\/product-category\/articulated-boom-lift\/"},{"@type":"ListItem","position":4,"name":"SWA 16J"}]},{"@type":"WebSite","@id":"https:\/\/sunward.eu\/#website","url":"https:\/\/sunward.eu\/","name":"Sunward Europe (Official Website for EU &amp; UK)","description":"The smart choice","publisher":{"@id":"https:\/\/sunward.eu\/#organization"},"potentialAction":[{"@type":"SearchAction","target":{"@type":"EntryPoint","urlTemplate":"https:\/\/sunward.eu\/?s={search_term_string}"},"query-input":"required name=search_term_string"}],"inLanguage":"fr-FR"},{"@type":"Organization","@id":"https:\/\/sunward.eu\/#organization","name":"Sunward Europe (Official Website for EU &amp; UK)","url":"https:\/\/sunward.eu\/","logo":{"@type":"ImageObject","inLanguage":"fr-FR","@id":"https:\/\/sunward.eu\/#\/schema\/logo\/image\/","url":"https:\/\/sunward.eu\/wp-content\/uploads\/2022\/01\/Website_Sunward_logo_top_180x63px.png","contentUrl":"https:\/\/sunward.eu\/wp-content\/uploads\/2022\/01\/Website_Sunward_logo_top_180x63px.png","width":180,"height":63,"caption":"Sunward Europe (Official Website for EU &amp; UK)"},"image":{"@id":"https:\/\/sunward.eu\/#\/schema\/logo\/image\/"}}]}},"_links":{"self":[{"href":"https:\/\/sunward.eu\/fr\/wp-json\/wp\/v2\/product\/3694","targetHints":{"allow":["GET"]}}],"collection":[{"href":"https:\/\/sunward.eu\/fr\/wp-json\/wp\/v2\/product"}],"about":[{"href":"https:\/\/sunward.eu\/fr\/wp-json\/wp\/v2\/types\/product"}],"replies":[{"embeddable":true,"href":"https:\/\/sunward.eu\/fr\/wp-json\/wp\/v2\/comments?post=3694"}],"wp:featuredmedia":[{"embeddable":true,"href":"https:\/\/sunward.eu\/fr\/wp-json\/wp\/v2\/media\/3695"}],"wp:attachment":[{"href":"https:\/\/sunward.eu\/fr\/wp-json\/wp\/v2\/media?parent=3694"}],"wp:term":[{"taxonomy":"product_cat","embeddable":true,"href":"https:\/\/sunward.eu\/fr\/wp-json\/wp\/v2\/product_cat?post=3694"},{"taxonomy":"product_tag","embeddable":true,"href":"https:\/\/sunward.eu\/fr\/wp-json\/wp\/v2\/product_tag?post=3694"}],"curies":[{"name":"wp","href":"https:\/\/api.w.org\/{rel}","templated":true}]}}