{"id":3523,"date":"2024-04-02T15:22:44","date_gmt":"2024-04-02T13:22:44","guid":{"rendered":"https:\/\/sunward.eu\/?post_type=product&#038;p=3523"},"modified":"2025-09-22T15:58:50","modified_gmt":"2025-09-22T13:58:50","slug":"sl-12w","status":"publish","type":"product","link":"https:\/\/sunward.eu\/fr\/produit\/sl-12w\/","title":{"rendered":"SL 12W"},"content":{"rendered":"<div class=\"wpb-content-wrapper\"><p>[vc_row][vc_column][vc_tta_accordion style=&#8221;flat&#8221; c_icon=&#8221;chevron&#8221; c_position=&#8221;right&#8221; active_section=&#8221;1&#8243; no_fill=&#8221;true&#8221; el_class=&#8221;custom-accordion&#8221;][vc_tta_section title=&#8221;SP\u00c9CIFICATIONS&#8221; tab_id=&#8221;1623355628079-f58b5c44-7c4b&#8221;][vc_custom_heading text=&#8221;SUNWARD SL 12W&#8221; font_container=&#8221;tag:h3|text_align:left&#8221; use_theme_fonts=&#8221;yes&#8221; css=&#8221;&#8221;][vc_column_text css=&#8221;&#8221;]La chargeuse sur pneus SL 12W t\u00e9moigne des prouesses techniques de Sunward.<\/p>\n<p>Propuls\u00e9 par un moteur Kubota robuste, il offre des performances exceptionnelles et une conformit\u00e9 environnementale.<\/p>\n<p>Cette chargeuse compacte, avec un poids op\u00e9rationnel de 2\u00a0500 kg, est con\u00e7ue pour la stabilit\u00e9 et la puissance, ce qui la rend adapt\u00e9e \u00e0 une vari\u00e9t\u00e9 de t\u00e2ches.<\/p>\n<p>Sa capacit\u00e9 de godet de 0.38 m3 avec une capacit\u00e9 de charge de 1 000 kg et son syst\u00e8me d&#8217;attache rapide hydraulique sont optimis\u00e9s pour une manutention efficace des mat\u00e9riaux.<\/p>\n<p>La conception de ce mod\u00e8le met l\u2019accent sur l\u2019efficacit\u00e9 sans sacrifier la puissance, gr\u00e2ce \u00e0 sa technologie de moteur avanc\u00e9e et \u00e0 sa conception ergonomique.<\/p>\n<p>La taille compacte du SL 12W permet une maniabilit\u00e9 facile dans les espaces restreints, ce qui en fait un choix polyvalent pour les projets de construction urbaine et d&#8217;am\u00e9nagement paysager.<\/p>\n<p>Le moteur EU Stage V de la chargeuse est non seulement respectueux de l\u2019environnement, mais \u00e9galement \u00e9conomique en termes de consommation de carburant, r\u00e9duisant ainsi consid\u00e9rablement les co\u00fbts d\u2019exploitation.[\/vc_column_text][vc_separator color=&#8221;white&#8221;][vc_row_inner][vc_column_inner width=&#8221;1\/2&#8243;][vc_toggle title=&#8221;DIMENSIONS ET POIDS&#8221; css=&#8221;&#8221;]<\/p>\n<table width=\"655\">\n<tbody>\n<tr>\n<td width=\"417\">Poids op\u00e9rationnel<\/td>\n<td width=\"238\">2 500 kg<\/td>\n<\/tr>\n<tr>\n<td>Longueur avec godet standard<\/td>\n<td>4 210 mm<\/td>\n<\/tr>\n<tr>\n<td>Largeur hors godet<\/td>\n<td>1 310 mm<\/td>\n<\/tr>\n<tr>\n<td>Hauteur jusqu&#8217;au sommet du cadre ROPS<\/td>\n<td>2 316 mm<\/td>\n<\/tr>\n<\/tbody>\n<\/table>\n<p>[\/vc_toggle][vc_toggle title=&#8221;MOTEUR&#8221; css=&#8221;&#8221;]<\/p>\n<table width=\"655\">\n<tbody>\n<tr>\n<td width=\"417\">Mod\u00e8le<\/td>\n<td width=\"238\">KUBOTA D1703<\/td>\n<\/tr>\n<tr>\n<td>Norme antipollution<\/td>\n<td>EU Stage V<\/td>\n<\/tr>\n<tr>\n<td>Puissance de sortie nominale<\/td>\n<td>18.5 kW<\/td>\n<\/tr>\n<\/tbody>\n<\/table>\n<p>[\/vc_toggle][vc_toggle title=&#8221;PERFORMANCES&#8221; css=&#8221;&#8221;]<\/p>\n<table width=\"655\">\n<tbody>\n<tr>\n<td width=\"417\">Charge nominale<\/td>\n<td width=\"238\">1 000 kg<\/td>\n<\/tr>\n<tr>\n<td>Capacit\u00e9 du godet<\/td>\n<td>0.38 m\u00b3<\/td>\n<\/tr>\n<tr>\n<td>Force d\u2019arrachement max.<\/td>\n<td>19 kN<\/td>\n<\/tr>\n<tr>\n<td>Vitesse de d\u00e9placement<\/td>\n<td>7\/18 km\/h<\/td>\n<\/tr>\n<\/tbody>\n<\/table>\n<p>[\/vc_toggle][\/vc_column_inner][vc_column_inner width=&#8221;1\/2&#8243;][\/vc_column_inner][\/vc_row_inner][\/vc_tta_section][vc_tta_section title=&#8221;FONCTIONNALIT\u00c9S ET ATOUTS&#8221; tab_id=&#8221;1623355710952-d36b50a3-81ed&#8221;][vc_row_inner][vc_column_inner width=&#8221;1\/4&#8243;][vc_single_image image=&#8221;1070&#8243; img_size=&#8221;medium&#8221;][\/vc_column_inner][vc_column_inner width=&#8221;3\/4&#8243;][vc_custom_heading text=&#8221;CONSTRUITE POUR L\u2019EUROPE&#8221; font_container=&#8221;tag:h3|text_align:left&#8221; use_theme_fonts=&#8221;yes&#8221;][vc_column_text css=&#8221;&#8221;]Comme toutes les machines Sunward du march\u00e9 europ\u00e9en, la SL 12W a \u00e9t\u00e9 con\u00e7ue pour r\u00e9pondre aux besoins des clients europ\u00e9ens et d\u00e9tient toutes les certifications de l\u2019UE.[\/vc_column_text][\/vc_column_inner][\/vc_row_inner][vc_separator][vc_row_inner][vc_column_inner width=&#8221;1\/4&#8243;][vc_single_image image=&#8221;1456&#8243; img_size=&#8221;medium&#8221;][\/vc_column_inner][vc_column_inner width=&#8221;3\/4&#8243;][vc_custom_heading text=&#8221;CONSTRUITE POUR \u00caTRE POLYVALENTE&#8221; font_container=&#8221;tag:h3|text_align:left&#8221; use_theme_fonts=&#8221;yes&#8221;][vc_column_text css=&#8221;&#8221;]Con\u00e7u pour \u00eatre flexible, le SL 12W peut r\u00e9pondre aux exigences de diverses applications, de la construction \u00e0 l&#8217;agriculture. Il est compact et maniable, ce qui le rend id\u00e9al pour les espaces restreints.<\/p>\n<p>La polyvalence d\u2019une chargeuse compacte commence par sa bonne conception pour le transport. Le SL 12W fait plus que simplement s&#8217;aligner sur les r\u00e9glementations de transport de l&#8217;UE : v\u00e9ritablement compact (1 310 mm de largeur) et l\u00e9ger (2 500 kg), son petit ch\u00e2ssis permet un transport facile, s\u00fbr et s\u00e9curis\u00e9 derri\u00e8re une camionnette.[\/vc_column_text][\/vc_column_inner][\/vc_row_inner][vc_separator][vc_row_inner][vc_column_inner width=&#8221;1\/4&#8243;][vc_single_image image=&#8221;1457&#8243; img_size=&#8221;medium&#8221;][\/vc_column_inner][vc_column_inner width=&#8221;3\/4&#8243;][vc_custom_heading text=&#8221;UNE PERFORMANCE FIABLE&#8221; font_container=&#8221;tag:h3|text_align:left&#8221; use_theme_fonts=&#8221;yes&#8221;][vc_column_text css=&#8221;&#8221;]Despite its compact size, the SL 12W has impressive breakout force, huge lift capacity, and fast cycle times.<\/p>\n<p>The powerful KUBOTA D1703 engine delivers a power of 18.5 kW (@2 200 rpm) and offers exceptional reliability even in severe, high load conditions, long service life and complies with the European Union\u2019s Stage V emission requirements.[\/vc_column_text][\/vc_column_inner][\/vc_row_inner][vc_separator][vc_row_inner][vc_column_inner width=&#8221;1\/4&#8243;][vc_single_image image=&#8221;1458&#8243; img_size=&#8221;medium&#8221;][\/vc_column_inner][vc_column_inner width=&#8221;3\/4&#8243;][vc_custom_heading text=&#8221;LE CONFORT DE S\u00c9RIE&#8221; font_container=&#8221;tag:h3|text_align:left&#8221; use_theme_fonts=&#8221;yes&#8221;][vc_column_text css=&#8221;&#8221;]Le confort de la Sunward SL 12W commence par un acc\u00e8s facile \u00e0 la cabine. Une fois \u00e0 l\u2019int\u00e9rieur, la SL 12W offre \u00e0 l\u2019op\u00e9rateur une cabine spacieuse, la climatisation, un si\u00e8ge confortable et des commandes ergonomiques pour un confort d\u2019utilisation maximal.<\/p>\n<p>Les op\u00e9rateurs appr\u00e9cieront \u00e9galement l\u2019excellente visibilit\u00e9 panoramique. Utiliser la chargeuse compacte Sunward est un vrai plaisir.[\/vc_column_text][\/vc_column_inner][\/vc_row_inner][vc_separator][vc_row_inner][vc_column_inner width=&#8221;1\/4&#8243;][vc_single_image image=&#8221;1459&#8243; img_size=&#8221;medium&#8221;][\/vc_column_inner][vc_column_inner width=&#8221;3\/4&#8243;][vc_custom_heading text=&#8221;FACILIT\u00c9 D\u2019ENTRETIEN&#8221; font_container=&#8221;tag:h3|text_align:left&#8221; use_theme_fonts=&#8221;yes&#8221;][vc_column_text]Le co\u00fbt d\u2019exploitation \u00e9tant un crit\u00e8re important pour nous. C\u2019est pourquoi la maintenance et l&#8217;entretien ont \u00e9t\u00e9 simplifi\u00e9s. La maintenance pr\u00e9ventive quotidienne est particuli\u00e8rement simple, les points d\u2019entretien et les composants du syst\u00e8me de refroidissement \u00e9tant accessibles depuis le sol, \u00e0 partir de la porte arri\u00e8re. Concernant l\u2019entretien, les principaux composants sont \u00e9galement facilement et rapidement accessibles en basculant la cabine ROPS\/FOPS.[\/vc_column_text][\/vc_column_inner][\/vc_row_inner][vc_separator][vc_row_inner][vc_column_inner width=&#8221;1\/4&#8243;][vc_single_image image=&#8221;1460&#8243; img_size=&#8221;medium&#8221;][\/vc_column_inner][vc_column_inner width=&#8221;3\/4&#8243;][vc_custom_heading text=&#8221;LA S\u00c9CURIT\u00c9 N\u2019EST PAS UNE OPTION&#8221; font_container=&#8221;tag:h3|text_align:left&#8221; use_theme_fonts=&#8221;yes&#8221;][vc_column_text css=&#8221;&#8221;]La s\u00e9curit\u00e9 est et restera toujours une priorit\u00e9 pour Sunward.<\/p>\n<p>La SL 12W a \u00e9t\u00e9 con\u00e7ue pour assurer la s\u00e9curit\u00e9 de l\u2019op\u00e9rateur. Ainsi, la cabine ROPS\/FOPS et la sortie par la fen\u00eatre arri\u00e8re, associ\u00e9es \u00e0 l&#8217;excellente visibilit\u00e9 et \u00e0 une grande stabilit\u00e9 de la machine, garantissent une s\u00e9curit\u00e9 maximale.<\/p>\n<p>Un contacteur de si\u00e8ge et un contacteur d\u2019accoudoir \u00e9vitent \u00e9galement tout d\u00e9marrage involontaire de la machine, sans la pr\u00e9sence d\u2019un op\u00e9rateur.<\/p>\n<p>En termes de syst\u00e8mes, la chargeuse compacte SL 12W est dot\u00e9e d\u2019une fonction d\u2019abaissement d\u2019urgence, afin que la fl\u00e8che puisse s\u2019abaisser en urgence en toute s\u00e9curit\u00e9 en cas d\u2019arr\u00eat inattendu du moteur.[\/vc_column_text][\/vc_column_inner][\/vc_row_inner][\/vc_tta_section][vc_tta_section title=&#8221;VIDEO&#8221; tab_id=&#8221;1623857706491-8aa3a03f-cca1&#8243;][vc_video link=&#8221;https:\/\/youtu.be\/tmwhSLx2cE4&#8243;][\/vc_tta_section][vc_tta_section title=&#8221;BROCHURE&#8221; tab_id=&#8221;1623857795794-8fd5289e-c5a3&#8243;][vc_row_inner content_placement=&#8221;middle&#8221;][vc_column_inner width=&#8221;1\/4&#8243;][vc_single_image image=&#8221;3629&#8243; img_size=&#8221;large&#8221; css=&#8221;&#8221;][\/vc_column_inner][vc_column_inner width=&#8221;3\/4&#8243;][vc_custom_heading text=&#8221;SUNWARD SL 12W Spec Sheet&#8221; font_container=&#8221;tag:h3|text_align:left&#8221; use_theme_fonts=&#8221;yes&#8221; css=&#8221;&#8221;][vc_btn title=&#8221;DOWNLOAD&#8221; color=&#8221;orange&#8221; size=&#8221;lg&#8221; css=&#8221;&#8221; link=&#8221;url:https%3A%2F%2Fsunward.eu%2Fwp-content%2Fuploads%2F2025%2F09%2FSUNWARD_SL12W_09.2025_FINAL_HR_FR.pdf|title:Sunward%20SL%2012W%20Spec%20Sheet|target:_blank&#8221;][\/vc_column_inner][\/vc_row_inner][\/vc_tta_section][\/vc_tta_accordion][\/vc_column][\/vc_row]<\/p>\n<\/div>","protected":false},"excerpt":{"rendered":"<p>La chargeuse sur pneus SL 12W t\u00e9moigne des prouesses techniques de Sunward.<\/p>\n<p>Propuls\u00e9 par un moteur Kubota robuste, lui conf\u00e9rant des performances exceptionnelles tout en \u00e9tant respectueux de l&#8217;environnement. [&#8230;]<\/p>\n<p><a class=\"btn btn-secondary understrap-read-more-link\" href=\"https:\/\/sunward.eu\/fr\/produit\/sl-12w\/\">Lire la suite&#8230;<\/a><\/p>\n","protected":false},"featured_media":3623,"comment_status":"closed","ping_status":"closed","template":"","meta":{"_acf_changed":false,"inline_featured_image":false},"product_cat":[327],"product_tag":[],"class_list":{"0":"post-3523","1":"product","2":"type-product","3":"status-publish","4":"has-post-thumbnail","6":"product_cat-articulated-wheel-loaders","7":"pa_operating-weight-2-500-kg","8":"pa_power-output-18-5-kw","10":"first","11":"instock","12":"shipping-taxable","13":"product-type-simple"},"translation":{"provider":"WPGlobus","version":"2.12.2","language":"fr","enabled_languages":["en","de","fr","it"],"languages":{"en":{"title":true,"content":true,"excerpt":true},"de":{"title":true,"content":true,"excerpt":true},"fr":{"title":true,"content":true,"excerpt":true},"it":{"title":true,"content":true,"excerpt":true}}},"acf":[],"yoast_head":"<!-- This site is optimized with the Yoast SEO plugin v22.6 - https:\/\/yoast.com\/wordpress\/plugins\/seo\/ -->\n<title>SL 12W - Sunward Europe (Official Website for EU &amp; UK)<\/title>\n<meta name=\"robots\" content=\"index, follow, max-snippet:-1, max-image-preview:large, max-video-preview:-1\" \/>\n<link rel=\"canonical\" href=\"https:\/\/sunward.eu\/product\/sl-12w\/\" \/>\n<meta property=\"og:locale\" content=\"fr_FR\" \/>\n<meta property=\"og:type\" content=\"article\" \/>\n<meta property=\"og:title\" content=\"SL 12W - Sunward Europe (Official Website for EU &amp; UK)\" \/>\n<meta property=\"og:url\" content=\"https:\/\/sunward.eu\/product\/sl-12w\/\" \/>\n<meta property=\"og:site_name\" content=\"Sunward Europe (Official Website for EU &amp; UK)\" \/>\n<meta property=\"article:modified_time\" content=\"2025-09-22T13:58:50+00:00\" \/>\n<meta property=\"og:image\" content=\"https:\/\/sunward.eu\/wp-content\/uploads\/2024\/04\/Sunward-SL-12W.png\" \/>\n\t<meta property=\"og:image:width\" content=\"1000\" \/>\n\t<meta property=\"og:image:height\" content=\"1000\" \/>\n\t<meta property=\"og:image:type\" content=\"image\/png\" \/>\n<meta name=\"twitter:card\" content=\"summary_large_image\" \/>\n<meta name=\"twitter:label1\" content=\"Est. reading time\" \/>\n\t<meta name=\"twitter:data1\" content=\"4 minutes\" \/>\n<script type=\"application\/ld+json\" class=\"yoast-schema-graph\">{\"@context\":\"https:\/\/schema.org\",\"@graph\":[{\"@type\":\"WebPage\",\"@id\":\"https:\/\/sunward.eu\/product\/sl-12w\/\",\"url\":\"https:\/\/sunward.eu\/product\/sl-12w\/\",\"name\":\"SL 12W - Sunward Europe (Official Website for EU &amp; UK)\",\"isPartOf\":{\"@id\":\"https:\/\/sunward.eu\/#website\"},\"primaryImageOfPage\":{\"@id\":\"https:\/\/sunward.eu\/product\/sl-12w\/#primaryimage\"},\"image\":{\"@id\":\"https:\/\/sunward.eu\/product\/sl-12w\/#primaryimage\"},\"thumbnailUrl\":\"https:\/\/sunward.eu\/wp-content\/uploads\/2024\/04\/Sunward-SL-12W.png\",\"datePublished\":\"2024-04-02T13:22:44+00:00\",\"dateModified\":\"2025-09-22T13:58:50+00:00\",\"breadcrumb\":{\"@id\":\"https:\/\/sunward.eu\/product\/sl-12w\/#breadcrumb\"},\"inLanguage\":\"fr-FR\",\"potentialAction\":[{\"@type\":\"ReadAction\",\"target\":[\"https:\/\/sunward.eu\/product\/sl-12w\/\"]}]},{\"@type\":\"ImageObject\",\"inLanguage\":\"fr-FR\",\"@id\":\"https:\/\/sunward.eu\/product\/sl-12w\/#primaryimage\",\"url\":\"https:\/\/sunward.eu\/wp-content\/uploads\/2024\/04\/Sunward-SL-12W.png\",\"contentUrl\":\"https:\/\/sunward.eu\/wp-content\/uploads\/2024\/04\/Sunward-SL-12W.png\",\"width\":1000,\"height\":1000},{\"@type\":\"BreadcrumbList\",\"@id\":\"https:\/\/sunward.eu\/product\/sl-12w\/#breadcrumb\",\"itemListElement\":[{\"@type\":\"ListItem\",\"position\":1,\"name\":\"Home\",\"item\":\"https:\/\/sunward.eu\/\"},{\"@type\":\"ListItem\",\"position\":2,\"name\":\"Products\",\"item\":\"https:\/\/sunward.eu\/shop\/\"},{\"@type\":\"ListItem\",\"position\":3,\"name\":\"{:en}Articulated wheel loaders{:}{:de}Knickgelenkte Radlader{:}{:fr}Chargeuses sur pneus articul\u00e9es{:}{:it}Pale gommate articolate{:}\",\"item\":\"https:\/\/sunward.eu\/product-category\/articulated-wheel-loaders\/\"},{\"@type\":\"ListItem\",\"position\":4,\"name\":\"SL 12W\"}]},{\"@type\":\"WebSite\",\"@id\":\"https:\/\/sunward.eu\/#website\",\"url\":\"https:\/\/sunward.eu\/\",\"name\":\"Sunward Europe (Official Website for EU &amp; UK)\",\"description\":\"The smart choice\",\"publisher\":{\"@id\":\"https:\/\/sunward.eu\/#organization\"},\"potentialAction\":[{\"@type\":\"SearchAction\",\"target\":{\"@type\":\"EntryPoint\",\"urlTemplate\":\"https:\/\/sunward.eu\/?s={search_term_string}\"},\"query-input\":\"required name=search_term_string\"}],\"inLanguage\":\"fr-FR\"},{\"@type\":\"Organization\",\"@id\":\"https:\/\/sunward.eu\/#organization\",\"name\":\"Sunward Europe (Official Website for EU &amp; UK)\",\"url\":\"https:\/\/sunward.eu\/\",\"logo\":{\"@type\":\"ImageObject\",\"inLanguage\":\"fr-FR\",\"@id\":\"https:\/\/sunward.eu\/#\/schema\/logo\/image\/\",\"url\":\"https:\/\/sunward.eu\/wp-content\/uploads\/2022\/01\/Website_Sunward_logo_top_180x63px.png\",\"contentUrl\":\"https:\/\/sunward.eu\/wp-content\/uploads\/2022\/01\/Website_Sunward_logo_top_180x63px.png\",\"width\":180,\"height\":63,\"caption\":\"Sunward Europe (Official Website for EU &amp; UK)\"},\"image\":{\"@id\":\"https:\/\/sunward.eu\/#\/schema\/logo\/image\/\"}}]}<\/script>\n<!-- \/ Yoast SEO plugin. -->","yoast_head_json":{"title":"SL 12W - Sunward Europe (Official Website for EU &amp; UK)","robots":{"index":"index","follow":"follow","max-snippet":"max-snippet:-1","max-image-preview":"max-image-preview:large","max-video-preview":"max-video-preview:-1"},"canonical":"https:\/\/sunward.eu\/product\/sl-12w\/","og_locale":"fr_FR","og_type":"article","og_title":"SL 12W - Sunward Europe (Official Website for EU &amp; UK)","og_url":"https:\/\/sunward.eu\/product\/sl-12w\/","og_site_name":"Sunward Europe (Official Website for EU &amp; UK)","article_modified_time":"2025-09-22T13:58:50+00:00","og_image":[{"width":1000,"height":1000,"url":"https:\/\/sunward.eu\/wp-content\/uploads\/2024\/04\/Sunward-SL-12W.png","type":"image\/png"}],"twitter_card":"summary_large_image","twitter_misc":{"Est. reading time":"4 minutes"},"schema":{"@context":"https:\/\/schema.org","@graph":[{"@type":"WebPage","@id":"https:\/\/sunward.eu\/product\/sl-12w\/","url":"https:\/\/sunward.eu\/product\/sl-12w\/","name":"SL 12W - Sunward Europe (Official Website for EU &amp; UK)","isPartOf":{"@id":"https:\/\/sunward.eu\/#website"},"primaryImageOfPage":{"@id":"https:\/\/sunward.eu\/product\/sl-12w\/#primaryimage"},"image":{"@id":"https:\/\/sunward.eu\/product\/sl-12w\/#primaryimage"},"thumbnailUrl":"https:\/\/sunward.eu\/wp-content\/uploads\/2024\/04\/Sunward-SL-12W.png","datePublished":"2024-04-02T13:22:44+00:00","dateModified":"2025-09-22T13:58:50+00:00","breadcrumb":{"@id":"https:\/\/sunward.eu\/product\/sl-12w\/#breadcrumb"},"inLanguage":"fr-FR","potentialAction":[{"@type":"ReadAction","target":["https:\/\/sunward.eu\/product\/sl-12w\/"]}]},{"@type":"ImageObject","inLanguage":"fr-FR","@id":"https:\/\/sunward.eu\/product\/sl-12w\/#primaryimage","url":"https:\/\/sunward.eu\/wp-content\/uploads\/2024\/04\/Sunward-SL-12W.png","contentUrl":"https:\/\/sunward.eu\/wp-content\/uploads\/2024\/04\/Sunward-SL-12W.png","width":1000,"height":1000},{"@type":"BreadcrumbList","@id":"https:\/\/sunward.eu\/product\/sl-12w\/#breadcrumb","itemListElement":[{"@type":"ListItem","position":1,"name":"Home","item":"https:\/\/sunward.eu\/"},{"@type":"ListItem","position":2,"name":"Products","item":"https:\/\/sunward.eu\/shop\/"},{"@type":"ListItem","position":3,"name":"{:en}Articulated wheel loaders{:}{:de}Knickgelenkte Radlader{:}{:fr}Chargeuses sur pneus articul\u00e9es{:}{:it}Pale gommate articolate{:}","item":"https:\/\/sunward.eu\/product-category\/articulated-wheel-loaders\/"},{"@type":"ListItem","position":4,"name":"SL 12W"}]},{"@type":"WebSite","@id":"https:\/\/sunward.eu\/#website","url":"https:\/\/sunward.eu\/","name":"Sunward Europe (Official Website for EU &amp; UK)","description":"The smart choice","publisher":{"@id":"https:\/\/sunward.eu\/#organization"},"potentialAction":[{"@type":"SearchAction","target":{"@type":"EntryPoint","urlTemplate":"https:\/\/sunward.eu\/?s={search_term_string}"},"query-input":"required name=search_term_string"}],"inLanguage":"fr-FR"},{"@type":"Organization","@id":"https:\/\/sunward.eu\/#organization","name":"Sunward Europe (Official Website for EU &amp; UK)","url":"https:\/\/sunward.eu\/","logo":{"@type":"ImageObject","inLanguage":"fr-FR","@id":"https:\/\/sunward.eu\/#\/schema\/logo\/image\/","url":"https:\/\/sunward.eu\/wp-content\/uploads\/2022\/01\/Website_Sunward_logo_top_180x63px.png","contentUrl":"https:\/\/sunward.eu\/wp-content\/uploads\/2022\/01\/Website_Sunward_logo_top_180x63px.png","width":180,"height":63,"caption":"Sunward Europe (Official Website for EU &amp; UK)"},"image":{"@id":"https:\/\/sunward.eu\/#\/schema\/logo\/image\/"}}]}},"_links":{"self":[{"href":"https:\/\/sunward.eu\/fr\/wp-json\/wp\/v2\/product\/3523","targetHints":{"allow":["GET"]}}],"collection":[{"href":"https:\/\/sunward.eu\/fr\/wp-json\/wp\/v2\/product"}],"about":[{"href":"https:\/\/sunward.eu\/fr\/wp-json\/wp\/v2\/types\/product"}],"replies":[{"embeddable":true,"href":"https:\/\/sunward.eu\/fr\/wp-json\/wp\/v2\/comments?post=3523"}],"wp:featuredmedia":[{"embeddable":true,"href":"https:\/\/sunward.eu\/fr\/wp-json\/wp\/v2\/media\/3623"}],"wp:attachment":[{"href":"https:\/\/sunward.eu\/fr\/wp-json\/wp\/v2\/media?parent=3523"}],"wp:term":[{"taxonomy":"product_cat","embeddable":true,"href":"https:\/\/sunward.eu\/fr\/wp-json\/wp\/v2\/product_cat?post=3523"},{"taxonomy":"product_tag","embeddable":true,"href":"https:\/\/sunward.eu\/fr\/wp-json\/wp\/v2\/product_tag?post=3523"}],"curies":[{"name":"wp","href":"https:\/\/api.w.org\/{rel}","templated":true}]}}