{"id":3520,"date":"2024-04-02T12:39:02","date_gmt":"2024-04-02T10:39:02","guid":{"rendered":"https:\/\/sunward.eu\/?post_type=product&#038;p=3520"},"modified":"2025-09-22T15:38:45","modified_gmt":"2025-09-22T13:38:45","slug":"sl-06w","status":"publish","type":"product","link":"https:\/\/sunward.eu\/fr\/produit\/sl-06w\/","title":{"rendered":"SL 06W"},"content":{"rendered":"<div class=\"wpb-content-wrapper\"><p>[vc_row][vc_column][vc_tta_accordion style=&#8221;flat&#8221; c_icon=&#8221;chevron&#8221; c_position=&#8221;right&#8221; active_section=&#8221;1&#8243; no_fill=&#8221;true&#8221; el_class=&#8221;custom-accordion&#8221;][vc_tta_section title=&#8221;SP\u00c9CIFICATIONS&#8221; tab_id=&#8221;1623355628079-f58b5c44-7c4b&#8221;][vc_custom_heading text=&#8221;SUNWARD SL 06W&#8221; font_container=&#8221;tag:h3|text_align:left&#8221; use_theme_fonts=&#8221;yes&#8221;][vc_column_text css=&#8221;&#8221;]La SL 06W de Sunward est un ajout remarquable au march\u00e9 des chargeuses sur pneus compactes, pr\u00e9sentant une gamme d&#8217;attributs b\u00e9n\u00e9fiques.<\/p>\n<p>Il est propuls\u00e9 par un moteur Yanmar qui \u00e9quilibre efficacement performances robustes et responsabilit\u00e9 environnementale.<\/p>\n<p>Avec un poids op\u00e9rationnel de 1\u00a0700 kg et un godet bien con\u00e7u, cette chargeuse offre stabilit\u00e9 et efficacit\u00e9 pour diverses t\u00e2ches.<\/p>\n<p>Con\u00e7u dans un souci de polyvalence, le SL 06W r\u00e9pond aux exigences de diverses applications, de la construction \u00e0 l&#8217;agriculture. Sa taille compacte et sa maniabilit\u00e9 am\u00e9lior\u00e9e en font un choix pratique dans les environnements o\u00f9 l&#8217;espace est limit\u00e9.<\/p>\n<p>De plus, le moteur EU Stage V de la chargeuse est con\u00e7u pour produire de faibles \u00e9missions, ce qui correspond \u00e0 l&#8217;accent mis par Sunward sur le respect de l&#8217;environnement et la rentabilit\u00e9 op\u00e9rationnelle.[\/vc_column_text][vc_separator color=&#8221;white&#8221;][vc_row_inner][vc_column_inner width=&#8221;1\/2&#8243;][vc_toggle title=&#8221;DIMENSIONS ET POIDS&#8221; css=&#8221;&#8221;]<\/p>\n<table width=\"655\">\n<tbody>\n<tr>\n<td width=\"417\">Poids op\u00e9rationnel<\/td>\n<td width=\"238\">1 700 kg<\/td>\n<\/tr>\n<tr>\n<td>Longueur avec godet standard<\/td>\n<td>3 673 mm<\/td>\n<\/tr>\n<tr>\n<td>Largeur hors godet<\/td>\n<td>1 150 mm<\/td>\n<\/tr>\n<tr>\n<td>Hauteur jusqu&#8217;au sommet du cadre ROPS<\/td>\n<td>2 250 mm<\/td>\n<\/tr>\n<\/tbody>\n<\/table>\n<p>[\/vc_toggle][vc_toggle title=&#8221;MOTEUR&#8221; css=&#8221;&#8221;]<\/p>\n<table width=\"655\">\n<tbody>\n<tr>\n<td width=\"417\">Mod\u00e8le<\/td>\n<td width=\"238\">Yanmar 3TNV88<\/td>\n<\/tr>\n<tr>\n<td>Norme antipollution<\/td>\n<td>EU Stage V<\/td>\n<\/tr>\n<tr>\n<td>Puissance de sortie nominale<\/td>\n<td>18.2 kW<\/td>\n<\/tr>\n<\/tbody>\n<\/table>\n<p>[\/vc_toggle][vc_toggle title=&#8221;PERFORMANCES&#8221; css=&#8221;&#8221;]<\/p>\n<table width=\"655\">\n<tbody>\n<tr>\n<td width=\"417\">Charge nominale<\/td>\n<td width=\"238\">600 kg<\/td>\n<\/tr>\n<tr>\n<td>Capacit\u00e9 du godet<\/td>\n<td>0.26 m\u00b3<\/td>\n<\/tr>\n<tr>\n<td>Force d\u2019arrachement max.<\/td>\n<td>13 kN<\/td>\n<\/tr>\n<tr>\n<td>Vitesse de d\u00e9placement<\/td>\n<td>12 km\/h<\/td>\n<\/tr>\n<\/tbody>\n<\/table>\n<p>[\/vc_toggle][\/vc_column_inner][vc_column_inner width=&#8221;1\/2&#8243;][\/vc_column_inner][\/vc_row_inner][\/vc_tta_section][vc_tta_section title=&#8221;FONCTIONNALIT\u00c9S ET ATOUTS&#8221; tab_id=&#8221;1623355710952-d36b50a3-81ed&#8221;][vc_row_inner][vc_column_inner width=&#8221;1\/4&#8243;][vc_single_image image=&#8221;1070&#8243; img_size=&#8221;medium&#8221;][\/vc_column_inner][vc_column_inner width=&#8221;3\/4&#8243;][vc_custom_heading text=&#8221;CONSTRUITE POUR L\u2019EUROPE&#8221; font_container=&#8221;tag:h3|text_align:left&#8221; use_theme_fonts=&#8221;yes&#8221;][vc_column_text]Comme toutes les machines Sunward du march\u00e9 europ\u00e9en, la SL 06W a \u00e9t\u00e9 con\u00e7ue pour r\u00e9pondre aux besoins des clients europ\u00e9ens et d\u00e9tient toutes les certifications de l\u2019UE.[\/vc_column_text][\/vc_column_inner][\/vc_row_inner][vc_separator][vc_row_inner][vc_column_inner width=&#8221;1\/4&#8243;][vc_single_image image=&#8221;1456&#8243; img_size=&#8221;medium&#8221;][\/vc_column_inner][vc_column_inner width=&#8221;3\/4&#8243;][vc_custom_heading text=&#8221;CONSTRUITE POUR \u00caTRE POLYVALENTE&#8221; font_container=&#8221;tag:h3|text_align:left&#8221; use_theme_fonts=&#8221;yes&#8221;][vc_column_text css=&#8221;&#8221;]Con\u00e7u pour \u00eatre flexible, le SL 06W peut r\u00e9pondre aux exigences de diverses applications, de la construction \u00e0 l&#8217;agriculture. Il est compact et maniable, ce qui le rend id\u00e9al pour les espaces restreints.<\/p>\n<p>La polyvalence d&#8217;une chargeuse compacte commence par sa conception adapt\u00e9e au transport. Le SL 06W fait plus que simplement s&#8217;aligner sur les r\u00e9glementations de transport de l&#8217;UE : v\u00e9ritablement compact (largeur 1 150 mm) et l\u00e9ger (1 700 kg), son petit ch\u00e2ssis permet un transport facile, s\u00fbr et s\u00e9curis\u00e9 derri\u00e8re une camionnette.[\/vc_column_text][\/vc_column_inner][\/vc_row_inner][vc_separator][vc_row_inner][vc_column_inner width=&#8221;1\/4&#8243;][vc_single_image image=&#8221;1457&#8243; img_size=&#8221;medium&#8221;][\/vc_column_inner][vc_column_inner width=&#8221;3\/4&#8243;][vc_custom_heading text=&#8221;UNE PERFORMANCE FIABLE&#8221; font_container=&#8221;tag:h3|text_align:left&#8221; use_theme_fonts=&#8221;yes&#8221;][vc_column_text css=&#8221;&#8221;]Despite its compact size, the SL 06W has impressive breakout force, huge lift capacity, and fast cycle times.<\/p>\n<p>The powerful Yanmar engine delivers a power of 18.2 kW (@2 200 rpm) and offers exceptional reliability even in severe, high load conditions, long service life and complies with the European Union\u2019s Stage V emission requirements.[\/vc_column_text][\/vc_column_inner][\/vc_row_inner][vc_separator][vc_row_inner][vc_column_inner width=&#8221;1\/4&#8243;][vc_single_image image=&#8221;1458&#8243; img_size=&#8221;medium&#8221;][\/vc_column_inner][vc_column_inner width=&#8221;3\/4&#8243;][vc_custom_heading text=&#8221;LE CONFORT DE S\u00c9RIE&#8221; font_container=&#8221;tag:h3|text_align:left&#8221; use_theme_fonts=&#8221;yes&#8221;][vc_column_text]Le confort de la Sunward SL 06W commence par un acc\u00e8s facile \u00e0 la cabine. Une fois \u00e0 l\u2019int\u00e9rieur, la SL 06W offre \u00e0 l\u2019op\u00e9rateur une cabine spacieuse, la climatisation, un si\u00e8ge confortable et des commandes ergonomiques pour un confort d\u2019utilisation maximal.<\/p>\n<p>Les op\u00e9rateurs appr\u00e9cieront \u00e9galement l\u2019excellente visibilit\u00e9 panoramique. Utiliser la chargeuse compacte Sunward est un vrai plaisir.[\/vc_column_text][\/vc_column_inner][\/vc_row_inner][vc_separator][vc_row_inner][vc_column_inner width=&#8221;1\/4&#8243;][vc_single_image image=&#8221;1459&#8243; img_size=&#8221;medium&#8221;][\/vc_column_inner][vc_column_inner width=&#8221;3\/4&#8243;][vc_custom_heading text=&#8221;FACILIT\u00c9 D\u2019ENTRETIEN&#8221; font_container=&#8221;tag:h3|text_align:left&#8221; use_theme_fonts=&#8221;yes&#8221;][vc_column_text]Le co\u00fbt d\u2019exploitation \u00e9tant un crit\u00e8re important pour nous. C\u2019est pourquoi la maintenance et l&#8217;entretien ont \u00e9t\u00e9 simplifi\u00e9s. La maintenance pr\u00e9ventive quotidienne est particuli\u00e8rement simple, les points d\u2019entretien et les composants du syst\u00e8me de refroidissement \u00e9tant accessibles depuis le sol, \u00e0 partir de la porte arri\u00e8re. Concernant l\u2019entretien, les principaux composants sont \u00e9galement facilement et rapidement accessibles en basculant la cabine ROPS\/FOPS.[\/vc_column_text][\/vc_column_inner][\/vc_row_inner][vc_separator][vc_row_inner][vc_column_inner width=&#8221;1\/4&#8243;][vc_single_image image=&#8221;1460&#8243; img_size=&#8221;medium&#8221;][\/vc_column_inner][vc_column_inner width=&#8221;3\/4&#8243;][vc_custom_heading text=&#8221;LA S\u00c9CURIT\u00c9 N\u2019EST PAS UNE OPTION&#8221; font_container=&#8221;tag:h3|text_align:left&#8221; use_theme_fonts=&#8221;yes&#8221;][vc_column_text]La s\u00e9curit\u00e9 est et restera toujours une priorit\u00e9 pour Sunward.<\/p>\n<p>La SL 06W a \u00e9t\u00e9 con\u00e7ue pour assurer la s\u00e9curit\u00e9 de l\u2019op\u00e9rateur. Ainsi, la cabine ROPS\/FOPS et la sortie par la fen\u00eatre arri\u00e8re, associ\u00e9es \u00e0 l&#8217;excellente visibilit\u00e9 et \u00e0 une grande stabilit\u00e9 de la machine, garantissent une s\u00e9curit\u00e9 maximale.<\/p>\n<p>Un contacteur de si\u00e8ge et un contacteur d\u2019accoudoir \u00e9vitent \u00e9galement tout d\u00e9marrage involontaire de la machine, sans la pr\u00e9sence d\u2019un op\u00e9rateur.<\/p>\n<p>En termes de syst\u00e8mes, la chargeuse compacte SL 06W est dot\u00e9e d\u2019une fonction d\u2019abaissement d\u2019urgence, afin que la fl\u00e8che puisse s\u2019abaisser en urgence en toute s\u00e9curit\u00e9 en cas d\u2019arr\u00eat inattendu du moteur.[\/vc_column_text][\/vc_column_inner][\/vc_row_inner][\/vc_tta_section][vc_tta_section title=&#8221;VIDEO&#8221; tab_id=&#8221;1623857706491-8aa3a03f-cca1&#8243;][vc_video link=&#8221;https:\/\/youtu.be\/tmwhSLx2cE4&#8243;][\/vc_tta_section][vc_tta_section title=&#8221;BROCHURE&#8221; tab_id=&#8221;1623857795794-8fd5289e-c5a3&#8243;][vc_row_inner content_placement=&#8221;middle&#8221;][vc_column_inner width=&#8221;1\/4&#8243;][vc_single_image image=&#8221;3522&#8243; img_size=&#8221;large&#8221;][\/vc_column_inner][vc_column_inner width=&#8221;3\/4&#8243;][vc_custom_heading text=&#8221;SUNWARD SL 06W Product brochure&#8221; font_container=&#8221;tag:h3|text_align:left&#8221; use_theme_fonts=&#8221;yes&#8221;][vc_btn title=&#8221;DOWNLOAD&#8221; color=&#8221;orange&#8221; size=&#8221;lg&#8221; css=&#8221;&#8221; link=&#8221;url:https%3A%2F%2Fsunward.eu%2Fwp-content%2Fuploads%2F2025%2F09%2FSUNWARD_SL06W_09.2025_FINAL_HR_FR.pdf|title:Sunward%20SWL%2006W%20Spec%20Sheet|target:_blank&#8221;][\/vc_column_inner][\/vc_row_inner][\/vc_tta_section][\/vc_tta_accordion][\/vc_column][\/vc_row]<\/p>\n<\/div>","protected":false},"excerpt":{"rendered":"<p>La SL 06W de Sunward est un ajout remarquable au march\u00e9 des chargeuses sur pneus compactes, pr\u00e9sentant une gamme d&#8217;attributs b\u00e9n\u00e9fiques.<\/p>\n<p>Il est propuls\u00e9 par un moteur Yanmar qui \u00e9quilibre efficacement performances robustes et responsabilit\u00e9 environnementale. [&#8230;]<\/p>\n<p><a class=\"btn btn-secondary understrap-read-more-link\" href=\"https:\/\/sunward.eu\/fr\/produit\/sl-06w\/\">Lire la suite&#8230;<\/a><\/p>\n","protected":false},"featured_media":3521,"comment_status":"closed","ping_status":"closed","template":"","meta":{"_acf_changed":false,"inline_featured_image":false},"product_cat":[327],"product_tag":[],"class_list":{"0":"post-3520","1":"product","2":"type-product","3":"status-publish","4":"has-post-thumbnail","6":"product_cat-articulated-wheel-loaders","7":"pa_operating-weight-1-700-kg","8":"pa_power-output-18-2-kw","10":"first","11":"instock","12":"shipping-taxable","13":"product-type-simple"},"translation":{"provider":"WPGlobus","version":"2.12.2","language":"fr","enabled_languages":["en","de","fr","it"],"languages":{"en":{"title":true,"content":true,"excerpt":true},"de":{"title":true,"content":true,"excerpt":true},"fr":{"title":true,"content":true,"excerpt":true},"it":{"title":true,"content":true,"excerpt":true}}},"acf":[],"yoast_head":"<!-- This site is optimized with the Yoast SEO plugin v22.6 - https:\/\/yoast.com\/wordpress\/plugins\/seo\/ -->\n<title>SL 06W - Sunward Europe (Official Website for EU &amp; UK)<\/title>\n<meta name=\"robots\" content=\"index, follow, max-snippet:-1, max-image-preview:large, max-video-preview:-1\" \/>\n<link rel=\"canonical\" href=\"https:\/\/sunward.eu\/product\/sl-06w\/\" \/>\n<meta property=\"og:locale\" content=\"fr_FR\" \/>\n<meta property=\"og:type\" content=\"article\" \/>\n<meta property=\"og:title\" content=\"SL 06W - Sunward Europe (Official Website for EU &amp; UK)\" \/>\n<meta property=\"og:url\" content=\"https:\/\/sunward.eu\/product\/sl-06w\/\" \/>\n<meta property=\"og:site_name\" content=\"Sunward Europe (Official Website for EU &amp; UK)\" \/>\n<meta property=\"article:modified_time\" content=\"2025-09-22T13:38:45+00:00\" \/>\n<meta property=\"og:image\" content=\"https:\/\/sunward.eu\/wp-content\/uploads\/2024\/04\/Sunward-SL-06W_MAIN.png\" \/>\n\t<meta property=\"og:image:width\" content=\"1000\" \/>\n\t<meta property=\"og:image:height\" content=\"1000\" \/>\n\t<meta property=\"og:image:type\" content=\"image\/png\" \/>\n<meta name=\"twitter:card\" content=\"summary_large_image\" \/>\n<meta name=\"twitter:label1\" content=\"Est. reading time\" \/>\n\t<meta name=\"twitter:data1\" content=\"4 minutes\" \/>\n<script type=\"application\/ld+json\" class=\"yoast-schema-graph\">{\"@context\":\"https:\/\/schema.org\",\"@graph\":[{\"@type\":\"WebPage\",\"@id\":\"https:\/\/sunward.eu\/product\/sl-06w\/\",\"url\":\"https:\/\/sunward.eu\/product\/sl-06w\/\",\"name\":\"SL 06W - Sunward Europe (Official Website for EU &amp; UK)\",\"isPartOf\":{\"@id\":\"https:\/\/sunward.eu\/#website\"},\"primaryImageOfPage\":{\"@id\":\"https:\/\/sunward.eu\/product\/sl-06w\/#primaryimage\"},\"image\":{\"@id\":\"https:\/\/sunward.eu\/product\/sl-06w\/#primaryimage\"},\"thumbnailUrl\":\"https:\/\/sunward.eu\/wp-content\/uploads\/2024\/04\/Sunward-SL-06W_MAIN.png\",\"datePublished\":\"2024-04-02T10:39:02+00:00\",\"dateModified\":\"2025-09-22T13:38:45+00:00\",\"breadcrumb\":{\"@id\":\"https:\/\/sunward.eu\/product\/sl-06w\/#breadcrumb\"},\"inLanguage\":\"fr-FR\",\"potentialAction\":[{\"@type\":\"ReadAction\",\"target\":[\"https:\/\/sunward.eu\/product\/sl-06w\/\"]}]},{\"@type\":\"ImageObject\",\"inLanguage\":\"fr-FR\",\"@id\":\"https:\/\/sunward.eu\/product\/sl-06w\/#primaryimage\",\"url\":\"https:\/\/sunward.eu\/wp-content\/uploads\/2024\/04\/Sunward-SL-06W_MAIN.png\",\"contentUrl\":\"https:\/\/sunward.eu\/wp-content\/uploads\/2024\/04\/Sunward-SL-06W_MAIN.png\",\"width\":1000,\"height\":1000},{\"@type\":\"BreadcrumbList\",\"@id\":\"https:\/\/sunward.eu\/product\/sl-06w\/#breadcrumb\",\"itemListElement\":[{\"@type\":\"ListItem\",\"position\":1,\"name\":\"Home\",\"item\":\"https:\/\/sunward.eu\/\"},{\"@type\":\"ListItem\",\"position\":2,\"name\":\"Products\",\"item\":\"https:\/\/sunward.eu\/shop\/\"},{\"@type\":\"ListItem\",\"position\":3,\"name\":\"{:en}Articulated wheel loaders{:}{:de}Knickgelenkte Radlader{:}{:fr}Chargeuses sur pneus articul\u00e9es{:}{:it}Pale gommate articolate{:}\",\"item\":\"https:\/\/sunward.eu\/product-category\/articulated-wheel-loaders\/\"},{\"@type\":\"ListItem\",\"position\":4,\"name\":\"SL 06W\"}]},{\"@type\":\"WebSite\",\"@id\":\"https:\/\/sunward.eu\/#website\",\"url\":\"https:\/\/sunward.eu\/\",\"name\":\"Sunward Europe (Official Website for EU &amp; UK)\",\"description\":\"The smart choice\",\"publisher\":{\"@id\":\"https:\/\/sunward.eu\/#organization\"},\"potentialAction\":[{\"@type\":\"SearchAction\",\"target\":{\"@type\":\"EntryPoint\",\"urlTemplate\":\"https:\/\/sunward.eu\/?s={search_term_string}\"},\"query-input\":\"required name=search_term_string\"}],\"inLanguage\":\"fr-FR\"},{\"@type\":\"Organization\",\"@id\":\"https:\/\/sunward.eu\/#organization\",\"name\":\"Sunward Europe (Official Website for EU &amp; UK)\",\"url\":\"https:\/\/sunward.eu\/\",\"logo\":{\"@type\":\"ImageObject\",\"inLanguage\":\"fr-FR\",\"@id\":\"https:\/\/sunward.eu\/#\/schema\/logo\/image\/\",\"url\":\"https:\/\/sunward.eu\/wp-content\/uploads\/2022\/01\/Website_Sunward_logo_top_180x63px.png\",\"contentUrl\":\"https:\/\/sunward.eu\/wp-content\/uploads\/2022\/01\/Website_Sunward_logo_top_180x63px.png\",\"width\":180,\"height\":63,\"caption\":\"Sunward Europe (Official Website for EU &amp; UK)\"},\"image\":{\"@id\":\"https:\/\/sunward.eu\/#\/schema\/logo\/image\/\"}}]}<\/script>\n<!-- \/ Yoast SEO plugin. -->","yoast_head_json":{"title":"SL 06W - Sunward Europe (Official Website for EU &amp; UK)","robots":{"index":"index","follow":"follow","max-snippet":"max-snippet:-1","max-image-preview":"max-image-preview:large","max-video-preview":"max-video-preview:-1"},"canonical":"https:\/\/sunward.eu\/product\/sl-06w\/","og_locale":"fr_FR","og_type":"article","og_title":"SL 06W - Sunward Europe (Official Website for EU &amp; UK)","og_url":"https:\/\/sunward.eu\/product\/sl-06w\/","og_site_name":"Sunward Europe (Official Website for EU &amp; UK)","article_modified_time":"2025-09-22T13:38:45+00:00","og_image":[{"width":1000,"height":1000,"url":"https:\/\/sunward.eu\/wp-content\/uploads\/2024\/04\/Sunward-SL-06W_MAIN.png","type":"image\/png"}],"twitter_card":"summary_large_image","twitter_misc":{"Est. reading time":"4 minutes"},"schema":{"@context":"https:\/\/schema.org","@graph":[{"@type":"WebPage","@id":"https:\/\/sunward.eu\/product\/sl-06w\/","url":"https:\/\/sunward.eu\/product\/sl-06w\/","name":"SL 06W - Sunward Europe (Official Website for EU &amp; UK)","isPartOf":{"@id":"https:\/\/sunward.eu\/#website"},"primaryImageOfPage":{"@id":"https:\/\/sunward.eu\/product\/sl-06w\/#primaryimage"},"image":{"@id":"https:\/\/sunward.eu\/product\/sl-06w\/#primaryimage"},"thumbnailUrl":"https:\/\/sunward.eu\/wp-content\/uploads\/2024\/04\/Sunward-SL-06W_MAIN.png","datePublished":"2024-04-02T10:39:02+00:00","dateModified":"2025-09-22T13:38:45+00:00","breadcrumb":{"@id":"https:\/\/sunward.eu\/product\/sl-06w\/#breadcrumb"},"inLanguage":"fr-FR","potentialAction":[{"@type":"ReadAction","target":["https:\/\/sunward.eu\/product\/sl-06w\/"]}]},{"@type":"ImageObject","inLanguage":"fr-FR","@id":"https:\/\/sunward.eu\/product\/sl-06w\/#primaryimage","url":"https:\/\/sunward.eu\/wp-content\/uploads\/2024\/04\/Sunward-SL-06W_MAIN.png","contentUrl":"https:\/\/sunward.eu\/wp-content\/uploads\/2024\/04\/Sunward-SL-06W_MAIN.png","width":1000,"height":1000},{"@type":"BreadcrumbList","@id":"https:\/\/sunward.eu\/product\/sl-06w\/#breadcrumb","itemListElement":[{"@type":"ListItem","position":1,"name":"Home","item":"https:\/\/sunward.eu\/"},{"@type":"ListItem","position":2,"name":"Products","item":"https:\/\/sunward.eu\/shop\/"},{"@type":"ListItem","position":3,"name":"{:en}Articulated wheel loaders{:}{:de}Knickgelenkte Radlader{:}{:fr}Chargeuses sur pneus articul\u00e9es{:}{:it}Pale gommate articolate{:}","item":"https:\/\/sunward.eu\/product-category\/articulated-wheel-loaders\/"},{"@type":"ListItem","position":4,"name":"SL 06W"}]},{"@type":"WebSite","@id":"https:\/\/sunward.eu\/#website","url":"https:\/\/sunward.eu\/","name":"Sunward Europe (Official Website for EU &amp; UK)","description":"The smart choice","publisher":{"@id":"https:\/\/sunward.eu\/#organization"},"potentialAction":[{"@type":"SearchAction","target":{"@type":"EntryPoint","urlTemplate":"https:\/\/sunward.eu\/?s={search_term_string}"},"query-input":"required name=search_term_string"}],"inLanguage":"fr-FR"},{"@type":"Organization","@id":"https:\/\/sunward.eu\/#organization","name":"Sunward Europe (Official Website for EU &amp; UK)","url":"https:\/\/sunward.eu\/","logo":{"@type":"ImageObject","inLanguage":"fr-FR","@id":"https:\/\/sunward.eu\/#\/schema\/logo\/image\/","url":"https:\/\/sunward.eu\/wp-content\/uploads\/2022\/01\/Website_Sunward_logo_top_180x63px.png","contentUrl":"https:\/\/sunward.eu\/wp-content\/uploads\/2022\/01\/Website_Sunward_logo_top_180x63px.png","width":180,"height":63,"caption":"Sunward Europe (Official Website for EU &amp; UK)"},"image":{"@id":"https:\/\/sunward.eu\/#\/schema\/logo\/image\/"}}]}},"_links":{"self":[{"href":"https:\/\/sunward.eu\/fr\/wp-json\/wp\/v2\/product\/3520","targetHints":{"allow":["GET"]}}],"collection":[{"href":"https:\/\/sunward.eu\/fr\/wp-json\/wp\/v2\/product"}],"about":[{"href":"https:\/\/sunward.eu\/fr\/wp-json\/wp\/v2\/types\/product"}],"replies":[{"embeddable":true,"href":"https:\/\/sunward.eu\/fr\/wp-json\/wp\/v2\/comments?post=3520"}],"wp:featuredmedia":[{"embeddable":true,"href":"https:\/\/sunward.eu\/fr\/wp-json\/wp\/v2\/media\/3521"}],"wp:attachment":[{"href":"https:\/\/sunward.eu\/fr\/wp-json\/wp\/v2\/media?parent=3520"}],"wp:term":[{"taxonomy":"product_cat","embeddable":true,"href":"https:\/\/sunward.eu\/fr\/wp-json\/wp\/v2\/product_cat?post=3520"},{"taxonomy":"product_tag","embeddable":true,"href":"https:\/\/sunward.eu\/fr\/wp-json\/wp\/v2\/product_tag?post=3520"}],"curies":[{"name":"wp","href":"https:\/\/api.w.org\/{rel}","templated":true}]}}