{"id":3497,"date":"2024-03-26T14:43:42","date_gmt":"2024-03-26T13:43:42","guid":{"rendered":"https:\/\/sunward.eu\/?post_type=product&#038;p=3497"},"modified":"2025-05-22T12:43:24","modified_gmt":"2025-05-22T10:43:24","slug":"swe-08f","status":"publish","type":"product","link":"https:\/\/sunward.eu\/fr\/produit\/swe-08f\/","title":{"rendered":"SWE 08F"},"content":{"rendered":"<div class=\"wpb-content-wrapper\"><p>[vc_row][vc_column][vc_tta_accordion style=&#8221;flat&#8221; c_icon=&#8221;chevron&#8221; c_position=&#8221;right&#8221; active_section=&#8221;1&#8243; no_fill=&#8221;true&#8221; el_class=&#8221;custom-accordion&#8221;][vc_tta_section title=&#8221;SP\u00c9CIFICATIONS&#8221; tab_id=&#8221;1623355628079-f58b5c44-7c4b&#8221;][vc_custom_heading text=&#8221;SUNWARD SWE 08F&#8221; font_container=&#8221;tag:h3|text_align:left&#8221; use_theme_fonts=&#8221;yes&#8221;][vc_column_text]<span style=\"font-weight: 400;\">La micro-pelle SWE 08F de Sunward, qui sera d\u00e9voil\u00e9e \u00e0 INTERMAT 2024, est une \u00e9volution de la SWE 08B, am\u00e9lior\u00e9e gr\u00e2ce aux retours des clients europ\u00e9ens.\u00a0<\/span><\/p>\n<p><span style=\"font-weight: 400;\">Conservant son moteur Yanmar, la SWE 08F maintient les sp\u00e9cifications cl\u00e9s tout en offrant des am\u00e9liorations structurelles et ergonomiques pour une meilleure stabilit\u00e9 et confort de l&#8217;op\u00e9rateur. Ce nouveau mod\u00e8le pr\u00e9sente des composants hydrauliques avanc\u00e9s pour une maniabilit\u00e9 am\u00e9lior\u00e9e et une augmentation de 16 % de sa capacit\u00e9 de brisement.\u00a0<\/span><\/p>\n<p><span style=\"font-weight: 400;\">Elle incarne l&#8217;engagement de Sunward envers l&#8217;innovation, \u00e9tablissant une nouvelle norme dans le segment des micro-pelles pour divers besoins de construction.\u00a0<\/span>[\/vc_column_text][vc_row_inner][vc_column_inner width=&#8221;1\/2&#8243;][vc_toggle title=&#8221;DIMENSIONS&#8221; css=&#8221;&#8221;]<\/p>\n<table width=\"1274\">\n<tbody>\n<tr>\n<td width=\"631\">Poids op\u00e9rationnel<\/td>\n<td width=\"643\">1 010 kg<\/td>\n<\/tr>\n<tr>\n<td width=\"631\">Capacit\u00e9 du godet standard<\/td>\n<td>0.022 m\u00b3<\/td>\n<\/tr>\n<tr>\n<td width=\"631\">Longueur de transport<\/td>\n<td>2\u2009640 mm<\/td>\n<\/tr>\n<tr>\n<td width=\"631\">Largeur de transport<\/td>\n<td>750 mm<\/td>\n<\/tr>\n<tr>\n<td width=\"631\">Hauteur au-dessus du toit de la cabine\/du canopy<\/td>\n<td>2 275 mm<\/td>\n<\/tr>\n<\/tbody>\n<\/table>\n<p>[\/vc_toggle][vc_toggle title=&#8221;MOTEUR&#8221; css=&#8221;&#8221;]<\/p>\n<table width=\"1274\">\n<tbody>\n<tr>\n<td width=\"631\">Mod\u00e8le<\/td>\n<td width=\"643\">Yanmar 2TNV70-PSU<\/td>\n<\/tr>\n<tr>\n<td>Norme antipollution<\/td>\n<td>UE Phase V (EU Stage V)<\/td>\n<\/tr>\n<tr>\n<td>Cylindr\u00e9e<\/td>\n<td>0.57 L<\/td>\n<\/tr>\n<tr>\n<td>Puissance de sortie nominale<\/td>\n<td>7.2 kW<\/td>\n<\/tr>\n<\/tbody>\n<\/table>\n<p>[\/vc_toggle][vc_toggle title=&#8221;SYST\u00c8ME HYDRAULIQUE&#8221; css=&#8221;&#8221;]<\/p>\n<table width=\"1274\">\n<tbody>\n<tr>\n<td width=\"631\">Type<\/td>\n<td width=\"643\">Pompes \u00e0 engrenages<\/td>\n<\/tr>\n<tr>\n<td>Cylindr\u00e9e<\/td>\n<td>2*9.6 l\/min<\/td>\n<\/tr>\n<tr>\n<td>Pression hydraulique<\/td>\n<td>16 Mpa<\/td>\n<\/tr>\n<\/tbody>\n<\/table>\n<p>[\/vc_toggle][vc_toggle title=&#8221;ENVELOPPE DE TRAVAIL&#8221; css=&#8221;&#8221;]<\/p>\n<table width=\"1274\">\n<tbody>\n<tr>\n<td width=\"631\">Profondeur de fouille max.<\/td>\n<td width=\"643\">1\u2009450 mm<\/td>\n<\/tr>\n<tr>\n<td>Port\u00e9e de fouille max.<\/td>\n<td>2 850 mm<\/td>\n<\/tr>\n<tr>\n<td>Force de fouille max. du godet<\/td>\n<td>9.4 kN<\/td>\n<\/tr>\n<tr>\n<td>Force de fouille max. du balancier<\/td>\n<td>5.8 kN<\/td>\n<\/tr>\n<\/tbody>\n<\/table>\n<p>[\/vc_toggle][\/vc_column_inner][vc_column_inner width=&#8221;1\/2&#8243;][\/vc_column_inner][\/vc_row_inner][\/vc_tta_section][vc_tta_section title=&#8221;FONCTIONNALIT\u00c9S ET ATOUTS&#8221; tab_id=&#8221;1623355710952-d36b50a3-81ed&#8221;][vc_row_inner][vc_column_inner width=&#8221;1\/4&#8243;][vc_single_image image=&#8221;1070&#8243; img_size=&#8221;medium&#8221;][\/vc_column_inner][vc_column_inner width=&#8221;3\/4&#8243;][vc_custom_heading text=&#8221;CONSTRUITE POUR L\u2019EUROPE&#8221; font_container=&#8221;tag:h3|text_align:left&#8221; use_theme_fonts=&#8221;yes&#8221;][vc_column_text]Outre sa certification CE, la Sunward SWE 08F, comme toutes les machines Sunward destin\u00e9es au march\u00e9 europ\u00e9en, est sp\u00e9cifiquement con\u00e7ue pour r\u00e9pondre aux besoins des clients europ\u00e9ens.[\/vc_column_text][\/vc_column_inner][\/vc_row_inner][vc_separator][vc_row_inner][vc_column_inner width=&#8221;1\/4&#8243;][vc_single_image image=&#8221;1080&#8243; img_size=&#8221;medium&#8221;][\/vc_column_inner][vc_column_inner width=&#8221;3\/4&#8243;][vc_custom_heading text=&#8221;UN MOTEUR PUISSANT ET FIABLE&#8221; font_container=&#8221;tag:h3|text_align:left&#8221; use_theme_fonts=&#8221;yes&#8221;][vc_column_text css=&#8221;&#8221;]Nous avons opt\u00e9 pour le puissant moteur Yanmar 2TNV70-PSU affichant une faible consommation de carburant, un faible niveau sonore et de vibrations et un contr\u00f4le de la performance en altitude. Ce moteur diesel industriel de 7.2 kW est conforme aux normes antipollution UE Phase V et EPA Final Tier 4. Sa conception compacte signifie qu&#8217;il peut \u00eatre utilis\u00e9 dans de nombreuses applications. Il convient id\u00e9alement \u00e0 notre mini-pelle SWE 08F, fiable et polyvalente.[\/vc_column_text][\/vc_column_inner][\/vc_row_inner][vc_separator][vc_row_inner][vc_column_inner width=&#8221;1\/4&#8243;][vc_single_image image=&#8221;1091&#8243; img_size=&#8221;medium&#8221;][\/vc_column_inner][vc_column_inner width=&#8221;3\/4&#8243;][vc_custom_heading text=&#8221;DES COMPOSANTS HAUT DE GAMME&#8221; font_container=&#8221;tag:h3|text_align:left&#8221; use_theme_fonts=&#8221;yes&#8221;][vc_column_text css=&#8221;&#8221;]Tous les composants cl\u00e9s des excavatrices Sunward sont soigneusement s\u00e9lectionn\u00e9s, du moteur au syst\u00e8me hydraulique. \u00c9tant donn\u00e9 que l\u2019hydraulique est souvent consid\u00e9r\u00e9e comme le c\u0153ur de la machine, Sunward s\u2019approvisionne exclusivement aupr\u00e8s de fournisseurs de tout premier plan. Pour la Sunward SWE 08F, nous avons choisi des fabricants japonais haut de gamme pour la pompe hydraulique, le moteur de translation et le moteur de rotation. Ces composants sont reconnus pour leur efficacit\u00e9, leur fiabilit\u00e9 et leur compacit\u00e9 \u2013 des qualit\u00e9s essentielles qui contribuent directement \u00e0 la fiabilit\u00e9 de la SWE 08F.[\/vc_column_text][\/vc_column_inner][\/vc_row_inner][vc_separator][vc_row_inner][vc_column_inner width=&#8221;1\/4&#8243;][vc_single_image image=&#8221;1072&#8243; img_size=&#8221;medium&#8221;][\/vc_column_inner][vc_column_inner width=&#8221;3\/4&#8243;][vc_custom_heading text=&#8221;UN DESIGN COMPACT&#8221; font_container=&#8221;tag:h3|text_align:left&#8221; use_theme_fonts=&#8221;yes&#8221;][vc_column_text]Avec son ch\u00e2ssis inf\u00e9rieur \u00e0 voie variable de 750 mm \u00e0 1 000 mm, la SWE 08F offre une excellente stabilit\u00e9 et un travail confortable et en s\u00e9curit\u00e9 pour toutes les applications, incluant les chantiers exigus. Lorsqu\u2019il est retract\u00e9, la SWE 08F peut passer les portes. Son design compact rend la mini-pelle SWE 08F id\u00e9ale pour le transport. La SWE 08F fait mieux que r\u00e9pondre aux normes de transport de l&#8217;Union Europ\u00e9enne : v\u00e9ritablement compacte (largeur de 750 mm) et l\u00e9g\u00e8re (1 010 kg), elle garantit un transport simple, facile et s\u00fbr. La machine peut \u00eatre transport\u00e9e en toute s\u00e9curit\u00e9 sur le plateau d\u2019un pick-up ou une petite remorque avec jusqu\u2019\u00e0 3 godets et un brise-roche, pour un poids total de transport de moins de 2t.[\/vc_column_text][\/vc_column_inner][\/vc_row_inner][vc_separator][vc_row_inner][vc_column_inner width=&#8221;1\/4&#8243;][vc_single_image image=&#8221;1076&#8243; img_size=&#8221;medium&#8221;][\/vc_column_inner][vc_column_inner width=&#8221;3\/4&#8243;][vc_custom_heading text=&#8221;UNE ENVELOPPE DE TRAVAIL \u00c9TENDUE&#8221; font_container=&#8221;tag:h3|text_align:left&#8221; use_theme_fonts=&#8221;yes&#8221;][vc_column_text css=&#8221;&#8221;]Malgr\u00e9 sa taille tr\u00e8s compacte, la SWE 08F pr\u00e9sente une puissance de levage et de fouille et une port\u00e9e \u00e9tendue. La SWE 08F offre une puissance de fouille exceptionnelle de plus de 9.4 kN (godet) et de presque 5.8 kN (balancier). Et en mati\u00e8re de port\u00e9e de fouille, la conception du v\u00e9rin de fl\u00e8che de la SWE 08F lui permet d&#8217;offrir une port\u00e9e de 750 mm.[\/vc_column_text][\/vc_column_inner][\/vc_row_inner][vc_separator][vc_row_inner][vc_column_inner width=&#8221;1\/4&#8243;][vc_single_image image=&#8221;1079&#8243; img_size=&#8221;medium&#8221;][\/vc_column_inner][vc_column_inner width=&#8221;3\/4&#8243;][vc_custom_heading text=&#8221;PR\u00caTE POUR DE MULTIPLES APPLICATIONS&#8221; font_container=&#8221;tag:h3|text_align:left&#8221; use_theme_fonts=&#8221;yes&#8221;][vc_column_text]La polyvalence d&#8217;une mini-pelle commence avec sa facilit\u00e9 de transport. La SWE 08F fait mieux que r\u00e9pondre aux normes de transport de l&#8217;Union Europ\u00e9enne : v\u00e9ritablement compacte (largeur de 750 mm pouvant \u00eatre \u00e9tendue \u00e0 1 000 mm) et l\u00e9g\u00e8re (1 010 kg), elle garantit un transport simple, facile et s\u00fbr. Un large choix d\u2019accessoires s\u2019adapte facilement pour une plus grande polyvalence.[\/vc_column_text][\/vc_column_inner][\/vc_row_inner][vc_separator][vc_row_inner][vc_column_inner width=&#8221;1\/4&#8243;][vc_single_image image=&#8221;1071&#8243; img_size=&#8221;medium&#8221;][\/vc_column_inner][vc_column_inner width=&#8221;3\/4&#8243;][vc_custom_heading text=&#8221;LE MEILLEUR RAPPORT QUALIT\u00c9-PRIX&#8221; font_container=&#8221;tag:h3|text_align:left&#8221; use_theme_fonts=&#8221;yes&#8221;][vc_column_text]Sunward est le meilleur investissement en termes de fiabilit\u00e9, de performances et un retour sur investissement \u00e9lev\u00e9. En effet, la conception soigneusement \u00e9tudi\u00e9e de la SWE 08F inclut une s\u00e9lection bien \u00e9tudi\u00e9e de composants qui facilitent l&#8217;utilisation et l&#8217;entretien de la machine. Les choix que nous avons faits nous permettent de vous offrir une machine \u00e0 l&#8217;\u00e9quipement standard sans \u00e9gal, avec des composants de premi\u00e8re qualit\u00e9 et des performances de haut niveau&#8230;. \u00e0 un prix tr\u00e8s abordable.<br \/>\nEn outre, les pi\u00e8ces d\u00e9tach\u00e9es Sunward sont, elles aussi, tr\u00e8s \u00e9conomiques, sans parler de la garantie standard de 5 ans accompagnant tous les produits Sunward, qui compl\u00e8te l&#8217;offre en beaut\u00e9.[\/vc_column_text][\/vc_column_inner][\/vc_row_inner][\/vc_tta_section][vc_tta_section title=&#8221;VID\u00c9O&#8221; tab_id=&#8221;1623857706491-8aa3a03f-cca1&#8243;][vc_video link=&#8221;https:\/\/youtu.be\/StuJbs0I2fA&#8221;][\/vc_tta_section][vc_tta_section title=&#8221;BROCHURE&#8221; tab_id=&#8221;1623857795794-8fd5289e-c5a3&#8243;][vc_row_inner content_placement=&#8221;middle&#8221;][vc_column_inner width=&#8221;1\/4&#8243;][vc_single_image image=&#8221;3501&#8243; img_size=&#8221;large&#8221;][\/vc_column_inner][vc_column_inner width=&#8221;3\/4&#8243;][vc_custom_heading text=&#8221;BROCHURE PRODUIT&#8221; font_container=&#8221;tag:h3|text_align:left&#8221; use_theme_fonts=&#8221;yes&#8221;][vc_btn title=&#8221;T\u00c9L\u00c9CHARGEMENT&#8221; color=&#8221;orange&#8221; size=&#8221;lg&#8221; css=&#8221;&#8221; link=&#8221;url:https%3A%2F%2Fsunward.eu%2Fwp-content%2Fuploads%2F2025%2F05%2FSUNWARD_SWE-08F_05.2025_FINAL_HR_FR.pdf|title:Sunward%20SWE%2008F%20Spec%20Sheet|target:_blank&#8221;][\/vc_column_inner][\/vc_row_inner][\/vc_tta_section][\/vc_tta_accordion][\/vc_column][\/vc_row]<\/p>\n<\/div>","protected":false},"excerpt":{"rendered":"<p><span style=\"font-weight: 400;\">Pr\u00e9sent\u00e9e \u00e0 INTERMAT 2024 \u00e0 Paris, la micro-pelle SWE 08F de Sunward est un t\u00e9moignage de l&#8217;engagement de la marque pour l&#8217;am\u00e9lioration continue et un design ax\u00e9 sur le client.\u00a0<\/span><\/p>\n<p><span style=\"font-weight: 400;\">En tant que derni\u00e8re it\u00e9ration bas\u00e9e sur le tr\u00e8s acclam\u00e9 SWE 08B, la SWE 08F marque une \u00e9volution significative, rejoignant les rangs estim\u00e9s de la s\u00e9rie F de Sunward. <\/span> [&#8230;]<\/p>\n<p><a class=\"btn btn-secondary understrap-read-more-link\" href=\"https:\/\/sunward.eu\/fr\/produit\/swe-08f\/\">Lire la suite&#8230;<\/a><\/p>\n","protected":false},"featured_media":3498,"comment_status":"closed","ping_status":"closed","template":"","meta":{"_acf_changed":false,"inline_featured_image":false},"product_cat":[26,37],"product_tag":[],"class_list":{"0":"post-3497","1":"product","2":"type-product","3":"status-publish","4":"has-post-thumbnail","6":"product_cat-excavators","7":"product_cat-mini-excavators","8":"pa_emission-rating-eu-stage-5","9":"pa_max-digging-depth-1450-mm","10":"pa_operating-weight-1010-kg","11":"pa_power-output-7-2-kw","12":"pa_width-750-1000-mm","14":"first","15":"instock","16":"shipping-taxable","17":"product-type-simple"},"translation":{"provider":"WPGlobus","version":"2.12.2","language":"fr","enabled_languages":["en","de","fr","it"],"languages":{"en":{"title":true,"content":true,"excerpt":true},"de":{"title":true,"content":true,"excerpt":true},"fr":{"title":true,"content":true,"excerpt":true},"it":{"title":true,"content":true,"excerpt":true}}},"acf":[],"yoast_head":"<!-- This site is optimized with the Yoast SEO plugin v22.6 - https:\/\/yoast.com\/wordpress\/plugins\/seo\/ -->\n<title>SWE 08F - Sunward Europe (Official Website for EU &amp; UK)<\/title>\n<meta name=\"robots\" content=\"index, follow, max-snippet:-1, max-image-preview:large, max-video-preview:-1\" \/>\n<link rel=\"canonical\" href=\"https:\/\/sunward.eu\/product\/swe-08f\/\" \/>\n<meta property=\"og:locale\" content=\"fr_FR\" \/>\n<meta property=\"og:type\" content=\"article\" \/>\n<meta property=\"og:title\" content=\"SWE 08F - Sunward Europe (Official Website for EU &amp; UK)\" \/>\n<meta property=\"og:url\" content=\"https:\/\/sunward.eu\/product\/swe-08f\/\" \/>\n<meta property=\"og:site_name\" content=\"Sunward Europe (Official Website for EU &amp; UK)\" \/>\n<meta property=\"article:modified_time\" content=\"2025-05-22T10:43:24+00:00\" \/>\n<meta property=\"og:image\" content=\"https:\/\/sunward.eu\/wp-content\/uploads\/2024\/03\/Sunward-SWE-08F_MAIN.png\" \/>\n\t<meta property=\"og:image:width\" content=\"1000\" \/>\n\t<meta property=\"og:image:height\" content=\"1000\" \/>\n\t<meta property=\"og:image:type\" content=\"image\/png\" \/>\n<meta name=\"twitter:card\" content=\"summary_large_image\" \/>\n<meta name=\"twitter:label1\" content=\"Est. reading time\" \/>\n\t<meta name=\"twitter:data1\" content=\"4 minutes\" \/>\n<script type=\"application\/ld+json\" class=\"yoast-schema-graph\">{\"@context\":\"https:\/\/schema.org\",\"@graph\":[{\"@type\":\"WebPage\",\"@id\":\"https:\/\/sunward.eu\/product\/swe-08f\/\",\"url\":\"https:\/\/sunward.eu\/product\/swe-08f\/\",\"name\":\"SWE 08F - Sunward Europe (Official Website for EU &amp; UK)\",\"isPartOf\":{\"@id\":\"https:\/\/sunward.eu\/#website\"},\"primaryImageOfPage\":{\"@id\":\"https:\/\/sunward.eu\/product\/swe-08f\/#primaryimage\"},\"image\":{\"@id\":\"https:\/\/sunward.eu\/product\/swe-08f\/#primaryimage\"},\"thumbnailUrl\":\"https:\/\/sunward.eu\/wp-content\/uploads\/2024\/03\/Sunward-SWE-08F_MAIN.png\",\"datePublished\":\"2024-03-26T13:43:42+00:00\",\"dateModified\":\"2025-05-22T10:43:24+00:00\",\"breadcrumb\":{\"@id\":\"https:\/\/sunward.eu\/product\/swe-08f\/#breadcrumb\"},\"inLanguage\":\"fr-FR\",\"potentialAction\":[{\"@type\":\"ReadAction\",\"target\":[\"https:\/\/sunward.eu\/product\/swe-08f\/\"]}]},{\"@type\":\"ImageObject\",\"inLanguage\":\"fr-FR\",\"@id\":\"https:\/\/sunward.eu\/product\/swe-08f\/#primaryimage\",\"url\":\"https:\/\/sunward.eu\/wp-content\/uploads\/2024\/03\/Sunward-SWE-08F_MAIN.png\",\"contentUrl\":\"https:\/\/sunward.eu\/wp-content\/uploads\/2024\/03\/Sunward-SWE-08F_MAIN.png\",\"width\":1000,\"height\":1000},{\"@type\":\"BreadcrumbList\",\"@id\":\"https:\/\/sunward.eu\/product\/swe-08f\/#breadcrumb\",\"itemListElement\":[{\"@type\":\"ListItem\",\"position\":1,\"name\":\"Home\",\"item\":\"https:\/\/sunward.eu\/\"},{\"@type\":\"ListItem\",\"position\":2,\"name\":\"Products\",\"item\":\"https:\/\/sunward.eu\/shop\/\"},{\"@type\":\"ListItem\",\"position\":3,\"name\":\"Excavators\",\"item\":\"https:\/\/sunward.eu\/product-category\/excavators\/\"},{\"@type\":\"ListItem\",\"position\":4,\"name\":\"SWE 08F\"}]},{\"@type\":\"WebSite\",\"@id\":\"https:\/\/sunward.eu\/#website\",\"url\":\"https:\/\/sunward.eu\/\",\"name\":\"Sunward Europe (Official Website for EU &amp; UK)\",\"description\":\"The smart choice\",\"publisher\":{\"@id\":\"https:\/\/sunward.eu\/#organization\"},\"potentialAction\":[{\"@type\":\"SearchAction\",\"target\":{\"@type\":\"EntryPoint\",\"urlTemplate\":\"https:\/\/sunward.eu\/?s={search_term_string}\"},\"query-input\":\"required name=search_term_string\"}],\"inLanguage\":\"fr-FR\"},{\"@type\":\"Organization\",\"@id\":\"https:\/\/sunward.eu\/#organization\",\"name\":\"Sunward Europe (Official Website for EU &amp; UK)\",\"url\":\"https:\/\/sunward.eu\/\",\"logo\":{\"@type\":\"ImageObject\",\"inLanguage\":\"fr-FR\",\"@id\":\"https:\/\/sunward.eu\/#\/schema\/logo\/image\/\",\"url\":\"https:\/\/sunward.eu\/wp-content\/uploads\/2022\/01\/Website_Sunward_logo_top_180x63px.png\",\"contentUrl\":\"https:\/\/sunward.eu\/wp-content\/uploads\/2022\/01\/Website_Sunward_logo_top_180x63px.png\",\"width\":180,\"height\":63,\"caption\":\"Sunward Europe (Official Website for EU &amp; UK)\"},\"image\":{\"@id\":\"https:\/\/sunward.eu\/#\/schema\/logo\/image\/\"}}]}<\/script>\n<!-- \/ Yoast SEO plugin. -->","yoast_head_json":{"title":"SWE 08F - Sunward Europe (Official Website for EU &amp; UK)","robots":{"index":"index","follow":"follow","max-snippet":"max-snippet:-1","max-image-preview":"max-image-preview:large","max-video-preview":"max-video-preview:-1"},"canonical":"https:\/\/sunward.eu\/product\/swe-08f\/","og_locale":"fr_FR","og_type":"article","og_title":"SWE 08F - Sunward Europe (Official Website for EU &amp; UK)","og_url":"https:\/\/sunward.eu\/product\/swe-08f\/","og_site_name":"Sunward Europe (Official Website for EU &amp; UK)","article_modified_time":"2025-05-22T10:43:24+00:00","og_image":[{"width":1000,"height":1000,"url":"https:\/\/sunward.eu\/wp-content\/uploads\/2024\/03\/Sunward-SWE-08F_MAIN.png","type":"image\/png"}],"twitter_card":"summary_large_image","twitter_misc":{"Est. reading time":"4 minutes"},"schema":{"@context":"https:\/\/schema.org","@graph":[{"@type":"WebPage","@id":"https:\/\/sunward.eu\/product\/swe-08f\/","url":"https:\/\/sunward.eu\/product\/swe-08f\/","name":"SWE 08F - Sunward Europe (Official Website for EU &amp; UK)","isPartOf":{"@id":"https:\/\/sunward.eu\/#website"},"primaryImageOfPage":{"@id":"https:\/\/sunward.eu\/product\/swe-08f\/#primaryimage"},"image":{"@id":"https:\/\/sunward.eu\/product\/swe-08f\/#primaryimage"},"thumbnailUrl":"https:\/\/sunward.eu\/wp-content\/uploads\/2024\/03\/Sunward-SWE-08F_MAIN.png","datePublished":"2024-03-26T13:43:42+00:00","dateModified":"2025-05-22T10:43:24+00:00","breadcrumb":{"@id":"https:\/\/sunward.eu\/product\/swe-08f\/#breadcrumb"},"inLanguage":"fr-FR","potentialAction":[{"@type":"ReadAction","target":["https:\/\/sunward.eu\/product\/swe-08f\/"]}]},{"@type":"ImageObject","inLanguage":"fr-FR","@id":"https:\/\/sunward.eu\/product\/swe-08f\/#primaryimage","url":"https:\/\/sunward.eu\/wp-content\/uploads\/2024\/03\/Sunward-SWE-08F_MAIN.png","contentUrl":"https:\/\/sunward.eu\/wp-content\/uploads\/2024\/03\/Sunward-SWE-08F_MAIN.png","width":1000,"height":1000},{"@type":"BreadcrumbList","@id":"https:\/\/sunward.eu\/product\/swe-08f\/#breadcrumb","itemListElement":[{"@type":"ListItem","position":1,"name":"Home","item":"https:\/\/sunward.eu\/"},{"@type":"ListItem","position":2,"name":"Products","item":"https:\/\/sunward.eu\/shop\/"},{"@type":"ListItem","position":3,"name":"Excavators","item":"https:\/\/sunward.eu\/product-category\/excavators\/"},{"@type":"ListItem","position":4,"name":"SWE 08F"}]},{"@type":"WebSite","@id":"https:\/\/sunward.eu\/#website","url":"https:\/\/sunward.eu\/","name":"Sunward Europe (Official Website for EU &amp; UK)","description":"The smart choice","publisher":{"@id":"https:\/\/sunward.eu\/#organization"},"potentialAction":[{"@type":"SearchAction","target":{"@type":"EntryPoint","urlTemplate":"https:\/\/sunward.eu\/?s={search_term_string}"},"query-input":"required name=search_term_string"}],"inLanguage":"fr-FR"},{"@type":"Organization","@id":"https:\/\/sunward.eu\/#organization","name":"Sunward Europe (Official Website for EU &amp; UK)","url":"https:\/\/sunward.eu\/","logo":{"@type":"ImageObject","inLanguage":"fr-FR","@id":"https:\/\/sunward.eu\/#\/schema\/logo\/image\/","url":"https:\/\/sunward.eu\/wp-content\/uploads\/2022\/01\/Website_Sunward_logo_top_180x63px.png","contentUrl":"https:\/\/sunward.eu\/wp-content\/uploads\/2022\/01\/Website_Sunward_logo_top_180x63px.png","width":180,"height":63,"caption":"Sunward Europe (Official Website for EU &amp; UK)"},"image":{"@id":"https:\/\/sunward.eu\/#\/schema\/logo\/image\/"}}]}},"_links":{"self":[{"href":"https:\/\/sunward.eu\/fr\/wp-json\/wp\/v2\/product\/3497","targetHints":{"allow":["GET"]}}],"collection":[{"href":"https:\/\/sunward.eu\/fr\/wp-json\/wp\/v2\/product"}],"about":[{"href":"https:\/\/sunward.eu\/fr\/wp-json\/wp\/v2\/types\/product"}],"replies":[{"embeddable":true,"href":"https:\/\/sunward.eu\/fr\/wp-json\/wp\/v2\/comments?post=3497"}],"wp:featuredmedia":[{"embeddable":true,"href":"https:\/\/sunward.eu\/fr\/wp-json\/wp\/v2\/media\/3498"}],"wp:attachment":[{"href":"https:\/\/sunward.eu\/fr\/wp-json\/wp\/v2\/media?parent=3497"}],"wp:term":[{"taxonomy":"product_cat","embeddable":true,"href":"https:\/\/sunward.eu\/fr\/wp-json\/wp\/v2\/product_cat?post=3497"},{"taxonomy":"product_tag","embeddable":true,"href":"https:\/\/sunward.eu\/fr\/wp-json\/wp\/v2\/product_tag?post=3497"}],"curies":[{"name":"wp","href":"https:\/\/api.w.org\/{rel}","templated":true}]}}