{"id":3068,"date":"2023-04-20T23:22:08","date_gmt":"2023-04-20T21:22:08","guid":{"rendered":"https:\/\/sunward.eu\/?post_type=product&#038;p=3068"},"modified":"2025-07-28T12:56:58","modified_gmt":"2025-07-28T10:56:58","slug":"swa-16je","status":"publish","type":"product","link":"https:\/\/sunward.eu\/fr\/produit\/swa-16je\/","title":{"rendered":"SWA 16JE"},"content":{"rendered":"<div class=\"wpb-content-wrapper\"><p>[vc_row][vc_column][vc_tta_accordion style=&#8221;flat&#8221; c_icon=&#8221;chevron&#8221; c_position=&#8221;right&#8221; active_section=&#8221;1&#8243; no_fill=&#8221;true&#8221; el_class=&#8221;custom-accordion&#8221;][vc_tta_section title=&#8221;SP\u00c9CIFICATIONS G\u00c9N\u00c9RALES&#8221; tab_id=&#8221;1623355628079-f58b5c44-7c4b&#8221;][vc_custom_heading text=&#8221;SUNWARD SWA 16JE&#8221; font_container=&#8221;tag:h3|text_align:left&#8221; use_theme_fonts=&#8221;yes&#8221;][vc_column_text css=&#8221;&#8221;]Lorsqu&#8217;il s&#8217;agit de choisir un nacelle articul\u00e9e \u00e0 bras t\u00e9l\u00e9scopique, le Sunward SWA 16JE est sans aucun doute le choix le plus judicieux. Cette machine polyvalente combine des performances exceptionnelles, des caract\u00e9ristiques de s\u00e9curit\u00e9 sup\u00e9rieures et une durabilit\u00e9 exceptionnelle, ce qui en fait l&#8217;outil id\u00e9al pour un large \u00e9ventail d&#8217;applications.<\/p>\n<p>Gr\u00e2ce \u00e0 ses capacit\u00e9s tout-terrain, le SWA 16JE peut travailler sur n&#8217;importe quelle surface, des sols en b\u00e9ton lisse aux terrains ext\u00e9rieurs accident\u00e9s, ce qui vous donne la flexibilit\u00e9 n\u00e9cessaire pour entreprendre n&#8217;importe quel travail. De plus, sa taille compacte lui permet de se faufiler facilement dans les espaces restreints, ce qui la rend id\u00e9ale pour les travaux en int\u00e9rieur.<\/p>\n<p>Outre ses performances impressionnantes, la SWA 16JE est \u00e9galement con\u00e7ue pour faciliter l&#8217;entretien, ce qui permet de r\u00e9duire les temps d&#8217;arr\u00eat et d&#8217;assurer une dur\u00e9e de fonctionnement maximale. Gr\u00e2ce \u00e0 son faible co\u00fbt total de possession, cette machine est un investissement rentable qui portera ses fruits pendant de nombreuses ann\u00e9es.<\/p>\n<p>Mais ce qui est peut-\u00eatre le plus important, c&#8217;est que la SWA 16JE met la s\u00e9curit\u00e9 au premier plan. Ses fonctions de s\u00e9curit\u00e9 avanc\u00e9es, telles que le syst\u00e8me anti-basculement et la soupape d&#8217;abaissement d&#8217;urgence, assurent la tranquillit\u00e9 d&#8217;esprit des op\u00e9rateurs et des passants. Avec le SWA 16JE, vous pouvez vous concentrer sur votre travail en sachant que vous disposez d&#8217;une machine fiable, s\u00fbre et efficace.<\/p>\n<p>Et lorsque vous consid\u00e9rez son faible co\u00fbt total de possession, le choix devient encore plus clair.<\/p>\n<p>Si vous voulez travailler plus intelligemment, et non plus durement, choisissez la nacelle articul\u00e9e Sunward SWA 16JE &#8211; le choix intelligent pour n&#8217;importe quel travail.<\/p>\n<p>D\u00e9couvrez tous les autres avantages du Sunward SWA 16JE.[\/vc_column_text][vc_row_inner][vc_column_inner width=&#8221;1\/2&#8243;][vc_toggle title=&#8221;SP\u00c9CIFICATIONS RELATIVES \u00c0 LA PORT\u00c9E&#8221; css=&#8221;&#8221;]<\/p>\n<table width=\"655\">\n<tbody>\n<tr>\n<td width=\"417\">Hauteur max. de la nacelle<\/td>\n<td width=\"238\">13.8 m<\/td>\n<\/tr>\n<tr>\n<td width=\"417\">Hauteur de travail max.<\/td>\n<td>15.8 m<\/td>\n<\/tr>\n<tr>\n<td width=\"417\">D\u00e9port de travail max.<\/td>\n<td>7.74 m<\/td>\n<\/tr>\n<tr>\n<td width=\"417\">Hauteur \u00e0 d\u00e9port de travail max.<\/td>\n<td>7.6 m<\/td>\n<\/tr>\n<\/tbody>\n<\/table>\n<p>[\/vc_toggle][vc_toggle title=&#8221;DIMENSIONS&#8221; css=&#8221;&#8221;]<\/p>\n<table width=\"655\">\n<tbody>\n<tr>\n<td width=\"417\">Longueur &#8211; repli\u00e9e<\/td>\n<td width=\"238\">6.63 m<\/td>\n<\/tr>\n<tr>\n<td>Hauteur &#8211; r\u00e9tract\u00e9<\/td>\n<td>2.13 m<\/td>\n<\/tr>\n<tr>\n<td>Largeur hors tout<\/td>\n<td>1.75 m<\/td>\n<\/tr>\n<tr>\n<td>Garde au sol &#8211; milieu<\/td>\n<td>0.2 m<\/td>\n<\/tr>\n<tr>\n<td>Longueur du panier<\/td>\n<td>1.52 m<\/td>\n<\/tr>\n<\/tbody>\n<\/table>\n<p>[\/vc_toggle][vc_toggle title=&#8221;PERFORMANCES&#8221; css=&#8221;&#8221;]<\/p>\n<table width=\"655\">\n<tbody>\n<tr>\n<td width=\"417\">Rotation de la plateforme<\/td>\n<td width=\"238\">180\u00b0<\/td>\n<\/tr>\n<tr>\n<td>Vitesse de translation (repli\u00e9e)<\/td>\n<td>5.2 km\/h<\/td>\n<\/tr>\n<tr>\n<td>Vitesse de translation (d\u00e9ploy\u00e9e)<\/td>\n<td>0.8 km\/h<\/td>\n<\/tr>\n<tr>\n<td>Rayon de giration (int\u00e9rieur\/ext\u00e9rieur)<\/td>\n<td>215 m \/ 3.58 m<\/td>\n<\/tr>\n<tr>\n<td>Franchissement de pente &#8211; 4 roues motrices &#8211; repli\u00e9e<\/td>\n<td>30%<\/td>\n<\/tr>\n<tr>\n<td>Angle de travail max.<\/td>\n<td>3\u00b0<\/td>\n<\/tr>\n<\/tbody>\n<\/table>\n<p>[\/vc_toggle][\/vc_column_inner][vc_column_inner width=&#8221;1\/2&#8243;][\/vc_column_inner][\/vc_row_inner][\/vc_tta_section][vc_tta_section title=&#8221;FONCTIONNALIT\u00c9S ET ATOUTS&#8221; tab_id=&#8221;1623355710952-d36b50a3-81ed&#8221;][vc_row_inner][vc_column_inner width=&#8221;1\/4&#8243;][vc_single_image image=&#8221;1070&#8243; img_size=&#8221;medium&#8221;][\/vc_column_inner][vc_column_inner width=&#8221;3\/4&#8243;][vc_custom_heading text=&#8221;CONSTRUITE POUR L\u2019EUROPE&#8221; font_container=&#8221;tag:h3|text_align:left&#8221; use_theme_fonts=&#8221;yes&#8221; css=&#8221;&#8221;][vc_column_text css=&#8221;&#8221;]Outre sa certification europ\u00e9enne, la Sunward SWA 16JE, comme toutes les machines Sunward pr\u00e9sentes sur le march\u00e9 europ\u00e9en, est con\u00e7ue pour r\u00e9pondre aux besoins des clients europ\u00e9ens.[\/vc_column_text][\/vc_column_inner][\/vc_row_inner][vc_row_inner][vc_column_inner width=&#8221;1\/4&#8243;][vc_single_image image=&#8221;1205&#8243; img_size=&#8221;medium&#8221;][\/vc_column_inner][vc_column_inner width=&#8221;3\/4&#8243;][vc_custom_heading text=&#8221;LA S\u00c9CURIT\u00c9 AVANT TOUT&#8221; font_container=&#8221;tag:h3|text_align:left&#8221; use_theme_fonts=&#8221;yes&#8221; css=&#8221;&#8221;][vc_column_text css=&#8221;&#8221;]Le SWA 16JE met la s\u00e9curit\u00e9 au premier plan.<\/p>\n<p>Ses fonctions de s\u00e9curit\u00e9 avanc\u00e9es, telles que le syst\u00e8me anti-basculement et la soupape d&#8217;abaissement d&#8217;urgence, assurent la tranquillit\u00e9 d&#8217;esprit des op\u00e9rateurs et des passants. Avec le SWA 16JE, vous pouvez vous concentrer sur votre travail en sachant que vous disposez d&#8217;une machine fiable, s\u00fbre et efficace.<\/p>\n<p>Et lorsque vous consid\u00e9rez son faible co\u00fbt total de possession, le choix devient encore plus clair.[\/vc_column_text][\/vc_column_inner][\/vc_row_inner][vc_row_inner][vc_column_inner width=&#8221;1\/4&#8243;][vc_single_image image=&#8221;1071&#8243; img_size=&#8221;medium&#8221;][\/vc_column_inner][vc_column_inner width=&#8221;3\/4&#8243;][vc_custom_heading text=&#8221;LE MEILLEUR RAPPORT QUALIT\u00c9-PRIX&#8221; font_container=&#8221;tag:h3|text_align:left&#8221; use_theme_fonts=&#8221;yes&#8221; css=&#8221;&#8221;][vc_column_text css=&#8221;&#8221;]Sunward est votre investissement le plus intelligent en termes de fiabilit\u00e9, de performance et de retour sur investissement. En effet, la conception experte de la SWA 16JE comprend une s\u00e9lection bien pens\u00e9e de composants qui simplifient l&#8217;utilisation et l&#8217;entretien. Nos choix de conception se traduisent par une machine qui offre de nombreuses caract\u00e9ristiques standard, des composants cl\u00e9s de premi\u00e8re qualit\u00e9 et des capacit\u00e9s au juste prix.<\/p>\n<p>De plus, les pi\u00e8ces de rechange d&#8217;origine Sunward sont \u00e9galement \u00e9conomiques &#8211; et ce meilleur rapport qualit\u00e9-prix est couronn\u00e9 par une garantie allant jusqu&#8217;\u00e0 2 ans, standard pour toutes les plates-formes \u00e9l\u00e9vatrices de personnes Sunward.[\/vc_column_text][\/vc_column_inner][\/vc_row_inner][\/vc_tta_section][vc_tta_section title=&#8221;VIDEO&#8221; tab_id=&#8221;1623857706491-8aa3a03f-cca1&#8243;][\/vc_tta_section][vc_tta_section title=&#8221;BROCHURE&#8221; tab_id=&#8221;1623857795794-8fd5289e-c5a3&#8243;][vc_row_inner content_placement=&#8221;middle&#8221;][vc_column_inner width=&#8221;1\/4&#8243;][vc_single_image image=&#8221;3151&#8243; img_size=&#8221;large&#8221;][\/vc_column_inner][vc_column_inner width=&#8221;3\/4&#8243;][vc_custom_heading text=&#8221;Product brochure&#8221; font_container=&#8221;tag:h3|text_align:left&#8221; use_theme_fonts=&#8221;yes&#8221;][vc_btn title=&#8221;DOWNLOAD&#8221; color=&#8221;orange&#8221; size=&#8221;lg&#8221; css=&#8221;&#8221; link=&#8221;url:https%3A%2F%2Fsunward.eu%2Fwp-content%2Fuploads%2F2025%2F03%2FSUNWARD_SWA_16JE_FINAL_HR_FR.pdf|title:Sunward%20SWA%2016JE%20Specifications|target:_blank&#8221;][\/vc_column_inner][\/vc_row_inner][\/vc_tta_section][\/vc_tta_accordion][\/vc_column][\/vc_row]<\/p>\n<\/div>","protected":false},"excerpt":{"rendered":"<p>Lorsqu&#8217;il s&#8217;agit de choisir un nacelle articul\u00e9e \u00e0 bras t\u00e9l\u00e9scopique, le Sunward SWA 16JE est sans aucun doute le choix le plus judicieux. Cette machine polyvalente combine des performances exceptionnelles, des caract\u00e9ristiques de s\u00e9curit\u00e9 sup\u00e9rieures et une durabilit\u00e9 exceptionnelle, ce qui en fait l&#8217;outil id\u00e9al pour un large \u00e9ventail d&#8217;applications. [&#8230;]<\/p>\n<p><a class=\"btn btn-secondary understrap-read-more-link\" href=\"https:\/\/sunward.eu\/fr\/produit\/swa-16je\/\">Lire la suite&#8230;<\/a><\/p>\n","protected":false},"featured_media":3065,"comment_status":"closed","ping_status":"closed","template":"","meta":{"_acf_changed":false,"inline_featured_image":false},"product_cat":[126],"product_tag":[],"class_list":{"0":"post-3068","1":"product","2":"type-product","3":"status-publish","4":"has-post-thumbnail","6":"product_cat-articulated-boom-lift","7":"pa_emission-rating-eu-stage-5","8":"pa_max-digging-depth-6-750-mm","9":"pa_max-working-height-15-8-m","10":"pa_operating-weight-7-750-kg","11":"pa_power-output-129-kw","12":"pa_width-2800-mm","14":"first","15":"instock","16":"shipping-taxable","17":"product-type-simple"},"translation":{"provider":"WPGlobus","version":"2.12.2","language":"fr","enabled_languages":["en","de","fr","it"],"languages":{"en":{"title":true,"content":true,"excerpt":true},"de":{"title":true,"content":true,"excerpt":true},"fr":{"title":true,"content":true,"excerpt":true},"it":{"title":true,"content":true,"excerpt":true}}},"acf":[],"yoast_head":"<!-- This site is optimized with the Yoast SEO plugin v22.6 - https:\/\/yoast.com\/wordpress\/plugins\/seo\/ -->\n<title>SWA 16JE - Sunward Europe (Official Website for EU &amp; UK)<\/title>\n<meta name=\"robots\" content=\"index, follow, max-snippet:-1, max-image-preview:large, max-video-preview:-1\" \/>\n<link rel=\"canonical\" href=\"https:\/\/sunward.eu\/product\/swa-16je\/\" \/>\n<meta property=\"og:locale\" content=\"fr_FR\" \/>\n<meta property=\"og:type\" content=\"article\" \/>\n<meta property=\"og:title\" content=\"SWA 16JE - Sunward Europe (Official Website for EU &amp; UK)\" \/>\n<meta property=\"og:url\" content=\"https:\/\/sunward.eu\/product\/swa-16je\/\" \/>\n<meta property=\"og:site_name\" content=\"Sunward Europe (Official Website for EU &amp; UK)\" \/>\n<meta property=\"article:modified_time\" content=\"2025-07-28T10:56:58+00:00\" \/>\n<meta property=\"og:image\" content=\"https:\/\/sunward.eu\/wp-content\/uploads\/2023\/04\/WEBSITE-CATEGORY-ARTICULATED-BOOM-LIFT.png\" \/>\n\t<meta property=\"og:image:width\" content=\"319\" \/>\n\t<meta property=\"og:image:height\" content=\"318\" \/>\n\t<meta property=\"og:image:type\" content=\"image\/png\" \/>\n<meta name=\"twitter:card\" content=\"summary_large_image\" \/>\n<meta name=\"twitter:label1\" content=\"Est. reading time\" \/>\n\t<meta name=\"twitter:data1\" content=\"3 minutes\" \/>\n<script type=\"application\/ld+json\" class=\"yoast-schema-graph\">{\"@context\":\"https:\/\/schema.org\",\"@graph\":[{\"@type\":\"WebPage\",\"@id\":\"https:\/\/sunward.eu\/product\/swa-16je\/\",\"url\":\"https:\/\/sunward.eu\/product\/swa-16je\/\",\"name\":\"SWA 16JE - Sunward Europe (Official Website for EU &amp; UK)\",\"isPartOf\":{\"@id\":\"https:\/\/sunward.eu\/#website\"},\"primaryImageOfPage\":{\"@id\":\"https:\/\/sunward.eu\/product\/swa-16je\/#primaryimage\"},\"image\":{\"@id\":\"https:\/\/sunward.eu\/product\/swa-16je\/#primaryimage\"},\"thumbnailUrl\":\"https:\/\/sunward.eu\/wp-content\/uploads\/2023\/04\/WEBSITE-CATEGORY-ARTICULATED-BOOM-LIFT.png\",\"datePublished\":\"2023-04-20T21:22:08+00:00\",\"dateModified\":\"2025-07-28T10:56:58+00:00\",\"breadcrumb\":{\"@id\":\"https:\/\/sunward.eu\/product\/swa-16je\/#breadcrumb\"},\"inLanguage\":\"fr-FR\",\"potentialAction\":[{\"@type\":\"ReadAction\",\"target\":[\"https:\/\/sunward.eu\/product\/swa-16je\/\"]}]},{\"@type\":\"ImageObject\",\"inLanguage\":\"fr-FR\",\"@id\":\"https:\/\/sunward.eu\/product\/swa-16je\/#primaryimage\",\"url\":\"https:\/\/sunward.eu\/wp-content\/uploads\/2023\/04\/WEBSITE-CATEGORY-ARTICULATED-BOOM-LIFT.png\",\"contentUrl\":\"https:\/\/sunward.eu\/wp-content\/uploads\/2023\/04\/WEBSITE-CATEGORY-ARTICULATED-BOOM-LIFT.png\",\"width\":319,\"height\":318,\"caption\":\"Sunward Articulated Boom Lift\"},{\"@type\":\"BreadcrumbList\",\"@id\":\"https:\/\/sunward.eu\/product\/swa-16je\/#breadcrumb\",\"itemListElement\":[{\"@type\":\"ListItem\",\"position\":1,\"name\":\"Home\",\"item\":\"https:\/\/sunward.eu\/\"},{\"@type\":\"ListItem\",\"position\":2,\"name\":\"Products\",\"item\":\"https:\/\/sunward.eu\/shop\/\"},{\"@type\":\"ListItem\",\"position\":3,\"name\":\"{:en}Articulated Boom Lifts{:}{:de}Gelenkarbeitsbuehnen{:}{:fr}Nacelles articul\u00e9es{:}{:it}Piattaforme aeree articolate{:}\",\"item\":\"https:\/\/sunward.eu\/product-category\/articulated-boom-lift\/\"},{\"@type\":\"ListItem\",\"position\":4,\"name\":\"SWA 16JE\"}]},{\"@type\":\"WebSite\",\"@id\":\"https:\/\/sunward.eu\/#website\",\"url\":\"https:\/\/sunward.eu\/\",\"name\":\"Sunward Europe (Official Website for EU &amp; UK)\",\"description\":\"The smart choice\",\"publisher\":{\"@id\":\"https:\/\/sunward.eu\/#organization\"},\"potentialAction\":[{\"@type\":\"SearchAction\",\"target\":{\"@type\":\"EntryPoint\",\"urlTemplate\":\"https:\/\/sunward.eu\/?s={search_term_string}\"},\"query-input\":\"required name=search_term_string\"}],\"inLanguage\":\"fr-FR\"},{\"@type\":\"Organization\",\"@id\":\"https:\/\/sunward.eu\/#organization\",\"name\":\"Sunward Europe (Official Website for EU &amp; UK)\",\"url\":\"https:\/\/sunward.eu\/\",\"logo\":{\"@type\":\"ImageObject\",\"inLanguage\":\"fr-FR\",\"@id\":\"https:\/\/sunward.eu\/#\/schema\/logo\/image\/\",\"url\":\"https:\/\/sunward.eu\/wp-content\/uploads\/2022\/01\/Website_Sunward_logo_top_180x63px.png\",\"contentUrl\":\"https:\/\/sunward.eu\/wp-content\/uploads\/2022\/01\/Website_Sunward_logo_top_180x63px.png\",\"width\":180,\"height\":63,\"caption\":\"Sunward Europe (Official Website for EU &amp; UK)\"},\"image\":{\"@id\":\"https:\/\/sunward.eu\/#\/schema\/logo\/image\/\"}}]}<\/script>\n<!-- \/ Yoast SEO plugin. -->","yoast_head_json":{"title":"SWA 16JE - Sunward Europe (Official Website for EU &amp; UK)","robots":{"index":"index","follow":"follow","max-snippet":"max-snippet:-1","max-image-preview":"max-image-preview:large","max-video-preview":"max-video-preview:-1"},"canonical":"https:\/\/sunward.eu\/product\/swa-16je\/","og_locale":"fr_FR","og_type":"article","og_title":"SWA 16JE - Sunward Europe (Official Website for EU &amp; UK)","og_url":"https:\/\/sunward.eu\/product\/swa-16je\/","og_site_name":"Sunward Europe (Official Website for EU &amp; UK)","article_modified_time":"2025-07-28T10:56:58+00:00","og_image":[{"width":319,"height":318,"url":"https:\/\/sunward.eu\/wp-content\/uploads\/2023\/04\/WEBSITE-CATEGORY-ARTICULATED-BOOM-LIFT.png","type":"image\/png"}],"twitter_card":"summary_large_image","twitter_misc":{"Est. reading time":"3 minutes"},"schema":{"@context":"https:\/\/schema.org","@graph":[{"@type":"WebPage","@id":"https:\/\/sunward.eu\/product\/swa-16je\/","url":"https:\/\/sunward.eu\/product\/swa-16je\/","name":"SWA 16JE - Sunward Europe (Official Website for EU &amp; UK)","isPartOf":{"@id":"https:\/\/sunward.eu\/#website"},"primaryImageOfPage":{"@id":"https:\/\/sunward.eu\/product\/swa-16je\/#primaryimage"},"image":{"@id":"https:\/\/sunward.eu\/product\/swa-16je\/#primaryimage"},"thumbnailUrl":"https:\/\/sunward.eu\/wp-content\/uploads\/2023\/04\/WEBSITE-CATEGORY-ARTICULATED-BOOM-LIFT.png","datePublished":"2023-04-20T21:22:08+00:00","dateModified":"2025-07-28T10:56:58+00:00","breadcrumb":{"@id":"https:\/\/sunward.eu\/product\/swa-16je\/#breadcrumb"},"inLanguage":"fr-FR","potentialAction":[{"@type":"ReadAction","target":["https:\/\/sunward.eu\/product\/swa-16je\/"]}]},{"@type":"ImageObject","inLanguage":"fr-FR","@id":"https:\/\/sunward.eu\/product\/swa-16je\/#primaryimage","url":"https:\/\/sunward.eu\/wp-content\/uploads\/2023\/04\/WEBSITE-CATEGORY-ARTICULATED-BOOM-LIFT.png","contentUrl":"https:\/\/sunward.eu\/wp-content\/uploads\/2023\/04\/WEBSITE-CATEGORY-ARTICULATED-BOOM-LIFT.png","width":319,"height":318,"caption":"Sunward Articulated Boom Lift"},{"@type":"BreadcrumbList","@id":"https:\/\/sunward.eu\/product\/swa-16je\/#breadcrumb","itemListElement":[{"@type":"ListItem","position":1,"name":"Home","item":"https:\/\/sunward.eu\/"},{"@type":"ListItem","position":2,"name":"Products","item":"https:\/\/sunward.eu\/shop\/"},{"@type":"ListItem","position":3,"name":"{:en}Articulated Boom Lifts{:}{:de}Gelenkarbeitsbuehnen{:}{:fr}Nacelles articul\u00e9es{:}{:it}Piattaforme aeree articolate{:}","item":"https:\/\/sunward.eu\/product-category\/articulated-boom-lift\/"},{"@type":"ListItem","position":4,"name":"SWA 16JE"}]},{"@type":"WebSite","@id":"https:\/\/sunward.eu\/#website","url":"https:\/\/sunward.eu\/","name":"Sunward Europe (Official Website for EU &amp; UK)","description":"The smart choice","publisher":{"@id":"https:\/\/sunward.eu\/#organization"},"potentialAction":[{"@type":"SearchAction","target":{"@type":"EntryPoint","urlTemplate":"https:\/\/sunward.eu\/?s={search_term_string}"},"query-input":"required name=search_term_string"}],"inLanguage":"fr-FR"},{"@type":"Organization","@id":"https:\/\/sunward.eu\/#organization","name":"Sunward Europe (Official Website for EU &amp; UK)","url":"https:\/\/sunward.eu\/","logo":{"@type":"ImageObject","inLanguage":"fr-FR","@id":"https:\/\/sunward.eu\/#\/schema\/logo\/image\/","url":"https:\/\/sunward.eu\/wp-content\/uploads\/2022\/01\/Website_Sunward_logo_top_180x63px.png","contentUrl":"https:\/\/sunward.eu\/wp-content\/uploads\/2022\/01\/Website_Sunward_logo_top_180x63px.png","width":180,"height":63,"caption":"Sunward Europe (Official Website for EU &amp; UK)"},"image":{"@id":"https:\/\/sunward.eu\/#\/schema\/logo\/image\/"}}]}},"_links":{"self":[{"href":"https:\/\/sunward.eu\/fr\/wp-json\/wp\/v2\/product\/3068","targetHints":{"allow":["GET"]}}],"collection":[{"href":"https:\/\/sunward.eu\/fr\/wp-json\/wp\/v2\/product"}],"about":[{"href":"https:\/\/sunward.eu\/fr\/wp-json\/wp\/v2\/types\/product"}],"replies":[{"embeddable":true,"href":"https:\/\/sunward.eu\/fr\/wp-json\/wp\/v2\/comments?post=3068"}],"wp:featuredmedia":[{"embeddable":true,"href":"https:\/\/sunward.eu\/fr\/wp-json\/wp\/v2\/media\/3065"}],"wp:attachment":[{"href":"https:\/\/sunward.eu\/fr\/wp-json\/wp\/v2\/media?parent=3068"}],"wp:term":[{"taxonomy":"product_cat","embeddable":true,"href":"https:\/\/sunward.eu\/fr\/wp-json\/wp\/v2\/product_cat?post=3068"},{"taxonomy":"product_tag","embeddable":true,"href":"https:\/\/sunward.eu\/fr\/wp-json\/wp\/v2\/product_tag?post=3068"}],"curies":[{"name":"wp","href":"https:\/\/api.w.org\/{rel}","templated":true}]}}