{"id":2903,"date":"2022-10-06T15:09:00","date_gmt":"2022-10-06T13:09:00","guid":{"rendered":"https:\/\/sunward.eu\/?post_type=product&#038;p=2903"},"modified":"2026-03-20T09:43:49","modified_gmt":"2026-03-20T08:43:49","slug":"swe-20fe","status":"publish","type":"product","link":"https:\/\/sunward.eu\/fr\/produit\/swe-20fe\/","title":{"rendered":"SWE 20FE"},"content":{"rendered":"<div class=\"wpb-content-wrapper\"><p>[vc_row][vc_column][vc_tta_accordion style=&#8221;flat&#8221; c_icon=&#8221;chevron&#8221; c_position=&#8221;right&#8221; active_section=&#8221;1&#8243; no_fill=&#8221;true&#8221; el_class=&#8221;custom-accordion&#8221;][vc_tta_section title=&#8221;SP\u00c9CIFICATIONS&#8221; tab_id=&#8221;1623355628079-f58b5c44-7c4b&#8221;][vc_custom_heading text=&#8221;SUNWARD SWE 20FE&#8221; font_container=&#8221;tag:h3|text_align:left&#8221; use_theme_fonts=&#8221;yes&#8221; css=&#8221;&#8221;][vc_column_text css=&#8221;&#8221;]<\/p>\n<p class=\"\" data-start=\"0\" data-end=\"437\">La <strong data-start=\"3\" data-end=\"24\">Sunward SWE 20FE<\/strong> est la premi\u00e8re mini-pelle \u00e9lectrique de Sunward. Bas\u00e9e sur notre best-seller sur le march\u00e9 europ\u00e9en, la SWE 20F, la SWE 20FE allie durabilit\u00e9, fiabilit\u00e9, performance et facilit\u00e9 d\u2019entretien avec le meilleur de la technologie d\u00e9velopp\u00e9e par Sunward. Cette pelle de 2 tonnes, disponible avec cabine ou canopy, se d\u00e9marquera sur le nouveau march\u00e9 des pelles \u00e9lectriques gr\u00e2ce \u00e0 son excellent rapport qualit\u00e9-prix.<\/p>\n<p class=\"\" data-start=\"439\" data-end=\"683\">\u00c9quip\u00e9e d&#8217;une batterie lithium-ion et d\u2019un moteur asynchrone triphas\u00e9, elle offre une autonomie de plus de 6 heures en pleine charge de travail. Elle peut b\u00e9n\u00e9ficier d\u2019une charge rapide en moins de 2 heures ou d\u2019une charge compl\u00e8te en 7 heures.<\/p>\n<p class=\"\" data-start=\"685\" data-end=\"864\">La SWE 20FE reste une machine tr\u00e8s compacte, avec un rayon de rotation arri\u00e8re de seulement 1 210 mm, ce qui lui permet de travailler dans les environnements les plus restreints.<\/p>\n<p class=\"\" data-start=\"866\" data-end=\"1222\">Elle est principalement adapt\u00e9e aux zones urbaines o\u00f9 les exigences en mati\u00e8re d\u2019\u00e9missions de gaz d\u2019\u00e9chappement et de bruit sont \u00e9lev\u00e9es, mais \u00e9galement aux plateaux en altitude et en zones froides, avec de fortes variations de temp\u00e9rature et un apport en oxyg\u00e8ne insuffisant, ainsi qu\u2019aux chantiers en espace confin\u00e9, notamment en souterrain ou en tunnel.<\/p>\n<p>[\/vc_column_text][vc_row_inner][vc_column_inner width=&#8221;1\/2&#8243;][vc_toggle title=&#8221;TYPE DE CABINE&#8221;]<\/p>\n<table width=\"655\">\n<tbody>\n<tr>\n<td width=\"417\">Type de cabine<\/td>\n<td width=\"238\">Cabine ou auvent<\/td>\n<\/tr>\n<\/tbody>\n<\/table>\n<p>[\/vc_toggle][vc_toggle title=&#8221;DIMENSIONS&#8221;]<\/p>\n<table width=\"1274\">\n<tbody>\n<tr>\n<td width=\"631\">Poids op\u00e9rationnel<\/td>\n<td width=\"643\">1 920 kg<\/td>\n<\/tr>\n<tr>\n<td width=\"631\">Capacit\u00e9 du godet standard<\/td>\n<td>0.035 m\u00b3<\/td>\n<\/tr>\n<tr>\n<td width=\"631\">Longueur de transport<\/td>\n<td>3 840 mm<\/td>\n<\/tr>\n<tr>\n<td width=\"631\">Largeur de transport<\/td>\n<td>990 mm<\/td>\n<\/tr>\n<tr>\n<td width=\"631\">Hauteur au-dessus du toit de la cabine<\/td>\n<td>2 361 mm<\/td>\n<\/tr>\n<\/tbody>\n<\/table>\n<p>[\/vc_toggle][vc_toggle title=&#8221;MOTEUR&#8221; css=&#8221;&#8221;]<\/p>\n<table width=\"1274\">\n<tbody>\n<tr>\n<td width=\"631\">Type de moteur<\/td>\n<td width=\"643\">Type Triphas\u00e9 asynchrone<\/td>\n<\/tr>\n<tr>\n<td>Norme antipollution<\/td>\n<td>Z\u00e9ro \u00e9mission<\/td>\n<\/tr>\n<tr>\n<td>Puissance<\/td>\n<td>10 kW<\/td>\n<\/tr>\n<\/tbody>\n<\/table>\n<p>[\/vc_toggle][vc_toggle title=&#8221;SYST\u00c8ME HYDRAULIQUE&#8221;]<\/p>\n<table width=\"1274\">\n<tbody>\n<tr>\n<td width=\"631\">Type<\/td>\n<td width=\"643\">1 pompe \u00e0 pistons \u00e0 d\u00e9bit variable<\/td>\n<\/tr>\n<tr>\n<td>Cylindr\u00e9e<\/td>\n<td>50 L\/min<\/td>\n<\/tr>\n<tr>\n<td>Pression hydraulique<\/td>\n<td>24.5 mPa<\/td>\n<\/tr>\n<\/tbody>\n<\/table>\n<p>[\/vc_toggle][vc_toggle title=&#8221;ENVELOPPE DE TRAVAIL&#8221;]<\/p>\n<table width=\"1274\">\n<tbody>\n<tr>\n<td width=\"631\">Profondeur de fouille max.<\/td>\n<td width=\"643\">2 380 mm<\/td>\n<\/tr>\n<tr>\n<td>Port\u00e9e de fouille max.<\/td>\n<td>4 040 mm<\/td>\n<\/tr>\n<tr>\n<td>Force de fouille max. du godet<\/td>\n<td>22.7 kN<\/td>\n<\/tr>\n<tr>\n<td>Force de fouille max. du balancier<\/td>\n<td>9.8 kN<\/td>\n<\/tr>\n<\/tbody>\n<\/table>\n<p>[\/vc_toggle][\/vc_column_inner][vc_column_inner width=&#8221;1\/2&#8243;][\/vc_column_inner][\/vc_row_inner][\/vc_tta_section][vc_tta_section title=&#8221;FONCTIONNALIT\u00c9S ET ATOUTS&#8221; tab_id=&#8221;1623355710952-d36b50a3-81ed&#8221;][vc_row_inner][vc_column_inner width=&#8221;1\/4&#8243;][vc_single_image image=&#8221;1070&#8243; img_size=&#8221;medium&#8221;][\/vc_column_inner][vc_column_inner width=&#8221;3\/4&#8243;][vc_custom_heading text=&#8221;CON\u00c7UE POUR L\u2019EUROPE&#8221; font_container=&#8221;tag:h3|text_align:left&#8221; use_theme_fonts=&#8221;yes&#8221;][vc_column_text css=&#8221;&#8221;]Outre sa certification CE, la Sunward SWE 20FE, comme toutes les machines Sunward destin\u00e9es au march\u00e9 europ\u00e9en, est sp\u00e9cifiquement con\u00e7ue pour r\u00e9pondre aux besoins des clients europ\u00e9ens.[\/vc_column_text][\/vc_column_inner][\/vc_row_inner][vc_separator][vc_row_inner][vc_column_inner width=&#8221;1\/4&#8243;][vc_single_image image=&#8221;1080&#8243; img_size=&#8221;medium&#8221;][\/vc_column_inner][vc_column_inner width=&#8221;3\/4&#8243;][vc_custom_heading text=&#8221;UN MOTEUR PUISSANT ET FIABLE&#8221; font_container=&#8221;tag:h3|text_align:left&#8221; use_theme_fonts=&#8221;yes&#8221;][vc_column_text]Nous avons choisi le puissant moteur asynchrone triphas\u00e9, garantissant un travail intensif dans des environnements exigeants.[\/vc_column_text][\/vc_column_inner][\/vc_row_inner][vc_separator][vc_row_inner][vc_column_inner width=&#8221;1\/4&#8243;][vc_single_image image=&#8221;1091&#8243; img_size=&#8221;medium&#8221;][\/vc_column_inner][vc_column_inner width=&#8221;3\/4&#8243;][vc_custom_heading text=&#8221;DES COMPOSANTS HAUT DE GAMME&#8221; font_container=&#8221;tag:h3|text_align:left&#8221; use_theme_fonts=&#8221;yes&#8221;][vc_column_text]Tous les composants cl\u00e9s des pelles Sunward sont soigneusement s\u00e9lectionn\u00e9s, de la batterie lithium-ion au moteur asynchrone triphas\u00e9, en passant par l\u2019hydraulique. Comme l\u2019hydraulique est souvent consid\u00e9r\u00e9e comme le c\u0153ur de la machine, Sunward s\u2019approvisionne exclusivement aupr\u00e8s des r\u00e9f\u00e9rences les plus r\u00e9put\u00e9es du march\u00e9.[\/vc_column_text][\/vc_column_inner][\/vc_row_inner][vc_separator][vc_row_inner][vc_column_inner width=&#8221;1\/4&#8243;][vc_single_image image=&#8221;1132&#8243; img_size=&#8221;medium&#8221;][\/vc_column_inner][vc_column_inner width=&#8221;3\/4&#8243;][vc_custom_heading text=&#8221;STABLE ET ADAPTABLE&#8221; font_container=&#8221;tag:h3|text_align:left&#8221; use_theme_fonts=&#8221;yes&#8221;][vc_column_text css=&#8221;&#8221;]Le ch\u00e2ssis extensible du SWE 20FE \u2013 dont la largeur de voie peut passer de 990 mm \u00e0 1360 mm \u2013 offre une stabilit\u00e9 robuste, garantissant un fonctionnement s\u00fbr et confortable dans tous types d\u2019applications. La voie r\u00e9glable des chenilles est id\u00e9ale dans les espaces restreints ou lorsque davantage de stabilit\u00e9 est n\u00e9cessaire.[\/vc_column_text][\/vc_column_inner][\/vc_row_inner][vc_separator][vc_row_inner][vc_column_inner width=&#8221;1\/4&#8243;][vc_single_image image=&#8221;1076&#8243; img_size=&#8221;medium&#8221;][\/vc_column_inner][vc_column_inner width=&#8221;3\/4&#8243;][vc_custom_heading text=&#8221;UNE ENVELOPPE DE TRAVAIL \u00c9TENDUE&#8221; font_container=&#8221;tag:h3|text_align:left&#8221; use_theme_fonts=&#8221;yes&#8221;][vc_column_text css=&#8221;&#8221;]Le SWE 20FE offre des forces de creusement exceptionnelles de plus de 22,7 kN (godet) et pr\u00e8s de 9,8 kN (bras), rivalisant ais\u00e9ment avec les autres pelles de 2 tonnes sur le march\u00e9. En ce qui concerne sa capacit\u00e9 de creusement en port\u00e9e longue, la conception du v\u00e9rin de fl\u00e8che du SWE 20FE permet d\u2019atteindre une port\u00e9e de plus de 4 m\u00e8tres (4 040 mm).[\/vc_column_text][\/vc_column_inner][\/vc_row_inner][vc_separator][vc_row_inner][vc_column_inner width=&#8221;1\/4&#8243;][vc_single_image image=&#8221;1079&#8243; img_size=&#8221;medium&#8221;][\/vc_column_inner][vc_column_inner width=&#8221;3\/4&#8243;][vc_custom_heading text=&#8221;PR\u00caTE POUR DE MULTIPLES APPLICATIONS&#8221; font_container=&#8221;tag:h3|text_align:left&#8221; use_theme_fonts=&#8221;yes&#8221;][vc_column_text css=&#8221;&#8221;]La polyvalence d\u2019une mini-pelle commence par sa conception pour le transport. Le SWE 20FE va bien au-del\u00e0 du simple respect des r\u00e9glementations europ\u00e9ennes en mati\u00e8re de transport \u2013 v\u00e9ritablement compact (990 mm de largeur) et l\u00e9ger (1 920 kg), il permet un transport facile, s\u00fbr et s\u00e9curis\u00e9. La machine peut \u00eatre transport\u00e9e en toute s\u00e9curit\u00e9 sur une petite remorque, accompagn\u00e9e de jusqu\u2019\u00e0 3 godets et d\u2019un brise-roche hydraulique, tout en maintenant un poids total de transport proche de 2 tonnes. Le SWE 20FE peut s\u2019adapter \u00e0 tous les types de chantiers gr\u00e2ce \u00e0 ses r\u00e9glages auxiliaires complets int\u00e9gr\u00e9s de s\u00e9rie \u2013 avec surveillance enti\u00e8rement r\u00e9glable de la pression et du d\u00e9bit. Il en r\u00e9sulte pas moins de <strong data-start=\"717\" data-end=\"756\">trois lignes auxiliaires distinctes<\/strong> en standard (l\u00e0 o\u00f9 le march\u00e9 n\u2019en propose g\u00e9n\u00e9ralement qu\u2019une \u00e0 deux). Ainsi, une large gamme d\u2019accessoires peut \u00eatre facilement mont\u00e9e pour r\u00e9pondre \u00e0 une grande vari\u00e9t\u00e9 d\u2019applications.[\/vc_column_text][\/vc_column_inner][\/vc_row_inner][vc_separator][vc_row_inner][vc_column_inner width=&#8221;1\/4&#8243;][vc_single_image image=&#8221;1071&#8243; img_size=&#8221;medium&#8221;][\/vc_column_inner][vc_column_inner width=&#8221;3\/4&#8243;][vc_custom_heading text=&#8221;LE MEILLEUR RAPPORT QUALIT\u00c9-PRIX&#8221; font_container=&#8221;tag:h3|text_align:left&#8221; use_theme_fonts=&#8221;yes&#8221;][vc_column_text css=&#8221;&#8221;]<\/p>\n<p class=\"\" data-start=\"0\" data-end=\"453\">Sunward est votre investissement le plus judicieux en mati\u00e8re de fiabilit\u00e9, de performance et de retour sur investissement \u00e9lev\u00e9. En effet, la conception experte du SWE 20FE int\u00e8gre une s\u00e9lection soigneusement pens\u00e9e de composants qui simplifient l\u2019utilisation et la maintenance. Nos choix de conception aboutissent \u00e0 une machine offrant de nombreuses fonctionnalit\u00e9s de s\u00e9rie, des composants cl\u00e9s de marques premium, et des performances au juste prix.<\/p>\n<p class=\"\" data-start=\"455\" data-end=\"680\">De plus, les pi\u00e8ces de rechange d\u2019origine Sunward sont \u00e9galement \u00e9conomiques \u2013 et tout cet excellent rapport qualit\u00e9-prix est couronn\u00e9 par une garantie allant jusqu\u2019\u00e0 <strong data-start=\"622\" data-end=\"631\">5 ans<\/strong>, incluse de s\u00e9rie sur tous les produits Sunward.<\/p>\n<p>[\/vc_column_text][\/vc_column_inner][\/vc_row_inner][\/vc_tta_section][vc_tta_section title=&#8221;VIDEO&#8221; tab_id=&#8221;1623857706491-8aa3a03f-cca1&#8243;][vc_video link=&#8221;https:\/\/youtu.be\/F6KNmM_ug14&#8243;][\/vc_tta_section][vc_tta_section title=&#8221;BROCHURE&#8221; tab_id=&#8221;1623857795794-8fd5289e-c5a3&#8243;][vc_row_inner content_placement=&#8221;middle&#8221;][vc_column_inner width=&#8221;1\/4&#8243;][vc_single_image image=&#8221;4569&#8243; img_size=&#8221;large&#8221; css=&#8221;&#8221;][\/vc_column_inner][vc_column_inner width=&#8221;3\/4&#8243;][vc_custom_heading text=&#8221;Spec sheet&#8221; font_container=&#8221;tag:h3|text_align:left&#8221; use_theme_fonts=&#8221;yes&#8221;][vc_btn title=&#8221;DOWNLOAD&#8221; color=&#8221;orange&#8221; size=&#8221;lg&#8221; css=&#8221;&#8221; link=&#8221;url:https%3A%2F%2Fsunward.eu%2Fwp-content%2Fuploads%2F2026%2F03%2FSUNWARD_SWE-20FE_FINAL_HR_FR.pdf|title:Sunward%20SWE%2020FE%20Spec%20Sheet|target:_blank&#8221;][\/vc_column_inner][\/vc_row_inner][\/vc_tta_section][\/vc_tta_accordion][\/vc_column][\/vc_row]<\/p>\n<\/div>","protected":false},"excerpt":{"rendered":"<p data-start=\"0\" data-end=\"283\">La Sunward SWE 20FE est la premi\u00e8re mini-pelle \u00e9lectrique de Sunward. Bas\u00e9e sur notre best-seller sur le march\u00e9 europ\u00e9en, la Sunward SWE 20F, la SWE 20FE combine durabilit\u00e9, fiabilit\u00e9, performance et facilit\u00e9 d\u2019entretien avec le meilleur des technologies d\u00e9velopp\u00e9es par Sunward.<\/p>\n<p data-start=\"285\" data-end=\"455\" data-is-last-node=\"\" data-is-only-node=\"\">Cette mini-pelle de 2 tonnes, disponible en version cabine ou canopy, s\u2019imposera sur le march\u00e9 \u00e9mergent des pelles \u00e9lectriques gr\u00e2ce \u00e0 son excellent rapport qualit\u00e9-prix.<\/p>\n<p> [&#8230;]<\/p>\n<p><a class=\"btn btn-secondary understrap-read-more-link\" href=\"https:\/\/sunward.eu\/fr\/produit\/swe-20fe\/\">Lire la suite&#8230;<\/a><\/p>\n","protected":false},"featured_media":3710,"comment_status":"closed","ping_status":"closed","template":"","meta":{"_acf_changed":false,"inline_featured_image":false},"product_cat":[26,37],"product_tag":[],"class_list":{"0":"post-2903","1":"product","2":"type-product","3":"status-publish","4":"has-post-thumbnail","6":"product_cat-excavators","7":"product_cat-mini-excavators","8":"pa_emission-rating-eu-stage-5","9":"pa_max-digging-depth-2-380-mm","10":"pa_operating-weight-1-920-kg","11":"pa_power-output-10-kw","12":"pa_width-123-321-mm","14":"first","15":"instock","16":"shipping-taxable","17":"product-type-simple"},"translation":{"provider":"WPGlobus","version":"2.12.2","language":"fr","enabled_languages":["en","de","fr","it"],"languages":{"en":{"title":true,"content":true,"excerpt":true},"de":{"title":true,"content":true,"excerpt":true},"fr":{"title":true,"content":true,"excerpt":true},"it":{"title":true,"content":true,"excerpt":true}}},"acf":[],"yoast_head":"<!-- This site is optimized with the Yoast SEO plugin v22.6 - https:\/\/yoast.com\/wordpress\/plugins\/seo\/ -->\n<title>SWE 20FE - Sunward Europe (Official Website for EU &amp; UK)<\/title>\n<meta name=\"robots\" content=\"index, follow, max-snippet:-1, max-image-preview:large, max-video-preview:-1\" \/>\n<link rel=\"canonical\" href=\"https:\/\/sunward.eu\/product\/swe-20fe\/\" \/>\n<meta property=\"og:locale\" content=\"fr_FR\" \/>\n<meta property=\"og:type\" content=\"article\" \/>\n<meta property=\"og:title\" content=\"SWE 20FE - Sunward Europe (Official Website for EU &amp; UK)\" \/>\n<meta property=\"og:url\" content=\"https:\/\/sunward.eu\/product\/swe-20fe\/\" \/>\n<meta property=\"og:site_name\" content=\"Sunward Europe (Official Website for EU &amp; UK)\" \/>\n<meta property=\"article:modified_time\" content=\"2026-03-20T08:43:49+00:00\" \/>\n<meta property=\"og:image\" content=\"https:\/\/sunward.eu\/wp-content\/uploads\/2024\/10\/SWE20FED_MAIN-1.png\" \/>\n\t<meta property=\"og:image:width\" content=\"1000\" \/>\n\t<meta property=\"og:image:height\" content=\"1000\" \/>\n\t<meta property=\"og:image:type\" content=\"image\/png\" \/>\n<meta name=\"twitter:card\" content=\"summary_large_image\" \/>\n<meta name=\"twitter:label1\" content=\"Est. reading time\" \/>\n\t<meta name=\"twitter:data1\" content=\"6 minutes\" \/>\n<script type=\"application\/ld+json\" class=\"yoast-schema-graph\">{\"@context\":\"https:\/\/schema.org\",\"@graph\":[{\"@type\":\"WebPage\",\"@id\":\"https:\/\/sunward.eu\/product\/swe-20fe\/\",\"url\":\"https:\/\/sunward.eu\/product\/swe-20fe\/\",\"name\":\"SWE 20FE - Sunward Europe (Official Website for EU &amp; UK)\",\"isPartOf\":{\"@id\":\"https:\/\/sunward.eu\/#website\"},\"primaryImageOfPage\":{\"@id\":\"https:\/\/sunward.eu\/product\/swe-20fe\/#primaryimage\"},\"image\":{\"@id\":\"https:\/\/sunward.eu\/product\/swe-20fe\/#primaryimage\"},\"thumbnailUrl\":\"https:\/\/sunward.eu\/wp-content\/uploads\/2024\/10\/SWE20FED_MAIN-1.png\",\"datePublished\":\"2022-10-06T13:09:00+00:00\",\"dateModified\":\"2026-03-20T08:43:49+00:00\",\"breadcrumb\":{\"@id\":\"https:\/\/sunward.eu\/product\/swe-20fe\/#breadcrumb\"},\"inLanguage\":\"fr-FR\",\"potentialAction\":[{\"@type\":\"ReadAction\",\"target\":[\"https:\/\/sunward.eu\/product\/swe-20fe\/\"]}]},{\"@type\":\"ImageObject\",\"inLanguage\":\"fr-FR\",\"@id\":\"https:\/\/sunward.eu\/product\/swe-20fe\/#primaryimage\",\"url\":\"https:\/\/sunward.eu\/wp-content\/uploads\/2024\/10\/SWE20FED_MAIN-1.png\",\"contentUrl\":\"https:\/\/sunward.eu\/wp-content\/uploads\/2024\/10\/SWE20FED_MAIN-1.png\",\"width\":1000,\"height\":1000},{\"@type\":\"BreadcrumbList\",\"@id\":\"https:\/\/sunward.eu\/product\/swe-20fe\/#breadcrumb\",\"itemListElement\":[{\"@type\":\"ListItem\",\"position\":1,\"name\":\"Home\",\"item\":\"https:\/\/sunward.eu\/\"},{\"@type\":\"ListItem\",\"position\":2,\"name\":\"Products\",\"item\":\"https:\/\/sunward.eu\/shop\/\"},{\"@type\":\"ListItem\",\"position\":3,\"name\":\"Excavators\",\"item\":\"https:\/\/sunward.eu\/product-category\/excavators\/\"},{\"@type\":\"ListItem\",\"position\":4,\"name\":\"SWE 20FE\"}]},{\"@type\":\"WebSite\",\"@id\":\"https:\/\/sunward.eu\/#website\",\"url\":\"https:\/\/sunward.eu\/\",\"name\":\"Sunward Europe (Official Website for EU &amp; UK)\",\"description\":\"The smart choice\",\"publisher\":{\"@id\":\"https:\/\/sunward.eu\/#organization\"},\"potentialAction\":[{\"@type\":\"SearchAction\",\"target\":{\"@type\":\"EntryPoint\",\"urlTemplate\":\"https:\/\/sunward.eu\/?s={search_term_string}\"},\"query-input\":\"required name=search_term_string\"}],\"inLanguage\":\"fr-FR\"},{\"@type\":\"Organization\",\"@id\":\"https:\/\/sunward.eu\/#organization\",\"name\":\"Sunward Europe (Official Website for EU &amp; UK)\",\"url\":\"https:\/\/sunward.eu\/\",\"logo\":{\"@type\":\"ImageObject\",\"inLanguage\":\"fr-FR\",\"@id\":\"https:\/\/sunward.eu\/#\/schema\/logo\/image\/\",\"url\":\"https:\/\/sunward.eu\/wp-content\/uploads\/2022\/01\/Website_Sunward_logo_top_180x63px.png\",\"contentUrl\":\"https:\/\/sunward.eu\/wp-content\/uploads\/2022\/01\/Website_Sunward_logo_top_180x63px.png\",\"width\":180,\"height\":63,\"caption\":\"Sunward Europe (Official Website for EU &amp; UK)\"},\"image\":{\"@id\":\"https:\/\/sunward.eu\/#\/schema\/logo\/image\/\"}}]}<\/script>\n<!-- \/ Yoast SEO plugin. -->","yoast_head_json":{"title":"SWE 20FE - Sunward Europe (Official Website for EU &amp; UK)","robots":{"index":"index","follow":"follow","max-snippet":"max-snippet:-1","max-image-preview":"max-image-preview:large","max-video-preview":"max-video-preview:-1"},"canonical":"https:\/\/sunward.eu\/product\/swe-20fe\/","og_locale":"fr_FR","og_type":"article","og_title":"SWE 20FE - Sunward Europe (Official Website for EU &amp; UK)","og_url":"https:\/\/sunward.eu\/product\/swe-20fe\/","og_site_name":"Sunward Europe (Official Website for EU &amp; UK)","article_modified_time":"2026-03-20T08:43:49+00:00","og_image":[{"width":1000,"height":1000,"url":"https:\/\/sunward.eu\/wp-content\/uploads\/2024\/10\/SWE20FED_MAIN-1.png","type":"image\/png"}],"twitter_card":"summary_large_image","twitter_misc":{"Est. reading time":"6 minutes"},"schema":{"@context":"https:\/\/schema.org","@graph":[{"@type":"WebPage","@id":"https:\/\/sunward.eu\/product\/swe-20fe\/","url":"https:\/\/sunward.eu\/product\/swe-20fe\/","name":"SWE 20FE - Sunward Europe (Official Website for EU &amp; UK)","isPartOf":{"@id":"https:\/\/sunward.eu\/#website"},"primaryImageOfPage":{"@id":"https:\/\/sunward.eu\/product\/swe-20fe\/#primaryimage"},"image":{"@id":"https:\/\/sunward.eu\/product\/swe-20fe\/#primaryimage"},"thumbnailUrl":"https:\/\/sunward.eu\/wp-content\/uploads\/2024\/10\/SWE20FED_MAIN-1.png","datePublished":"2022-10-06T13:09:00+00:00","dateModified":"2026-03-20T08:43:49+00:00","breadcrumb":{"@id":"https:\/\/sunward.eu\/product\/swe-20fe\/#breadcrumb"},"inLanguage":"fr-FR","potentialAction":[{"@type":"ReadAction","target":["https:\/\/sunward.eu\/product\/swe-20fe\/"]}]},{"@type":"ImageObject","inLanguage":"fr-FR","@id":"https:\/\/sunward.eu\/product\/swe-20fe\/#primaryimage","url":"https:\/\/sunward.eu\/wp-content\/uploads\/2024\/10\/SWE20FED_MAIN-1.png","contentUrl":"https:\/\/sunward.eu\/wp-content\/uploads\/2024\/10\/SWE20FED_MAIN-1.png","width":1000,"height":1000},{"@type":"BreadcrumbList","@id":"https:\/\/sunward.eu\/product\/swe-20fe\/#breadcrumb","itemListElement":[{"@type":"ListItem","position":1,"name":"Home","item":"https:\/\/sunward.eu\/"},{"@type":"ListItem","position":2,"name":"Products","item":"https:\/\/sunward.eu\/shop\/"},{"@type":"ListItem","position":3,"name":"Excavators","item":"https:\/\/sunward.eu\/product-category\/excavators\/"},{"@type":"ListItem","position":4,"name":"SWE 20FE"}]},{"@type":"WebSite","@id":"https:\/\/sunward.eu\/#website","url":"https:\/\/sunward.eu\/","name":"Sunward Europe (Official Website for EU &amp; UK)","description":"The smart choice","publisher":{"@id":"https:\/\/sunward.eu\/#organization"},"potentialAction":[{"@type":"SearchAction","target":{"@type":"EntryPoint","urlTemplate":"https:\/\/sunward.eu\/?s={search_term_string}"},"query-input":"required name=search_term_string"}],"inLanguage":"fr-FR"},{"@type":"Organization","@id":"https:\/\/sunward.eu\/#organization","name":"Sunward Europe (Official Website for EU &amp; UK)","url":"https:\/\/sunward.eu\/","logo":{"@type":"ImageObject","inLanguage":"fr-FR","@id":"https:\/\/sunward.eu\/#\/schema\/logo\/image\/","url":"https:\/\/sunward.eu\/wp-content\/uploads\/2022\/01\/Website_Sunward_logo_top_180x63px.png","contentUrl":"https:\/\/sunward.eu\/wp-content\/uploads\/2022\/01\/Website_Sunward_logo_top_180x63px.png","width":180,"height":63,"caption":"Sunward Europe (Official Website for EU &amp; UK)"},"image":{"@id":"https:\/\/sunward.eu\/#\/schema\/logo\/image\/"}}]}},"_links":{"self":[{"href":"https:\/\/sunward.eu\/fr\/wp-json\/wp\/v2\/product\/2903","targetHints":{"allow":["GET"]}}],"collection":[{"href":"https:\/\/sunward.eu\/fr\/wp-json\/wp\/v2\/product"}],"about":[{"href":"https:\/\/sunward.eu\/fr\/wp-json\/wp\/v2\/types\/product"}],"replies":[{"embeddable":true,"href":"https:\/\/sunward.eu\/fr\/wp-json\/wp\/v2\/comments?post=2903"}],"wp:featuredmedia":[{"embeddable":true,"href":"https:\/\/sunward.eu\/fr\/wp-json\/wp\/v2\/media\/3710"}],"wp:attachment":[{"href":"https:\/\/sunward.eu\/fr\/wp-json\/wp\/v2\/media?parent=2903"}],"wp:term":[{"taxonomy":"product_cat","embeddable":true,"href":"https:\/\/sunward.eu\/fr\/wp-json\/wp\/v2\/product_cat?post=2903"},{"taxonomy":"product_tag","embeddable":true,"href":"https:\/\/sunward.eu\/fr\/wp-json\/wp\/v2\/product_tag?post=2903"}],"curies":[{"name":"wp","href":"https:\/\/api.w.org\/{rel}","templated":true}]}}