{"id":1926,"date":"2022-01-25T14:57:12","date_gmt":"2022-01-25T13:57:12","guid":{"rendered":"https:\/\/sunward.eu\/?post_type=product&#038;p=1926"},"modified":"2024-01-26T15:44:33","modified_gmt":"2024-01-26T14:44:33","slug":"swtc-10","status":"publish","type":"product","link":"https:\/\/sunward.eu\/fr\/produit\/swtc-10\/","title":{"rendered":"SWTC 10"},"content":{"rendered":"<div class=\"wpb-content-wrapper\"><p>[vc_row][vc_column][vc_tta_accordion style=&#8221;flat&#8221; c_icon=&#8221;chevron&#8221; c_position=&#8221;right&#8221; active_section=&#8221;1&#8243; no_fill=&#8221;true&#8221; el_class=&#8221;custom-accordion&#8221;][vc_tta_section title=&#8221;SP\u00c9CIFICATIONS&#8221; tab_id=&#8221;1623355628079-f58b5c44-7c4b&#8221;][vc_custom_heading text=&#8221;SUNWARD SWTC 10&#8243; font_container=&#8221;tag:h3|text_align:left&#8221; use_theme_fonts=&#8221;yes&#8221;][vc_column_text]La grue t\u00e9lescopique sur chenilles Sunward SWTC\u00a010 offre une combinaison polyvalente avec une fl\u00e8che t\u00e9lescopique ultra-robuste mont\u00e9e sur un ch\u00e2ssis inf\u00e9rieur dot\u00e9 de chenilles aux dimensions compactes.<\/p>\n<p>Cette grue sur chenilles compacte est parfaite pour les travaux de levage lourds et ses dimensions compactes lui permettent d\u2019acc\u00e9der aux endroits particuli\u00e8rement exigus, inaccessibles aux autres engins de levage.<\/p>\n<p>Elle permet \u00e9galement de transporter des charges lourdes sur tous les terrains, m\u00eame les plus accident\u00e9s.<\/p>\n<p>La SWTC 10 combine la puissance du moteur Cummins QSB6.7, d\u00e9veloppant 129\u00a0kW, avec les derni\u00e8res normes antipollution europ\u00e9ennes Phase\u00a0V.<\/p>\n<p>Et bien s\u00fbr, parce que nous savons que la s\u00e9curit\u00e9 et le confort vont de pair, la SWTC 10 assure en toutes conditions s\u00e9curit\u00e9 et confort de haut niveau.<\/p>\n<p>Sunward est traditionnellement attach\u00e9 \u00e0 toujours offrir le meilleur rapport qualit\u00e9\/prix. La SWTC 10 ne fait pas exception \u00e0 cette r\u00e8gle, puisqu\u2019elle pr\u00e9sente de nombreuses fonctionnalit\u00e9s et jusqu\u2019\u00e0 5 ans de garantie standard, \u00e0 un prix adapt\u00e9.<\/p>\n<p>La grue t\u00e9lescopique compacte sur chenilles SWTC\u00a010 est id\u00e9ale, si vous cherchez une grue sur chenilles compacte \u00e0 la fois moderne et polyvalente.<\/p>\n<p>D\u00e9couvrez tous les autres avantages de la Sunward SWTC\u00a010.[\/vc_column_text][vc_separator color=&#8221;white&#8221;][vc_row_inner][vc_column_inner width=&#8221;1\/2&#8243;][vc_toggle title=&#8221;DIMENSIONS&#8221;]<\/p>\n<table width=\"655\">\n<tbody>\n<tr>\n<td width=\"417\">Poids op\u00e9rationnel<\/td>\n<td width=\"238\">20 500 kg<\/td>\n<\/tr>\n<tr>\n<td width=\"417\">Longueur de transport<\/td>\n<td>9 073 mm<\/td>\n<\/tr>\n<tr>\n<td width=\"417\">Largeur de transport<\/td>\n<td>2 800 mm<\/td>\n<\/tr>\n<tr>\n<td width=\"417\">Hauteur au-dessus du toit de la cabine<\/td>\n<td>3 070 mm<\/td>\n<\/tr>\n<\/tbody>\n<\/table>\n<p>[\/vc_toggle][vc_toggle title=&#8221;MOTEUR&#8221;]<\/p>\n<table width=\"655\">\n<tbody>\n<tr>\n<td width=\"417\">Mod\u00e8le<\/td>\n<td width=\"238\">Cummins QSB 6.7<\/td>\n<\/tr>\n<tr>\n<td>Norme antipollution<\/td>\n<td>EU Stage V<\/td>\n<\/tr>\n<tr>\n<td>Cylindr\u00e9e<\/td>\n<td>6.7 L<\/td>\n<\/tr>\n<tr>\n<td>Puissance de sortie nominale<\/td>\n<td>129 kW<\/td>\n<\/tr>\n<\/tbody>\n<\/table>\n<p>[\/vc_toggle][vc_toggle title=&#8221;ENVELOPPE DE TRAVAIL&#8221;]<\/p>\n<table width=\"655\">\n<tbody>\n<tr>\n<td width=\"417\">Charge utile nominale max.<\/td>\n<td width=\"238\">10 000 kg<\/td>\n<\/tr>\n<tr>\n<td>Longueur de la fl\u00e8che de base<\/td>\n<td>7 m<\/td>\n<\/tr>\n<tr>\n<td>Longueur de la fl\u00e8che enti\u00e8rement \u00e9tendue<\/td>\n<td>21.2 m<\/td>\n<\/tr>\n<tr>\n<td>Hauteur de levage max. de la fl\u00e8che de base<\/td>\n<td>21.5 m<\/td>\n<\/tr>\n<tr>\n<td>Hauteur de levage max. de la fl\u00e8che principale la plus longue<\/td>\n<td>26 m<\/td>\n<\/tr>\n<\/tbody>\n<\/table>\n<p>[\/vc_toggle][\/vc_column_inner][vc_column_inner width=&#8221;1\/2&#8243;][\/vc_column_inner][\/vc_row_inner][\/vc_tta_section][vc_tta_section title=&#8221;FONCTIONNALIT\u00c9S ET ATOUTS&#8221; tab_id=&#8221;1623355710952-d36b50a3-81ed&#8221;][vc_row_inner][vc_column_inner width=&#8221;1\/4&#8243;][vc_single_image image=&#8221;1070&#8243; img_size=&#8221;medium&#8221;][\/vc_column_inner][vc_column_inner width=&#8221;3\/4&#8243;][vc_custom_heading text=&#8221;CON\u00c7UE POUR L\u2019EUROPE&#8221; font_container=&#8221;tag:h3|text_align:left&#8221; use_theme_fonts=&#8221;yes&#8221;][vc_column_text]Outre sa certification UE, la SWTC 10 a \u00e9t\u00e9 sp\u00e9cifiquement d\u00e9velopp\u00e9e en fonction des besoins du march\u00e9 europ\u00e9en. Elle r\u00e9pond aux exigences de la norme antipollution europ\u00e9enne Phase\u00a0V.[\/vc_column_text][\/vc_column_inner][\/vc_row_inner][vc_separator][vc_row_inner][vc_column_inner width=&#8221;1\/4&#8243;][vc_single_image image=&#8221;1911&#8243; img_size=&#8221;medium&#8221;][\/vc_column_inner][vc_column_inner width=&#8221;3\/4&#8243;][vc_custom_heading text=&#8221;UNE MOBILIT\u00c9 EXTR\u00caME&#8221; font_container=&#8221;tag:h3|text_align:left&#8221; use_theme_fonts=&#8221;yes&#8221;][vc_column_text]Gr\u00e2ce \u00e0 ses dimensions compactes, la grue t\u00e9lescopique sur chenilles Sunward SWTC\u00a010 est pr\u00eate \u00e0 intervenir en un temps record.<\/p>\n<p>La machine se transporte facilement sur le site de construction pour un co\u00fbt relativement faible.<\/p>\n<p>Elle se d\u00e9place en toute s\u00e9curit\u00e9 sur le site, quelles que soient les conditions du terrain, gr\u00e2ce \u00e0 ses chenilles.<\/p>\n<p>Et pour couronner le tout, sa taille compacte offre une excellente maniabilit\u00e9 et la rend facile \u00e0 man\u0153uvrer dans les endroits exigus.[\/vc_column_text][\/vc_column_inner][\/vc_row_inner][vc_separator][vc_row_inner][vc_column_inner width=&#8221;1\/4&#8243;][vc_single_image image=&#8221;1927&#8243; img_size=&#8221;medium&#8221;][\/vc_column_inner][vc_column_inner width=&#8221;3\/4&#8243;][vc_custom_heading text=&#8221;UN MOTEUR PUISSANT ET FIABLE&#8221; font_container=&#8221;tag:h3|text_align:left&#8221; use_theme_fonts=&#8221;yes&#8221;][vc_column_text]Au c\u0153ur de la SWTC\u00a010, nous avons s\u00e9lectionn\u00e9 le moteur prim\u00e9 Cummins QSB6.7, conforme \u00e0 la norme antipollution europ\u00e9enne Phase\u00a0V.<\/p>\n<p>Ce moteur d\u00e9finit une nouvelle r\u00e9f\u00e9rence du secteur en mati\u00e8re de fiabilit\u00e9 et durabilit\u00e9 et est tr\u00e8s appr\u00e9ci\u00e9 sur le march\u00e9, et dispose d\u2019un vaste r\u00e9seau d\u2019assistance technique. Son excellent rendement \u00e9nerg\u00e9tique et ses intervalles d&#8217;entretien allong\u00e9s offrent un co\u00fbt d&#8217;utilisation et un co\u00fbt total d&#8217;exploitation particuli\u00e8rement bas.<\/p>\n<p>En termes de puissance, le moteur Cummins QSB6.7 atteint une puissance de sortie de 129 kW, satisfaisant \u00e0 un large \u00e9ventail d\u2019applications.[\/vc_column_text][\/vc_column_inner][\/vc_row_inner][vc_separator][vc_row_inner][vc_column_inner width=&#8221;1\/4&#8243;][vc_single_image image=&#8221;1913&#8243; img_size=&#8221;medium&#8221;][\/vc_column_inner][vc_column_inner width=&#8221;3\/4&#8243;][vc_custom_heading text=&#8221;DES COMPOSANTS HAUT DE GAMME&#8221; font_container=&#8221;tag:h3|text_align:left&#8221; use_theme_fonts=&#8221;yes&#8221;][vc_column_text]Tous les composants cl\u00e9s des pelles Sunward ont \u00e9t\u00e9 s\u00e9lectionn\u00e9s avec soin, du moteur Cummins jusqu\u2019aux composants du syst\u00e8me hydraulique.<\/p>\n<p>Le syst\u00e8me hydraulique est souvent consid\u00e9r\u00e9 comme le c\u0153ur de la machine. C&#8217;est pourquoi Sunward se fournit exclusivement aupr\u00e8s des plus grandes marques du march\u00e9. Bosch Rexroth est le leader du march\u00e9 en mati\u00e8re d&#8217;innovation, de conception et de fabrication de pompes hydrauliques. Il \u00e9tait donc tout naturel pour Sunward de choisir cette marque de premier plan comme notre principal fournisseur de pompes, distributeurs et manipulateurs. Nos pompes hydrauliques Bosch Rexroth sont extr\u00eamement pr\u00e9cises et particuli\u00e8rement fiables, et contribuent ainsi \u00e0 la grande fiabilit\u00e9 de cette machine.<\/p>\n<p>Nous avons \u00e9galement s\u00e9lectionn\u00e9 KYB ou Flutek pour les moteurs de translation et le moteur d&#8217;orientation.[\/vc_column_text][\/vc_column_inner][\/vc_row_inner][vc_separator][vc_row_inner][vc_column_inner width=&#8221;1\/4&#8243;][vc_single_image image=&#8221;1918&#8243; img_size=&#8221;medium&#8221;][\/vc_column_inner][vc_column_inner width=&#8221;3\/4&#8243;][vc_custom_heading text=&#8221;UNE PORT\u00c9E \u00c9TENDUE&#8221; font_container=&#8221;tag:h3|text_align:left&#8221; use_theme_fonts=&#8221;yes&#8221;][vc_column_text]La SWTC 10 pr\u00e9sente une excellente \u00e9tendue de port\u00e9e. Avec sa port\u00e9e de 26 m de long, elle se positionne tr\u00e8s bien sur le march\u00e9.[\/vc_column_text][\/vc_column_inner][\/vc_row_inner][vc_separator][vc_row_inner][vc_column_inner width=&#8221;1\/4&#8243;][vc_single_image image=&#8221;1914&#8243; img_size=&#8221;medium&#8221;][\/vc_column_inner][vc_column_inner width=&#8221;3\/4&#8243;][vc_custom_heading text=&#8221;UNE GRANDE PUISSANCE&#8221; font_container=&#8221;tag:h3|text_align:left&#8221; use_theme_fonts=&#8221;yes&#8221;][vc_column_text]Malgr\u00e9 sa taille compacte, la SWTC\u00a010 est tr\u00e8s puissante, offrant une capacit\u00e9 de levage exceptionnelle allant jusqu\u2019\u00e0 10\u00a0000 kg (max.), pour rivaliser facilement avec les grues sur chenilles t\u00e9lescopiques compactes pr\u00e9sentes depuis longtemps sur le march\u00e9.[\/vc_column_text][\/vc_column_inner][\/vc_row_inner][vc_row_inner][vc_column_inner width=&#8221;1\/4&#8243;][vc_single_image image=&#8221;1915&#8243; img_size=&#8221;medium&#8221;][\/vc_column_inner][vc_column_inner width=&#8221;3\/4&#8243;][vc_custom_heading text=&#8221;ENTRETIEN FACILE&#8221; font_container=&#8221;tag:h3|text_align:left&#8221; use_theme_fonts=&#8221;yes&#8221;][vc_column_text]Pour r\u00e9duire le co\u00fbt et le temps d&#8217;entretien de la SWTC\u00a010, la porte arri\u00e8re et le capot lat\u00e9ral m\u00e9nagent un acc\u00e8s sans restriction aux points de contr\u00f4le et d&#8217;entretien. Les points d&#8217;entretien courant \u2013 filtres \u00e0 air, \u00e0 huile et \u00e0 carburant \u2013 sont directement accessibles par la porte arri\u00e8re.<\/p>\n<p>Avec leur acc\u00e8s direct au r\u00e9servoir de carburant et leurs graisseurs centralis\u00e9s, ces grues t\u00e9lescopiques sur chenilles sont aussi faciles \u00e0 entretenir qu&#8217;\u00e0 utiliser.[\/vc_column_text][\/vc_column_inner][\/vc_row_inner][vc_row_inner][vc_column_inner width=&#8221;1\/4&#8243;][vc_single_image image=&#8221;1919&#8243; img_size=&#8221;medium&#8221;][\/vc_column_inner][vc_column_inner width=&#8221;3\/4&#8243;][vc_custom_heading text=&#8221;UNE CABINE S\u00dbRE&#8221; font_container=&#8221;tag:h3|text_align:left&#8221; use_theme_fonts=&#8221;yes&#8221;][vc_column_text]La cabine haute s\u00e9curit\u00e9 standard de la SWTC\u00a010 r\u00e9pond aux normes FOPS, TOPS et ROPS afin que l&#8217;op\u00e9rateur b\u00e9n\u00e9ficie d&#8217;un poste de travail s\u00fbr et confortable, quelles que soient les conditions de travail.<\/p>\n<p>Malgr\u00e9 sa taille ext\u00e9rieure compacte, la SWTC\u00a010 offre un acc\u00e8s ais\u00e9 \u00e0 une cabine spacieuse, pour les op\u00e9rateurs de toutes tailles partout en Europe.<\/p>\n<p>Des vastes surfaces vitr\u00e9es, y compris en haut, \u00e0 l&#8217;agencement int\u00e9rieur soigneusement \u00e9tudi\u00e9, tout est fait pour le confort, la productivit\u00e9 et la s\u00e9curit\u00e9 de l&#8217;op\u00e9rateur.[\/vc_column_text][\/vc_column_inner][\/vc_row_inner][vc_row_inner][vc_column_inner width=&#8221;1\/4&#8243;][vc_single_image image=&#8221;1917&#8243; img_size=&#8221;medium&#8221;][\/vc_column_inner][vc_column_inner width=&#8221;3\/4&#8243;][vc_custom_heading text=&#8221;LE MEILLEUR RAPPORT QUALIT\u00c9-PRIX&#8221; font_container=&#8221;tag:h3|text_align:left&#8221; use_theme_fonts=&#8221;yes&#8221;][vc_column_text]Sunward est le meilleur investissement en termes de fiabilit\u00e9, de performances et un retour sur investissement \u00e9lev\u00e9.<\/p>\n<p>En effet, la conception soigneusement \u00e9tudi\u00e9e de la SWTC\u00a010 inclut une s\u00e9lection bien \u00e9tudi\u00e9e de composants qui facilitent l&#8217;utilisation et l&#8217;entretien de la machine. Les choix que nous avons faits nous permettent de vous offrir une machine \u00e0 l&#8217;\u00e9quipement standard sans \u00e9gal, avec des composants de premi\u00e8re qualit\u00e9 et des performances de haut niveau&#8230;. \u00e0 un prix tr\u00e8s abordable.<\/p>\n<p>En outre, les pi\u00e8ces d\u00e9tach\u00e9es Sunward sont, elles aussi, tr\u00e8s \u00e9conomiques, sans parler de la garantie standard de 5 ans accompagnant tous les produits Sunward, qui compl\u00e8te l&#8217;offre en beaut\u00e9.[\/vc_column_text][\/vc_column_inner][\/vc_row_inner][\/vc_tta_section][vc_tta_section title=&#8221;VIDEO&#8221; tab_id=&#8221;1623857706491-8aa3a03f-cca1&#8243;][vc_row_inner][vc_column_inner][vc_column_text]<\/p>\n<h2><em>NOT AVAILABLE<\/em><\/h2>\n<p>[\/vc_column_text][\/vc_column_inner][\/vc_row_inner][vc_video link=&#8221;&#8221;][\/vc_tta_section][vc_tta_section title=&#8221;BROCHURE&#8221; tab_id=&#8221;1623857795794-8fd5289e-c5a3&#8243;][vc_row_inner content_placement=&#8221;middle&#8221;][vc_column_inner width=&#8221;1\/4&#8243;][vc_single_image image=&#8221;1928&#8243; img_size=&#8221;large&#8221;][\/vc_column_inner][vc_column_inner width=&#8221;3\/4&#8243;][vc_custom_heading text=&#8221;SUNWARD SWTC 10 SPEC SHEET&#8221; font_container=&#8221;tag:h3|text_align:left&#8221; use_theme_fonts=&#8221;yes&#8221;][vc_btn title=&#8221;DOWNLOAD&#8221; color=&#8221;orange&#8221; size=&#8221;lg&#8221; link=&#8221;url:https%3A%2F%2Fsunward.eu%2Fwp-content%2Fuploads%2F2023%2F10%2FSWTC10_FR.pdf|title:Sunward%20SWTC%2010%20SPEC%20SHEET|target:_blank&#8221;][\/vc_column_inner][\/vc_row_inner][\/vc_tta_section][\/vc_tta_accordion][\/vc_column][\/vc_row]<\/p>\n<\/div>","protected":false},"excerpt":{"rendered":"<p>La grue t\u00e9lescopique sur chenilles Sunward SWTC\u00a010 offre une combinaison polyvalente avec une fl\u00e8che t\u00e9lescopique ultra-robuste mont\u00e9e sur un ch\u00e2ssis inf\u00e9rieur dot\u00e9 de chenilles aux dimensions compactes.<\/p>\n<p>Cette grue sur chenilles compacte est parfaite pour les travaux de levage lourds et ses dimensions compactes lui permettent d\u2019acc\u00e9der aux endroits particuli\u00e8rement exigus, inaccessibles aux autres engins de levage.<\/p>\n<p>Elle permet \u00e9galement de transporter des charges lourdes sur tous les terrains, m\u00eame les plus accident\u00e9s.<\/p>\n<p>\u00c9quip\u00e9e d\u2019un moteur Yanmar, la SWTC 10 est conforme aux exigences de la norme antipollution europ\u00e9enne Phase\u00a0V. [&#8230;]<\/p>\n<p><a class=\"btn btn-secondary understrap-read-more-link\" href=\"https:\/\/sunward.eu\/fr\/produit\/swtc-10\/\">Lire la suite&#8230;<\/a><\/p>\n","protected":false},"featured_media":2780,"comment_status":"closed","ping_status":"closed","template":"","meta":{"_acf_changed":false,"inline_featured_image":false},"product_cat":[28,39],"product_tag":[],"class_list":{"0":"post-1926","1":"product","2":"type-product","3":"status-publish","4":"has-post-thumbnail","6":"product_cat-telescopic-cranes","7":"product_cat-swtc5d","8":"pa_emission-rating-eu-stage-5","9":"pa_max-digging-depth-2-840-mm","10":"pa_operating-weight-20-500-kg","11":"pa_power-output-14-6-kw","13":"first","14":"instock","15":"shipping-taxable","16":"product-type-simple"},"translation":{"provider":"WPGlobus","version":"2.12.2","language":"fr","enabled_languages":["en","de","fr","it"],"languages":{"en":{"title":true,"content":true,"excerpt":true},"de":{"title":true,"content":true,"excerpt":true},"fr":{"title":true,"content":true,"excerpt":true},"it":{"title":true,"content":true,"excerpt":true}}},"acf":[],"yoast_head":"<!-- This site is optimized with the Yoast SEO plugin v22.6 - https:\/\/yoast.com\/wordpress\/plugins\/seo\/ -->\n<title>SWTC 10 - Sunward Europe (Official Website for EU &amp; UK)<\/title>\n<meta name=\"robots\" content=\"index, follow, max-snippet:-1, max-image-preview:large, max-video-preview:-1\" \/>\n<link rel=\"canonical\" href=\"https:\/\/sunward.eu\/product\/swtc-10\/\" \/>\n<meta property=\"og:locale\" content=\"fr_FR\" \/>\n<meta property=\"og:type\" content=\"article\" \/>\n<meta property=\"og:title\" content=\"SWTC 10 - Sunward Europe (Official Website for EU &amp; UK)\" \/>\n<meta property=\"og:url\" content=\"https:\/\/sunward.eu\/product\/swtc-10\/\" \/>\n<meta property=\"og:site_name\" content=\"Sunward Europe (Official Website for EU &amp; UK)\" \/>\n<meta property=\"article:modified_time\" content=\"2024-01-26T14:44:33+00:00\" \/>\n<meta property=\"og:image\" content=\"https:\/\/sunward.eu\/wp-content\/uploads\/2022\/01\/Sunward-SWTC-10_MAIN.png\" \/>\n\t<meta property=\"og:image:width\" content=\"1000\" \/>\n\t<meta property=\"og:image:height\" content=\"1000\" \/>\n\t<meta property=\"og:image:type\" content=\"image\/png\" \/>\n<meta name=\"twitter:card\" content=\"summary_large_image\" \/>\n<meta name=\"twitter:label1\" content=\"Est. reading time\" \/>\n\t<meta name=\"twitter:data1\" content=\"5 minutes\" \/>\n<script type=\"application\/ld+json\" class=\"yoast-schema-graph\">{\"@context\":\"https:\/\/schema.org\",\"@graph\":[{\"@type\":\"WebPage\",\"@id\":\"https:\/\/sunward.eu\/product\/swtc-10\/\",\"url\":\"https:\/\/sunward.eu\/product\/swtc-10\/\",\"name\":\"SWTC 10 - Sunward Europe (Official Website for EU &amp; UK)\",\"isPartOf\":{\"@id\":\"https:\/\/sunward.eu\/#website\"},\"primaryImageOfPage\":{\"@id\":\"https:\/\/sunward.eu\/product\/swtc-10\/#primaryimage\"},\"image\":{\"@id\":\"https:\/\/sunward.eu\/product\/swtc-10\/#primaryimage\"},\"thumbnailUrl\":\"https:\/\/sunward.eu\/wp-content\/uploads\/2022\/01\/Sunward-SWTC-10_MAIN.png\",\"datePublished\":\"2022-01-25T13:57:12+00:00\",\"dateModified\":\"2024-01-26T14:44:33+00:00\",\"breadcrumb\":{\"@id\":\"https:\/\/sunward.eu\/product\/swtc-10\/#breadcrumb\"},\"inLanguage\":\"fr-FR\",\"potentialAction\":[{\"@type\":\"ReadAction\",\"target\":[\"https:\/\/sunward.eu\/product\/swtc-10\/\"]}]},{\"@type\":\"ImageObject\",\"inLanguage\":\"fr-FR\",\"@id\":\"https:\/\/sunward.eu\/product\/swtc-10\/#primaryimage\",\"url\":\"https:\/\/sunward.eu\/wp-content\/uploads\/2022\/01\/Sunward-SWTC-10_MAIN.png\",\"contentUrl\":\"https:\/\/sunward.eu\/wp-content\/uploads\/2022\/01\/Sunward-SWTC-10_MAIN.png\",\"width\":1000,\"height\":1000,\"caption\":\"Sunward SWTC 10 Telescopic Crane\"},{\"@type\":\"BreadcrumbList\",\"@id\":\"https:\/\/sunward.eu\/product\/swtc-10\/#breadcrumb\",\"itemListElement\":[{\"@type\":\"ListItem\",\"position\":1,\"name\":\"Home\",\"item\":\"https:\/\/sunward.eu\/\"},{\"@type\":\"ListItem\",\"position\":2,\"name\":\"Products\",\"item\":\"https:\/\/sunward.eu\/shop\/\"},{\"@type\":\"ListItem\",\"position\":3,\"name\":\"Telescopic cranes\",\"item\":\"https:\/\/sunward.eu\/product-category\/telescopic-cranes\/\"},{\"@type\":\"ListItem\",\"position\":4,\"name\":\"SWTC 5D\",\"item\":\"https:\/\/sunward.eu\/product-category\/telescopic-cranes\/swtc5d\/\"},{\"@type\":\"ListItem\",\"position\":5,\"name\":\"SWTC 10\"}]},{\"@type\":\"WebSite\",\"@id\":\"https:\/\/sunward.eu\/#website\",\"url\":\"https:\/\/sunward.eu\/\",\"name\":\"Sunward Europe (Official Website for EU &amp; UK)\",\"description\":\"The smart choice\",\"publisher\":{\"@id\":\"https:\/\/sunward.eu\/#organization\"},\"potentialAction\":[{\"@type\":\"SearchAction\",\"target\":{\"@type\":\"EntryPoint\",\"urlTemplate\":\"https:\/\/sunward.eu\/?s={search_term_string}\"},\"query-input\":\"required name=search_term_string\"}],\"inLanguage\":\"fr-FR\"},{\"@type\":\"Organization\",\"@id\":\"https:\/\/sunward.eu\/#organization\",\"name\":\"Sunward Europe (Official Website for EU &amp; UK)\",\"url\":\"https:\/\/sunward.eu\/\",\"logo\":{\"@type\":\"ImageObject\",\"inLanguage\":\"fr-FR\",\"@id\":\"https:\/\/sunward.eu\/#\/schema\/logo\/image\/\",\"url\":\"https:\/\/sunward.eu\/wp-content\/uploads\/2022\/01\/Website_Sunward_logo_top_180x63px.png\",\"contentUrl\":\"https:\/\/sunward.eu\/wp-content\/uploads\/2022\/01\/Website_Sunward_logo_top_180x63px.png\",\"width\":180,\"height\":63,\"caption\":\"Sunward Europe (Official Website for EU &amp; UK)\"},\"image\":{\"@id\":\"https:\/\/sunward.eu\/#\/schema\/logo\/image\/\"}}]}<\/script>\n<!-- \/ Yoast SEO plugin. -->","yoast_head_json":{"title":"SWTC 10 - Sunward Europe (Official Website for EU &amp; UK)","robots":{"index":"index","follow":"follow","max-snippet":"max-snippet:-1","max-image-preview":"max-image-preview:large","max-video-preview":"max-video-preview:-1"},"canonical":"https:\/\/sunward.eu\/product\/swtc-10\/","og_locale":"fr_FR","og_type":"article","og_title":"SWTC 10 - Sunward Europe (Official Website for EU &amp; UK)","og_url":"https:\/\/sunward.eu\/product\/swtc-10\/","og_site_name":"Sunward Europe (Official Website for EU &amp; UK)","article_modified_time":"2024-01-26T14:44:33+00:00","og_image":[{"width":1000,"height":1000,"url":"https:\/\/sunward.eu\/wp-content\/uploads\/2022\/01\/Sunward-SWTC-10_MAIN.png","type":"image\/png"}],"twitter_card":"summary_large_image","twitter_misc":{"Est. reading time":"5 minutes"},"schema":{"@context":"https:\/\/schema.org","@graph":[{"@type":"WebPage","@id":"https:\/\/sunward.eu\/product\/swtc-10\/","url":"https:\/\/sunward.eu\/product\/swtc-10\/","name":"SWTC 10 - Sunward Europe (Official Website for EU &amp; UK)","isPartOf":{"@id":"https:\/\/sunward.eu\/#website"},"primaryImageOfPage":{"@id":"https:\/\/sunward.eu\/product\/swtc-10\/#primaryimage"},"image":{"@id":"https:\/\/sunward.eu\/product\/swtc-10\/#primaryimage"},"thumbnailUrl":"https:\/\/sunward.eu\/wp-content\/uploads\/2022\/01\/Sunward-SWTC-10_MAIN.png","datePublished":"2022-01-25T13:57:12+00:00","dateModified":"2024-01-26T14:44:33+00:00","breadcrumb":{"@id":"https:\/\/sunward.eu\/product\/swtc-10\/#breadcrumb"},"inLanguage":"fr-FR","potentialAction":[{"@type":"ReadAction","target":["https:\/\/sunward.eu\/product\/swtc-10\/"]}]},{"@type":"ImageObject","inLanguage":"fr-FR","@id":"https:\/\/sunward.eu\/product\/swtc-10\/#primaryimage","url":"https:\/\/sunward.eu\/wp-content\/uploads\/2022\/01\/Sunward-SWTC-10_MAIN.png","contentUrl":"https:\/\/sunward.eu\/wp-content\/uploads\/2022\/01\/Sunward-SWTC-10_MAIN.png","width":1000,"height":1000,"caption":"Sunward SWTC 10 Telescopic Crane"},{"@type":"BreadcrumbList","@id":"https:\/\/sunward.eu\/product\/swtc-10\/#breadcrumb","itemListElement":[{"@type":"ListItem","position":1,"name":"Home","item":"https:\/\/sunward.eu\/"},{"@type":"ListItem","position":2,"name":"Products","item":"https:\/\/sunward.eu\/shop\/"},{"@type":"ListItem","position":3,"name":"Telescopic cranes","item":"https:\/\/sunward.eu\/product-category\/telescopic-cranes\/"},{"@type":"ListItem","position":4,"name":"SWTC 5D","item":"https:\/\/sunward.eu\/product-category\/telescopic-cranes\/swtc5d\/"},{"@type":"ListItem","position":5,"name":"SWTC 10"}]},{"@type":"WebSite","@id":"https:\/\/sunward.eu\/#website","url":"https:\/\/sunward.eu\/","name":"Sunward Europe (Official Website for EU &amp; UK)","description":"The smart choice","publisher":{"@id":"https:\/\/sunward.eu\/#organization"},"potentialAction":[{"@type":"SearchAction","target":{"@type":"EntryPoint","urlTemplate":"https:\/\/sunward.eu\/?s={search_term_string}"},"query-input":"required name=search_term_string"}],"inLanguage":"fr-FR"},{"@type":"Organization","@id":"https:\/\/sunward.eu\/#organization","name":"Sunward Europe (Official Website for EU &amp; UK)","url":"https:\/\/sunward.eu\/","logo":{"@type":"ImageObject","inLanguage":"fr-FR","@id":"https:\/\/sunward.eu\/#\/schema\/logo\/image\/","url":"https:\/\/sunward.eu\/wp-content\/uploads\/2022\/01\/Website_Sunward_logo_top_180x63px.png","contentUrl":"https:\/\/sunward.eu\/wp-content\/uploads\/2022\/01\/Website_Sunward_logo_top_180x63px.png","width":180,"height":63,"caption":"Sunward Europe (Official Website for EU &amp; UK)"},"image":{"@id":"https:\/\/sunward.eu\/#\/schema\/logo\/image\/"}}]}},"_links":{"self":[{"href":"https:\/\/sunward.eu\/fr\/wp-json\/wp\/v2\/product\/1926","targetHints":{"allow":["GET"]}}],"collection":[{"href":"https:\/\/sunward.eu\/fr\/wp-json\/wp\/v2\/product"}],"about":[{"href":"https:\/\/sunward.eu\/fr\/wp-json\/wp\/v2\/types\/product"}],"replies":[{"embeddable":true,"href":"https:\/\/sunward.eu\/fr\/wp-json\/wp\/v2\/comments?post=1926"}],"wp:featuredmedia":[{"embeddable":true,"href":"https:\/\/sunward.eu\/fr\/wp-json\/wp\/v2\/media\/2780"}],"wp:attachment":[{"href":"https:\/\/sunward.eu\/fr\/wp-json\/wp\/v2\/media?parent=1926"}],"wp:term":[{"taxonomy":"product_cat","embeddable":true,"href":"https:\/\/sunward.eu\/fr\/wp-json\/wp\/v2\/product_cat?post=1926"},{"taxonomy":"product_tag","embeddable":true,"href":"https:\/\/sunward.eu\/fr\/wp-json\/wp\/v2\/product_tag?post=1926"}],"curies":[{"name":"wp","href":"https:\/\/api.w.org\/{rel}","templated":true}]}}