{"id":1894,"date":"2022-01-25T12:49:44","date_gmt":"2022-01-25T11:49:44","guid":{"rendered":"https:\/\/sunward.eu\/?post_type=product&#038;p=1894"},"modified":"2024-01-26T16:49:11","modified_gmt":"2024-01-26T15:49:11","slug":"swtc-5d","status":"publish","type":"product","link":"https:\/\/sunward.eu\/fr\/produit\/swtc-5d\/","title":{"rendered":"SWTC 5D"},"content":{"rendered":"<div class=\"wpb-content-wrapper\"><p>[vc_row][vc_column][vc_tta_accordion style=&#8221;flat&#8221; c_icon=&#8221;chevron&#8221; c_position=&#8221;right&#8221; active_section=&#8221;1&#8243; no_fill=&#8221;true&#8221; el_class=&#8221;custom-accordion&#8221;][vc_tta_section title=&#8221;SP\u00c9CIFICATIONS&#8221; tab_id=&#8221;1623355628079-f58b5c44-7c4b&#8221;][vc_custom_heading text=&#8221;SUNWARD SWTC 5D&#8221; font_container=&#8221;tag:h3|text_align:left&#8221; use_theme_fonts=&#8221;yes&#8221;][vc_column_text]La grue t\u00e9lescopique sur chenilles Sunward SWTC\u00a05D offre une combinaison polyvalente avec une fl\u00e8che t\u00e9lescopique ultra-robuste mont\u00e9e sur un ch\u00e2ssis inf\u00e9rieur dot\u00e9 de chenilles aux dimensions compactes.<\/p>\n<p>Cette grue sur chenilles compacte est parfaite pour les travaux de levage lourds et ses dimensions compactes lui permettent d\u2019acc\u00e9der aux endroits particuli\u00e8rement exigus, inaccessibles aux autres engins de levage.<\/p>\n<p>Elle permet \u00e9galement de transporter des charges lourdes sur tous les terrains, m\u00eame les plus accident\u00e9s.<\/p>\n<p>La SWTC 5D combine la puissance du moteur Yanmar 4TNV98C, d\u00e9veloppant 46,2\u00a0kW, avec les derni\u00e8res normes antipollution europ\u00e9ennes Phase\u00a0V.<\/p>\n<p>Et bien s\u00fbr, parce que nous savons que la s\u00e9curit\u00e9 et le confort vont de pair, la SWTC 5D assure en toutes conditions s\u00e9curit\u00e9 et confort de haut niveau.<\/p>\n<p>Sunward est traditionnellement attach\u00e9 \u00e0 toujours offrir le meilleur rapport qualit\u00e9\/prix. La SWTC 5D ne fait pas exception \u00e0 cette r\u00e8gle, puisqu\u2019elle pr\u00e9sente de nombreuses fonctionnalit\u00e9s et jusqu\u2019\u00e0 5 ans de garantie standard, \u00e0 un prix adapt\u00e9.<\/p>\n<p>La grue t\u00e9lescopique compacte sur chenilles SWTC\u00a05D est id\u00e9ale, si vous cherchez une grue sur chenilles compacte \u00e0 la fois moderne et polyvalente.<\/p>\n<p>D\u00e9couvrez tous les autres avantages de la pelle Sunward SWTC\u00a05D.[\/vc_column_text][vc_separator color=&#8221;white&#8221;][vc_row_inner][vc_column_inner width=&#8221;1\/2&#8243;][vc_toggle title=&#8221;DIMENSIONS&#8221;]<\/p>\n<table width=\"671\">\n<tbody>\n<tr>\n<td width=\"501\">Poids op\u00e9rationnel<\/td>\n<td width=\"170\">10 910 kg<\/td>\n<\/tr>\n<tr>\n<td width=\"501\">Longueur de transport<\/td>\n<td>5\u2009350 mm<\/td>\n<\/tr>\n<tr>\n<td width=\"501\">Largeur de transport<\/td>\n<td>2\u2009260 mm<\/td>\n<\/tr>\n<tr>\n<td width=\"501\">Hauteur au-dessus du toit de la cabine<\/td>\n<td>2\u2009835 mm<\/td>\n<\/tr>\n<\/tbody>\n<\/table>\n<p>[\/vc_toggle][vc_toggle title=&#8221;MOTEUR&#8221;]<\/p>\n<table width=\"671\">\n<tbody>\n<tr>\n<td width=\"501\">Mod\u00e8le<\/td>\n<td width=\"170\">Yanmar 4TNV98C-SSU<\/td>\n<\/tr>\n<tr>\n<td>Norme antipollution<\/td>\n<td>UE Phase V (EU Stage V)<\/td>\n<\/tr>\n<tr>\n<td>Cylindr\u00e9e<\/td>\n<td>3,319\u00a0L<\/td>\n<\/tr>\n<tr>\n<td>Puissance de sortie nominale<\/td>\n<td>46,2 kW<\/td>\n<\/tr>\n<\/tbody>\n<\/table>\n<p>[\/vc_toggle][vc_toggle title=&#8221;ENVELOPPE DE TRAVAIL&#8221;]<\/p>\n<table width=\"671\">\n<tbody>\n<tr>\n<td width=\"501\">Charge utile nominale max.<\/td>\n<td width=\"170\">5 000 kg<\/td>\n<\/tr>\n<tr>\n<td>Longueur de la fl\u00e8che de base<\/td>\n<td>4,63 m<\/td>\n<\/tr>\n<tr>\n<td>Longueur de la fl\u00e8che enti\u00e8rement \u00e9tendue<\/td>\n<td>16,5 m<\/td>\n<\/tr>\n<tr>\n<td>Hauteur de levage max. de la fl\u00e8che de base<\/td>\n<td>5,3 m<\/td>\n<\/tr>\n<tr>\n<td>Hauteur de levage max. de la fl\u00e8che principale la plus longue<\/td>\n<td>16,5 m<\/td>\n<\/tr>\n<\/tbody>\n<\/table>\n<p>[\/vc_toggle][\/vc_column_inner][vc_column_inner width=&#8221;1\/2&#8243;][\/vc_column_inner][\/vc_row_inner][\/vc_tta_section][vc_tta_section title=&#8221;FONCTIONNALIT\u00c9S ET ATOUTS&#8221; tab_id=&#8221;1623355710952-d36b50a3-81ed&#8221;][vc_row_inner][vc_column_inner width=&#8221;1\/4&#8243;][vc_single_image image=&#8221;1070&#8243; img_size=&#8221;medium&#8221;][\/vc_column_inner][vc_column_inner width=&#8221;3\/4&#8243;][vc_custom_heading text=&#8221;CON\u00c7UE POUR L\u2019EUROPE&#8221; font_container=&#8221;tag:h3|text_align:left&#8221; use_theme_fonts=&#8221;yes&#8221;][vc_column_text]Outre sa certification UE, la SWTC 5D a \u00e9t\u00e9 sp\u00e9cifiquement d\u00e9velopp\u00e9e en fonction des besoins du march\u00e9 europ\u00e9en. Elle r\u00e9pond aux exigences de la norme antipollution europ\u00e9enne Phase\u00a0V.[\/vc_column_text][\/vc_column_inner][\/vc_row_inner][vc_separator][vc_row_inner][vc_column_inner width=&#8221;1\/4&#8243;][vc_single_image image=&#8221;1911&#8243; img_size=&#8221;medium&#8221;][\/vc_column_inner][vc_column_inner width=&#8221;3\/4&#8243;][vc_custom_heading text=&#8221;UNE MOBILIT\u00c9 EXTR\u00caME&#8221; font_container=&#8221;tag:h3|text_align:left&#8221; use_theme_fonts=&#8221;yes&#8221;][vc_column_text]Gr\u00e2ce \u00e0 ses dimensions compactes, la grue t\u00e9lescopique sur chenilles Sunward SWTC\u00a05D est pr\u00eate \u00e0 intervenir en un temps record.<\/p>\n<p>La machine se transporte facilement sur le site de construction pour un co\u00fbt relativement faible.<\/p>\n<p>Elle se d\u00e9place en toute s\u00e9curit\u00e9 sur le site, quelles que soient les conditions du terrain, gr\u00e2ce \u00e0 ses chenilles.<\/p>\n<p>Et pour couronner le tout, sa taille compacte offre une excellente maniabilit\u00e9 et la rend facile \u00e0 man\u0153uvrer dans les endroits exigus.[\/vc_column_text][\/vc_column_inner][\/vc_row_inner][vc_separator][vc_row_inner][vc_column_inner width=&#8221;1\/4&#8243;][vc_single_image image=&#8221;1912&#8243; img_size=&#8221;medium&#8221;][\/vc_column_inner][vc_column_inner width=&#8221;3\/4&#8243;][vc_custom_heading text=&#8221;UN MOTEUR PUISSANT ET FIABLE&#8221; font_container=&#8221;tag:h3|text_align:left&#8221; use_theme_fonts=&#8221;yes&#8221;][vc_column_text]Constituant le c\u0153ur de la SWTC 5D, nous avons opt\u00e9 pour le moteur Yanmar 4TNV98C, conforme aux derni\u00e8res exigences antipollution Phase\u00a0V de l\u2019Union Europ\u00e9enne.<\/p>\n<p>Ce moteur nouvelle g\u00e9n\u00e9ration pr\u00e9sente une injection directe Common Rail, assurant une alimentation et un contr\u00f4le du carburant plus pr\u00e9cis, davantage d\u2019\u00e9conomies de carburant, un traitement plus efficace des gaz d\u2019\u00e9chappement, des \u00e9missions r\u00e9duites et des performances am\u00e9lior\u00e9es.<\/p>\n<p>En termes de puissance, le moteur Yanmar 4TNV98C atteint une puissance de sortie de 46,2 kW, satisfaisant \u00e0 un large \u00e9ventail d\u2019applications.[\/vc_column_text][\/vc_column_inner][\/vc_row_inner][vc_separator][vc_row_inner][vc_column_inner width=&#8221;1\/4&#8243;][vc_single_image image=&#8221;1913&#8243; img_size=&#8221;medium&#8221;][\/vc_column_inner][vc_column_inner width=&#8221;3\/4&#8243;][vc_custom_heading text=&#8221;DES COMPOSANTS HAUT DE GAMME&#8221; font_container=&#8221;tag:h3|text_align:left&#8221; use_theme_fonts=&#8221;yes&#8221;][vc_column_text]Tous les composants cl\u00e9s des pelles Sunward ont \u00e9t\u00e9 s\u00e9lectionn\u00e9s avec soin, du moteur Yanmar jusqu\u2019aux composants du syst\u00e8me hydraulique.<\/p>\n<p>Le syst\u00e8me hydraulique est souvent consid\u00e9r\u00e9 comme le c\u0153ur de la machine. C&#8217;est pourquoi Sunward se fournit exclusivement aupr\u00e8s des plus grandes marques du march\u00e9. Bosch Rexroth est le leader du march\u00e9 en mati\u00e8re d&#8217;innovation, de conception et de fabrication de pompes hydrauliques. Il \u00e9tait donc tout naturel pour Sunward de choisir cette marque de premier plan comme notre principal fournisseur de pompes, distributeurs et manipulateurs. Nos pompes hydrauliques Bosch Rexroth sont extr\u00eamement pr\u00e9cises et particuli\u00e8rement fiables, et contribuent ainsi \u00e0 la grande fiabilit\u00e9 de cette machine.<\/p>\n<p>Nous avons \u00e9galement s\u00e9lectionn\u00e9 KYB ou Flutek pour les moteurs de translation et le moteur d&#8217;orientation.[\/vc_column_text][\/vc_column_inner][\/vc_row_inner][vc_separator][vc_row_inner][vc_column_inner width=&#8221;1\/4&#8243;][vc_single_image image=&#8221;1918&#8243; img_size=&#8221;medium&#8221;][\/vc_column_inner][vc_column_inner width=&#8221;3\/4&#8243;][vc_custom_heading text=&#8221;UNE PORT\u00c9E \u00c9TENDUE&#8221; font_container=&#8221;tag:h3|text_align:left&#8221; use_theme_fonts=&#8221;yes&#8221;][vc_column_text]La SWTC 5D pr\u00e9sente une excellente \u00e9tendue de port\u00e9e. Avec sa port\u00e9e de pr\u00e8s de 16,5 m de long, elle se positionne tr\u00e8s bien sur le march\u00e9.[\/vc_column_text][\/vc_column_inner][\/vc_row_inner][vc_separator][vc_row_inner][vc_column_inner width=&#8221;1\/4&#8243;][vc_single_image image=&#8221;1914&#8243; img_size=&#8221;medium&#8221;][\/vc_column_inner][vc_column_inner width=&#8221;3\/4&#8243;][vc_custom_heading text=&#8221;UNE GRANDE PUISSANCE&#8221; font_container=&#8221;tag:h3|text_align:left&#8221; use_theme_fonts=&#8221;yes&#8221;][vc_column_text]Malgr\u00e9 sa taille compacte, la SWTC\u00a05D est tr\u00e8s puissante, offrant une capacit\u00e9 de levage exceptionnelle allant jusqu\u2019\u00e0 5\u00a0000 kg (max.), pour rivaliser facilement avec les grues sur chenilles t\u00e9lescopiques compactes pr\u00e9sentes depuis longtemps sur le march\u00e9.[\/vc_column_text][\/vc_column_inner][\/vc_row_inner][vc_row_inner][vc_column_inner width=&#8221;1\/4&#8243;][vc_single_image image=&#8221;1915&#8243; img_size=&#8221;medium&#8221;][\/vc_column_inner][vc_column_inner width=&#8221;3\/4&#8243;][vc_custom_heading text=&#8221;ENTRETIEN FACILE&#8221; font_container=&#8221;tag:h3|text_align:left&#8221; use_theme_fonts=&#8221;yes&#8221;][vc_column_text]Pour r\u00e9duire le co\u00fbt et le temps d&#8217;entretien de la SWTC 5D, la porte arri\u00e8re et le capot lat\u00e9ral m\u00e9nagent un acc\u00e8s sans restriction aux points de contr\u00f4le et d&#8217;entretien. Les points d&#8217;entretien courant \u2013 filtres \u00e0 air, \u00e0 huile et \u00e0 carburant \u2013 sont directement accessibles par la porte arri\u00e8re.<\/p>\n<p>Avec leur acc\u00e8s direct au r\u00e9servoir de carburant et leurs graisseurs centralis\u00e9s, ces grues t\u00e9lescopiques sur chenilles sont aussi faciles \u00e0 entretenir qu&#8217;\u00e0 utiliser.[\/vc_column_text][\/vc_column_inner][\/vc_row_inner][vc_row_inner][vc_column_inner width=&#8221;1\/4&#8243;][vc_single_image image=&#8221;1919&#8243; img_size=&#8221;medium&#8221;][\/vc_column_inner][vc_column_inner width=&#8221;3\/4&#8243;][vc_custom_heading text=&#8221;UNE CABINE S\u00dbRE&#8221; font_container=&#8221;tag:h3|text_align:left&#8221; use_theme_fonts=&#8221;yes&#8221;][vc_column_text]La cabine haute s\u00e9curit\u00e9 standard de la SWTC 5D r\u00e9pond aux normes FOPS, TOPS et ROPS afin que l&#8217;op\u00e9rateur b\u00e9n\u00e9ficie d&#8217;un poste de travail s\u00fbr et confortable, quelles que soient les conditions de travail.<\/p>\n<p>Malgr\u00e9 sa taille ext\u00e9rieure compacte, la SWTC 5D offre un acc\u00e8s ais\u00e9 \u00e0 une cabine spacieuse, pour les op\u00e9rateurs de toutes tailles partout en Europe.<\/p>\n<p>Des vastes surfaces vitr\u00e9es, y compris en haut, \u00e0 l&#8217;agencement int\u00e9rieur soigneusement \u00e9tudi\u00e9, tout est fait pour le confort, la productivit\u00e9 et la s\u00e9curit\u00e9 de l&#8217;op\u00e9rateur.[\/vc_column_text][\/vc_column_inner][\/vc_row_inner][vc_row_inner][vc_column_inner width=&#8221;1\/4&#8243;][vc_single_image image=&#8221;1917&#8243; img_size=&#8221;medium&#8221;][\/vc_column_inner][vc_column_inner width=&#8221;3\/4&#8243;][vc_custom_heading text=&#8221;LE MEILLEUR RAPPORT QUALIT\u00c9-PRIX&#8221; font_container=&#8221;tag:h3|text_align:left&#8221; use_theme_fonts=&#8221;yes&#8221;][vc_column_text]Sunward est le meilleur investissement en termes de fiabilit\u00e9, de performances et un retour sur investissement \u00e9lev\u00e9. En effet, la conception soigneusement \u00e9tudi\u00e9e de la SWTC 5D inclut une s\u00e9lection bien \u00e9tudi\u00e9e de composants qui facilitent l&#8217;utilisation et l&#8217;entretien de la machine. Les choix que nous avons faits nous permettent de vous offrir une machine \u00e0 l&#8217;\u00e9quipement standard sans \u00e9gal, avec des composants de premi\u00e8re qualit\u00e9 et des performances de haut niveau&#8230;. \u00e0 un prix tr\u00e8s abordable.<\/p>\n<p>En outre, les pi\u00e8ces d\u00e9tach\u00e9es Sunward sont, elles aussi, tr\u00e8s \u00e9conomiques, sans parler de la garantie standard de 5 ans accompagnant tous les produits Sunward, qui compl\u00e8te l&#8217;offre en beaut\u00e9.[\/vc_column_text][\/vc_column_inner][\/vc_row_inner][\/vc_tta_section][vc_tta_section title=&#8221;VID\u00c9O&#8221; tab_id=&#8221;1623857706491-8aa3a03f-cca1&#8243;][vc_row_inner][vc_column_inner][vc_column_text]<\/p>\n<h2><em>NON DISPONIBLE<\/em><\/h2>\n<p>[\/vc_column_text][\/vc_column_inner][\/vc_row_inner][vc_video link=&#8221;&#8221;][\/vc_tta_section][vc_tta_section title=&#8221;BROCHURE&#8221; tab_id=&#8221;1623857795794-8fd5289e-c5a3&#8243;][vc_row_inner content_placement=&#8221;middle&#8221;][vc_column_inner width=&#8221;1\/4&#8243;][vc_single_image image=&#8221;1922&#8243; img_size=&#8221;large&#8221;][\/vc_column_inner][vc_column_inner width=&#8221;3\/4&#8243;][vc_custom_heading text=&#8221;FICHE TECHNIQUE&#8221; font_container=&#8221;tag:h3|text_align:left&#8221; use_theme_fonts=&#8221;yes&#8221;][vc_btn title=&#8221;T\u00c9L\u00c9CHARGEMENT&#8221; color=&#8221;orange&#8221; size=&#8221;lg&#8221; link=&#8221;url:https%3A%2F%2Fsunward.eu%2Fwp-content%2Fuploads%2F2023%2F10%2FSWTC5D_FR.pdf|title:Sunward%20SWTC%205D%20SPEC%20SHEET|target:_blank&#8221;][\/vc_column_inner][\/vc_row_inner][\/vc_tta_section][\/vc_tta_accordion][\/vc_column][\/vc_row]<\/p>\n<\/div>","protected":false},"excerpt":{"rendered":"<p>La grue t\u00e9lescopique sur chenilles Sunward SWTC\u00a05D offre une combinaison polyvalente avec une fl\u00e8che t\u00e9lescopique ultra-robuste mont\u00e9e sur un ch\u00e2ssis inf\u00e9rieur dot\u00e9 de chenilles aux dimensions compactes. Cette grue sur chenilles compacte est parfaite pour les travaux de levage lourds et ses dimensions compactes lui permettent d\u2019acc\u00e9der aux endroits particuli\u00e8rement exigus, inaccessibles aux autres engins de levage. Elle permet \u00e9galement de transporter des charges lourdes sur tous les terrains, m\u00eame les plus accident\u00e9s. \u00c9quip\u00e9e d\u2019un moteur Yanmar, la SWTC 5D est conforme aux exigences de la norme antipollution europ\u00e9enne Phase\u00a0V. [&#8230;]<\/p>\n<p><a class=\"btn btn-secondary understrap-read-more-link\" href=\"https:\/\/sunward.eu\/fr\/produit\/swtc-5d\/\">Lire la suite&#8230;<\/a><\/p>\n","protected":false},"featured_media":2784,"comment_status":"closed","ping_status":"closed","template":"","meta":{"_acf_changed":false,"inline_featured_image":false},"product_cat":[28,39],"product_tag":[],"class_list":{"0":"post-1894","1":"product","2":"type-product","3":"status-publish","4":"has-post-thumbnail","6":"product_cat-telescopic-cranes","7":"product_cat-swtc5d","8":"pa_emission-rating-eu-stage-5","9":"pa_max-digging-depth-2-840-mm","10":"pa_operating-weight-10-910-kg","11":"pa_power-output-14-6-kw","13":"first","14":"instock","15":"shipping-taxable","16":"product-type-simple"},"translation":{"provider":"WPGlobus","version":"2.12.2","language":"fr","enabled_languages":["en","de","fr","it"],"languages":{"en":{"title":true,"content":true,"excerpt":true},"de":{"title":true,"content":true,"excerpt":true},"fr":{"title":true,"content":true,"excerpt":true},"it":{"title":true,"content":true,"excerpt":true}}},"acf":[],"yoast_head":"<!-- This site is optimized with the Yoast SEO plugin v22.6 - https:\/\/yoast.com\/wordpress\/plugins\/seo\/ -->\n<title>SWTC 5D - Sunward Europe (Official Website for EU &amp; UK)<\/title>\n<meta name=\"robots\" content=\"index, follow, max-snippet:-1, max-image-preview:large, max-video-preview:-1\" \/>\n<link rel=\"canonical\" href=\"https:\/\/sunward.eu\/product\/swtc-5d\/\" \/>\n<meta property=\"og:locale\" content=\"fr_FR\" \/>\n<meta property=\"og:type\" content=\"article\" \/>\n<meta property=\"og:title\" content=\"SWTC 5D - Sunward Europe (Official Website for EU &amp; UK)\" \/>\n<meta property=\"og:url\" content=\"https:\/\/sunward.eu\/product\/swtc-5d\/\" \/>\n<meta property=\"og:site_name\" content=\"Sunward Europe (Official Website for EU &amp; UK)\" \/>\n<meta property=\"article:modified_time\" content=\"2024-01-26T15:49:11+00:00\" \/>\n<meta property=\"og:image\" content=\"https:\/\/sunward.eu\/wp-content\/uploads\/2022\/01\/Sunward-SWTC-5D_MAIN.png\" \/>\n\t<meta property=\"og:image:width\" content=\"1000\" \/>\n\t<meta property=\"og:image:height\" content=\"1000\" \/>\n\t<meta property=\"og:image:type\" content=\"image\/png\" \/>\n<meta name=\"twitter:card\" content=\"summary_large_image\" \/>\n<meta name=\"twitter:label1\" content=\"Est. reading time\" \/>\n\t<meta name=\"twitter:data1\" content=\"5 minutes\" \/>\n<script type=\"application\/ld+json\" class=\"yoast-schema-graph\">{\"@context\":\"https:\/\/schema.org\",\"@graph\":[{\"@type\":\"WebPage\",\"@id\":\"https:\/\/sunward.eu\/product\/swtc-5d\/\",\"url\":\"https:\/\/sunward.eu\/product\/swtc-5d\/\",\"name\":\"SWTC 5D - Sunward Europe (Official Website for EU &amp; UK)\",\"isPartOf\":{\"@id\":\"https:\/\/sunward.eu\/#website\"},\"primaryImageOfPage\":{\"@id\":\"https:\/\/sunward.eu\/product\/swtc-5d\/#primaryimage\"},\"image\":{\"@id\":\"https:\/\/sunward.eu\/product\/swtc-5d\/#primaryimage\"},\"thumbnailUrl\":\"https:\/\/sunward.eu\/wp-content\/uploads\/2022\/01\/Sunward-SWTC-5D_MAIN.png\",\"datePublished\":\"2022-01-25T11:49:44+00:00\",\"dateModified\":\"2024-01-26T15:49:11+00:00\",\"breadcrumb\":{\"@id\":\"https:\/\/sunward.eu\/product\/swtc-5d\/#breadcrumb\"},\"inLanguage\":\"fr-FR\",\"potentialAction\":[{\"@type\":\"ReadAction\",\"target\":[\"https:\/\/sunward.eu\/product\/swtc-5d\/\"]}]},{\"@type\":\"ImageObject\",\"inLanguage\":\"fr-FR\",\"@id\":\"https:\/\/sunward.eu\/product\/swtc-5d\/#primaryimage\",\"url\":\"https:\/\/sunward.eu\/wp-content\/uploads\/2022\/01\/Sunward-SWTC-5D_MAIN.png\",\"contentUrl\":\"https:\/\/sunward.eu\/wp-content\/uploads\/2022\/01\/Sunward-SWTC-5D_MAIN.png\",\"width\":1000,\"height\":1000,\"caption\":\"Sunward SWTC 5D Telescopic Crane\"},{\"@type\":\"BreadcrumbList\",\"@id\":\"https:\/\/sunward.eu\/product\/swtc-5d\/#breadcrumb\",\"itemListElement\":[{\"@type\":\"ListItem\",\"position\":1,\"name\":\"Home\",\"item\":\"https:\/\/sunward.eu\/\"},{\"@type\":\"ListItem\",\"position\":2,\"name\":\"Products\",\"item\":\"https:\/\/sunward.eu\/shop\/\"},{\"@type\":\"ListItem\",\"position\":3,\"name\":\"Telescopic cranes\",\"item\":\"https:\/\/sunward.eu\/product-category\/telescopic-cranes\/\"},{\"@type\":\"ListItem\",\"position\":4,\"name\":\"SWTC 5D\",\"item\":\"https:\/\/sunward.eu\/product-category\/telescopic-cranes\/swtc5d\/\"},{\"@type\":\"ListItem\",\"position\":5,\"name\":\"SWTC 5D\"}]},{\"@type\":\"WebSite\",\"@id\":\"https:\/\/sunward.eu\/#website\",\"url\":\"https:\/\/sunward.eu\/\",\"name\":\"Sunward Europe (Official Website for EU &amp; UK)\",\"description\":\"The smart choice\",\"publisher\":{\"@id\":\"https:\/\/sunward.eu\/#organization\"},\"potentialAction\":[{\"@type\":\"SearchAction\",\"target\":{\"@type\":\"EntryPoint\",\"urlTemplate\":\"https:\/\/sunward.eu\/?s={search_term_string}\"},\"query-input\":\"required name=search_term_string\"}],\"inLanguage\":\"fr-FR\"},{\"@type\":\"Organization\",\"@id\":\"https:\/\/sunward.eu\/#organization\",\"name\":\"Sunward Europe (Official Website for EU &amp; UK)\",\"url\":\"https:\/\/sunward.eu\/\",\"logo\":{\"@type\":\"ImageObject\",\"inLanguage\":\"fr-FR\",\"@id\":\"https:\/\/sunward.eu\/#\/schema\/logo\/image\/\",\"url\":\"https:\/\/sunward.eu\/wp-content\/uploads\/2022\/01\/Website_Sunward_logo_top_180x63px.png\",\"contentUrl\":\"https:\/\/sunward.eu\/wp-content\/uploads\/2022\/01\/Website_Sunward_logo_top_180x63px.png\",\"width\":180,\"height\":63,\"caption\":\"Sunward Europe (Official Website for EU &amp; UK)\"},\"image\":{\"@id\":\"https:\/\/sunward.eu\/#\/schema\/logo\/image\/\"}}]}<\/script>\n<!-- \/ Yoast SEO plugin. -->","yoast_head_json":{"title":"SWTC 5D - Sunward Europe (Official Website for EU &amp; UK)","robots":{"index":"index","follow":"follow","max-snippet":"max-snippet:-1","max-image-preview":"max-image-preview:large","max-video-preview":"max-video-preview:-1"},"canonical":"https:\/\/sunward.eu\/product\/swtc-5d\/","og_locale":"fr_FR","og_type":"article","og_title":"SWTC 5D - Sunward Europe (Official Website for EU &amp; UK)","og_url":"https:\/\/sunward.eu\/product\/swtc-5d\/","og_site_name":"Sunward Europe (Official Website for EU &amp; UK)","article_modified_time":"2024-01-26T15:49:11+00:00","og_image":[{"width":1000,"height":1000,"url":"https:\/\/sunward.eu\/wp-content\/uploads\/2022\/01\/Sunward-SWTC-5D_MAIN.png","type":"image\/png"}],"twitter_card":"summary_large_image","twitter_misc":{"Est. reading time":"5 minutes"},"schema":{"@context":"https:\/\/schema.org","@graph":[{"@type":"WebPage","@id":"https:\/\/sunward.eu\/product\/swtc-5d\/","url":"https:\/\/sunward.eu\/product\/swtc-5d\/","name":"SWTC 5D - Sunward Europe (Official Website for EU &amp; UK)","isPartOf":{"@id":"https:\/\/sunward.eu\/#website"},"primaryImageOfPage":{"@id":"https:\/\/sunward.eu\/product\/swtc-5d\/#primaryimage"},"image":{"@id":"https:\/\/sunward.eu\/product\/swtc-5d\/#primaryimage"},"thumbnailUrl":"https:\/\/sunward.eu\/wp-content\/uploads\/2022\/01\/Sunward-SWTC-5D_MAIN.png","datePublished":"2022-01-25T11:49:44+00:00","dateModified":"2024-01-26T15:49:11+00:00","breadcrumb":{"@id":"https:\/\/sunward.eu\/product\/swtc-5d\/#breadcrumb"},"inLanguage":"fr-FR","potentialAction":[{"@type":"ReadAction","target":["https:\/\/sunward.eu\/product\/swtc-5d\/"]}]},{"@type":"ImageObject","inLanguage":"fr-FR","@id":"https:\/\/sunward.eu\/product\/swtc-5d\/#primaryimage","url":"https:\/\/sunward.eu\/wp-content\/uploads\/2022\/01\/Sunward-SWTC-5D_MAIN.png","contentUrl":"https:\/\/sunward.eu\/wp-content\/uploads\/2022\/01\/Sunward-SWTC-5D_MAIN.png","width":1000,"height":1000,"caption":"Sunward SWTC 5D Telescopic Crane"},{"@type":"BreadcrumbList","@id":"https:\/\/sunward.eu\/product\/swtc-5d\/#breadcrumb","itemListElement":[{"@type":"ListItem","position":1,"name":"Home","item":"https:\/\/sunward.eu\/"},{"@type":"ListItem","position":2,"name":"Products","item":"https:\/\/sunward.eu\/shop\/"},{"@type":"ListItem","position":3,"name":"Telescopic cranes","item":"https:\/\/sunward.eu\/product-category\/telescopic-cranes\/"},{"@type":"ListItem","position":4,"name":"SWTC 5D","item":"https:\/\/sunward.eu\/product-category\/telescopic-cranes\/swtc5d\/"},{"@type":"ListItem","position":5,"name":"SWTC 5D"}]},{"@type":"WebSite","@id":"https:\/\/sunward.eu\/#website","url":"https:\/\/sunward.eu\/","name":"Sunward Europe (Official Website for EU &amp; UK)","description":"The smart choice","publisher":{"@id":"https:\/\/sunward.eu\/#organization"},"potentialAction":[{"@type":"SearchAction","target":{"@type":"EntryPoint","urlTemplate":"https:\/\/sunward.eu\/?s={search_term_string}"},"query-input":"required name=search_term_string"}],"inLanguage":"fr-FR"},{"@type":"Organization","@id":"https:\/\/sunward.eu\/#organization","name":"Sunward Europe (Official Website for EU &amp; UK)","url":"https:\/\/sunward.eu\/","logo":{"@type":"ImageObject","inLanguage":"fr-FR","@id":"https:\/\/sunward.eu\/#\/schema\/logo\/image\/","url":"https:\/\/sunward.eu\/wp-content\/uploads\/2022\/01\/Website_Sunward_logo_top_180x63px.png","contentUrl":"https:\/\/sunward.eu\/wp-content\/uploads\/2022\/01\/Website_Sunward_logo_top_180x63px.png","width":180,"height":63,"caption":"Sunward Europe (Official Website for EU &amp; UK)"},"image":{"@id":"https:\/\/sunward.eu\/#\/schema\/logo\/image\/"}}]}},"_links":{"self":[{"href":"https:\/\/sunward.eu\/fr\/wp-json\/wp\/v2\/product\/1894","targetHints":{"allow":["GET"]}}],"collection":[{"href":"https:\/\/sunward.eu\/fr\/wp-json\/wp\/v2\/product"}],"about":[{"href":"https:\/\/sunward.eu\/fr\/wp-json\/wp\/v2\/types\/product"}],"replies":[{"embeddable":true,"href":"https:\/\/sunward.eu\/fr\/wp-json\/wp\/v2\/comments?post=1894"}],"wp:featuredmedia":[{"embeddable":true,"href":"https:\/\/sunward.eu\/fr\/wp-json\/wp\/v2\/media\/2784"}],"wp:attachment":[{"href":"https:\/\/sunward.eu\/fr\/wp-json\/wp\/v2\/media?parent=1894"}],"wp:term":[{"taxonomy":"product_cat","embeddable":true,"href":"https:\/\/sunward.eu\/fr\/wp-json\/wp\/v2\/product_cat?post=1894"},{"taxonomy":"product_tag","embeddable":true,"href":"https:\/\/sunward.eu\/fr\/wp-json\/wp\/v2\/product_tag?post=1894"}],"curies":[{"name":"wp","href":"https:\/\/api.w.org\/{rel}","templated":true}]}}