{"id":1489,"date":"2022-01-21T14:21:32","date_gmt":"2022-01-21T13:21:32","guid":{"rendered":"https:\/\/sunward.eu\/?post_type=product&#038;p=1489"},"modified":"2024-07-04T09:54:56","modified_gmt":"2024-07-04T07:54:56","slug":"swl-4038","status":"publish","type":"product","link":"https:\/\/sunward.eu\/fr\/produit\/swl-4038\/","title":{"rendered":"SWL 4038"},"content":{"rendered":"<div class=\"wpb-content-wrapper\"><p>[vc_row][vc_column][vc_tta_accordion style=&#8221;flat&#8221; c_icon=&#8221;chevron&#8221; c_position=&#8221;right&#8221; active_section=&#8221;1&#8243; no_fill=&#8221;true&#8221; el_class=&#8221;custom-accordion&#8221;][vc_tta_section title=&#8221;SP\u00c9CIFICATIONS&#8221; tab_id=&#8221;1623355628079-f58b5c44-7c4b&#8221;][vc_custom_heading text=&#8221;SUNWARD SWL 4038&#8243; font_container=&#8221;tag:h3|text_align:left&#8221; use_theme_fonts=&#8221;yes&#8221;][vc_column_text]Vous recherchez une chargeuse compacte et polyvalente, avec une bonne capacit\u00e9 de levage et une grande puissance\u00a0?<\/p>\n<p>La chargeuse compacte Sunward SWL 4038 est hautement polyvalente et suffisamment compacte pour \u00eatre facilement maniable dans les espaces exigus. Malgr\u00e9 sa taille compacte, vous serez impressionn\u00e9 par sa grande force d\u2019arrachement et capacit\u00e9 de levage.<\/p>\n<p>Son puissant moteur Kubota offre performance, fiabilit\u00e9 exceptionnelle, longue dur\u00e9e de vie et est conforme aux exigences de la norme antipollution europ\u00e9enne Phase\u00a0V. Les points de maintenance et d\u2019entretien sont \u00e9galement facilement accessibles. La maintenance quotidienne est particuli\u00e8rement simple, les points d\u2019entretien et les composants du syst\u00e8me de refroidissement \u00e9tant accessibles depuis le sol, \u00e0 partir de la porte arri\u00e8re.<\/p>\n<p>Concernant l\u2019entretien, les principaux composants sont \u00e9galement facilement et rapidement accessibles en basculant la cabine ROPS\/FOPS.<\/p>\n<p>Au niveau du confort, la SWL\u00a04038 offre une cabine spacieuse avec une entr\u00e9e large, un si\u00e8ge confortable, des commandes ergonomiques et une excellente visibilit\u00e9 panoramique.<\/p>\n<p>Et pour couronner le tout, la s\u00e9curit\u00e9 est assur\u00e9e gr\u00e2ce \u00e0 la cabine ROPS\/FOPS associ\u00e9e \u00e0 une excellente visibilit\u00e9 et une grande stabilit\u00e9 de la machine.[\/vc_column_text][vc_separator color=&#8221;white&#8221;][vc_row_inner][vc_column_inner width=&#8221;1\/2&#8243;][vc_toggle title=&#8221;DIMENSIONS ET POIDS&#8221;]<\/p>\n<table width=\"655\">\n<tbody>\n<tr>\n<td width=\"417\">Poids op\u00e9rationnel<\/td>\n<td width=\"238\">3 650 kg<\/td>\n<\/tr>\n<tr>\n<td>Longueur hors godet<\/td>\n<td>2 969 mm<\/td>\n<\/tr>\n<tr>\n<td>Longueur avec godet standard<\/td>\n<td>3 750 mm<\/td>\n<\/tr>\n<tr>\n<td>Largeur hors godet<\/td>\n<td>1 812 mm<\/td>\n<\/tr>\n<tr>\n<td>Hauteur jusqu&#8217;au sommet du cadre ROPS<\/td>\n<td>2 068 mm<\/td>\n<\/tr>\n<tr>\n<td>Garde au sol<\/td>\n<td>205 mm<\/td>\n<\/tr>\n<tr>\n<td>Rayon de braquage \u00e0 partir du centre (godet standard)<\/td>\n<td>2 253 mm<\/td>\n<\/tr>\n<\/tbody>\n<\/table>\n<p>[\/vc_toggle][vc_toggle title=&#8221;MOTEUR&#8221;]<\/p>\n<table width=\"655\">\n<tbody>\n<tr>\n<td width=\"417\">Mod\u00e8le<\/td>\n<td width=\"238\">Kubota V3307-CR-TE5B<\/td>\n<\/tr>\n<tr>\n<td>Norme antipollution<\/td>\n<td>EU Stage V<\/td>\n<\/tr>\n<tr>\n<td>Puissance de sortie nominale<\/td>\n<td>55.4 kW<\/td>\n<\/tr>\n<\/tbody>\n<\/table>\n<p>[\/vc_toggle][vc_toggle title=&#8221;PERFORMANCES&#8221;]<\/p>\n<table width=\"655\">\n<tbody>\n<tr>\n<td width=\"417\">Capacit\u00e9 op\u00e9rationnelle nominale<\/td>\n<td width=\"238\">1 300 kg<\/td>\n<\/tr>\n<tr>\n<td>Charge de d\u00e9versement statique<\/td>\n<td>2 600 kg<\/td>\n<\/tr>\n<tr>\n<td>Force d&#8217;arrachement du godet (godet standard)<\/td>\n<td>3 385 kg<\/td>\n<\/tr>\n<tr>\n<td>Force d\u2019arrachement de la fl\u00e8che<\/td>\n<td>2 600 kg<\/td>\n<\/tr>\n<tr>\n<td>Vitesse de d\u00e9placement<\/td>\n<td>18 km\/h<\/td>\n<\/tr>\n<\/tbody>\n<\/table>\n<p>[\/vc_toggle][\/vc_column_inner][vc_column_inner width=&#8221;1\/2&#8243;][\/vc_column_inner][\/vc_row_inner][\/vc_tta_section][vc_tta_section title=&#8221;FONCTIONNALIT\u00c9S ET ATOUTS&#8221; tab_id=&#8221;1623355710952-d36b50a3-81ed&#8221;][vc_row_inner][vc_column_inner width=&#8221;1\/4&#8243;][vc_single_image image=&#8221;1070&#8243; img_size=&#8221;medium&#8221;][\/vc_column_inner][vc_column_inner width=&#8221;3\/4&#8243;][vc_custom_heading text=&#8221;CONSTRUITE POUR L\u2019EUROPE&#8221; font_container=&#8221;tag:h3|text_align:left&#8221; use_theme_fonts=&#8221;yes&#8221;][vc_column_text]Comme toutes les machines Sunward du march\u00e9 europ\u00e9en, la SWL 4038 a \u00e9t\u00e9 con\u00e7ue pour r\u00e9pondre aux besoins des clients europ\u00e9ens et d\u00e9tient toutes les certifications de l\u2019UE.[\/vc_column_text][\/vc_column_inner][\/vc_row_inner][vc_separator][vc_row_inner][vc_column_inner width=&#8221;1\/4&#8243;][vc_single_image image=&#8221;1456&#8243; img_size=&#8221;medium&#8221;][\/vc_column_inner][vc_column_inner width=&#8221;3\/4&#8243;][vc_custom_heading text=&#8221;CONSTRUITE POUR \u00caTRE POLYVALENTE&#8221; font_container=&#8221;tag:h3|text_align:left&#8221; use_theme_fonts=&#8221;yes&#8221;][vc_column_text]La chargeuse compacte Sunward SWL 4038 a \u00e9t\u00e9 con\u00e7ue pour \u00eatre hautement polyvalente et suffisamment compacte pour \u00eatre facilement maniable dans les espaces exigus.<\/p>\n<p>La polyvalence d&#8217;une chargeuse compacte commence par sa facilit\u00e9 de transport. La SWL\u00a04038 fait mieux que r\u00e9pondre aux normes de transport de l&#8217;Union Europ\u00e9enne\u00a0: v\u00e9ritablement compacte (largeur de 1\u00a0812\u00a0mm) et l\u00e9g\u00e8re (3\u00a0650\u00a0kg), son petit cadre garantit un transport simple, facile et s\u00fbr, sur le plateau d\u2019un pick-up.<\/p>\n<p>La SWL\u00a04038 s\u2019\u00e9quipe facilement d\u2019un large \u00e9ventail d\u2019accessoires afin de servir pour de nombreuses applications, avec un contr\u00f4le parfait de toutes les fonctions gr\u00e2ce aux manipulateurs et \u00e0 la double commande d\u2019acc\u00e9l\u00e9rateur (manuelle ou \u00e0 p\u00e9dale).[\/vc_column_text][\/vc_column_inner][\/vc_row_inner][vc_separator][vc_row_inner][vc_column_inner width=&#8221;1\/4&#8243;][vc_single_image image=&#8221;1457&#8243; img_size=&#8221;medium&#8221;][\/vc_column_inner][vc_column_inner width=&#8221;3\/4&#8243;][vc_custom_heading text=&#8221;UNE PERFORMANCE FIABLE&#8221; font_container=&#8221;tag:h3|text_align:left&#8221; use_theme_fonts=&#8221;yes&#8221;][vc_column_text]Malgr\u00e9 sa taille compacte, la SWL\u00a04038 dispose d\u2019une force d\u2019arrachement impressionnante, d\u2019une grande capacit\u00e9 de levage et de dur\u00e9es de cycle rapides.<\/p>\n<p>Le puissant moteur Kubota V3307 d\u00e9veloppe une puissance de 55,4\u00a0kW (pour 2\u00a0600\u00a0tr\/min) et offre une fiabilit\u00e9 exceptionnelle, m\u00eame en conditions de charge \u00e9lev\u00e9es et difficiles, une longue dur\u00e9e de vie et est conforme aux exigences de la norme antipollution europ\u00e9enne Phase\u00a0V.[\/vc_column_text][\/vc_column_inner][\/vc_row_inner][vc_separator][vc_row_inner][vc_column_inner width=&#8221;1\/4&#8243;][vc_single_image image=&#8221;1458&#8243; img_size=&#8221;medium&#8221;][\/vc_column_inner][vc_column_inner width=&#8221;3\/4&#8243;][vc_custom_heading text=&#8221;LE CONFORT DE S\u00c9RIE&#8221; font_container=&#8221;tag:h3|text_align:left&#8221; use_theme_fonts=&#8221;yes&#8221;][vc_column_text]Le confort de la Sunward SWL\u00a04038 commence par un acc\u00e8s facile \u00e0 la cabine. Une fois \u00e0 l\u2019int\u00e9rieur, la SWL\u00a04038 offre \u00e0 l\u2019op\u00e9rateur une cabine spacieuse, la climatisation, un si\u00e8ge confortable et des commandes ergonomiques pour un confort d\u2019utilisation maximal.<\/p>\n<p>Les op\u00e9rateurs appr\u00e9cieront \u00e9galement l\u2019excellente visibilit\u00e9 panoramique. Utiliser la chargeuse compacte Sunward est un vrai plaisir.[\/vc_column_text][\/vc_column_inner][\/vc_row_inner][vc_separator][vc_row_inner][vc_column_inner width=&#8221;1\/4&#8243;][vc_single_image image=&#8221;1459&#8243; img_size=&#8221;medium&#8221;][\/vc_column_inner][vc_column_inner width=&#8221;3\/4&#8243;][vc_custom_heading text=&#8221;FACILIT\u00c9 D\u2019ENTRETIEN&#8221; font_container=&#8221;tag:h3|text_align:left&#8221; use_theme_fonts=&#8221;yes&#8221;][vc_column_text]Le co\u00fbt d\u2019exploitation \u00e9tant un crit\u00e8re important pour nous. C\u2019est pourquoi la maintenance et l&#8217;entretien ont \u00e9t\u00e9 simplifi\u00e9s. La maintenance pr\u00e9ventive quotidienne est particuli\u00e8rement simple, les points d\u2019entretien et les composants du syst\u00e8me de refroidissement \u00e9tant accessibles depuis le sol, \u00e0 partir de la porte arri\u00e8re. Concernant l\u2019entretien, les principaux composants sont \u00e9galement facilement et rapidement accessibles en basculant la cabine ROPS\/FOPS.[\/vc_column_text][\/vc_column_inner][\/vc_row_inner][vc_separator][vc_row_inner][vc_column_inner width=&#8221;1\/4&#8243;][vc_single_image image=&#8221;1460&#8243; img_size=&#8221;medium&#8221;][\/vc_column_inner][vc_column_inner width=&#8221;3\/4&#8243;][vc_custom_heading text=&#8221;LA S\u00c9CURIT\u00c9 N\u2019EST PAS UNE OPTION&#8221; font_container=&#8221;tag:h3|text_align:left&#8221; use_theme_fonts=&#8221;yes&#8221;][vc_column_text]La s\u00e9curit\u00e9 est et restera toujours une priorit\u00e9 pour Sunward.<\/p>\n<p>La SWL\u00a04038 a \u00e9t\u00e9 con\u00e7ue pour assurer la s\u00e9curit\u00e9 de l\u2019op\u00e9rateur. Ainsi, la cabine ROPS\/FOPS et la sortie par la fen\u00eatre arri\u00e8re, associ\u00e9es \u00e0 l&#8217;excellente visibilit\u00e9 et \u00e0 une grande stabilit\u00e9 de la machine, garantissent une s\u00e9curit\u00e9 maximale.<\/p>\n<p>Un contacteur de si\u00e8ge et un contacteur d\u2019accoudoir \u00e9vitent \u00e9galement tout d\u00e9marrage involontaire de la machine, sans la pr\u00e9sence d\u2019un op\u00e9rateur.<\/p>\n<p>En termes de syst\u00e8mes, la chargeuse compacte SWL\u00a04038 est dot\u00e9e d\u2019une fonction d\u2019abaissement d\u2019urgence, afin que la fl\u00e8che puisse s\u2019abaisser en urgence en toute s\u00e9curit\u00e9 en cas d\u2019arr\u00eat inattendu du moteur.[\/vc_column_text][\/vc_column_inner][\/vc_row_inner][\/vc_tta_section][vc_tta_section title=&#8221;VIDEO&#8221; tab_id=&#8221;1623857706491-8aa3a03f-cca1&#8243;][vc_video link=&#8221;https:\/\/youtu.be\/tmwhSLx2cE4&#8243;][\/vc_tta_section][vc_tta_section title=&#8221;BROCHURE&#8221; tab_id=&#8221;1623857795794-8fd5289e-c5a3&#8243;][vc_row_inner content_placement=&#8221;middle&#8221;][vc_column_inner width=&#8221;1\/4&#8243;][vc_single_image image=&#8221;3615&#8243; img_size=&#8221;large&#8221; css=&#8221;&#8221;][\/vc_column_inner][vc_column_inner width=&#8221;3\/4&#8243;][vc_custom_heading text=&#8221;SUNWARD SWL 4038 Product brochure&#8221; font_container=&#8221;tag:h3|text_align:left&#8221; use_theme_fonts=&#8221;yes&#8221;][vc_btn title=&#8221;DOWNLOAD&#8221; color=&#8221;orange&#8221; size=&#8221;lg&#8221; css=&#8221;&#8221; link=&#8221;url:https%3A%2F%2Fsunward.eu%2Fwp-content%2Fuploads%2F2024%2F07%2FSKID_STEERS_FR.png|title:Sunward%20SWL%204038%20Product%20Brochure|target:_blank&#8221;][\/vc_column_inner][\/vc_row_inner][\/vc_tta_section][\/vc_tta_accordion][\/vc_column][\/vc_row]<\/p>\n<\/div>","protected":false},"excerpt":{"rendered":"<p>Vous recherchez une chargeuse compacte et polyvalente, avec une bonne capacit\u00e9 de levage et une grande puissance\u00a0?<\/p>\n<p>La chargeuse compacte Sunward SWL 4038 est hautement polyvalente et suffisamment compacte pour \u00eatre facilement maniable dans les espaces exigus.<\/p>\n<p>Malgr\u00e9 sa taille compacte, vous serez impressionn\u00e9 par sa grande force d\u2019arrachement et capacit\u00e9 de levage.<\/p>\n<p>Son puissant moteur Kubota offre performance, fiabilit\u00e9 exceptionnelle, longue dur\u00e9e de vie et est conforme aux exigences de la norme antipollution europ\u00e9enne Phase\u00a0V.<\/p>\n<p>D\u00e9couvrez tous les autres avantages de la Sunward SWL\u00a04038. [&#8230;]<\/p>\n<p><a class=\"btn btn-secondary understrap-read-more-link\" href=\"https:\/\/sunward.eu\/fr\/produit\/swl-4038\/\">Lire la suite&#8230;<\/a><\/p>\n","protected":false},"featured_media":1490,"comment_status":"closed","ping_status":"closed","template":"","meta":{"_acf_changed":false,"inline_featured_image":false},"product_cat":[27,56],"product_tag":[],"class_list":{"0":"post-1489","1":"product","2":"type-product","3":"status-publish","4":"has-post-thumbnail","6":"product_cat-compact-loaders","7":"product_cat-skid-steer-loaders","8":"pa_breakout-force-bucket-3-385-kg","9":"pa_lift-height-2-467-mm","10":"pa_max-digging-depth-2-840-mm","11":"pa_operating-weight-3-650-kg","12":"pa_power-output-14-6-kw","13":"pa_rated-operating-capacity-1-300-kg","14":"pa_rated-power-output-55-4-kw","15":"pa_tipping-load-2-600-kg","17":"first","18":"instock","19":"shipping-taxable","20":"product-type-simple"},"translation":{"provider":"WPGlobus","version":"2.12.2","language":"fr","enabled_languages":["en","de","fr","it"],"languages":{"en":{"title":true,"content":true,"excerpt":true},"de":{"title":true,"content":true,"excerpt":true},"fr":{"title":true,"content":true,"excerpt":true},"it":{"title":true,"content":true,"excerpt":true}}},"acf":[],"yoast_head":"<!-- This site is optimized with the Yoast SEO plugin v22.6 - https:\/\/yoast.com\/wordpress\/plugins\/seo\/ -->\n<title>SWL 4038 - Sunward Europe (Official Website for EU &amp; UK)<\/title>\n<meta name=\"robots\" content=\"index, follow, max-snippet:-1, max-image-preview:large, max-video-preview:-1\" \/>\n<link rel=\"canonical\" href=\"https:\/\/sunward.eu\/product\/swl-4038\/\" \/>\n<meta property=\"og:locale\" content=\"fr_FR\" \/>\n<meta property=\"og:type\" content=\"article\" \/>\n<meta property=\"og:title\" content=\"SWL 4038 - Sunward Europe (Official Website for EU &amp; UK)\" \/>\n<meta property=\"og:url\" content=\"https:\/\/sunward.eu\/product\/swl-4038\/\" \/>\n<meta property=\"og:site_name\" content=\"Sunward Europe (Official Website for EU &amp; UK)\" \/>\n<meta property=\"article:modified_time\" content=\"2024-07-04T07:54:56+00:00\" \/>\n<meta property=\"og:image\" content=\"https:\/\/sunward.eu\/wp-content\/uploads\/2022\/01\/Sunward_SWL-4038_MAIN.png\" \/>\n\t<meta property=\"og:image:width\" content=\"1000\" \/>\n\t<meta property=\"og:image:height\" content=\"1000\" \/>\n\t<meta property=\"og:image:type\" content=\"image\/png\" \/>\n<meta name=\"twitter:card\" content=\"summary_large_image\" \/>\n<meta name=\"twitter:label1\" content=\"Est. reading time\" \/>\n\t<meta name=\"twitter:data1\" content=\"4 minutes\" \/>\n<script type=\"application\/ld+json\" class=\"yoast-schema-graph\">{\"@context\":\"https:\/\/schema.org\",\"@graph\":[{\"@type\":\"WebPage\",\"@id\":\"https:\/\/sunward.eu\/product\/swl-4038\/\",\"url\":\"https:\/\/sunward.eu\/product\/swl-4038\/\",\"name\":\"SWL 4038 - Sunward Europe (Official Website for EU &amp; UK)\",\"isPartOf\":{\"@id\":\"https:\/\/sunward.eu\/#website\"},\"primaryImageOfPage\":{\"@id\":\"https:\/\/sunward.eu\/product\/swl-4038\/#primaryimage\"},\"image\":{\"@id\":\"https:\/\/sunward.eu\/product\/swl-4038\/#primaryimage\"},\"thumbnailUrl\":\"https:\/\/sunward.eu\/wp-content\/uploads\/2022\/01\/Sunward_SWL-4038_MAIN.png\",\"datePublished\":\"2022-01-21T13:21:32+00:00\",\"dateModified\":\"2024-07-04T07:54:56+00:00\",\"breadcrumb\":{\"@id\":\"https:\/\/sunward.eu\/product\/swl-4038\/#breadcrumb\"},\"inLanguage\":\"fr-FR\",\"potentialAction\":[{\"@type\":\"ReadAction\",\"target\":[\"https:\/\/sunward.eu\/product\/swl-4038\/\"]}]},{\"@type\":\"ImageObject\",\"inLanguage\":\"fr-FR\",\"@id\":\"https:\/\/sunward.eu\/product\/swl-4038\/#primaryimage\",\"url\":\"https:\/\/sunward.eu\/wp-content\/uploads\/2022\/01\/Sunward_SWL-4038_MAIN.png\",\"contentUrl\":\"https:\/\/sunward.eu\/wp-content\/uploads\/2022\/01\/Sunward_SWL-4038_MAIN.png\",\"width\":1000,\"height\":1000},{\"@type\":\"BreadcrumbList\",\"@id\":\"https:\/\/sunward.eu\/product\/swl-4038\/#breadcrumb\",\"itemListElement\":[{\"@type\":\"ListItem\",\"position\":1,\"name\":\"Home\",\"item\":\"https:\/\/sunward.eu\/\"},{\"@type\":\"ListItem\",\"position\":2,\"name\":\"Products\",\"item\":\"https:\/\/sunward.eu\/shop\/\"},{\"@type\":\"ListItem\",\"position\":3,\"name\":\"{:en}Compact loaders{:}{:de}Kompaktlader{:}{:fr}Chargeuses compactes{:}{:it}Pale compatte{:}\",\"item\":\"https:\/\/sunward.eu\/product-category\/compact-loaders\/\"},{\"@type\":\"ListItem\",\"position\":4,\"name\":\"Skid-steer loaders\",\"item\":\"https:\/\/sunward.eu\/product-category\/compact-loaders\/skid-steer-loaders\/\"},{\"@type\":\"ListItem\",\"position\":5,\"name\":\"SWL 4038\"}]},{\"@type\":\"WebSite\",\"@id\":\"https:\/\/sunward.eu\/#website\",\"url\":\"https:\/\/sunward.eu\/\",\"name\":\"Sunward Europe (Official Website for EU &amp; UK)\",\"description\":\"The smart choice\",\"publisher\":{\"@id\":\"https:\/\/sunward.eu\/#organization\"},\"potentialAction\":[{\"@type\":\"SearchAction\",\"target\":{\"@type\":\"EntryPoint\",\"urlTemplate\":\"https:\/\/sunward.eu\/?s={search_term_string}\"},\"query-input\":\"required name=search_term_string\"}],\"inLanguage\":\"fr-FR\"},{\"@type\":\"Organization\",\"@id\":\"https:\/\/sunward.eu\/#organization\",\"name\":\"Sunward Europe (Official Website for EU &amp; UK)\",\"url\":\"https:\/\/sunward.eu\/\",\"logo\":{\"@type\":\"ImageObject\",\"inLanguage\":\"fr-FR\",\"@id\":\"https:\/\/sunward.eu\/#\/schema\/logo\/image\/\",\"url\":\"https:\/\/sunward.eu\/wp-content\/uploads\/2022\/01\/Website_Sunward_logo_top_180x63px.png\",\"contentUrl\":\"https:\/\/sunward.eu\/wp-content\/uploads\/2022\/01\/Website_Sunward_logo_top_180x63px.png\",\"width\":180,\"height\":63,\"caption\":\"Sunward Europe (Official Website for EU &amp; UK)\"},\"image\":{\"@id\":\"https:\/\/sunward.eu\/#\/schema\/logo\/image\/\"}}]}<\/script>\n<!-- \/ Yoast SEO plugin. -->","yoast_head_json":{"title":"SWL 4038 - Sunward Europe (Official Website for EU &amp; UK)","robots":{"index":"index","follow":"follow","max-snippet":"max-snippet:-1","max-image-preview":"max-image-preview:large","max-video-preview":"max-video-preview:-1"},"canonical":"https:\/\/sunward.eu\/product\/swl-4038\/","og_locale":"fr_FR","og_type":"article","og_title":"SWL 4038 - Sunward Europe (Official Website for EU &amp; UK)","og_url":"https:\/\/sunward.eu\/product\/swl-4038\/","og_site_name":"Sunward Europe (Official Website for EU &amp; UK)","article_modified_time":"2024-07-04T07:54:56+00:00","og_image":[{"width":1000,"height":1000,"url":"https:\/\/sunward.eu\/wp-content\/uploads\/2022\/01\/Sunward_SWL-4038_MAIN.png","type":"image\/png"}],"twitter_card":"summary_large_image","twitter_misc":{"Est. reading time":"4 minutes"},"schema":{"@context":"https:\/\/schema.org","@graph":[{"@type":"WebPage","@id":"https:\/\/sunward.eu\/product\/swl-4038\/","url":"https:\/\/sunward.eu\/product\/swl-4038\/","name":"SWL 4038 - Sunward Europe (Official Website for EU &amp; UK)","isPartOf":{"@id":"https:\/\/sunward.eu\/#website"},"primaryImageOfPage":{"@id":"https:\/\/sunward.eu\/product\/swl-4038\/#primaryimage"},"image":{"@id":"https:\/\/sunward.eu\/product\/swl-4038\/#primaryimage"},"thumbnailUrl":"https:\/\/sunward.eu\/wp-content\/uploads\/2022\/01\/Sunward_SWL-4038_MAIN.png","datePublished":"2022-01-21T13:21:32+00:00","dateModified":"2024-07-04T07:54:56+00:00","breadcrumb":{"@id":"https:\/\/sunward.eu\/product\/swl-4038\/#breadcrumb"},"inLanguage":"fr-FR","potentialAction":[{"@type":"ReadAction","target":["https:\/\/sunward.eu\/product\/swl-4038\/"]}]},{"@type":"ImageObject","inLanguage":"fr-FR","@id":"https:\/\/sunward.eu\/product\/swl-4038\/#primaryimage","url":"https:\/\/sunward.eu\/wp-content\/uploads\/2022\/01\/Sunward_SWL-4038_MAIN.png","contentUrl":"https:\/\/sunward.eu\/wp-content\/uploads\/2022\/01\/Sunward_SWL-4038_MAIN.png","width":1000,"height":1000},{"@type":"BreadcrumbList","@id":"https:\/\/sunward.eu\/product\/swl-4038\/#breadcrumb","itemListElement":[{"@type":"ListItem","position":1,"name":"Home","item":"https:\/\/sunward.eu\/"},{"@type":"ListItem","position":2,"name":"Products","item":"https:\/\/sunward.eu\/shop\/"},{"@type":"ListItem","position":3,"name":"{:en}Compact loaders{:}{:de}Kompaktlader{:}{:fr}Chargeuses compactes{:}{:it}Pale compatte{:}","item":"https:\/\/sunward.eu\/product-category\/compact-loaders\/"},{"@type":"ListItem","position":4,"name":"Skid-steer loaders","item":"https:\/\/sunward.eu\/product-category\/compact-loaders\/skid-steer-loaders\/"},{"@type":"ListItem","position":5,"name":"SWL 4038"}]},{"@type":"WebSite","@id":"https:\/\/sunward.eu\/#website","url":"https:\/\/sunward.eu\/","name":"Sunward Europe (Official Website for EU &amp; UK)","description":"The smart choice","publisher":{"@id":"https:\/\/sunward.eu\/#organization"},"potentialAction":[{"@type":"SearchAction","target":{"@type":"EntryPoint","urlTemplate":"https:\/\/sunward.eu\/?s={search_term_string}"},"query-input":"required name=search_term_string"}],"inLanguage":"fr-FR"},{"@type":"Organization","@id":"https:\/\/sunward.eu\/#organization","name":"Sunward Europe (Official Website for EU &amp; UK)","url":"https:\/\/sunward.eu\/","logo":{"@type":"ImageObject","inLanguage":"fr-FR","@id":"https:\/\/sunward.eu\/#\/schema\/logo\/image\/","url":"https:\/\/sunward.eu\/wp-content\/uploads\/2022\/01\/Website_Sunward_logo_top_180x63px.png","contentUrl":"https:\/\/sunward.eu\/wp-content\/uploads\/2022\/01\/Website_Sunward_logo_top_180x63px.png","width":180,"height":63,"caption":"Sunward Europe (Official Website for EU &amp; UK)"},"image":{"@id":"https:\/\/sunward.eu\/#\/schema\/logo\/image\/"}}]}},"_links":{"self":[{"href":"https:\/\/sunward.eu\/fr\/wp-json\/wp\/v2\/product\/1489","targetHints":{"allow":["GET"]}}],"collection":[{"href":"https:\/\/sunward.eu\/fr\/wp-json\/wp\/v2\/product"}],"about":[{"href":"https:\/\/sunward.eu\/fr\/wp-json\/wp\/v2\/types\/product"}],"replies":[{"embeddable":true,"href":"https:\/\/sunward.eu\/fr\/wp-json\/wp\/v2\/comments?post=1489"}],"wp:featuredmedia":[{"embeddable":true,"href":"https:\/\/sunward.eu\/fr\/wp-json\/wp\/v2\/media\/1490"}],"wp:attachment":[{"href":"https:\/\/sunward.eu\/fr\/wp-json\/wp\/v2\/media?parent=1489"}],"wp:term":[{"taxonomy":"product_cat","embeddable":true,"href":"https:\/\/sunward.eu\/fr\/wp-json\/wp\/v2\/product_cat?post=1489"},{"taxonomy":"product_tag","embeddable":true,"href":"https:\/\/sunward.eu\/fr\/wp-json\/wp\/v2\/product_tag?post=1489"}],"curies":[{"name":"wp","href":"https:\/\/api.w.org\/{rel}","templated":true}]}}