{"id":1391,"date":"2022-01-20T16:44:53","date_gmt":"2022-01-20T15:44:53","guid":{"rendered":"https:\/\/sunward.eu\/?post_type=product&#038;p=1391"},"modified":"2025-08-01T09:06:55","modified_gmt":"2025-08-01T07:06:55","slug":"swsl-1623rt","status":"publish","type":"product","link":"https:\/\/sunward.eu\/fr\/produit\/swsl-1623rt\/","title":{"rendered":"SWSL 1623RT"},"content":{"rendered":"<div class=\"wpb-content-wrapper\"><p>[vc_row][vc_column][vc_tta_accordion style=&#8221;flat&#8221; c_icon=&#8221;chevron&#8221; c_position=&#8221;right&#8221; active_section=&#8221;1&#8243; no_fill=&#8221;true&#8221; el_class=&#8221;custom-accordion&#8221;][vc_tta_section title=&#8221;SP\u00c9CIFICATIONS&#8221; tab_id=&#8221;1623355628079-f58b5c44-7c4b&#8221;][vc_custom_heading text=&#8221;SUNWARD SWSL 1623RT&#8221; font_container=&#8221;tag:h3|text_align:left&#8221; use_theme_fonts=&#8221;yes&#8221;][vc_column_text css=&#8221;&#8221;]La Sunward SWSL 1623RT est une nacelle ciseaux tout-terrain diesel, con\u00e7ue pour les terrains accident\u00e9s. Constituant le c\u0153ur de la machine, nous avons opt\u00e9 pour le moteur Kubota V2403, conforme aux derni\u00e8res exigences antipollution Phase\u00a0V de l\u2019Union Europ\u00e9enne. Le puissant moteur (36,5 kW), offrant des composants s\u00e9rie lourde et de la performance, d\u00e9finit une nouvelle r\u00e9f\u00e9rence du secteur en mati\u00e8re de fiabilit\u00e9, de durabilit\u00e9 et d\u2019optimisation des \u00e9conomies de carburant.<\/p>\n<p>La nacelle ciseaux SWSL 1623RT pr\u00e9sente une excellente performance tout-terrain, de l\u2019adaptabilit\u00e9 et une parfaite stabilit\u00e9, quelles que soient les conditions du terrain, m\u00eame les plus difficiles. La maintenance et l\u2019entretien sont simples et elle est \u00e9galement s\u00fbre et spacieuse gr\u00e2ce aux extensions de plateforme bidirectionnelles.[\/vc_column_text][vc_row_inner][vc_column_inner][vc_separator color=&#8221;white&#8221;][\/vc_column_inner][\/vc_row_inner][vc_row_inner][vc_column_inner width=&#8221;1\/2&#8243;][vc_toggle title=&#8221;SP\u00c9CIFICATIONS G\u00c9N\u00c9RALES&#8221; css=&#8221;&#8221;]<\/p>\n<table width=\"655\">\n<tbody>\n<tr>\n<td width=\"417\">Propulsion<\/td>\n<td width=\"238\">Moteur diesel<\/td>\n<\/tr>\n<tr>\n<td>Type de transmission<\/td>\n<td>Hydraulique<\/td>\n<\/tr>\n<tr>\n<td>Poids op\u00e9rationnel<\/td>\n<td>9 200 kg<\/td>\n<\/tr>\n<\/tbody>\n<\/table>\n<p>[\/vc_toggle][vc_toggle title=&#8221;MOTEUR&#8221; css=&#8221;&#8221;]<\/p>\n<table width=\"655\">\n<tbody>\n<tr>\n<td width=\"417\">Mod\u00e8le<\/td>\n<td width=\"238\">Kubota V2403-CR-T-E5<\/td>\n<\/tr>\n<tr>\n<td>Norme antipollution<\/td>\n<td>UE Phase V (EU Stage V)<\/td>\n<\/tr>\n<tr>\n<td>Puissance de sortie nominale<\/td>\n<td>36.5 kW<\/td>\n<\/tr>\n<\/tbody>\n<\/table>\n<p>[\/vc_toggle][vc_toggle title=&#8221;SP\u00c9CIFICATIONS RELATIVES \u00c0 LA PORT\u00c9E&#8221; css=&#8221;&#8221;]<\/p>\n<table width=\"655\">\n<tbody>\n<tr>\n<td width=\"417\">Hauteur de travail max.<\/td>\n<td width=\"238\">16.5 m<\/td>\n<\/tr>\n<tr>\n<td width=\"417\">Hauteur de levage max. de la plateforme<\/td>\n<td>14.5 m<\/td>\n<\/tr>\n<\/tbody>\n<\/table>\n<p>[\/vc_toggle][vc_toggle title=&#8221;DIMENSIONS&#8221; css=&#8221;&#8221;]<\/p>\n<table width=\"655\">\n<tbody>\n<tr>\n<td width=\"417\">Garde au sol<\/td>\n<td width=\"238\">27 mm<\/td>\n<\/tr>\n<tr>\n<td width=\"417\">Hauteur de la machine &#8211; abaiss\u00e9e, garde-corps relev\u00e9s \/ garde-corps repli\u00e9s<\/td>\n<td>2.27 \/ 3.1 m<\/td>\n<\/tr>\n<tr>\n<td width=\"417\">Hauteur de la plateforme &#8211; abaiss\u00e9e<\/td>\n<td>1.93 m<\/td>\n<\/tr>\n<tr>\n<td width=\"417\">Longueur hors tout<\/td>\n<td>5.33 m<\/td>\n<\/tr>\n<tr>\n<td width=\"417\">Largeur hors tout<\/td>\n<td>2.39 m<\/td>\n<\/tr>\n<tr>\n<td width=\"417\">Longueur de la plateforme<\/td>\n<td>5.33 m<\/td>\n<\/tr>\n<tr>\n<td width=\"417\">Largeur de la plateforme<\/td>\n<td>1.9 m<\/td>\n<\/tr>\n<tr>\n<td width=\"417\">Longueur d\u2019extension de la plateforme<\/td>\n<td>1.2 m<\/td>\n<\/tr>\n<\/tbody>\n<\/table>\n<p>[\/vc_toggle][vc_toggle title=&#8221;PERFORMANCES&#8221; css=&#8221;&#8221;]<\/p>\n<table width=\"655\">\n<tbody>\n<tr>\n<td width=\"417\">Vitesse &#8211; Plateforme relev\u00e9e \/ abaiss\u00e9e<\/td>\n<td width=\"238\">0.6 \/ 7.2 km\/h<\/td>\n<\/tr>\n<tr>\n<td width=\"417\">Pente max.<\/td>\n<td>40%<\/td>\n<\/tr>\n<tr>\n<td>Capacit\u00e9 de la plateforme<\/td>\n<td>780 kg<\/td>\n<\/tr>\n<tr>\n<td>Capacit\u00e9 de l\u2019extension<\/td>\n<td>227 kg<\/td>\n<\/tr>\n<tr>\n<td>Angle de travail max.<\/td>\n<td>2\u02da \/ 3\u02da<\/td>\n<\/tr>\n<\/tbody>\n<\/table>\n<p>[\/vc_toggle][\/vc_column_inner][vc_column_inner width=&#8221;1\/2&#8243;][\/vc_column_inner][\/vc_row_inner][\/vc_tta_section][vc_tta_section title=&#8221;FONCTIONNALIT\u00c9S ET ATOUTS&#8221; tab_id=&#8221;1623355710952-d36b50a3-81ed&#8221;][vc_row_inner][vc_column_inner width=&#8221;1\/4&#8243;][vc_single_image image=&#8221;1070&#8243; img_size=&#8221;medium&#8221;][\/vc_column_inner][vc_column_inner width=&#8221;3\/4&#8243;][vc_custom_heading text=&#8221;CONSTRUITE POUR L\u2019EUROPE&#8221; font_container=&#8221;tag:h3|text_align:left&#8221; use_theme_fonts=&#8221;yes&#8221; css=&#8221;&#8221;][vc_column_text css=&#8221;&#8221;]Outre sa certification CE, incluant la conformit\u00e9 aux exigences de la norme antipollution Phase\u00a0V de l\u2019UE, la Sunward SWSL 1623RT, comme toutes les machines Sunward destin\u00e9es au march\u00e9 europ\u00e9en, est sp\u00e9cifiquement con\u00e7ue pour r\u00e9pondre aux besoins des clients europ\u00e9ens.[\/vc_column_text][\/vc_column_inner][\/vc_row_inner][vc_separator][vc_row_inner][vc_column_inner width=&#8221;1\/4&#8243;][vc_single_image image=&#8221;1295&#8243; img_size=&#8221;medium&#8221;][\/vc_column_inner][vc_column_inner width=&#8221;3\/4&#8243;][vc_custom_heading text=&#8221;LA S\u00c9CURIT\u00c9 AVANT TOUT&#8221; font_container=&#8221;tag:h3|text_align:left&#8221; use_theme_fonts=&#8221;yes&#8221; css=&#8221;&#8221;][vc_column_text css=&#8221;&#8221;]Comme vous le savez, lorsque l\u2019on travaille en hauteur, la s\u00e9curit\u00e9 est une priorit\u00e9. Vous devez pouvoir vous fier totalement \u00e0 votre \u00e9quipement.<\/p>\n<p>La s\u00e9curit\u00e9 est au centre de la conception des nacelles ciseaux RT Sunward. La s\u00e9curit\u00e9 de nos nacelles ciseaux tout-terrain commence par la stabilit\u00e9. Gr\u00e2ce \u00e0 des pentes jusqu\u2019\u00e0 40\u00a0% (avec un syst\u00e8me de protection d\u2019inclinaison) et dot\u00e9e de stabilisateurs \u00e0 nivellement automatique, la Sunward SWSL 1623RT offre une stabilit\u00e9 sup\u00e9rieure.<\/p>\n<p>En outre, cette nacelle ciseaux tout-terrain est \u00e9galement \u00e9quip\u00e9e de toutes les technologies assurant un usage en toute s\u00e9curit\u00e9\u00a0: syst\u00e8me de protection anti-surcharge, syst\u00e8me d\u2019abaissement d\u2019urgence, syst\u00e8me de diagnostic d\u2019erreur, alarme anti-pincement. Pour couronner le tout, la structure de la nacelle ciseaux a \u00e9t\u00e9 con\u00e7ue pour assurer une utilisation s\u00fbre.<\/p>\n<p>Ainsi, la cintreuse sp\u00e9cialis\u00e9e Sunward produit des rambardes de haute qualit\u00e9 qui offrent la meilleure protection du march\u00e9.[\/vc_column_text][\/vc_column_inner][\/vc_row_inner][vc_separator][vc_row_inner][vc_column_inner width=&#8221;1\/4&#8243;][vc_single_image image=&#8221;1370&#8243; img_size=&#8221;medium&#8221;][\/vc_column_inner][vc_column_inner width=&#8221;3\/4&#8243;][vc_custom_heading text=&#8221;PRO DU TOUT-TERRAIN&#8221; font_container=&#8221;tag:h3|text_align:left&#8221; use_theme_fonts=&#8221;yes&#8221; css=&#8221;&#8221;][vc_column_text css=&#8221;&#8221;]La Sunward SWSL 1623RT a \u00e9t\u00e9 con\u00e7ue sp\u00e9cifiquement pour le tout-terrain, apportant la robustesse n\u00e9cessaire pour \u00eatre performante dans des conditions difficiles sur les chantiers en ext\u00e9rieur.<\/p>\n<p>\u00c9quip\u00e9e de quatre roues motrices (4RM) et de pneus r\u00e9sistants adapt\u00e9s aux terrains accident\u00e9s, cette robuste nacelle ciseaux est en mesure de man\u0153uvrer sur les terrains inclin\u00e9s et dans des pentes jusqu\u2019\u00e0 40\u00a0%, permettant aux op\u00e9rateurs de travailler dans des conditions tout-terrain.<\/p>\n<p>Gr\u00e2ce \u00e0 la faible hauteur de la plateforme repli\u00e9e, l\u2019essieu arri\u00e8re oscillant peut toujours garder les quatre roues au sol, assurant une meilleure adaptation tout-terrain et une grande maniabilit\u00e9.[\/vc_column_text][\/vc_column_inner][\/vc_row_inner][vc_separator][vc_row_inner][vc_column_inner width=&#8221;1\/4&#8243;][vc_single_image image=&#8221;1369&#8243; img_size=&#8221;medium&#8221;][\/vc_column_inner][vc_column_inner width=&#8221;3\/4&#8243;][vc_custom_heading text=&#8221;TRANSPORTER DAVANTAGE&#8221; font_container=&#8221;tag:h3|text_align:left&#8221; use_theme_fonts=&#8221;yes&#8221; css=&#8221;&#8221;][vc_column_text css=&#8221;&#8221;]La plateforme de la SWSL 1623RT est grande et spacieuse, offrant davantage de place pour les op\u00e9rateurs et les outils.<\/p>\n<p>Les extensions de plateforme \u00e0 d\u00e9ploiement bidirectionnel offrent la possibilit\u00e9 d\u2019agrandir l\u2019espace de travail, avec une port\u00e9e suppl\u00e9mentaire.<\/p>\n<p>La nacelle ciseaux a \u00e9galement \u00e9t\u00e9 \u00e9quip\u00e9e d\u2019\u00e9chelles et de portes d\u2019acc\u00e8s des deux c\u00f4t\u00e9s, ce qui est tr\u00e8s pratique pour charger du mat\u00e9riel.[\/vc_column_text][\/vc_column_inner][\/vc_row_inner][vc_separator][vc_separator][vc_row_inner][vc_column_inner width=&#8221;1\/4&#8243;][vc_single_image image=&#8221;1298&#8243; img_size=&#8221;medium&#8221;][\/vc_column_inner][vc_column_inner width=&#8221;3\/4&#8243;][vc_custom_heading text=&#8221;FAIBLE CO\u00dbT D\u2019EXPLOITATION &#8221; font_container=&#8221;tag:h3|text_align:left&#8221; use_theme_fonts=&#8221;yes&#8221; css=&#8221;&#8221;][vc_column_text css=&#8221;&#8221;]Nos nacelles ciseaux sont con\u00e7ues avec le plus grand soin et tous les composants cl\u00e9s sont fournis par les plus grandes marques mondiales. L\u2019acc\u00e8s aux composants pour l\u2019entretien est facile et la superposition de composants est donc \u00e9vit\u00e9e. L\u2019entretien est tr\u00e8s simple, ce qui contribue \u00e0 r\u00e9duire le co\u00fbt d\u2019exploitation. Solide, fiable et \u00e0 faible maintenance, les nacelles ciseaux Sunward sont con\u00e7ues pour fournir une performance optimale pendant de nombreuses ann\u00e9es.[\/vc_column_text][\/vc_column_inner][\/vc_row_inner][\/vc_tta_section][vc_tta_section title=&#8221;VIDEO&#8221; tab_id=&#8221;1623857706491-8aa3a03f-cca1&#8243;][vc_column_text]<\/p>\n<h2><em>NOT AVAILABLE<\/em><\/h2>\n<p>[\/vc_column_text][vc_video link=&#8221;&#8221;][\/vc_tta_section][vc_tta_section title=&#8221;BROCHURE&#8221; tab_id=&#8221;1623857795794-8fd5289e-c5a3&#8243;][vc_row_inner content_placement=&#8221;middle&#8221;][vc_column_inner width=&#8221;1\/4&#8243;][vc_single_image image=&#8221;1392&#8243; img_size=&#8221;large&#8221;][\/vc_column_inner][vc_column_inner width=&#8221;3\/4&#8243;][vc_custom_heading text=&#8221;SWSL 1623RT SPEC SHEET&#8221; font_container=&#8221;tag:h3|text_align:left&#8221; use_theme_fonts=&#8221;yes&#8221;][vc_btn title=&#8221;DOWNLOAD&#8221; color=&#8221;orange&#8221; size=&#8221;lg&#8221; link=&#8221;url:http%3A%2F%2Fsunward.eu%2Fwp-content%2Fuploads%2F2022%2F01%2FSUNWARD-SWSL1623RT-ENG.pdf|title:Sunward%20Scissor%20Lifts%20SWSL%201623RT%20Spec%20sheet|target:%20_blank|&#8221;][\/vc_column_inner][\/vc_row_inner][\/vc_tta_section][\/vc_tta_accordion][\/vc_column][\/vc_row]<\/p>\n<\/div>","protected":false},"excerpt":{"rendered":"<p>La Sunward SWSL 1623RT est une nacelle ciseaux tout-terrain diesel, con\u00e7ue pour les terrains accident\u00e9s. Constituant le c\u0153ur de la machine, nous avons opt\u00e9 pour le moteur Kubota V2403, conforme aux derni\u00e8res exigences antipollution Phase\u00a0V de l\u2019Union Europ\u00e9enne. La nacelle ciseaux SWSL 1623RT pr\u00e9sente une excellente performance tout-terrain, de l\u2019adaptabilit\u00e9 et une parfaite stabilit\u00e9, quelles que soient les conditions du terrain, m\u00eame les plus difficiles. La maintenance et l\u2019entretien sont simples et elle est \u00e9galement s\u00fbre et spacieuse.<\/p>\n<p>D\u00e9couvrez tous les autres avantages de la pelle Sunward SWSL\u00a01623RT. [&#8230;]<\/p>\n<p><a class=\"btn btn-secondary understrap-read-more-link\" href=\"https:\/\/sunward.eu\/fr\/produit\/swsl-1623rt\/\">Lire la suite&#8230;<\/a><\/p>\n","protected":false},"featured_media":1393,"comment_status":"closed","ping_status":"closed","template":"","meta":{"_acf_changed":false,"inline_featured_image":false},"product_cat":[29,60],"product_tag":[],"class_list":{"0":"post-1391","1":"product","2":"type-product","3":"status-publish","4":"has-post-thumbnail","6":"product_cat-scissor-lifts","7":"product_cat-rough-terrain-scissor-lifts","8":"pa_capacity-780-kg","9":"pa_drive-type-hydraulic","10":"pa_machine-width-2-39-m","11":"pa_max-working-height-16-5-m","12":"pa_operating-weight-9-200-kg","13":"pa_propulsion-diesel-engine","15":"first","16":"instock","17":"shipping-taxable","18":"product-type-simple"},"translation":{"provider":"WPGlobus","version":"2.12.2","language":"fr","enabled_languages":["en","de","fr","it"],"languages":{"en":{"title":true,"content":true,"excerpt":true},"de":{"title":true,"content":true,"excerpt":true},"fr":{"title":true,"content":true,"excerpt":true},"it":{"title":true,"content":true,"excerpt":true}}},"acf":[],"yoast_head":"<!-- This site is optimized with the Yoast SEO plugin v22.6 - https:\/\/yoast.com\/wordpress\/plugins\/seo\/ -->\n<title>SWSL 1623RT - Sunward Europe (Official Website for EU &amp; UK)<\/title>\n<meta name=\"robots\" content=\"index, follow, max-snippet:-1, max-image-preview:large, max-video-preview:-1\" \/>\n<link rel=\"canonical\" href=\"https:\/\/sunward.eu\/product\/swsl-1623rt\/\" \/>\n<meta property=\"og:locale\" content=\"fr_FR\" \/>\n<meta property=\"og:type\" content=\"article\" \/>\n<meta property=\"og:title\" content=\"SWSL 1623RT - Sunward Europe (Official Website for EU &amp; UK)\" \/>\n<meta property=\"og:url\" content=\"https:\/\/sunward.eu\/product\/swsl-1623rt\/\" \/>\n<meta property=\"og:site_name\" content=\"Sunward Europe (Official Website for EU &amp; UK)\" \/>\n<meta property=\"article:modified_time\" content=\"2025-08-01T07:06:55+00:00\" \/>\n<meta property=\"og:image\" content=\"https:\/\/sunward.eu\/wp-content\/uploads\/2022\/01\/Sunward_SWSL-1623RT_MAIN.png\" \/>\n\t<meta property=\"og:image:width\" content=\"1000\" \/>\n\t<meta property=\"og:image:height\" content=\"1000\" \/>\n\t<meta property=\"og:image:type\" content=\"image\/png\" \/>\n<meta name=\"twitter:card\" content=\"summary_large_image\" \/>\n<meta name=\"twitter:label1\" content=\"Est. reading time\" \/>\n\t<meta name=\"twitter:data1\" content=\"4 minutes\" \/>\n<script type=\"application\/ld+json\" class=\"yoast-schema-graph\">{\"@context\":\"https:\/\/schema.org\",\"@graph\":[{\"@type\":\"WebPage\",\"@id\":\"https:\/\/sunward.eu\/product\/swsl-1623rt\/\",\"url\":\"https:\/\/sunward.eu\/product\/swsl-1623rt\/\",\"name\":\"SWSL 1623RT - Sunward Europe (Official Website for EU &amp; UK)\",\"isPartOf\":{\"@id\":\"https:\/\/sunward.eu\/#website\"},\"primaryImageOfPage\":{\"@id\":\"https:\/\/sunward.eu\/product\/swsl-1623rt\/#primaryimage\"},\"image\":{\"@id\":\"https:\/\/sunward.eu\/product\/swsl-1623rt\/#primaryimage\"},\"thumbnailUrl\":\"https:\/\/sunward.eu\/wp-content\/uploads\/2022\/01\/Sunward_SWSL-1623RT_MAIN.png\",\"datePublished\":\"2022-01-20T15:44:53+00:00\",\"dateModified\":\"2025-08-01T07:06:55+00:00\",\"breadcrumb\":{\"@id\":\"https:\/\/sunward.eu\/product\/swsl-1623rt\/#breadcrumb\"},\"inLanguage\":\"fr-FR\",\"potentialAction\":[{\"@type\":\"ReadAction\",\"target\":[\"https:\/\/sunward.eu\/product\/swsl-1623rt\/\"]}]},{\"@type\":\"ImageObject\",\"inLanguage\":\"fr-FR\",\"@id\":\"https:\/\/sunward.eu\/product\/swsl-1623rt\/#primaryimage\",\"url\":\"https:\/\/sunward.eu\/wp-content\/uploads\/2022\/01\/Sunward_SWSL-1623RT_MAIN.png\",\"contentUrl\":\"https:\/\/sunward.eu\/wp-content\/uploads\/2022\/01\/Sunward_SWSL-1623RT_MAIN.png\",\"width\":1000,\"height\":1000},{\"@type\":\"BreadcrumbList\",\"@id\":\"https:\/\/sunward.eu\/product\/swsl-1623rt\/#breadcrumb\",\"itemListElement\":[{\"@type\":\"ListItem\",\"position\":1,\"name\":\"Home\",\"item\":\"https:\/\/sunward.eu\/\"},{\"@type\":\"ListItem\",\"position\":2,\"name\":\"Products\",\"item\":\"https:\/\/sunward.eu\/shop\/\"},{\"@type\":\"ListItem\",\"position\":3,\"name\":\"Scissor lifts\",\"item\":\"https:\/\/sunward.eu\/product-category\/scissor-lifts\/\"},{\"@type\":\"ListItem\",\"position\":4,\"name\":\"Rough terrain scissor lifts\",\"item\":\"https:\/\/sunward.eu\/product-category\/scissor-lifts\/rough-terrain-scissor-lifts\/\"},{\"@type\":\"ListItem\",\"position\":5,\"name\":\"SWSL 1623RT\"}]},{\"@type\":\"WebSite\",\"@id\":\"https:\/\/sunward.eu\/#website\",\"url\":\"https:\/\/sunward.eu\/\",\"name\":\"Sunward Europe (Official Website for EU &amp; UK)\",\"description\":\"The smart choice\",\"publisher\":{\"@id\":\"https:\/\/sunward.eu\/#organization\"},\"potentialAction\":[{\"@type\":\"SearchAction\",\"target\":{\"@type\":\"EntryPoint\",\"urlTemplate\":\"https:\/\/sunward.eu\/?s={search_term_string}\"},\"query-input\":\"required name=search_term_string\"}],\"inLanguage\":\"fr-FR\"},{\"@type\":\"Organization\",\"@id\":\"https:\/\/sunward.eu\/#organization\",\"name\":\"Sunward Europe (Official Website for EU &amp; UK)\",\"url\":\"https:\/\/sunward.eu\/\",\"logo\":{\"@type\":\"ImageObject\",\"inLanguage\":\"fr-FR\",\"@id\":\"https:\/\/sunward.eu\/#\/schema\/logo\/image\/\",\"url\":\"https:\/\/sunward.eu\/wp-content\/uploads\/2022\/01\/Website_Sunward_logo_top_180x63px.png\",\"contentUrl\":\"https:\/\/sunward.eu\/wp-content\/uploads\/2022\/01\/Website_Sunward_logo_top_180x63px.png\",\"width\":180,\"height\":63,\"caption\":\"Sunward Europe (Official Website for EU &amp; UK)\"},\"image\":{\"@id\":\"https:\/\/sunward.eu\/#\/schema\/logo\/image\/\"}}]}<\/script>\n<!-- \/ Yoast SEO plugin. -->","yoast_head_json":{"title":"SWSL 1623RT - Sunward Europe (Official Website for EU &amp; UK)","robots":{"index":"index","follow":"follow","max-snippet":"max-snippet:-1","max-image-preview":"max-image-preview:large","max-video-preview":"max-video-preview:-1"},"canonical":"https:\/\/sunward.eu\/product\/swsl-1623rt\/","og_locale":"fr_FR","og_type":"article","og_title":"SWSL 1623RT - Sunward Europe (Official Website for EU &amp; UK)","og_url":"https:\/\/sunward.eu\/product\/swsl-1623rt\/","og_site_name":"Sunward Europe (Official Website for EU &amp; UK)","article_modified_time":"2025-08-01T07:06:55+00:00","og_image":[{"width":1000,"height":1000,"url":"https:\/\/sunward.eu\/wp-content\/uploads\/2022\/01\/Sunward_SWSL-1623RT_MAIN.png","type":"image\/png"}],"twitter_card":"summary_large_image","twitter_misc":{"Est. reading time":"4 minutes"},"schema":{"@context":"https:\/\/schema.org","@graph":[{"@type":"WebPage","@id":"https:\/\/sunward.eu\/product\/swsl-1623rt\/","url":"https:\/\/sunward.eu\/product\/swsl-1623rt\/","name":"SWSL 1623RT - Sunward Europe (Official Website for EU &amp; UK)","isPartOf":{"@id":"https:\/\/sunward.eu\/#website"},"primaryImageOfPage":{"@id":"https:\/\/sunward.eu\/product\/swsl-1623rt\/#primaryimage"},"image":{"@id":"https:\/\/sunward.eu\/product\/swsl-1623rt\/#primaryimage"},"thumbnailUrl":"https:\/\/sunward.eu\/wp-content\/uploads\/2022\/01\/Sunward_SWSL-1623RT_MAIN.png","datePublished":"2022-01-20T15:44:53+00:00","dateModified":"2025-08-01T07:06:55+00:00","breadcrumb":{"@id":"https:\/\/sunward.eu\/product\/swsl-1623rt\/#breadcrumb"},"inLanguage":"fr-FR","potentialAction":[{"@type":"ReadAction","target":["https:\/\/sunward.eu\/product\/swsl-1623rt\/"]}]},{"@type":"ImageObject","inLanguage":"fr-FR","@id":"https:\/\/sunward.eu\/product\/swsl-1623rt\/#primaryimage","url":"https:\/\/sunward.eu\/wp-content\/uploads\/2022\/01\/Sunward_SWSL-1623RT_MAIN.png","contentUrl":"https:\/\/sunward.eu\/wp-content\/uploads\/2022\/01\/Sunward_SWSL-1623RT_MAIN.png","width":1000,"height":1000},{"@type":"BreadcrumbList","@id":"https:\/\/sunward.eu\/product\/swsl-1623rt\/#breadcrumb","itemListElement":[{"@type":"ListItem","position":1,"name":"Home","item":"https:\/\/sunward.eu\/"},{"@type":"ListItem","position":2,"name":"Products","item":"https:\/\/sunward.eu\/shop\/"},{"@type":"ListItem","position":3,"name":"Scissor lifts","item":"https:\/\/sunward.eu\/product-category\/scissor-lifts\/"},{"@type":"ListItem","position":4,"name":"Rough terrain scissor lifts","item":"https:\/\/sunward.eu\/product-category\/scissor-lifts\/rough-terrain-scissor-lifts\/"},{"@type":"ListItem","position":5,"name":"SWSL 1623RT"}]},{"@type":"WebSite","@id":"https:\/\/sunward.eu\/#website","url":"https:\/\/sunward.eu\/","name":"Sunward Europe (Official Website for EU &amp; UK)","description":"The smart choice","publisher":{"@id":"https:\/\/sunward.eu\/#organization"},"potentialAction":[{"@type":"SearchAction","target":{"@type":"EntryPoint","urlTemplate":"https:\/\/sunward.eu\/?s={search_term_string}"},"query-input":"required name=search_term_string"}],"inLanguage":"fr-FR"},{"@type":"Organization","@id":"https:\/\/sunward.eu\/#organization","name":"Sunward Europe (Official Website for EU &amp; UK)","url":"https:\/\/sunward.eu\/","logo":{"@type":"ImageObject","inLanguage":"fr-FR","@id":"https:\/\/sunward.eu\/#\/schema\/logo\/image\/","url":"https:\/\/sunward.eu\/wp-content\/uploads\/2022\/01\/Website_Sunward_logo_top_180x63px.png","contentUrl":"https:\/\/sunward.eu\/wp-content\/uploads\/2022\/01\/Website_Sunward_logo_top_180x63px.png","width":180,"height":63,"caption":"Sunward Europe (Official Website for EU &amp; UK)"},"image":{"@id":"https:\/\/sunward.eu\/#\/schema\/logo\/image\/"}}]}},"_links":{"self":[{"href":"https:\/\/sunward.eu\/fr\/wp-json\/wp\/v2\/product\/1391","targetHints":{"allow":["GET"]}}],"collection":[{"href":"https:\/\/sunward.eu\/fr\/wp-json\/wp\/v2\/product"}],"about":[{"href":"https:\/\/sunward.eu\/fr\/wp-json\/wp\/v2\/types\/product"}],"replies":[{"embeddable":true,"href":"https:\/\/sunward.eu\/fr\/wp-json\/wp\/v2\/comments?post=1391"}],"wp:featuredmedia":[{"embeddable":true,"href":"https:\/\/sunward.eu\/fr\/wp-json\/wp\/v2\/media\/1393"}],"wp:attachment":[{"href":"https:\/\/sunward.eu\/fr\/wp-json\/wp\/v2\/media?parent=1391"}],"wp:term":[{"taxonomy":"product_cat","embeddable":true,"href":"https:\/\/sunward.eu\/fr\/wp-json\/wp\/v2\/product_cat?post=1391"},{"taxonomy":"product_tag","embeddable":true,"href":"https:\/\/sunward.eu\/fr\/wp-json\/wp\/v2\/product_tag?post=1391"}],"curies":[{"name":"wp","href":"https:\/\/api.w.org\/{rel}","templated":true}]}}