{"id":1360,"date":"2022-01-20T13:22:32","date_gmt":"2022-01-20T12:22:32","guid":{"rendered":"https:\/\/sunward.eu\/?post_type=product&#038;p=1360"},"modified":"2026-02-03T16:28:55","modified_gmt":"2026-02-03T15:28:55","slug":"swsl-1412dc","status":"publish","type":"product","link":"https:\/\/sunward.eu\/fr\/produit\/swsl-1412dc\/","title":{"rendered":"SWSL 1412DC"},"content":{"rendered":"<div class=\"wpb-content-wrapper\"><p>[vc_row][vc_column][vc_tta_accordion style=&#8221;flat&#8221; c_icon=&#8221;chevron&#8221; c_position=&#8221;right&#8221; active_section=&#8221;1&#8243; no_fill=&#8221;true&#8221; el_class=&#8221;custom-accordion&#8221;][vc_tta_section title=&#8221;SP\u00c9CIFICATIONS&#8221; tab_id=&#8221;1623355628079-f58b5c44-7c4b&#8221;][vc_custom_heading text=&#8221;SUNWARD SWSL 1412DC&#8221; font_container=&#8221;tag:h3|text_align:left&#8221; use_theme_fonts=&#8221;yes&#8221;][vc_column_text css=&#8221;&#8221;]La nacelle ciseaux \u00e9lectrique Sunward SWSL 1412DC est dot\u00e9e d\u2019un entra\u00eenement \u00e9lectrique z\u00e9ro \u00e9missions, la rendant durable et \u00e9conomique. Malgr\u00e9 sa taille tr\u00e8s compacte, elle est tr\u00e8s puissante. Comme tous les mod\u00e8les de nacelles ciseaux Sunward, elle offre d&#8217;excellentes performances, une utilisation confortable et s\u00fbre et ne n\u00e9cessite quasiment pas de maintenance. Gr\u00e2ce \u00e0 sa taille, elle se transport facilement sur n\u2019importe quel site d\u2019intervention et, gr\u00e2ce \u00e0 son taux d\u2019\u00e9missions z\u00e9ro, elle peut \u00eatre utilis\u00e9e \u00e0 l\u2019int\u00e9rieur comme \u00e0 l\u2019ext\u00e9rieur.[\/vc_column_text][vc_row_inner][vc_column_inner][vc_separator color=&#8221;white&#8221;][\/vc_column_inner][\/vc_row_inner][vc_row_inner][vc_column_inner width=&#8221;1\/2&#8243;][vc_toggle title=&#8221;SP\u00c9CIFICATIONS G\u00c9N\u00c9RALES&#8221; css=&#8221;&#8221;]<\/p>\n<table width=\"655\">\n<tbody>\n<tr>\n<td width=\"417\">Propulsion<\/td>\n<td width=\"238\">\u00c9lectrique<\/td>\n<\/tr>\n<tr>\n<td>Type de transmission<\/td>\n<td>\u00c9lectrique<\/td>\n<\/tr>\n<tr>\n<td>Poids op\u00e9rationnel<\/td>\n<td>3 000 kg<\/td>\n<\/tr>\n<tr>\n<td width=\"417\">Freins<\/td>\n<td>Multidisques \u00e0 friction<\/td>\n<\/tr>\n<\/tbody>\n<\/table>\n<p>[\/vc_toggle][vc_toggle title=&#8221;SP\u00c9CIFICATIONS RELATIVES \u00c0 LA PORT\u00c9E&#8221; css=&#8221;&#8221;]<\/p>\n<table width=\"655\">\n<tbody>\n<tr>\n<td width=\"417\">Hauteur de travail max.<\/td>\n<td width=\"238\">14 m<\/td>\n<\/tr>\n<tr>\n<td width=\"417\">Hauteur de levage max. de la plateforme<\/td>\n<td>12 m<\/td>\n<\/tr>\n<\/tbody>\n<\/table>\n<p>[\/vc_toggle][vc_toggle title=&#8221;DIMENSIONS&#8221; css=&#8221;&#8221;]<\/p>\n<table width=\"655\">\n<tbody>\n<tr>\n<td width=\"417\">Garde au sol &#8211; Plateforme relev\u00e9e \/ abaiss\u00e9e<\/td>\n<td width=\"238\">110 \/ 20 mm<\/td>\n<\/tr>\n<tr>\n<td width=\"417\">Hauteur de la machine &#8211; abaiss\u00e9e, garde-corps relev\u00e9s \/ garde-corps repli\u00e9s<\/td>\n<td>2.63 \/ 2.09 m<\/td>\n<\/tr>\n<tr>\n<td width=\"417\">Hauteur de la plateforme &#8211; abaiss\u00e9e<\/td>\n<td>1.49 m<\/td>\n<\/tr>\n<tr>\n<td width=\"417\">Longueur hors tout<\/td>\n<td>2.47 m<\/td>\n<\/tr>\n<tr>\n<td width=\"417\">Largeur hors tout<\/td>\n<td>1.17 m<\/td>\n<\/tr>\n<tr>\n<td width=\"417\">Longueur de la plateforme<\/td>\n<td>2.27 m<\/td>\n<\/tr>\n<tr>\n<td width=\"417\">Largeur de la plateforme<\/td>\n<td>1.15 m<\/td>\n<\/tr>\n<tr>\n<td width=\"417\">Longueur d\u2019extension de la plateforme<\/td>\n<td>0.9 m<\/td>\n<\/tr>\n<\/tbody>\n<\/table>\n<p>[\/vc_toggle][vc_toggle title=&#8221;PERFORMANCES&#8221; css=&#8221;&#8221;]<\/p>\n<table width=\"655\">\n<tbody>\n<tr>\n<td width=\"417\">Vitesse &#8211; Plateforme relev\u00e9e \/ abaiss\u00e9e<\/td>\n<td width=\"238\">0.8 \/ 4.0 km\/h<\/td>\n<\/tr>\n<tr>\n<td width=\"417\">Pente max.<\/td>\n<td>25%<\/td>\n<\/tr>\n<tr>\n<td>Capacit\u00e9 de la plateforme<\/td>\n<td>320 kg<\/td>\n<\/tr>\n<tr>\n<td>Capacit\u00e9 de l\u2019extension<\/td>\n<td>113 kg<\/td>\n<\/tr>\n<tr>\n<td>Angle de travail max.<\/td>\n<td>1.5\u02da \/ 3\u02da<\/td>\n<\/tr>\n<tr>\n<td>Rayon de braquage &#8211; int\u00e9rieur \/ ext\u00e9rieur<\/td>\n<td>0 \/ 2.2 m<\/td>\n<\/tr>\n<\/tbody>\n<\/table>\n<p>[\/vc_toggle][\/vc_column_inner][vc_column_inner width=&#8221;1\/2&#8243;][\/vc_column_inner][\/vc_row_inner][\/vc_tta_section][vc_tta_section title=&#8221;FONCTIONNALIT\u00c9S ET ATOUTS&#8221; tab_id=&#8221;1623355710952-d36b50a3-81ed&#8221;][vc_row_inner][vc_column_inner width=&#8221;1\/4&#8243;][vc_single_image image=&#8221;1070&#8243; img_size=&#8221;medium&#8221;][\/vc_column_inner][vc_column_inner width=&#8221;3\/4&#8243;][vc_custom_heading text=&#8221;CONSTRUITE POUR L\u2019EUROPE&#8221; font_container=&#8221;tag:h3|text_align:left&#8221; use_theme_fonts=&#8221;yes&#8221; css=&#8221;&#8221;][vc_column_text css=&#8221;&#8221;]Comme toutes les machines Sunward du march\u00e9 europ\u00e9en, la SWSL 1412DC a \u00e9t\u00e9 con\u00e7ue pour r\u00e9pondre aux besoins des clients europ\u00e9ens et d\u00e9tient toutes les certifications de l\u2019UE.[\/vc_column_text][\/vc_column_inner][\/vc_row_inner][vc_separator][vc_row_inner][vc_column_inner width=&#8221;1\/4&#8243;][vc_single_image image=&#8221;1295&#8243; img_size=&#8221;medium&#8221;][\/vc_column_inner][vc_column_inner width=&#8221;3\/4&#8243;][vc_custom_heading text=&#8221;LA S\u00c9CURIT\u00c9 AVANT TOUT&#8221; font_container=&#8221;tag:h3|text_align:left&#8221; use_theme_fonts=&#8221;yes&#8221; css=&#8221;&#8221;][vc_column_text css=&#8221;&#8221;]Comme vous le savez, lorsque l\u2019on travaille en hauteur, la s\u00e9curit\u00e9 est une priorit\u00e9. Vous devez pouvoir vous fier totalement \u00e0 votre \u00e9quipement. Ainsi, vous avez besoin de la stabilit\u00e9 d\u2019une machine s\u00fbre et intelligente. La s\u00e9curit\u00e9 est au centre de la conception des nacelles ciseaux Sunward.<\/p>\n<p>La cintreuse sp\u00e9cialis\u00e9e Sunward produit des rambardes de haute qualit\u00e9 qui offrent la meilleure protection du march\u00e9.<\/p>\n<p>La protection automatique contre les nids-de-poule pr\u00e9serve la stabilit\u00e9 de la machine durant le levage de la plateforme. Les plaques de stabilisation lat\u00e9rales se d\u00e9ploient automatiquement pour r\u00e9duire la garde au sol et augmenter la stabilit\u00e9.[\/vc_column_text][\/vc_column_inner][\/vc_row_inner][vc_separator][vc_row_inner][vc_column_inner width=&#8221;1\/4&#8243;][vc_single_image image=&#8221;1297&#8243; img_size=&#8221;medium&#8221;][\/vc_column_inner][vc_column_inner width=&#8221;3\/4&#8243;][vc_custom_heading text=&#8221;LONG\u00c9VIT\u00c9 DE BATTERIE AUGMENT\u00c9E&#8221; font_container=&#8221;tag:h3|text_align:left&#8221; use_theme_fonts=&#8221;yes&#8221; css=&#8221;&#8221;][vc_column_text css=&#8221;&#8221;]Les nacelles ciseaux Sunward DC utilisent comme source de puissance les meilleures batteries \u00e9lectriques du march\u00e9. Elles sont \u00e9quip\u00e9es de batteries longue dur\u00e9e de haute qualit\u00e9 Trojan, assurant une longue autonomie avant la recharge. Elles offrent \u00e9galement z\u00e9ro \u00e9missions et des op\u00e9rations silencieuses, ce qui est id\u00e9al pour les environnements sensibles.[\/vc_column_text][\/vc_column_inner][\/vc_row_inner][vc_separator][vc_row_inner][vc_column_inner width=&#8221;1\/4&#8243;][vc_single_image image=&#8221;1299&#8243; img_size=&#8221;medium&#8221;][\/vc_column_inner][vc_column_inner width=&#8221;3\/4&#8243;][vc_custom_heading text=&#8221;CHARGE INTELLIGENTE&#8221; font_container=&#8221;tag:h3|text_align:left&#8221; use_theme_fonts=&#8221;yes&#8221; css=&#8221;&#8221;][vc_column_text css=&#8221;&#8221;]Les nacelles ciseaux Sunward sont \u00e9quip\u00e9es d\u2019une batterie \u00e0 charge rapide. Le chargeur int\u00e9gr\u00e9 pr\u00e9vient les pics de tension pour une protection accrue des batteries. La fonction &#8220;m\u00e9moire&#8221; permet de contr\u00f4ler le niveau de charge en temps r\u00e9el.[\/vc_column_text][\/vc_column_inner][\/vc_row_inner][vc_separator][vc_row_inner][vc_column_inner width=&#8221;1\/4&#8243;][vc_single_image image=&#8221;1296&#8243; img_size=&#8221;medium&#8221;][\/vc_column_inner][vc_column_inner width=&#8221;3\/4&#8243;][vc_custom_heading text=&#8221;ENTRETIEN ET MAINTENANCE FACILES&#8221; font_container=&#8221;tag:h3|text_align:left&#8221; use_theme_fonts=&#8221;yes&#8221; css=&#8221;&#8221;][vc_column_text css=&#8221;&#8221;]L&#8217;affichage automatique du code \u00ab\u00a0Entretien \u00e0 effectuer\u00a0\u00bb facilite l&#8217;entretien de la machine. Gr\u00e2ce \u00e0 une prise USB, il est possible d&#8217;utiliser \u00e9galement un t\u00e9l\u00e9phone portable pour proc\u00e9der aux diagnostics. Le r\u00e9servoir hydraulique pivotant vers l&#8217;ext\u00e9rieur et le module de puissance mont\u00e9 sur berceaux coulissants offrent un acc\u00e8s ais\u00e9 aux composants \u00e0 entretenir.[\/vc_column_text][\/vc_column_inner][\/vc_row_inner][vc_separator][vc_row_inner][vc_column_inner width=&#8221;1\/4&#8243;][vc_single_image image=&#8221;1298&#8243; img_size=&#8221;medium&#8221;][\/vc_column_inner][vc_column_inner width=&#8221;3\/4&#8243;][vc_custom_heading text=&#8221;FAIBLE CO\u00dbT D\u2019EXPLOITATION&#8221; font_container=&#8221;tag:h3|text_align:left&#8221; use_theme_fonts=&#8221;yes&#8221; css=&#8221;&#8221;][vc_column_text css=&#8221;&#8221;]Nos nacelles ciseaux sont con\u00e7ues avec le plus grand soin et tous les composants cl\u00e9s sont fournis par les plus grandes marques mondiales. L\u2019acc\u00e8s aux composants pour l\u2019entretien est facile et la superposition de composants est donc \u00e9vit\u00e9e. L\u2019entretien est tr\u00e8s simple, ce qui contribue \u00e0 r\u00e9duire le co\u00fbt d\u2019exploitation. Solide, fiable et quasiment sans maintenance, les nacelles ciseaux Sunward sont con\u00e7ues pour fournir une performance optimale pendant de nombreuses ann\u00e9es.[\/vc_column_text][\/vc_column_inner][\/vc_row_inner][\/vc_tta_section][vc_tta_section title=&#8221;VIDEO&#8221; tab_id=&#8221;1623857706491-8aa3a03f-cca1&#8243;][vc_column_text]<\/p>\n<h2><em>NOT AVAILABLE<\/em><\/h2>\n<p>[\/vc_column_text][vc_video link=&#8221;&#8221;][\/vc_tta_section][vc_tta_section title=&#8221;BROCHURE&#8221; tab_id=&#8221;1623857795794-8fd5289e-c5a3&#8243;][vc_row_inner content_placement=&#8221;middle&#8221;][vc_column_inner width=&#8221;1\/4&#8243;][vc_single_image image=&#8221;4479&#8243; img_size=&#8221;large&#8221; css=&#8221;&#8221;][\/vc_column_inner][vc_column_inner width=&#8221;3\/4&#8243;][vc_custom_heading text=&#8221;BROCHURE DE LA GAMME S\u00c9RIE DC&#8221; font_container=&#8221;tag:h3|text_align:left&#8221; use_theme_fonts=&#8221;yes&#8221; css=&#8221;&#8221;][vc_btn title=&#8221;DOWNLOAD&#8221; color=&#8221;orange&#8221; size=&#8221;lg&#8221; css=&#8221;&#8221; link=&#8221;url:https%3A%2F%2Fsunward.eu%2Fwp-content%2Fuploads%2F2026%2F02%2FSUNWARD_SWSL-1412DC-01.2026_FINAL_HR_FR.pdf|title:BROCHURE%20DE%20LA%20GAMME%20S%C3%89RIE%20DC|target:_blank&#8221;][\/vc_column_inner][\/vc_row_inner][\/vc_tta_section][\/vc_tta_accordion][\/vc_column][\/vc_row]<\/p>\n<\/div>","protected":false},"excerpt":{"rendered":"<p>La nacelle ciseaux \u00e9lectrique Sunward SWSL 1412DC est dot\u00e9e d\u2019un entra\u00eenement \u00e9lectrique z\u00e9ro \u00e9missions, la rendant durable et \u00e9conomique. Malgr\u00e9 sa taille tr\u00e8s compacte, elle est tr\u00e8s puissante et offre d&#8217;excellentes performances, une utilisation confortable et s\u00fbre et ne n\u00e9cessite quasiment pas de maintenance. Elle est adapt\u00e9e \u00e0 un usage int\u00e9rieur et ext\u00e9rieur.<\/p>\n<p>D\u00e9couvrez tous les autres avantages de la pelle Sunward SWSL\u00a01412DC. [&#8230;]<\/p>\n<p><a class=\"btn btn-secondary understrap-read-more-link\" href=\"https:\/\/sunward.eu\/fr\/produit\/swsl-1412dc\/\">Lire la suite&#8230;<\/a><\/p>\n","protected":false},"featured_media":1361,"comment_status":"closed","ping_status":"closed","template":"","meta":{"_acf_changed":false,"inline_featured_image":false},"product_cat":[29,59],"product_tag":[],"class_list":{"0":"post-1360","1":"product","2":"type-product","3":"status-publish","4":"has-post-thumbnail","6":"product_cat-scissor-lifts","7":"product_cat-electric-driven-scissor-lifts","8":"pa_capacity-320-kg","9":"pa_drive-type-electric","10":"pa_machine-width-1-17-m","11":"pa_max-working-height-14-m","12":"pa_operating-weight-3-000-kg","13":"pa_propulsion-electric","15":"first","16":"instock","17":"shipping-taxable","18":"product-type-simple"},"translation":{"provider":"WPGlobus","version":"2.12.2","language":"fr","enabled_languages":["en","de","fr","it"],"languages":{"en":{"title":true,"content":true,"excerpt":true},"de":{"title":true,"content":true,"excerpt":true},"fr":{"title":true,"content":true,"excerpt":true},"it":{"title":true,"content":true,"excerpt":true}}},"acf":[],"yoast_head":"<!-- This site is optimized with the Yoast SEO plugin v22.6 - https:\/\/yoast.com\/wordpress\/plugins\/seo\/ -->\n<title>SWSL 1412DC - Sunward Europe (Official Website for EU &amp; UK)<\/title>\n<meta name=\"robots\" content=\"index, follow, max-snippet:-1, max-image-preview:large, max-video-preview:-1\" \/>\n<link rel=\"canonical\" href=\"https:\/\/sunward.eu\/product\/swsl-1412dc\/\" \/>\n<meta property=\"og:locale\" content=\"fr_FR\" \/>\n<meta property=\"og:type\" content=\"article\" \/>\n<meta property=\"og:title\" content=\"SWSL 1412DC - Sunward Europe (Official Website for EU &amp; UK)\" \/>\n<meta property=\"og:url\" content=\"https:\/\/sunward.eu\/product\/swsl-1412dc\/\" \/>\n<meta property=\"og:site_name\" content=\"Sunward Europe (Official Website for EU &amp; UK)\" \/>\n<meta property=\"article:modified_time\" content=\"2026-02-03T15:28:55+00:00\" \/>\n<meta property=\"og:image\" content=\"https:\/\/sunward.eu\/wp-content\/uploads\/2022\/01\/Sunward_SWSL-1412DC_MAIN.png\" \/>\n\t<meta property=\"og:image:width\" content=\"1000\" \/>\n\t<meta property=\"og:image:height\" content=\"1000\" \/>\n\t<meta property=\"og:image:type\" content=\"image\/png\" \/>\n<meta name=\"twitter:card\" content=\"summary_large_image\" \/>\n<meta name=\"twitter:label1\" content=\"Est. reading time\" \/>\n\t<meta name=\"twitter:data1\" content=\"5 minutes\" \/>\n<script type=\"application\/ld+json\" class=\"yoast-schema-graph\">{\"@context\":\"https:\/\/schema.org\",\"@graph\":[{\"@type\":\"WebPage\",\"@id\":\"https:\/\/sunward.eu\/product\/swsl-1412dc\/\",\"url\":\"https:\/\/sunward.eu\/product\/swsl-1412dc\/\",\"name\":\"SWSL 1412DC - Sunward Europe (Official Website for EU &amp; UK)\",\"isPartOf\":{\"@id\":\"https:\/\/sunward.eu\/#website\"},\"primaryImageOfPage\":{\"@id\":\"https:\/\/sunward.eu\/product\/swsl-1412dc\/#primaryimage\"},\"image\":{\"@id\":\"https:\/\/sunward.eu\/product\/swsl-1412dc\/#primaryimage\"},\"thumbnailUrl\":\"https:\/\/sunward.eu\/wp-content\/uploads\/2022\/01\/Sunward_SWSL-1412DC_MAIN.png\",\"datePublished\":\"2022-01-20T12:22:32+00:00\",\"dateModified\":\"2026-02-03T15:28:55+00:00\",\"breadcrumb\":{\"@id\":\"https:\/\/sunward.eu\/product\/swsl-1412dc\/#breadcrumb\"},\"inLanguage\":\"fr-FR\",\"potentialAction\":[{\"@type\":\"ReadAction\",\"target\":[\"https:\/\/sunward.eu\/product\/swsl-1412dc\/\"]}]},{\"@type\":\"ImageObject\",\"inLanguage\":\"fr-FR\",\"@id\":\"https:\/\/sunward.eu\/product\/swsl-1412dc\/#primaryimage\",\"url\":\"https:\/\/sunward.eu\/wp-content\/uploads\/2022\/01\/Sunward_SWSL-1412DC_MAIN.png\",\"contentUrl\":\"https:\/\/sunward.eu\/wp-content\/uploads\/2022\/01\/Sunward_SWSL-1412DC_MAIN.png\",\"width\":1000,\"height\":1000},{\"@type\":\"BreadcrumbList\",\"@id\":\"https:\/\/sunward.eu\/product\/swsl-1412dc\/#breadcrumb\",\"itemListElement\":[{\"@type\":\"ListItem\",\"position\":1,\"name\":\"Home\",\"item\":\"https:\/\/sunward.eu\/\"},{\"@type\":\"ListItem\",\"position\":2,\"name\":\"Products\",\"item\":\"https:\/\/sunward.eu\/shop\/\"},{\"@type\":\"ListItem\",\"position\":3,\"name\":\"Scissor lifts\",\"item\":\"https:\/\/sunward.eu\/product-category\/scissor-lifts\/\"},{\"@type\":\"ListItem\",\"position\":4,\"name\":\"{:en}Electric driven scissor lifts{:}{:de}Scherenhebebuhnen mit elektroantrieb{:}{:fr}Nacelles ciseaux \u00e9lectriques{:}{:it}Piattaforme aeree a pantografo ad azionamento elettrico{:}\",\"item\":\"https:\/\/sunward.eu\/product-category\/scissor-lifts\/electric-driven-scissor-lifts\/\"},{\"@type\":\"ListItem\",\"position\":5,\"name\":\"SWSL 1412DC\"}]},{\"@type\":\"WebSite\",\"@id\":\"https:\/\/sunward.eu\/#website\",\"url\":\"https:\/\/sunward.eu\/\",\"name\":\"Sunward Europe (Official Website for EU &amp; UK)\",\"description\":\"The smart choice\",\"publisher\":{\"@id\":\"https:\/\/sunward.eu\/#organization\"},\"potentialAction\":[{\"@type\":\"SearchAction\",\"target\":{\"@type\":\"EntryPoint\",\"urlTemplate\":\"https:\/\/sunward.eu\/?s={search_term_string}\"},\"query-input\":\"required name=search_term_string\"}],\"inLanguage\":\"fr-FR\"},{\"@type\":\"Organization\",\"@id\":\"https:\/\/sunward.eu\/#organization\",\"name\":\"Sunward Europe (Official Website for EU &amp; UK)\",\"url\":\"https:\/\/sunward.eu\/\",\"logo\":{\"@type\":\"ImageObject\",\"inLanguage\":\"fr-FR\",\"@id\":\"https:\/\/sunward.eu\/#\/schema\/logo\/image\/\",\"url\":\"https:\/\/sunward.eu\/wp-content\/uploads\/2022\/01\/Website_Sunward_logo_top_180x63px.png\",\"contentUrl\":\"https:\/\/sunward.eu\/wp-content\/uploads\/2022\/01\/Website_Sunward_logo_top_180x63px.png\",\"width\":180,\"height\":63,\"caption\":\"Sunward Europe (Official Website for EU &amp; UK)\"},\"image\":{\"@id\":\"https:\/\/sunward.eu\/#\/schema\/logo\/image\/\"}}]}<\/script>\n<!-- \/ Yoast SEO plugin. -->","yoast_head_json":{"title":"SWSL 1412DC - Sunward Europe (Official Website for EU &amp; UK)","robots":{"index":"index","follow":"follow","max-snippet":"max-snippet:-1","max-image-preview":"max-image-preview:large","max-video-preview":"max-video-preview:-1"},"canonical":"https:\/\/sunward.eu\/product\/swsl-1412dc\/","og_locale":"fr_FR","og_type":"article","og_title":"SWSL 1412DC - Sunward Europe (Official Website for EU &amp; UK)","og_url":"https:\/\/sunward.eu\/product\/swsl-1412dc\/","og_site_name":"Sunward Europe (Official Website for EU &amp; UK)","article_modified_time":"2026-02-03T15:28:55+00:00","og_image":[{"width":1000,"height":1000,"url":"https:\/\/sunward.eu\/wp-content\/uploads\/2022\/01\/Sunward_SWSL-1412DC_MAIN.png","type":"image\/png"}],"twitter_card":"summary_large_image","twitter_misc":{"Est. reading time":"5 minutes"},"schema":{"@context":"https:\/\/schema.org","@graph":[{"@type":"WebPage","@id":"https:\/\/sunward.eu\/product\/swsl-1412dc\/","url":"https:\/\/sunward.eu\/product\/swsl-1412dc\/","name":"SWSL 1412DC - Sunward Europe (Official Website for EU &amp; UK)","isPartOf":{"@id":"https:\/\/sunward.eu\/#website"},"primaryImageOfPage":{"@id":"https:\/\/sunward.eu\/product\/swsl-1412dc\/#primaryimage"},"image":{"@id":"https:\/\/sunward.eu\/product\/swsl-1412dc\/#primaryimage"},"thumbnailUrl":"https:\/\/sunward.eu\/wp-content\/uploads\/2022\/01\/Sunward_SWSL-1412DC_MAIN.png","datePublished":"2022-01-20T12:22:32+00:00","dateModified":"2026-02-03T15:28:55+00:00","breadcrumb":{"@id":"https:\/\/sunward.eu\/product\/swsl-1412dc\/#breadcrumb"},"inLanguage":"fr-FR","potentialAction":[{"@type":"ReadAction","target":["https:\/\/sunward.eu\/product\/swsl-1412dc\/"]}]},{"@type":"ImageObject","inLanguage":"fr-FR","@id":"https:\/\/sunward.eu\/product\/swsl-1412dc\/#primaryimage","url":"https:\/\/sunward.eu\/wp-content\/uploads\/2022\/01\/Sunward_SWSL-1412DC_MAIN.png","contentUrl":"https:\/\/sunward.eu\/wp-content\/uploads\/2022\/01\/Sunward_SWSL-1412DC_MAIN.png","width":1000,"height":1000},{"@type":"BreadcrumbList","@id":"https:\/\/sunward.eu\/product\/swsl-1412dc\/#breadcrumb","itemListElement":[{"@type":"ListItem","position":1,"name":"Home","item":"https:\/\/sunward.eu\/"},{"@type":"ListItem","position":2,"name":"Products","item":"https:\/\/sunward.eu\/shop\/"},{"@type":"ListItem","position":3,"name":"Scissor lifts","item":"https:\/\/sunward.eu\/product-category\/scissor-lifts\/"},{"@type":"ListItem","position":4,"name":"{:en}Electric driven scissor lifts{:}{:de}Scherenhebebuhnen mit elektroantrieb{:}{:fr}Nacelles ciseaux \u00e9lectriques{:}{:it}Piattaforme aeree a pantografo ad azionamento elettrico{:}","item":"https:\/\/sunward.eu\/product-category\/scissor-lifts\/electric-driven-scissor-lifts\/"},{"@type":"ListItem","position":5,"name":"SWSL 1412DC"}]},{"@type":"WebSite","@id":"https:\/\/sunward.eu\/#website","url":"https:\/\/sunward.eu\/","name":"Sunward Europe (Official Website for EU &amp; UK)","description":"The smart choice","publisher":{"@id":"https:\/\/sunward.eu\/#organization"},"potentialAction":[{"@type":"SearchAction","target":{"@type":"EntryPoint","urlTemplate":"https:\/\/sunward.eu\/?s={search_term_string}"},"query-input":"required name=search_term_string"}],"inLanguage":"fr-FR"},{"@type":"Organization","@id":"https:\/\/sunward.eu\/#organization","name":"Sunward Europe (Official Website for EU &amp; UK)","url":"https:\/\/sunward.eu\/","logo":{"@type":"ImageObject","inLanguage":"fr-FR","@id":"https:\/\/sunward.eu\/#\/schema\/logo\/image\/","url":"https:\/\/sunward.eu\/wp-content\/uploads\/2022\/01\/Website_Sunward_logo_top_180x63px.png","contentUrl":"https:\/\/sunward.eu\/wp-content\/uploads\/2022\/01\/Website_Sunward_logo_top_180x63px.png","width":180,"height":63,"caption":"Sunward Europe (Official Website for EU &amp; UK)"},"image":{"@id":"https:\/\/sunward.eu\/#\/schema\/logo\/image\/"}}]}},"_links":{"self":[{"href":"https:\/\/sunward.eu\/fr\/wp-json\/wp\/v2\/product\/1360","targetHints":{"allow":["GET"]}}],"collection":[{"href":"https:\/\/sunward.eu\/fr\/wp-json\/wp\/v2\/product"}],"about":[{"href":"https:\/\/sunward.eu\/fr\/wp-json\/wp\/v2\/types\/product"}],"replies":[{"embeddable":true,"href":"https:\/\/sunward.eu\/fr\/wp-json\/wp\/v2\/comments?post=1360"}],"wp:featuredmedia":[{"embeddable":true,"href":"https:\/\/sunward.eu\/fr\/wp-json\/wp\/v2\/media\/1361"}],"wp:attachment":[{"href":"https:\/\/sunward.eu\/fr\/wp-json\/wp\/v2\/media?parent=1360"}],"wp:term":[{"taxonomy":"product_cat","embeddable":true,"href":"https:\/\/sunward.eu\/fr\/wp-json\/wp\/v2\/product_cat?post=1360"},{"taxonomy":"product_tag","embeddable":true,"href":"https:\/\/sunward.eu\/fr\/wp-json\/wp\/v2\/product_tag?post=1360"}],"curies":[{"name":"wp","href":"https:\/\/api.w.org\/{rel}","templated":true}]}}