{"id":1187,"date":"2022-01-18T12:13:12","date_gmt":"2022-01-18T11:13:12","guid":{"rendered":"https:\/\/sunward.eu\/?post_type=product&#038;p=1187"},"modified":"2025-07-11T15:51:19","modified_gmt":"2025-07-11T13:51:19","slug":"swe-60uf","status":"publish","type":"product","link":"https:\/\/sunward.eu\/fr\/produit\/swe-60uf\/","title":{"rendered":"SWE 60UF"},"content":{"rendered":"<div class=\"wpb-content-wrapper\"><p>[vc_row][vc_column][vc_tta_accordion style=&#8221;flat&#8221; c_icon=&#8221;chevron&#8221; c_position=&#8221;right&#8221; active_section=&#8221;1&#8243; no_fill=&#8221;true&#8221; el_class=&#8221;custom-accordion&#8221;][vc_tta_section title=&#8221;SP\u00c9CIFICATIONS&#8221; tab_id=&#8221;1623355628079-f58b5c44-7c4b&#8221;][vc_custom_heading text=&#8221;SUNWARD SWE 60UF&#8221; font_container=&#8221;tag:h3|text_align:left&#8221; use_theme_fonts=&#8221;yes&#8221;][vc_column_text css=&#8221;&#8221;]La Sunward SWE 60UF est une pelle compacte sans d\u00e9port arri\u00e8re. Gr\u00e2ce \u00e0 sa conception, la SWE 60UF offre une grande puissance pour une empreinte carbone r\u00e9duite et est adapt\u00e9e \u00e0 des espaces plus exigus que d\u2019autres produits similaires. Elle combine la puissance du moteur Kubota V2607-DI-T, d\u00e9veloppant 35 kW, avec une pr\u00e9cision incroyable gr\u00e2ce aux doubles manipulateurs proportionnels et au d\u00e9bit hydraulique parfaitement adapt\u00e9. Sa port\u00e9e de fouille signifie qu\u2019aucun chantier ne d\u00e9passe ses limites. Et bien s\u00fbr, parce que nous savons que la s\u00e9curit\u00e9 et le confort vont de pair, la SWE 60UF assure en toutes conditions s\u00e9curit\u00e9 et confort de haut niveau. Pour couronner le tout, Sunward \u00e9tant traditionnellement attach\u00e9 \u00e0 toujours offrir le meilleur rapport qualit\u00e9\/prix, la SWE 60UF ne fait pas exception \u00e0 cette r\u00e8gle, puisqu\u2019elle pr\u00e9sente de nombreuses fonctionnalit\u00e9s et jusqu\u2019\u00e0 5 ans de garantie standard, \u00e0 un prix adapt\u00e9.<br \/>\nD\u00e9couvrez tous les autres avantages de la pelle Sunward SWE\u00a060UF.[\/vc_column_text][vc_row_inner][vc_column_inner width=&#8221;1\/2&#8243;][vc_toggle title=&#8221;DIMENSIONS&#8221; css=&#8221;&#8221;]<\/p>\n<table width=\"1274\">\n<tbody>\n<tr>\n<td width=\"631\">Poids op\u00e9rationnel<\/td>\n<td width=\"643\">6 000 kg<\/td>\n<\/tr>\n<tr>\n<td width=\"631\">Capacit\u00e9 du godet standard<\/td>\n<td>0.18 m\u00b3<\/td>\n<\/tr>\n<tr>\n<td width=\"631\">Longueur de transport<\/td>\n<td>5\u2009680 mm<\/td>\n<\/tr>\n<tr>\n<td width=\"631\">Largeur de transport<\/td>\n<td>2 000 mm<\/td>\n<\/tr>\n<tr>\n<td width=\"631\">Hauteur au-dessus du toit de la cabine<\/td>\n<td>2\u2009570 mm<\/td>\n<\/tr>\n<\/tbody>\n<\/table>\n<p>[\/vc_toggle][vc_toggle title=&#8221;MOTEUR&#8221; css=&#8221;&#8221;]<\/p>\n<table width=\"1274\">\n<tbody>\n<tr>\n<td width=\"631\">Mod\u00e8le<\/td>\n<td width=\"643\">Kubota V2607-DI-T<\/td>\n<\/tr>\n<tr>\n<td>Norme antipollution<\/td>\n<td>UE Phase V (EU Stage V)<\/td>\n<\/tr>\n<tr>\n<td>Cylindr\u00e9e<\/td>\n<td>2.6 L<\/td>\n<\/tr>\n<tr>\n<td>Puissance de sortie nominale<\/td>\n<td>35 kW<\/td>\n<\/tr>\n<\/tbody>\n<\/table>\n<p>[\/vc_toggle][vc_toggle title=&#8221;SYST\u00c8ME HYDRAULIQUE&#8221; css=&#8221;&#8221;]<\/p>\n<table width=\"1274\">\n<tbody>\n<tr>\n<td width=\"631\">Type<\/td>\n<td width=\"643\">1 pompe \u00e0 piston variable<\/td>\n<\/tr>\n<tr>\n<td>Cylindr\u00e9e<\/td>\n<td>158.4 l\/min<\/td>\n<\/tr>\n<tr>\n<td>Pression hydraulique<\/td>\n<td>25 Mpa<\/td>\n<\/tr>\n<\/tbody>\n<\/table>\n<p>[\/vc_toggle][vc_toggle title=&#8221;ENVELOPPE DE TRAVAIL&#8221; css=&#8221;&#8221;]<\/p>\n<table width=\"1274\">\n<tbody>\n<tr>\n<td width=\"631\">Profondeur de fouille max.<\/td>\n<td width=\"643\">3\u2009700 mm<\/td>\n<\/tr>\n<tr>\n<td>Port\u00e9e de fouille max.<\/td>\n<td>6\u2009260 mm<\/td>\n<\/tr>\n<tr>\n<td>Force de fouille max. du godet<\/td>\n<td>47 kN<\/td>\n<\/tr>\n<tr>\n<td>Force de fouille max. du balancier<\/td>\n<td>31 kN<\/td>\n<\/tr>\n<\/tbody>\n<\/table>\n<p>[\/vc_toggle][\/vc_column_inner][vc_column_inner width=&#8221;1\/2&#8243;][\/vc_column_inner][\/vc_row_inner][\/vc_tta_section][vc_tta_section title=&#8221;FONCTIONNALIT\u00c9S ET ATOUTS&#8221; tab_id=&#8221;1623355710952-d36b50a3-81ed&#8221;][vc_row_inner][vc_column_inner width=&#8221;1\/4&#8243;][vc_single_image image=&#8221;1070&#8243; img_size=&#8221;medium&#8221;][\/vc_column_inner][vc_column_inner width=&#8221;3\/4&#8243;][vc_custom_heading text=&#8221;CON\u00c7UE POUR L\u2019EUROPE&#8221; font_container=&#8221;tag:h3|text_align:left&#8221; use_theme_fonts=&#8221;yes&#8221;][vc_column_text]Outre sa certification CE, la Sunward SWE\u00a060UF, comme toutes les machines Sunward destin\u00e9es au march\u00e9 europ\u00e9en, est sp\u00e9cifiquement con\u00e7ue pour r\u00e9pondre aux besoins des clients europ\u00e9ens.[\/vc_column_text][\/vc_column_inner][\/vc_row_inner][vc_separator][vc_row_inner][vc_column_inner width=&#8221;1\/4&#8243;][vc_single_image image=&#8221;1182&#8243; img_size=&#8221;medium&#8221;][\/vc_column_inner][vc_column_inner width=&#8221;3\/4&#8243;][vc_custom_heading text=&#8221;UN MOTEUR PUISSANT ET FIABLE&#8221; font_container=&#8221;tag:h3|text_align:left&#8221; use_theme_fonts=&#8221;yes&#8221;][vc_column_text css=&#8221;&#8221;]Nous avons choisi le puissant moteur Kubota V2607-DI-T pour plusieurs bonnes raisons. C&#8217;est un moteur diesel 4 temps, vertical, \u00e0 refroidissement liquide, d\u00e9veloppant 35 kW. Le Kubota V2607 offre une grande puissance, une fiabilit\u00e9 exceptionnelle et longue dur\u00e9e de vie, satisfaisant \u00e0 un large \u00e9ventail d\u2019applications. Elle r\u00e9pond \u00e9galement aux exigences antipollution europ\u00e9ennes Phase V. Il convient id\u00e9alement \u00e0 notre mini-pelle SWE 60UF fiable et polyvalente.[\/vc_column_text][\/vc_column_inner][\/vc_row_inner][vc_separator][vc_row_inner][vc_column_inner width=&#8221;1\/4&#8243;][vc_single_image image=&#8221;1091&#8243; img_size=&#8221;medium&#8221;][\/vc_column_inner][vc_column_inner width=&#8221;3\/4&#8243;][vc_custom_heading text=&#8221;DES COMPOSANTS HAUT DE GAMME&#8221; font_container=&#8221;tag:h3|text_align:left&#8221; use_theme_fonts=&#8221;yes&#8221;][vc_column_text css=&#8221;&#8221;]Tous les composants cl\u00e9s des excavatrices Sunward sont soigneusement s\u00e9lectionn\u00e9s \u2013 du moteur Kubota au syst\u00e8me hydraulique. Puisque l\u2019hydraulique est souvent consid\u00e9r\u00e9e comme le c\u0153ur de la machine, Sunward collabore exclusivement avec des fournisseurs de premier plan, reconnus pour leur qualit\u00e9 et leurs performances. Pour la Sunward SWE 60UF, nous avons choisi des fabricants de confiance pour fournir la pompe hydraulique ainsi que les moteurs de translation et de rotation. Ces composants sont efficaces, fiables et compacts &#8211; des qualit\u00e9s essentielles qui contribuent directement \u00e0 la fiabilit\u00e9 globale et aux performances durables de la SWE 60UF.[\/vc_column_text][\/vc_column_inner][\/vc_row_inner][vc_separator][vc_row_inner][vc_column_inner width=&#8221;1\/4&#8243;][vc_single_image image=&#8221;1076&#8243; img_size=&#8221;medium&#8221;][\/vc_column_inner][vc_column_inner width=&#8221;3\/4&#8243;][vc_custom_heading text=&#8221;UNE ENVELOPPE DE TRAVAIL \u00c9TENDUE&#8221; font_container=&#8221;tag:h3|text_align:left&#8221; use_theme_fonts=&#8221;yes&#8221;][vc_column_text css=&#8221;&#8221;]Avec ses forces de fouille exceptionnelles \u2013 47 kN au godet et 31 kN au balancier\u202f\u2013 la SWE 60UF peut affronter tranquillement n&#8217;importe quelles concurrentes de 6 t sur le march\u00e9. Et si l&#8217;on consid\u00e8re la port\u00e9e, avec sa conception du v\u00e9rin de fl\u00e8che offrant une port\u00e9e au sol de plus de 6.1 m (6 140 mm) et une port\u00e9e max. de plus de 6.2 m (6 260 mm), il est clair que la SWE 60UF \u00e9tablit une nouvelle r\u00e9f\u00e9rence dans sa cat\u00e9gorie.[\/vc_column_text][\/vc_column_inner][\/vc_row_inner][vc_separator][vc_row_inner][vc_column_inner width=&#8221;1\/4&#8243;][vc_single_image image=&#8221;1079&#8243; img_size=&#8221;medium&#8221;][\/vc_column_inner][vc_column_inner width=&#8221;3\/4&#8243;][vc_custom_heading text=&#8221;PR\u00caTE POUR DE MULTIPLES APPLICATIONS&#8221; font_container=&#8221;tag:h3|text_align:left&#8221; use_theme_fonts=&#8221;yes&#8221;][vc_column_text css=&#8221;&#8221;]La polyvalence d&#8217;une pelle compacte commence avec une bonne conception. Et en termes de design, la SWE 60UF est une pelle vraiment r\u00e9ussie. Cette pelle sans d\u00e9port arri\u00e8re aux dimensions v\u00e9ritablement compactes (2 000 mm de large) et l\u00e9g\u00e8re (6 000 kg), assure puissance et facilit\u00e9 d\u2019utilisation m\u00eame dans les endroits exigus, sans aucun compromis en termes de s\u00e9curit\u00e9. En outre, la SWE 60UF s&#8217;adapte \u00e0 tous les chantiers gr\u00e2ce \u00e0 ses circuits hydrauliques auxiliaires complets int\u00e9gr\u00e9s \u00e0 l&#8217;\u00e9quipement standard. Leur pression et leur d\u00e9bit sont r\u00e9glables \u00e0 volont\u00e9. Son \u00e9quipement standard inclut 3 circuits hydrauliques auxiliaires distincts, plus un circuit pour le retour hydraulique. Ainsi, un large choix d\u2019accessoires s\u2019adapte facilement pour une plus grande polyvalence.[\/vc_column_text][\/vc_column_inner][\/vc_row_inner][vc_separator][vc_row_inner][vc_column_inner width=&#8221;1\/4&#8243;][vc_single_image image=&#8221;1183&#8243; img_size=&#8221;medium&#8221;][\/vc_column_inner][vc_column_inner width=&#8221;3\/4&#8243;][vc_custom_heading text=&#8221;TOTALEMENT \u00c9QUIP\u00c9E D\u00c8S LE D\u00c9PART&#8221; font_container=&#8221;tag:h3|text_align:left&#8221; use_theme_fonts=&#8221;yes&#8221;][vc_column_text]Cette mini-pelle Sunward SWE\u00a060UF dispose d&#8217;un \u00e9quipement des plus complets d\u00e8s sa sortie d&#8217;usine\u00a0:<br \/>\n\u2013 Mise au ralenti automatique du moteur pour \u00e9conomiser du carburant. \u2013 Alors que d&#8217;autres constructeurs utilisent habituellement une r\u00e9gulation \u00e0 restriction de d\u00e9bit (parce que c&#8217;est moins cher), chez Sunward nous avons choisi un syst\u00e8me hydraulique \u00e0 d\u00e9tection de charge (Load Sensing), offrant de meilleures possibilit\u00e9s au niveau de la consommation d&#8217;\u00e9nergie.<br \/>\n\u2013 Clapets de s\u00e9curit\u00e9 de charge sur le v\u00e9rin de fl\u00e8che pour des op\u00e9rations plus s\u00fbres.<br \/>\n\u2013 Moteurs de translation \u00e0 passage de gamme automatique pour un travail plus fluide et une utilisation plus confortable.<br \/>\n\u2013 Cabine TOPS, FOPS et ROPS.<br \/>\n\u2013 Coupe-batterie\u00a0: s\u00e9curit\u00e9 des entretiens, long\u00e9vit\u00e9 et puissance de la batterie accrues \u2013 particuli\u00e8rement appr\u00e9ciable dans le climat froid des pays scandinaves, par exemple.<br \/>\n\u2013 Circuit hydraulique double effet<br \/>\n\u2013 Conduites hydrauliques d\u2019attelage rapide mont\u00e9es en usine<br \/>\n\u2013 Ligne de marteau et rotation mont\u00e9e en usine<br \/>\n\u2013 Conduite de vidange de carter mont\u00e9e en usine<br \/>\n&#8211; Manipulateurs proportionnels doubles mont\u00e9s en usine<br \/>\n\u2013 Commandes au manipulateur configur\u00e9es pour Tiltrotator mont\u00e9es en usine (Tiltrotator au choix)<br \/>\n\u2013 3 feux de travail LED de s\u00e9rie\u00a0: 2 \u00e0 l&#8217;avant de la cabine et 1 du c\u00f4t\u00e9 gauche de la fl\u00e8che[\/vc_column_text][\/vc_column_inner][\/vc_row_inner][vc_separator][vc_row_inner][vc_column_inner width=&#8221;1\/4&#8243;][vc_single_image image=&#8221;1146&#8243; img_size=&#8221;medium&#8221;][\/vc_column_inner][vc_column_inner width=&#8221;3\/4&#8243;][vc_custom_heading text=&#8221;ENTRETIEN FACILE&#8221; font_container=&#8221;tag:h3|text_align:left&#8221; use_theme_fonts=&#8221;yes&#8221;][vc_column_text]Pour r\u00e9duire le co\u00fbt et le temps d&#8217;entretien de la SWE 60UF, la porte arri\u00e8re et le capot lat\u00e9ral m\u00e9nagent un acc\u00e8s sans restriction aux points de contr\u00f4le et d&#8217;entretien. Les points d&#8217;entretien courant \u2013 filtres \u00e0 air, \u00e0 huile et \u00e0 carburant \u2013 sont directement accessibles par la porte arri\u00e8re. Avec son acc\u00e8s direct au r\u00e9servoir de carburant et ses graisseurs centralis\u00e9s, cette mini-pelle est aussi facile \u00e0 entretenir qu&#8217;\u00e0 utiliser.[\/vc_column_text][\/vc_column_inner][\/vc_row_inner][vc_separator][vc_row_inner][vc_column_inner width=&#8221;1\/4&#8243;][vc_single_image image=&#8221;1205&#8243; img_size=&#8221;medium&#8221;][\/vc_column_inner][vc_column_inner width=&#8221;3\/4&#8243;][vc_custom_heading text=&#8221;UNE CABINE S\u00dbRE&#8221; font_container=&#8221;tag:h3|text_align:left&#8221; use_theme_fonts=&#8221;yes&#8221;][vc_column_text]La cabine standard de la SWE 60UF r\u00e9pond aux normes FOPS, TOPS et ROPS afin que l&#8217;op\u00e9rateur b\u00e9n\u00e9ficie d&#8217;un poste de travail s\u00fbr et confortable, quelles que soient les conditions de travail. Malgr\u00e9 sa taille ext\u00e9rieure compacte, la SWE 60UF offre un acc\u00e8s ais\u00e9 \u00e0 une cabine spacieuse, pour les op\u00e9rateurs de toutes tailles partout en Europe. Des vastes surfaces vitr\u00e9es \u00e0 l&#8217;agencement int\u00e9rieur soigneusement \u00e9tudi\u00e9, tout est fait pour le confort, la productivit\u00e9 et la s\u00e9curit\u00e9 de l&#8217;op\u00e9rateur.[\/vc_column_text][\/vc_column_inner][\/vc_row_inner][vc_separator][vc_row_inner][vc_column_inner width=&#8221;1\/4&#8243;][vc_single_image image=&#8221;1071&#8243; img_size=&#8221;medium&#8221;][\/vc_column_inner][vc_column_inner width=&#8221;3\/4&#8243;][vc_custom_heading text=&#8221;LE MEILLEUR RAPPORT QUALIT\u00c9-PRIX&#8221; font_container=&#8221;tag:h3|text_align:left&#8221; use_theme_fonts=&#8221;yes&#8221;][vc_column_text]Sunward est le meilleur investissement en termes de fiabilit\u00e9, de performances et de retour sur investissement \u00e9lev\u00e9. En effet, la conception soigneusement \u00e9tudi\u00e9e de la SWE\u00a060UF inclut une s\u00e9lection bien \u00e9tudi\u00e9e de composants qui facilitent l&#8217;utilisation et l&#8217;entretien de la machine. Les choix que nous avons faits nous permettent de vous offrir une machine \u00e0 l&#8217;\u00e9quipement standard sans \u00e9gal, avec des composants de premi\u00e8re qualit\u00e9 et des performances de haut niveau&#8230;. \u00e0 un prix tr\u00e8s abordable.<br \/>\nEn outre, les pi\u00e8ces d\u00e9tach\u00e9es Sunward sont, elles aussi, tr\u00e8s \u00e9conomiques, sans parler de la garantie standard de 5 ans accompagnant tous les produits Sunward, qui compl\u00e8te l&#8217;offre en beaut\u00e9.[\/vc_column_text][\/vc_column_inner][\/vc_row_inner][\/vc_tta_section][vc_tta_section title=&#8221;VID\u00c9O&#8221; tab_id=&#8221;1623857706491-8aa3a03f-cca1&#8243;][vc_video link=&#8221;https:\/\/youtu.be\/ZQVT7VS9UVQ&#8221;][\/vc_tta_section][vc_tta_section title=&#8221;BROCHURE&#8221; tab_id=&#8221;1623857795794-8fd5289e-c5a3&#8243;][vc_row_inner content_placement=&#8221;middle&#8221;][vc_column_inner width=&#8221;1\/4&#8243;][vc_single_image image=&#8221;4275&#8243; img_size=&#8221;large&#8221; css=&#8221;&#8221;][\/vc_column_inner][vc_column_inner width=&#8221;3\/4&#8243;][vc_custom_heading text=&#8221;BROCHURE PRODUIT&#8221; font_container=&#8221;tag:h3|text_align:left&#8221; use_theme_fonts=&#8221;yes&#8221;][vc_btn title=&#8221;T\u00c9L\u00c9CHARGEMENT&#8221; color=&#8221;orange&#8221; size=&#8221;lg&#8221; css=&#8221;&#8221; link=&#8221;url:https%3A%2F%2Fsunward.eu%2Fwp-content%2Fuploads%2F2025%2F05%2FSUNWARD_SWE-60UF_05.2025_FINAL_HR_FR.pdf|title:Sunward%20SWE%2060UF%20Product%20Brochure|target:_blank&#8221;][\/vc_column_inner][\/vc_row_inner][\/vc_tta_section][\/vc_tta_accordion][\/vc_column][\/vc_row]<\/p>\n<\/div>","protected":false},"excerpt":{"rendered":"<p>La Sunward SWE 60UF est une pelle compacte sans d\u00e9port arri\u00e8re. Gr\u00e2ce \u00e0 sa conception, la SWE 60UF offre une grande puissance pour une empreinte carbone r\u00e9duite et est adapt\u00e9e \u00e0 des espaces plus exigus que d\u2019autres produits similaires. Combinant puissance et pr\u00e9cision, la SWE 60UF offre \u00e9galement une cabine confortable et s\u00fbre. Et pour couronner le tout, sa port\u00e9e de fouille signifie qu\u2019aucun chantier ne d\u00e9passe ses limites. [&#8230;]<\/p>\n<p><a class=\"btn btn-secondary understrap-read-more-link\" href=\"https:\/\/sunward.eu\/fr\/produit\/swe-60uf\/\">Lire la suite&#8230;<\/a><\/p>\n","protected":false},"featured_media":2703,"comment_status":"closed","ping_status":"closed","template":"","meta":{"_acf_changed":false,"inline_featured_image":false},"product_cat":[26,36],"product_tag":[],"class_list":{"0":"post-1187","1":"product","2":"type-product","3":"status-publish","4":"has-post-thumbnail","6":"product_cat-excavators","7":"product_cat-compact-excavators","8":"pa_emission-rating-eu-stage-5","9":"pa_max-digging-depth-3-700-mm","10":"pa_operating-weight-6-000-kg","11":"pa_power-output-35-kw","12":"pa_width-2-000-mm","14":"first","15":"instock","16":"shipping-taxable","17":"product-type-simple"},"translation":{"provider":"WPGlobus","version":"2.12.2","language":"fr","enabled_languages":["en","de","fr","it"],"languages":{"en":{"title":true,"content":true,"excerpt":true},"de":{"title":true,"content":true,"excerpt":true},"fr":{"title":true,"content":true,"excerpt":true},"it":{"title":true,"content":true,"excerpt":true}}},"acf":[],"yoast_head":"<!-- This site is optimized with the Yoast SEO plugin v22.6 - https:\/\/yoast.com\/wordpress\/plugins\/seo\/ -->\n<title>SWE 60UF - Sunward Europe (Official Website for EU &amp; UK)<\/title>\n<meta name=\"robots\" content=\"index, follow, max-snippet:-1, max-image-preview:large, max-video-preview:-1\" \/>\n<link rel=\"canonical\" href=\"https:\/\/sunward.eu\/product\/swe-60uf\/\" \/>\n<meta property=\"og:locale\" content=\"fr_FR\" \/>\n<meta property=\"og:type\" content=\"article\" \/>\n<meta property=\"og:title\" content=\"SWE 60UF - Sunward Europe (Official Website for EU &amp; UK)\" \/>\n<meta property=\"og:url\" content=\"https:\/\/sunward.eu\/product\/swe-60uf\/\" \/>\n<meta property=\"og:site_name\" content=\"Sunward Europe (Official Website for EU &amp; UK)\" \/>\n<meta property=\"article:modified_time\" content=\"2025-07-11T13:51:19+00:00\" \/>\n<meta property=\"og:image\" content=\"https:\/\/sunward.eu\/wp-content\/uploads\/2022\/01\/Sunward-SWE-60UF_MAIN.png\" \/>\n\t<meta property=\"og:image:width\" content=\"1000\" \/>\n\t<meta property=\"og:image:height\" content=\"1000\" \/>\n\t<meta property=\"og:image:type\" content=\"image\/png\" \/>\n<meta name=\"twitter:card\" content=\"summary_large_image\" \/>\n<meta name=\"twitter:label1\" content=\"Est. reading time\" \/>\n\t<meta name=\"twitter:data1\" content=\"6 minutes\" \/>\n<script type=\"application\/ld+json\" class=\"yoast-schema-graph\">{\"@context\":\"https:\/\/schema.org\",\"@graph\":[{\"@type\":\"WebPage\",\"@id\":\"https:\/\/sunward.eu\/product\/swe-60uf\/\",\"url\":\"https:\/\/sunward.eu\/product\/swe-60uf\/\",\"name\":\"SWE 60UF - Sunward Europe (Official Website for EU &amp; UK)\",\"isPartOf\":{\"@id\":\"https:\/\/sunward.eu\/#website\"},\"primaryImageOfPage\":{\"@id\":\"https:\/\/sunward.eu\/product\/swe-60uf\/#primaryimage\"},\"image\":{\"@id\":\"https:\/\/sunward.eu\/product\/swe-60uf\/#primaryimage\"},\"thumbnailUrl\":\"https:\/\/sunward.eu\/wp-content\/uploads\/2022\/01\/Sunward-SWE-60UF_MAIN.png\",\"datePublished\":\"2022-01-18T11:13:12+00:00\",\"dateModified\":\"2025-07-11T13:51:19+00:00\",\"breadcrumb\":{\"@id\":\"https:\/\/sunward.eu\/product\/swe-60uf\/#breadcrumb\"},\"inLanguage\":\"fr-FR\",\"potentialAction\":[{\"@type\":\"ReadAction\",\"target\":[\"https:\/\/sunward.eu\/product\/swe-60uf\/\"]}]},{\"@type\":\"ImageObject\",\"inLanguage\":\"fr-FR\",\"@id\":\"https:\/\/sunward.eu\/product\/swe-60uf\/#primaryimage\",\"url\":\"https:\/\/sunward.eu\/wp-content\/uploads\/2022\/01\/Sunward-SWE-60UF_MAIN.png\",\"contentUrl\":\"https:\/\/sunward.eu\/wp-content\/uploads\/2022\/01\/Sunward-SWE-60UF_MAIN.png\",\"width\":1000,\"height\":1000,\"caption\":\"Sunward SWE 60UF\"},{\"@type\":\"BreadcrumbList\",\"@id\":\"https:\/\/sunward.eu\/product\/swe-60uf\/#breadcrumb\",\"itemListElement\":[{\"@type\":\"ListItem\",\"position\":1,\"name\":\"Home\",\"item\":\"https:\/\/sunward.eu\/\"},{\"@type\":\"ListItem\",\"position\":2,\"name\":\"Products\",\"item\":\"https:\/\/sunward.eu\/shop\/\"},{\"@type\":\"ListItem\",\"position\":3,\"name\":\"Excavators\",\"item\":\"https:\/\/sunward.eu\/product-category\/excavators\/\"},{\"@type\":\"ListItem\",\"position\":4,\"name\":\"SWE 60UF\"}]},{\"@type\":\"WebSite\",\"@id\":\"https:\/\/sunward.eu\/#website\",\"url\":\"https:\/\/sunward.eu\/\",\"name\":\"Sunward Europe (Official Website for EU &amp; UK)\",\"description\":\"The smart choice\",\"publisher\":{\"@id\":\"https:\/\/sunward.eu\/#organization\"},\"potentialAction\":[{\"@type\":\"SearchAction\",\"target\":{\"@type\":\"EntryPoint\",\"urlTemplate\":\"https:\/\/sunward.eu\/?s={search_term_string}\"},\"query-input\":\"required name=search_term_string\"}],\"inLanguage\":\"fr-FR\"},{\"@type\":\"Organization\",\"@id\":\"https:\/\/sunward.eu\/#organization\",\"name\":\"Sunward Europe (Official Website for EU &amp; UK)\",\"url\":\"https:\/\/sunward.eu\/\",\"logo\":{\"@type\":\"ImageObject\",\"inLanguage\":\"fr-FR\",\"@id\":\"https:\/\/sunward.eu\/#\/schema\/logo\/image\/\",\"url\":\"https:\/\/sunward.eu\/wp-content\/uploads\/2022\/01\/Website_Sunward_logo_top_180x63px.png\",\"contentUrl\":\"https:\/\/sunward.eu\/wp-content\/uploads\/2022\/01\/Website_Sunward_logo_top_180x63px.png\",\"width\":180,\"height\":63,\"caption\":\"Sunward Europe (Official Website for EU &amp; UK)\"},\"image\":{\"@id\":\"https:\/\/sunward.eu\/#\/schema\/logo\/image\/\"}}]}<\/script>\n<!-- \/ Yoast SEO plugin. -->","yoast_head_json":{"title":"SWE 60UF - Sunward Europe (Official Website for EU &amp; UK)","robots":{"index":"index","follow":"follow","max-snippet":"max-snippet:-1","max-image-preview":"max-image-preview:large","max-video-preview":"max-video-preview:-1"},"canonical":"https:\/\/sunward.eu\/product\/swe-60uf\/","og_locale":"fr_FR","og_type":"article","og_title":"SWE 60UF - Sunward Europe (Official Website for EU &amp; UK)","og_url":"https:\/\/sunward.eu\/product\/swe-60uf\/","og_site_name":"Sunward Europe (Official Website for EU &amp; UK)","article_modified_time":"2025-07-11T13:51:19+00:00","og_image":[{"width":1000,"height":1000,"url":"https:\/\/sunward.eu\/wp-content\/uploads\/2022\/01\/Sunward-SWE-60UF_MAIN.png","type":"image\/png"}],"twitter_card":"summary_large_image","twitter_misc":{"Est. reading time":"6 minutes"},"schema":{"@context":"https:\/\/schema.org","@graph":[{"@type":"WebPage","@id":"https:\/\/sunward.eu\/product\/swe-60uf\/","url":"https:\/\/sunward.eu\/product\/swe-60uf\/","name":"SWE 60UF - Sunward Europe (Official Website for EU &amp; UK)","isPartOf":{"@id":"https:\/\/sunward.eu\/#website"},"primaryImageOfPage":{"@id":"https:\/\/sunward.eu\/product\/swe-60uf\/#primaryimage"},"image":{"@id":"https:\/\/sunward.eu\/product\/swe-60uf\/#primaryimage"},"thumbnailUrl":"https:\/\/sunward.eu\/wp-content\/uploads\/2022\/01\/Sunward-SWE-60UF_MAIN.png","datePublished":"2022-01-18T11:13:12+00:00","dateModified":"2025-07-11T13:51:19+00:00","breadcrumb":{"@id":"https:\/\/sunward.eu\/product\/swe-60uf\/#breadcrumb"},"inLanguage":"fr-FR","potentialAction":[{"@type":"ReadAction","target":["https:\/\/sunward.eu\/product\/swe-60uf\/"]}]},{"@type":"ImageObject","inLanguage":"fr-FR","@id":"https:\/\/sunward.eu\/product\/swe-60uf\/#primaryimage","url":"https:\/\/sunward.eu\/wp-content\/uploads\/2022\/01\/Sunward-SWE-60UF_MAIN.png","contentUrl":"https:\/\/sunward.eu\/wp-content\/uploads\/2022\/01\/Sunward-SWE-60UF_MAIN.png","width":1000,"height":1000,"caption":"Sunward SWE 60UF"},{"@type":"BreadcrumbList","@id":"https:\/\/sunward.eu\/product\/swe-60uf\/#breadcrumb","itemListElement":[{"@type":"ListItem","position":1,"name":"Home","item":"https:\/\/sunward.eu\/"},{"@type":"ListItem","position":2,"name":"Products","item":"https:\/\/sunward.eu\/shop\/"},{"@type":"ListItem","position":3,"name":"Excavators","item":"https:\/\/sunward.eu\/product-category\/excavators\/"},{"@type":"ListItem","position":4,"name":"SWE 60UF"}]},{"@type":"WebSite","@id":"https:\/\/sunward.eu\/#website","url":"https:\/\/sunward.eu\/","name":"Sunward Europe (Official Website for EU &amp; UK)","description":"The smart choice","publisher":{"@id":"https:\/\/sunward.eu\/#organization"},"potentialAction":[{"@type":"SearchAction","target":{"@type":"EntryPoint","urlTemplate":"https:\/\/sunward.eu\/?s={search_term_string}"},"query-input":"required name=search_term_string"}],"inLanguage":"fr-FR"},{"@type":"Organization","@id":"https:\/\/sunward.eu\/#organization","name":"Sunward Europe (Official Website for EU &amp; UK)","url":"https:\/\/sunward.eu\/","logo":{"@type":"ImageObject","inLanguage":"fr-FR","@id":"https:\/\/sunward.eu\/#\/schema\/logo\/image\/","url":"https:\/\/sunward.eu\/wp-content\/uploads\/2022\/01\/Website_Sunward_logo_top_180x63px.png","contentUrl":"https:\/\/sunward.eu\/wp-content\/uploads\/2022\/01\/Website_Sunward_logo_top_180x63px.png","width":180,"height":63,"caption":"Sunward Europe (Official Website for EU &amp; UK)"},"image":{"@id":"https:\/\/sunward.eu\/#\/schema\/logo\/image\/"}}]}},"_links":{"self":[{"href":"https:\/\/sunward.eu\/fr\/wp-json\/wp\/v2\/product\/1187","targetHints":{"allow":["GET"]}}],"collection":[{"href":"https:\/\/sunward.eu\/fr\/wp-json\/wp\/v2\/product"}],"about":[{"href":"https:\/\/sunward.eu\/fr\/wp-json\/wp\/v2\/types\/product"}],"replies":[{"embeddable":true,"href":"https:\/\/sunward.eu\/fr\/wp-json\/wp\/v2\/comments?post=1187"}],"wp:featuredmedia":[{"embeddable":true,"href":"https:\/\/sunward.eu\/fr\/wp-json\/wp\/v2\/media\/2703"}],"wp:attachment":[{"href":"https:\/\/sunward.eu\/fr\/wp-json\/wp\/v2\/media?parent=1187"}],"wp:term":[{"taxonomy":"product_cat","embeddable":true,"href":"https:\/\/sunward.eu\/fr\/wp-json\/wp\/v2\/product_cat?post=1187"},{"taxonomy":"product_tag","embeddable":true,"href":"https:\/\/sunward.eu\/fr\/wp-json\/wp\/v2\/product_tag?post=1187"}],"curies":[{"name":"wp","href":"https:\/\/api.w.org\/{rel}","templated":true}]}}