{"id":472,"date":"2021-06-29T11:43:35","date_gmt":"2021-06-29T09:43:35","guid":{"rendered":"https:\/\/sunward.eu\/?page_id=472"},"modified":"2023-01-17T15:39:26","modified_gmt":"2023-01-17T14:39:26","slug":"sunward-europe","status":"publish","type":"page","link":"https:\/\/sunward.eu\/fr\/company\/sunward-europe\/","title":{"rendered":"Sunward en Europe"},"content":{"rendered":"<div class=\"wpb-content-wrapper\"><p>[vc_row full_width=&#8221;stretch_row&#8221; content_placement=&#8221;middle&#8221; css_animation=&#8221;fadeIn&#8221; css=&#8221;.vc_custom_1624962250059{background-color: #f8fbfb !important;}&#8221; el_id=&#8221;europe&#8221;][vc_column offset=&#8221;vc_col-lg-5 vc_col-md-5&#8243;][vc_single_image image=&#8221;909&#8243; img_size=&#8221;full&#8221; el_class=&#8221;img-styled bottom left&#8221;][\/vc_column][vc_column offset=&#8221;vc_col-lg-7 vc_col-md-7&#8243; el_class=&#8221;text-col-right&#8221;][vc_custom_heading text=&#8221;AU C\u0152UR DE L\u2019EUROPE<br \/>\n<b>POUR UNE VASTE COUVERTURE<\/b>&#8221; font_container=&#8221;tag:h2|font_size:44|text_align:left|color:%23008d84|line_height:53px&#8221; use_theme_fonts=&#8221;yes&#8221; css_animation=&#8221;fadeInUp&#8221; el_class=&#8221;text-uppercase&#8221;][vc_column_text css_animation=&#8221;fadeInUp&#8221;]Sunward Europe Heavy Industry (Sunward Europe) a \u00e9t\u00e9 cr\u00e9\u00e9e en Belgique, en 2015. B\u00e9n\u00e9ficiant d\u2019une situation g\u00e9ographique id\u00e9ale, la Belgique ayant une position centrale en Europe, Sunward Europe est seulement \u00e0 45\u00a0minutes de l\u2019a\u00e9roport international de Bruxelles et \u00e0 1\u00a0h du port d\u2019Anvers (Antwerp), ce qui nous permet de livrer du mat\u00e9riel et des pi\u00e8ces d\u00e9tach\u00e9es dans toute l\u2019Europe et au Moyen-Orient en 24\u00a0h.[\/vc_column_text][\/vc_column][\/vc_row][vc_row el_id=&#8221;our-mission&#8221; css=&#8221;.vc_custom_1643105292210{margin-top: 0px !important;margin-bottom: 0px !important;border-top-width: 0px !important;border-bottom-width: 0px !important;background-image: url(https:\/\/sunward.eu\/wp-content\/uploads\/2022\/01\/Website-Sunward-Europe-HQ-Tessenderlo-720x467px.png?id=1875) !important;background-position: center !important;background-repeat: no-repeat !important;background-size: contain !important;}&#8221;][vc_column][vc_custom_heading text=&#8221;VISITEZ NOTRE ENTREPRISE&#8221; font_container=&#8221;tag:h2|font_size:48|text_align:center|color:%23008d84|line_height:47px&#8221; use_theme_fonts=&#8221;yes&#8221; css_animation=&#8221;fadeInUp&#8221; el_class=&#8221;text-uppercase&#8221;][vc_column_text css_animation=&#8221;fadeInUp&#8221; el_class=&#8221;text-center&#8221;]En 2021, afin de r\u00e9pondre au mieux \u00e0 notre r\u00e9seau de concessionnaires en pleine expansion et \u00e0 l&#8217;augmentation de la demande d\u2019\u00e9quipement, nous avons investi dans de nouveaux locaux de 25 600 m\u00b2 \u00e0 Tessenderlo, en Belgique. Nous aimerions vous faire visiter notre entreprise.<\/p>\n<p><strong>D\u00e9couvrez Sunward Europe et nos nouveaux locaux, pour mieux vous servir.<\/strong>[\/vc_column_text][\/vc_column][\/vc_row][vc_section full_width=&#8221;stretch_row&#8221; el_id=&#8221;section-1&#8243; el_class=&#8221;page-section&#8221; css=&#8221;.vc_custom_1625225596385{background-color: #f8fbfb !important;}&#8221;][vc_row full_width=&#8221;stretch_row&#8221; content_placement=&#8221;middle&#8221; css_animation=&#8221;fadeIn&#8221;][vc_column offset=&#8221;vc_col-lg-6 vc_col-md-6&#8243;][vc_single_image image=&#8221;2410&#8243; img_size=&#8221;full&#8221; el_class=&#8221;img-styled bottom left&#8221;][\/vc_column][vc_column offset=&#8221;vc_col-lg-6 vc_col-md-6&#8243; el_class=&#8221;text-col-right&#8221;][vc_custom_heading text=&#8221;<b>NOTRE STOCK<\/b><br \/>\nDE MACHINES&#8221; font_container=&#8221;tag:h2|font_size:48|text_align:left|color:%23008d84|line_height:58px&#8221; use_theme_fonts=&#8221;yes&#8221; css_animation=&#8221;fadeInUp&#8221; el_class=&#8221;text-uppercase&#8221;][vc_column_text css_animation=&#8221;fadeInUp&#8221;]Sur un total de 25\u00a0600 m\u00b2, 13\u00a0000 m\u00b2 sont couverts. La moiti\u00e9 de cette surface est d\u00e9di\u00e9e au stockage des \u00e9quipements et 3\u00a0000\u00a0m\u00b2 sont r\u00e9serv\u00e9s aux accessoires.<\/p>\n<p>Gr\u00e2ce \u00e0 notre capacit\u00e9 de stockage, nous sommes en mesure d\u2019assurer une disponibilit\u00e9 exceptionnelle de nos produits et donc une livraison rapide de nos machines et accessoires dans toute l\u2019Europe.[\/vc_column_text][\/vc_column][\/vc_row][vc_row full_width=&#8221;stretch_row&#8221; rtl_reverse=&#8221;yes&#8221; content_placement=&#8221;middle&#8221; css_animation=&#8221;fadeIn&#8221;][vc_column offset=&#8221;vc_col-lg-6 vc_col-md-6&#8243; el_class=&#8221;text-col-left&#8221;][vc_custom_heading text=&#8221;<b>L\u2019ENTREP\u00d4T DE PI\u00c8CES D\u2019ORIGINE <\/b><br \/>\nSUNWARD&#8221; font_container=&#8221;tag:h2|font_size:48|text_align:left|color:%23008d84|line_height:58px&#8221; use_theme_fonts=&#8221;yes&#8221; css_animation=&#8221;fadeInUp&#8221; el_class=&#8221;text-uppercase&#8221;][vc_column_text css_animation=&#8221;fadeInUp&#8221;]La disponibilit\u00e9 des pi\u00e8ces et la logistique sont cruciales et constituent une priorit\u00e9 pour Sunward. Sunward Europe garantit la disponibilit\u00e9 de 95\u00a0% de ses pi\u00e8ces d\u00e9tach\u00e9es avec une livraison en 24\u00a0h.<br \/>\nAfin de pouvoir assurer une telle excellence en termes de logistique des pi\u00e8ces avec un parc de machines augmentant de fa\u00e7on spectaculaire d\u2019ann\u00e9e en ann\u00e9e, la superficie de notre entrep\u00f4t de pi\u00e8ces devait suivre.<br \/>\nActuellement, notre grand entrep\u00f4t europ\u00e9en, facilement accessible et r\u00e9guli\u00e8rement approvisionn\u00e9, situ\u00e9 \u00e0 Tessenderlo en Belgique, couvre 2\u00a0600\u00a0m\u00b2, ce qui repr\u00e9sente plus de 3\u00a0000 palettes.[\/vc_column_text][\/vc_column][vc_column offset=&#8221;vc_col-lg-6 vc_col-md-6&#8243;][vc_single_image image=&#8221;2411&#8243; img_size=&#8221;full&#8221; alignment=&#8221;right&#8221; el_class=&#8221;img-styled bottom right&#8221;][\/vc_column][\/vc_row][\/vc_section][vc_section el_id=&#8221;section-2&#8243; el_class=&#8221;page-section&#8221;][vc_row full_width=&#8221;stretch_row&#8221; content_placement=&#8221;middle&#8221; css_animation=&#8221;fadeIn&#8221;][vc_column offset=&#8221;vc_col-lg-6 vc_col-md-6&#8243;][vc_single_image image=&#8221;930&#8243; img_size=&#8221;full&#8221; el_class=&#8221;img-styled bottom left&#8221;][\/vc_column][vc_column offset=&#8221;vc_col-lg-6 vc_col-md-6&#8243; el_class=&#8221;text-col-right&#8221;][vc_custom_heading text=&#8221;ADAPTATION<br \/>\n<b> AUX BESOINS EUROP\u00c9ENS<\/b>&#8221; font_container=&#8221;tag:h2|font_size:48|text_align:left|color:%23008d84|line_height:58px&#8221; use_theme_fonts=&#8221;yes&#8221; css_animation=&#8221;fadeInUp&#8221; el_class=&#8221;text-uppercase&#8221;][vc_column_text css_animation=&#8221;fadeInUp&#8221;]Les engins de Sunward Europe sont con\u00e7us et repens\u00e9s pour r\u00e9pondre aux besoins de nos clients au niveau territorial. Nous savons \u00e9couter et nous perfectionner.<br \/>\nAinsi, dans notre nouveau si\u00e8ge europ\u00e9en, nous avons \u00e9galement la possibilit\u00e9 de personnaliser les machines pour le march\u00e9 europ\u00e9en\u00a0: adaptation de tous les accessoires n\u00e9cessaires et options telles que des tiltrotators, syst\u00e8mes de graissage, syst\u00e8mes t\u00e9l\u00e9matiques, etc. Nos 1\u00a0500\u00a0m\u00b2 sont \u00e9quip\u00e9s de 3 ponts roulants. Nous disposons \u00e9galement de notre propre hall de peinture (500\u00a0m\u00b2), \u00e9quip\u00e9 de 2 ponts roulants et d\u2019une cabine de sablage.[\/vc_column_text][\/vc_column][\/vc_row][vc_row full_width=&#8221;stretch_row&#8221; rtl_reverse=&#8221;yes&#8221; content_placement=&#8221;middle&#8221; css_animation=&#8221;fadeIn&#8221;][vc_column offset=&#8221;vc_col-lg-6 vc_col-md-6&#8243; el_class=&#8221;text-col-left&#8221;][vc_custom_heading text=&#8221;<b>UNE \u00c9QUIPE D\u2019EXPERTS <\/b><br \/>\nINTERNATIONAUX&#8221; font_container=&#8221;tag:h2|font_size:48|text_align:left|color:%23008d84|line_height:58px&#8221; use_theme_fonts=&#8221;yes&#8221; css_animation=&#8221;fadeInUp&#8221; el_class=&#8221;text-uppercase&#8221;][vc_column_text css_animation=&#8221;fadeInUp&#8221;]Que vous parliez anglais, allemand, fran\u00e7ais, italien, n\u00e9erlandais, espagnol ou portugais, nos \u00e9quipes de ventes, d\u2019assistance technique et de formation sont \u00e0 votre disposition pour vous r\u00e9pondre.[\/vc_column_text][\/vc_column][vc_column offset=&#8221;vc_col-lg-6 vc_col-md-6&#8243;][vc_single_image image=&#8221;2422&#8243; img_size=&#8221;full&#8221; alignment=&#8221;right&#8221; el_class=&#8221;img-styled bottom right&#8221;][\/vc_column][\/vc_row][\/vc_section][vc_row full_width=&#8221;stretch_row&#8221; content_placement=&#8221;middle&#8221; css_animation=&#8221;fadeIn&#8221;][vc_column offset=&#8221;vc_col-lg-6 vc_col-md-6&#8243;][vc_single_image image=&#8221;2424&#8243; img_size=&#8221;full&#8221; el_class=&#8221;img-styled bottom left&#8221;][\/vc_column][vc_column offset=&#8221;vc_col-lg-6 vc_col-md-6&#8243; el_class=&#8221;text-col-right&#8221;][vc_custom_heading text=&#8221;<b>ZONE DE D\u00c9MONSTRATION <\/b><br \/>\nSUNWARD&#8221; font_container=&#8221;tag:h2|font_size:48|text_align:left|color:%23008d84|line_height:58px&#8221; use_theme_fonts=&#8221;yes&#8221; css_animation=&#8221;fadeInUp&#8221; el_class=&#8221;text-uppercase&#8221;][vc_column_text css_animation=&#8221;fadeInUp&#8221;]Le site de Tessenderlo dispose \u00e9galement d\u2019une zone de d\u00e9monstration de 2\u00a0000\u00a0m\u00b2, o\u00f9 nous pouvons pr\u00e9senter nos \u00e9quipements.<\/p>\n<p><strong>Essayez-les, vous n\u2019en reviendrez pas\u00a0! <\/strong><\/p>\n<p>Vous serez toujours bienvenus.[\/vc_column_text][\/vc_column][\/vc_row][vc_row full_width=&#8221;stretch_row&#8221; rtl_reverse=&#8221;yes&#8221; content_placement=&#8221;middle&#8221; css_animation=&#8221;fadeIn&#8221;][vc_column offset=&#8221;vc_col-lg-6 vc_col-md-6&#8243; el_class=&#8221;text-col-left&#8221;][vc_custom_heading text=&#8221;<b>CENTRE DE FORMATION <\/b><br \/>\nSUNWARD&#8221; font_container=&#8221;tag:h2|font_size:48|text_align:left|color:%23008d84|line_height:58px&#8221; use_theme_fonts=&#8221;yes&#8221; css_animation=&#8221;fadeInUp&#8221; el_class=&#8221;text-uppercase&#8221;][vc_column_text css_animation=&#8221;fadeInUp&#8221;]Il est essentiel pour nous de nous assurer que nos clients obtiennent des informations pr\u00e9cises et un service de qualit\u00e9 de la part de nos concessionnaires. Afin de garantir que leurs connaissances sont toujours \u00e0 la pointe de la technologie, la formation est l\u2019une de nos priorit\u00e9s. Nos formateurs et repr\u00e9sentants commerciaux y participent r\u00e9guli\u00e8rement. Mais nous avons \u00e9galement cr\u00e9\u00e9 la <strong>Sunward Academy<\/strong> , un centre de formation et d\u2019apprentissage.[\/vc_column_text][\/vc_column][vc_column offset=&#8221;vc_col-lg-6 vc_col-md-6&#8243;][vc_single_image image=&#8221;2415&#8243; img_size=&#8221;full&#8221; alignment=&#8221;right&#8221; el_class=&#8221;img-styled bottom right&#8221;][\/vc_column][\/vc_row][vc_section full_width=&#8221;stretch_row&#8221; css=&#8221;.vc_custom_1641900120452{background-position: 0 0 !important;background-repeat: no-repeat !important;}&#8221; el_id=&#8221;know-more-section&#8221;][vc_row el_id=&#8221;know-more&#8221; css=&#8221;.vc_custom_1641899831723{background-image: url(https:\/\/sunward.eu\/wp-content\/uploads\/2022\/01\/Website-Watch-the-movie-SUNWARD-EUROPE-1408x550px-2.png?id=936) !important;background-position: center !important;background-repeat: no-repeat !important;background-size: cover !important;}&#8221;][vc_column][vc_custom_heading text=&#8221;D\u00c9COUVREZ<br \/>\n<b> SUNWARD EUROPE<\/b>&#8221; font_container=&#8221;tag:h2|font_size:48|text_align:center|color:%23ffffff|line_height:53px&#8221; use_theme_fonts=&#8221;yes&#8221; css_animation=&#8221;fadeInUp&#8221; el_class=&#8221;text-uppercase&#8221;][vc_row_inner][vc_column_inner width=&#8221;1\/2&#8243;][vc_btn title=&#8221;Regarder la vid\u00e9o&#8221; style=&#8221;flat&#8221; color=&#8221;orange&#8221; size=&#8221;lg&#8221; align=&#8221;right&#8221; i_icon_fontawesome=&#8221;fas fa-ticket-alt&#8221; css_animation=&#8221;fadeIn&#8221; add_icon=&#8221;true&#8221; link=&#8221;url:http%3A%2F%2Fsunward.eu%2Fwp-content%2Fuploads%2F2022%2F08%2FSUNWARD-Europe-Corporate-Movie_SMALL.mp4|title:Discover%20Sunward%20Europe|target:%20_blank|&#8221;][\/vc_column_inner][vc_column_inner width=&#8221;1\/2&#8243;][vc_btn title=&#8221;Rencontrer l\u2019\u00e9quipe&#8221; style=&#8221;flat&#8221; color=&#8221;green&#8221; size=&#8221;lg&#8221; align=&#8221;left&#8221; i_icon_fontawesome=&#8221;fas fa-play&#8221; css_animation=&#8221;fadeIn&#8221; add_icon=&#8221;true&#8221; el_class=&#8221;btn-play&#8221; link=&#8221;url:http%3A%2F%2Fsunward.eu%2Fcompany%2Four-team-2%2F|title:Our%20team||&#8221;][\/vc_column_inner][\/vc_row_inner][\/vc_column][\/vc_row][\/vc_section]<\/p>\n<\/div>","protected":false},"excerpt":{"rendered":"<p>[vc_row full_width=&#8221;stretch_row&#8221; content_placement=&#8221;middle&#8221; css_animation=&#8221;fadeIn&#8221; css=&#8221;.vc_custom_1624962250059{background-color: #f8fbfb !important;}&#8221; el_id=&#8221;europe&#8221;][vc_column offset=&#8221;vc_col-lg-5 vc_col-md-5&#8243;][vc_single_image image=&#8221;909&#8243; img_size=&#8221;full&#8221; el_class=&#8221;img-styled bottom left&#8221;][\/vc_column][vc_column offset=&#8221;vc_col-lg-7 vc_col-md-7&#8243; el_class=&#8221;text-col-right&#8221;][vc_custom_heading text=&#8221;AU C\u0152UR DE L\u2019EUROPE POUR UNE VASTE COUVERTURE&#8221; font_container=&#8221;tag:h2|font_size:44|text_align:left|color:%23008d84|line_height:53px&#8221; use_theme_fonts=&#8221;yes&#8221; css_animation=&#8221;fadeInUp&#8221; el_class=&#8221;text-uppercase&#8221;][vc_column_text css_animation=&#8221;fadeInUp&#8221;]Sunward Europe Heavy Industry (Sunward Europe) a \u00e9t\u00e9 cr\u00e9\u00e9e en Belgique, en 2015. B\u00e9n\u00e9ficiant d\u2019une situation g\u00e9ographique id\u00e9ale, la Belgique ayant une position centrale en [&#8230;]<\/p>\n<p><a class=\"btn btn-secondary understrap-read-more-link\" href=\"https:\/\/sunward.eu\/fr\/company\/sunward-europe\/\">Lire la suite&#8230;<\/a><\/p>\n","protected":false},"author":1,"featured_media":908,"parent":543,"menu_order":0,"comment_status":"closed","ping_status":"closed","template":"","meta":{"_acf_changed":false,"inline_featured_image":false,"footnotes":""},"class_list":["post-472","page","type-page","status-publish","has-post-thumbnail","hentry"],"translation":{"provider":"WPGlobus","version":"2.12.2","language":"fr","enabled_languages":["en","de","fr","it"],"languages":{"en":{"title":true,"content":true,"excerpt":false},"de":{"title":true,"content":true,"excerpt":false},"fr":{"title":true,"content":true,"excerpt":false},"it":{"title":true,"content":true,"excerpt":false}}},"acf":[],"yoast_head":"<!-- This site is optimized with the Yoast SEO plugin v22.6 - https:\/\/yoast.com\/wordpress\/plugins\/seo\/ -->\n<title>Sunward en Europe - Sunward Europe (Official Website for EU &amp; UK)<\/title>\n<meta name=\"robots\" content=\"index, follow, max-snippet:-1, max-image-preview:large, max-video-preview:-1\" \/>\n<link rel=\"canonical\" href=\"https:\/\/sunward.eu\/company\/sunward-europe\/\" \/>\n<meta property=\"og:locale\" content=\"fr_FR\" \/>\n<meta property=\"og:type\" content=\"article\" \/>\n<meta property=\"og:title\" content=\"Sunward en Europe - Sunward Europe (Official Website for EU &amp; UK)\" \/>\n<meta property=\"og:url\" content=\"https:\/\/sunward.eu\/company\/sunward-europe\/\" \/>\n<meta property=\"og:site_name\" content=\"Sunward Europe (Official Website for EU &amp; UK)\" \/>\n<meta property=\"article:modified_time\" content=\"2023-01-17T14:39:26+00:00\" \/>\n<meta property=\"og:image\" content=\"https:\/\/sunward.eu\/wp-content\/uploads\/2022\/01\/SUNWARD_SUNWARD-EUROPE_Website-Top-Banner-2560x534px-1024x214.png\" \/>\n\t<meta property=\"og:image:width\" content=\"1024\" \/>\n\t<meta property=\"og:image:height\" content=\"214\" \/>\n\t<meta property=\"og:image:type\" content=\"image\/png\" \/>\n<meta name=\"twitter:card\" content=\"summary_large_image\" \/>\n<meta name=\"twitter:label1\" content=\"Est. reading time\" \/>\n\t<meta name=\"twitter:data1\" content=\"4 minutes\" \/>\n<script type=\"application\/ld+json\" class=\"yoast-schema-graph\">{\"@context\":\"https:\/\/schema.org\",\"@graph\":[{\"@type\":\"WebPage\",\"@id\":\"https:\/\/sunward.eu\/company\/sunward-europe\/\",\"url\":\"https:\/\/sunward.eu\/company\/sunward-europe\/\",\"name\":\"Sunward en Europe - Sunward Europe (Official Website for EU &amp; UK)\",\"isPartOf\":{\"@id\":\"https:\/\/sunward.eu\/#website\"},\"primaryImageOfPage\":{\"@id\":\"https:\/\/sunward.eu\/company\/sunward-europe\/#primaryimage\"},\"image\":{\"@id\":\"https:\/\/sunward.eu\/company\/sunward-europe\/#primaryimage\"},\"thumbnailUrl\":\"https:\/\/sunward.eu\/wp-content\/uploads\/2022\/01\/SUNWARD_SUNWARD-EUROPE_Website-Top-Banner-2560x534px.png\",\"datePublished\":\"2021-06-29T09:43:35+00:00\",\"dateModified\":\"2023-01-17T14:39:26+00:00\",\"breadcrumb\":{\"@id\":\"https:\/\/sunward.eu\/company\/sunward-europe\/#breadcrumb\"},\"inLanguage\":\"fr-FR\",\"potentialAction\":[{\"@type\":\"ReadAction\",\"target\":[\"https:\/\/sunward.eu\/company\/sunward-europe\/\"]}]},{\"@type\":\"ImageObject\",\"inLanguage\":\"fr-FR\",\"@id\":\"https:\/\/sunward.eu\/company\/sunward-europe\/#primaryimage\",\"url\":\"https:\/\/sunward.eu\/wp-content\/uploads\/2022\/01\/SUNWARD_SUNWARD-EUROPE_Website-Top-Banner-2560x534px.png\",\"contentUrl\":\"https:\/\/sunward.eu\/wp-content\/uploads\/2022\/01\/SUNWARD_SUNWARD-EUROPE_Website-Top-Banner-2560x534px.png\",\"width\":3840,\"height\":801},{\"@type\":\"BreadcrumbList\",\"@id\":\"https:\/\/sunward.eu\/company\/sunward-europe\/#breadcrumb\",\"itemListElement\":[{\"@type\":\"ListItem\",\"position\":1,\"name\":\"Home\",\"item\":\"https:\/\/sunward.eu\/\"},{\"@type\":\"ListItem\",\"position\":2,\"name\":\"Company\",\"item\":\"https:\/\/sunward.eu\/company\/\"},{\"@type\":\"ListItem\",\"position\":3,\"name\":\"Sunward Europe\"}]},{\"@type\":\"WebSite\",\"@id\":\"https:\/\/sunward.eu\/#website\",\"url\":\"https:\/\/sunward.eu\/\",\"name\":\"Sunward Europe (Official Website for EU &amp; UK)\",\"description\":\"The smart choice\",\"publisher\":{\"@id\":\"https:\/\/sunward.eu\/#organization\"},\"potentialAction\":[{\"@type\":\"SearchAction\",\"target\":{\"@type\":\"EntryPoint\",\"urlTemplate\":\"https:\/\/sunward.eu\/?s={search_term_string}\"},\"query-input\":\"required name=search_term_string\"}],\"inLanguage\":\"fr-FR\"},{\"@type\":\"Organization\",\"@id\":\"https:\/\/sunward.eu\/#organization\",\"name\":\"Sunward Europe (Official Website for EU &amp; UK)\",\"url\":\"https:\/\/sunward.eu\/\",\"logo\":{\"@type\":\"ImageObject\",\"inLanguage\":\"fr-FR\",\"@id\":\"https:\/\/sunward.eu\/#\/schema\/logo\/image\/\",\"url\":\"https:\/\/sunward.eu\/wp-content\/uploads\/2022\/01\/Website_Sunward_logo_top_180x63px.png\",\"contentUrl\":\"https:\/\/sunward.eu\/wp-content\/uploads\/2022\/01\/Website_Sunward_logo_top_180x63px.png\",\"width\":180,\"height\":63,\"caption\":\"Sunward Europe (Official Website for EU &amp; UK)\"},\"image\":{\"@id\":\"https:\/\/sunward.eu\/#\/schema\/logo\/image\/\"}}]}<\/script>\n<!-- \/ Yoast SEO plugin. -->","yoast_head_json":{"title":"Sunward en Europe - Sunward Europe (Official Website for EU &amp; UK)","robots":{"index":"index","follow":"follow","max-snippet":"max-snippet:-1","max-image-preview":"max-image-preview:large","max-video-preview":"max-video-preview:-1"},"canonical":"https:\/\/sunward.eu\/company\/sunward-europe\/","og_locale":"fr_FR","og_type":"article","og_title":"Sunward en Europe - Sunward Europe (Official Website for EU &amp; UK)","og_url":"https:\/\/sunward.eu\/company\/sunward-europe\/","og_site_name":"Sunward Europe (Official Website for EU &amp; UK)","article_modified_time":"2023-01-17T14:39:26+00:00","og_image":[{"width":1024,"height":214,"url":"https:\/\/sunward.eu\/wp-content\/uploads\/2022\/01\/SUNWARD_SUNWARD-EUROPE_Website-Top-Banner-2560x534px-1024x214.png","type":"image\/png"}],"twitter_card":"summary_large_image","twitter_misc":{"Est. reading time":"4 minutes"},"schema":{"@context":"https:\/\/schema.org","@graph":[{"@type":"WebPage","@id":"https:\/\/sunward.eu\/company\/sunward-europe\/","url":"https:\/\/sunward.eu\/company\/sunward-europe\/","name":"Sunward en Europe - Sunward Europe (Official Website for EU &amp; UK)","isPartOf":{"@id":"https:\/\/sunward.eu\/#website"},"primaryImageOfPage":{"@id":"https:\/\/sunward.eu\/company\/sunward-europe\/#primaryimage"},"image":{"@id":"https:\/\/sunward.eu\/company\/sunward-europe\/#primaryimage"},"thumbnailUrl":"https:\/\/sunward.eu\/wp-content\/uploads\/2022\/01\/SUNWARD_SUNWARD-EUROPE_Website-Top-Banner-2560x534px.png","datePublished":"2021-06-29T09:43:35+00:00","dateModified":"2023-01-17T14:39:26+00:00","breadcrumb":{"@id":"https:\/\/sunward.eu\/company\/sunward-europe\/#breadcrumb"},"inLanguage":"fr-FR","potentialAction":[{"@type":"ReadAction","target":["https:\/\/sunward.eu\/company\/sunward-europe\/"]}]},{"@type":"ImageObject","inLanguage":"fr-FR","@id":"https:\/\/sunward.eu\/company\/sunward-europe\/#primaryimage","url":"https:\/\/sunward.eu\/wp-content\/uploads\/2022\/01\/SUNWARD_SUNWARD-EUROPE_Website-Top-Banner-2560x534px.png","contentUrl":"https:\/\/sunward.eu\/wp-content\/uploads\/2022\/01\/SUNWARD_SUNWARD-EUROPE_Website-Top-Banner-2560x534px.png","width":3840,"height":801},{"@type":"BreadcrumbList","@id":"https:\/\/sunward.eu\/company\/sunward-europe\/#breadcrumb","itemListElement":[{"@type":"ListItem","position":1,"name":"Home","item":"https:\/\/sunward.eu\/"},{"@type":"ListItem","position":2,"name":"Company","item":"https:\/\/sunward.eu\/company\/"},{"@type":"ListItem","position":3,"name":"Sunward Europe"}]},{"@type":"WebSite","@id":"https:\/\/sunward.eu\/#website","url":"https:\/\/sunward.eu\/","name":"Sunward Europe (Official Website for EU &amp; UK)","description":"The smart choice","publisher":{"@id":"https:\/\/sunward.eu\/#organization"},"potentialAction":[{"@type":"SearchAction","target":{"@type":"EntryPoint","urlTemplate":"https:\/\/sunward.eu\/?s={search_term_string}"},"query-input":"required name=search_term_string"}],"inLanguage":"fr-FR"},{"@type":"Organization","@id":"https:\/\/sunward.eu\/#organization","name":"Sunward Europe (Official Website for EU &amp; UK)","url":"https:\/\/sunward.eu\/","logo":{"@type":"ImageObject","inLanguage":"fr-FR","@id":"https:\/\/sunward.eu\/#\/schema\/logo\/image\/","url":"https:\/\/sunward.eu\/wp-content\/uploads\/2022\/01\/Website_Sunward_logo_top_180x63px.png","contentUrl":"https:\/\/sunward.eu\/wp-content\/uploads\/2022\/01\/Website_Sunward_logo_top_180x63px.png","width":180,"height":63,"caption":"Sunward Europe (Official Website for EU &amp; UK)"},"image":{"@id":"https:\/\/sunward.eu\/#\/schema\/logo\/image\/"}}]}},"_links":{"self":[{"href":"https:\/\/sunward.eu\/fr\/wp-json\/wp\/v2\/pages\/472","targetHints":{"allow":["GET"]}}],"collection":[{"href":"https:\/\/sunward.eu\/fr\/wp-json\/wp\/v2\/pages"}],"about":[{"href":"https:\/\/sunward.eu\/fr\/wp-json\/wp\/v2\/types\/page"}],"author":[{"embeddable":true,"href":"https:\/\/sunward.eu\/fr\/wp-json\/wp\/v2\/users\/1"}],"replies":[{"embeddable":true,"href":"https:\/\/sunward.eu\/fr\/wp-json\/wp\/v2\/comments?post=472"}],"version-history":[{"count":63,"href":"https:\/\/sunward.eu\/fr\/wp-json\/wp\/v2\/pages\/472\/revisions"}],"predecessor-version":[{"id":2970,"href":"https:\/\/sunward.eu\/fr\/wp-json\/wp\/v2\/pages\/472\/revisions\/2970"}],"up":[{"embeddable":true,"href":"https:\/\/sunward.eu\/fr\/wp-json\/wp\/v2\/pages\/543"}],"wp:featuredmedia":[{"embeddable":true,"href":"https:\/\/sunward.eu\/fr\/wp-json\/wp\/v2\/media\/908"}],"wp:attachment":[{"href":"https:\/\/sunward.eu\/fr\/wp-json\/wp\/v2\/media?parent=472"}],"curies":[{"name":"wp","href":"https:\/\/api.w.org\/{rel}","templated":true}]}}