{"id":2067,"date":"2022-02-01T11:47:41","date_gmt":"2022-02-01T10:47:41","guid":{"rendered":"https:\/\/sunward.eu\/?page_id=2067"},"modified":"2022-07-29T14:30:08","modified_gmt":"2022-07-29T12:30:08","slug":"smart-fleet","status":"publish","type":"page","link":"https:\/\/sunward.eu\/fr\/service-parts\/smart-fleet\/","title":{"rendered":"Smart Fleet"},"content":{"rendered":"<div class=\"wpb-content-wrapper\"><p>[vc_section full_width=&#8221;stretch_row&#8221; el_id=&#8221;section-1&#8243;][vc_row full_width=&#8221;stretch_row&#8221; el_class=&#8221;section-content&#8221; css=&#8221;.vc_custom_1643804540427{padding-top: 10px !important;padding-bottom: 10px !important;background-color: #f3f5f5 !important;}&#8221;][vc_column][vc_custom_heading text=&#8221;<b>T\u00c9L\u00c9MATIQUE<\/b><br \/>\nSUNWARD&#8221; font_container=&#8221;tag:h2|font_size:48|text_align:center|color:%23008d84|line_height:47px&#8221; use_theme_fonts=&#8221;yes&#8221; css_animation=&#8221;fadeInUp&#8221; el_class=&#8221;text-uppercase&#8221;][vc_column_text]<\/p>\n<h4 style=\"text-align: center;\">SUNWARD Smart Fleet est un syst\u00e8me t\u00e9l\u00e9matique utilisant des r\u00e9seaux de capteurs pour surveiller divers aspects de la performance des machines Sunward et assurant une correction des erreurs \u00e0 distance, ainsi qu\u2019une maintenance pr\u00e9ventive.<\/h4>\n<p>[\/vc_column_text][vc_column_text]<\/p>\n<p class=\"_04xlpA direction-ltr align-start para-style-body\" style=\"text-align: center;\">La solution SUNWARD Smart Fleet est fournie en coop\u00e9ration avec Jaltest, une marque du groupe espagnol COJALI.<\/p>\n<p>[\/vc_column_text][\/vc_column][\/vc_row][\/vc_section][vc_section full_width=&#8221;stretch_row&#8221; el_id=&#8221;section-2&#8243; css=&#8221;.vc_custom_1643214025510{margin-top: 0px !important;border-top-width: 0px !important;padding-top: 0px !important;}&#8221;][vc_row full_width=&#8221;stretch_row&#8221; content_placement=&#8221;middle&#8221; css_animation=&#8221;fadeIn&#8221;][vc_column offset=&#8221;vc_col-lg-5 vc_col-md-5&#8243;][vc_single_image image=&#8221;2076&#8243; img_size=&#8221;full&#8221; style=&#8221;vc_box_rounded&#8221;][\/vc_column][vc_column offset=&#8221;vc_col-lg-7 vc_col-md-7&#8243;][vc_custom_heading text=&#8221;<b>INSTALLATION<\/b> FACILE&#8221; font_container=&#8221;tag:h2|font_size:48|text_align:left|color:%23008d84|line_height:47px&#8221; use_theme_fonts=&#8221;yes&#8221; css_animation=&#8221;fadeInUp&#8221; el_class=&#8221;text-uppercase&#8221;][vc_column_text css_animation=&#8221;fadeInUp&#8221;]Le bo\u00eetier t\u00e9l\u00e9matique Jaltest est directement connect\u00e9 aux syst\u00e8me CANBUS des machines et aliment\u00e9 par la machine.<\/p>\n<p>L\u2019antenne GPS est \u00e0 relier \u00e0 l\u2019interface T-VOD et doit \u00eatre cach\u00e9e, afin de ne pas g\u00eaner la visibilit\u00e9 de l\u2019op\u00e9rateur. L\u2019ensemble du syst\u00e8me est non-invasif pour le client et l\u2019op\u00e9rateur.[\/vc_column_text][\/vc_column][\/vc_row][vc_row full_width=&#8221;stretch_row&#8221; rtl_reverse=&#8221;yes&#8221; content_placement=&#8221;middle&#8221; css_animation=&#8221;fadeIn&#8221;][vc_column offset=&#8221;vc_col-lg-7 vc_col-md-7&#8243;][vc_custom_heading text=&#8221;<b>UNE EXPERIENCE<\/b> OPTIMIS\u00c9E&#8221; font_container=&#8221;tag:h2|font_size:48|text_align:left|color:%23008d84|line_height:58px&#8221; use_theme_fonts=&#8221;yes&#8221; css_animation=&#8221;fadeInUp&#8221; el_class=&#8221;text-uppercase&#8221;][vc_column_text css_animation=&#8221;fadeInUp&#8221;]Le syst\u00e8me SUNWARD Smart Fleet optimise consid\u00e9rablement l\u2019exp\u00e9rience des utilisateurs de SUNWARD en combinant des unit\u00e9s t\u00e9l\u00e9matiques et de diagnostic embarqu\u00e9es.<\/p>\n<p>L\u2019un des principaux avantages du syst\u00e8me est de permettre de localiser les pannes et de r\u00e9aliser des sessions de diagnostic \u00e0 distance. Connect\u00e9 \u00e0 la prise de diagnostic (connecteur OBD), le syst\u00e8me peut interagir avec les unit\u00e9s de commande (ECU) de la pelle et demander les donn\u00e9es pertinentes aux diff\u00e9rents syst\u00e8mes, sans devoir passer par le garage.<\/p>\n<p>D\u2019un coup d&#8217;\u0153il, il est ais\u00e9 de v\u00e9rifier l\u2019\u00e9tat de diagnostic de toutes les machines appartenant \u00e0 la flotte et de rep\u00e9rer les machines pour lesquelles une erreur de diagnostic a \u00e9t\u00e9 identifi\u00e9e. En cas d\u2019erreur de diagnostic, les mesures appropri\u00e9es peuvent \u00eatre mises en \u0153uvre, en fonction du niveau de gravit\u00e9.[\/vc_column_text][\/vc_column][vc_column offset=&#8221;vc_col-lg-5 vc_col-md-5&#8243;][vc_single_image image=&#8221;2077&#8243; img_size=&#8221;full&#8221; alignment=&#8221;right&#8221; style=&#8221;vc_box_rounded&#8221;][\/vc_column][\/vc_row][\/vc_section]<\/p>\n<\/div>","protected":false},"excerpt":{"rendered":"<p>[vc_section full_width=&#8221;stretch_row&#8221; el_id=&#8221;section-1&#8243;][vc_row full_width=&#8221;stretch_row&#8221; el_class=&#8221;section-content&#8221; css=&#8221;.vc_custom_1643804540427{padding-top: 10px !important;padding-bottom: 10px !important;background-color: #f3f5f5 !important;}&#8221;][vc_column][vc_custom_heading text=&#8221;T\u00c9L\u00c9MATIQUE SUNWARD&#8221; font_container=&#8221;tag:h2|font_size:48|text_align:center|color:%23008d84|line_height:47px&#8221; use_theme_fonts=&#8221;yes&#8221; css_animation=&#8221;fadeInUp&#8221; el_class=&#8221;text-uppercase&#8221;][vc_column_text] SUNWARD Smart Fleet est un syst\u00e8me t\u00e9l\u00e9matique utilisant des r\u00e9seaux de capteurs pour surveiller divers aspects de la performance des machines Sunward et assurant une correction des erreurs \u00e0 distance, ainsi qu\u2019une maintenance pr\u00e9ventive. [\/vc_column_text][vc_column_text] La solution [&#8230;]<\/p>\n<p><a class=\"btn btn-secondary understrap-read-more-link\" href=\"https:\/\/sunward.eu\/fr\/service-parts\/smart-fleet\/\">Lire la suite&#8230;<\/a><\/p>\n","protected":false},"author":3,"featured_media":2073,"parent":535,"menu_order":0,"comment_status":"closed","ping_status":"closed","template":"","meta":{"_acf_changed":false,"inline_featured_image":false,"footnotes":""},"class_list":["post-2067","page","type-page","status-publish","has-post-thumbnail","hentry"],"translation":{"provider":"WPGlobus","version":"2.12.2","language":"fr","enabled_languages":["en","de","fr","it"],"languages":{"en":{"title":true,"content":true,"excerpt":false},"de":{"title":true,"content":true,"excerpt":false},"fr":{"title":true,"content":true,"excerpt":false},"it":{"title":false,"content":true,"excerpt":false}}},"acf":[],"yoast_head":"<!-- This site is optimized with the Yoast SEO plugin v22.6 - https:\/\/yoast.com\/wordpress\/plugins\/seo\/ -->\n<title>Smart Fleet - Sunward Europe (Official Website for EU &amp; UK)<\/title>\n<meta name=\"robots\" content=\"index, follow, max-snippet:-1, max-image-preview:large, max-video-preview:-1\" \/>\n<link rel=\"canonical\" href=\"https:\/\/sunward.eu\/service-parts\/smart-fleet\/\" \/>\n<meta property=\"og:locale\" content=\"fr_FR\" \/>\n<meta property=\"og:type\" content=\"article\" \/>\n<meta property=\"og:title\" content=\"Smart Fleet - Sunward Europe (Official Website for EU &amp; UK)\" \/>\n<meta property=\"og:url\" content=\"https:\/\/sunward.eu\/service-parts\/smart-fleet\/\" \/>\n<meta property=\"og:site_name\" content=\"Sunward Europe (Official Website for EU &amp; UK)\" \/>\n<meta property=\"article:modified_time\" content=\"2022-07-29T12:30:08+00:00\" \/>\n<meta property=\"og:image\" content=\"https:\/\/sunward.eu\/wp-content\/uploads\/2022\/02\/Sunward_SMART-FLEET.png\" \/>\n\t<meta property=\"og:image:width\" content=\"2560\" \/>\n\t<meta property=\"og:image:height\" content=\"534\" \/>\n\t<meta property=\"og:image:type\" content=\"image\/png\" \/>\n<meta name=\"twitter:card\" content=\"summary_large_image\" \/>\n<meta name=\"twitter:label1\" content=\"Est. reading time\" \/>\n\t<meta name=\"twitter:data1\" content=\"3 minutes\" \/>\n<script type=\"application\/ld+json\" class=\"yoast-schema-graph\">{\"@context\":\"https:\/\/schema.org\",\"@graph\":[{\"@type\":\"WebPage\",\"@id\":\"https:\/\/sunward.eu\/service-parts\/smart-fleet\/\",\"url\":\"https:\/\/sunward.eu\/service-parts\/smart-fleet\/\",\"name\":\"Smart Fleet - Sunward Europe (Official Website for EU &amp; UK)\",\"isPartOf\":{\"@id\":\"https:\/\/sunward.eu\/#website\"},\"primaryImageOfPage\":{\"@id\":\"https:\/\/sunward.eu\/service-parts\/smart-fleet\/#primaryimage\"},\"image\":{\"@id\":\"https:\/\/sunward.eu\/service-parts\/smart-fleet\/#primaryimage\"},\"thumbnailUrl\":\"https:\/\/sunward.eu\/wp-content\/uploads\/2022\/02\/Sunward_SMART-FLEET.png\",\"datePublished\":\"2022-02-01T10:47:41+00:00\",\"dateModified\":\"2022-07-29T12:30:08+00:00\",\"breadcrumb\":{\"@id\":\"https:\/\/sunward.eu\/service-parts\/smart-fleet\/#breadcrumb\"},\"inLanguage\":\"fr-FR\",\"potentialAction\":[{\"@type\":\"ReadAction\",\"target\":[\"https:\/\/sunward.eu\/service-parts\/smart-fleet\/\"]}]},{\"@type\":\"ImageObject\",\"inLanguage\":\"fr-FR\",\"@id\":\"https:\/\/sunward.eu\/service-parts\/smart-fleet\/#primaryimage\",\"url\":\"https:\/\/sunward.eu\/wp-content\/uploads\/2022\/02\/Sunward_SMART-FLEET.png\",\"contentUrl\":\"https:\/\/sunward.eu\/wp-content\/uploads\/2022\/02\/Sunward_SMART-FLEET.png\",\"width\":2560,\"height\":534},{\"@type\":\"BreadcrumbList\",\"@id\":\"https:\/\/sunward.eu\/service-parts\/smart-fleet\/#breadcrumb\",\"itemListElement\":[{\"@type\":\"ListItem\",\"position\":1,\"name\":\"Home\",\"item\":\"https:\/\/sunward.eu\/\"},{\"@type\":\"ListItem\",\"position\":2,\"name\":\"Service &#038; Parts\",\"item\":\"https:\/\/sunward.eu\/service-parts\/\"},{\"@type\":\"ListItem\",\"position\":3,\"name\":\"Smart Fleet\"}]},{\"@type\":\"WebSite\",\"@id\":\"https:\/\/sunward.eu\/#website\",\"url\":\"https:\/\/sunward.eu\/\",\"name\":\"Sunward Europe (Official Website for EU &amp; UK)\",\"description\":\"The smart choice\",\"publisher\":{\"@id\":\"https:\/\/sunward.eu\/#organization\"},\"potentialAction\":[{\"@type\":\"SearchAction\",\"target\":{\"@type\":\"EntryPoint\",\"urlTemplate\":\"https:\/\/sunward.eu\/?s={search_term_string}\"},\"query-input\":\"required name=search_term_string\"}],\"inLanguage\":\"fr-FR\"},{\"@type\":\"Organization\",\"@id\":\"https:\/\/sunward.eu\/#organization\",\"name\":\"Sunward Europe (Official Website for EU &amp; UK)\",\"url\":\"https:\/\/sunward.eu\/\",\"logo\":{\"@type\":\"ImageObject\",\"inLanguage\":\"fr-FR\",\"@id\":\"https:\/\/sunward.eu\/#\/schema\/logo\/image\/\",\"url\":\"https:\/\/sunward.eu\/wp-content\/uploads\/2022\/01\/Website_Sunward_logo_top_180x63px.png\",\"contentUrl\":\"https:\/\/sunward.eu\/wp-content\/uploads\/2022\/01\/Website_Sunward_logo_top_180x63px.png\",\"width\":180,\"height\":63,\"caption\":\"Sunward Europe (Official Website for EU &amp; UK)\"},\"image\":{\"@id\":\"https:\/\/sunward.eu\/#\/schema\/logo\/image\/\"}}]}<\/script>\n<!-- \/ Yoast SEO plugin. -->","yoast_head_json":{"title":"Smart Fleet - Sunward Europe (Official Website for EU &amp; UK)","robots":{"index":"index","follow":"follow","max-snippet":"max-snippet:-1","max-image-preview":"max-image-preview:large","max-video-preview":"max-video-preview:-1"},"canonical":"https:\/\/sunward.eu\/service-parts\/smart-fleet\/","og_locale":"fr_FR","og_type":"article","og_title":"Smart Fleet - Sunward Europe (Official Website for EU &amp; UK)","og_url":"https:\/\/sunward.eu\/service-parts\/smart-fleet\/","og_site_name":"Sunward Europe (Official Website for EU &amp; UK)","article_modified_time":"2022-07-29T12:30:08+00:00","og_image":[{"width":2560,"height":534,"url":"https:\/\/sunward.eu\/wp-content\/uploads\/2022\/02\/Sunward_SMART-FLEET.png","type":"image\/png"}],"twitter_card":"summary_large_image","twitter_misc":{"Est. reading time":"3 minutes"},"schema":{"@context":"https:\/\/schema.org","@graph":[{"@type":"WebPage","@id":"https:\/\/sunward.eu\/service-parts\/smart-fleet\/","url":"https:\/\/sunward.eu\/service-parts\/smart-fleet\/","name":"Smart Fleet - Sunward Europe (Official Website for EU &amp; UK)","isPartOf":{"@id":"https:\/\/sunward.eu\/#website"},"primaryImageOfPage":{"@id":"https:\/\/sunward.eu\/service-parts\/smart-fleet\/#primaryimage"},"image":{"@id":"https:\/\/sunward.eu\/service-parts\/smart-fleet\/#primaryimage"},"thumbnailUrl":"https:\/\/sunward.eu\/wp-content\/uploads\/2022\/02\/Sunward_SMART-FLEET.png","datePublished":"2022-02-01T10:47:41+00:00","dateModified":"2022-07-29T12:30:08+00:00","breadcrumb":{"@id":"https:\/\/sunward.eu\/service-parts\/smart-fleet\/#breadcrumb"},"inLanguage":"fr-FR","potentialAction":[{"@type":"ReadAction","target":["https:\/\/sunward.eu\/service-parts\/smart-fleet\/"]}]},{"@type":"ImageObject","inLanguage":"fr-FR","@id":"https:\/\/sunward.eu\/service-parts\/smart-fleet\/#primaryimage","url":"https:\/\/sunward.eu\/wp-content\/uploads\/2022\/02\/Sunward_SMART-FLEET.png","contentUrl":"https:\/\/sunward.eu\/wp-content\/uploads\/2022\/02\/Sunward_SMART-FLEET.png","width":2560,"height":534},{"@type":"BreadcrumbList","@id":"https:\/\/sunward.eu\/service-parts\/smart-fleet\/#breadcrumb","itemListElement":[{"@type":"ListItem","position":1,"name":"Home","item":"https:\/\/sunward.eu\/"},{"@type":"ListItem","position":2,"name":"Service &#038; Parts","item":"https:\/\/sunward.eu\/service-parts\/"},{"@type":"ListItem","position":3,"name":"Smart Fleet"}]},{"@type":"WebSite","@id":"https:\/\/sunward.eu\/#website","url":"https:\/\/sunward.eu\/","name":"Sunward Europe (Official Website for EU &amp; UK)","description":"The smart choice","publisher":{"@id":"https:\/\/sunward.eu\/#organization"},"potentialAction":[{"@type":"SearchAction","target":{"@type":"EntryPoint","urlTemplate":"https:\/\/sunward.eu\/?s={search_term_string}"},"query-input":"required name=search_term_string"}],"inLanguage":"fr-FR"},{"@type":"Organization","@id":"https:\/\/sunward.eu\/#organization","name":"Sunward Europe (Official Website for EU &amp; UK)","url":"https:\/\/sunward.eu\/","logo":{"@type":"ImageObject","inLanguage":"fr-FR","@id":"https:\/\/sunward.eu\/#\/schema\/logo\/image\/","url":"https:\/\/sunward.eu\/wp-content\/uploads\/2022\/01\/Website_Sunward_logo_top_180x63px.png","contentUrl":"https:\/\/sunward.eu\/wp-content\/uploads\/2022\/01\/Website_Sunward_logo_top_180x63px.png","width":180,"height":63,"caption":"Sunward Europe (Official Website for EU &amp; UK)"},"image":{"@id":"https:\/\/sunward.eu\/#\/schema\/logo\/image\/"}}]}},"_links":{"self":[{"href":"https:\/\/sunward.eu\/fr\/wp-json\/wp\/v2\/pages\/2067","targetHints":{"allow":["GET"]}}],"collection":[{"href":"https:\/\/sunward.eu\/fr\/wp-json\/wp\/v2\/pages"}],"about":[{"href":"https:\/\/sunward.eu\/fr\/wp-json\/wp\/v2\/types\/page"}],"author":[{"embeddable":true,"href":"https:\/\/sunward.eu\/fr\/wp-json\/wp\/v2\/users\/3"}],"replies":[{"embeddable":true,"href":"https:\/\/sunward.eu\/fr\/wp-json\/wp\/v2\/comments?post=2067"}],"version-history":[{"count":17,"href":"https:\/\/sunward.eu\/fr\/wp-json\/wp\/v2\/pages\/2067\/revisions"}],"predecessor-version":[{"id":2637,"href":"https:\/\/sunward.eu\/fr\/wp-json\/wp\/v2\/pages\/2067\/revisions\/2637"}],"up":[{"embeddable":true,"href":"https:\/\/sunward.eu\/fr\/wp-json\/wp\/v2\/pages\/535"}],"wp:featuredmedia":[{"embeddable":true,"href":"https:\/\/sunward.eu\/fr\/wp-json\/wp\/v2\/media\/2073"}],"wp:attachment":[{"href":"https:\/\/sunward.eu\/fr\/wp-json\/wp\/v2\/media?parent=2067"}],"curies":[{"name":"wp","href":"https:\/\/api.w.org\/{rel}","templated":true}]}}