{"id":2058,"date":"2022-01-31T15:26:47","date_gmt":"2022-01-31T14:26:47","guid":{"rendered":"https:\/\/sunward.eu\/?page_id=2058"},"modified":"2022-07-29T14:44:27","modified_gmt":"2022-07-29T12:44:27","slug":"spare-parts","status":"publish","type":"page","link":"https:\/\/sunward.eu\/fr\/service-parts\/spare-parts\/","title":{"rendered":"Pi\u00e8ces d\u00e9tach\u00e9es"},"content":{"rendered":"<div class=\"wpb-content-wrapper\"><p>[vc_section full_width=&#8221;stretch_row&#8221; el_id=&#8221;section-1&#8243;][vc_row][vc_column][vc_column_text]<\/p>\n<p style=\"text-align: center;\">Les pi\u00e8ces d&#8217;origine Sunward sont con\u00e7ues, test\u00e9es et produites pour offrir des performances, une durabilit\u00e9 et une s\u00e9curit\u00e9 optimales.<\/p>\n<p style=\"text-align: center;\">Depuis son si\u00e8ge de Tessenderlo, Sunward Europe peut assurer une livraison rapide de pi\u00e8ces de rechange partout en Europe. Les op\u00e9rateurs de machines Sunward b\u00e9n\u00e9ficient d&#8217;un acc\u00e8s rapide et facile au grand centre de distribution Dealers&#8217; Parts Warehouse (DPW) \u00e0 Tessenderlo.<\/p>\n<p>[\/vc_column_text][\/vc_column][\/vc_row][vc_row][vc_column][vc_custom_heading text=&#8221;SUNWARD EUROPE GARANTIT<br \/>\n<b>UN TAUX DE DISPONIBILIT\u00c9 DE 95%<\/b><br \/>\nPOUR SES PI\u00c8CES DE RECHANGE.&#8221; font_container=&#8221;tag:h2|font_size:48|text_align:center|color:%23008d84|line_height:47px&#8221; use_theme_fonts=&#8221;yes&#8221;][\/vc_column][\/vc_row][\/vc_section][vc_row][vc_column width=&#8221;1\/6&#8243;][vc_single_image image=&#8221;2382&#8243; img_size=&#8221;medium&#8221; alignment=&#8221;center&#8221; style=&#8221;vc_box_rounded&#8221;][vc_custom_heading text=&#8221;BATTERIES&#8221; font_container=&#8221;tag:h3|font_size:20|text_align:center|color:%23008d84|line_height:19px&#8221; use_theme_fonts=&#8221;yes&#8221;][\/vc_column][vc_column width=&#8221;1\/6&#8243;][vc_single_image image=&#8221;2384&#8243; img_size=&#8221;medium&#8221; alignment=&#8221;center&#8221; style=&#8221;vc_box_rounded&#8221;][vc_custom_heading text=&#8221;PI\u00c8CES MOTEUR&#8221; font_container=&#8221;tag:h3|font_size:20|text_align:center|color:%23008d84|line_height:19px&#8221; use_theme_fonts=&#8221;yes&#8221;][\/vc_column][vc_column width=&#8221;1\/6&#8243;][vc_single_image image=&#8221;2385&#8243; img_size=&#8221;medium&#8221; alignment=&#8221;center&#8221; style=&#8221;vc_box_rounded&#8221;][vc_custom_heading text=&#8221;FILTRES&#8221; font_container=&#8221;tag:h3|font_size:20|text_align:center|color:%23008d84|line_height:19px&#8221; use_theme_fonts=&#8221;yes&#8221;][\/vc_column][vc_column width=&#8221;1\/6&#8243;][vc_single_image image=&#8221;2386&#8243; img_size=&#8221;medium&#8221; alignment=&#8221;center&#8221; style=&#8221;vc_box_rounded&#8221;][vc_custom_heading text=&#8221;LUBRIFIANTS&#8221; font_container=&#8221;tag:h3|font_size:20|text_align:center|color:%23008d84|line_height:19px&#8221; use_theme_fonts=&#8221;yes&#8221;][\/vc_column][vc_column width=&#8221;1\/6&#8243;][vc_single_image image=&#8221;2396&#8243; img_size=&#8221;medium&#8221; alignment=&#8221;center&#8221; style=&#8221;vc_box_rounded&#8221;][vc_custom_heading text=&#8221;PEINTURE&#8221; font_container=&#8221;tag:h3|font_size:20|text_align:center|color:%23008d84|line_height:19px&#8221; use_theme_fonts=&#8221;yes&#8221;][\/vc_column][vc_column width=&#8221;1\/6&#8243;][vc_single_image image=&#8221;2388&#8243; img_size=&#8221;medium&#8221; alignment=&#8221;center&#8221; style=&#8221;vc_box_rounded&#8221;][vc_custom_heading text=&#8221;GOUPILLES &amp; DOUILLES&#8221; font_container=&#8221;tag:h3|font_size:20|text_align:center|color:%23008d84|line_height:19px&#8221; use_theme_fonts=&#8221;yes&#8221;][\/vc_column][\/vc_row][vc_row][vc_column width=&#8221;1\/6&#8243;][vc_single_image image=&#8221;2390&#8243; img_size=&#8221;medium&#8221; alignment=&#8221;center&#8221; style=&#8221;vc_box_rounded&#8221;][vc_custom_heading text=&#8221;CH\u00c2SSIS&#8221; font_container=&#8221;tag:h3|font_size:20|text_align:center|color:%23008d84|line_height:19px&#8221; use_theme_fonts=&#8221;yes&#8221;][\/vc_column][vc_column width=&#8221;1\/6&#8243;][vc_single_image image=&#8221;2389&#8243; img_size=&#8221;medium&#8221; alignment=&#8221;center&#8221; style=&#8221;vc_box_rounded&#8221;][vc_custom_heading text=&#8221;CHENILLES&#8221; font_container=&#8221;tag:h3|font_size:20|text_align:center|color:%23008d84|line_height:19px&#8221; use_theme_fonts=&#8221;yes&#8221;][\/vc_column][vc_column width=&#8221;1\/6&#8243;][vc_single_image image=&#8221;2383&#8243; img_size=&#8221;medium&#8221; alignment=&#8221;center&#8221; style=&#8221;vc_box_rounded&#8221;][vc_custom_heading text=&#8221;DENTS DE GODET&#8221; font_container=&#8221;tag:h3|font_size:20|text_align:center|color:%23008d84|line_height:19px&#8221; use_theme_fonts=&#8221;yes&#8221;][\/vc_column][vc_column width=&#8221;1\/6&#8243;][vc_single_image image=&#8221;2392&#8243; img_size=&#8221;medium&#8221; alignment=&#8221;center&#8221; style=&#8221;vc_box_rounded&#8221;][vc_custom_heading text=&#8221;GODETS&#8221; font_container=&#8221;tag:h3|font_size:20|text_align:center|color:%23008d84|line_height:19px&#8221; use_theme_fonts=&#8221;yes&#8221;][\/vc_column][vc_column width=&#8221;1\/6&#8243;][vc_single_image image=&#8221;2395&#8243; img_size=&#8221;medium&#8221; alignment=&#8221;center&#8221; style=&#8221;vc_box_rounded&#8221;][vc_custom_heading text=&#8221;BRH&#8221; font_container=&#8221;tag:h3|font_size:20|text_align:center|color:%23008d84|line_height:19px&#8221; use_theme_fonts=&#8221;yes&#8221;][\/vc_column][vc_column width=&#8221;1\/6&#8243;][\/vc_column][\/vc_row]<\/p>\n<\/div>","protected":false},"excerpt":{"rendered":"<p>[vc_section full_width=&#8221;stretch_row&#8221; el_id=&#8221;section-1&#8243;][vc_row][vc_column][vc_column_text] Les pi\u00e8ces d&#8217;origine Sunward sont con\u00e7ues, test\u00e9es et produites pour offrir des performances, une durabilit\u00e9 et une s\u00e9curit\u00e9 optimales. Depuis son si\u00e8ge de Tessenderlo, Sunward Europe peut assurer une livraison rapide de pi\u00e8ces de rechange partout en Europe. Les op\u00e9rateurs de machines Sunward b\u00e9n\u00e9ficient d&#8217;un acc\u00e8s rapide et facile au grand centre [&#8230;]<\/p>\n<p><a class=\"btn btn-secondary understrap-read-more-link\" href=\"https:\/\/sunward.eu\/fr\/service-parts\/spare-parts\/\">Lire la suite&#8230;<\/a><\/p>\n","protected":false},"author":3,"featured_media":1988,"parent":535,"menu_order":0,"comment_status":"closed","ping_status":"closed","template":"","meta":{"_acf_changed":false,"inline_featured_image":false,"footnotes":""},"class_list":["post-2058","page","type-page","status-publish","has-post-thumbnail","hentry"],"translation":{"provider":"WPGlobus","version":"2.12.2","language":"fr","enabled_languages":["en","de","fr","it"],"languages":{"en":{"title":true,"content":true,"excerpt":false},"de":{"title":true,"content":true,"excerpt":false},"fr":{"title":true,"content":true,"excerpt":false},"it":{"title":true,"content":true,"excerpt":false}}},"acf":[],"yoast_head":"<!-- This site is optimized with the Yoast SEO plugin v22.6 - https:\/\/yoast.com\/wordpress\/plugins\/seo\/ -->\n<title>Pi\u00e8ces d\u00e9tach\u00e9es - Sunward Europe (Official Website for EU &amp; UK)<\/title>\n<meta name=\"robots\" content=\"index, follow, max-snippet:-1, max-image-preview:large, max-video-preview:-1\" \/>\n<link rel=\"canonical\" href=\"https:\/\/sunward.eu\/service-parts\/spare-parts\/\" \/>\n<meta property=\"og:locale\" content=\"fr_FR\" \/>\n<meta property=\"og:type\" content=\"article\" \/>\n<meta property=\"og:title\" content=\"Pi\u00e8ces d\u00e9tach\u00e9es - Sunward Europe (Official Website for EU &amp; UK)\" \/>\n<meta property=\"og:url\" content=\"https:\/\/sunward.eu\/service-parts\/spare-parts\/\" \/>\n<meta property=\"og:site_name\" content=\"Sunward Europe (Official Website for EU &amp; UK)\" \/>\n<meta property=\"article:modified_time\" content=\"2022-07-29T12:44:27+00:00\" \/>\n<meta property=\"og:image\" content=\"https:\/\/sunward.eu\/wp-content\/uploads\/2022\/01\/Sunward_SERVICE-KITS.png\" \/>\n\t<meta property=\"og:image:width\" content=\"2560\" \/>\n\t<meta property=\"og:image:height\" content=\"534\" \/>\n\t<meta property=\"og:image:type\" content=\"image\/png\" \/>\n<meta name=\"twitter:card\" content=\"summary_large_image\" \/>\n<meta name=\"twitter:label1\" content=\"Est. reading time\" \/>\n\t<meta name=\"twitter:data1\" content=\"3 minutes\" \/>\n<script type=\"application\/ld+json\" class=\"yoast-schema-graph\">{\"@context\":\"https:\/\/schema.org\",\"@graph\":[{\"@type\":\"WebPage\",\"@id\":\"https:\/\/sunward.eu\/service-parts\/spare-parts\/\",\"url\":\"https:\/\/sunward.eu\/service-parts\/spare-parts\/\",\"name\":\"Pi\u00e8ces d\u00e9tach\u00e9es - Sunward Europe (Official Website for EU &amp; UK)\",\"isPartOf\":{\"@id\":\"https:\/\/sunward.eu\/#website\"},\"primaryImageOfPage\":{\"@id\":\"https:\/\/sunward.eu\/service-parts\/spare-parts\/#primaryimage\"},\"image\":{\"@id\":\"https:\/\/sunward.eu\/service-parts\/spare-parts\/#primaryimage\"},\"thumbnailUrl\":\"https:\/\/sunward.eu\/wp-content\/uploads\/2022\/01\/Sunward_SERVICE-KITS.png\",\"datePublished\":\"2022-01-31T14:26:47+00:00\",\"dateModified\":\"2022-07-29T12:44:27+00:00\",\"breadcrumb\":{\"@id\":\"https:\/\/sunward.eu\/service-parts\/spare-parts\/#breadcrumb\"},\"inLanguage\":\"fr-FR\",\"potentialAction\":[{\"@type\":\"ReadAction\",\"target\":[\"https:\/\/sunward.eu\/service-parts\/spare-parts\/\"]}]},{\"@type\":\"ImageObject\",\"inLanguage\":\"fr-FR\",\"@id\":\"https:\/\/sunward.eu\/service-parts\/spare-parts\/#primaryimage\",\"url\":\"https:\/\/sunward.eu\/wp-content\/uploads\/2022\/01\/Sunward_SERVICE-KITS.png\",\"contentUrl\":\"https:\/\/sunward.eu\/wp-content\/uploads\/2022\/01\/Sunward_SERVICE-KITS.png\",\"width\":2560,\"height\":534},{\"@type\":\"BreadcrumbList\",\"@id\":\"https:\/\/sunward.eu\/service-parts\/spare-parts\/#breadcrumb\",\"itemListElement\":[{\"@type\":\"ListItem\",\"position\":1,\"name\":\"Home\",\"item\":\"https:\/\/sunward.eu\/\"},{\"@type\":\"ListItem\",\"position\":2,\"name\":\"Service &#038; Parts\",\"item\":\"https:\/\/sunward.eu\/service-parts\/\"},{\"@type\":\"ListItem\",\"position\":3,\"name\":\"Spare Parts\"}]},{\"@type\":\"WebSite\",\"@id\":\"https:\/\/sunward.eu\/#website\",\"url\":\"https:\/\/sunward.eu\/\",\"name\":\"Sunward Europe (Official Website for EU &amp; UK)\",\"description\":\"The smart choice\",\"publisher\":{\"@id\":\"https:\/\/sunward.eu\/#organization\"},\"potentialAction\":[{\"@type\":\"SearchAction\",\"target\":{\"@type\":\"EntryPoint\",\"urlTemplate\":\"https:\/\/sunward.eu\/?s={search_term_string}\"},\"query-input\":\"required name=search_term_string\"}],\"inLanguage\":\"fr-FR\"},{\"@type\":\"Organization\",\"@id\":\"https:\/\/sunward.eu\/#organization\",\"name\":\"Sunward Europe (Official Website for EU &amp; UK)\",\"url\":\"https:\/\/sunward.eu\/\",\"logo\":{\"@type\":\"ImageObject\",\"inLanguage\":\"fr-FR\",\"@id\":\"https:\/\/sunward.eu\/#\/schema\/logo\/image\/\",\"url\":\"https:\/\/sunward.eu\/wp-content\/uploads\/2022\/01\/Website_Sunward_logo_top_180x63px.png\",\"contentUrl\":\"https:\/\/sunward.eu\/wp-content\/uploads\/2022\/01\/Website_Sunward_logo_top_180x63px.png\",\"width\":180,\"height\":63,\"caption\":\"Sunward Europe (Official Website for EU &amp; UK)\"},\"image\":{\"@id\":\"https:\/\/sunward.eu\/#\/schema\/logo\/image\/\"}}]}<\/script>\n<!-- \/ Yoast SEO plugin. -->","yoast_head_json":{"title":"Pi\u00e8ces d\u00e9tach\u00e9es - Sunward Europe (Official Website for EU &amp; UK)","robots":{"index":"index","follow":"follow","max-snippet":"max-snippet:-1","max-image-preview":"max-image-preview:large","max-video-preview":"max-video-preview:-1"},"canonical":"https:\/\/sunward.eu\/service-parts\/spare-parts\/","og_locale":"fr_FR","og_type":"article","og_title":"Pi\u00e8ces d\u00e9tach\u00e9es - Sunward Europe (Official Website for EU &amp; UK)","og_url":"https:\/\/sunward.eu\/service-parts\/spare-parts\/","og_site_name":"Sunward Europe (Official Website for EU &amp; UK)","article_modified_time":"2022-07-29T12:44:27+00:00","og_image":[{"width":2560,"height":534,"url":"https:\/\/sunward.eu\/wp-content\/uploads\/2022\/01\/Sunward_SERVICE-KITS.png","type":"image\/png"}],"twitter_card":"summary_large_image","twitter_misc":{"Est. reading time":"3 minutes"},"schema":{"@context":"https:\/\/schema.org","@graph":[{"@type":"WebPage","@id":"https:\/\/sunward.eu\/service-parts\/spare-parts\/","url":"https:\/\/sunward.eu\/service-parts\/spare-parts\/","name":"Pi\u00e8ces d\u00e9tach\u00e9es - Sunward Europe (Official Website for EU &amp; UK)","isPartOf":{"@id":"https:\/\/sunward.eu\/#website"},"primaryImageOfPage":{"@id":"https:\/\/sunward.eu\/service-parts\/spare-parts\/#primaryimage"},"image":{"@id":"https:\/\/sunward.eu\/service-parts\/spare-parts\/#primaryimage"},"thumbnailUrl":"https:\/\/sunward.eu\/wp-content\/uploads\/2022\/01\/Sunward_SERVICE-KITS.png","datePublished":"2022-01-31T14:26:47+00:00","dateModified":"2022-07-29T12:44:27+00:00","breadcrumb":{"@id":"https:\/\/sunward.eu\/service-parts\/spare-parts\/#breadcrumb"},"inLanguage":"fr-FR","potentialAction":[{"@type":"ReadAction","target":["https:\/\/sunward.eu\/service-parts\/spare-parts\/"]}]},{"@type":"ImageObject","inLanguage":"fr-FR","@id":"https:\/\/sunward.eu\/service-parts\/spare-parts\/#primaryimage","url":"https:\/\/sunward.eu\/wp-content\/uploads\/2022\/01\/Sunward_SERVICE-KITS.png","contentUrl":"https:\/\/sunward.eu\/wp-content\/uploads\/2022\/01\/Sunward_SERVICE-KITS.png","width":2560,"height":534},{"@type":"BreadcrumbList","@id":"https:\/\/sunward.eu\/service-parts\/spare-parts\/#breadcrumb","itemListElement":[{"@type":"ListItem","position":1,"name":"Home","item":"https:\/\/sunward.eu\/"},{"@type":"ListItem","position":2,"name":"Service &#038; Parts","item":"https:\/\/sunward.eu\/service-parts\/"},{"@type":"ListItem","position":3,"name":"Spare Parts"}]},{"@type":"WebSite","@id":"https:\/\/sunward.eu\/#website","url":"https:\/\/sunward.eu\/","name":"Sunward Europe (Official Website for EU &amp; UK)","description":"The smart choice","publisher":{"@id":"https:\/\/sunward.eu\/#organization"},"potentialAction":[{"@type":"SearchAction","target":{"@type":"EntryPoint","urlTemplate":"https:\/\/sunward.eu\/?s={search_term_string}"},"query-input":"required name=search_term_string"}],"inLanguage":"fr-FR"},{"@type":"Organization","@id":"https:\/\/sunward.eu\/#organization","name":"Sunward Europe (Official Website for EU &amp; UK)","url":"https:\/\/sunward.eu\/","logo":{"@type":"ImageObject","inLanguage":"fr-FR","@id":"https:\/\/sunward.eu\/#\/schema\/logo\/image\/","url":"https:\/\/sunward.eu\/wp-content\/uploads\/2022\/01\/Website_Sunward_logo_top_180x63px.png","contentUrl":"https:\/\/sunward.eu\/wp-content\/uploads\/2022\/01\/Website_Sunward_logo_top_180x63px.png","width":180,"height":63,"caption":"Sunward Europe (Official Website for EU &amp; UK)"},"image":{"@id":"https:\/\/sunward.eu\/#\/schema\/logo\/image\/"}}]}},"_links":{"self":[{"href":"https:\/\/sunward.eu\/fr\/wp-json\/wp\/v2\/pages\/2058","targetHints":{"allow":["GET"]}}],"collection":[{"href":"https:\/\/sunward.eu\/fr\/wp-json\/wp\/v2\/pages"}],"about":[{"href":"https:\/\/sunward.eu\/fr\/wp-json\/wp\/v2\/types\/page"}],"author":[{"embeddable":true,"href":"https:\/\/sunward.eu\/fr\/wp-json\/wp\/v2\/users\/3"}],"replies":[{"embeddable":true,"href":"https:\/\/sunward.eu\/fr\/wp-json\/wp\/v2\/comments?post=2058"}],"version-history":[{"count":15,"href":"https:\/\/sunward.eu\/fr\/wp-json\/wp\/v2\/pages\/2058\/revisions"}],"predecessor-version":[{"id":2640,"href":"https:\/\/sunward.eu\/fr\/wp-json\/wp\/v2\/pages\/2058\/revisions\/2640"}],"up":[{"embeddable":true,"href":"https:\/\/sunward.eu\/fr\/wp-json\/wp\/v2\/pages\/535"}],"wp:featuredmedia":[{"embeddable":true,"href":"https:\/\/sunward.eu\/fr\/wp-json\/wp\/v2\/media\/1988"}],"wp:attachment":[{"href":"https:\/\/sunward.eu\/fr\/wp-json\/wp\/v2\/media?parent=2058"}],"curies":[{"name":"wp","href":"https:\/\/api.w.org\/{rel}","templated":true}]}}