{"id":1968,"date":"2022-01-26T15:50:56","date_gmt":"2022-01-26T14:50:56","guid":{"rendered":"https:\/\/sunward.eu\/?page_id=1968"},"modified":"2022-07-29T13:45:04","modified_gmt":"2022-07-29T11:45:04","slug":"logistic","status":"publish","type":"page","link":"https:\/\/sunward.eu\/fr\/service-parts\/logistic\/","title":{"rendered":"Logistique"},"content":{"rendered":"<div class=\"wpb-content-wrapper\"><p>[vc_row full_width=&#8221;stretch_row&#8221; content_placement=&#8221;middle&#8221; css_animation=&#8221;fadeIn&#8221; css=&#8221;.vc_custom_1624962250059{background-color: #f8fbfb !important;}&#8221; el_id=&#8221;europe&#8221;][vc_column offset=&#8221;vc_col-lg-5 vc_col-md-5&#8243;][vc_single_image image=&#8221;909&#8243; img_size=&#8221;full&#8221; el_class=&#8221;img-styled bottom left&#8221;][\/vc_column][vc_column offset=&#8221;vc_col-lg-7 vc_col-md-7&#8243; el_class=&#8221;text-col-right&#8221;][vc_custom_heading text=&#8221;AU C\u0152UR DE L\u2019EUROPE<br \/>\n<b>POUR UNE VASTE COUVERTURE<\/b>&#8221; font_container=&#8221;tag:h2|font_size:44|text_align:left|color:%23008d84|line_height:53px&#8221; use_theme_fonts=&#8221;yes&#8221; css_animation=&#8221;fadeInUp&#8221; el_class=&#8221;text-uppercase&#8221;][vc_column_text css_animation=&#8221;fadeInUp&#8221;]Sunward Europe Heavy Industry (Sunward Europe) a \u00e9t\u00e9 cr\u00e9\u00e9e en Belgique, en 2015. B\u00e9n\u00e9ficiant d\u2019une situation g\u00e9ographique id\u00e9ale, la Belgique ayant une position centrale en Europe, Sunward Europe est seulement \u00e0 45\u00a0minutes de l\u2019a\u00e9roport international de Bruxelles et \u00e0 1\u00a0h du port d\u2019Anvers (Antwerp), ce qui nous permet de livrer du mat\u00e9riel et des pi\u00e8ces d\u00e9tach\u00e9es dans toute l\u2019Europe et au Moyen-Orient en 24\u00a0h.[\/vc_column_text][\/vc_column][\/vc_row][vc_section full_width=&#8221;stretch_row&#8221; el_id=&#8221;section-1&#8243; el_class=&#8221;page-section&#8221; css=&#8221;.vc_custom_1625225596385{background-color: #f8fbfb !important;}&#8221;][vc_row full_width=&#8221;stretch_row&#8221; content_placement=&#8221;middle&#8221; css_animation=&#8221;fadeIn&#8221;][vc_column offset=&#8221;vc_col-lg-6 vc_col-md-6&#8243;][vc_single_image image=&#8221;2410&#8243; img_size=&#8221;full&#8221; el_class=&#8221;img-styled bottom left&#8221;][\/vc_column][vc_column offset=&#8221;vc_col-lg-6 vc_col-md-6&#8243; el_class=&#8221;text-col-right&#8221;][vc_custom_heading text=&#8221;<b>STOCK<\/b><br \/>\nDE MACHINES SUNWARD&#8221; font_container=&#8221;tag:h2|font_size:48|text_align:left|color:%23008d84|line_height:58px&#8221; use_theme_fonts=&#8221;yes&#8221; css_animation=&#8221;fadeInUp&#8221; el_class=&#8221;text-uppercase&#8221;][vc_column_text css_animation=&#8221;fadeInUp&#8221;]Sur un total de 25\u00a0600 m\u00b2, 13\u00a0000 m\u00b2 sont couverts. La moiti\u00e9 de cette surface est d\u00e9di\u00e9e au stockage des \u00e9quipements et 3\u00a0000\u00a0m\u00b2 sont r\u00e9serv\u00e9s aux accessoires.<\/p>\n<p>Gr\u00e2ce \u00e0 notre capacit\u00e9 de stockage, nous sommes en mesure d\u2019assurer une disponibilit\u00e9 exceptionnelle de nos produits et donc une livraison rapide de nos machines et accessoires dans toute l\u2019Europe.[\/vc_column_text][\/vc_column][\/vc_row][vc_row full_width=&#8221;stretch_row&#8221; rtl_reverse=&#8221;yes&#8221; content_placement=&#8221;middle&#8221; css_animation=&#8221;fadeIn&#8221;][vc_column offset=&#8221;vc_col-lg-6 vc_col-md-6&#8243; el_class=&#8221;text-col-left&#8221;][vc_custom_heading text=&#8221;<b>L\u2019ENTREP\u00d4T DE PI\u00c8CES D\u2019ORIGINE <\/b><br \/>\nSUNWARD&#8221; font_container=&#8221;tag:h2|font_size:48|text_align:left|color:%23008d84|line_height:58px&#8221; use_theme_fonts=&#8221;yes&#8221; css_animation=&#8221;fadeInUp&#8221; el_class=&#8221;text-uppercase&#8221;][vc_column_text css_animation=&#8221;fadeInUp&#8221;]La disponibilit\u00e9 des pi\u00e8ces et la logistique sont cruciales et constituent une priorit\u00e9 pour Sunward. Sunward Europe garantit la disponibilit\u00e9 de 95\u00a0% de ses pi\u00e8ces d\u00e9tach\u00e9es avec une livraison en 24\u00a0h.<\/p>\n<p>Afin de pouvoir assurer une telle excellence en termes de logistique des pi\u00e8ces avec un parc de machines augmentant de fa\u00e7on spectaculaire d\u2019ann\u00e9e en ann\u00e9e, la superficie de notre entrep\u00f4t de pi\u00e8ces devait suivre.<\/p>\n<p>Actuellement, notre grand entrep\u00f4t europ\u00e9en, facilement accessible et r\u00e9guli\u00e8rement approvisionn\u00e9, situ\u00e9 \u00e0 Tessenderlo en Belgique, couvre 2\u00a0600\u00a0m\u00b2, ce qui repr\u00e9sente plus de 3\u00a0000 palettes.[\/vc_column_text][\/vc_column][vc_column offset=&#8221;vc_col-lg-6 vc_col-md-6&#8243;][vc_single_image image=&#8221;2411&#8243; img_size=&#8221;full&#8221; alignment=&#8221;right&#8221; el_class=&#8221;img-styled bottom right&#8221;][\/vc_column][\/vc_row][\/vc_section]<\/p>\n<\/div>","protected":false},"excerpt":{"rendered":"<p>[vc_row full_width=&#8221;stretch_row&#8221; content_placement=&#8221;middle&#8221; css_animation=&#8221;fadeIn&#8221; css=&#8221;.vc_custom_1624962250059{background-color: #f8fbfb !important;}&#8221; el_id=&#8221;europe&#8221;][vc_column offset=&#8221;vc_col-lg-5 vc_col-md-5&#8243;][vc_single_image image=&#8221;909&#8243; img_size=&#8221;full&#8221; el_class=&#8221;img-styled bottom left&#8221;][\/vc_column][vc_column offset=&#8221;vc_col-lg-7 vc_col-md-7&#8243; el_class=&#8221;text-col-right&#8221;][vc_custom_heading text=&#8221;AU C\u0152UR DE L\u2019EUROPE POUR UNE VASTE COUVERTURE&#8221; font_container=&#8221;tag:h2|font_size:44|text_align:left|color:%23008d84|line_height:53px&#8221; use_theme_fonts=&#8221;yes&#8221; css_animation=&#8221;fadeInUp&#8221; el_class=&#8221;text-uppercase&#8221;][vc_column_text css_animation=&#8221;fadeInUp&#8221;]Sunward Europe Heavy Industry (Sunward Europe) a \u00e9t\u00e9 cr\u00e9\u00e9e en Belgique, en 2015. B\u00e9n\u00e9ficiant d\u2019une situation g\u00e9ographique id\u00e9ale, la Belgique ayant une position centrale en [&#8230;]<\/p>\n<p><a class=\"btn btn-secondary understrap-read-more-link\" href=\"https:\/\/sunward.eu\/fr\/service-parts\/logistic\/\">Lire la suite&#8230;<\/a><\/p>\n","protected":false},"author":3,"featured_media":1861,"parent":535,"menu_order":0,"comment_status":"closed","ping_status":"closed","template":"","meta":{"_acf_changed":false,"inline_featured_image":false,"footnotes":""},"class_list":["post-1968","page","type-page","status-publish","has-post-thumbnail","hentry"],"translation":{"provider":"WPGlobus","version":"2.12.2","language":"fr","enabled_languages":["en","de","fr","it"],"languages":{"en":{"title":true,"content":true,"excerpt":false},"de":{"title":true,"content":true,"excerpt":false},"fr":{"title":true,"content":true,"excerpt":false},"it":{"title":true,"content":true,"excerpt":false}}},"acf":[],"yoast_head":"<!-- This site is optimized with the Yoast SEO plugin v22.6 - https:\/\/yoast.com\/wordpress\/plugins\/seo\/ -->\n<title>Logistique - Sunward Europe (Official Website for EU &amp; UK)<\/title>\n<meta name=\"robots\" content=\"index, follow, max-snippet:-1, max-image-preview:large, max-video-preview:-1\" \/>\n<link rel=\"canonical\" href=\"https:\/\/sunward.eu\/service-parts\/logistic\/\" \/>\n<meta property=\"og:locale\" content=\"fr_FR\" \/>\n<meta property=\"og:type\" content=\"article\" \/>\n<meta property=\"og:title\" content=\"Logistique - Sunward Europe (Official Website for EU &amp; UK)\" \/>\n<meta property=\"og:url\" content=\"https:\/\/sunward.eu\/service-parts\/logistic\/\" \/>\n<meta property=\"og:site_name\" content=\"Sunward Europe (Official Website for EU &amp; UK)\" \/>\n<meta property=\"article:modified_time\" content=\"2022-07-29T11:45:04+00:00\" \/>\n<meta property=\"og:image\" content=\"https:\/\/sunward.eu\/wp-content\/uploads\/2022\/01\/Website-Top-Banner-Finance-2560x534px.png\" \/>\n\t<meta property=\"og:image:width\" content=\"2560\" \/>\n\t<meta property=\"og:image:height\" content=\"534\" \/>\n\t<meta property=\"og:image:type\" content=\"image\/png\" \/>\n<meta name=\"twitter:card\" content=\"summary_large_image\" \/>\n<meta name=\"twitter:label1\" content=\"Est. reading time\" \/>\n\t<meta name=\"twitter:data1\" content=\"3 minutes\" \/>\n<script type=\"application\/ld+json\" class=\"yoast-schema-graph\">{\"@context\":\"https:\/\/schema.org\",\"@graph\":[{\"@type\":\"WebPage\",\"@id\":\"https:\/\/sunward.eu\/service-parts\/logistic\/\",\"url\":\"https:\/\/sunward.eu\/service-parts\/logistic\/\",\"name\":\"Logistique - Sunward Europe (Official Website for EU &amp; UK)\",\"isPartOf\":{\"@id\":\"https:\/\/sunward.eu\/#website\"},\"primaryImageOfPage\":{\"@id\":\"https:\/\/sunward.eu\/service-parts\/logistic\/#primaryimage\"},\"image\":{\"@id\":\"https:\/\/sunward.eu\/service-parts\/logistic\/#primaryimage\"},\"thumbnailUrl\":\"https:\/\/sunward.eu\/wp-content\/uploads\/2022\/01\/Website-Top-Banner-Finance-2560x534px.png\",\"datePublished\":\"2022-01-26T14:50:56+00:00\",\"dateModified\":\"2022-07-29T11:45:04+00:00\",\"breadcrumb\":{\"@id\":\"https:\/\/sunward.eu\/service-parts\/logistic\/#breadcrumb\"},\"inLanguage\":\"fr-FR\",\"potentialAction\":[{\"@type\":\"ReadAction\",\"target\":[\"https:\/\/sunward.eu\/service-parts\/logistic\/\"]}]},{\"@type\":\"ImageObject\",\"inLanguage\":\"fr-FR\",\"@id\":\"https:\/\/sunward.eu\/service-parts\/logistic\/#primaryimage\",\"url\":\"https:\/\/sunward.eu\/wp-content\/uploads\/2022\/01\/Website-Top-Banner-Finance-2560x534px.png\",\"contentUrl\":\"https:\/\/sunward.eu\/wp-content\/uploads\/2022\/01\/Website-Top-Banner-Finance-2560x534px.png\",\"width\":2560,\"height\":534},{\"@type\":\"BreadcrumbList\",\"@id\":\"https:\/\/sunward.eu\/service-parts\/logistic\/#breadcrumb\",\"itemListElement\":[{\"@type\":\"ListItem\",\"position\":1,\"name\":\"Home\",\"item\":\"https:\/\/sunward.eu\/\"},{\"@type\":\"ListItem\",\"position\":2,\"name\":\"Service &#038; Parts\",\"item\":\"https:\/\/sunward.eu\/service-parts\/\"},{\"@type\":\"ListItem\",\"position\":3,\"name\":\"Logistic\"}]},{\"@type\":\"WebSite\",\"@id\":\"https:\/\/sunward.eu\/#website\",\"url\":\"https:\/\/sunward.eu\/\",\"name\":\"Sunward Europe (Official Website for EU &amp; UK)\",\"description\":\"The smart choice\",\"publisher\":{\"@id\":\"https:\/\/sunward.eu\/#organization\"},\"potentialAction\":[{\"@type\":\"SearchAction\",\"target\":{\"@type\":\"EntryPoint\",\"urlTemplate\":\"https:\/\/sunward.eu\/?s={search_term_string}\"},\"query-input\":\"required name=search_term_string\"}],\"inLanguage\":\"fr-FR\"},{\"@type\":\"Organization\",\"@id\":\"https:\/\/sunward.eu\/#organization\",\"name\":\"Sunward Europe (Official Website for EU &amp; UK)\",\"url\":\"https:\/\/sunward.eu\/\",\"logo\":{\"@type\":\"ImageObject\",\"inLanguage\":\"fr-FR\",\"@id\":\"https:\/\/sunward.eu\/#\/schema\/logo\/image\/\",\"url\":\"https:\/\/sunward.eu\/wp-content\/uploads\/2022\/01\/Website_Sunward_logo_top_180x63px.png\",\"contentUrl\":\"https:\/\/sunward.eu\/wp-content\/uploads\/2022\/01\/Website_Sunward_logo_top_180x63px.png\",\"width\":180,\"height\":63,\"caption\":\"Sunward Europe (Official Website for EU &amp; UK)\"},\"image\":{\"@id\":\"https:\/\/sunward.eu\/#\/schema\/logo\/image\/\"}}]}<\/script>\n<!-- \/ Yoast SEO plugin. -->","yoast_head_json":{"title":"Logistique - Sunward Europe (Official Website for EU &amp; UK)","robots":{"index":"index","follow":"follow","max-snippet":"max-snippet:-1","max-image-preview":"max-image-preview:large","max-video-preview":"max-video-preview:-1"},"canonical":"https:\/\/sunward.eu\/service-parts\/logistic\/","og_locale":"fr_FR","og_type":"article","og_title":"Logistique - Sunward Europe (Official Website for EU &amp; UK)","og_url":"https:\/\/sunward.eu\/service-parts\/logistic\/","og_site_name":"Sunward Europe (Official Website for EU &amp; UK)","article_modified_time":"2022-07-29T11:45:04+00:00","og_image":[{"width":2560,"height":534,"url":"https:\/\/sunward.eu\/wp-content\/uploads\/2022\/01\/Website-Top-Banner-Finance-2560x534px.png","type":"image\/png"}],"twitter_card":"summary_large_image","twitter_misc":{"Est. reading time":"3 minutes"},"schema":{"@context":"https:\/\/schema.org","@graph":[{"@type":"WebPage","@id":"https:\/\/sunward.eu\/service-parts\/logistic\/","url":"https:\/\/sunward.eu\/service-parts\/logistic\/","name":"Logistique - Sunward Europe (Official Website for EU &amp; UK)","isPartOf":{"@id":"https:\/\/sunward.eu\/#website"},"primaryImageOfPage":{"@id":"https:\/\/sunward.eu\/service-parts\/logistic\/#primaryimage"},"image":{"@id":"https:\/\/sunward.eu\/service-parts\/logistic\/#primaryimage"},"thumbnailUrl":"https:\/\/sunward.eu\/wp-content\/uploads\/2022\/01\/Website-Top-Banner-Finance-2560x534px.png","datePublished":"2022-01-26T14:50:56+00:00","dateModified":"2022-07-29T11:45:04+00:00","breadcrumb":{"@id":"https:\/\/sunward.eu\/service-parts\/logistic\/#breadcrumb"},"inLanguage":"fr-FR","potentialAction":[{"@type":"ReadAction","target":["https:\/\/sunward.eu\/service-parts\/logistic\/"]}]},{"@type":"ImageObject","inLanguage":"fr-FR","@id":"https:\/\/sunward.eu\/service-parts\/logistic\/#primaryimage","url":"https:\/\/sunward.eu\/wp-content\/uploads\/2022\/01\/Website-Top-Banner-Finance-2560x534px.png","contentUrl":"https:\/\/sunward.eu\/wp-content\/uploads\/2022\/01\/Website-Top-Banner-Finance-2560x534px.png","width":2560,"height":534},{"@type":"BreadcrumbList","@id":"https:\/\/sunward.eu\/service-parts\/logistic\/#breadcrumb","itemListElement":[{"@type":"ListItem","position":1,"name":"Home","item":"https:\/\/sunward.eu\/"},{"@type":"ListItem","position":2,"name":"Service &#038; Parts","item":"https:\/\/sunward.eu\/service-parts\/"},{"@type":"ListItem","position":3,"name":"Logistic"}]},{"@type":"WebSite","@id":"https:\/\/sunward.eu\/#website","url":"https:\/\/sunward.eu\/","name":"Sunward Europe (Official Website for EU &amp; UK)","description":"The smart choice","publisher":{"@id":"https:\/\/sunward.eu\/#organization"},"potentialAction":[{"@type":"SearchAction","target":{"@type":"EntryPoint","urlTemplate":"https:\/\/sunward.eu\/?s={search_term_string}"},"query-input":"required name=search_term_string"}],"inLanguage":"fr-FR"},{"@type":"Organization","@id":"https:\/\/sunward.eu\/#organization","name":"Sunward Europe (Official Website for EU &amp; UK)","url":"https:\/\/sunward.eu\/","logo":{"@type":"ImageObject","inLanguage":"fr-FR","@id":"https:\/\/sunward.eu\/#\/schema\/logo\/image\/","url":"https:\/\/sunward.eu\/wp-content\/uploads\/2022\/01\/Website_Sunward_logo_top_180x63px.png","contentUrl":"https:\/\/sunward.eu\/wp-content\/uploads\/2022\/01\/Website_Sunward_logo_top_180x63px.png","width":180,"height":63,"caption":"Sunward Europe (Official Website for EU &amp; UK)"},"image":{"@id":"https:\/\/sunward.eu\/#\/schema\/logo\/image\/"}}]}},"_links":{"self":[{"href":"https:\/\/sunward.eu\/fr\/wp-json\/wp\/v2\/pages\/1968","targetHints":{"allow":["GET"]}}],"collection":[{"href":"https:\/\/sunward.eu\/fr\/wp-json\/wp\/v2\/pages"}],"about":[{"href":"https:\/\/sunward.eu\/fr\/wp-json\/wp\/v2\/types\/page"}],"author":[{"embeddable":true,"href":"https:\/\/sunward.eu\/fr\/wp-json\/wp\/v2\/users\/3"}],"replies":[{"embeddable":true,"href":"https:\/\/sunward.eu\/fr\/wp-json\/wp\/v2\/comments?post=1968"}],"version-history":[{"count":11,"href":"https:\/\/sunward.eu\/fr\/wp-json\/wp\/v2\/pages\/1968\/revisions"}],"predecessor-version":[{"id":2631,"href":"https:\/\/sunward.eu\/fr\/wp-json\/wp\/v2\/pages\/1968\/revisions\/2631"}],"up":[{"embeddable":true,"href":"https:\/\/sunward.eu\/fr\/wp-json\/wp\/v2\/pages\/535"}],"wp:featuredmedia":[{"embeddable":true,"href":"https:\/\/sunward.eu\/fr\/wp-json\/wp\/v2\/media\/1861"}],"wp:attachment":[{"href":"https:\/\/sunward.eu\/fr\/wp-json\/wp\/v2\/media?parent=1968"}],"curies":[{"name":"wp","href":"https:\/\/api.w.org\/{rel}","templated":true}]}}