{"id":4560,"date":"2026-03-18T14:37:55","date_gmt":"2026-03-18T13:37:55","guid":{"rendered":"https:\/\/sunward.eu\/?post_type=product&#038;p=4560"},"modified":"2026-03-18T16:50:42","modified_gmt":"2026-03-18T15:50:42","slug":"swtl-5238","status":"publish","type":"product","link":"https:\/\/sunward.eu\/de\/product\/swtl-5238\/","title":{"rendered":"SWTL 5238"},"content":{"rendered":"<div class=\"wpb-content-wrapper\"><p>[vc_row][vc_column][vc_tta_accordion style=&#8221;flat&#8221; c_icon=&#8221;chevron&#8221; c_position=&#8221;right&#8221; active_section=&#8221;1&#8243; no_fill=&#8221;true&#8221; el_class=&#8221;custom-accordion&#8221;][vc_tta_section title=&#8221;TECHNISCHE DATEN&#8221; tab_id=&#8221;1623355628079-f58b5c44-7c4b&#8221;][vc_custom_heading text=&#8221;SUNWARD SWTL 5238&#8243; font_container=&#8221;tag:h3|text_align:left&#8221; use_theme_fonts=&#8221;yes&#8221; css=&#8221;&#8221;][vc_column_text css=&#8221;&#8221;]<\/p>\n<p data-start=\"50\" data-end=\"132\"><strong data-start=\"50\" data-end=\"132\">Suchen Sie nach mehr Leistung und Performance bei einem kompakten Raupenlader?<\/strong><\/p>\n<p data-start=\"134\" data-end=\"315\">Der Sunward <strong data-start=\"146\" data-end=\"159\">SWTL 5238<\/strong> wurde f\u00fcr anspruchsvolle Anwendungen entwickelt und bietet eine erh\u00f6hte Hubleistung sowie starke Traktion f\u00fcr effizientes Arbeiten auf schwierigem Gel\u00e4nde.<\/p>\n<p data-start=\"317\" data-end=\"478\">Dank seines kompakten Designs ist die Maschine \u00e4u\u00dferst wendig und eignet sich sowohl f\u00fcr beengte Baustellen als auch f\u00fcr anspruchsvolle Eins\u00e4tze im Au\u00dfenbereich.<\/p>\n<p data-start=\"480\" data-end=\"625\">Das optimierte Hydrauliksystem mit elektronisch gesteuerter Unterst\u00fctzung sorgt f\u00fcr einen gleichm\u00e4\u00dfigen, pr\u00e4zisen und reaktionsschnellen Betrieb.<\/p>\n<p data-start=\"627\" data-end=\"817\">Der Bedienkomfort wird durch eine ger\u00e4umige Kabine, intuitive Bedienelemente und eine hervorragende Rundumsicht erh\u00f6ht, was die Produktivit\u00e4t \u00fcber den gesamten Arbeitstag hinweg unterst\u00fctzt.<\/p>\n<p data-start=\"819\" data-end=\"971\">Service und Wartung werden durch die \u00fcbersichtliche Anordnung der Komponenten sowie den einfachen Zugang \u00fcber die kippbare ROPS\/FOPS-Kabine erleichtert.<\/p>\n<p data-start=\"973\" data-end=\"1114\">Die robuste Konstruktion, hohe Stabilit\u00e4t und das auf Sicherheit ausgelegte Design erm\u00f6glichen ein sicheres Arbeiten unter allen Bedingungen.<\/p>\n<p data-start=\"1116\" data-end=\"1179\" data-is-last-node=\"\" data-is-only-node=\"\"><strong data-start=\"1116\" data-end=\"1179\" data-is-last-node=\"\">Entdecken Sie die Leistungsf\u00e4higkeit des Sunward SWTL 5238.<\/strong><\/p>\n<p>[\/vc_column_text][vc_separator color=&#8221;white&#8221;][vc_row_inner][vc_column_inner width=&#8221;1\/2&#8243;][vc_toggle title=&#8221;ABMESSUNGEN UND GEWICHT&#8221; css=&#8221;&#8221;]<\/p>\n<table width=\"655\">\n<tbody>\n<tr>\n<td width=\"417\">Betriebsgewicht<\/td>\n<td width=\"238\">5 375 kg<\/td>\n<\/tr>\n<tr>\n<td>L\u00e4nge ohne Schaufel<\/td>\n<td>3 130 mm<\/td>\n<\/tr>\n<tr>\n<td>L\u00e4nge mit Standardschaufel<\/td>\n<td>3 930 mm<\/td>\n<\/tr>\n<tr>\n<td>H\u00f6he bis ROPS-Dach<\/td>\n<td>2 110 mm<\/td>\n<\/tr>\n<tr>\n<td>Bodenfreiheit<\/td>\n<td>277 mm<\/td>\n<\/tr>\n<tr>\n<td>Wenderadius ab Mitte (Standardschaufel)<\/td>\n<td>2 385 mm<\/td>\n<\/tr>\n<\/tbody>\n<\/table>\n<p>[\/vc_toggle][vc_toggle title=&#8221;MOTOR&#8221; css=&#8221;&#8221;]<\/p>\n<table width=\"655\">\n<tbody>\n<tr>\n<td width=\"417\">Modell<\/td>\n<td width=\"238\">Kubota V3800-TIE5B<\/td>\n<\/tr>\n<tr>\n<td>Emissionsstufe<\/td>\n<td>EU Stage V<\/td>\n<\/tr>\n<tr>\n<td>Nennausgangsleistung<\/td>\n<td>85.1 kW<\/td>\n<\/tr>\n<\/tbody>\n<\/table>\n<p>[\/vc_toggle][vc_toggle title=&#8221;LEISTUNGSDATEN&#8221; css=&#8221;&#8221;]<\/p>\n<table width=\"655\">\n<tbody>\n<tr>\n<td width=\"417\">Nennbetriebskapazit\u00e4t<\/td>\n<td width=\"238\">1 500 kg<\/td>\n<\/tr>\n<tr>\n<td>Kipplast<\/td>\n<td>4 286 kg<\/td>\n<\/tr>\n<tr>\n<td>Schaufel-Ausbrechkraft (Standardschaufel)<\/td>\n<td>3 900 kg<\/td>\n<\/tr>\n<tr>\n<td>Ausleger-Ausbrechkraft<\/td>\n<td>3 000 kg<\/td>\n<\/tr>\n<tr>\n<td>Fahrgeschwindigkeit<\/td>\n<td>8\/12 mph<\/td>\n<\/tr>\n<\/tbody>\n<\/table>\n<p>[\/vc_toggle][\/vc_column_inner][vc_column_inner width=&#8221;1\/2&#8243;][\/vc_column_inner][\/vc_row_inner][\/vc_tta_section][vc_tta_section title=&#8221;MERKMALE UND VORTEILE&#8221; tab_id=&#8221;1623355710952-d36b50a3-81ed&#8221;][vc_row_inner][vc_column_inner width=&#8221;1\/4&#8243;][vc_single_image image=&#8221;1070&#8243; img_size=&#8221;medium&#8221;][\/vc_column_inner][vc_column_inner width=&#8221;3\/4&#8243;][vc_custom_heading text=&#8221;F\u00dcR EUROPA KONZIPIERT&#8221; font_container=&#8221;tag:h3|text_align:left&#8221; use_theme_fonts=&#8221;yes&#8221;][vc_column_text css=&#8221;&#8221;]<\/p>\n<article class=\"text-token-text-primary w-full focus:outline-none [--shadow-height:45px] has-data-writing-block:pointer-events-none has-data-writing-block:-mt-(--shadow-height) has-data-writing-block:pt-(--shadow-height) [&amp;:has([data-writing-block])&gt;*]:pointer-events-auto scroll-mt-[calc(var(--header-height)+min(200px,max(70px,20svh)))]\" dir=\"auto\" tabindex=\"-1\" data-turn-id=\"request-WEB:d1c59320-5f5c-4409-9dde-0b2c0e4cd809-3\" data-testid=\"conversation-turn-8\" data-scroll-anchor=\"true\" data-turn=\"assistant\">\n<div class=\"text-base my-auto mx-auto pb-10 [--thread-content-margin:--spacing(4)] @w-sm\/main:[--thread-content-margin:--spacing(6)] @w-lg\/main:[--thread-content-margin:--spacing(16)] px-(--thread-content-margin)\">\n<div class=\"[--thread-content-max-width:40rem] @w-lg\/main:[--thread-content-max-width:48rem] mx-auto max-w-(--thread-content-max-width) flex-1 group\/turn-messages focus-visible:outline-hidden relative flex w-full min-w-0 flex-col agent-turn\" tabindex=\"-1\">\n<div class=\"flex max-w-full flex-col grow\">\n<div class=\"min-h-8 text-message relative flex w-full flex-col items-end gap-2 text-start break-words whitespace-normal [.text-message+&amp;]:mt-1\" dir=\"auto\" data-message-author-role=\"assistant\" data-message-id=\"c4c0dbf2-a5a5-41d9-abb4-93d245f9474a\" data-message-model-slug=\"gpt-5-1\">\n<div class=\"flex w-full flex-col gap-1 empty:hidden first:pt-[1px]\">\n<div class=\"markdown prose dark:prose-invert w-full break-words dark markdown-new-styling\">\n<p data-start=\"0\" data-end=\"182\" data-is-last-node=\"\" data-is-only-node=\"\">Wie alle Sunward-Maschinen auf dem europ\u00e4ischen Markt ist der SWTL 5238 darauf ausgelegt, die Anforderungen europ\u00e4ischer Kunden zu erf\u00fcllen und verf\u00fcgt \u00fcber alle EU-Zertifizierungen.<\/p>\n<\/div>\n<\/div>\n<\/div>\n<\/div>\n<\/div>\n<\/div>\n<\/article>\n<p>[\/vc_column_text][\/vc_column_inner][\/vc_row_inner][vc_separator][vc_row_inner][vc_column_inner width=&#8221;1\/4&#8243;][vc_single_image image=&#8221;1456&#8243; img_size=&#8221;medium&#8221;][\/vc_column_inner][vc_column_inner width=&#8221;3\/4&#8243;][vc_custom_heading text=&#8221;MULTITASKINGF\u00c4HIG&#8221; font_container=&#8221;tag:h3|text_align:left&#8221; use_theme_fonts=&#8221;yes&#8221;][vc_column_text css=&#8221;&#8221;]<\/p>\n<p data-start=\"64\" data-end=\"295\">Der Sunward <strong data-start=\"76\" data-end=\"89\">SWTL 5238<\/strong> Kompakt-Raupenlader wurde mit Fokus auf Vielseitigkeit, Leistung und anspruchsvolle Einsatzbedingungen entwickelt und bietet hervorragende Performance sowohl auf engem Raum als auch in schwierigem Gel\u00e4nde.<\/p>\n<p data-start=\"297\" data-end=\"612\">Ein kompakter Lader beginnt mit einem durchdachten Design f\u00fcr den Transport. Der SWTL 5238 \u00fcberzeugt mit einem ausgewogenen Profil \u2013 mit einer Breite von 2.015 mm und einem Betriebsgewicht von 5.375 kg \u2013 und l\u00e4sst sich somit einfach transportieren, w\u00e4hrend er gleichzeitig die EU Stage V Emissionsstandards erf\u00fcllt.<\/p>\n<p data-start=\"614\" data-end=\"926\" data-is-last-node=\"\" data-is-only-node=\"\">Der SWTL 5238 kann problemlos mit einer Vielzahl von Anbauger\u00e4ten ausgestattet werden, um unterschiedlichste Anwendungen abzudecken. Dabei sorgt das hydraulische Pilotsteuersystem mit elektronisch unterst\u00fctzter Steuerung, die direkt in die Bedienhebel integriert ist, f\u00fcr eine pr\u00e4zise Kontrolle aller Funktionen.<\/p>\n<p>[\/vc_column_text][\/vc_column_inner][\/vc_row_inner][vc_separator][vc_row_inner][vc_column_inner width=&#8221;1\/4&#8243;][vc_single_image image=&#8221;1457&#8243; img_size=&#8221;medium&#8221;][\/vc_column_inner][vc_column_inner width=&#8221;3\/4&#8243;][vc_custom_heading text=&#8221;ZUVERL\u00c4SSIGE LEISTUNGSF\u00c4HIGKEIT&#8221; font_container=&#8221;tag:h3|text_align:left&#8221; use_theme_fonts=&#8221;yes&#8221;][vc_column_text css=&#8221;&#8221;]<\/p>\n<p data-start=\"62\" data-end=\"206\">Trotz seiner kompakten Bauweise bietet der SWTL 5238 eine beeindruckende Ausbrechkraft, eine Nennlast von 1 500 kg sowie schnelle Arbeitszyklen.<\/p>\n<p data-start=\"208\" data-end=\"471\" data-is-last-node=\"\" data-is-only-node=\"\">Der leistungsstarke Kubota V3800-TIE5B Motor liefert 85.1 kW bei 2 600 U\/min und ein maximales Drehmoment von 386 Nm und gew\u00e4hrleistet damit auch unter anspruchsvollen und stark belasteten Einsatzbedingungen eine hohe Zuverl\u00e4ssigkeit sowie eine lange Lebensdauer.<\/p>\n<p>[\/vc_column_text][\/vc_column_inner][\/vc_row_inner][vc_separator][vc_row_inner][vc_column_inner width=&#8221;1\/4&#8243;][vc_single_image image=&#8221;1458&#8243; img_size=&#8221;medium&#8221;][\/vc_column_inner][vc_column_inner width=&#8221;3\/4&#8243;][vc_custom_heading text=&#8221;KOMFORT SERIENM\u00c4SSIG&#8221; font_container=&#8221;tag:h3|text_align:left&#8221; use_theme_fonts=&#8221;yes&#8221;][vc_column_text css=&#8221;&#8221;]Beim Sunward SWL 5238 beginnt der Komfort mit der hervorragenden Kabinenzug\u00e4nglichkeit. Hat man im SWL 5238 Platz genommen, sorgen eine ger\u00e4umige Kabine, Klimatisierung, ein bequemer Sitz und ergonomische Bedienelemente f\u00fcr maximalen Fahrerkomfort.<\/p>\n<p>Auch die ausgezeichnete Rundumsicht wird f\u00fcr den Fahrer beeindruckend sein. Das alles macht den Betrieb eines Sunward-Kompaktladers zum reinen Vergn\u00fcgen.[\/vc_column_text][\/vc_column_inner][\/vc_row_inner][vc_separator][vc_row_inner][vc_column_inner width=&#8221;1\/4&#8243;][vc_single_image image=&#8221;1459&#8243; img_size=&#8221;medium&#8221;][\/vc_column_inner][vc_column_inner width=&#8221;3\/4&#8243;][vc_custom_heading text=&#8221;HOHE WARTUNGSFREUNDLICHKEIT&#8221; font_container=&#8221;tag:h3|text_align:left&#8221; use_theme_fonts=&#8221;yes&#8221;][vc_column_text]Weil uns auch die Betriebskosten wichtig sind, wurden alle Wartungs- und Servicema\u00dfnahmen so einfach wie m\u00f6glich gestaltet. Die t\u00e4gliche Routinewartung ist \u00e4u\u00dferst unkompliziert, weil die Pr\u00fcfpunkte und Komponenten des K\u00fchlsystems \u00fcber die rechte T\u00fcr vom Boden aus zug\u00e4nglich sind. Was die Wartung betrifft, sind alle wichtigen Komponenten \u00fcber die kippbare ROPS-\/FOPS-Kabine ebenfalls leicht und schnell erreichbar.[\/vc_column_text][\/vc_column_inner][\/vc_row_inner][vc_separator][vc_row_inner][vc_column_inner width=&#8221;1\/4&#8243;][vc_single_image image=&#8221;1460&#8243; img_size=&#8221;medium&#8221;][\/vc_column_inner][vc_column_inner width=&#8221;3\/4&#8243;][vc_custom_heading text=&#8221;SICHERHEIT STEHT NICHT ZUR WAHL&#8221; font_container=&#8221;tag:h3|text_align:left&#8221; use_theme_fonts=&#8221;yes&#8221;][vc_column_text css=&#8221;&#8221;]Sicherheit ist und bleibt f\u00fcr Sunward unverhandelbar. Der SWL 5238 ist vollst\u00e4ndig auf die Sicherheit des Fahrers ausgelegt.<\/p>\n<p>So garantieren die ROPS-\/FOPS-Kabine und der Heckfenster-Notausstieg in Verbindung mit der \u00fcberragenden Rundumsicht und hervorragenden Stabilit\u00e4t der Maschine maximale Sicherheit.<\/p>\n<p>Weiterhin verhindern ein Sitzschalter und ein Armlehnenschalter, dass sich die Maschine in Abwesenheit des Fahrers starten l\u00e4sst.<\/p>\n<p>Zu den Sicherheitssystemen des SWL 5238 Kompaktladers geh\u00f6rt auch eine Notfallabsenkfunktion, damit sich der Ausleger bei einem unerwarteten Motorausfall sicher absenken l\u00e4sst.[\/vc_column_text][\/vc_column_inner][\/vc_row_inner][\/vc_tta_section][vc_tta_section title=&#8221;VIDEO&#8221; tab_id=&#8221;1623857706491-8aa3a03f-cca1&#8243;][vc_row_inner][vc_column_inner][vc_column_text]<\/p>\n<h2><em>NOT AVAILABLE<\/em><\/h2>\n<p>[\/vc_column_text][\/vc_column_inner][\/vc_row_inner][vc_video link=&#8221;&#8221;][\/vc_tta_section][vc_tta_section title=&#8221;BROSCH\u00dcRE&#8221; tab_id=&#8221;1623857795794-8fd5289e-c5a3&#8243;][vc_row_inner content_placement=&#8221;middle&#8221;][vc_column_inner width=&#8221;1\/4&#8243;][vc_single_image image=&#8221;4565&#8243; img_size=&#8221;large&#8221; css=&#8221;&#8221;][\/vc_column_inner][vc_column_inner width=&#8221;3\/4&#8243;][vc_custom_heading text=&#8221;SUNWARD SWTL 5238 Product brochure&#8221; font_container=&#8221;tag:h3|text_align:left&#8221; use_theme_fonts=&#8221;yes&#8221; css=&#8221;&#8221;][vc_btn title=&#8221;DOWNLOAD&#8221; color=&#8221;orange&#8221; size=&#8221;lg&#8221; css=&#8221;&#8221; link=&#8221;url:https%3A%2F%2Fsunward.eu%2Fwp-content%2Fuploads%2F2026%2F03%2FSUNWARD_SWTL_5238_03.2026_HR_EN.pdf|title:Sunward%20SWTL%205238%20Product%20Brochure|target:_blank&#8221;][\/vc_column_inner][\/vc_row_inner][\/vc_tta_section][\/vc_tta_accordion][\/vc_column][\/vc_row]<\/p>\n<\/div>","protected":false},"excerpt":{"rendered":"<p data-start=\"57\" data-end=\"151\"><strong data-start=\"57\" data-end=\"151\">Ben\u00f6tigen Sie mehr Leistung und Hubkraft von einem kompakten und vielseitigen Raupenlader?<\/strong><\/p>\n<p data-start=\"153\" data-end=\"337\">Der Sunward <strong data-start=\"165\" data-end=\"178\">SWTL 5238<\/strong> Kompakt-Raupenlader bietet starke Leistung, hervorragende Traktion und hohe Effizienz bei Arbeiten auf anspruchsvollem Gel\u00e4nde wie Fels, Erde oder Baustellen.<\/p>\n<p data-start=\"339\" data-end=\"570\">Trotz seiner Leistungsst\u00e4rke bleibt die Maschine kompakt und vielseitig, wodurch sie sich leicht auf engem Raum man\u00f6vrieren l\u00e4sst und gleichzeitig eine h\u00f6here Ausbrechkraft sowie Hubleistung f\u00fcr anspruchsvollere Anwendungen bietet.<\/p>\n<p data-start=\"572\" data-end=\"738\" data-is-last-node=\"\" data-is-only-node=\"\">Angetrieben von einem zuverl\u00e4ssigen Motor, der den EU Stage V Emissionsstandards entspricht, vereint der SWTL 5238 Leistung, Langlebigkeit und eine lange Lebensdauer.<\/p>\n<p> [&#8230;]<\/p>\n<p><a class=\"btn btn-secondary understrap-read-more-link\" href=\"https:\/\/sunward.eu\/de\/product\/swtl-5238\/\">Weiterlesen&#8230;<\/a><\/p>\n","protected":false},"featured_media":4561,"comment_status":"closed","ping_status":"closed","template":"","meta":{"_acf_changed":false,"inline_featured_image":false},"product_cat":[27,57],"product_tag":[],"class_list":{"0":"post-4560","1":"product","2":"type-product","3":"status-publish","4":"has-post-thumbnail","6":"product_cat-compact-loaders","7":"product_cat-compact-track-loaders","8":"pa_breakout-force-bucket-3-900-kg","9":"pa_lift-height-2-467-mm","10":"pa_max-digging-depth-2-840-mm","11":"pa_operating-weight-5-375-kg","12":"pa_power-output-14-6-kw","13":"pa_rated-operating-capacity-1-500-kg","14":"pa_rated-power-output-85-1-kw","15":"pa_tipping-load-4-286-kg","17":"first","18":"instock","19":"shipping-taxable","20":"product-type-simple"},"translation":{"provider":"WPGlobus","version":"2.12.2","language":"de","enabled_languages":["en","de","fr","it"],"languages":{"en":{"title":true,"content":true,"excerpt":true},"de":{"title":true,"content":true,"excerpt":true},"fr":{"title":true,"content":true,"excerpt":true},"it":{"title":true,"content":true,"excerpt":true}}},"acf":[],"yoast_head":"<!-- This site is optimized with the Yoast SEO plugin v22.6 - https:\/\/yoast.com\/wordpress\/plugins\/seo\/ -->\n<title>SWTL 5238 - Sunward Europe (Official Website for EU &amp; UK)<\/title>\n<meta name=\"robots\" content=\"index, follow, max-snippet:-1, max-image-preview:large, max-video-preview:-1\" \/>\n<link rel=\"canonical\" href=\"https:\/\/sunward.eu\/product\/swtl-5238\/\" \/>\n<meta property=\"og:locale\" content=\"de_DE\" \/>\n<meta property=\"og:type\" content=\"article\" \/>\n<meta property=\"og:title\" content=\"SWTL 5238 - Sunward Europe (Official Website for EU &amp; UK)\" \/>\n<meta property=\"og:url\" content=\"https:\/\/sunward.eu\/product\/swtl-5238\/\" \/>\n<meta property=\"og:site_name\" content=\"Sunward Europe (Official Website for EU &amp; UK)\" \/>\n<meta property=\"article:modified_time\" content=\"2026-03-18T15:50:42+00:00\" \/>\n<meta property=\"og:image\" content=\"https:\/\/sunward.eu\/wp-content\/uploads\/2026\/03\/SWTL-5238-web.png\" \/>\n\t<meta property=\"og:image:width\" content=\"1000\" \/>\n\t<meta property=\"og:image:height\" content=\"1000\" \/>\n\t<meta property=\"og:image:type\" content=\"image\/png\" \/>\n<meta name=\"twitter:card\" content=\"summary_large_image\" \/>\n<meta name=\"twitter:label1\" content=\"Est. reading time\" \/>\n\t<meta name=\"twitter:data1\" content=\"4 minutes\" \/>\n<script type=\"application\/ld+json\" class=\"yoast-schema-graph\">{\"@context\":\"https:\/\/schema.org\",\"@graph\":[{\"@type\":\"WebPage\",\"@id\":\"https:\/\/sunward.eu\/product\/swtl-5238\/\",\"url\":\"https:\/\/sunward.eu\/product\/swtl-5238\/\",\"name\":\"SWTL 5238 - Sunward Europe (Official Website for EU &amp; UK)\",\"isPartOf\":{\"@id\":\"https:\/\/sunward.eu\/#website\"},\"primaryImageOfPage\":{\"@id\":\"https:\/\/sunward.eu\/product\/swtl-5238\/#primaryimage\"},\"image\":{\"@id\":\"https:\/\/sunward.eu\/product\/swtl-5238\/#primaryimage\"},\"thumbnailUrl\":\"https:\/\/sunward.eu\/wp-content\/uploads\/2026\/03\/SWTL-5238-web.png\",\"datePublished\":\"2026-03-18T13:37:55+00:00\",\"dateModified\":\"2026-03-18T15:50:42+00:00\",\"breadcrumb\":{\"@id\":\"https:\/\/sunward.eu\/product\/swtl-5238\/#breadcrumb\"},\"inLanguage\":\"de-DE\",\"potentialAction\":[{\"@type\":\"ReadAction\",\"target\":[\"https:\/\/sunward.eu\/product\/swtl-5238\/\"]}]},{\"@type\":\"ImageObject\",\"inLanguage\":\"de-DE\",\"@id\":\"https:\/\/sunward.eu\/product\/swtl-5238\/#primaryimage\",\"url\":\"https:\/\/sunward.eu\/wp-content\/uploads\/2026\/03\/SWTL-5238-web.png\",\"contentUrl\":\"https:\/\/sunward.eu\/wp-content\/uploads\/2026\/03\/SWTL-5238-web.png\",\"width\":1000,\"height\":1000},{\"@type\":\"BreadcrumbList\",\"@id\":\"https:\/\/sunward.eu\/product\/swtl-5238\/#breadcrumb\",\"itemListElement\":[{\"@type\":\"ListItem\",\"position\":1,\"name\":\"Home\",\"item\":\"https:\/\/sunward.eu\/\"},{\"@type\":\"ListItem\",\"position\":2,\"name\":\"Products\",\"item\":\"https:\/\/sunward.eu\/shop\/\"},{\"@type\":\"ListItem\",\"position\":3,\"name\":\"{:en}Compact loaders{:}{:de}Kompaktlader{:}{:fr}Chargeuses compactes{:}{:it}Pale compatte{:}\",\"item\":\"https:\/\/sunward.eu\/product-category\/compact-loaders\/\"},{\"@type\":\"ListItem\",\"position\":4,\"name\":\"Compact track loaders\",\"item\":\"https:\/\/sunward.eu\/product-category\/compact-loaders\/compact-track-loaders\/\"},{\"@type\":\"ListItem\",\"position\":5,\"name\":\"SWTL 5238\"}]},{\"@type\":\"WebSite\",\"@id\":\"https:\/\/sunward.eu\/#website\",\"url\":\"https:\/\/sunward.eu\/\",\"name\":\"Sunward Europe (Official Website for EU &amp; UK)\",\"description\":\"The smart choice\",\"publisher\":{\"@id\":\"https:\/\/sunward.eu\/#organization\"},\"potentialAction\":[{\"@type\":\"SearchAction\",\"target\":{\"@type\":\"EntryPoint\",\"urlTemplate\":\"https:\/\/sunward.eu\/?s={search_term_string}\"},\"query-input\":\"required name=search_term_string\"}],\"inLanguage\":\"de-DE\"},{\"@type\":\"Organization\",\"@id\":\"https:\/\/sunward.eu\/#organization\",\"name\":\"Sunward Europe (Official Website for EU &amp; UK)\",\"url\":\"https:\/\/sunward.eu\/\",\"logo\":{\"@type\":\"ImageObject\",\"inLanguage\":\"de-DE\",\"@id\":\"https:\/\/sunward.eu\/#\/schema\/logo\/image\/\",\"url\":\"https:\/\/sunward.eu\/wp-content\/uploads\/2022\/01\/Website_Sunward_logo_top_180x63px.png\",\"contentUrl\":\"https:\/\/sunward.eu\/wp-content\/uploads\/2022\/01\/Website_Sunward_logo_top_180x63px.png\",\"width\":180,\"height\":63,\"caption\":\"Sunward Europe (Official Website for EU &amp; UK)\"},\"image\":{\"@id\":\"https:\/\/sunward.eu\/#\/schema\/logo\/image\/\"}}]}<\/script>\n<!-- \/ Yoast SEO plugin. -->","yoast_head_json":{"title":"SWTL 5238 - Sunward Europe (Official Website for EU &amp; UK)","robots":{"index":"index","follow":"follow","max-snippet":"max-snippet:-1","max-image-preview":"max-image-preview:large","max-video-preview":"max-video-preview:-1"},"canonical":"https:\/\/sunward.eu\/product\/swtl-5238\/","og_locale":"de_DE","og_type":"article","og_title":"SWTL 5238 - Sunward Europe (Official Website for EU &amp; UK)","og_url":"https:\/\/sunward.eu\/product\/swtl-5238\/","og_site_name":"Sunward Europe (Official Website for EU &amp; UK)","article_modified_time":"2026-03-18T15:50:42+00:00","og_image":[{"width":1000,"height":1000,"url":"https:\/\/sunward.eu\/wp-content\/uploads\/2026\/03\/SWTL-5238-web.png","type":"image\/png"}],"twitter_card":"summary_large_image","twitter_misc":{"Est. reading time":"4 minutes"},"schema":{"@context":"https:\/\/schema.org","@graph":[{"@type":"WebPage","@id":"https:\/\/sunward.eu\/product\/swtl-5238\/","url":"https:\/\/sunward.eu\/product\/swtl-5238\/","name":"SWTL 5238 - Sunward Europe (Official Website for EU &amp; UK)","isPartOf":{"@id":"https:\/\/sunward.eu\/#website"},"primaryImageOfPage":{"@id":"https:\/\/sunward.eu\/product\/swtl-5238\/#primaryimage"},"image":{"@id":"https:\/\/sunward.eu\/product\/swtl-5238\/#primaryimage"},"thumbnailUrl":"https:\/\/sunward.eu\/wp-content\/uploads\/2026\/03\/SWTL-5238-web.png","datePublished":"2026-03-18T13:37:55+00:00","dateModified":"2026-03-18T15:50:42+00:00","breadcrumb":{"@id":"https:\/\/sunward.eu\/product\/swtl-5238\/#breadcrumb"},"inLanguage":"de-DE","potentialAction":[{"@type":"ReadAction","target":["https:\/\/sunward.eu\/product\/swtl-5238\/"]}]},{"@type":"ImageObject","inLanguage":"de-DE","@id":"https:\/\/sunward.eu\/product\/swtl-5238\/#primaryimage","url":"https:\/\/sunward.eu\/wp-content\/uploads\/2026\/03\/SWTL-5238-web.png","contentUrl":"https:\/\/sunward.eu\/wp-content\/uploads\/2026\/03\/SWTL-5238-web.png","width":1000,"height":1000},{"@type":"BreadcrumbList","@id":"https:\/\/sunward.eu\/product\/swtl-5238\/#breadcrumb","itemListElement":[{"@type":"ListItem","position":1,"name":"Home","item":"https:\/\/sunward.eu\/"},{"@type":"ListItem","position":2,"name":"Products","item":"https:\/\/sunward.eu\/shop\/"},{"@type":"ListItem","position":3,"name":"{:en}Compact loaders{:}{:de}Kompaktlader{:}{:fr}Chargeuses compactes{:}{:it}Pale compatte{:}","item":"https:\/\/sunward.eu\/product-category\/compact-loaders\/"},{"@type":"ListItem","position":4,"name":"Compact track loaders","item":"https:\/\/sunward.eu\/product-category\/compact-loaders\/compact-track-loaders\/"},{"@type":"ListItem","position":5,"name":"SWTL 5238"}]},{"@type":"WebSite","@id":"https:\/\/sunward.eu\/#website","url":"https:\/\/sunward.eu\/","name":"Sunward Europe (Official Website for EU &amp; UK)","description":"The smart choice","publisher":{"@id":"https:\/\/sunward.eu\/#organization"},"potentialAction":[{"@type":"SearchAction","target":{"@type":"EntryPoint","urlTemplate":"https:\/\/sunward.eu\/?s={search_term_string}"},"query-input":"required name=search_term_string"}],"inLanguage":"de-DE"},{"@type":"Organization","@id":"https:\/\/sunward.eu\/#organization","name":"Sunward Europe (Official Website for EU &amp; UK)","url":"https:\/\/sunward.eu\/","logo":{"@type":"ImageObject","inLanguage":"de-DE","@id":"https:\/\/sunward.eu\/#\/schema\/logo\/image\/","url":"https:\/\/sunward.eu\/wp-content\/uploads\/2022\/01\/Website_Sunward_logo_top_180x63px.png","contentUrl":"https:\/\/sunward.eu\/wp-content\/uploads\/2022\/01\/Website_Sunward_logo_top_180x63px.png","width":180,"height":63,"caption":"Sunward Europe (Official Website for EU &amp; UK)"},"image":{"@id":"https:\/\/sunward.eu\/#\/schema\/logo\/image\/"}}]}},"_links":{"self":[{"href":"https:\/\/sunward.eu\/de\/wp-json\/wp\/v2\/product\/4560","targetHints":{"allow":["GET"]}}],"collection":[{"href":"https:\/\/sunward.eu\/de\/wp-json\/wp\/v2\/product"}],"about":[{"href":"https:\/\/sunward.eu\/de\/wp-json\/wp\/v2\/types\/product"}],"replies":[{"embeddable":true,"href":"https:\/\/sunward.eu\/de\/wp-json\/wp\/v2\/comments?post=4560"}],"wp:featuredmedia":[{"embeddable":true,"href":"https:\/\/sunward.eu\/de\/wp-json\/wp\/v2\/media\/4561"}],"wp:attachment":[{"href":"https:\/\/sunward.eu\/de\/wp-json\/wp\/v2\/media?parent=4560"}],"wp:term":[{"taxonomy":"product_cat","embeddable":true,"href":"https:\/\/sunward.eu\/de\/wp-json\/wp\/v2\/product_cat?post=4560"},{"taxonomy":"product_tag","embeddable":true,"href":"https:\/\/sunward.eu\/de\/wp-json\/wp\/v2\/product_tag?post=4560"}],"curies":[{"name":"wp","href":"https:\/\/api.w.org\/{rel}","templated":true}]}}