{"id":4549,"date":"2026-03-13T13:28:29","date_gmt":"2026-03-13T12:28:29","guid":{"rendered":"https:\/\/sunward.eu\/?post_type=product&#038;p=4549"},"modified":"2026-03-13T15:06:30","modified_gmt":"2026-03-13T14:06:30","slug":"swa-22je-p","status":"publish","type":"product","link":"https:\/\/sunward.eu\/de\/product\/swa-22je-p\/","title":{"rendered":"SWA 22JE-P"},"content":{"rendered":"<div class=\"wpb-content-wrapper\"><p>[vc_row][vc_column][vc_tta_accordion style=&#8221;flat&#8221; c_icon=&#8221;chevron&#8221; c_position=&#8221;right&#8221; active_section=&#8221;1&#8243; no_fill=&#8221;true&#8221; el_class=&#8221;custom-accordion&#8221;][vc_tta_section title=&#8221;TECHNISCHE DATEN&#8221; tab_id=&#8221;1623355628079-f58b5c44-7c4b&#8221;][vc_custom_heading text=&#8221;SUNWARD SWA 22JE-P&#8221; font_container=&#8221;tag:h3|text_align:left&#8221; use_theme_fonts=&#8221;yes&#8221; css=&#8221;&#8221;][vc_column_text css=&#8221;&#8221;]<\/p>\n<p data-start=\"0\" data-end=\"154\">Die <strong data-start=\"4\" data-end=\"18\">SWA 22JE-P<\/strong> ist die elektrische Gelenkteleskopb\u00fchne von <strong data-start=\"63\" data-end=\"74\">Sunward<\/strong>, entwickelt f\u00fcr effiziente, sichere und umweltfreundliche Arbeiten in der H\u00f6he.<\/p>\n<p data-start=\"156\" data-end=\"566\">Mit einer <strong data-start=\"166\" data-end=\"195\">Arbeitsh\u00f6he von 22 Metern<\/strong> und einer beeindruckenden <strong data-start=\"222\" data-end=\"266\">horizontalen Reichweite von 12,28 Metern<\/strong> bietet die Maschine hervorragende Reichweite und Flexibilit\u00e4t f\u00fcr eine Vielzahl von Arbeiten in der H\u00f6he. Dank ihrer <strong data-start=\"384\" data-end=\"441\">kompakten Abmessungen und pr\u00e4zisen Man\u00f6vrierf\u00e4higkeit<\/strong> eignet sie sich ideal f\u00fcr Eins\u00e4tze in beengten Umgebungen wie Lagerhallen, Industrieanlagen und innerst\u00e4dtischen Baustellen.<\/p>\n<p data-start=\"568\" data-end=\"796\">Angetrieben von <strong data-start=\"584\" data-end=\"622\">leistungsstarken Lithium-Batterien<\/strong> und mit <strong data-start=\"631\" data-end=\"658\">emissionsfreiem Betrieb<\/strong> erm\u00f6glicht die SWA 22JE-P einen leisen und effizienten Einsatz, selbst in sensiblen Bereichen wie der Lebensmittel- oder Chemieindustrie.<\/p>\n<p data-start=\"798\" data-end=\"853\" data-is-last-node=\"\" data-is-only-node=\"\"><strong data-start=\"798\" data-end=\"853\" data-is-last-node=\"\">Entdecken Sie alle Vorteile der Sunward SWA 22JE-P.<\/strong><\/p>\n<p>[\/vc_column_text][vc_row_inner][vc_column_inner width=&#8221;1\/2&#8243;][vc_toggle title=&#8221;TECHNISCHE DATEN REICHWEITE&#8221; css=&#8221;&#8221;]<\/p>\n<table width=\"655\">\n<tbody>\n<tr>\n<td width=\"417\">Max. Arbeitsb\u00fchnenh\u00f6he<\/td>\n<td width=\"238\">20 m<\/td>\n<\/tr>\n<tr>\n<td width=\"417\">Max. Arbeitsh\u00f6he<\/td>\n<td>22 m<\/td>\n<\/tr>\n<tr>\n<td width=\"417\">Maximale horizontale Reichweite<\/td>\n<td>11.68 m<\/td>\n<\/tr>\n<tr>\n<td width=\"417\">Maximale H\u00f6he der horizontalen Reichweite<\/td>\n<td>8.95 m<\/td>\n<\/tr>\n<\/tbody>\n<\/table>\n<p>[\/vc_toggle][vc_toggle title=&#8221;ABMESSUNGEN&#8221; css=&#8221;&#8221;]<\/p>\n<table width=\"655\">\n<tbody>\n<tr>\n<td width=\"417\">L\u00e4nge &#8211; eingefahren<\/td>\n<td width=\"238\">9.07 m<\/td>\n<\/tr>\n<tr>\n<td>H\u00f6he &#8211; eingefahren<\/td>\n<td>2.36 m<\/td>\n<\/tr>\n<tr>\n<td>Gesamtbreite<\/td>\n<td>2.46 m<\/td>\n<\/tr>\n<tr>\n<td>Bodenfreiheit &#8211; mittelwert<\/td>\n<td>0.37 m<\/td>\n<\/tr>\n<tr>\n<td>L\u00e4nge der Arbeitsb\u00fchne<\/td>\n<td>2.44 x 0.91 m<\/td>\n<\/tr>\n<\/tbody>\n<\/table>\n<p>[\/vc_toggle][vc_toggle title=&#8221;LEISTUNGSDATEN&#8221; css=&#8221;&#8221;]<\/p>\n<table width=\"655\">\n<tbody>\n<tr>\n<td width=\"417\">Drehung der Plattform<\/td>\n<td width=\"238\">180\u00b0<\/td>\n<\/tr>\n<tr>\n<td>Fahrgeschwindigkeit (eingefahren)<\/td>\n<td>4.8 km\/h<\/td>\n<\/tr>\n<tr>\n<td>Fahrgeschwindigkeit (ausgefahren)<\/td>\n<td>0.8 km\/h<\/td>\n<\/tr>\n<tr>\n<td>Wenderadius (innen\/au\u00dfen)<\/td>\n<td>2.45 m \/ 5.57 m<\/td>\n<\/tr>\n<tr>\n<td>Steigf\u00e4higkeit &#8211; Allradantrieb &#8211; eingefahren<\/td>\n<td>45%<\/td>\n<\/tr>\n<tr>\n<td>Maximal zul\u00e4ssiger Arbeitswinkel<\/td>\n<td>3\/5\u00b0<\/td>\n<\/tr>\n<\/tbody>\n<\/table>\n<p>[\/vc_toggle][\/vc_column_inner][vc_column_inner width=&#8221;1\/2&#8243;][\/vc_column_inner][\/vc_row_inner][\/vc_tta_section][vc_tta_section title=&#8221;MERKMALE UND VORTEILE&#8221; tab_id=&#8221;1623355710952-d36b50a3-81ed&#8221;][vc_row_inner][vc_column_inner width=&#8221;1\/4&#8243;][vc_single_image image=&#8221;1070&#8243; img_size=&#8221;medium&#8221;][\/vc_column_inner][vc_column_inner width=&#8221;3\/4&#8243;][vc_custom_heading text=&#8221;F\u00dcR EUROPA KONZIPIERT&#8221; font_container=&#8221;tag:h3|text_align:left&#8221; use_theme_fonts=&#8221;yes&#8221;][vc_column_text css=&#8221;&#8221;]Zus\u00e4tzlich zu seiner EU-Zertifizierung ist der Sunward SWA 22JE-P, wie alle Sunward-Maschinen auf dem europ\u00e4ischen Markt, auf die Bed\u00fcrfnisse europ\u00e4ischer Kunden zugeschnitten.[\/vc_column_text][\/vc_column_inner][\/vc_row_inner][vc_row_inner][vc_column_inner width=&#8221;1\/4&#8243;][vc_single_image image=&#8221;1205&#8243; img_size=&#8221;medium&#8221;][\/vc_column_inner][vc_column_inner width=&#8221;3\/4&#8243;][vc_custom_heading text=&#8221;SICHERHEIT HAT VORRANG&#8221; font_container=&#8221;tag:h3|text_align:left&#8221; use_theme_fonts=&#8221;yes&#8221;][vc_column_text css=&#8221;&#8221;]<\/p>\n<p data-start=\"0\" data-end=\"103\">Safety and operator confidence are built into every detail of the\u00a0<strong data-start=\"66\" data-end=\"80\">SWA 22JE-P<\/strong>. Key features include:<\/p>\n<ul>\n<li data-start=\"105\" data-end=\"201\"><strong data-start=\"105\" data-end=\"128\">Load Sensing System<\/strong>\u00a0and\u00a0<strong data-start=\"133\" data-end=\"152\">Dual Load Chart<\/strong>\u00a0to ensure safe operation and prevent overloading<\/li>\n<li data-start=\"203\" data-end=\"318\"><strong data-start=\"203\" data-end=\"229\">Tilt Protection System<\/strong>\u00a0and\u00a0<strong data-start=\"234\" data-end=\"262\">Emergency Descent System<\/strong>\u00a0for reliable performance even in challenging conditions<\/li>\n<li data-start=\"320\" data-end=\"413\"><strong data-start=\"320\" data-end=\"358\">360\u00b0 Continuous Turntable Rotation<\/strong>\u00a0for smooth positioning and controlled access at height<\/li>\n<li data-start=\"415\" data-end=\"538\"><strong data-start=\"415\" data-end=\"486\">Flashing Beacon, Motion Alarm, Horn, and On-board Diagnostic System<\/strong>\u00a0providing clear real-time feedback for the operator<\/li>\n<li data-start=\"540\" data-end=\"677\"><strong data-start=\"540\" data-end=\"579\">Hydraulic Automatic Leveling System<\/strong>,\u00a0<strong data-start=\"581\" data-end=\"601\">Oscillating Axle<\/strong>, and\u00a0<strong data-start=\"607\" data-end=\"624\">4-Wheel Drive<\/strong>\u00a0to maintain stability and traction on uneven terrain<\/li>\n<li data-start=\"679\" data-end=\"770\"><strong data-start=\"679\" data-end=\"703\">Anti-crushing device<\/strong>\u00a0for additional operator protection when working in confined spaces<\/li>\n<\/ul>\n<p data-start=\"772\" data-end=\"912\" data-is-last-node=\"\" data-is-only-node=\"\">Operators can work with confidence knowing the lift is engineered to meet demanding safety and performance requirements on modern worksites.<\/p>\n<p>[\/vc_column_text][\/vc_column_inner][\/vc_row_inner][vc_row_inner][vc_column_inner width=&#8221;1\/4&#8243;][vc_single_image image=&#8221;1071&#8243; img_size=&#8221;medium&#8221;][\/vc_column_inner][vc_column_inner width=&#8221;3\/4&#8243;][vc_custom_heading text=&#8221;BESTES PREIS-LEISTUNGS-VERH\u00c4LTNIS&#8221; font_container=&#8221;tag:h3|text_align:left&#8221; use_theme_fonts=&#8221;yes&#8221;][vc_column_text css=&#8221;&#8221;]Sunward ist Ihre kl\u00fcgste Investition in Zuverl\u00e4ssigkeit, Leistung und hohen ROI. Das professionelle Design der SWA 22JE-P umfasst eine durchdachte Auswahl an Komponenten, die den Betrieb und die Wartung optimieren. Unsere Designentscheidungen f\u00fchren zu einer Maschine, die so viele Standardfunktionen, hochwertige Schl\u00fcsselkomponenten und F\u00e4higkeiten zum richtigen Preis bietet.<\/p>\n<p>Dar\u00fcber hinaus sind die Originalersatzteile von Sunward ebenfalls kosteng\u00fcnstig \u2013 und all diese Vorteile werden durch eine bis zu 2-j\u00e4hrige Garantie gekr\u00f6nt, die f\u00fcr alle Hubarbeitsb\u00fchnen von Sunward Standard ist.[\/vc_column_text][\/vc_column_inner][\/vc_row_inner][\/vc_tta_section][vc_tta_section title=&#8221;VIDEO&#8221; tab_id=&#8221;1623857706491-8aa3a03f-cca1&#8243;][vc_video link=&#8221;https:\/\/youtu.be\/uHnQiXTpL68&#8243; css=&#8221;&#8221;][\/vc_tta_section][vc_tta_section title=&#8221;BROCHURE&#8221; tab_id=&#8221;1623857795794-8fd5289e-c5a3&#8243;][vc_row_inner content_placement=&#8221;middle&#8221;][vc_column_inner width=&#8221;1\/4&#8243;][vc_single_image image=&#8221;4553&#8243; img_size=&#8221;large&#8221; css=&#8221;&#8221;][\/vc_column_inner][vc_column_inner width=&#8221;3\/4&#8243;][vc_custom_heading text=&#8221;Product brochure&#8221; font_container=&#8221;tag:h3|text_align:left&#8221; use_theme_fonts=&#8221;yes&#8221;][vc_btn title=&#8221;DOWNLOAD&#8221; color=&#8221;orange&#8221; size=&#8221;lg&#8221; css=&#8221;&#8221; link=&#8221;url:https%3A%2F%2Fsunward.eu%2Fwp-content%2Fuploads%2F2026%2F03%2FSUNWARD_SWA-22JE-P-10.2025_FINAL_HR_DE.pdf|title:Sunward%20SWA%2022JE-P%20Specifications|target:_blank&#8221;][\/vc_column_inner][\/vc_row_inner][\/vc_tta_section][\/vc_tta_accordion][\/vc_column][\/vc_row]<\/p>\n<\/div>","protected":false},"excerpt":{"rendered":"<div class=\"flex flex-col text-sm pb-25\">\n<article class=\"text-token-text-primary w-full focus:outline-none [--shadow-height:45px] has-data-writing-block:pointer-events-none has-data-writing-block:-mt-(--shadow-height) has-data-writing-block:pt-(--shadow-height) [&amp;:has([data-writing-block])&gt;*]:pointer-events-auto scroll-mt-[calc(var(--header-height)+min(200px,max(70px,20svh)))]\" dir=\"auto\" tabindex=\"-1\" data-turn-id=\"request-WEB:cfcff9b5-4cfe-46a5-80c2-89378f51e38f-5\" data-testid=\"conversation-turn-12\" data-scroll-anchor=\"true\" data-turn=\"assistant\">\n<div class=\"text-base my-auto mx-auto pb-10 [--thread-content-margin:var(--thread-content-margin-xs,calc(var(--spacing)*4))] @w-sm\/main:[--thread-content-margin:var(--thread-content-margin-sm,calc(var(--spacing)*6))] @w-lg\/main:[--thread-content-margin:var(--thread-content-margin-lg,calc(var(--spacing)*16))] px-(--thread-content-margin)\">\n<div class=\"[--thread-content-max-width:40rem] @w-lg\/main:[--thread-content-max-width:48rem] mx-auto max-w-(--thread-content-max-width) flex-1 group\/turn-messages focus-visible:outline-hidden relative flex w-full min-w-0 flex-col agent-turn\" tabindex=\"-1\">\n<div class=\"flex max-w-full flex-col gap-4 grow\">\n<div class=\"min-h-8 text-message relative flex w-full flex-col items-end gap-2 text-start break-words whitespace-normal [.text-message+&amp;]:mt-1\" dir=\"auto\" data-message-author-role=\"assistant\" data-message-id=\"37ca99c2-d2d8-4b7e-87b6-283c5602afa4\" data-message-model-slug=\"gpt-5-3\">\n<div class=\"flex w-full flex-col gap-1 empty:hidden\">\n<div class=\"markdown prose dark:prose-invert w-full wrap-break-word dark markdown-new-styling\">\n<p data-start=\"0\" data-end=\"180\">Die <strong data-start=\"4\" data-end=\"18\">SWA 22JE-P<\/strong> ist die fortschrittliche elektrische Gelenkteleskopb\u00fchne von <strong data-start=\"80\" data-end=\"91\">Sunward<\/strong>, entwickelt f\u00fcr hohe Leistung, Sicherheit und Nachhaltigkeit bei Arbeiten in der H\u00f6he.<\/p>\n<p data-start=\"182\" data-end=\"597\" data-is-last-node=\"\" data-is-only-node=\"\">Mit ihrer <strong data-start=\"192\" data-end=\"251\">gro\u00dfen Reichweite und hervorragenden Man\u00f6vrierf\u00e4higkeit<\/strong> eignet sie sich ideal f\u00fcr Eins\u00e4tze im urbanen Bauwesen, bei Wartungsarbeiten sowie in industriellen Anwendungen. Ausgestattet mit <strong data-start=\"382\" data-end=\"421\">intelligenten Sicherheitsfunktionen<\/strong> und angetrieben von <strong data-start=\"442\" data-end=\"497\">Lithium-Batterien f\u00fcr einen emissionsfreien Betrieb<\/strong>, bietet sie eine zuverl\u00e4ssige und umweltfreundliche L\u00f6sung f\u00fcr anspruchsvolle Arbeiten in der H\u00f6he.<\/p>\n<\/div>\n<\/div>\n<\/div>\n<\/div>\n<div class=\"z-0 flex min-h-[46px] justify-start\"><\/div>\n<div class=\"mt-3 w-full empty:hidden\">\n<div class=\"text-center\"><\/div>\n<\/div>\n<\/div>\n<\/div>\n<\/article>\n<\/div>\n<div class=\"pointer-events-none h-px w-px absolute bottom-0\" aria-hidden=\"true\" data-edge=\"true\"><\/div>\n<p> [&#8230;]<\/p>\n<p><a class=\"btn btn-secondary understrap-read-more-link\" href=\"https:\/\/sunward.eu\/de\/product\/swa-22je-p\/\">Weiterlesen&#8230;<\/a><\/p>\n","protected":false},"featured_media":4550,"comment_status":"closed","ping_status":"closed","template":"","meta":{"_acf_changed":false,"inline_featured_image":false},"product_cat":[126],"product_tag":[],"class_list":{"0":"post-4549","1":"product","2":"type-product","3":"status-publish","4":"has-post-thumbnail","6":"product_cat-articulated-boom-lift","7":"pa_emission-rating-eu-stage-5","8":"pa_max-digging-depth-6-750-mm","9":"pa_max-working-height-22-m","10":"pa_operating-weight-7-750-kg","11":"pa_power-output-129-kw","12":"pa_width-2800-mm","14":"first","15":"instock","16":"shipping-taxable","17":"product-type-simple"},"translation":{"provider":"WPGlobus","version":"2.12.2","language":"de","enabled_languages":["en","de","fr","it"],"languages":{"en":{"title":true,"content":true,"excerpt":true},"de":{"title":true,"content":true,"excerpt":true},"fr":{"title":true,"content":true,"excerpt":true},"it":{"title":true,"content":true,"excerpt":true}}},"acf":[],"yoast_head":"<!-- This site is optimized with the Yoast SEO plugin v22.6 - https:\/\/yoast.com\/wordpress\/plugins\/seo\/ -->\n<title>SWA 22JE-P - Sunward Europe (Official Website for EU &amp; UK)<\/title>\n<meta name=\"robots\" content=\"index, follow, max-snippet:-1, max-image-preview:large, max-video-preview:-1\" \/>\n<link rel=\"canonical\" href=\"https:\/\/sunward.eu\/product\/swa-22je-p\/\" \/>\n<meta property=\"og:locale\" content=\"de_DE\" \/>\n<meta property=\"og:type\" content=\"article\" \/>\n<meta property=\"og:title\" content=\"SWA 22JE-P - Sunward Europe (Official Website for EU &amp; UK)\" \/>\n<meta property=\"og:url\" content=\"https:\/\/sunward.eu\/product\/swa-22je-p\/\" \/>\n<meta property=\"og:site_name\" content=\"Sunward Europe (Official Website for EU &amp; UK)\" \/>\n<meta property=\"article:modified_time\" content=\"2026-03-13T14:06:30+00:00\" \/>\n<meta property=\"og:image\" content=\"https:\/\/sunward.eu\/wp-content\/uploads\/2026\/03\/SWA-22JE-P-cut.png\" \/>\n\t<meta property=\"og:image:width\" content=\"1000\" \/>\n\t<meta property=\"og:image:height\" content=\"1000\" \/>\n\t<meta property=\"og:image:type\" content=\"image\/png\" \/>\n<meta name=\"twitter:card\" content=\"summary_large_image\" \/>\n<meta name=\"twitter:label1\" content=\"Est. reading time\" \/>\n\t<meta name=\"twitter:data1\" content=\"3 minutes\" \/>\n<script type=\"application\/ld+json\" class=\"yoast-schema-graph\">{\"@context\":\"https:\/\/schema.org\",\"@graph\":[{\"@type\":\"WebPage\",\"@id\":\"https:\/\/sunward.eu\/product\/swa-22je-p\/\",\"url\":\"https:\/\/sunward.eu\/product\/swa-22je-p\/\",\"name\":\"SWA 22JE-P - Sunward Europe (Official Website for EU &amp; UK)\",\"isPartOf\":{\"@id\":\"https:\/\/sunward.eu\/#website\"},\"primaryImageOfPage\":{\"@id\":\"https:\/\/sunward.eu\/product\/swa-22je-p\/#primaryimage\"},\"image\":{\"@id\":\"https:\/\/sunward.eu\/product\/swa-22je-p\/#primaryimage\"},\"thumbnailUrl\":\"https:\/\/sunward.eu\/wp-content\/uploads\/2026\/03\/SWA-22JE-P-cut.png\",\"datePublished\":\"2026-03-13T12:28:29+00:00\",\"dateModified\":\"2026-03-13T14:06:30+00:00\",\"breadcrumb\":{\"@id\":\"https:\/\/sunward.eu\/product\/swa-22je-p\/#breadcrumb\"},\"inLanguage\":\"de-DE\",\"potentialAction\":[{\"@type\":\"ReadAction\",\"target\":[\"https:\/\/sunward.eu\/product\/swa-22je-p\/\"]}]},{\"@type\":\"ImageObject\",\"inLanguage\":\"de-DE\",\"@id\":\"https:\/\/sunward.eu\/product\/swa-22je-p\/#primaryimage\",\"url\":\"https:\/\/sunward.eu\/wp-content\/uploads\/2026\/03\/SWA-22JE-P-cut.png\",\"contentUrl\":\"https:\/\/sunward.eu\/wp-content\/uploads\/2026\/03\/SWA-22JE-P-cut.png\",\"width\":1000,\"height\":1000},{\"@type\":\"BreadcrumbList\",\"@id\":\"https:\/\/sunward.eu\/product\/swa-22je-p\/#breadcrumb\",\"itemListElement\":[{\"@type\":\"ListItem\",\"position\":1,\"name\":\"Home\",\"item\":\"https:\/\/sunward.eu\/\"},{\"@type\":\"ListItem\",\"position\":2,\"name\":\"Products\",\"item\":\"https:\/\/sunward.eu\/shop\/\"},{\"@type\":\"ListItem\",\"position\":3,\"name\":\"{:en}Articulated Boom Lifts{:}{:de}Gelenkarbeitsbuehnen{:}{:fr}Nacelles articul\u00e9es{:}{:it}Piattaforme aeree articolate{:}\",\"item\":\"https:\/\/sunward.eu\/product-category\/articulated-boom-lift\/\"},{\"@type\":\"ListItem\",\"position\":4,\"name\":\"SWA 22JE-P\"}]},{\"@type\":\"WebSite\",\"@id\":\"https:\/\/sunward.eu\/#website\",\"url\":\"https:\/\/sunward.eu\/\",\"name\":\"Sunward Europe (Official Website for EU &amp; UK)\",\"description\":\"The smart choice\",\"publisher\":{\"@id\":\"https:\/\/sunward.eu\/#organization\"},\"potentialAction\":[{\"@type\":\"SearchAction\",\"target\":{\"@type\":\"EntryPoint\",\"urlTemplate\":\"https:\/\/sunward.eu\/?s={search_term_string}\"},\"query-input\":\"required name=search_term_string\"}],\"inLanguage\":\"de-DE\"},{\"@type\":\"Organization\",\"@id\":\"https:\/\/sunward.eu\/#organization\",\"name\":\"Sunward Europe (Official Website for EU &amp; UK)\",\"url\":\"https:\/\/sunward.eu\/\",\"logo\":{\"@type\":\"ImageObject\",\"inLanguage\":\"de-DE\",\"@id\":\"https:\/\/sunward.eu\/#\/schema\/logo\/image\/\",\"url\":\"https:\/\/sunward.eu\/wp-content\/uploads\/2022\/01\/Website_Sunward_logo_top_180x63px.png\",\"contentUrl\":\"https:\/\/sunward.eu\/wp-content\/uploads\/2022\/01\/Website_Sunward_logo_top_180x63px.png\",\"width\":180,\"height\":63,\"caption\":\"Sunward Europe (Official Website for EU &amp; UK)\"},\"image\":{\"@id\":\"https:\/\/sunward.eu\/#\/schema\/logo\/image\/\"}}]}<\/script>\n<!-- \/ Yoast SEO plugin. -->","yoast_head_json":{"title":"SWA 22JE-P - Sunward Europe (Official Website for EU &amp; UK)","robots":{"index":"index","follow":"follow","max-snippet":"max-snippet:-1","max-image-preview":"max-image-preview:large","max-video-preview":"max-video-preview:-1"},"canonical":"https:\/\/sunward.eu\/product\/swa-22je-p\/","og_locale":"de_DE","og_type":"article","og_title":"SWA 22JE-P - Sunward Europe (Official Website for EU &amp; UK)","og_url":"https:\/\/sunward.eu\/product\/swa-22je-p\/","og_site_name":"Sunward Europe (Official Website for EU &amp; UK)","article_modified_time":"2026-03-13T14:06:30+00:00","og_image":[{"width":1000,"height":1000,"url":"https:\/\/sunward.eu\/wp-content\/uploads\/2026\/03\/SWA-22JE-P-cut.png","type":"image\/png"}],"twitter_card":"summary_large_image","twitter_misc":{"Est. reading time":"3 minutes"},"schema":{"@context":"https:\/\/schema.org","@graph":[{"@type":"WebPage","@id":"https:\/\/sunward.eu\/product\/swa-22je-p\/","url":"https:\/\/sunward.eu\/product\/swa-22je-p\/","name":"SWA 22JE-P - Sunward Europe (Official Website for EU &amp; UK)","isPartOf":{"@id":"https:\/\/sunward.eu\/#website"},"primaryImageOfPage":{"@id":"https:\/\/sunward.eu\/product\/swa-22je-p\/#primaryimage"},"image":{"@id":"https:\/\/sunward.eu\/product\/swa-22je-p\/#primaryimage"},"thumbnailUrl":"https:\/\/sunward.eu\/wp-content\/uploads\/2026\/03\/SWA-22JE-P-cut.png","datePublished":"2026-03-13T12:28:29+00:00","dateModified":"2026-03-13T14:06:30+00:00","breadcrumb":{"@id":"https:\/\/sunward.eu\/product\/swa-22je-p\/#breadcrumb"},"inLanguage":"de-DE","potentialAction":[{"@type":"ReadAction","target":["https:\/\/sunward.eu\/product\/swa-22je-p\/"]}]},{"@type":"ImageObject","inLanguage":"de-DE","@id":"https:\/\/sunward.eu\/product\/swa-22je-p\/#primaryimage","url":"https:\/\/sunward.eu\/wp-content\/uploads\/2026\/03\/SWA-22JE-P-cut.png","contentUrl":"https:\/\/sunward.eu\/wp-content\/uploads\/2026\/03\/SWA-22JE-P-cut.png","width":1000,"height":1000},{"@type":"BreadcrumbList","@id":"https:\/\/sunward.eu\/product\/swa-22je-p\/#breadcrumb","itemListElement":[{"@type":"ListItem","position":1,"name":"Home","item":"https:\/\/sunward.eu\/"},{"@type":"ListItem","position":2,"name":"Products","item":"https:\/\/sunward.eu\/shop\/"},{"@type":"ListItem","position":3,"name":"{:en}Articulated Boom Lifts{:}{:de}Gelenkarbeitsbuehnen{:}{:fr}Nacelles articul\u00e9es{:}{:it}Piattaforme aeree articolate{:}","item":"https:\/\/sunward.eu\/product-category\/articulated-boom-lift\/"},{"@type":"ListItem","position":4,"name":"SWA 22JE-P"}]},{"@type":"WebSite","@id":"https:\/\/sunward.eu\/#website","url":"https:\/\/sunward.eu\/","name":"Sunward Europe (Official Website for EU &amp; UK)","description":"The smart choice","publisher":{"@id":"https:\/\/sunward.eu\/#organization"},"potentialAction":[{"@type":"SearchAction","target":{"@type":"EntryPoint","urlTemplate":"https:\/\/sunward.eu\/?s={search_term_string}"},"query-input":"required name=search_term_string"}],"inLanguage":"de-DE"},{"@type":"Organization","@id":"https:\/\/sunward.eu\/#organization","name":"Sunward Europe (Official Website for EU &amp; UK)","url":"https:\/\/sunward.eu\/","logo":{"@type":"ImageObject","inLanguage":"de-DE","@id":"https:\/\/sunward.eu\/#\/schema\/logo\/image\/","url":"https:\/\/sunward.eu\/wp-content\/uploads\/2022\/01\/Website_Sunward_logo_top_180x63px.png","contentUrl":"https:\/\/sunward.eu\/wp-content\/uploads\/2022\/01\/Website_Sunward_logo_top_180x63px.png","width":180,"height":63,"caption":"Sunward Europe (Official Website for EU &amp; UK)"},"image":{"@id":"https:\/\/sunward.eu\/#\/schema\/logo\/image\/"}}]}},"_links":{"self":[{"href":"https:\/\/sunward.eu\/de\/wp-json\/wp\/v2\/product\/4549","targetHints":{"allow":["GET"]}}],"collection":[{"href":"https:\/\/sunward.eu\/de\/wp-json\/wp\/v2\/product"}],"about":[{"href":"https:\/\/sunward.eu\/de\/wp-json\/wp\/v2\/types\/product"}],"replies":[{"embeddable":true,"href":"https:\/\/sunward.eu\/de\/wp-json\/wp\/v2\/comments?post=4549"}],"wp:featuredmedia":[{"embeddable":true,"href":"https:\/\/sunward.eu\/de\/wp-json\/wp\/v2\/media\/4550"}],"wp:attachment":[{"href":"https:\/\/sunward.eu\/de\/wp-json\/wp\/v2\/media?parent=4549"}],"wp:term":[{"taxonomy":"product_cat","embeddable":true,"href":"https:\/\/sunward.eu\/de\/wp-json\/wp\/v2\/product_cat?post=4549"},{"taxonomy":"product_tag","embeddable":true,"href":"https:\/\/sunward.eu\/de\/wp-json\/wp\/v2\/product_tag?post=4549"}],"curies":[{"name":"wp","href":"https:\/\/api.w.org\/{rel}","templated":true}]}}