{"id":4361,"date":"2025-09-10T15:47:06","date_gmt":"2025-09-10T13:47:06","guid":{"rendered":"https:\/\/sunward.eu\/?post_type=product&#038;p=4361"},"modified":"2025-09-11T17:09:32","modified_gmt":"2025-09-11T15:09:32","slug":"swe-155uf","status":"publish","type":"product","link":"https:\/\/sunward.eu\/de\/product\/swe-155uf\/","title":{"rendered":"SWE 155UF"},"content":{"rendered":"<div class=\"wpb-content-wrapper\"><p>[vc_row][vc_column][vc_tta_accordion style=&#8221;flat&#8221; c_icon=&#8221;chevron&#8221; c_position=&#8221;right&#8221; active_section=&#8221;1&#8243; no_fill=&#8221;true&#8221; el_class=&#8221;custom-accordion&#8221;][vc_tta_section title=&#8221;TECHNISCHE DATEN&#8221; tab_id=&#8221;1623355628079-f58b5c44-7c4b&#8221;][vc_custom_heading text=&#8221;SUNWARD SWE 155UF-2PB&#8221; font_container=&#8221;tag:h3|text_align:left&#8221; use_theme_fonts=&#8221;yes&#8221;][vc_column_text css=&#8221;&#8221;]<\/p>\n<p data-start=\"85\" data-end=\"403\">Sie suchen einen leistungsstarken und zuverl\u00e4ssigen Bagger, der Effizienz mit Vielseitigkeit verbindet?<br data-start=\"192\" data-end=\"195\" \/>Der mittelgro\u00dfe Sunward SWE 155UF \u00fcberzeugt durch hohe Leistungsf\u00e4higkeit, Zuverl\u00e4ssigkeit, geringe Ger\u00e4uschentwicklung und Energieeffizienz \u2013 und ist damit der perfekte Partner f\u00fcr anspruchsvolle Eins\u00e4tze.<\/p>\n<p data-start=\"405\" data-end=\"732\">Der eigens entwickelte Bogenhubmechanismus des SWE 155UF zeichnet sich durch eine einfache, robuste Konstruktion mit hoher Tragf\u00e4higkeit und herausragender Zuverl\u00e4ssigkeit aus. In Kombination mit dem ISO-Pilotmodus sorgt er f\u00fcr eine reibungslose, flexible Steuerung und eine exzellente Inching-Leistung f\u00fcr pr\u00e4zises Arbeiten.<\/p>\n<p data-start=\"734\" data-end=\"1107\">Dieser Bagger ist konsequent auf Ihre Anforderungen ausgelegt. Mit der internationalen Universal-Schnellwechselvorrichtung lassen sich Anbauger\u00e4te wie Reinigungs-, Fr\u00e4s- oder Schneer\u00e4umger\u00e4te m\u00fchelos wechseln. Serienm\u00e4\u00dfig integrierte Funktionen wie \u201eSchaufelschwimmen\u201c und \u201eautomatische Nivellierung\u201c steigern Produktivit\u00e4t und Effizienz zus\u00e4tzlich \u2013 auf jeder Baustelle.<\/p>\n<p data-start=\"1109\" data-end=\"1258\">Auch die Wartung gestaltet sich besonders einfach: Der rundum zug\u00e4ngliche Wartungsraum erm\u00f6glicht schnellen Zugriff auf alle wichtigen Komponenten.<\/p>\n<p data-start=\"1260\" data-end=\"1524\">Ganz in der Tradition von Sunward, stets das beste Preis-Leistungs-Verh\u00e4ltnis zu bieten, macht auch der SWE 155UF keine Ausnahme. Er kombiniert Leistung, Vielseitigkeit und Komfort \u2013 zu einem fairen Preis und inklusive einer Standardgarantie von bis zu 5 Jahren.<\/p>\n<p data-start=\"1526\" data-end=\"1597\">Entdecken Sie jetzt die zahlreichen Vorteile des Sunward SWE 155UF.<\/p>\n<p>[\/vc_column_text][vc_row_inner][vc_column_inner width=&#8221;1\/2&#8243;][vc_toggle title=&#8221;ABMESSUNGEN&#8221; css=&#8221;&#8221;]<\/p>\n<table width=\"655\">\n<tbody>\n<tr>\n<td width=\"417\">Betriebsgewicht<\/td>\n<td width=\"238\">16 500 kg<\/td>\n<\/tr>\n<tr>\n<td width=\"417\">Standard-L\u00f6ffelvolumen<\/td>\n<td>0.61 m\u00b3<\/td>\n<\/tr>\n<tr>\n<td width=\"417\">Transportl\u00e4nge<\/td>\n<td>7 910 mm<\/td>\n<\/tr>\n<tr>\n<td width=\"417\">Transportbreite<\/td>\n<td>2 600 mm<\/td>\n<\/tr>\n<tr>\n<td width=\"417\">H\u00f6he \u00fcber Kabine<\/td>\n<td>2 945 mm<\/td>\n<\/tr>\n<\/tbody>\n<\/table>\n<p>[\/vc_toggle][vc_toggle title=&#8221;MOTOR&#8221; css=&#8221;&#8221;]<\/p>\n<table width=\"655\">\n<tbody>\n<tr>\n<td width=\"417\">Modell<\/td>\n<td width=\"238\">Cummins QSF3. 8<\/td>\n<\/tr>\n<tr>\n<td>Emissionsstufe<\/td>\n<td>EU Stufe V<\/td>\n<\/tr>\n<tr>\n<td>Hubraum<\/td>\n<td>3.8 L<\/td>\n<\/tr>\n<tr>\n<td>Nennausgangsleistung<\/td>\n<td>90 kW<\/td>\n<\/tr>\n<\/tbody>\n<\/table>\n<p>[\/vc_toggle][vc_toggle title=&#8221;HYDRAULIKSYSTEM&#8221; css=&#8221;&#8221;]<\/p>\n<table width=\"655\">\n<tbody>\n<tr>\n<td width=\"417\">Typ<\/td>\n<td width=\"238\">variable piston pumps<\/td>\n<\/tr>\n<tr>\n<td>Hubraum<\/td>\n<td>165 * 2 + 44 L\/min<\/td>\n<\/tr>\n<tr>\n<td>Hydraulikdruck<\/td>\n<td>34.3 \/ 31.4 Mpa<\/td>\n<\/tr>\n<\/tbody>\n<\/table>\n<p>[\/vc_toggle][vc_toggle title=&#8221;ARBEITSBEREICH&#8221; css=&#8221;&#8221;]<\/p>\n<table width=\"655\">\n<tbody>\n<tr>\n<td width=\"417\">Max. Grabtiefe<\/td>\n<td width=\"238\">5 525 mm<\/td>\n<\/tr>\n<tr>\n<td>Max. Grabreichweite<\/td>\n<td>8 370 mm<\/td>\n<\/tr>\n<tr>\n<td>Max. Grabkraft L\u00f6ffel<\/td>\n<td>100 kN<\/td>\n<\/tr>\n<tr>\n<td>Max. Grabkraft L\u00f6ffelstiel<\/td>\n<td>76 kN<\/td>\n<\/tr>\n<\/tbody>\n<\/table>\n<p>[\/vc_toggle][\/vc_column_inner][vc_column_inner width=&#8221;1\/2&#8243;][\/vc_column_inner][\/vc_row_inner][\/vc_tta_section][vc_tta_section title=&#8221;MERKMALE UND VORTEILE&#8221; tab_id=&#8221;1623355710952-d36b50a3-81ed&#8221;][vc_row_inner][vc_column_inner width=&#8221;1\/4&#8243;][vc_single_image image=&#8221;1070&#8243; img_size=&#8221;medium&#8221;][\/vc_column_inner][vc_column_inner width=&#8221;3\/4&#8243;][vc_custom_heading text=&#8221;F\u00dcR EUROPA KONZIPIERT&#8221; font_container=&#8221;tag:h3|text_align:left&#8221; use_theme_fonts=&#8221;yes&#8221;][vc_column_text css=&#8221;&#8221;]Zus\u00e4tzlich zur EU-Zertifizierung wurde der Sunward SWE 155UF \u2013 wie alle Sunward-Maschinen auf dem europ\u00e4ischen Markt \u2013 speziell entwickelt, um den Anforderungen europ\u00e4ischer Kunden gerecht zu werden.[\/vc_column_text][\/vc_column_inner][\/vc_row_inner][vc_separator][vc_row_inner][vc_column_inner width=&#8221;1\/4&#8243;][vc_single_image image=&#8221;1240&#8243; img_size=&#8221;medium&#8221;][\/vc_column_inner][vc_column_inner width=&#8221;3\/4&#8243;][vc_custom_heading text=&#8221;LEISTUNGSF\u00c4HIGE UND ZUVERL\u00c4SSIGE MASCHINE&#8221; font_container=&#8221;tag:h3|text_align:left&#8221; use_theme_fonts=&#8221;yes&#8221;][vc_column_text css=&#8221;&#8221;]Der kompakte Cummins QSF3.8-Motor liefert bis zu 90 kW Leistung \u2013 ohne Abstriche bei Kraftstoffeffizienz, Zuverl\u00e4ssigkeit oder Leistungsst\u00e4rke \u2013 und erreicht dabei nahezu null Emissionen. Dank seines hervorragenden Markt\u00adrufs und der Unterst\u00fctzung durch ein umfassendes Servicenetzwerk ist er die ideale Antriebsquelle f\u00fcr den Sunward SWE 155UF. Selbstverst\u00e4ndlich erf\u00fcllt er die strengen EU-Abgasnormen der Stufe V.[\/vc_column_text][\/vc_column_inner][\/vc_row_inner][vc_separator][vc_row_inner][vc_column_inner width=&#8221;1\/4&#8243;][vc_single_image image=&#8221;1091&#8243; img_size=&#8221;medium&#8221;][\/vc_column_inner][vc_column_inner width=&#8221;3\/4&#8243;][vc_custom_heading text=&#8221;PREMIUM-KOMPONENTEN&#8221; font_container=&#8221;tag:h3|text_align:left&#8221; use_theme_fonts=&#8221;yes&#8221;][vc_column_text css=&#8221;&#8221;]Jede Schl\u00fcsselkomponente in Sunward-Baggern wird mit gr\u00f6\u00dfter Sorgfalt ausgew\u00e4hlt \u2013 vom Cummins-Motor bis hin zum Hydrauliksystem. Da die Hydraulik das Herzst\u00fcck der Maschine bildet, setzt Sunward ausschlie\u00dflich auf f\u00fchrende Hersteller, die f\u00fcr Qualit\u00e4t und Leistung stehen. Beim SWE 155UF stammen die Hydraulikpumpe, der Schwenkmotor und das Hauptsteuerventil (MCV) von bew\u00e4hrten Partnern. Diese zuverl\u00e4ssigen Komponenten sind darauf ausgelegt, den harten Anforderungen des Baggerbetriebs standzuhalten und gleichzeitig h\u00f6chste Effizienz, Langlebigkeit und eine lange Lebensdauer zu gew\u00e4hrleisten.[\/vc_column_text][\/vc_column_inner][\/vc_row_inner][vc_separator][vc_row_inner][vc_column_inner width=&#8221;1\/4&#8243;][vc_single_image image=&#8221;1241&#8243; img_size=&#8221;medium&#8221;][\/vc_column_inner][vc_column_inner width=&#8221;3\/4&#8243;][vc_custom_heading text=&#8221;GEBAUT F\u00dcR DIE EWIGKEIT&#8221; font_container=&#8221;tag:h3|text_align:left&#8221; use_theme_fonts=&#8221;yes&#8221;][vc_column_text css=&#8221;&#8221;]<\/p>\n<p data-start=\"70\" data-end=\"478\">Der SWE 155UF ist konsequent auf Langlebigkeit ausgelegt. Sein Cummins-Motor ist selbst unter extremen Einsatzbedingungen f\u00fcr h\u00f6chste Zuverl\u00e4ssigkeit bekannt. Zentrale Bauteile wie Ausleger und Arm sind mit verst\u00e4rkter Blechdicke konstruiert, w\u00e4hrend alle St\u00fctzelemente aus hochfestem, hochduktilem Schmiedestahl gefertigt werden \u2013 f\u00fcr au\u00dfergew\u00f6hnliche Verschlei\u00dffestigkeit und strukturelle Stabilit\u00e4t.<\/p>\n<p data-start=\"480\" data-end=\"907\">Zur weiteren Erh\u00f6hung der Zuverl\u00e4ssigkeit werden die Hochleistungskomponenten einem pr\u00e4zise kontrollierten Gl\u00fchprozess bei 600\u2013800 \u00b0C unterzogen. Dieses Verfahren beseitigt Restspannungen in den Schwei\u00dfn\u00e4hten, verhindert Materialdefekte und verl\u00e4ngert die Lebensdauer erheblich. Anders als bei herk\u00f6mmlichen, schnelleren Abk\u00fchlmethoden stellt Sunward damit eine gleichbleibend hohe Qualit\u00e4t und dauerhafte Haltbarkeit sicher.<\/p>\n<p data-start=\"909\" data-end=\"1162\">Abgerundet wird das robuste Gesamtkonzept durch das verst\u00e4rkte X-Chassis, das eine hervorragende Verformungsbest\u00e4ndigkeit bietet und dem SWE 155UF die f\u00fcr schwere Eins\u00e4tze in anspruchsvollen Umgebungen erforderliche Festigkeit und Stabilit\u00e4t verleiht.<\/p>\n<p>[\/vc_column_text][\/vc_column_inner][\/vc_row_inner][vc_separator][vc_row_inner][vc_column_inner width=&#8221;1\/4&#8243;][vc_single_image image=&#8221;1242&#8243; img_size=&#8221;medium&#8221;][\/vc_column_inner][vc_column_inner width=&#8221;3\/4&#8243;][vc_custom_heading text=&#8221;NIEDRIGER VERBRAUCH&#8221; font_container=&#8221;tag:h3|text_align:left&#8221; use_theme_fonts=&#8221;yes&#8221;][vc_column_text css=&#8221;&#8221;]<\/p>\n<p data-start=\"56\" data-end=\"362\">Der kompakte Cummins QSF3.8-Reihenvierzylindermotor des SWE 155UF reduziert den Kraftstoffverbrauch und verbessert die Gesamteffizienz beim Fl\u00fcssigkeitsverbrauch \u2013 sowohl f\u00fcr Diesel als auch f\u00fcr Diesel-Abgasfl\u00fcssigkeit \u2013 um bis zu 3 %, ohne dabei Kompromisse bei Leistung oder Performance einzugehen.<\/p>\n<p data-start=\"364\" data-end=\"536\">Zus\u00e4tzlich tr\u00e4gt das fortschrittliche Hydrauliksystem von Sunward zu einer au\u00dfergew\u00f6hnlichen Effizienz bei und unterst\u00fctzt den niedrigen Kraftstoffverbrauch der Maschine.<\/p>\n<p>[\/vc_column_text][\/vc_column_inner][\/vc_row_inner][vc_separator][vc_row_inner][vc_column_inner width=&#8221;1\/4&#8243;][vc_single_image image=&#8221;1243&#8243; img_size=&#8221;medium&#8221;][\/vc_column_inner][vc_column_inner width=&#8221;3\/4&#8243;][vc_custom_heading text=&#8221;VIELSEITIGKEIT ALS KONZEPT&#8221; font_container=&#8221;tag:h3|text_align:left&#8221; use_theme_fonts=&#8221;yes&#8221;][vc_column_text css=&#8221;&#8221;]<\/p>\n<p class=\"\" data-start=\"48\" data-end=\"399\">Getreu dem Sunward-Motto \u201eInnovation Leads to Value\u201c wurde der SWE 155UF entwickelt, um seinen Besitzern maximalen Nutzen und den Bedienern herausragende Vielseitigkeit zu bieten. Er passt sich m\u00fchelos unterschiedlichsten Baustellenbedingungen und Anwendungen an. Dank drei separater Zusatzleitungen \u2013 davon zwei mit Absperrventilen f\u00fcr eine schnelle und leckagefreie Montage von Anbauger\u00e4ten \u2013 sowie drei Arbeitsmodi f\u00fcr die Schaufel k\u00f6nnen Bediener das volle Potenzial der Maschine in nur wenigen Minuten aussch\u00f6pfen.<\/p>\n<p>[\/vc_column_text][\/vc_column_inner][\/vc_row_inner][vc_separator][vc_row_inner][vc_column_inner width=&#8221;1\/4&#8243;][vc_single_image image=&#8221;1146&#8243; img_size=&#8221;medium&#8221;][\/vc_column_inner][vc_column_inner width=&#8221;3\/4&#8243;][vc_custom_heading text=&#8221;WARTUNGSFREUNDLICH&#8221; font_container=&#8221;tag:h3|text_align:left&#8221; use_theme_fonts=&#8221;yes&#8221;][vc_column_text css=&#8221;&#8221;]Um Wartungszeiten zu verk\u00fcrzen und Kosten zu senken, ist der SWE 155UF mit vollst\u00e4ndig zu \u00f6ffnenden Heck- und Seitenabdeckungen ausgestattet, die direkten Zugang zu allen wichtigen Wartungspunkten erm\u00f6glichen. Techniker profitieren vom einfachen Zugang zum Kraftstofftank, zentral angeordneten Schmiernippeln und einem gro\u00dfz\u00fcgigen Arbeitsbereich \u2013 so gestaltet sich die Wartung ebenso m\u00fchelos wie der Betrieb.[\/vc_column_text][\/vc_column_inner][\/vc_row_inner][vc_separator][vc_row_inner][vc_column_inner width=&#8221;1\/4&#8243;][vc_single_image image=&#8221;1205&#8243; img_size=&#8221;medium&#8221;][\/vc_column_inner][vc_column_inner width=&#8221;3\/4&#8243;][vc_custom_heading text=&#8221;SICHERHEITSKABINE&#8221; font_container=&#8221;tag:h3|text_align:left&#8221; use_theme_fonts=&#8221;yes&#8221;][vc_column_text css=&#8221;&#8221;]<\/p>\n<p class=\"\" data-start=\"48\" data-end=\"273\">Die Kabine des SWE 155UF erf\u00fcllt die EU-zertifizierten FOPS-, TOPS- und ROPS-Normen und bietet \u2013 wie auch das Modell SWE 155F \u2013 einen sicheren Arbeitsbereich in jeder Umgebung. Trotz ihrer kompakten Au\u00dfenma\u00dfe ist sie innen gro\u00dfz\u00fcgig gestaltet und bietet Fahrern jeder Gr\u00f6\u00dfe ausreichend Platz. Gro\u00dffl\u00e4chige Fenster sorgen f\u00fcr optimale Rundumsicht, w\u00e4hrend das ergonomisch durchdachte Interieur komfortables und konzentriertes Arbeiten erm\u00f6glicht \u2013 auch an langen Arbeitstagen.<\/p>\n<p>[\/vc_column_text][\/vc_column_inner][\/vc_row_inner][vc_separator][vc_row_inner][vc_column_inner width=&#8221;1\/4&#8243;][vc_single_image image=&#8221;1071&#8243; img_size=&#8221;medium&#8221;][\/vc_column_inner][vc_column_inner width=&#8221;3\/4&#8243;][vc_custom_heading text=&#8221;BESTES PREIS-LEISTUNGS-VERH\u00c4LTNIS&#8221; font_container=&#8221;tag:h3|text_align:left&#8221; use_theme_fonts=&#8221;yes&#8221;][vc_column_text css=&#8221;&#8221;]<\/p>\n<p data-start=\"56\" data-end=\"471\">Sunward ist Ihre intelligente Investition in Zuverl\u00e4ssigkeit, Leistung und langfristigen Wert. Der SWE 155UF wird aus sorgf\u00e4ltig ausgew\u00e4hlten Premium-Komponenten gefertigt, die Betrieb und Wartung erleichtern und zugleich eine lange Lebensdauer sicherstellen. Mit zahlreichen Standardfunktionen und einem ausgewogenen Verh\u00e4ltnis von Leistung und Kosten bietet er ein herausragendes Preis-Leistungs-Verh\u00e4ltnis.<\/p>\n<p data-start=\"473\" data-end=\"700\">Zum Schutz Ihrer Investition sind originale Sunward-Ersatzteile nicht nur zuverl\u00e4ssig, sondern auch wirtschaftlich. Und wie alle Sunward-Maschinen verf\u00fcgt auch der SWE 155UF serienm\u00e4\u00dfig \u00fcber eine Garantie von bis zu 5 Jahren.<\/p>\n<p>[\/vc_column_text][\/vc_column_inner][\/vc_row_inner][\/vc_tta_section][vc_tta_section title=&#8221;VIDEO&#8221; tab_id=&#8221;1623857706491-8aa3a03f-cca1&#8243;][vc_video link=&#8221;https:\/\/youtu.be\/1Ll8m9Y9d8Q&#8221;][\/vc_tta_section][vc_tta_section title=&#8221;BROCHURE&#8221; tab_id=&#8221;1623857795794-8fd5289e-c5a3&#8243;][vc_row_inner content_placement=&#8221;middle&#8221;][vc_column_inner width=&#8221;1\/4&#8243;][vc_single_image image=&#8221;4367&#8243; img_size=&#8221;large&#8221; css=&#8221;&#8221;][\/vc_column_inner][vc_column_inner width=&#8221;3\/4&#8243;][vc_custom_heading text=&#8221;Product brochure&#8221; font_container=&#8221;tag:h3|text_align:left&#8221; use_theme_fonts=&#8221;yes&#8221;][vc_btn title=&#8221;DOWNLOAD&#8221; color=&#8221;orange&#8221; size=&#8221;lg&#8221; css=&#8221;&#8221; link=&#8221;url:https%3A%2F%2Fsunward.eu%2Fwp-content%2Fuploads%2F2025%2F05%2FSUNWARD_SWE-155UF-2PB_05.2025_FINAL_HR_DE.pdf|title:Sunward%20SWE%20155F%20Product%20Brochure|target:_blank&#8221;][\/vc_column_inner][\/vc_row_inner][\/vc_tta_section][\/vc_tta_accordion][\/vc_column][\/vc_row]<\/p>\n<\/div>","protected":false},"excerpt":{"rendered":"<p>Sie suchen einen Bagger, der Kraft und Pr\u00e4zision vereint und dabei effizient sowie zuverl\u00e4ssig arbeitet? Der mittelgro\u00dfe Sunward SWE 155UF \u00fcberzeugt mit einem robusten Bogenhubmechanismus und flexiblen ISO-Pilotsteuerungen und eignet sich dadurch ideal f\u00fcr eine Vielzahl von Anwendungen. Er ist vielseitig, langlebig, ger\u00e4uscharm, energiesparend und wartungsfreundlich \u2013 und garantiert somit eine lange Lebensdauer. [&#8230;]<\/p>\n<p><a class=\"btn btn-secondary understrap-read-more-link\" href=\"https:\/\/sunward.eu\/de\/product\/swe-155uf\/\">Weiterlesen&#8230;<\/a><\/p>\n","protected":false},"featured_media":4363,"comment_status":"closed","ping_status":"closed","template":"","meta":{"_acf_changed":false,"inline_featured_image":false},"product_cat":[26,35],"product_tag":[],"class_list":{"0":"post-4361","1":"product","2":"type-product","3":"status-publish","4":"has-post-thumbnail","6":"product_cat-excavators","7":"product_cat-medium-excavators","8":"pa_emission-rating-eu-stage-5","9":"pa_max-digging-depth-5-525-mm","10":"pa_operating-weight-16-500-kg","11":"pa_power-output-90-kw","12":"pa_width-2600-mm","14":"first","15":"instock","16":"shipping-taxable","17":"product-type-simple"},"translation":{"provider":"WPGlobus","version":"2.12.2","language":"de","enabled_languages":["en","de","fr","it"],"languages":{"en":{"title":true,"content":true,"excerpt":true},"de":{"title":true,"content":true,"excerpt":true},"fr":{"title":true,"content":true,"excerpt":true},"it":{"title":true,"content":true,"excerpt":true}}},"acf":[],"yoast_head":"<!-- This site is optimized with the Yoast SEO plugin v22.6 - https:\/\/yoast.com\/wordpress\/plugins\/seo\/ -->\n<title>SWE 155UF - Sunward Europe (Official Website for EU &amp; UK)<\/title>\n<meta name=\"robots\" content=\"index, follow, max-snippet:-1, max-image-preview:large, max-video-preview:-1\" \/>\n<link rel=\"canonical\" href=\"https:\/\/sunward.eu\/product\/swe-155uf\/\" \/>\n<meta property=\"og:locale\" content=\"de_DE\" \/>\n<meta property=\"og:type\" content=\"article\" \/>\n<meta property=\"og:title\" content=\"SWE 155UF - Sunward Europe (Official Website for EU &amp; UK)\" \/>\n<meta property=\"og:url\" content=\"https:\/\/sunward.eu\/product\/swe-155uf\/\" \/>\n<meta property=\"og:site_name\" content=\"Sunward Europe (Official Website for EU &amp; UK)\" \/>\n<meta property=\"article:modified_time\" content=\"2025-09-11T15:09:32+00:00\" \/>\n<meta property=\"og:image\" content=\"https:\/\/sunward.eu\/wp-content\/uploads\/2025\/09\/SWE-155UF-main.png\" \/>\n\t<meta property=\"og:image:width\" content=\"1000\" \/>\n\t<meta property=\"og:image:height\" content=\"1000\" \/>\n\t<meta property=\"og:image:type\" content=\"image\/png\" \/>\n<meta name=\"twitter:card\" content=\"summary_large_image\" \/>\n<meta name=\"twitter:label1\" content=\"Est. reading time\" \/>\n\t<meta name=\"twitter:data1\" content=\"5 minutes\" \/>\n<script type=\"application\/ld+json\" class=\"yoast-schema-graph\">{\"@context\":\"https:\/\/schema.org\",\"@graph\":[{\"@type\":\"WebPage\",\"@id\":\"https:\/\/sunward.eu\/product\/swe-155uf\/\",\"url\":\"https:\/\/sunward.eu\/product\/swe-155uf\/\",\"name\":\"SWE 155UF - Sunward Europe (Official Website for EU &amp; UK)\",\"isPartOf\":{\"@id\":\"https:\/\/sunward.eu\/#website\"},\"primaryImageOfPage\":{\"@id\":\"https:\/\/sunward.eu\/product\/swe-155uf\/#primaryimage\"},\"image\":{\"@id\":\"https:\/\/sunward.eu\/product\/swe-155uf\/#primaryimage\"},\"thumbnailUrl\":\"https:\/\/sunward.eu\/wp-content\/uploads\/2025\/09\/SWE-155UF-main.png\",\"datePublished\":\"2025-09-10T13:47:06+00:00\",\"dateModified\":\"2025-09-11T15:09:32+00:00\",\"breadcrumb\":{\"@id\":\"https:\/\/sunward.eu\/product\/swe-155uf\/#breadcrumb\"},\"inLanguage\":\"de-DE\",\"potentialAction\":[{\"@type\":\"ReadAction\",\"target\":[\"https:\/\/sunward.eu\/product\/swe-155uf\/\"]}]},{\"@type\":\"ImageObject\",\"inLanguage\":\"de-DE\",\"@id\":\"https:\/\/sunward.eu\/product\/swe-155uf\/#primaryimage\",\"url\":\"https:\/\/sunward.eu\/wp-content\/uploads\/2025\/09\/SWE-155UF-main.png\",\"contentUrl\":\"https:\/\/sunward.eu\/wp-content\/uploads\/2025\/09\/SWE-155UF-main.png\",\"width\":1000,\"height\":1000},{\"@type\":\"BreadcrumbList\",\"@id\":\"https:\/\/sunward.eu\/product\/swe-155uf\/#breadcrumb\",\"itemListElement\":[{\"@type\":\"ListItem\",\"position\":1,\"name\":\"Home\",\"item\":\"https:\/\/sunward.eu\/\"},{\"@type\":\"ListItem\",\"position\":2,\"name\":\"Products\",\"item\":\"https:\/\/sunward.eu\/shop\/\"},{\"@type\":\"ListItem\",\"position\":3,\"name\":\"Excavators\",\"item\":\"https:\/\/sunward.eu\/product-category\/excavators\/\"},{\"@type\":\"ListItem\",\"position\":4,\"name\":\"SWE 155UF\"}]},{\"@type\":\"WebSite\",\"@id\":\"https:\/\/sunward.eu\/#website\",\"url\":\"https:\/\/sunward.eu\/\",\"name\":\"Sunward Europe (Official Website for EU &amp; UK)\",\"description\":\"The smart choice\",\"publisher\":{\"@id\":\"https:\/\/sunward.eu\/#organization\"},\"potentialAction\":[{\"@type\":\"SearchAction\",\"target\":{\"@type\":\"EntryPoint\",\"urlTemplate\":\"https:\/\/sunward.eu\/?s={search_term_string}\"},\"query-input\":\"required name=search_term_string\"}],\"inLanguage\":\"de-DE\"},{\"@type\":\"Organization\",\"@id\":\"https:\/\/sunward.eu\/#organization\",\"name\":\"Sunward Europe (Official Website for EU &amp; UK)\",\"url\":\"https:\/\/sunward.eu\/\",\"logo\":{\"@type\":\"ImageObject\",\"inLanguage\":\"de-DE\",\"@id\":\"https:\/\/sunward.eu\/#\/schema\/logo\/image\/\",\"url\":\"https:\/\/sunward.eu\/wp-content\/uploads\/2022\/01\/Website_Sunward_logo_top_180x63px.png\",\"contentUrl\":\"https:\/\/sunward.eu\/wp-content\/uploads\/2022\/01\/Website_Sunward_logo_top_180x63px.png\",\"width\":180,\"height\":63,\"caption\":\"Sunward Europe (Official Website for EU &amp; UK)\"},\"image\":{\"@id\":\"https:\/\/sunward.eu\/#\/schema\/logo\/image\/\"}}]}<\/script>\n<!-- \/ Yoast SEO plugin. -->","yoast_head_json":{"title":"SWE 155UF - Sunward Europe (Official Website for EU &amp; UK)","robots":{"index":"index","follow":"follow","max-snippet":"max-snippet:-1","max-image-preview":"max-image-preview:large","max-video-preview":"max-video-preview:-1"},"canonical":"https:\/\/sunward.eu\/product\/swe-155uf\/","og_locale":"de_DE","og_type":"article","og_title":"SWE 155UF - Sunward Europe (Official Website for EU &amp; UK)","og_url":"https:\/\/sunward.eu\/product\/swe-155uf\/","og_site_name":"Sunward Europe (Official Website for EU &amp; UK)","article_modified_time":"2025-09-11T15:09:32+00:00","og_image":[{"width":1000,"height":1000,"url":"https:\/\/sunward.eu\/wp-content\/uploads\/2025\/09\/SWE-155UF-main.png","type":"image\/png"}],"twitter_card":"summary_large_image","twitter_misc":{"Est. reading time":"5 minutes"},"schema":{"@context":"https:\/\/schema.org","@graph":[{"@type":"WebPage","@id":"https:\/\/sunward.eu\/product\/swe-155uf\/","url":"https:\/\/sunward.eu\/product\/swe-155uf\/","name":"SWE 155UF - Sunward Europe (Official Website for EU &amp; UK)","isPartOf":{"@id":"https:\/\/sunward.eu\/#website"},"primaryImageOfPage":{"@id":"https:\/\/sunward.eu\/product\/swe-155uf\/#primaryimage"},"image":{"@id":"https:\/\/sunward.eu\/product\/swe-155uf\/#primaryimage"},"thumbnailUrl":"https:\/\/sunward.eu\/wp-content\/uploads\/2025\/09\/SWE-155UF-main.png","datePublished":"2025-09-10T13:47:06+00:00","dateModified":"2025-09-11T15:09:32+00:00","breadcrumb":{"@id":"https:\/\/sunward.eu\/product\/swe-155uf\/#breadcrumb"},"inLanguage":"de-DE","potentialAction":[{"@type":"ReadAction","target":["https:\/\/sunward.eu\/product\/swe-155uf\/"]}]},{"@type":"ImageObject","inLanguage":"de-DE","@id":"https:\/\/sunward.eu\/product\/swe-155uf\/#primaryimage","url":"https:\/\/sunward.eu\/wp-content\/uploads\/2025\/09\/SWE-155UF-main.png","contentUrl":"https:\/\/sunward.eu\/wp-content\/uploads\/2025\/09\/SWE-155UF-main.png","width":1000,"height":1000},{"@type":"BreadcrumbList","@id":"https:\/\/sunward.eu\/product\/swe-155uf\/#breadcrumb","itemListElement":[{"@type":"ListItem","position":1,"name":"Home","item":"https:\/\/sunward.eu\/"},{"@type":"ListItem","position":2,"name":"Products","item":"https:\/\/sunward.eu\/shop\/"},{"@type":"ListItem","position":3,"name":"Excavators","item":"https:\/\/sunward.eu\/product-category\/excavators\/"},{"@type":"ListItem","position":4,"name":"SWE 155UF"}]},{"@type":"WebSite","@id":"https:\/\/sunward.eu\/#website","url":"https:\/\/sunward.eu\/","name":"Sunward Europe (Official Website for EU &amp; UK)","description":"The smart choice","publisher":{"@id":"https:\/\/sunward.eu\/#organization"},"potentialAction":[{"@type":"SearchAction","target":{"@type":"EntryPoint","urlTemplate":"https:\/\/sunward.eu\/?s={search_term_string}"},"query-input":"required name=search_term_string"}],"inLanguage":"de-DE"},{"@type":"Organization","@id":"https:\/\/sunward.eu\/#organization","name":"Sunward Europe (Official Website for EU &amp; UK)","url":"https:\/\/sunward.eu\/","logo":{"@type":"ImageObject","inLanguage":"de-DE","@id":"https:\/\/sunward.eu\/#\/schema\/logo\/image\/","url":"https:\/\/sunward.eu\/wp-content\/uploads\/2022\/01\/Website_Sunward_logo_top_180x63px.png","contentUrl":"https:\/\/sunward.eu\/wp-content\/uploads\/2022\/01\/Website_Sunward_logo_top_180x63px.png","width":180,"height":63,"caption":"Sunward Europe (Official Website for EU &amp; UK)"},"image":{"@id":"https:\/\/sunward.eu\/#\/schema\/logo\/image\/"}}]}},"_links":{"self":[{"href":"https:\/\/sunward.eu\/de\/wp-json\/wp\/v2\/product\/4361","targetHints":{"allow":["GET"]}}],"collection":[{"href":"https:\/\/sunward.eu\/de\/wp-json\/wp\/v2\/product"}],"about":[{"href":"https:\/\/sunward.eu\/de\/wp-json\/wp\/v2\/types\/product"}],"replies":[{"embeddable":true,"href":"https:\/\/sunward.eu\/de\/wp-json\/wp\/v2\/comments?post=4361"}],"wp:featuredmedia":[{"embeddable":true,"href":"https:\/\/sunward.eu\/de\/wp-json\/wp\/v2\/media\/4363"}],"wp:attachment":[{"href":"https:\/\/sunward.eu\/de\/wp-json\/wp\/v2\/media?parent=4361"}],"wp:term":[{"taxonomy":"product_cat","embeddable":true,"href":"https:\/\/sunward.eu\/de\/wp-json\/wp\/v2\/product_cat?post=4361"},{"taxonomy":"product_tag","embeddable":true,"href":"https:\/\/sunward.eu\/de\/wp-json\/wp\/v2\/product_tag?post=4361"}],"curies":[{"name":"wp","href":"https:\/\/api.w.org\/{rel}","templated":true}]}}