{"id":3978,"date":"2025-03-26T17:06:15","date_gmt":"2025-03-26T16:06:15","guid":{"rendered":"https:\/\/sunward.eu\/?post_type=product&#038;p=3978"},"modified":"2025-10-13T13:01:42","modified_gmt":"2025-10-13T11:01:42","slug":"swa-18je-p","status":"publish","type":"product","link":"https:\/\/sunward.eu\/de\/product\/swa-18je-p\/","title":{"rendered":"SWA 18JE-P"},"content":{"rendered":"<div class=\"wpb-content-wrapper\"><p>[vc_row][vc_column][vc_tta_accordion style=&#8221;flat&#8221; c_icon=&#8221;chevron&#8221; c_position=&#8221;right&#8221; active_section=&#8221;1&#8243; no_fill=&#8221;true&#8221; el_class=&#8221;custom-accordion&#8221;][vc_tta_section title=&#8221;TECHNISCHE DATEN&#8221; tab_id=&#8221;1623355628079-f58b5c44-7c4b&#8221;][vc_custom_heading text=&#8221;SUNWARD SWA 18JE-P&#8221; font_container=&#8221;tag:h3|text_align:left&#8221; use_theme_fonts=&#8221;yes&#8221; css=&#8221;&#8221;][vc_column_text css=&#8221;&#8221;]Die SWA 18JE-P ist die elektrische Gelenk-Arbeitsb\u00fchne von Sunward, die f\u00fcr maximale Leistung, Sicherheit und Nachhaltigkeit auf erh\u00f6hten Baustellen entwickelt wurde.<\/p>\n<p>Mit einer beeindruckenden Arbeitsh\u00f6he von 18 Metern, einem Arbeitsradius von 9,6 Metern und einem Null-Heck\u00fcberstand bietet diese Arbeitsb\u00fchne \u00fcberragende Man\u00f6vrierf\u00e4higkeit und Pr\u00e4zision \u2013 perfekt f\u00fcr den Einsatz im st\u00e4dtischen Bauwesen, bei Wartungsarbeiten und in der Industrie.<\/p>\n<p>Angetrieben von einer Lithium-Batterie mit hoher Kapazit\u00e4t und ausgestattet mit intelligenten Sicherheitsfunktionen setzt sie einen neuen Standard f\u00fcr umweltfreundliche, hocheffiziente Hubarbeitsb\u00fchnen.<\/p>\n<p>Entdecken Sie alle weiteren Vorteile der Sunward SWA 18JE-P.[\/vc_column_text][vc_row_inner][vc_column_inner width=&#8221;1\/2&#8243;][vc_toggle title=&#8221;TECHNISCHE DATEN REICHWEITE&#8221; css=&#8221;&#8221;]<\/p>\n<table width=\"655\">\n<tbody>\n<tr>\n<td width=\"417\">Max. Arbeitsb\u00fchnenh\u00f6he<\/td>\n<td width=\"238\">16 m<\/td>\n<\/tr>\n<tr>\n<td width=\"417\">Max. Arbeitsh\u00f6he<\/td>\n<td>18 m<\/td>\n<\/tr>\n<tr>\n<td width=\"417\">Maximale horizontale Reichweite<\/td>\n<td>9 m<\/td>\n<\/tr>\n<tr>\n<td width=\"417\">Maximale H\u00f6he der horizontalen Reichweite<\/td>\n<td>7.8 m<\/td>\n<\/tr>\n<\/tbody>\n<\/table>\n<p>[\/vc_toggle][vc_toggle title=&#8221;ABMESSUNGEN&#8221; css=&#8221;&#8221;]<\/p>\n<table width=\"655\">\n<tbody>\n<tr>\n<td width=\"417\">L\u00e4nge &#8211; eingefahren<\/td>\n<td width=\"238\">7.5 m<\/td>\n<\/tr>\n<tr>\n<td>H\u00f6he &#8211; eingefahren<\/td>\n<td>2.24 m<\/td>\n<\/tr>\n<tr>\n<td>Gesamtbreite<\/td>\n<td>2.3 m<\/td>\n<\/tr>\n<tr>\n<td>Bodenfreiheit &#8211; mittelwert<\/td>\n<td>0.37 m<\/td>\n<\/tr>\n<tr>\n<td>L\u00e4nge der Arbeitsb\u00fchne<\/td>\n<td>1.83 m<\/td>\n<\/tr>\n<\/tbody>\n<\/table>\n<p>[\/vc_toggle][vc_toggle title=&#8221;LEISTUNGSDATEN&#8221; css=&#8221;&#8221;]<\/p>\n<table width=\"655\">\n<tbody>\n<tr>\n<td width=\"417\">Drehung der Plattform<\/td>\n<td width=\"238\">180\u00b0<\/td>\n<\/tr>\n<tr>\n<td>Fahrgeschwindigkeit (eingefahren)<\/td>\n<td>5.8 km\/h<\/td>\n<\/tr>\n<tr>\n<td>Fahrgeschwindigkeit (ausgefahren)<\/td>\n<td>0.8 km\/h<\/td>\n<\/tr>\n<tr>\n<td>Wenderadius (innen\/au\u00dfen)<\/td>\n<td>2.06 m \/ 4.74 m<\/td>\n<\/tr>\n<tr>\n<td>Steigf\u00e4higkeit &#8211; Allradantrieb &#8211; eingefahren<\/td>\n<td>40%<\/td>\n<\/tr>\n<tr>\n<td>Maximal zul\u00e4ssiger Arbeitswinkel<\/td>\n<td>5\u00b0<\/td>\n<\/tr>\n<\/tbody>\n<\/table>\n<p>[\/vc_toggle][\/vc_column_inner][vc_column_inner width=&#8221;1\/2&#8243;][\/vc_column_inner][\/vc_row_inner][\/vc_tta_section][vc_tta_section title=&#8221;MERKMALE UND VORTEILE&#8221; tab_id=&#8221;1623355710952-d36b50a3-81ed&#8221;][vc_row_inner][vc_column_inner width=&#8221;1\/4&#8243;][vc_single_image image=&#8221;1070&#8243; img_size=&#8221;medium&#8221;][\/vc_column_inner][vc_column_inner width=&#8221;3\/4&#8243;][vc_custom_heading text=&#8221;F\u00dcR EUROPA KONZIPIERT&#8221; font_container=&#8221;tag:h3|text_align:left&#8221; use_theme_fonts=&#8221;yes&#8221;][vc_column_text css=&#8221;&#8221;]Zus\u00e4tzlich zu seiner EU-Zertifizierung ist der Sunward SWA 18JE-P, wie alle Sunward-Maschinen auf dem europ\u00e4ischen Markt, auf die Bed\u00fcrfnisse europ\u00e4ischer Kunden zugeschnitten.[\/vc_column_text][\/vc_column_inner][\/vc_row_inner][vc_row_inner][vc_column_inner width=&#8221;1\/4&#8243;][vc_single_image image=&#8221;1205&#8243; img_size=&#8221;medium&#8221;][\/vc_column_inner][vc_column_inner width=&#8221;3\/4&#8243;][vc_custom_heading text=&#8221;SICHERHEIT HAT VORRANG&#8221; font_container=&#8221;tag:h3|text_align:left&#8221; use_theme_fonts=&#8221;yes&#8221;][vc_column_text css=&#8221;&#8221;]<\/p>\n<p>Sicherheit ist in jedes Detail des SWA 18JE-P integriert. Zu den wichtigsten Merkmalen geh\u00f6ren:<\/p>\n<ul>\n<li>Lastmesssystem zur Verhinderung von \u00dcberlastung<\/li>\n<li>Kippschutz und Notabsenkungssystem f\u00fcr sicheren Betrieb<\/li>\n<li>360\u00b0-Drehplattform f\u00fcr reibungslosen, kontrollierten Zugang<\/li>\n<li>Blitzleuchte, Summer und Fehlerdiagnosesystem f\u00fcr Echtzeit-Feedback an den Bediener<\/li>\n<li>Hydrostatische automatische Nivellierung und Anti-Extrusion-Technologie f\u00fcr zus\u00e4tzlichen Schutz in beengten oder unebenen R\u00e4umen<\/li>\n<\/ul>\n<p>Die Bediener k\u00f6nnen mit Zuversicht arbeiten, da sie wissen, dass der Lift so konstruiert ist, dass er den hohen Sicherheitsanforderungen entspricht.<\/p>\n<p>[\/vc_column_text][\/vc_column_inner][\/vc_row_inner][vc_row_inner][vc_column_inner width=&#8221;1\/4&#8243;][vc_single_image image=&#8221;1071&#8243; img_size=&#8221;medium&#8221;][\/vc_column_inner][vc_column_inner width=&#8221;3\/4&#8243;][vc_custom_heading text=&#8221;BESTES PREIS-LEISTUNGS-VERH\u00c4LTNIS&#8221; font_container=&#8221;tag:h3|text_align:left&#8221; use_theme_fonts=&#8221;yes&#8221;][vc_column_text css=&#8221;&#8221;]<\/p>\n<p>Sunward ist Ihre kl\u00fcgste Investition in Zuverl\u00e4ssigkeit, Leistung und hohen ROI. Das professionelle Design der SWA 18JE-P umfasst eine durchdachte Auswahl an Komponenten, die den Betrieb und die Wartung optimieren. Unsere Designentscheidungen f\u00fchren zu einer Maschine, die so viele Standardfunktionen, hochwertige Schl\u00fcsselkomponenten und F\u00e4higkeiten zum richtigen Preis bietet.<\/p>\n<p>Dar\u00fcber hinaus sind die Originalersatzteile von Sunward ebenfalls kosteng\u00fcnstig \u2013 und all diese Vorteile werden durch eine bis zu 2-j\u00e4hrige Garantie gekr\u00f6nt, die f\u00fcr alle Hubarbeitsb\u00fchnen von Sunward Standard ist.<\/p>\n<p>[\/vc_column_text][\/vc_column_inner][\/vc_row_inner][\/vc_tta_section][vc_tta_section title=&#8221;VIDEO&#8221; tab_id=&#8221;1623857706491-8aa3a03f-cca1&#8243;][vc_video link=&#8221;https:\/\/youtu.be\/uHnQiXTpL68&#8243; css=&#8221;&#8221;][\/vc_tta_section][vc_tta_section title=&#8221;BROCHURE&#8221; tab_id=&#8221;1623857795794-8fd5289e-c5a3&#8243;][vc_row_inner content_placement=&#8221;middle&#8221;][vc_column_inner width=&#8221;1\/4&#8243;][vc_single_image image=&#8221;3983&#8243; img_size=&#8221;large&#8221; css=&#8221;&#8221;][\/vc_column_inner][vc_column_inner width=&#8221;3\/4&#8243;][vc_custom_heading text=&#8221;Product brochure&#8221; font_container=&#8221;tag:h3|text_align:left&#8221; use_theme_fonts=&#8221;yes&#8221;][vc_btn title=&#8221;DOWNLOAD&#8221; color=&#8221;orange&#8221; size=&#8221;lg&#8221; css=&#8221;&#8221; link=&#8221;url:https%3A%2F%2Fsunward.eu%2Fwp-content%2Fuploads%2F2025%2F10%2FSUNWARD_SWA-18JE-P-10.2025_FINAL_HR_DE.pdf|title:Sunward%20SWA%2018JE-P%20Specifications|target:_blank&#8221;][\/vc_column_inner][\/vc_row_inner][\/vc_tta_section][\/vc_tta_accordion][\/vc_column][\/vc_row]<\/p>\n<\/div>","protected":false},"excerpt":{"rendered":"<p>Die SWA 18JE-P ist die fortschrittliche elektrische Gelenk-Hubarbeitsb\u00fchne von Sunward, die auf hohe Leistung, Sicherheit und Nachhaltigkeit ausgelegt ist. Sie bietet eine hervorragende Man\u00f6vrierf\u00e4higkeit und Pr\u00e4zision und ist damit ideal f\u00fcr den Einsatz im st\u00e4dtischen Bauwesen, in der Instandhaltung und in der Industrie. Ausgestattet mit intelligenten Sicherheitsfunktionen ist sie eine zuverl\u00e4ssige und umweltfreundliche Wahl f\u00fcr Arbeiten in der H\u00f6he. [&#8230;]<\/p>\n<p><a class=\"btn btn-secondary understrap-read-more-link\" href=\"https:\/\/sunward.eu\/de\/product\/swa-18je-p\/\">Weiterlesen&#8230;<\/a><\/p>\n","protected":false},"featured_media":3985,"comment_status":"closed","ping_status":"closed","template":"","meta":{"_acf_changed":false,"inline_featured_image":false},"product_cat":[126],"product_tag":[],"class_list":{"0":"post-3978","1":"product","2":"type-product","3":"status-publish","4":"has-post-thumbnail","6":"product_cat-articulated-boom-lift","7":"pa_emission-rating-eu-stage-5","8":"pa_max-digging-depth-6-750-mm","9":"pa_max-working-height-18-m","10":"pa_operating-weight-7-750-kg","11":"pa_power-output-129-kw","12":"pa_width-2800-mm","14":"first","15":"instock","16":"shipping-taxable","17":"product-type-simple"},"translation":{"provider":"WPGlobus","version":"2.12.2","language":"de","enabled_languages":["en","de","fr","it"],"languages":{"en":{"title":true,"content":true,"excerpt":true},"de":{"title":true,"content":true,"excerpt":true},"fr":{"title":true,"content":true,"excerpt":true},"it":{"title":true,"content":true,"excerpt":true}}},"acf":[],"yoast_head":"<!-- This site is optimized with the Yoast SEO plugin v22.6 - https:\/\/yoast.com\/wordpress\/plugins\/seo\/ -->\n<title>SWA 18JE-P - Sunward Europe (Official Website for EU &amp; UK)<\/title>\n<meta name=\"robots\" content=\"index, follow, max-snippet:-1, max-image-preview:large, max-video-preview:-1\" \/>\n<link rel=\"canonical\" href=\"https:\/\/sunward.eu\/product\/swa-18je-p\/\" \/>\n<meta property=\"og:locale\" content=\"de_DE\" \/>\n<meta property=\"og:type\" content=\"article\" \/>\n<meta property=\"og:title\" content=\"SWA 18JE-P - Sunward Europe (Official Website for EU &amp; UK)\" \/>\n<meta property=\"og:url\" content=\"https:\/\/sunward.eu\/product\/swa-18je-p\/\" \/>\n<meta property=\"og:site_name\" content=\"Sunward Europe (Official Website for EU &amp; UK)\" \/>\n<meta property=\"article:modified_time\" content=\"2025-10-13T11:01:42+00:00\" \/>\n<meta property=\"og:image\" content=\"https:\/\/sunward.eu\/wp-content\/uploads\/2025\/03\/SWA-18JE-P-cut.png\" \/>\n\t<meta property=\"og:image:width\" content=\"1000\" \/>\n\t<meta property=\"og:image:height\" content=\"1000\" \/>\n\t<meta property=\"og:image:type\" content=\"image\/png\" \/>\n<meta name=\"twitter:card\" content=\"summary_large_image\" \/>\n<meta name=\"twitter:label1\" content=\"Est. reading time\" \/>\n\t<meta name=\"twitter:data1\" content=\"4 minutes\" \/>\n<script type=\"application\/ld+json\" class=\"yoast-schema-graph\">{\"@context\":\"https:\/\/schema.org\",\"@graph\":[{\"@type\":\"WebPage\",\"@id\":\"https:\/\/sunward.eu\/product\/swa-18je-p\/\",\"url\":\"https:\/\/sunward.eu\/product\/swa-18je-p\/\",\"name\":\"SWA 18JE-P - Sunward Europe (Official Website for EU &amp; UK)\",\"isPartOf\":{\"@id\":\"https:\/\/sunward.eu\/#website\"},\"primaryImageOfPage\":{\"@id\":\"https:\/\/sunward.eu\/product\/swa-18je-p\/#primaryimage\"},\"image\":{\"@id\":\"https:\/\/sunward.eu\/product\/swa-18je-p\/#primaryimage\"},\"thumbnailUrl\":\"https:\/\/sunward.eu\/wp-content\/uploads\/2025\/03\/SWA-18JE-P-cut.png\",\"datePublished\":\"2025-03-26T16:06:15+00:00\",\"dateModified\":\"2025-10-13T11:01:42+00:00\",\"breadcrumb\":{\"@id\":\"https:\/\/sunward.eu\/product\/swa-18je-p\/#breadcrumb\"},\"inLanguage\":\"de-DE\",\"potentialAction\":[{\"@type\":\"ReadAction\",\"target\":[\"https:\/\/sunward.eu\/product\/swa-18je-p\/\"]}]},{\"@type\":\"ImageObject\",\"inLanguage\":\"de-DE\",\"@id\":\"https:\/\/sunward.eu\/product\/swa-18je-p\/#primaryimage\",\"url\":\"https:\/\/sunward.eu\/wp-content\/uploads\/2025\/03\/SWA-18JE-P-cut.png\",\"contentUrl\":\"https:\/\/sunward.eu\/wp-content\/uploads\/2025\/03\/SWA-18JE-P-cut.png\",\"width\":1000,\"height\":1000},{\"@type\":\"BreadcrumbList\",\"@id\":\"https:\/\/sunward.eu\/product\/swa-18je-p\/#breadcrumb\",\"itemListElement\":[{\"@type\":\"ListItem\",\"position\":1,\"name\":\"Home\",\"item\":\"https:\/\/sunward.eu\/\"},{\"@type\":\"ListItem\",\"position\":2,\"name\":\"Products\",\"item\":\"https:\/\/sunward.eu\/shop\/\"},{\"@type\":\"ListItem\",\"position\":3,\"name\":\"{:en}Articulated Boom Lifts{:}{:de}Gelenkarbeitsbuehnen{:}{:fr}Nacelles articul\u00e9es{:}{:it}Piattaforme aeree articolate{:}\",\"item\":\"https:\/\/sunward.eu\/product-category\/articulated-boom-lift\/\"},{\"@type\":\"ListItem\",\"position\":4,\"name\":\"SWA 18JE-P\"}]},{\"@type\":\"WebSite\",\"@id\":\"https:\/\/sunward.eu\/#website\",\"url\":\"https:\/\/sunward.eu\/\",\"name\":\"Sunward Europe (Official Website for EU &amp; UK)\",\"description\":\"The smart choice\",\"publisher\":{\"@id\":\"https:\/\/sunward.eu\/#organization\"},\"potentialAction\":[{\"@type\":\"SearchAction\",\"target\":{\"@type\":\"EntryPoint\",\"urlTemplate\":\"https:\/\/sunward.eu\/?s={search_term_string}\"},\"query-input\":\"required name=search_term_string\"}],\"inLanguage\":\"de-DE\"},{\"@type\":\"Organization\",\"@id\":\"https:\/\/sunward.eu\/#organization\",\"name\":\"Sunward Europe (Official Website for EU &amp; UK)\",\"url\":\"https:\/\/sunward.eu\/\",\"logo\":{\"@type\":\"ImageObject\",\"inLanguage\":\"de-DE\",\"@id\":\"https:\/\/sunward.eu\/#\/schema\/logo\/image\/\",\"url\":\"https:\/\/sunward.eu\/wp-content\/uploads\/2022\/01\/Website_Sunward_logo_top_180x63px.png\",\"contentUrl\":\"https:\/\/sunward.eu\/wp-content\/uploads\/2022\/01\/Website_Sunward_logo_top_180x63px.png\",\"width\":180,\"height\":63,\"caption\":\"Sunward Europe (Official Website for EU &amp; UK)\"},\"image\":{\"@id\":\"https:\/\/sunward.eu\/#\/schema\/logo\/image\/\"}}]}<\/script>\n<!-- \/ Yoast SEO plugin. -->","yoast_head_json":{"title":"SWA 18JE-P - Sunward Europe (Official Website for EU &amp; UK)","robots":{"index":"index","follow":"follow","max-snippet":"max-snippet:-1","max-image-preview":"max-image-preview:large","max-video-preview":"max-video-preview:-1"},"canonical":"https:\/\/sunward.eu\/product\/swa-18je-p\/","og_locale":"de_DE","og_type":"article","og_title":"SWA 18JE-P - Sunward Europe (Official Website for EU &amp; UK)","og_url":"https:\/\/sunward.eu\/product\/swa-18je-p\/","og_site_name":"Sunward Europe (Official Website for EU &amp; UK)","article_modified_time":"2025-10-13T11:01:42+00:00","og_image":[{"width":1000,"height":1000,"url":"https:\/\/sunward.eu\/wp-content\/uploads\/2025\/03\/SWA-18JE-P-cut.png","type":"image\/png"}],"twitter_card":"summary_large_image","twitter_misc":{"Est. reading time":"4 minutes"},"schema":{"@context":"https:\/\/schema.org","@graph":[{"@type":"WebPage","@id":"https:\/\/sunward.eu\/product\/swa-18je-p\/","url":"https:\/\/sunward.eu\/product\/swa-18je-p\/","name":"SWA 18JE-P - Sunward Europe (Official Website for EU &amp; UK)","isPartOf":{"@id":"https:\/\/sunward.eu\/#website"},"primaryImageOfPage":{"@id":"https:\/\/sunward.eu\/product\/swa-18je-p\/#primaryimage"},"image":{"@id":"https:\/\/sunward.eu\/product\/swa-18je-p\/#primaryimage"},"thumbnailUrl":"https:\/\/sunward.eu\/wp-content\/uploads\/2025\/03\/SWA-18JE-P-cut.png","datePublished":"2025-03-26T16:06:15+00:00","dateModified":"2025-10-13T11:01:42+00:00","breadcrumb":{"@id":"https:\/\/sunward.eu\/product\/swa-18je-p\/#breadcrumb"},"inLanguage":"de-DE","potentialAction":[{"@type":"ReadAction","target":["https:\/\/sunward.eu\/product\/swa-18je-p\/"]}]},{"@type":"ImageObject","inLanguage":"de-DE","@id":"https:\/\/sunward.eu\/product\/swa-18je-p\/#primaryimage","url":"https:\/\/sunward.eu\/wp-content\/uploads\/2025\/03\/SWA-18JE-P-cut.png","contentUrl":"https:\/\/sunward.eu\/wp-content\/uploads\/2025\/03\/SWA-18JE-P-cut.png","width":1000,"height":1000},{"@type":"BreadcrumbList","@id":"https:\/\/sunward.eu\/product\/swa-18je-p\/#breadcrumb","itemListElement":[{"@type":"ListItem","position":1,"name":"Home","item":"https:\/\/sunward.eu\/"},{"@type":"ListItem","position":2,"name":"Products","item":"https:\/\/sunward.eu\/shop\/"},{"@type":"ListItem","position":3,"name":"{:en}Articulated Boom Lifts{:}{:de}Gelenkarbeitsbuehnen{:}{:fr}Nacelles articul\u00e9es{:}{:it}Piattaforme aeree articolate{:}","item":"https:\/\/sunward.eu\/product-category\/articulated-boom-lift\/"},{"@type":"ListItem","position":4,"name":"SWA 18JE-P"}]},{"@type":"WebSite","@id":"https:\/\/sunward.eu\/#website","url":"https:\/\/sunward.eu\/","name":"Sunward Europe (Official Website for EU &amp; UK)","description":"The smart choice","publisher":{"@id":"https:\/\/sunward.eu\/#organization"},"potentialAction":[{"@type":"SearchAction","target":{"@type":"EntryPoint","urlTemplate":"https:\/\/sunward.eu\/?s={search_term_string}"},"query-input":"required name=search_term_string"}],"inLanguage":"de-DE"},{"@type":"Organization","@id":"https:\/\/sunward.eu\/#organization","name":"Sunward Europe (Official Website for EU &amp; UK)","url":"https:\/\/sunward.eu\/","logo":{"@type":"ImageObject","inLanguage":"de-DE","@id":"https:\/\/sunward.eu\/#\/schema\/logo\/image\/","url":"https:\/\/sunward.eu\/wp-content\/uploads\/2022\/01\/Website_Sunward_logo_top_180x63px.png","contentUrl":"https:\/\/sunward.eu\/wp-content\/uploads\/2022\/01\/Website_Sunward_logo_top_180x63px.png","width":180,"height":63,"caption":"Sunward Europe (Official Website for EU &amp; UK)"},"image":{"@id":"https:\/\/sunward.eu\/#\/schema\/logo\/image\/"}}]}},"_links":{"self":[{"href":"https:\/\/sunward.eu\/de\/wp-json\/wp\/v2\/product\/3978","targetHints":{"allow":["GET"]}}],"collection":[{"href":"https:\/\/sunward.eu\/de\/wp-json\/wp\/v2\/product"}],"about":[{"href":"https:\/\/sunward.eu\/de\/wp-json\/wp\/v2\/types\/product"}],"replies":[{"embeddable":true,"href":"https:\/\/sunward.eu\/de\/wp-json\/wp\/v2\/comments?post=3978"}],"wp:featuredmedia":[{"embeddable":true,"href":"https:\/\/sunward.eu\/de\/wp-json\/wp\/v2\/media\/3985"}],"wp:attachment":[{"href":"https:\/\/sunward.eu\/de\/wp-json\/wp\/v2\/media?parent=3978"}],"wp:term":[{"taxonomy":"product_cat","embeddable":true,"href":"https:\/\/sunward.eu\/de\/wp-json\/wp\/v2\/product_cat?post=3978"},{"taxonomy":"product_tag","embeddable":true,"href":"https:\/\/sunward.eu\/de\/wp-json\/wp\/v2\/product_tag?post=3978"}],"curies":[{"name":"wp","href":"https:\/\/api.w.org\/{rel}","templated":true}]}}