{"id":3894,"date":"2025-03-21T11:22:35","date_gmt":"2025-03-21T10:22:35","guid":{"rendered":"https:\/\/sunward.eu\/?post_type=product&#038;p=3894"},"modified":"2025-07-10T15:25:47","modified_gmt":"2025-07-10T13:25:47","slug":"swth3507","status":"publish","type":"product","link":"https:\/\/sunward.eu\/de\/product\/swth3507\/","title":{"rendered":"SWTH 3507"},"content":{"rendered":"<div class=\"wpb-content-wrapper\"><p>[vc_row][vc_column][vc_tta_accordion style=&#8221;flat&#8221; c_icon=&#8221;chevron&#8221; c_position=&#8221;right&#8221; active_section=&#8221;1&#8243; no_fill=&#8221;true&#8221; el_class=&#8221;custom-accordion&#8221;][vc_tta_section title=&#8221;TECHNISCHE DATEN&#8221; tab_id=&#8221;1623355628079-f58b5c44-7c4b&#8221;][vc_custom_heading text=&#8221;SUNWARD SWTH 3507&#8243; font_container=&#8221;tag:h3|text_align:left&#8221; use_theme_fonts=&#8221;yes&#8221; css=&#8221;&#8221;][vc_column_text css=&#8221;&#8221;]<\/p>\n<p data-start=\"45\" data-end=\"610\"><strong data-start=\"45\" data-end=\"84\">Der Sunward SWTH 3507 Teleskoplader<\/strong> ist eine leistungsstarke Gel\u00e4ndemaschine, die f\u00fcr schwere Materialumschl\u00e4ge entwickelt wurde. Mit einer Nenntragf\u00e4higkeit von 3 500 kg und einer maximalen Hubh\u00f6he von 7.43 Metern liefert dieser robuste Teleskoplader mit zweiteiligem Ausleger erstklassige Leistung bei kompakten Abmessungen \u2013 und ist somit ein vielseitiger Helfer auf jeder Baustelle. Ob Paletten bewegen, Ballen heben oder unterst\u00fctzende Bauarbeiten \u2013 der SWTH 3507 bietet die Stabilit\u00e4t, Sicht und Wendigkeit, die f\u00fcr effizientes Arbeiten erforderlich sind.<\/p>\n<p data-start=\"612\" data-end=\"1103\">Mit Fokus auf Bedienkomfort und Effizienz auf der Baustelle konzipiert, verf\u00fcgt die Maschine \u00fcber drei Lenkmodi, eine vollst\u00e4ndig ROPS\/FOPS-zertifizierte Kabine sowie wichtige Technologien wie Kipp-Schutz, einen reversierbaren L\u00fcfter und selbstnivellierende Palettengabeln \u2013 alles serienm\u00e4\u00dfig. Erg\u00e4nzt wird dies durch intuitive Steuerung, eine vollst\u00e4ndige Klimaanlage (HVAC) und ein robustes Schnellwechselsystem. Damit ist der Teleskoplader vom ersten Tag an f\u00fcr den harten Einsatz bereit.<\/p>\n<p data-start=\"1105\" data-end=\"1168\"><strong data-start=\"1105\" data-end=\"1168\">Entdecken Sie alle weiteren Vorteile des Sunward SWTH 3507.<\/strong><\/p>\n<p>[\/vc_column_text][vc_row_inner][vc_column_inner width=&#8221;1\/2&#8243;][vc_toggle title=&#8221;ABMESSUNGEN&#8221; css=&#8221;&#8221;]<\/p>\n<table width=\"655\">\n<tbody>\n<tr>\n<td width=\"417\">Betriebsgewicht<\/td>\n<td width=\"238\">8 300 kg<\/td>\n<\/tr>\n<tr>\n<td width=\"417\">L\u00e4nge (bis Gabelzinken)<\/td>\n<td>5 090 mm<\/td>\n<\/tr>\n<tr>\n<td width=\"417\">Breite<\/td>\n<td>2 410 mm<\/td>\n<\/tr>\n<tr>\n<td width=\"417\">H\u00f6he<\/td>\n<td>2 390 mm<\/td>\n<\/tr>\n<tr>\n<td width=\"417\">Bodenfreiheit<\/td>\n<td>440 mm<\/td>\n<\/tr>\n<\/tbody>\n<\/table>\n<p>[\/vc_toggle][vc_toggle title=&#8221;MOTOR&#8221; css=&#8221;&#8221;]<\/p>\n<table width=\"655\">\n<tbody>\n<tr>\n<td width=\"417\">Modell<\/td>\n<td width=\"238\">Cummins F3.8<\/td>\n<\/tr>\n<tr>\n<td>Emissionsstufe<\/td>\n<td>EU Stufe V<\/td>\n<\/tr>\n<tr>\n<td>Nennausgangsleistung<\/td>\n<td>55 kW<\/td>\n<\/tr>\n<\/tbody>\n<\/table>\n<p>[\/vc_toggle][vc_toggle title=&#8221;ARBEITSBEREICH und LEISTUNG&#8221; css=&#8221;&#8221;]<\/p>\n<table width=\"655\">\n<tbody>\n<tr>\n<td width=\"417\">Lastkapazit\u00e4t bei max. Ausfahrl\u00e4nge<\/td>\n<td width=\"238\">1 500 kg<\/td>\n<\/tr>\n<tr>\n<td>Max. Hubh\u00f6he<\/td>\n<td>7.43 m<\/td>\n<\/tr>\n<tr>\n<td>Max. Ausfahrl\u00e4nge<\/td>\n<td>3.83 m<\/td>\n<\/tr>\n<tr>\n<td>Max. Fahrgeschwindigkeit<\/td>\n<td>30 km\/h<\/td>\n<\/tr>\n<\/tbody>\n<\/table>\n<p>[\/vc_toggle][\/vc_column_inner][vc_column_inner width=&#8221;1\/2&#8243;][\/vc_column_inner][\/vc_row_inner][\/vc_tta_section][vc_tta_section title=&#8221;MERKMALE UND VORTEILE&#8221; tab_id=&#8221;1623355710952-d36b50a3-81ed&#8221;][vc_row_inner][vc_column_inner width=&#8221;1\/4&#8243;][vc_single_image image=&#8221;1070&#8243; img_size=&#8221;medium&#8221;][\/vc_column_inner][vc_column_inner width=&#8221;3\/4&#8243;][vc_custom_heading text=&#8221;F\u00dcR EUROPA KONZIPIERT&#8221; font_container=&#8221;tag:h3|text_align:left&#8221; use_theme_fonts=&#8221;yes&#8221;][vc_column_text css=&#8221;&#8221;]Der Sunward SWTH 3507 Teleskoplader entspricht, wie alle Sunward Maschinen auf dem europ\u00e4ischen Markt, vollst\u00e4ndig den EU-Normen und wurde speziell f\u00fcr den europ\u00e4ischen Markt angepasst. Ausgestattet mit DANA-Achsen, 400\/80-24-Reifen und einem Schnellwechselsystem f\u00fcr Anbauger\u00e4te, das mit Manitou und JCB kompatibel ist, gew\u00e4hrleistet er eine nahtlose Integration in bestehende Flotten.[\/vc_column_text][\/vc_column_inner][\/vc_row_inner][vc_separator][vc_row_inner][vc_column_inner width=&#8221;1\/4&#8243;][vc_single_image image=&#8221;1240&#8243; img_size=&#8221;medium&#8221;][\/vc_column_inner][vc_column_inner width=&#8221;3\/4&#8243;][vc_custom_heading text=&#8221;LEISTUNGSF\u00c4HIGE UND ZUVERL\u00c4SSIGE MASCHINE&#8221; font_container=&#8221;tag:h3|text_align:left&#8221; use_theme_fonts=&#8221;yes&#8221; css=&#8221;&#8221;][vc_column_text css=&#8221;&#8221;]Der SWTH 3507 wurde f\u00fcr anspruchsvolle Anwendungen mit einem robusten Antriebsstrang und einem Drehmomentwandler entwickelt, die f\u00fcr eine reibungslose und effiziente Leistung sorgen. Die gel\u00e4ndeg\u00e4ngigen Luftreifen sorgen f\u00fcr au\u00dfergew\u00f6hnliche Traktion und Stabilit\u00e4t in unwegsamem Gel\u00e4nde und machen ihn zu einem echten All-Terrain-Performer.[\/vc_column_text][\/vc_column_inner][\/vc_row_inner][vc_separator][vc_row_inner][vc_column_inner width=&#8221;1\/4&#8243;][vc_single_image image=&#8221;1091&#8243; img_size=&#8221;medium&#8221;][\/vc_column_inner][vc_column_inner width=&#8221;3\/4&#8243;][vc_custom_heading text=&#8221;PREMIUM-KOMPONENTEN&#8221; font_container=&#8221;tag:h3|text_align:left&#8221; use_theme_fonts=&#8221;yes&#8221;][vc_column_text css=&#8221;&#8221;]Der SWTH 3507 ist mit einem hochwertigen Industriedesign ausgestattet und verf\u00fcgt \u00fcber eine fortschrittliche Hydraulik, ein Kippschutzsystem und ein \u00d6lleitungsschutzsystem f\u00fcr \u00fcberragende Haltbarkeit. Die Funktionen zur Verlangsamung des Auslegers und zum Tippen erm\u00f6glichen eine pr\u00e4zise Steuerung und erh\u00f6hte Sicherheit w\u00e4hrend des Betriebs.[\/vc_column_text][\/vc_column_inner][\/vc_row_inner][vc_separator][vc_row_inner][vc_column_inner width=&#8221;1\/4&#8243;][vc_single_image image=&#8221;1071&#8243; img_size=&#8221;medium&#8221;][\/vc_column_inner][vc_column_inner width=&#8221;3\/4&#8243;][vc_custom_heading text=&#8221;BESTES PREIS-LEISTUNGS-VERH\u00c4LTNIS&#8221; font_container=&#8221;tag:h3|text_align:left&#8221; use_theme_fonts=&#8221;yes&#8221; css=&#8221;&#8221;][vc_column_text css=&#8221;&#8221;]Der Sunward SWTH 3507 kombiniert hohe Leistung, hochwertige Komponenten und modernste Sicherheitsfunktionen zu einem wettbewerbsf\u00e4higen Preis. Er ist eine kosteneffiziente L\u00f6sung mit hohem ROI f\u00fcr Unternehmen, die einen langlebigen und zuverl\u00e4ssigen Teleskoplader suchen.[\/vc_column_text][\/vc_column_inner][\/vc_row_inner][\/vc_tta_section][vc_tta_section title=&#8221;VIDEO&#8221; tab_id=&#8221;1623857706491-8aa3a03f-cca1&#8243;][vc_video link=&#8221;https:\/\/youtu.be\/KmIIRRfEKTA&#8221; css=&#8221;&#8221;][\/vc_tta_section][vc_tta_section title=&#8221;BROCHURE&#8221; tab_id=&#8221;1623857795794-8fd5289e-c5a3&#8243;][vc_row_inner content_placement=&#8221;middle&#8221;][vc_column_inner width=&#8221;1\/4&#8243;][vc_single_image image=&#8221;3923&#8243; img_size=&#8221;large&#8221; css=&#8221;&#8221;][\/vc_column_inner][vc_column_inner width=&#8221;3\/4&#8243;][vc_custom_heading text=&#8221;SPEC SHEET&#8221; font_container=&#8221;tag:h3|text_align:left&#8221; use_theme_fonts=&#8221;yes&#8221;][vc_btn title=&#8221;DOWNLOAD&#8221; color=&#8221;orange&#8221; size=&#8221;lg&#8221; css=&#8221;&#8221; link=&#8221;url:https%3A%2F%2Fsunward.eu%2Fwp-content%2Fuploads%2F2025%2F03%2FSPECS-SUNWARD_SWTH-3507-FINAL-HR-DE.pdf|title:Sunward%20SWTH%203507%20Specifications%20Sheet|target:_blank&#8221;][\/vc_column_inner][\/vc_row_inner][\/vc_tta_section][\/vc_tta_accordion][\/vc_column][\/vc_row]<\/p>\n<\/div>","protected":false},"excerpt":{"rendered":"<p>Der Sunward SWTH 3507 ist ein kompakter und dennoch leistungsstarker All-Terrain-Teleskoplader mit einer Hubkapazit\u00e4t von 3 500 kg und einer maximalen Hubh\u00f6he von 7.43 m. Er wurde f\u00fcr anspruchsvolle Baustellen entwickelt und bietet Stabilit\u00e4t, Sicht und Wendigkeit &#8211; perfekt f\u00fcr das Heben von Paletten, Ballen oder den Transport von Baustellenmaterial. Zu den Standardmerkmalen geh\u00f6ren drei Lenkungsarten, Kippschutz, automatisch nivellierende Gabeln und eine ROPS\/FOPS-zertifizierte Kabine mit vollst\u00e4ndiger Klimaanlage. Der SWTH 3507 ist auf Leistung und Fahrerkomfort ausgelegt und ist sofort einsatzbereit. [&#8230;]<\/p>\n<p><a class=\"btn btn-secondary understrap-read-more-link\" href=\"https:\/\/sunward.eu\/de\/product\/swth3507\/\">Weiterlesen&#8230;<\/a><\/p>\n","protected":false},"featured_media":3922,"comment_status":"closed","ping_status":"closed","template":"","meta":{"_acf_changed":false,"inline_featured_image":false},"product_cat":[319],"product_tag":[],"class_list":{"0":"post-3894","1":"product","2":"type-product","3":"status-publish","4":"has-post-thumbnail","6":"product_cat-telehandlers","7":"pa_emission-rating-eu-stage-5","8":"pa_operating-weight-8-300-kg","9":"pa_power-output-55-kw","11":"first","12":"instock","13":"shipping-taxable","14":"product-type-simple"},"translation":{"provider":"WPGlobus","version":"2.12.2","language":"de","enabled_languages":["en","de","fr","it"],"languages":{"en":{"title":true,"content":true,"excerpt":true},"de":{"title":true,"content":true,"excerpt":true},"fr":{"title":true,"content":true,"excerpt":true},"it":{"title":true,"content":true,"excerpt":true}}},"acf":[],"yoast_head":"<!-- This site is optimized with the Yoast SEO plugin v22.6 - https:\/\/yoast.com\/wordpress\/plugins\/seo\/ -->\n<title>SWTH 3507 - Sunward Europe (Official Website for EU &amp; UK)<\/title>\n<meta name=\"robots\" content=\"index, follow, max-snippet:-1, max-image-preview:large, max-video-preview:-1\" \/>\n<link rel=\"canonical\" href=\"https:\/\/sunward.eu\/product\/swth3507\/\" \/>\n<meta property=\"og:locale\" content=\"de_DE\" \/>\n<meta property=\"og:type\" content=\"article\" \/>\n<meta property=\"og:title\" content=\"SWTH 3507 - Sunward Europe (Official Website for EU &amp; UK)\" \/>\n<meta property=\"og:url\" content=\"https:\/\/sunward.eu\/product\/swth3507\/\" \/>\n<meta property=\"og:site_name\" content=\"Sunward Europe (Official Website for EU &amp; UK)\" \/>\n<meta property=\"article:modified_time\" content=\"2025-07-10T13:25:47+00:00\" \/>\n<meta property=\"og:image\" content=\"https:\/\/sunward.eu\/wp-content\/uploads\/2025\/03\/Sunward-SWTH3507-MAIN.png\" \/>\n\t<meta property=\"og:image:width\" content=\"1000\" \/>\n\t<meta property=\"og:image:height\" content=\"1000\" \/>\n\t<meta property=\"og:image:type\" content=\"image\/png\" \/>\n<meta name=\"twitter:card\" content=\"summary_large_image\" \/>\n<meta name=\"twitter:label1\" content=\"Est. reading time\" \/>\n\t<meta name=\"twitter:data1\" content=\"4 minutes\" \/>\n<script type=\"application\/ld+json\" class=\"yoast-schema-graph\">{\"@context\":\"https:\/\/schema.org\",\"@graph\":[{\"@type\":\"WebPage\",\"@id\":\"https:\/\/sunward.eu\/product\/swth3507\/\",\"url\":\"https:\/\/sunward.eu\/product\/swth3507\/\",\"name\":\"SWTH 3507 - Sunward Europe (Official Website for EU &amp; UK)\",\"isPartOf\":{\"@id\":\"https:\/\/sunward.eu\/#website\"},\"primaryImageOfPage\":{\"@id\":\"https:\/\/sunward.eu\/product\/swth3507\/#primaryimage\"},\"image\":{\"@id\":\"https:\/\/sunward.eu\/product\/swth3507\/#primaryimage\"},\"thumbnailUrl\":\"https:\/\/sunward.eu\/wp-content\/uploads\/2025\/03\/Sunward-SWTH3507-MAIN.png\",\"datePublished\":\"2025-03-21T10:22:35+00:00\",\"dateModified\":\"2025-07-10T13:25:47+00:00\",\"description\":\"Discover the Sunward SWTH 3507 telehandler \u2013 a compact, all-terrain lifting solution with 3,500 kg capacity, 7.43 m lift height, and advanced safety and comfort features for tough jobsites.\",\"breadcrumb\":{\"@id\":\"https:\/\/sunward.eu\/product\/swth3507\/#breadcrumb\"},\"inLanguage\":\"de-DE\",\"potentialAction\":[{\"@type\":\"ReadAction\",\"target\":[\"https:\/\/sunward.eu\/product\/swth3507\/\"]}]},{\"@type\":\"ImageObject\",\"inLanguage\":\"de-DE\",\"@id\":\"https:\/\/sunward.eu\/product\/swth3507\/#primaryimage\",\"url\":\"https:\/\/sunward.eu\/wp-content\/uploads\/2025\/03\/Sunward-SWTH3507-MAIN.png\",\"contentUrl\":\"https:\/\/sunward.eu\/wp-content\/uploads\/2025\/03\/Sunward-SWTH3507-MAIN.png\",\"width\":1000,\"height\":1000,\"caption\":\"Sunward SWTH3507\"},{\"@type\":\"BreadcrumbList\",\"@id\":\"https:\/\/sunward.eu\/product\/swth3507\/#breadcrumb\",\"itemListElement\":[{\"@type\":\"ListItem\",\"position\":1,\"name\":\"Home\",\"item\":\"https:\/\/sunward.eu\/\"},{\"@type\":\"ListItem\",\"position\":2,\"name\":\"Products\",\"item\":\"https:\/\/sunward.eu\/shop\/\"},{\"@type\":\"ListItem\",\"position\":3,\"name\":\"{:en}Telehandlers{:}{:de}Teleskoplader{:}{:fr}Chariots t\u00e9lescopiques{:}{:it}Sollevatori telescopici{:}\",\"item\":\"https:\/\/sunward.eu\/product-category\/telehandlers\/\"},{\"@type\":\"ListItem\",\"position\":4,\"name\":\"SWTH 3507\"}]},{\"@type\":\"WebSite\",\"@id\":\"https:\/\/sunward.eu\/#website\",\"url\":\"https:\/\/sunward.eu\/\",\"name\":\"Sunward Europe (Official Website for EU &amp; UK)\",\"description\":\"The smart choice\",\"publisher\":{\"@id\":\"https:\/\/sunward.eu\/#organization\"},\"potentialAction\":[{\"@type\":\"SearchAction\",\"target\":{\"@type\":\"EntryPoint\",\"urlTemplate\":\"https:\/\/sunward.eu\/?s={search_term_string}\"},\"query-input\":\"required name=search_term_string\"}],\"inLanguage\":\"de-DE\"},{\"@type\":\"Organization\",\"@id\":\"https:\/\/sunward.eu\/#organization\",\"name\":\"Sunward Europe (Official Website for EU &amp; UK)\",\"url\":\"https:\/\/sunward.eu\/\",\"logo\":{\"@type\":\"ImageObject\",\"inLanguage\":\"de-DE\",\"@id\":\"https:\/\/sunward.eu\/#\/schema\/logo\/image\/\",\"url\":\"https:\/\/sunward.eu\/wp-content\/uploads\/2022\/01\/Website_Sunward_logo_top_180x63px.png\",\"contentUrl\":\"https:\/\/sunward.eu\/wp-content\/uploads\/2022\/01\/Website_Sunward_logo_top_180x63px.png\",\"width\":180,\"height\":63,\"caption\":\"Sunward Europe (Official Website for EU &amp; UK)\"},\"image\":{\"@id\":\"https:\/\/sunward.eu\/#\/schema\/logo\/image\/\"}}]}<\/script>\n<!-- \/ Yoast SEO plugin. -->","yoast_head_json":{"title":"SWTH 3507 - Sunward Europe (Official Website for EU &amp; UK)","robots":{"index":"index","follow":"follow","max-snippet":"max-snippet:-1","max-image-preview":"max-image-preview:large","max-video-preview":"max-video-preview:-1"},"canonical":"https:\/\/sunward.eu\/product\/swth3507\/","og_locale":"de_DE","og_type":"article","og_title":"SWTH 3507 - Sunward Europe (Official Website for EU &amp; UK)","og_url":"https:\/\/sunward.eu\/product\/swth3507\/","og_site_name":"Sunward Europe (Official Website for EU &amp; UK)","article_modified_time":"2025-07-10T13:25:47+00:00","og_image":[{"width":1000,"height":1000,"url":"https:\/\/sunward.eu\/wp-content\/uploads\/2025\/03\/Sunward-SWTH3507-MAIN.png","type":"image\/png"}],"twitter_card":"summary_large_image","twitter_misc":{"Est. reading time":"4 minutes"},"schema":{"@context":"https:\/\/schema.org","@graph":[{"@type":"WebPage","@id":"https:\/\/sunward.eu\/product\/swth3507\/","url":"https:\/\/sunward.eu\/product\/swth3507\/","name":"SWTH 3507 - Sunward Europe (Official Website for EU &amp; UK)","isPartOf":{"@id":"https:\/\/sunward.eu\/#website"},"primaryImageOfPage":{"@id":"https:\/\/sunward.eu\/product\/swth3507\/#primaryimage"},"image":{"@id":"https:\/\/sunward.eu\/product\/swth3507\/#primaryimage"},"thumbnailUrl":"https:\/\/sunward.eu\/wp-content\/uploads\/2025\/03\/Sunward-SWTH3507-MAIN.png","datePublished":"2025-03-21T10:22:35+00:00","dateModified":"2025-07-10T13:25:47+00:00","description":"Discover the Sunward SWTH 3507 telehandler \u2013 a compact, all-terrain lifting solution with 3,500 kg capacity, 7.43 m lift height, and advanced safety and comfort features for tough jobsites.","breadcrumb":{"@id":"https:\/\/sunward.eu\/product\/swth3507\/#breadcrumb"},"inLanguage":"de-DE","potentialAction":[{"@type":"ReadAction","target":["https:\/\/sunward.eu\/product\/swth3507\/"]}]},{"@type":"ImageObject","inLanguage":"de-DE","@id":"https:\/\/sunward.eu\/product\/swth3507\/#primaryimage","url":"https:\/\/sunward.eu\/wp-content\/uploads\/2025\/03\/Sunward-SWTH3507-MAIN.png","contentUrl":"https:\/\/sunward.eu\/wp-content\/uploads\/2025\/03\/Sunward-SWTH3507-MAIN.png","width":1000,"height":1000,"caption":"Sunward SWTH3507"},{"@type":"BreadcrumbList","@id":"https:\/\/sunward.eu\/product\/swth3507\/#breadcrumb","itemListElement":[{"@type":"ListItem","position":1,"name":"Home","item":"https:\/\/sunward.eu\/"},{"@type":"ListItem","position":2,"name":"Products","item":"https:\/\/sunward.eu\/shop\/"},{"@type":"ListItem","position":3,"name":"{:en}Telehandlers{:}{:de}Teleskoplader{:}{:fr}Chariots t\u00e9lescopiques{:}{:it}Sollevatori telescopici{:}","item":"https:\/\/sunward.eu\/product-category\/telehandlers\/"},{"@type":"ListItem","position":4,"name":"SWTH 3507"}]},{"@type":"WebSite","@id":"https:\/\/sunward.eu\/#website","url":"https:\/\/sunward.eu\/","name":"Sunward Europe (Official Website for EU &amp; UK)","description":"The smart choice","publisher":{"@id":"https:\/\/sunward.eu\/#organization"},"potentialAction":[{"@type":"SearchAction","target":{"@type":"EntryPoint","urlTemplate":"https:\/\/sunward.eu\/?s={search_term_string}"},"query-input":"required name=search_term_string"}],"inLanguage":"de-DE"},{"@type":"Organization","@id":"https:\/\/sunward.eu\/#organization","name":"Sunward Europe (Official Website for EU &amp; UK)","url":"https:\/\/sunward.eu\/","logo":{"@type":"ImageObject","inLanguage":"de-DE","@id":"https:\/\/sunward.eu\/#\/schema\/logo\/image\/","url":"https:\/\/sunward.eu\/wp-content\/uploads\/2022\/01\/Website_Sunward_logo_top_180x63px.png","contentUrl":"https:\/\/sunward.eu\/wp-content\/uploads\/2022\/01\/Website_Sunward_logo_top_180x63px.png","width":180,"height":63,"caption":"Sunward Europe (Official Website for EU &amp; UK)"},"image":{"@id":"https:\/\/sunward.eu\/#\/schema\/logo\/image\/"}}]}},"_links":{"self":[{"href":"https:\/\/sunward.eu\/de\/wp-json\/wp\/v2\/product\/3894","targetHints":{"allow":["GET"]}}],"collection":[{"href":"https:\/\/sunward.eu\/de\/wp-json\/wp\/v2\/product"}],"about":[{"href":"https:\/\/sunward.eu\/de\/wp-json\/wp\/v2\/types\/product"}],"replies":[{"embeddable":true,"href":"https:\/\/sunward.eu\/de\/wp-json\/wp\/v2\/comments?post=3894"}],"wp:featuredmedia":[{"embeddable":true,"href":"https:\/\/sunward.eu\/de\/wp-json\/wp\/v2\/media\/3922"}],"wp:attachment":[{"href":"https:\/\/sunward.eu\/de\/wp-json\/wp\/v2\/media?parent=3894"}],"wp:term":[{"taxonomy":"product_cat","embeddable":true,"href":"https:\/\/sunward.eu\/de\/wp-json\/wp\/v2\/product_cat?post=3894"},{"taxonomy":"product_tag","embeddable":true,"href":"https:\/\/sunward.eu\/de\/wp-json\/wp\/v2\/product_tag?post=3894"}],"curies":[{"name":"wp","href":"https:\/\/api.w.org\/{rel}","templated":true}]}}