{"id":3694,"date":"2024-10-08T11:47:33","date_gmt":"2024-10-08T09:47:33","guid":{"rendered":"https:\/\/sunward.eu\/?post_type=product&#038;p=3694"},"modified":"2025-03-25T10:46:28","modified_gmt":"2025-03-25T09:46:28","slug":"swa-16j","status":"publish","type":"product","link":"https:\/\/sunward.eu\/de\/product\/swa-16j\/","title":{"rendered":"SWA 16J"},"content":{"rendered":"<div class=\"wpb-content-wrapper\"><p>[vc_row][vc_column][vc_tta_accordion style=&#8221;flat&#8221; c_icon=&#8221;chevron&#8221; c_position=&#8221;right&#8221; active_section=&#8221;1&#8243; no_fill=&#8221;true&#8221; el_class=&#8221;custom-accordion&#8221;][vc_tta_section title=&#8221;SPECIFICATIONS&#8221; tab_id=&#8221;1623355628079-f58b5c44-7c4b&#8221;][vc_custom_heading text=&#8221;SUNWARD SWA 16J&#8221; font_container=&#8221;tag:h3|text_align:left&#8221; use_theme_fonts=&#8221;yes&#8221; css=&#8221;&#8221;][vc_column_text css=&#8221;&#8221;]Wenn Sie auf der Suche nach einer Gelenkarmhebeb\u00fchne sind, ist die Sunward SWA 16J die offensichtliche Wahl. Diese vielseitige Maschine bietet hervorragende Leistung, \u00fcberlegene Sicherheitsmerkmale und au\u00dfergew\u00f6hnliche Nachhaltigkeit und ist damit die perfekte L\u00f6sung f\u00fcr eine Vielzahl von Anwendungen.<\/p>\n<p>Dank seiner Gel\u00e4ndeg\u00e4ngigkeit kann der SWA16J auf einer Vielzahl von Untergr\u00fcnden eingesetzt werden, von glattem Beton bis hin zu unwegsamem Gel\u00e4nde im Freien, was ihm die Vielseitigkeit verleiht, jede Aufgabe zu bew\u00e4ltigen. Au\u00dferdem l\u00e4sst er sich dank seiner kompakten Bauweise auch auf engem Raum leicht man\u00f6vrieren und eignet sich somit perfekt f\u00fcr stark frequentierte Bereiche.<\/p>\n<p>Neben seiner herausragenden Leistung ist der SWA 16J f\u00fcr eine einfache Wartung ausgelegt, was die Ausfallzeiten minimiert und die Produktivit\u00e4t maximiert. Dar\u00fcber hinaus machen die niedrigen Gesamtbetriebskosten diese Maschine zu einer intelligenten und kosteneffizienten Investition, die \u00fcber Jahre hinweg Vorteile bietet.<\/p>\n<p>Am wichtigsten ist jedoch, dass beim SWA 16J die Sicherheit an erster Stelle steht. Seine fortschrittlichen Sicherheitsfunktionen, einschlie\u00dflich des Kippschutzes und des Notabsenkungsventils, sorgen daf\u00fcr, dass sowohl Bediener als auch Unbeteiligte beruhigt sein k\u00f6nnen. Mit dem SWA 16J k\u00f6nnen Sie sich voll und ganz auf Ihre Aufgabe konzentrieren, denn Sie k\u00f6nnen sich darauf verlassen, dass Ihnen eine zuverl\u00e4ssige, sichere und effiziente Maschine zur Verf\u00fcgung steht.<\/p>\n<p>Wenn Sie intelligenter und nicht h\u00e4rter arbeiten wollen, entscheiden Sie sich f\u00fcr die Sunward SWA 16J-Gelenkarbeitsb\u00fchne &#8211; die intelligente Wahl f\u00fcr jede Aufgabe.<\/p>\n<p>Entdecken Sie alle weiteren Vorteile des Sunward SWA 16J.[\/vc_column_text][vc_row_inner][vc_column_inner width=&#8221;1\/2&#8243;][vc_toggle title=&#8221;TECHNISCHE DATEN REICHWEITE&#8221; css=&#8221;&#8221;]<\/p>\n<table width=\"655\">\n<tbody>\n<tr>\n<td width=\"417\">Max. Arbeitsh\u00f6he<\/td>\n<td width=\"238\">14 m<\/td>\n<\/tr>\n<tr>\n<td width=\"417\">Maximale horizontale Reichweite<\/td>\n<td>16 m<\/td>\n<\/tr>\n<tr>\n<td width=\"417\">Nutzlast<\/td>\n<td>8.02 m<\/td>\n<\/tr>\n<tr>\n<td width=\"417\">Betriebsgewicht<\/td>\n<td>7.6 m<\/td>\n<\/tr>\n<\/tbody>\n<\/table>\n<p>[\/vc_toggle][vc_toggle title=&#8221;MOTOR&#8221; css=&#8221;&#8221;]<\/p>\n<table width=\"655\">\n<tbody>\n<tr>\n<td width=\"417\">Modell<\/td>\n<td width=\"238\">Kubota v2403<\/td>\n<\/tr>\n<tr>\n<td width=\"417\">Motorleistung<\/td>\n<td>47.9 kW<\/td>\n<\/tr>\n<tr>\n<td width=\"417\">Motordrehzahl<\/td>\n<td>2 700 rpm<\/td>\n<\/tr>\n<tr>\n<td width=\"417\"><\/td>\n<td><\/td>\n<\/tr>\n<\/tbody>\n<\/table>\n<p>[\/vc_toggle][vc_toggle title=&#8221;ABMESSUNGEN&#8221; css=&#8221;&#8221;]<\/p>\n<table width=\"655\">\n<tbody>\n<tr>\n<td width=\"417\">L\u00e4nge &#8211; eingefahren<\/td>\n<td width=\"238\">6.93 m<\/td>\n<\/tr>\n<tr>\n<td>H\u00f6he &#8211; eingefahren<\/td>\n<td>2.17 m<\/td>\n<\/tr>\n<tr>\n<td>Gesamtbreite<\/td>\n<td>2.3 m<\/td>\n<\/tr>\n<tr>\n<td>Bodenfreiheit &#8211; mittelwert<\/td>\n<td>0.35 m<\/td>\n<\/tr>\n<tr>\n<td>L\u00e4nge der Arbeitsb\u00fchne<\/td>\n<td>1.83 m<\/td>\n<\/tr>\n<\/tbody>\n<\/table>\n<p>[\/vc_toggle][vc_toggle title=&#8221;LEISTUNGSDATEN&#8221; css=&#8221;&#8221;]<\/p>\n<table width=\"655\">\n<tbody>\n<tr>\n<td width=\"417\">Drehung der Plattform<\/td>\n<td width=\"238\">160\u00b0<\/td>\n<\/tr>\n<tr>\n<td>Fahrgeschwindigkeit (eingefahren)<\/td>\n<td>6.8 km\/h<\/td>\n<\/tr>\n<tr>\n<td>Fahrgeschwindigkeit (ausgefahren)<\/td>\n<td>0.8 km\/h<\/td>\n<\/tr>\n<tr>\n<td>Wenderadius (innen\/au\u00dfen)<\/td>\n<td>2.09 m \/ 4.98 m<\/td>\n<\/tr>\n<tr>\n<td>Steigf\u00e4higkeit &#8211; Allradantrieb &#8211; eingefahren<\/td>\n<td>45%<\/td>\n<\/tr>\n<tr>\n<td>Maximal zul\u00e4ssiger Arbeitswinkel<\/td>\n<td>5<\/td>\n<\/tr>\n<\/tbody>\n<\/table>\n<p>[\/vc_toggle][\/vc_column_inner][vc_column_inner width=&#8221;1\/2&#8243;][\/vc_column_inner][\/vc_row_inner][\/vc_tta_section][vc_tta_section title=&#8221;MERKMALE UND VORTEILE&#8221; tab_id=&#8221;1623355710952-d36b50a3-81ed&#8221;][vc_row_inner][vc_column_inner width=&#8221;1\/4&#8243;][vc_single_image image=&#8221;1070&#8243; img_size=&#8221;medium&#8221;][\/vc_column_inner][vc_column_inner width=&#8221;3\/4&#8243;][vc_custom_heading text=&#8221;F\u00dcR EUROPA KONZIPIERT&#8221; font_container=&#8221;tag:h3|text_align:left&#8221; use_theme_fonts=&#8221;yes&#8221; css=&#8221;&#8221;][vc_column_text css=&#8221;&#8221;]Zus\u00e4tzlich zu seiner EU-Zertifizierung ist der Sunward SWA 16J, wie alle Sunward-Maschinen auf dem europ\u00e4ischen Markt, auf die Bed\u00fcrfnisse der europ\u00e4ischen Kunden zugeschnitten.[\/vc_column_text][\/vc_column_inner][\/vc_row_inner][vc_row_inner][vc_column_inner width=&#8221;1\/4&#8243;][vc_single_image image=&#8221;1205&#8243; img_size=&#8221;medium&#8221;][\/vc_column_inner][vc_column_inner width=&#8221;3\/4&#8243;][vc_custom_heading text=&#8221;SICHERHEIT HAT VORRANG&#8221; font_container=&#8221;tag:h3|text_align:left&#8221; use_theme_fonts=&#8221;yes&#8221; css=&#8221;&#8221;][vc_column_text css=&#8221;&#8221;]Bei der SWA 16J steht die Sicherheit an erster Stelle.<\/p>\n<p>Ausgestattet mit fortschrittlichen Sicherheitsmerkmalen wie dem Anti-Kipp-System und dem Notablassventil sorgt er f\u00fcr die Sicherheit von Bedienern und Umstehenden. Mit dem SWA 16J k\u00f6nnen Sie sich auf die anstehende Aufgabe konzentrieren, denn Sie k\u00f6nnen sich darauf verlassen, dass Ihnen eine zuverl\u00e4ssige, sichere und effiziente Maschine zur Verf\u00fcgung steht.<\/p>\n<p>Dar\u00fcber hinaus machen die niedrigen Gesamtbetriebskosten diese Wahl noch \u00fcberzeugender.[\/vc_column_text][\/vc_column_inner][\/vc_row_inner][vc_row_inner][vc_column_inner width=&#8221;1\/4&#8243;][vc_single_image image=&#8221;1071&#8243; img_size=&#8221;medium&#8221;][\/vc_column_inner][vc_column_inner width=&#8221;3\/4&#8243;][vc_custom_heading text=&#8221;BESTES PREIS-LEISTUNGS-VERH\u00c4LTNIS&#8221; font_container=&#8221;tag:h3|text_align:left&#8221; use_theme_fonts=&#8221;yes&#8221; css=&#8221;&#8221;][vc_column_text css=&#8221;&#8221;]Sunward ist Ihre beste Investition in Zuverl\u00e4ssigkeit, Leistung und hohen ROI. Der SWA 16J zeichnet sich durch eine fachm\u00e4nnische Konstruktion aus, die durchdacht ausgew\u00e4hlte Komponenten zur Verbesserung von Betrieb und Wartung enth\u00e4lt.Dieser Ansatz resultiert in einer Maschine, die zahlreiche Standardfunktionen, hochwertige Schl\u00fcsselkomponenten und beeindruckende F\u00e4higkeiten bietet &#8211; und das alles zu einem wettbewerbsf\u00e4higen Preis.<\/p>\n<p>Dar\u00fcber hinaus sind die Original-Ersatzteile von Sunward kosteng\u00fcnstig, so dass Sie den besten Gegenwert f\u00fcr Ihr Geld erhalten.[\/vc_column_text][\/vc_column_inner][\/vc_row_inner][\/vc_tta_section][vc_tta_section title=&#8221;VIDEO&#8221; tab_id=&#8221;1623857706491-8aa3a03f-cca1&#8243;][\/vc_tta_section][vc_tta_section title=&#8221;BROCHURE&#8221; tab_id=&#8221;1623857795794-8fd5289e-c5a3&#8243;][vc_row_inner content_placement=&#8221;middle&#8221;][vc_column_inner width=&#8221;1\/4&#8243;][vc_single_image image=&#8221;3696&#8243; img_size=&#8221;large&#8221; css=&#8221;&#8221;][\/vc_column_inner][vc_column_inner width=&#8221;3\/4&#8243;][vc_custom_heading text=&#8221;Product brochure&#8221; font_container=&#8221;tag:h3|text_align:left&#8221; use_theme_fonts=&#8221;yes&#8221;][vc_btn title=&#8221;DOWNLOAD&#8221; color=&#8221;orange&#8221; size=&#8221;lg&#8221; css=&#8221;&#8221; link=&#8221;url:https%3A%2F%2Fsunward.eu%2Fwp-content%2Fuploads%2F2025%2F03%2FSunward_SWA_16J_FINAL_HR_DE.pdf|title:Sunward%20SWA%2016J%20Specifications|target:_blank&#8221;][\/vc_column_inner][\/vc_row_inner][\/vc_tta_section][\/vc_tta_accordion][\/vc_column][\/vc_row]<\/p>\n<\/div>","protected":false},"excerpt":{"rendered":"<p>Wenn Sie auf der Suche nach einer Gelenkarmhebeb\u00fchne sind, ist die Sunward SWA 16J die offensichtliche Wahl. Diese vielseitige Maschine bietet hervorragende Leistung, \u00fcberlegene Sicherheitsmerkmale und au\u00dfergew\u00f6hnliche Nachhaltigkeit und ist damit die perfekte L\u00f6sung f\u00fcr eine Vielzahl von Anwendungen. [&#8230;]<\/p>\n<p><a class=\"btn btn-secondary understrap-read-more-link\" href=\"https:\/\/sunward.eu\/de\/product\/swa-16j\/\">Weiterlesen&#8230;<\/a><\/p>\n","protected":false},"featured_media":3695,"comment_status":"closed","ping_status":"closed","template":"","meta":{"_acf_changed":false,"inline_featured_image":false},"product_cat":[126],"product_tag":[],"class_list":{"0":"post-3694","1":"product","2":"type-product","3":"status-publish","4":"has-post-thumbnail","6":"product_cat-articulated-boom-lift","7":"pa_max-working-height-16-m","9":"first","10":"instock","11":"shipping-taxable","12":"product-type-simple"},"translation":{"provider":"WPGlobus","version":"2.12.2","language":"de","enabled_languages":["en","de","fr","it"],"languages":{"en":{"title":true,"content":true,"excerpt":true},"de":{"title":true,"content":true,"excerpt":true},"fr":{"title":true,"content":true,"excerpt":true},"it":{"title":true,"content":true,"excerpt":true}}},"acf":[],"yoast_head":"<!-- This site is optimized with the Yoast SEO plugin v22.6 - https:\/\/yoast.com\/wordpress\/plugins\/seo\/ -->\n<title>SWA 16J - Sunward Europe (Official Website for EU &amp; UK)<\/title>\n<meta name=\"robots\" content=\"index, follow, max-snippet:-1, max-image-preview:large, max-video-preview:-1\" \/>\n<link rel=\"canonical\" href=\"https:\/\/sunward.eu\/product\/swa-16j\/\" \/>\n<meta property=\"og:locale\" content=\"de_DE\" \/>\n<meta property=\"og:type\" content=\"article\" \/>\n<meta property=\"og:title\" content=\"SWA 16J - Sunward Europe (Official Website for EU &amp; UK)\" \/>\n<meta property=\"og:url\" content=\"https:\/\/sunward.eu\/product\/swa-16j\/\" \/>\n<meta property=\"og:site_name\" content=\"Sunward Europe (Official Website for EU &amp; UK)\" \/>\n<meta property=\"article:modified_time\" content=\"2025-03-25T09:46:28+00:00\" \/>\n<meta property=\"og:image\" content=\"https:\/\/sunward.eu\/wp-content\/uploads\/2024\/10\/Sunward-SWA-16J_MAIN.png\" \/>\n\t<meta property=\"og:image:width\" content=\"1000\" \/>\n\t<meta property=\"og:image:height\" content=\"1000\" \/>\n\t<meta property=\"og:image:type\" content=\"image\/png\" \/>\n<meta name=\"twitter:card\" content=\"summary_large_image\" \/>\n<meta name=\"twitter:label1\" content=\"Est. reading time\" \/>\n\t<meta name=\"twitter:data1\" content=\"4 minutes\" \/>\n<script type=\"application\/ld+json\" class=\"yoast-schema-graph\">{\"@context\":\"https:\/\/schema.org\",\"@graph\":[{\"@type\":\"WebPage\",\"@id\":\"https:\/\/sunward.eu\/product\/swa-16j\/\",\"url\":\"https:\/\/sunward.eu\/product\/swa-16j\/\",\"name\":\"SWA 16J - Sunward Europe (Official Website for EU &amp; UK)\",\"isPartOf\":{\"@id\":\"https:\/\/sunward.eu\/#website\"},\"primaryImageOfPage\":{\"@id\":\"https:\/\/sunward.eu\/product\/swa-16j\/#primaryimage\"},\"image\":{\"@id\":\"https:\/\/sunward.eu\/product\/swa-16j\/#primaryimage\"},\"thumbnailUrl\":\"https:\/\/sunward.eu\/wp-content\/uploads\/2024\/10\/Sunward-SWA-16J_MAIN.png\",\"datePublished\":\"2024-10-08T09:47:33+00:00\",\"dateModified\":\"2025-03-25T09:46:28+00:00\",\"breadcrumb\":{\"@id\":\"https:\/\/sunward.eu\/product\/swa-16j\/#breadcrumb\"},\"inLanguage\":\"de-DE\",\"potentialAction\":[{\"@type\":\"ReadAction\",\"target\":[\"https:\/\/sunward.eu\/product\/swa-16j\/\"]}]},{\"@type\":\"ImageObject\",\"inLanguage\":\"de-DE\",\"@id\":\"https:\/\/sunward.eu\/product\/swa-16j\/#primaryimage\",\"url\":\"https:\/\/sunward.eu\/wp-content\/uploads\/2024\/10\/Sunward-SWA-16J_MAIN.png\",\"contentUrl\":\"https:\/\/sunward.eu\/wp-content\/uploads\/2024\/10\/Sunward-SWA-16J_MAIN.png\",\"width\":1000,\"height\":1000},{\"@type\":\"BreadcrumbList\",\"@id\":\"https:\/\/sunward.eu\/product\/swa-16j\/#breadcrumb\",\"itemListElement\":[{\"@type\":\"ListItem\",\"position\":1,\"name\":\"Home\",\"item\":\"https:\/\/sunward.eu\/\"},{\"@type\":\"ListItem\",\"position\":2,\"name\":\"Products\",\"item\":\"https:\/\/sunward.eu\/shop\/\"},{\"@type\":\"ListItem\",\"position\":3,\"name\":\"{:en}Articulated Boom Lifts{:}{:de}Gelenkarbeitsbuehnen{:}{:fr}Nacelles articul\u00e9es{:}{:it}Piattaforme aeree articolate{:}\",\"item\":\"https:\/\/sunward.eu\/product-category\/articulated-boom-lift\/\"},{\"@type\":\"ListItem\",\"position\":4,\"name\":\"SWA 16J\"}]},{\"@type\":\"WebSite\",\"@id\":\"https:\/\/sunward.eu\/#website\",\"url\":\"https:\/\/sunward.eu\/\",\"name\":\"Sunward Europe (Official Website for EU &amp; UK)\",\"description\":\"The smart choice\",\"publisher\":{\"@id\":\"https:\/\/sunward.eu\/#organization\"},\"potentialAction\":[{\"@type\":\"SearchAction\",\"target\":{\"@type\":\"EntryPoint\",\"urlTemplate\":\"https:\/\/sunward.eu\/?s={search_term_string}\"},\"query-input\":\"required name=search_term_string\"}],\"inLanguage\":\"de-DE\"},{\"@type\":\"Organization\",\"@id\":\"https:\/\/sunward.eu\/#organization\",\"name\":\"Sunward Europe (Official Website for EU &amp; UK)\",\"url\":\"https:\/\/sunward.eu\/\",\"logo\":{\"@type\":\"ImageObject\",\"inLanguage\":\"de-DE\",\"@id\":\"https:\/\/sunward.eu\/#\/schema\/logo\/image\/\",\"url\":\"https:\/\/sunward.eu\/wp-content\/uploads\/2022\/01\/Website_Sunward_logo_top_180x63px.png\",\"contentUrl\":\"https:\/\/sunward.eu\/wp-content\/uploads\/2022\/01\/Website_Sunward_logo_top_180x63px.png\",\"width\":180,\"height\":63,\"caption\":\"Sunward Europe (Official Website for EU &amp; UK)\"},\"image\":{\"@id\":\"https:\/\/sunward.eu\/#\/schema\/logo\/image\/\"}}]}<\/script>\n<!-- \/ Yoast SEO plugin. -->","yoast_head_json":{"title":"SWA 16J - Sunward Europe (Official Website for EU &amp; UK)","robots":{"index":"index","follow":"follow","max-snippet":"max-snippet:-1","max-image-preview":"max-image-preview:large","max-video-preview":"max-video-preview:-1"},"canonical":"https:\/\/sunward.eu\/product\/swa-16j\/","og_locale":"de_DE","og_type":"article","og_title":"SWA 16J - Sunward Europe (Official Website for EU &amp; UK)","og_url":"https:\/\/sunward.eu\/product\/swa-16j\/","og_site_name":"Sunward Europe (Official Website for EU &amp; UK)","article_modified_time":"2025-03-25T09:46:28+00:00","og_image":[{"width":1000,"height":1000,"url":"https:\/\/sunward.eu\/wp-content\/uploads\/2024\/10\/Sunward-SWA-16J_MAIN.png","type":"image\/png"}],"twitter_card":"summary_large_image","twitter_misc":{"Est. reading time":"4 minutes"},"schema":{"@context":"https:\/\/schema.org","@graph":[{"@type":"WebPage","@id":"https:\/\/sunward.eu\/product\/swa-16j\/","url":"https:\/\/sunward.eu\/product\/swa-16j\/","name":"SWA 16J - Sunward Europe (Official Website for EU &amp; UK)","isPartOf":{"@id":"https:\/\/sunward.eu\/#website"},"primaryImageOfPage":{"@id":"https:\/\/sunward.eu\/product\/swa-16j\/#primaryimage"},"image":{"@id":"https:\/\/sunward.eu\/product\/swa-16j\/#primaryimage"},"thumbnailUrl":"https:\/\/sunward.eu\/wp-content\/uploads\/2024\/10\/Sunward-SWA-16J_MAIN.png","datePublished":"2024-10-08T09:47:33+00:00","dateModified":"2025-03-25T09:46:28+00:00","breadcrumb":{"@id":"https:\/\/sunward.eu\/product\/swa-16j\/#breadcrumb"},"inLanguage":"de-DE","potentialAction":[{"@type":"ReadAction","target":["https:\/\/sunward.eu\/product\/swa-16j\/"]}]},{"@type":"ImageObject","inLanguage":"de-DE","@id":"https:\/\/sunward.eu\/product\/swa-16j\/#primaryimage","url":"https:\/\/sunward.eu\/wp-content\/uploads\/2024\/10\/Sunward-SWA-16J_MAIN.png","contentUrl":"https:\/\/sunward.eu\/wp-content\/uploads\/2024\/10\/Sunward-SWA-16J_MAIN.png","width":1000,"height":1000},{"@type":"BreadcrumbList","@id":"https:\/\/sunward.eu\/product\/swa-16j\/#breadcrumb","itemListElement":[{"@type":"ListItem","position":1,"name":"Home","item":"https:\/\/sunward.eu\/"},{"@type":"ListItem","position":2,"name":"Products","item":"https:\/\/sunward.eu\/shop\/"},{"@type":"ListItem","position":3,"name":"{:en}Articulated Boom Lifts{:}{:de}Gelenkarbeitsbuehnen{:}{:fr}Nacelles articul\u00e9es{:}{:it}Piattaforme aeree articolate{:}","item":"https:\/\/sunward.eu\/product-category\/articulated-boom-lift\/"},{"@type":"ListItem","position":4,"name":"SWA 16J"}]},{"@type":"WebSite","@id":"https:\/\/sunward.eu\/#website","url":"https:\/\/sunward.eu\/","name":"Sunward Europe (Official Website for EU &amp; UK)","description":"The smart choice","publisher":{"@id":"https:\/\/sunward.eu\/#organization"},"potentialAction":[{"@type":"SearchAction","target":{"@type":"EntryPoint","urlTemplate":"https:\/\/sunward.eu\/?s={search_term_string}"},"query-input":"required name=search_term_string"}],"inLanguage":"de-DE"},{"@type":"Organization","@id":"https:\/\/sunward.eu\/#organization","name":"Sunward Europe (Official Website for EU &amp; UK)","url":"https:\/\/sunward.eu\/","logo":{"@type":"ImageObject","inLanguage":"de-DE","@id":"https:\/\/sunward.eu\/#\/schema\/logo\/image\/","url":"https:\/\/sunward.eu\/wp-content\/uploads\/2022\/01\/Website_Sunward_logo_top_180x63px.png","contentUrl":"https:\/\/sunward.eu\/wp-content\/uploads\/2022\/01\/Website_Sunward_logo_top_180x63px.png","width":180,"height":63,"caption":"Sunward Europe (Official Website for EU &amp; UK)"},"image":{"@id":"https:\/\/sunward.eu\/#\/schema\/logo\/image\/"}}]}},"_links":{"self":[{"href":"https:\/\/sunward.eu\/de\/wp-json\/wp\/v2\/product\/3694","targetHints":{"allow":["GET"]}}],"collection":[{"href":"https:\/\/sunward.eu\/de\/wp-json\/wp\/v2\/product"}],"about":[{"href":"https:\/\/sunward.eu\/de\/wp-json\/wp\/v2\/types\/product"}],"replies":[{"embeddable":true,"href":"https:\/\/sunward.eu\/de\/wp-json\/wp\/v2\/comments?post=3694"}],"wp:featuredmedia":[{"embeddable":true,"href":"https:\/\/sunward.eu\/de\/wp-json\/wp\/v2\/media\/3695"}],"wp:attachment":[{"href":"https:\/\/sunward.eu\/de\/wp-json\/wp\/v2\/media?parent=3694"}],"wp:term":[{"taxonomy":"product_cat","embeddable":true,"href":"https:\/\/sunward.eu\/de\/wp-json\/wp\/v2\/product_cat?post=3694"},{"taxonomy":"product_tag","embeddable":true,"href":"https:\/\/sunward.eu\/de\/wp-json\/wp\/v2\/product_tag?post=3694"}],"curies":[{"name":"wp","href":"https:\/\/api.w.org\/{rel}","templated":true}]}}