{"id":3520,"date":"2024-04-02T12:39:02","date_gmt":"2024-04-02T10:39:02","guid":{"rendered":"https:\/\/sunward.eu\/?post_type=product&#038;p=3520"},"modified":"2025-09-22T15:38:45","modified_gmt":"2025-09-22T13:38:45","slug":"sl-06w","status":"publish","type":"product","link":"https:\/\/sunward.eu\/de\/product\/sl-06w\/","title":{"rendered":"SL 06W"},"content":{"rendered":"<div class=\"wpb-content-wrapper\"><p>[vc_row][vc_column][vc_tta_accordion style=&#8221;flat&#8221; c_icon=&#8221;chevron&#8221; c_position=&#8221;right&#8221; active_section=&#8221;1&#8243; no_fill=&#8221;true&#8221; el_class=&#8221;custom-accordion&#8221;][vc_tta_section title=&#8221;TECHNISCHE DATEN&#8221; tab_id=&#8221;1623355628079-f58b5c44-7c4b&#8221;][vc_custom_heading text=&#8221;SUNWARD SL 06W&#8221; font_container=&#8221;tag:h3|text_align:left&#8221; use_theme_fonts=&#8221;yes&#8221;][vc_column_text css=&#8221;&#8221;]Der SL 06W von Sunward ist eine bemerkenswerte Erg\u00e4nzung auf dem Markt der kompakten Radlader und zeichnet sich durch eine Reihe vorteilhafter Eigenschaften aus.<\/p>\n<p>Es wird von einem Yanmar-Motor angetrieben, der robuste Leistung und Umweltverantwortung effizient in Einklang bringt.<\/p>\n<p>Mit einem Einsatzgewicht von 1.700 kg und einer durchdachten Schaufel bietet dieser Lader Stabilit\u00e4t und Effizienz f\u00fcr vielf\u00e4ltige Aufgaben.<\/p>\n<p>Der SL 06W wurde im Hinblick auf Vielseitigkeit entwickelt und erf\u00fcllt die Anforderungen verschiedener Anwendungen, vom Bauwesen bis zur Landwirtschaft. Seine kompakte Gr\u00f6\u00dfe und verbesserte Man\u00f6vrierf\u00e4higkeit machen ihn zu einer praktischen Wahl in Umgebungen mit begrenztem Platzangebot.<\/p>\n<p>Dar\u00fcber hinaus ist der EU-Stufe-V-Motor des Laders auf niedrige Emissionen ausgelegt, was dem Fokus von Sunward auf Umweltfreundlichkeit und Betriebskosteneffizienz entspricht.[\/vc_column_text][vc_separator color=&#8221;white&#8221;][vc_row_inner][vc_column_inner width=&#8221;1\/2&#8243;][vc_toggle title=&#8221;ABMESSUNGEN UND GEWICHT&#8221; css=&#8221;&#8221;]<\/p>\n<table width=\"655\">\n<tbody>\n<tr>\n<td width=\"417\">Betriebsgewicht<\/td>\n<td width=\"238\">1 700 kg<\/td>\n<\/tr>\n<tr>\n<td>L\u00e4nge mit Standardschaufel<\/td>\n<td>3 673 mm<\/td>\n<\/tr>\n<tr>\n<td>Breite ohne Schaufel<\/td>\n<td>1 150 mm<\/td>\n<\/tr>\n<tr>\n<td>H\u00f6he bis ROPS-Dach<\/td>\n<td>2 250 mm<\/td>\n<\/tr>\n<\/tbody>\n<\/table>\n<p>[\/vc_toggle][vc_toggle title=&#8221;MOTOR&#8221; css=&#8221;&#8221;]<\/p>\n<table width=\"655\">\n<tbody>\n<tr>\n<td width=\"417\">Modell<\/td>\n<td width=\"238\">Yanmar 3TNV88<\/td>\n<\/tr>\n<tr>\n<td>Emissionsstufe<\/td>\n<td>EU Stage V<\/td>\n<\/tr>\n<tr>\n<td>Nennausgangsleistung<\/td>\n<td>18.2 kW<\/td>\n<\/tr>\n<\/tbody>\n<\/table>\n<p>[\/vc_toggle][vc_toggle title=&#8221;LEISTUNGSDATEN&#8221; css=&#8221;&#8221;]<\/p>\n<table width=\"655\">\n<tbody>\n<tr>\n<td width=\"417\">Nutzlast<\/td>\n<td width=\"238\">600 kg<\/td>\n<\/tr>\n<tr>\n<td>L\u00f6ffelvolumen<\/td>\n<td>0.26 m\u00b3<\/td>\n<\/tr>\n<tr>\n<td>Max. Grabkraft<\/td>\n<td>13 kN<\/td>\n<\/tr>\n<tr>\n<td>Fahrgeschwindigkeit<\/td>\n<td>12 km\/h<\/td>\n<\/tr>\n<\/tbody>\n<\/table>\n<p>[\/vc_toggle][\/vc_column_inner][vc_column_inner width=&#8221;1\/2&#8243;][\/vc_column_inner][\/vc_row_inner][\/vc_tta_section][vc_tta_section title=&#8221;ABMESSUNGEN UND GEWICHT&#8221; tab_id=&#8221;1623355710952-d36b50a3-81ed&#8221;][vc_row_inner][vc_column_inner width=&#8221;1\/4&#8243;][vc_single_image image=&#8221;1070&#8243; img_size=&#8221;medium&#8221;][\/vc_column_inner][vc_column_inner width=&#8221;3\/4&#8243;][vc_custom_heading text=&#8221;F\u00dcR EUROPA KONZIPIERT&#8221; font_container=&#8221;tag:h3|text_align:left&#8221; use_theme_fonts=&#8221;yes&#8221;][vc_column_text]Wie alle Sunward-Maschinen auf dem EU-Markt ist die SL 06W entsprechend den Anforderungen europ\u00e4ischer Kunden konzipiert und verf\u00fcgt \u00fcber alle EU-Zertifizierungen.[\/vc_column_text][\/vc_column_inner][\/vc_row_inner][vc_separator][vc_row_inner][vc_column_inner width=&#8221;1\/4&#8243;][vc_single_image image=&#8221;1456&#8243; img_size=&#8221;medium&#8221;][\/vc_column_inner][vc_column_inner width=&#8221;3\/4&#8243;][vc_custom_heading text=&#8221;MULTITASKINGF\u00c4HIG&#8221; font_container=&#8221;tag:h3|text_align:left&#8221; use_theme_fonts=&#8221;yes&#8221;][vc_column_text css=&#8221;&#8221;]Der SL 06W ist auf Flexibilit\u00e4t ausgelegt und kann den Anforderungen verschiedener Anwendungen gerecht werden, vom Bauwesen bis zur Landwirtschaft. Es ist kompakt und wendig und eignet sich daher ideal f\u00fcr enge R\u00e4ume.<\/p>\n<p>Die Vielseitigkeit eines Kompaktladers beginnt damit, wie gut er f\u00fcr den Transport konzipiert ist. Der SL 06W entspricht mehr als nur den Transportvorschriften der EU \u2013 er ist wirklich kompakt (1.150 mm Breite) und leicht (1.700 kg), sein kleiner Rahmen erm\u00f6glicht einen einfachen, sicheren Transport hinter einem Pickup.[\/vc_column_text][\/vc_column_inner][\/vc_row_inner][vc_separator][vc_row_inner][vc_column_inner width=&#8221;1\/4&#8243;][vc_single_image image=&#8221;1457&#8243; img_size=&#8221;medium&#8221;][\/vc_column_inner][vc_column_inner width=&#8221;3\/4&#8243;][vc_custom_heading text=&#8221;ZUVERL\u00c4SSIGE LEISTUNGSF\u00c4HIGKEIT&#8221; font_container=&#8221;tag:h3|text_align:left&#8221; use_theme_fonts=&#8221;yes&#8221;][vc_column_text css=&#8221;&#8221;]Trotz seiner kompakten Gr\u00f6\u00dfe verf\u00fcgt der SL 06W \u00fcber eine beeindruckende Ausbrechkraft, eine enorme Hubkapazit\u00e4t und schnelle Zykluszeiten.<\/p>\n<p>Der leistungsstarke Yanmar -Motor liefert eine Leistung von 18.2 kW (bei 2 200 U\/min) und bietet au\u00dfergew\u00f6hnliche Zuverl\u00e4ssigkeit auch unter schwierigen Hochlastbedingungen, eine lange Lebensdauer und entspricht den Emissionsanforderungen der Stufe V der Europ\u00e4ischen Union.[\/vc_column_text][\/vc_column_inner][\/vc_row_inner][vc_separator][vc_row_inner][vc_column_inner width=&#8221;1\/4&#8243;][vc_single_image image=&#8221;1458&#8243; img_size=&#8221;medium&#8221;][\/vc_column_inner][vc_column_inner width=&#8221;3\/4&#8243;][vc_custom_heading text=&#8221;KOMFORT SERIENM\u00c4SSIG&#8221; font_container=&#8221;tag:h3|text_align:left&#8221; use_theme_fonts=&#8221;yes&#8221;][vc_column_text]Beim Sunward SL 06W beginnt der Komfort mit der hervorragenden Kabinenzug\u00e4nglichkeit. Hat man im SL 06W Platz genommen, sorgen eine ger\u00e4umige Kabine, Klimatisierung, ein bequemer Sitz und ergonomische Bedienelemente f\u00fcr maximalen Fahrerkomfort.<\/p>\n<p>Auch die ausgezeichnete Rundumsicht wird f\u00fcr den Fahrer beeindruckend sein. Das alles macht den Betrieb eines Sunward-Kompaktladers zum reinen Vergn\u00fcgen.[\/vc_column_text][\/vc_column_inner][\/vc_row_inner][vc_separator][vc_row_inner][vc_column_inner width=&#8221;1\/4&#8243;][vc_single_image image=&#8221;1459&#8243; img_size=&#8221;medium&#8221;][\/vc_column_inner][vc_column_inner width=&#8221;3\/4&#8243;][vc_custom_heading text=&#8221;HOHE WARTUNGSFREUNDLICHKEIT&#8221; font_container=&#8221;tag:h3|text_align:left&#8221; use_theme_fonts=&#8221;yes&#8221;][vc_column_text]Weil uns auch die Betriebskosten wichtig sind, wurden alle Wartungs- und Servicema\u00dfnahmen so einfach wie m\u00f6glich gestaltet. Die t\u00e4gliche Routinewartung ist \u00e4u\u00dferst unkompliziert, weil die Pr\u00fcfpunkte und Komponenten des K\u00fchlsystems \u00fcber die rechte T\u00fcr vom Boden aus zug\u00e4nglich sind. Was die Wartung betrifft, sind alle wichtigen Komponenten \u00fcber die kippbare ROPS-\/FOPS-Kabine ebenfalls leicht und schnell erreichbar.[\/vc_column_text][\/vc_column_inner][\/vc_row_inner][vc_separator][vc_row_inner][vc_column_inner width=&#8221;1\/4&#8243;][vc_single_image image=&#8221;1460&#8243; img_size=&#8221;medium&#8221;][\/vc_column_inner][vc_column_inner width=&#8221;3\/4&#8243;][vc_custom_heading text=&#8221;SICHERHEIT STEHT NICHT ZUR WAHL&#8221; font_container=&#8221;tag:h3|text_align:left&#8221; use_theme_fonts=&#8221;yes&#8221;][vc_column_text]Sicherheit ist und bleibt f\u00fcr Sunward unverhandelbar. Der SL 06W ist vollst\u00e4ndig auf die Sicherheit des Fahrers ausgelegt.<\/p>\n<p>So garantieren die ROPS-\/FOPS-Kabine und der Heckfenster-Notausstieg in Verbindung mit der \u00fcberragenden Rundumsicht und hervorragenden Stabilit\u00e4t der Maschine maximale Sicherheit.<\/p>\n<p>Weiterhin verhindern ein Sitzschalter und ein Armlehnenschalter, dass sich die Maschine in Abwesenheit des Fahrers starten l\u00e4sst.<\/p>\n<p>Zu den Sicherheitssystemen des SL 06W Kompaktladers geh\u00f6rt auch eine Notfallabsenkfunktion, damit sich der Ausleger bei einem unerwarteten Motorausfall sicher absenken l\u00e4sst.[\/vc_column_text][\/vc_column_inner][\/vc_row_inner][\/vc_tta_section][vc_tta_section title=&#8221;VIDEO&#8221; tab_id=&#8221;1623857706491-8aa3a03f-cca1&#8243;][vc_video link=&#8221;https:\/\/youtu.be\/tmwhSLx2cE4&#8243;][\/vc_tta_section][vc_tta_section title=&#8221;BROSCH\u00dcRE&#8221; tab_id=&#8221;1623857795794-8fd5289e-c5a3&#8243;][vc_row_inner content_placement=&#8221;middle&#8221;][vc_column_inner width=&#8221;1\/4&#8243;][vc_single_image image=&#8221;3522&#8243; img_size=&#8221;large&#8221;][\/vc_column_inner][vc_column_inner width=&#8221;3\/4&#8243;][vc_custom_heading text=&#8221;SUNWARD SL 06W Product brochure&#8221; font_container=&#8221;tag:h3|text_align:left&#8221; use_theme_fonts=&#8221;yes&#8221;][vc_btn title=&#8221;DOWNLOAD&#8221; color=&#8221;orange&#8221; size=&#8221;lg&#8221; css=&#8221;&#8221; link=&#8221;url:https%3A%2F%2Fsunward.eu%2Fwp-content%2Fuploads%2F2025%2F09%2FSUNWARD_SL06W_09.2025_FINAL_HR_DE.pdf|title:Sunward%20SL%2006W%20Spec%20Sheet|target:_blank&#8221;][\/vc_column_inner][\/vc_row_inner][\/vc_tta_section][\/vc_tta_accordion][\/vc_column][\/vc_row]<\/p>\n<\/div>","protected":false},"excerpt":{"rendered":"<p>Der SL 06W von Sunward ist eine bemerkenswerte Erg\u00e4nzung auf dem Markt der kompakten Radlader und zeichnet sich durch eine Reihe vorteilhafter Eigenschaften aus.<\/p>\n<p>Es wird von einem Yanmar-Motor angetrieben, der robuste Leistung und Umweltverantwortung effizient in Einklang bringt. [&#8230;]<\/p>\n<p><a class=\"btn btn-secondary understrap-read-more-link\" href=\"https:\/\/sunward.eu\/de\/product\/sl-06w\/\">Weiterlesen&#8230;<\/a><\/p>\n","protected":false},"featured_media":3521,"comment_status":"closed","ping_status":"closed","template":"","meta":{"_acf_changed":false,"inline_featured_image":false},"product_cat":[327],"product_tag":[],"class_list":{"0":"post-3520","1":"product","2":"type-product","3":"status-publish","4":"has-post-thumbnail","6":"product_cat-articulated-wheel-loaders","7":"pa_operating-weight-1-700-kg","8":"pa_power-output-18-2-kw","10":"first","11":"instock","12":"shipping-taxable","13":"product-type-simple"},"translation":{"provider":"WPGlobus","version":"2.12.2","language":"de","enabled_languages":["en","de","fr","it"],"languages":{"en":{"title":true,"content":true,"excerpt":true},"de":{"title":true,"content":true,"excerpt":true},"fr":{"title":true,"content":true,"excerpt":true},"it":{"title":true,"content":true,"excerpt":true}}},"acf":[],"yoast_head":"<!-- This site is optimized with the Yoast SEO plugin v22.6 - https:\/\/yoast.com\/wordpress\/plugins\/seo\/ -->\n<title>SL 06W - Sunward Europe (Official Website for EU &amp; UK)<\/title>\n<meta name=\"robots\" content=\"index, follow, max-snippet:-1, max-image-preview:large, max-video-preview:-1\" \/>\n<link rel=\"canonical\" href=\"https:\/\/sunward.eu\/product\/sl-06w\/\" \/>\n<meta property=\"og:locale\" content=\"de_DE\" \/>\n<meta property=\"og:type\" content=\"article\" \/>\n<meta property=\"og:title\" content=\"SL 06W - Sunward Europe (Official Website for EU &amp; UK)\" \/>\n<meta property=\"og:url\" content=\"https:\/\/sunward.eu\/product\/sl-06w\/\" \/>\n<meta property=\"og:site_name\" content=\"Sunward Europe (Official Website for EU &amp; UK)\" \/>\n<meta property=\"article:modified_time\" content=\"2025-09-22T13:38:45+00:00\" \/>\n<meta property=\"og:image\" content=\"https:\/\/sunward.eu\/wp-content\/uploads\/2024\/04\/Sunward-SL-06W_MAIN.png\" \/>\n\t<meta property=\"og:image:width\" content=\"1000\" \/>\n\t<meta property=\"og:image:height\" content=\"1000\" \/>\n\t<meta property=\"og:image:type\" content=\"image\/png\" \/>\n<meta name=\"twitter:card\" content=\"summary_large_image\" \/>\n<meta name=\"twitter:label1\" content=\"Est. reading time\" \/>\n\t<meta name=\"twitter:data1\" content=\"4 minutes\" \/>\n<script type=\"application\/ld+json\" class=\"yoast-schema-graph\">{\"@context\":\"https:\/\/schema.org\",\"@graph\":[{\"@type\":\"WebPage\",\"@id\":\"https:\/\/sunward.eu\/product\/sl-06w\/\",\"url\":\"https:\/\/sunward.eu\/product\/sl-06w\/\",\"name\":\"SL 06W - Sunward Europe (Official Website for EU &amp; UK)\",\"isPartOf\":{\"@id\":\"https:\/\/sunward.eu\/#website\"},\"primaryImageOfPage\":{\"@id\":\"https:\/\/sunward.eu\/product\/sl-06w\/#primaryimage\"},\"image\":{\"@id\":\"https:\/\/sunward.eu\/product\/sl-06w\/#primaryimage\"},\"thumbnailUrl\":\"https:\/\/sunward.eu\/wp-content\/uploads\/2024\/04\/Sunward-SL-06W_MAIN.png\",\"datePublished\":\"2024-04-02T10:39:02+00:00\",\"dateModified\":\"2025-09-22T13:38:45+00:00\",\"breadcrumb\":{\"@id\":\"https:\/\/sunward.eu\/product\/sl-06w\/#breadcrumb\"},\"inLanguage\":\"de-DE\",\"potentialAction\":[{\"@type\":\"ReadAction\",\"target\":[\"https:\/\/sunward.eu\/product\/sl-06w\/\"]}]},{\"@type\":\"ImageObject\",\"inLanguage\":\"de-DE\",\"@id\":\"https:\/\/sunward.eu\/product\/sl-06w\/#primaryimage\",\"url\":\"https:\/\/sunward.eu\/wp-content\/uploads\/2024\/04\/Sunward-SL-06W_MAIN.png\",\"contentUrl\":\"https:\/\/sunward.eu\/wp-content\/uploads\/2024\/04\/Sunward-SL-06W_MAIN.png\",\"width\":1000,\"height\":1000},{\"@type\":\"BreadcrumbList\",\"@id\":\"https:\/\/sunward.eu\/product\/sl-06w\/#breadcrumb\",\"itemListElement\":[{\"@type\":\"ListItem\",\"position\":1,\"name\":\"Home\",\"item\":\"https:\/\/sunward.eu\/\"},{\"@type\":\"ListItem\",\"position\":2,\"name\":\"Products\",\"item\":\"https:\/\/sunward.eu\/shop\/\"},{\"@type\":\"ListItem\",\"position\":3,\"name\":\"{:en}Articulated wheel loaders{:}{:de}Knickgelenkte Radlader{:}{:fr}Chargeuses sur pneus articul\u00e9es{:}{:it}Pale gommate articolate{:}\",\"item\":\"https:\/\/sunward.eu\/product-category\/articulated-wheel-loaders\/\"},{\"@type\":\"ListItem\",\"position\":4,\"name\":\"SL 06W\"}]},{\"@type\":\"WebSite\",\"@id\":\"https:\/\/sunward.eu\/#website\",\"url\":\"https:\/\/sunward.eu\/\",\"name\":\"Sunward Europe (Official Website for EU &amp; UK)\",\"description\":\"The smart choice\",\"publisher\":{\"@id\":\"https:\/\/sunward.eu\/#organization\"},\"potentialAction\":[{\"@type\":\"SearchAction\",\"target\":{\"@type\":\"EntryPoint\",\"urlTemplate\":\"https:\/\/sunward.eu\/?s={search_term_string}\"},\"query-input\":\"required name=search_term_string\"}],\"inLanguage\":\"de-DE\"},{\"@type\":\"Organization\",\"@id\":\"https:\/\/sunward.eu\/#organization\",\"name\":\"Sunward Europe (Official Website for EU &amp; UK)\",\"url\":\"https:\/\/sunward.eu\/\",\"logo\":{\"@type\":\"ImageObject\",\"inLanguage\":\"de-DE\",\"@id\":\"https:\/\/sunward.eu\/#\/schema\/logo\/image\/\",\"url\":\"https:\/\/sunward.eu\/wp-content\/uploads\/2022\/01\/Website_Sunward_logo_top_180x63px.png\",\"contentUrl\":\"https:\/\/sunward.eu\/wp-content\/uploads\/2022\/01\/Website_Sunward_logo_top_180x63px.png\",\"width\":180,\"height\":63,\"caption\":\"Sunward Europe (Official Website for EU &amp; UK)\"},\"image\":{\"@id\":\"https:\/\/sunward.eu\/#\/schema\/logo\/image\/\"}}]}<\/script>\n<!-- \/ Yoast SEO plugin. -->","yoast_head_json":{"title":"SL 06W - Sunward Europe (Official Website for EU &amp; UK)","robots":{"index":"index","follow":"follow","max-snippet":"max-snippet:-1","max-image-preview":"max-image-preview:large","max-video-preview":"max-video-preview:-1"},"canonical":"https:\/\/sunward.eu\/product\/sl-06w\/","og_locale":"de_DE","og_type":"article","og_title":"SL 06W - Sunward Europe (Official Website for EU &amp; UK)","og_url":"https:\/\/sunward.eu\/product\/sl-06w\/","og_site_name":"Sunward Europe (Official Website for EU &amp; UK)","article_modified_time":"2025-09-22T13:38:45+00:00","og_image":[{"width":1000,"height":1000,"url":"https:\/\/sunward.eu\/wp-content\/uploads\/2024\/04\/Sunward-SL-06W_MAIN.png","type":"image\/png"}],"twitter_card":"summary_large_image","twitter_misc":{"Est. reading time":"4 minutes"},"schema":{"@context":"https:\/\/schema.org","@graph":[{"@type":"WebPage","@id":"https:\/\/sunward.eu\/product\/sl-06w\/","url":"https:\/\/sunward.eu\/product\/sl-06w\/","name":"SL 06W - Sunward Europe (Official Website for EU &amp; UK)","isPartOf":{"@id":"https:\/\/sunward.eu\/#website"},"primaryImageOfPage":{"@id":"https:\/\/sunward.eu\/product\/sl-06w\/#primaryimage"},"image":{"@id":"https:\/\/sunward.eu\/product\/sl-06w\/#primaryimage"},"thumbnailUrl":"https:\/\/sunward.eu\/wp-content\/uploads\/2024\/04\/Sunward-SL-06W_MAIN.png","datePublished":"2024-04-02T10:39:02+00:00","dateModified":"2025-09-22T13:38:45+00:00","breadcrumb":{"@id":"https:\/\/sunward.eu\/product\/sl-06w\/#breadcrumb"},"inLanguage":"de-DE","potentialAction":[{"@type":"ReadAction","target":["https:\/\/sunward.eu\/product\/sl-06w\/"]}]},{"@type":"ImageObject","inLanguage":"de-DE","@id":"https:\/\/sunward.eu\/product\/sl-06w\/#primaryimage","url":"https:\/\/sunward.eu\/wp-content\/uploads\/2024\/04\/Sunward-SL-06W_MAIN.png","contentUrl":"https:\/\/sunward.eu\/wp-content\/uploads\/2024\/04\/Sunward-SL-06W_MAIN.png","width":1000,"height":1000},{"@type":"BreadcrumbList","@id":"https:\/\/sunward.eu\/product\/sl-06w\/#breadcrumb","itemListElement":[{"@type":"ListItem","position":1,"name":"Home","item":"https:\/\/sunward.eu\/"},{"@type":"ListItem","position":2,"name":"Products","item":"https:\/\/sunward.eu\/shop\/"},{"@type":"ListItem","position":3,"name":"{:en}Articulated wheel loaders{:}{:de}Knickgelenkte Radlader{:}{:fr}Chargeuses sur pneus articul\u00e9es{:}{:it}Pale gommate articolate{:}","item":"https:\/\/sunward.eu\/product-category\/articulated-wheel-loaders\/"},{"@type":"ListItem","position":4,"name":"SL 06W"}]},{"@type":"WebSite","@id":"https:\/\/sunward.eu\/#website","url":"https:\/\/sunward.eu\/","name":"Sunward Europe (Official Website for EU &amp; UK)","description":"The smart choice","publisher":{"@id":"https:\/\/sunward.eu\/#organization"},"potentialAction":[{"@type":"SearchAction","target":{"@type":"EntryPoint","urlTemplate":"https:\/\/sunward.eu\/?s={search_term_string}"},"query-input":"required name=search_term_string"}],"inLanguage":"de-DE"},{"@type":"Organization","@id":"https:\/\/sunward.eu\/#organization","name":"Sunward Europe (Official Website for EU &amp; UK)","url":"https:\/\/sunward.eu\/","logo":{"@type":"ImageObject","inLanguage":"de-DE","@id":"https:\/\/sunward.eu\/#\/schema\/logo\/image\/","url":"https:\/\/sunward.eu\/wp-content\/uploads\/2022\/01\/Website_Sunward_logo_top_180x63px.png","contentUrl":"https:\/\/sunward.eu\/wp-content\/uploads\/2022\/01\/Website_Sunward_logo_top_180x63px.png","width":180,"height":63,"caption":"Sunward Europe (Official Website for EU &amp; UK)"},"image":{"@id":"https:\/\/sunward.eu\/#\/schema\/logo\/image\/"}}]}},"_links":{"self":[{"href":"https:\/\/sunward.eu\/de\/wp-json\/wp\/v2\/product\/3520","targetHints":{"allow":["GET"]}}],"collection":[{"href":"https:\/\/sunward.eu\/de\/wp-json\/wp\/v2\/product"}],"about":[{"href":"https:\/\/sunward.eu\/de\/wp-json\/wp\/v2\/types\/product"}],"replies":[{"embeddable":true,"href":"https:\/\/sunward.eu\/de\/wp-json\/wp\/v2\/comments?post=3520"}],"wp:featuredmedia":[{"embeddable":true,"href":"https:\/\/sunward.eu\/de\/wp-json\/wp\/v2\/media\/3521"}],"wp:attachment":[{"href":"https:\/\/sunward.eu\/de\/wp-json\/wp\/v2\/media?parent=3520"}],"wp:term":[{"taxonomy":"product_cat","embeddable":true,"href":"https:\/\/sunward.eu\/de\/wp-json\/wp\/v2\/product_cat?post=3520"},{"taxonomy":"product_tag","embeddable":true,"href":"https:\/\/sunward.eu\/de\/wp-json\/wp\/v2\/product_tag?post=3520"}],"curies":[{"name":"wp","href":"https:\/\/api.w.org\/{rel}","templated":true}]}}