{"id":3508,"date":"2024-03-27T15:14:53","date_gmt":"2024-03-27T14:14:53","guid":{"rendered":"https:\/\/sunward.eu\/?post_type=product&#038;p=3508"},"modified":"2026-03-27T17:52:01","modified_gmt":"2026-03-27T16:52:01","slug":"swe-50uf","status":"publish","type":"product","link":"https:\/\/sunward.eu\/de\/product\/swe-50uf\/","title":{"rendered":"SWE 50UF"},"content":{"rendered":"<div class=\"wpb-content-wrapper\"><p>[vc_row][vc_column][vc_tta_accordion style=&#8221;flat&#8221; c_icon=&#8221;chevron&#8221; c_position=&#8221;right&#8221; active_section=&#8221;1&#8243; no_fill=&#8221;true&#8221; el_class=&#8221;custom-accordion&#8221;][vc_tta_section title=&#8221;TECHNISCHE DATEN&#8221; tab_id=&#8221;1623355628079-f58b5c44-7c4b&#8221;][vc_custom_heading text=&#8221;SUNWARD SWE 50UF&#8221; font_container=&#8221;tag:h3|text_align:left&#8221; use_theme_fonts=&#8221;yes&#8221;][vc_column_text css=&#8221;&#8221;]Sunward ist stolz, die Markteinf\u00fchrung seines neuesten Minibaggers, des SWE 50UF.<\/p>\n<p>Dieses neue Modell, das fachm\u00e4nnisch entwickelt wurde, um die L\u00fccke zwischen dem SWE 35UF und dem SWE 60UF zu schlie\u00dfen, verf\u00fcgt \u00fcber eine Zero-Tail-Swing-Funktion, wodurch es sich perfekt f\u00fcr Eins\u00e4tze auf engstem Raum eignet.<\/p>\n<p>Der SWE 50UF ist mit einem leistungsstarken Kubota D1803-T-Motor ausgestattet, der mit einem beachtlichen Drehmoment von 150 N\u00b7m\/U\/min f\u00fcr robuste Leistung sorgt. Mit einer Betriebsmasse von 5.3 Tonnen und einem Schaufelinhalt von 0.14 m\u00b3 bietet er sowohl Effizienz als auch Pr\u00e4zision in verschiedenen Bauumgebungen.<\/p>\n<p>Der SWE 50UF zeichnet sich durch sein komfortables und intelligentes Kabinendesign mit sto\u00dfd\u00e4mpfenden Sitzen und einem 7-Zoll-Farb-Touchscreen f\u00fcr eine nahtlose Durchflussanpassung und -steuerung aus. Der gro\u00dfe Unterwagen erh\u00f6ht die Stabilit\u00e4t, insbesondere in anspruchsvollem Gel\u00e4nde, w\u00e4hrend der hubraumstarke Fahrmotor f\u00fcr einfache Mobilit\u00e4t sorgt. Die Wartung wird durch eine vollst\u00e4ndig ge\u00f6ffnete Abdeckung erleichtert, die einen einfachen Zugang zu allen Teilen erm\u00f6glicht.<\/p>\n<p>Dar\u00fcber hinaus setzt sich Sunwards Engagement f\u00fcr innovatives Design, das durch den Gewinn eines iF Design Award f\u00fcr seine Zero-Tail-Reihe unter Beweis gestellt wird, im SWE 50UF fort. Dieses neue Modell ist nicht nur ein Beweis f\u00fcr die technische Exzellenz von Sunward, sondern auch f\u00fcr sein Engagement f\u00fcr modernstes Design bei Schwermaschinen.[\/vc_column_text][vc_row_inner][vc_column_inner width=&#8221;1\/2&#8243;][vc_toggle title=&#8221;ABMESSUNGEN&#8221; css=&#8221;&#8221;]<\/p>\n<table width=\"1112\">\n<tbody>\n<tr>\n<td width=\"673\">Betriebsgewicht<\/td>\n<td width=\"439\">5 480 kg<\/td>\n<\/tr>\n<tr>\n<td width=\"673\">Standard-L\u00f6ffelvolumen<\/td>\n<td>0.14 m\u00b3<\/td>\n<\/tr>\n<tr>\n<td width=\"673\">Transportl\u00e4nge<\/td>\n<td>5 435 mm<\/td>\n<\/tr>\n<tr>\n<td width=\"673\">Transportbreite<\/td>\n<td>2 000 mm<\/td>\n<\/tr>\n<tr>\n<td width=\"673\">H\u00f6he \u00fcber Kabine<\/td>\n<td>2 570 mm<\/td>\n<\/tr>\n<\/tbody>\n<\/table>\n<p>[\/vc_toggle][vc_toggle title=&#8221;MOTOR&#8221; css=&#8221;&#8221;]<\/p>\n<table width=\"1112\">\n<tbody>\n<tr>\n<td width=\"673\">Modell<\/td>\n<td width=\"439\">Kubota\u00a0 D1803-T<\/td>\n<\/tr>\n<tr>\n<td>Emissionsstufe<\/td>\n<td>EU Stufe V<\/td>\n<\/tr>\n<tr>\n<td>Hubraum<\/td>\n<td>1.8 L<\/td>\n<\/tr>\n<tr>\n<td>Nennausgangsleistung<\/td>\n<td>29.7 kW<\/td>\n<\/tr>\n<\/tbody>\n<\/table>\n<p>[\/vc_toggle][vc_toggle title=&#8221;HYDRAULIKSYSTEM&#8221; css=&#8221;&#8221;]<\/p>\n<table width=\"1112\">\n<tbody>\n<tr>\n<td width=\"673\">Typ<\/td>\n<td width=\"439\">1 variable Kolbenpumpe<\/td>\n<\/tr>\n<tr>\n<td>Hubraum<\/td>\n<td>1.8 L<\/td>\n<\/tr>\n<tr>\n<td>Hydraulikdruck<\/td>\n<td>25 Mpa<\/td>\n<\/tr>\n<\/tbody>\n<\/table>\n<p>[\/vc_toggle][vc_toggle title=&#8221;ARBEITSBEREICH&#8221; css=&#8221;&#8221;]<\/p>\n<table width=\"1112\">\n<tbody>\n<tr>\n<td width=\"673\">Max. Grabtiefe<\/td>\n<td width=\"439\">3 375 mm<\/td>\n<\/tr>\n<tr>\n<td>Max. Grabreichweite<\/td>\n<td>5 940 mm<\/td>\n<\/tr>\n<tr>\n<td>Max. Grabkraft L\u00f6ffel<\/td>\n<td>34 kN<\/td>\n<\/tr>\n<tr>\n<td>Max. Grabkraft L\u00f6ffelstiel<\/td>\n<td>23 kN<\/td>\n<\/tr>\n<\/tbody>\n<\/table>\n<p>[\/vc_toggle][\/vc_column_inner][vc_column_inner width=&#8221;1\/2&#8243;][\/vc_column_inner][\/vc_row_inner][\/vc_tta_section][vc_tta_section title=&#8221;MERKMALE UND VORTEILE&#8221; tab_id=&#8221;1623355710952-d36b50a3-81ed&#8221;][vc_row_inner][vc_column_inner width=&#8221;1\/4&#8243;][vc_single_image image=&#8221;1070&#8243; img_size=&#8221;medium&#8221;][\/vc_column_inner][vc_column_inner width=&#8221;3\/4&#8243;][vc_custom_heading text=&#8221;F\u00dcR EUROPA KONZIPIERT&#8221; font_container=&#8221;tag:h3|text_align:left&#8221; use_theme_fonts=&#8221;yes&#8221;][vc_column_text]Zus\u00e4tzlich zur EU-Zertifizierung wurde der Sunward SWE 50UF, wie alle Sunward-Maschinen auf dem europ\u00e4ischen Markt, so konzipiert, dass er die Anforderungen europ\u00e4ischer Kunden erf\u00fcllt.[\/vc_column_text][\/vc_column_inner][\/vc_row_inner][vc_separator][vc_row_inner][vc_column_inner width=&#8221;1\/4&#8243;][vc_single_image image=&#8221;1182&#8243; img_size=&#8221;medium&#8221;][\/vc_column_inner][vc_column_inner width=&#8221;3\/4&#8243;][vc_custom_heading text=&#8221;LEISTUNGSF\u00c4HIGE UND ZUVERL\u00c4SSIGE MASCHINE&#8221; font_container=&#8221;tag:h3|text_align:left&#8221; use_theme_fonts=&#8221;yes&#8221;][vc_column_text]Wir haben uns aus mehreren guten Gr\u00fcnden f\u00fcr den leistungsstarken Kubota D1703-Motor entschieden. Bei diesem Motor handelt es sich um einen stehenden, wassergek\u00fchlten 4-Takt-Dieselmotor mit einer Leistung von 29,7 kW bei 2200 U\/min. Ausgestattet mit einem eingebauten Magnetventil, einer niedrigen L\u00fcfterposition und einseitiger Wartbarkeit bietet der Kubota D1703 leistungsstarke Leistung, au\u00dfergew\u00f6hnliche Zuverl\u00e4ssigkeit und lange Lebensdauer f\u00fcr ein breites Anwendungsspektrum. Die perfekte Passform f\u00fcr unseren zuverl\u00e4ssigen und vielseitigen SWE 50UF.[\/vc_column_text][\/vc_column_inner][\/vc_row_inner][vc_separator][vc_row_inner][vc_column_inner width=&#8221;1\/4&#8243;][vc_single_image image=&#8221;1091&#8243; img_size=&#8221;medium&#8221;][\/vc_column_inner][vc_column_inner width=&#8221;3\/4&#8243;][vc_custom_heading text=&#8221;PREMIUM-KOMPONENTEN&#8221; font_container=&#8221;tag:h3|text_align:left&#8221; use_theme_fonts=&#8221;yes&#8221;][vc_column_text css=&#8221;&#8221;]Alle Schl\u00fcsselkomponenten der Sunward-Bagger werden sorgf\u00e4ltig ausgew\u00e4hlt \u2013 vom Kubota-Motor bis hin zum Hydrauliksystem. Da die Hydraulik oft als das Herz der Maschine gilt, arbeitet Sunward ausschlie\u00dflich mit erstklassigen Zulieferern zusammen, die f\u00fcr ihre Qualit\u00e4t und Leistungsf\u00e4higkeit bekannt sind. F\u00fcr den Sunward SWE 50UF haben wir vertrauensw\u00fcrdige Hersteller ausgew\u00e4hlt, die die Hydraulikpumpe sowie den Fahr- und Schwenkmotor liefern. Diese Komponenten sind effizient, zuverl\u00e4ssig und platzsparend &#8211; Eigenschaften, die wesentlich zur Gesamtzuverl\u00e4ssigkeit und langfristigen Leistung des SWE 50UF beitragen.[\/vc_column_text][\/vc_column_inner][\/vc_row_inner][vc_separator][vc_row_inner][vc_column_inner width=&#8221;1\/4&#8243;][vc_single_image image=&#8221;1076&#8243; img_size=&#8221;medium&#8221;][\/vc_column_inner][vc_column_inner width=&#8221;3\/4&#8243;][vc_custom_heading text=&#8221;GROSSER ARBEITSBEREICH&#8221; font_container=&#8221;tag:h3|text_align:left&#8221; use_theme_fonts=&#8221;yes&#8221;][vc_column_text css=&#8221;&#8221;]Der SWE 50UF verf\u00fcgt \u00fcber au\u00dfergew\u00f6hnliche Grabkr\u00e4fte \u2013 34 kN (Schaufel) und 23 kN (Stiel) \u2013 und kann damit problemlos mit allen 5.5-Tonnen-Baggern der Konkurrenz auf dem Markt mithalten. Und wenn es um die Kapazit\u00e4t mit gro\u00dfer Reichweite geht, bietet die Konstruktion des Auslegerzylinders des SWE 50UF eine Bodenreichweite von \u00fcber 5.8 Metern (5 845 mm) und eine Grabreichweite von \u00fcber 5.9 Metern (5 940 mm) \u2013 was diesen Minibagger zu einem Spitzenmodell macht Ma\u00dfstab seines Sortiments.[\/vc_column_text][\/vc_column_inner][\/vc_row_inner][vc_separator][vc_row_inner][vc_column_inner width=&#8221;1\/4&#8243;][vc_single_image image=&#8221;1079&#8243; img_size=&#8221;medium&#8221;][\/vc_column_inner][vc_column_inner width=&#8221;3\/4&#8243;][vc_custom_heading text=&#8221;BEREIT F\u00dcR UNTERSCHIEDLICHSTE ANWENDUNGEN&#8221; font_container=&#8221;tag:h3|text_align:left&#8221; use_theme_fonts=&#8221;yes&#8221;][vc_column_text css=&#8221;&#8221;]Die Vielseitigkeit eines Minibaggers beginnt mit seiner guten Konstruktion. Der SWE 50UF ist ein Zero-Tail-Minibagger mit wirklich kompakten Abmessungen (2 000 mm Breite), der Leistung und einfaches Arbeiten auch in sehr engen Bereichen erm\u00f6glicht, ohne Kompromisse bei der Sicherheit einzugehen. Dar\u00fcber hinaus l\u00e4sst sich der SWE 50UF dank der standardm\u00e4\u00dfig integrierten vollst\u00e4ndigen Hilfseinstellungen an jeden Einsatzort anpassen und bietet eine vollst\u00e4ndig einstellbare Druck- und Durchfluss\u00fcberwachung. Dies f\u00fchrt standardm\u00e4\u00dfig zu nicht weniger als 3 separaten Hilfsleitungen (w\u00e4hrend der Markt standardm\u00e4\u00dfig 1 bis 2 Leitungen anbietet). Somit kann eine breite Palette von Anbauger\u00e4ten problemlos montiert werden, um eine Vielzahl von Anwendungen zu erf\u00fcllen.[\/vc_column_text][\/vc_column_inner][\/vc_row_inner][vc_separator][vc_row_inner][vc_column_inner width=&#8221;1\/4&#8243;][vc_single_image image=&#8221;1183&#8243; img_size=&#8221;medium&#8221;][\/vc_column_inner][vc_column_inner width=&#8221;3\/4&#8243;][vc_custom_heading text=&#8221;AB WERK GUT AUSGER\u00dcSTET&#8221; font_container=&#8221;tag:h3|text_align:left&#8221; use_theme_fonts=&#8221;yes&#8221;][vc_column_text]Der Sunward SWE 50UF Minibagger ist bereits ab Werk hervorragend ausger\u00fcstet:<br \/>\n\u2013 Automatische Leerlauffunktion, um Kraftstoff zu sparen und den Verbrauch zu senken. \u2013 W\u00e4hrend andere Hersteller \u00fcblicherweise ein Drosselventil verwenden (weil es g\u00fcnstiger ist), hat sich Sunward f\u00fcr ein lastabh\u00e4ngiges (hydraulisches) System mit gr\u00f6\u00dferem Energiesparpotenzial entschieden.<br \/>\n\u2013 Sicherer Betrieb dank Sicherheitsventilen f\u00fcr den Auslegerzylinder<br \/>\n\u2013 Sanftere Betriebsabl\u00e4ufe dank Fahrmotor mit automatischer Schaltung<br \/>\n\u2013 TOPS- und FOPS-Kabine<br \/>\n\u2013 Sicherer Betrieb und h\u00f6here Batterielebensdauer\/-leistung dank Batterietrennschalter \u2013 besonders willkommen im kalten Klima Skandinaviens<br \/>\n\u2013 Doppelt wirkender Hydraulikkreislauf<br \/>\n\u2013 Werksseitig montierte Hydraulik-Schnellwechslerleitung<br \/>\n\u2013 Werksseitig montierte Hydraulikhammer- und Rotationsleitung<br \/>\n\u2013 Werksseitig montierte Geh\u00e4useabflussleitung<br \/>\n\u2013 Werksseitig montierte Hydraulik-Vorsteuerung mit Doppel-Kontaktschalter<br \/>\n\u2013 Werksseitig montierte Joystick-Tiltrotator-Steuerung (Tiltrotator nach Wahl)<br \/>\n\u2013 4 LED-Arbeitsleuchten serienm\u00e4\u00dfig: 2 vorn an der Kabine, 1 links am Ausleger, und 1\u202fam Heck[\/vc_column_text][\/vc_column_inner][\/vc_row_inner][vc_separator][vc_row_inner][vc_column_inner width=&#8221;1\/4&#8243;][vc_single_image image=&#8221;1146&#8243; img_size=&#8221;medium&#8221;][\/vc_column_inner][vc_column_inner width=&#8221;3\/4&#8243;][vc_custom_heading text=&#8221;WARTUNGSFREUNDLICH&#8221; font_container=&#8221;tag:h3|text_align:left&#8221; use_theme_fonts=&#8221;yes&#8221;][vc_column_text]Um die Wartungsdauer und -kosten f\u00fcr den SWE 50UF zu verringern, bieten die Abdeckungen hinten und an der Seite direkten Zugang zu den Wartungspunkten. Die Standard-Wartungspunkte \u2013 f\u00fcr Kraftstoff-, \u00d6l-, und Luftfilter \u2013 sind direkt \u00fcber die hintere Abdeckung zug\u00e4nglich. Mit seinem sehr leicht zug\u00e4nglichen Kraftstofftank und den zentralen Schmiernippeln lassen sich diese Minibagger ebenso einfach warten wie bedienen.[\/vc_column_text][\/vc_column_inner][\/vc_row_inner][vc_separator][vc_row_inner][vc_column_inner width=&#8221;1\/4&#8243;][vc_single_image image=&#8221;1071&#8243; img_size=&#8221;medium&#8221;][\/vc_column_inner][vc_column_inner width=&#8221;3\/4&#8243;][vc_custom_heading text=&#8221;BESTES PREIS-LEISTUNGS-VERH\u00c4LTNIS&#8221; font_container=&#8221;tag:h3|text_align:left&#8221; use_theme_fonts=&#8221;yes&#8221;][vc_column_text]Sunward \u2013 Ihre cleverste Investition in Zuverl\u00e4ssigkeit, Leistungsf\u00e4higkeit und hohe Kapitalrendite. Das professionelle Design des SWE 50UF umfasst eine gut durchdachte Auswahl von Komponenten f\u00fcr eine optimale Bedienung und Wartung. Unsere Design-Wahl resultiert in einer Maschine, die eine Unmenge serienm\u00e4\u00dfig eingebauter Funktionen, Komponenten von Premiummarken und F\u00e4higkeiten bietet &#8211; und das alles zu einem guten Preis.<br \/>\nDar\u00fcber hinaus sind auch die Original-Ersatzteile von Sunward wirtschaftlich \u2013 wobei dieses \u00fcberzeugende Preis-Leistungs-Verh\u00e4ltnis von einer 5-Jahre-Garantie gekr\u00f6nt wird, die bei allen Sunward-Produkten serienm\u00e4\u00dfig ist.[\/vc_column_text][\/vc_column_inner][\/vc_row_inner][\/vc_tta_section][vc_tta_section title=&#8221;VIDEO&#8221; tab_id=&#8221;1623857706491-8aa3a03f-cca1&#8243;][vc_video link=&#8221;https:\/\/youtu.be\/15YpbXIwtdc?si=Cwa2BFfp-gYM9I8C&#8221; css=&#8221;&#8221;][\/vc_tta_section][vc_tta_section title=&#8221;BROSCH\u00dcRE&#8221; tab_id=&#8221;1623857795794-8fd5289e-c5a3&#8243;][vc_row_inner content_placement=&#8221;middle&#8221;][vc_column_inner width=&#8221;1\/4&#8243;][vc_single_image image=&#8221;3514&#8243; img_size=&#8221;large&#8221;][\/vc_column_inner][vc_column_inner width=&#8221;3\/4&#8243;][vc_custom_heading text=&#8221;PRODUKTBROSCH\u00dcRE&#8221; font_container=&#8221;tag:h3|text_align:left&#8221; use_theme_fonts=&#8221;yes&#8221;][vc_btn title=&#8221;DOWNLOAD&#8221; color=&#8221;orange&#8221; size=&#8221;lg&#8221; css=&#8221;&#8221; link=&#8221;url:https%3A%2F%2Fsunward.eu%2Fwp-content%2Fuploads%2F2026%2F03%2FSUNWARD_SWE-50UF_03.2026_FINAL_HR_DE.pdf|title:Sunward%20SWE%2050UF%20Product%20Brochure|target:_blank&#8221;][\/vc_column_inner][\/vc_row_inner][\/vc_tta_section][\/vc_tta_accordion][\/vc_column][\/vc_row]<\/p>\n<\/div>","protected":false},"excerpt":{"rendered":"<p>Sunward freut sich, den Minibagger SWE 50UF vorstellen zu d\u00fcrfen. Dieses 5-Tonnen-Modell, positioniert zwischen dem SWE 35UF und dem SWE 60UF, verf\u00fcgt \u00fcber einen Nullheckschwenker, ideal f\u00fcr beengte Platzverh\u00e4ltnisse. Er verf\u00fcgt \u00fcber einen Kubota D1803-T-Motor, ein Schaufelvolumen von 0.14 m\u00b3 und ein Gewicht von 5.3 Tonnen. Mit einem benutzerfreundlichen Design einschlie\u00dflich bequemer Sitze und einem 7-Zoll-Farb-Touchscreen gew\u00e4hrleistet es eine effiziente Steuerung und einfache Wartung.<\/p>\n<p>Aufbauend auf dem Erfolg der Zero-Tail-Reihe von Sunward, die mit einem iF Design Award ausgezeichnet wurde, setzt der SWE 50UF die Tradition fort, bestes Preis-Leistungs-Verh\u00e4ltnis mit preisgekr\u00f6ntem Design zu verbinden. Dieser Bagger wird die Baubranche revolutionieren. [&#8230;]<\/p>\n<p><a class=\"btn btn-secondary understrap-read-more-link\" href=\"https:\/\/sunward.eu\/de\/product\/swe-50uf\/\">Weiterlesen&#8230;<\/a><\/p>\n","protected":false},"featured_media":3645,"comment_status":"closed","ping_status":"closed","template":"","meta":{"_acf_changed":false,"inline_featured_image":false},"product_cat":[26,37],"product_tag":[],"class_list":{"0":"post-3508","1":"product","2":"type-product","3":"status-publish","4":"has-post-thumbnail","6":"product_cat-excavators","7":"product_cat-mini-excavators","8":"pa_emission-rating-eu-stage-5","9":"pa_max-digging-depth-3-375-mm","10":"pa_operating-weight-5-480-kg","11":"pa_power-output-29-7-kw","12":"pa_width-2-000-mm","14":"first","15":"instock","16":"shipping-taxable","17":"product-type-simple"},"translation":{"provider":"WPGlobus","version":"2.12.2","language":"de","enabled_languages":["en","de","fr","it"],"languages":{"en":{"title":true,"content":true,"excerpt":true},"de":{"title":true,"content":true,"excerpt":true},"fr":{"title":true,"content":true,"excerpt":true},"it":{"title":true,"content":true,"excerpt":true}}},"acf":[],"yoast_head":"<!-- This site is optimized with the Yoast SEO plugin v22.6 - https:\/\/yoast.com\/wordpress\/plugins\/seo\/ -->\n<title>SWE 50UF - Sunward Europe (Official Website for EU &amp; UK)<\/title>\n<meta name=\"robots\" content=\"index, follow, max-snippet:-1, max-image-preview:large, max-video-preview:-1\" \/>\n<link rel=\"canonical\" href=\"https:\/\/sunward.eu\/product\/swe-50uf\/\" \/>\n<meta property=\"og:locale\" content=\"de_DE\" \/>\n<meta property=\"og:type\" content=\"article\" \/>\n<meta property=\"og:title\" content=\"SWE 50UF - Sunward Europe (Official Website for EU &amp; UK)\" \/>\n<meta property=\"og:url\" content=\"https:\/\/sunward.eu\/product\/swe-50uf\/\" \/>\n<meta property=\"og:site_name\" content=\"Sunward Europe (Official Website for EU &amp; UK)\" \/>\n<meta property=\"article:modified_time\" content=\"2026-03-27T16:52:01+00:00\" \/>\n<meta property=\"og:image\" content=\"https:\/\/sunward.eu\/wp-content\/uploads\/2024\/08\/SWE_50UF_CUT_OUT_MAIN.png\" \/>\n\t<meta property=\"og:image:width\" content=\"1000\" \/>\n\t<meta property=\"og:image:height\" content=\"1000\" \/>\n\t<meta property=\"og:image:type\" content=\"image\/png\" \/>\n<meta name=\"twitter:card\" content=\"summary_large_image\" \/>\n<meta name=\"twitter:label1\" content=\"Est. reading time\" \/>\n\t<meta name=\"twitter:data1\" content=\"6 minutes\" \/>\n<script type=\"application\/ld+json\" class=\"yoast-schema-graph\">{\"@context\":\"https:\/\/schema.org\",\"@graph\":[{\"@type\":\"WebPage\",\"@id\":\"https:\/\/sunward.eu\/product\/swe-50uf\/\",\"url\":\"https:\/\/sunward.eu\/product\/swe-50uf\/\",\"name\":\"SWE 50UF - Sunward Europe (Official Website for EU &amp; UK)\",\"isPartOf\":{\"@id\":\"https:\/\/sunward.eu\/#website\"},\"primaryImageOfPage\":{\"@id\":\"https:\/\/sunward.eu\/product\/swe-50uf\/#primaryimage\"},\"image\":{\"@id\":\"https:\/\/sunward.eu\/product\/swe-50uf\/#primaryimage\"},\"thumbnailUrl\":\"https:\/\/sunward.eu\/wp-content\/uploads\/2024\/08\/SWE_50UF_CUT_OUT_MAIN.png\",\"datePublished\":\"2024-03-27T14:14:53+00:00\",\"dateModified\":\"2026-03-27T16:52:01+00:00\",\"breadcrumb\":{\"@id\":\"https:\/\/sunward.eu\/product\/swe-50uf\/#breadcrumb\"},\"inLanguage\":\"de-DE\",\"potentialAction\":[{\"@type\":\"ReadAction\",\"target\":[\"https:\/\/sunward.eu\/product\/swe-50uf\/\"]}]},{\"@type\":\"ImageObject\",\"inLanguage\":\"de-DE\",\"@id\":\"https:\/\/sunward.eu\/product\/swe-50uf\/#primaryimage\",\"url\":\"https:\/\/sunward.eu\/wp-content\/uploads\/2024\/08\/SWE_50UF_CUT_OUT_MAIN.png\",\"contentUrl\":\"https:\/\/sunward.eu\/wp-content\/uploads\/2024\/08\/SWE_50UF_CUT_OUT_MAIN.png\",\"width\":1000,\"height\":1000,\"caption\":\"SWE 50UF\"},{\"@type\":\"BreadcrumbList\",\"@id\":\"https:\/\/sunward.eu\/product\/swe-50uf\/#breadcrumb\",\"itemListElement\":[{\"@type\":\"ListItem\",\"position\":1,\"name\":\"Home\",\"item\":\"https:\/\/sunward.eu\/\"},{\"@type\":\"ListItem\",\"position\":2,\"name\":\"Products\",\"item\":\"https:\/\/sunward.eu\/shop\/\"},{\"@type\":\"ListItem\",\"position\":3,\"name\":\"Excavators\",\"item\":\"https:\/\/sunward.eu\/product-category\/excavators\/\"},{\"@type\":\"ListItem\",\"position\":4,\"name\":\"SWE 50UF\"}]},{\"@type\":\"WebSite\",\"@id\":\"https:\/\/sunward.eu\/#website\",\"url\":\"https:\/\/sunward.eu\/\",\"name\":\"Sunward Europe (Official Website for EU &amp; UK)\",\"description\":\"The smart choice\",\"publisher\":{\"@id\":\"https:\/\/sunward.eu\/#organization\"},\"potentialAction\":[{\"@type\":\"SearchAction\",\"target\":{\"@type\":\"EntryPoint\",\"urlTemplate\":\"https:\/\/sunward.eu\/?s={search_term_string}\"},\"query-input\":\"required name=search_term_string\"}],\"inLanguage\":\"de-DE\"},{\"@type\":\"Organization\",\"@id\":\"https:\/\/sunward.eu\/#organization\",\"name\":\"Sunward Europe (Official Website for EU &amp; UK)\",\"url\":\"https:\/\/sunward.eu\/\",\"logo\":{\"@type\":\"ImageObject\",\"inLanguage\":\"de-DE\",\"@id\":\"https:\/\/sunward.eu\/#\/schema\/logo\/image\/\",\"url\":\"https:\/\/sunward.eu\/wp-content\/uploads\/2022\/01\/Website_Sunward_logo_top_180x63px.png\",\"contentUrl\":\"https:\/\/sunward.eu\/wp-content\/uploads\/2022\/01\/Website_Sunward_logo_top_180x63px.png\",\"width\":180,\"height\":63,\"caption\":\"Sunward Europe (Official Website for EU &amp; UK)\"},\"image\":{\"@id\":\"https:\/\/sunward.eu\/#\/schema\/logo\/image\/\"}}]}<\/script>\n<!-- \/ Yoast SEO plugin. -->","yoast_head_json":{"title":"SWE 50UF - Sunward Europe (Official Website for EU &amp; UK)","robots":{"index":"index","follow":"follow","max-snippet":"max-snippet:-1","max-image-preview":"max-image-preview:large","max-video-preview":"max-video-preview:-1"},"canonical":"https:\/\/sunward.eu\/product\/swe-50uf\/","og_locale":"de_DE","og_type":"article","og_title":"SWE 50UF - Sunward Europe (Official Website for EU &amp; UK)","og_url":"https:\/\/sunward.eu\/product\/swe-50uf\/","og_site_name":"Sunward Europe (Official Website for EU &amp; UK)","article_modified_time":"2026-03-27T16:52:01+00:00","og_image":[{"width":1000,"height":1000,"url":"https:\/\/sunward.eu\/wp-content\/uploads\/2024\/08\/SWE_50UF_CUT_OUT_MAIN.png","type":"image\/png"}],"twitter_card":"summary_large_image","twitter_misc":{"Est. reading time":"6 minutes"},"schema":{"@context":"https:\/\/schema.org","@graph":[{"@type":"WebPage","@id":"https:\/\/sunward.eu\/product\/swe-50uf\/","url":"https:\/\/sunward.eu\/product\/swe-50uf\/","name":"SWE 50UF - Sunward Europe (Official Website for EU &amp; UK)","isPartOf":{"@id":"https:\/\/sunward.eu\/#website"},"primaryImageOfPage":{"@id":"https:\/\/sunward.eu\/product\/swe-50uf\/#primaryimage"},"image":{"@id":"https:\/\/sunward.eu\/product\/swe-50uf\/#primaryimage"},"thumbnailUrl":"https:\/\/sunward.eu\/wp-content\/uploads\/2024\/08\/SWE_50UF_CUT_OUT_MAIN.png","datePublished":"2024-03-27T14:14:53+00:00","dateModified":"2026-03-27T16:52:01+00:00","breadcrumb":{"@id":"https:\/\/sunward.eu\/product\/swe-50uf\/#breadcrumb"},"inLanguage":"de-DE","potentialAction":[{"@type":"ReadAction","target":["https:\/\/sunward.eu\/product\/swe-50uf\/"]}]},{"@type":"ImageObject","inLanguage":"de-DE","@id":"https:\/\/sunward.eu\/product\/swe-50uf\/#primaryimage","url":"https:\/\/sunward.eu\/wp-content\/uploads\/2024\/08\/SWE_50UF_CUT_OUT_MAIN.png","contentUrl":"https:\/\/sunward.eu\/wp-content\/uploads\/2024\/08\/SWE_50UF_CUT_OUT_MAIN.png","width":1000,"height":1000,"caption":"SWE 50UF"},{"@type":"BreadcrumbList","@id":"https:\/\/sunward.eu\/product\/swe-50uf\/#breadcrumb","itemListElement":[{"@type":"ListItem","position":1,"name":"Home","item":"https:\/\/sunward.eu\/"},{"@type":"ListItem","position":2,"name":"Products","item":"https:\/\/sunward.eu\/shop\/"},{"@type":"ListItem","position":3,"name":"Excavators","item":"https:\/\/sunward.eu\/product-category\/excavators\/"},{"@type":"ListItem","position":4,"name":"SWE 50UF"}]},{"@type":"WebSite","@id":"https:\/\/sunward.eu\/#website","url":"https:\/\/sunward.eu\/","name":"Sunward Europe (Official Website for EU &amp; UK)","description":"The smart choice","publisher":{"@id":"https:\/\/sunward.eu\/#organization"},"potentialAction":[{"@type":"SearchAction","target":{"@type":"EntryPoint","urlTemplate":"https:\/\/sunward.eu\/?s={search_term_string}"},"query-input":"required name=search_term_string"}],"inLanguage":"de-DE"},{"@type":"Organization","@id":"https:\/\/sunward.eu\/#organization","name":"Sunward Europe (Official Website for EU &amp; UK)","url":"https:\/\/sunward.eu\/","logo":{"@type":"ImageObject","inLanguage":"de-DE","@id":"https:\/\/sunward.eu\/#\/schema\/logo\/image\/","url":"https:\/\/sunward.eu\/wp-content\/uploads\/2022\/01\/Website_Sunward_logo_top_180x63px.png","contentUrl":"https:\/\/sunward.eu\/wp-content\/uploads\/2022\/01\/Website_Sunward_logo_top_180x63px.png","width":180,"height":63,"caption":"Sunward Europe (Official Website for EU &amp; UK)"},"image":{"@id":"https:\/\/sunward.eu\/#\/schema\/logo\/image\/"}}]}},"_links":{"self":[{"href":"https:\/\/sunward.eu\/de\/wp-json\/wp\/v2\/product\/3508","targetHints":{"allow":["GET"]}}],"collection":[{"href":"https:\/\/sunward.eu\/de\/wp-json\/wp\/v2\/product"}],"about":[{"href":"https:\/\/sunward.eu\/de\/wp-json\/wp\/v2\/types\/product"}],"replies":[{"embeddable":true,"href":"https:\/\/sunward.eu\/de\/wp-json\/wp\/v2\/comments?post=3508"}],"wp:featuredmedia":[{"embeddable":true,"href":"https:\/\/sunward.eu\/de\/wp-json\/wp\/v2\/media\/3645"}],"wp:attachment":[{"href":"https:\/\/sunward.eu\/de\/wp-json\/wp\/v2\/media?parent=3508"}],"wp:term":[{"taxonomy":"product_cat","embeddable":true,"href":"https:\/\/sunward.eu\/de\/wp-json\/wp\/v2\/product_cat?post=3508"},{"taxonomy":"product_tag","embeddable":true,"href":"https:\/\/sunward.eu\/de\/wp-json\/wp\/v2\/product_tag?post=3508"}],"curies":[{"name":"wp","href":"https:\/\/api.w.org\/{rel}","templated":true}]}}