{"id":3068,"date":"2023-04-20T23:22:08","date_gmt":"2023-04-20T21:22:08","guid":{"rendered":"https:\/\/sunward.eu\/?post_type=product&#038;p=3068"},"modified":"2025-07-28T12:56:58","modified_gmt":"2025-07-28T10:56:58","slug":"swa-16je","status":"publish","type":"product","link":"https:\/\/sunward.eu\/de\/product\/swa-16je\/","title":{"rendered":"SWA 16JE"},"content":{"rendered":"<div class=\"wpb-content-wrapper\"><p>[vc_row][vc_column][vc_tta_accordion style=&#8221;flat&#8221; c_icon=&#8221;chevron&#8221; c_position=&#8221;right&#8221; active_section=&#8221;1&#8243; no_fill=&#8221;true&#8221; el_class=&#8221;custom-accordion&#8221;][vc_tta_section title=&#8221;TECHNISCHE DATEN&#8221; tab_id=&#8221;1623355628079-f58b5c44-7c4b&#8221;][vc_custom_heading text=&#8221;SUNWARD SWA 16JE&#8221; font_container=&#8221;tag:h3|text_align:left&#8221; use_theme_fonts=&#8221;yes&#8221;][vc_column_text css=&#8221;&#8221;]Wenn es um die Wahl einer Gelenkb\u00fchne geht, ist die Sunward SWA 16JE zweifelsohne die kluge Wahl. Diese vielseitige Maschine kombiniert herausragende Leistung, \u00fcberlegene Sicherheitsmerkmale und au\u00dfergew\u00f6hnliche Nachhaltigkeit, was sie zum perfekten Werkzeug f\u00fcr eine Vielzahl von Anwendungen macht.<\/p>\n<p>Der zu 100 % elektrisch betriebene SWA16JE ist ger\u00e4uschlos und emissionsfrei. Dank seiner hervorragenden Man\u00f6vrierf\u00e4higkeit kann er im Freien, um Geb\u00e4ude herum, auf stabilen B\u00f6den und an H\u00e4ngen problemlos arbeiten. Durch seine kompakte Gr\u00f6\u00dfe ist er ideal f\u00fcr den Einsatz in Innenr\u00e4umen geeignet, da er auch auf engem Raum leicht man\u00f6vrieren kann.<\/p>\n<p>Neben seiner beeindruckenden Leistung wurde der SWA 16JE auch im Hinblick auf eine einfache Wartung konzipiert, um Ausfallzeiten zu reduzieren und eine maximale Betriebszeit zu gew\u00e4hrleisten. Und mit seinen niedrigen Gesamtbetriebskosten ist diese Maschine eine kosteneffiziente Investition, die sich \u00fcber Jahre hinweg auszahlen wird.<\/p>\n<p>Aber vielleicht am wichtigsten ist, dass beim SWA 16JE die Sicherheit an erster Stelle steht. Seine fortschrittlichen Sicherheitsfunktionen, wie z. B. das Anti-Kipp-System und das Notabsenkungsventil, geben sowohl dem Bediener als auch den Umstehenden Sicherheit. Mit dem SWA 16JE k\u00f6nnen Sie sich auf Ihre Arbeit konzentrieren, denn Sie wissen, dass Ihnen eine zuverl\u00e4ssige, sichere und effiziente Maschine zur Verf\u00fcgung steht.<\/p>\n<p>Und wenn Sie die niedrigen Gesamtbetriebskosten in Betracht ziehen, wird die Entscheidung noch deutlicher.<\/p>\n<p>Wenn Sie also intelligenter und nicht h\u00e4rter arbeiten wollen, entscheiden Sie sich f\u00fcr die Sunward SWA 16JE-Gelenk-Arbeitsb\u00fchne &#8211; die intelligente Wahl f\u00fcr jede Aufgabe.<\/p>\n<p>Entdecken Sie alle weiteren Vorteile des Sunward SWA 16JE.[\/vc_column_text][vc_row_inner][vc_column_inner width=&#8221;1\/2&#8243;][vc_toggle title=&#8221;TECHNISCHE DATEN REICHWEITE&#8221; css=&#8221;&#8221;]<\/p>\n<table width=\"655\">\n<tbody>\n<tr>\n<td width=\"417\">Max. Arbeitsb\u00fchnenh\u00f6he<\/td>\n<td width=\"238\">13.8 m<\/td>\n<\/tr>\n<tr>\n<td width=\"417\">Max. Arbeitsh\u00f6he<\/td>\n<td>15.8 m<\/td>\n<\/tr>\n<tr>\n<td width=\"417\">Maximale horizontale Reichweite<\/td>\n<td>7.74 m<\/td>\n<\/tr>\n<tr>\n<td width=\"417\">Maximale H\u00f6he der horizontalen Reichweite<\/td>\n<td>7.6 m<\/td>\n<\/tr>\n<\/tbody>\n<\/table>\n<p>[\/vc_toggle][vc_toggle title=&#8221;ABMESSUNGEN&#8221; css=&#8221;&#8221;]<\/p>\n<table width=\"655\">\n<tbody>\n<tr>\n<td width=\"417\">L\u00e4nge &#8211; eingefahren<\/td>\n<td width=\"238\">6.63 m<\/td>\n<\/tr>\n<tr>\n<td>H\u00f6he &#8211; eingefahren<\/td>\n<td>2.13 m<\/td>\n<\/tr>\n<tr>\n<td>Gesamtbreite<\/td>\n<td>1.75 m<\/td>\n<\/tr>\n<tr>\n<td>Bodenfreiheit &#8211; mittelwert<\/td>\n<td>0.2 m<\/td>\n<\/tr>\n<tr>\n<td>L\u00e4nge der Arbeitsb\u00fchne<\/td>\n<td>1.52 m<\/td>\n<\/tr>\n<\/tbody>\n<\/table>\n<p>[\/vc_toggle][vc_toggle title=&#8221;LEISTUNGSDATEN&#8221; css=&#8221;&#8221;]<\/p>\n<table width=\"655\">\n<tbody>\n<tr>\n<td width=\"417\">Drehung der Plattform<\/td>\n<td width=\"238\">180\u00b0<\/td>\n<\/tr>\n<tr>\n<td>Fahrgeschwindigkeit (eingefahren)<\/td>\n<td>5.2 km\/h<\/td>\n<\/tr>\n<tr>\n<td>Fahrgeschwindigkeit (ausgefahren)<\/td>\n<td>0.8 km\/h<\/td>\n<\/tr>\n<tr>\n<td>Wenderadius (innen\/au\u00dfen)<\/td>\n<td>1.15 m \/ 3.58 m<\/td>\n<\/tr>\n<tr>\n<td>Steigf\u00e4higkeit &#8211; Allradantrieb &#8211; eingefahren<\/td>\n<td>30%<\/td>\n<\/tr>\n<tr>\n<td>Maximal zul\u00e4ssiger Arbeitswinkel<\/td>\n<td>3\u00b0<\/td>\n<\/tr>\n<\/tbody>\n<\/table>\n<p>[\/vc_toggle][\/vc_column_inner][vc_column_inner width=&#8221;1\/2&#8243;][\/vc_column_inner][\/vc_row_inner][\/vc_tta_section][vc_tta_section title=&#8221;MERKMALE UND VORTEILE&#8221; tab_id=&#8221;1623355710952-d36b50a3-81ed&#8221;][vc_row_inner][vc_column_inner width=&#8221;1\/4&#8243;][vc_single_image image=&#8221;1070&#8243; img_size=&#8221;medium&#8221;][\/vc_column_inner][vc_column_inner width=&#8221;3\/4&#8243;][vc_custom_heading text=&#8221;F\u00dcR EUROPA KONZIPIERT&#8221; font_container=&#8221;tag:h3|text_align:left&#8221; use_theme_fonts=&#8221;yes&#8221; css=&#8221;&#8221;][vc_column_text css=&#8221;&#8221;]Zus\u00e4tzlich zu seiner EU-Zertifizierung ist der Sunward SWA 16JE, wie alle Sunward-Maschinen auf dem europ\u00e4ischen Markt, auf die Bed\u00fcrfnisse der europ\u00e4ischen Kunden zugeschnitten.[\/vc_column_text][\/vc_column_inner][\/vc_row_inner][vc_row_inner][vc_column_inner width=&#8221;1\/4&#8243;][vc_single_image image=&#8221;1205&#8243; img_size=&#8221;medium&#8221;][\/vc_column_inner][vc_column_inner width=&#8221;3\/4&#8243;][vc_custom_heading text=&#8221;SICHERHEIT HAT VORRANG&#8221; font_container=&#8221;tag:h3|text_align:left&#8221; use_theme_fonts=&#8221;yes&#8221; css=&#8221;&#8221;][vc_column_text css=&#8221;&#8221;]Bei der SWA 16JE steht die Sicherheit an erster Stelle.<\/p>\n<p>Seine fortschrittlichen Sicherheitsfunktionen, wie das Anti-Kipp-System und das Notabsenkungsventil, sorgen daf\u00fcr, dass sowohl Bediener als auch Passanten beruhigt sein k\u00f6nnen. Mit dem SWA 16JE k\u00f6nnen Sie sich auf Ihre Arbeit konzentrieren, da Sie wissen, dass Sie eine zuverl\u00e4ssige, sichere und effiziente Maschine haben.<\/p>\n<p>Und wenn Sie seine niedrigen Gesamtbetriebskosten in Betracht ziehen, wird die Entscheidung noch klarer.[\/vc_column_text][\/vc_column_inner][\/vc_row_inner][vc_row_inner][vc_column_inner width=&#8221;1\/4&#8243;][vc_single_image image=&#8221;1071&#8243; img_size=&#8221;medium&#8221;][\/vc_column_inner][vc_column_inner width=&#8221;3\/4&#8243;][vc_custom_heading text=&#8221;BESTES PREIS-LEISTUNGS-VERH\u00c4LTNIS&#8221; font_container=&#8221;tag:h3|text_align:left&#8221; use_theme_fonts=&#8221;yes&#8221; css=&#8221;&#8221;][vc_column_text css=&#8221;&#8221;]Sunward ist Ihre kl\u00fcgste Investition in Zuverl\u00e4ssigkeit, Leistung und hohen ROI. Das fachm\u00e4nnische Design des SWA 16JE umfasst eine gut durchdachte Auswahl an Komponenten, die den Betrieb und die Wartung rationalisieren. Unsere Konstruktionsentscheidungen resultieren in einer Maschine, die so viele Standardfunktionen, Schl\u00fcsselkomponenten der Premiummarke und F\u00e4higkeiten zum richtigen Preis bietet.<\/p>\n<p>Dar\u00fcber hinaus sind die Sunward-eigenen Original-Ersatzteile ebenfalls wirtschaftlich &#8211; und all dieses beste Preis-Leistungs-Verh\u00e4ltnis wird durch eine bis zu 2-j\u00e4hrige Garantie gekr\u00f6nt, die f\u00fcr alle Sunward-Hubarbeitsb\u00fchnen Standard ist.[\/vc_column_text][\/vc_column_inner][\/vc_row_inner][\/vc_tta_section][vc_tta_section title=&#8221;VIDEO&#8221; tab_id=&#8221;1623857706491-8aa3a03f-cca1&#8243;][\/vc_tta_section][vc_tta_section title=&#8221;BROCHURE&#8221; tab_id=&#8221;1623857795794-8fd5289e-c5a3&#8243;][vc_row_inner content_placement=&#8221;middle&#8221;][vc_column_inner width=&#8221;1\/4&#8243;][vc_single_image image=&#8221;3151&#8243; img_size=&#8221;large&#8221;][\/vc_column_inner][vc_column_inner width=&#8221;3\/4&#8243;][vc_custom_heading text=&#8221;Product brochure&#8221; font_container=&#8221;tag:h3|text_align:left&#8221; use_theme_fonts=&#8221;yes&#8221;][vc_btn title=&#8221;DOWNLOAD&#8221; color=&#8221;orange&#8221; size=&#8221;lg&#8221; css=&#8221;&#8221; link=&#8221;url:https%3A%2F%2Fsunward.eu%2Fwp-content%2Fuploads%2F2025%2F03%2FSUNWARD_SWA_16JE_FINAL_HR_DE.pdf|title:Sunward%20SWA%2016JE%20Specifications|target:_blank&#8221;][\/vc_column_inner][\/vc_row_inner][\/vc_tta_section][\/vc_tta_accordion][\/vc_column][\/vc_row]<\/p>\n<\/div>","protected":false},"excerpt":{"rendered":"<p>Wenn es um die Wahl einer Gelenkb\u00fchne geht, ist die Sunward SWA 16JE zweifelsohne die kluge Wahl. Diese vielseitige Maschine kombiniert hervorragende Leistung, \u00fcberlegene Sicherheitsmerkmale und au\u00dfergew\u00f6hnliche Nachhaltigkeit und ist damit das perfekte Werkzeug f\u00fcr eine Vielzahl von Anwendungen. [&#8230;]<\/p>\n<p><a class=\"btn btn-secondary understrap-read-more-link\" href=\"https:\/\/sunward.eu\/de\/product\/swa-16je\/\">Weiterlesen&#8230;<\/a><\/p>\n","protected":false},"featured_media":3065,"comment_status":"closed","ping_status":"closed","template":"","meta":{"_acf_changed":false,"inline_featured_image":false},"product_cat":[126],"product_tag":[],"class_list":{"0":"post-3068","1":"product","2":"type-product","3":"status-publish","4":"has-post-thumbnail","6":"product_cat-articulated-boom-lift","7":"pa_emission-rating-eu-stage-5","8":"pa_max-digging-depth-6-750-mm","9":"pa_max-working-height-15-8-m","10":"pa_operating-weight-7-750-kg","11":"pa_power-output-129-kw","12":"pa_width-2800-mm","14":"first","15":"instock","16":"shipping-taxable","17":"product-type-simple"},"translation":{"provider":"WPGlobus","version":"2.12.2","language":"de","enabled_languages":["en","de","fr","it"],"languages":{"en":{"title":true,"content":true,"excerpt":true},"de":{"title":true,"content":true,"excerpt":true},"fr":{"title":true,"content":true,"excerpt":true},"it":{"title":true,"content":true,"excerpt":true}}},"acf":[],"yoast_head":"<!-- This site is optimized with the Yoast SEO plugin v22.6 - https:\/\/yoast.com\/wordpress\/plugins\/seo\/ -->\n<title>SWA 16JE - Sunward Europe (Official Website for EU &amp; UK)<\/title>\n<meta name=\"robots\" content=\"index, follow, max-snippet:-1, max-image-preview:large, max-video-preview:-1\" \/>\n<link rel=\"canonical\" href=\"https:\/\/sunward.eu\/product\/swa-16je\/\" \/>\n<meta property=\"og:locale\" content=\"de_DE\" \/>\n<meta property=\"og:type\" content=\"article\" \/>\n<meta property=\"og:title\" content=\"SWA 16JE - Sunward Europe (Official Website for EU &amp; UK)\" \/>\n<meta property=\"og:url\" content=\"https:\/\/sunward.eu\/product\/swa-16je\/\" \/>\n<meta property=\"og:site_name\" content=\"Sunward Europe (Official Website for EU &amp; UK)\" \/>\n<meta property=\"article:modified_time\" content=\"2025-07-28T10:56:58+00:00\" \/>\n<meta property=\"og:image\" content=\"https:\/\/sunward.eu\/wp-content\/uploads\/2023\/04\/WEBSITE-CATEGORY-ARTICULATED-BOOM-LIFT.png\" \/>\n\t<meta property=\"og:image:width\" content=\"319\" \/>\n\t<meta property=\"og:image:height\" content=\"318\" \/>\n\t<meta property=\"og:image:type\" content=\"image\/png\" \/>\n<meta name=\"twitter:card\" content=\"summary_large_image\" \/>\n<meta name=\"twitter:label1\" content=\"Est. reading time\" \/>\n\t<meta name=\"twitter:data1\" content=\"3 minutes\" \/>\n<script type=\"application\/ld+json\" class=\"yoast-schema-graph\">{\"@context\":\"https:\/\/schema.org\",\"@graph\":[{\"@type\":\"WebPage\",\"@id\":\"https:\/\/sunward.eu\/product\/swa-16je\/\",\"url\":\"https:\/\/sunward.eu\/product\/swa-16je\/\",\"name\":\"SWA 16JE - Sunward Europe (Official Website for EU &amp; UK)\",\"isPartOf\":{\"@id\":\"https:\/\/sunward.eu\/#website\"},\"primaryImageOfPage\":{\"@id\":\"https:\/\/sunward.eu\/product\/swa-16je\/#primaryimage\"},\"image\":{\"@id\":\"https:\/\/sunward.eu\/product\/swa-16je\/#primaryimage\"},\"thumbnailUrl\":\"https:\/\/sunward.eu\/wp-content\/uploads\/2023\/04\/WEBSITE-CATEGORY-ARTICULATED-BOOM-LIFT.png\",\"datePublished\":\"2023-04-20T21:22:08+00:00\",\"dateModified\":\"2025-07-28T10:56:58+00:00\",\"breadcrumb\":{\"@id\":\"https:\/\/sunward.eu\/product\/swa-16je\/#breadcrumb\"},\"inLanguage\":\"de-DE\",\"potentialAction\":[{\"@type\":\"ReadAction\",\"target\":[\"https:\/\/sunward.eu\/product\/swa-16je\/\"]}]},{\"@type\":\"ImageObject\",\"inLanguage\":\"de-DE\",\"@id\":\"https:\/\/sunward.eu\/product\/swa-16je\/#primaryimage\",\"url\":\"https:\/\/sunward.eu\/wp-content\/uploads\/2023\/04\/WEBSITE-CATEGORY-ARTICULATED-BOOM-LIFT.png\",\"contentUrl\":\"https:\/\/sunward.eu\/wp-content\/uploads\/2023\/04\/WEBSITE-CATEGORY-ARTICULATED-BOOM-LIFT.png\",\"width\":319,\"height\":318,\"caption\":\"Sunward Articulated Boom Lift\"},{\"@type\":\"BreadcrumbList\",\"@id\":\"https:\/\/sunward.eu\/product\/swa-16je\/#breadcrumb\",\"itemListElement\":[{\"@type\":\"ListItem\",\"position\":1,\"name\":\"Home\",\"item\":\"https:\/\/sunward.eu\/\"},{\"@type\":\"ListItem\",\"position\":2,\"name\":\"Products\",\"item\":\"https:\/\/sunward.eu\/shop\/\"},{\"@type\":\"ListItem\",\"position\":3,\"name\":\"{:en}Articulated Boom Lifts{:}{:de}Gelenkarbeitsbuehnen{:}{:fr}Nacelles articul\u00e9es{:}{:it}Piattaforme aeree articolate{:}\",\"item\":\"https:\/\/sunward.eu\/product-category\/articulated-boom-lift\/\"},{\"@type\":\"ListItem\",\"position\":4,\"name\":\"SWA 16JE\"}]},{\"@type\":\"WebSite\",\"@id\":\"https:\/\/sunward.eu\/#website\",\"url\":\"https:\/\/sunward.eu\/\",\"name\":\"Sunward Europe (Official Website for EU &amp; UK)\",\"description\":\"The smart choice\",\"publisher\":{\"@id\":\"https:\/\/sunward.eu\/#organization\"},\"potentialAction\":[{\"@type\":\"SearchAction\",\"target\":{\"@type\":\"EntryPoint\",\"urlTemplate\":\"https:\/\/sunward.eu\/?s={search_term_string}\"},\"query-input\":\"required name=search_term_string\"}],\"inLanguage\":\"de-DE\"},{\"@type\":\"Organization\",\"@id\":\"https:\/\/sunward.eu\/#organization\",\"name\":\"Sunward Europe (Official Website for EU &amp; UK)\",\"url\":\"https:\/\/sunward.eu\/\",\"logo\":{\"@type\":\"ImageObject\",\"inLanguage\":\"de-DE\",\"@id\":\"https:\/\/sunward.eu\/#\/schema\/logo\/image\/\",\"url\":\"https:\/\/sunward.eu\/wp-content\/uploads\/2022\/01\/Website_Sunward_logo_top_180x63px.png\",\"contentUrl\":\"https:\/\/sunward.eu\/wp-content\/uploads\/2022\/01\/Website_Sunward_logo_top_180x63px.png\",\"width\":180,\"height\":63,\"caption\":\"Sunward Europe (Official Website for EU &amp; UK)\"},\"image\":{\"@id\":\"https:\/\/sunward.eu\/#\/schema\/logo\/image\/\"}}]}<\/script>\n<!-- \/ Yoast SEO plugin. -->","yoast_head_json":{"title":"SWA 16JE - Sunward Europe (Official Website for EU &amp; UK)","robots":{"index":"index","follow":"follow","max-snippet":"max-snippet:-1","max-image-preview":"max-image-preview:large","max-video-preview":"max-video-preview:-1"},"canonical":"https:\/\/sunward.eu\/product\/swa-16je\/","og_locale":"de_DE","og_type":"article","og_title":"SWA 16JE - Sunward Europe (Official Website for EU &amp; UK)","og_url":"https:\/\/sunward.eu\/product\/swa-16je\/","og_site_name":"Sunward Europe (Official Website for EU &amp; UK)","article_modified_time":"2025-07-28T10:56:58+00:00","og_image":[{"width":319,"height":318,"url":"https:\/\/sunward.eu\/wp-content\/uploads\/2023\/04\/WEBSITE-CATEGORY-ARTICULATED-BOOM-LIFT.png","type":"image\/png"}],"twitter_card":"summary_large_image","twitter_misc":{"Est. reading time":"3 minutes"},"schema":{"@context":"https:\/\/schema.org","@graph":[{"@type":"WebPage","@id":"https:\/\/sunward.eu\/product\/swa-16je\/","url":"https:\/\/sunward.eu\/product\/swa-16je\/","name":"SWA 16JE - Sunward Europe (Official Website for EU &amp; UK)","isPartOf":{"@id":"https:\/\/sunward.eu\/#website"},"primaryImageOfPage":{"@id":"https:\/\/sunward.eu\/product\/swa-16je\/#primaryimage"},"image":{"@id":"https:\/\/sunward.eu\/product\/swa-16je\/#primaryimage"},"thumbnailUrl":"https:\/\/sunward.eu\/wp-content\/uploads\/2023\/04\/WEBSITE-CATEGORY-ARTICULATED-BOOM-LIFT.png","datePublished":"2023-04-20T21:22:08+00:00","dateModified":"2025-07-28T10:56:58+00:00","breadcrumb":{"@id":"https:\/\/sunward.eu\/product\/swa-16je\/#breadcrumb"},"inLanguage":"de-DE","potentialAction":[{"@type":"ReadAction","target":["https:\/\/sunward.eu\/product\/swa-16je\/"]}]},{"@type":"ImageObject","inLanguage":"de-DE","@id":"https:\/\/sunward.eu\/product\/swa-16je\/#primaryimage","url":"https:\/\/sunward.eu\/wp-content\/uploads\/2023\/04\/WEBSITE-CATEGORY-ARTICULATED-BOOM-LIFT.png","contentUrl":"https:\/\/sunward.eu\/wp-content\/uploads\/2023\/04\/WEBSITE-CATEGORY-ARTICULATED-BOOM-LIFT.png","width":319,"height":318,"caption":"Sunward Articulated Boom Lift"},{"@type":"BreadcrumbList","@id":"https:\/\/sunward.eu\/product\/swa-16je\/#breadcrumb","itemListElement":[{"@type":"ListItem","position":1,"name":"Home","item":"https:\/\/sunward.eu\/"},{"@type":"ListItem","position":2,"name":"Products","item":"https:\/\/sunward.eu\/shop\/"},{"@type":"ListItem","position":3,"name":"{:en}Articulated Boom Lifts{:}{:de}Gelenkarbeitsbuehnen{:}{:fr}Nacelles articul\u00e9es{:}{:it}Piattaforme aeree articolate{:}","item":"https:\/\/sunward.eu\/product-category\/articulated-boom-lift\/"},{"@type":"ListItem","position":4,"name":"SWA 16JE"}]},{"@type":"WebSite","@id":"https:\/\/sunward.eu\/#website","url":"https:\/\/sunward.eu\/","name":"Sunward Europe (Official Website for EU &amp; UK)","description":"The smart choice","publisher":{"@id":"https:\/\/sunward.eu\/#organization"},"potentialAction":[{"@type":"SearchAction","target":{"@type":"EntryPoint","urlTemplate":"https:\/\/sunward.eu\/?s={search_term_string}"},"query-input":"required name=search_term_string"}],"inLanguage":"de-DE"},{"@type":"Organization","@id":"https:\/\/sunward.eu\/#organization","name":"Sunward Europe (Official Website for EU &amp; UK)","url":"https:\/\/sunward.eu\/","logo":{"@type":"ImageObject","inLanguage":"de-DE","@id":"https:\/\/sunward.eu\/#\/schema\/logo\/image\/","url":"https:\/\/sunward.eu\/wp-content\/uploads\/2022\/01\/Website_Sunward_logo_top_180x63px.png","contentUrl":"https:\/\/sunward.eu\/wp-content\/uploads\/2022\/01\/Website_Sunward_logo_top_180x63px.png","width":180,"height":63,"caption":"Sunward Europe (Official Website for EU &amp; UK)"},"image":{"@id":"https:\/\/sunward.eu\/#\/schema\/logo\/image\/"}}]}},"_links":{"self":[{"href":"https:\/\/sunward.eu\/de\/wp-json\/wp\/v2\/product\/3068","targetHints":{"allow":["GET"]}}],"collection":[{"href":"https:\/\/sunward.eu\/de\/wp-json\/wp\/v2\/product"}],"about":[{"href":"https:\/\/sunward.eu\/de\/wp-json\/wp\/v2\/types\/product"}],"replies":[{"embeddable":true,"href":"https:\/\/sunward.eu\/de\/wp-json\/wp\/v2\/comments?post=3068"}],"wp:featuredmedia":[{"embeddable":true,"href":"https:\/\/sunward.eu\/de\/wp-json\/wp\/v2\/media\/3065"}],"wp:attachment":[{"href":"https:\/\/sunward.eu\/de\/wp-json\/wp\/v2\/media?parent=3068"}],"wp:term":[{"taxonomy":"product_cat","embeddable":true,"href":"https:\/\/sunward.eu\/de\/wp-json\/wp\/v2\/product_cat?post=3068"},{"taxonomy":"product_tag","embeddable":true,"href":"https:\/\/sunward.eu\/de\/wp-json\/wp\/v2\/product_tag?post=3068"}],"curies":[{"name":"wp","href":"https:\/\/api.w.org\/{rel}","templated":true}]}}